{"id":18481,"date":"2024-09-30T16:48:44","date_gmt":"2024-09-30T09:48:44","guid":{"rendered":"https:\/\/amafurni.vn\/?page_id=18481"},"modified":"2024-11-04T15:05:01","modified_gmt":"2024-11-04T08:05:01","slug":"chinh-sach-mua-hang","status":"publish","type":"page","link":"https:\/\/amafurni.vn\/en\/chinh-sach-mua-hang\/","title":{"rendered":"H\u01b0\u1edbng d\u1eabn mua h\u00e0ng"},"content":{"rendered":"<p><img fetchpriority=\"high\" decoding=\"async\" class=\"aligncenter size-full wp-image-18721\" src=\"https:\/\/amafurni.vn\/wp-content\/uploads\/2024\/10\/12.jpg\" alt=\"\" width=\"1000\" height=\"1000\" srcset=\"https:\/\/amafurni.vn\/wp-content\/uploads\/2024\/10\/12.jpg 1000w, https:\/\/amafurni.vn\/wp-content\/uploads\/2024\/10\/12-300x300.jpg 300w, https:\/\/amafurni.vn\/wp-content\/uploads\/2024\/10\/12-150x150.jpg 150w, https:\/\/amafurni.vn\/wp-content\/uploads\/2024\/10\/12-768x768.jpg 768w, https:\/\/amafurni.vn\/wp-content\/uploads\/2024\/10\/12-12x12.jpg 12w, https:\/\/amafurni.vn\/wp-content\/uploads\/2024\/10\/12-600x600.jpg 600w, https:\/\/amafurni.vn\/wp-content\/uploads\/2024\/10\/12-122x122.jpg 122w, https:\/\/amafurni.vn\/wp-content\/uploads\/2024\/10\/12-50x50.jpg 50w, https:\/\/amafurni.vn\/wp-content\/uploads\/2024\/10\/12-100x100.jpg 100w\" sizes=\"(max-width: 1000px) 100vw, 1000px\" \/><\/p>\n<p>H\u01af\u1edaNG D\u1eaaN MUA H\u00c0NG TA\u0323I AMA FURNITURE<\/p>\n<ul>\n<li>AMA FURNITURE xin tr\u00e2n tr\u1ecdng c\u00e1m \u01a1n qu\u00fd kh\u00e1ch h\u00e0ng \u0111\u00e3 quan t\u00e2m \u0111\u1ebfn s\u1ea3n ph\u1ea9m c\u1ee7a ch\u00fang t\u00f4i.<\/li>\n<li>Kh\u00e1ch h\u00e0ng \u0111\u1eb7t s\u1ea3n ph\u1ea9m c\u1ee7a c\u00f4ng ty theo 2 ph\u01b0\u01a1ng th\u1ee9c ch\u00ednh th\u1ed1ng:<\/li>\n<\/ul>\n<p>\u2013 Tr\u1ef1c ti\u1ebfp : Qu\u00fd kh\u00e1ch h\u00e0ng c\u00f3 th\u1ec3 t\u1edbi \u0111\u1ecba ch\u1ec9 giao d\u1ecbch duy nh\u1ea5t c\u1ee7a c\u00f4ng ty t\u1ea1i: 215 T\u00e2n S\u01a1n, P.15, Q.T\u00e2n B\u00ecnh, TP.HCM<\/p>\n<p>\u2013 \u0110\u1eb7t h\u00e0ng qua M\u1ea1ng x\u00e3 h\u1ed9i v\u00e0 S\u00e0n th\u01b0\u01a1ng m\u1ea1i \u0111i\u1ec7n t\u1eed<\/p>\n<p>Qu\u00fd kh\u00e1ch c\u00f3 th\u1ec3 Chat tr\u1ef1c ti\u1ebfp v\u1edbi https:\/\/amafurni.vn\/ c\u00e1c ti\u1ec7n \u00edch Zalo, Facebook, Tiktok, Shoppe \u0111\u1ec3 \u0111\u1eb7t h\u00e0ng. Khi nh\u1eafn tin \u0111\u1eb7t h\u00e0ng vui l\u00f2ng nh\u1eafn r\u00f5: m\u00e3 s\u1ea3n ph\u1ea9m, s\u1ed1 \u0111i\u1ec7n tho\u1ea1i v\u00e0 \u0111\u1ecba ch\u1ec9 nh\u1eadn h\u00e0ng, ghi ch\u00fa n\u1ebfu c\u00f3.<\/p>\n<p>B\u01b0\u1edbc 1:<\/p>\n<p>Qu\u00fd kh\u00e1ch h\u00e0ng c\u00f3 th\u1ec3 tham kh\u1ea3o : h\u00ecnh \u1ea3nh,m\u00e0u s\u1eafc \u00fd ngh\u0129a chi ti\u1ebft, gi\u00e1 c\u1ea3,\u2026 c\u1ee7a s\u1ea3n ph\u1ea9m th\u00f4ng qua website https:\/\/amafurni.vn\/<\/p>\n<p>B\u01b0\u1edbc 2:<\/p>\n<p>Qu\u00fd kh\u00e1ch c\u1ea7n ghi nh\u1edb t\u00ean, m\u00e3 s\u1ea3n ph\u1ea9m c\u1ea7n mua, gi\u00e1 b\u00e1n c\u1ee7a s\u1ea3n ph\u1ea9m \u0111\u00f3.<\/p>\n<p>Sau \u0111\u00f3, qu\u00fd kh\u00e1ch vui l\u00f2ng li\u00ean h\u1ec7 qua c\u00e1c s\u1ed1 \u0111i\u1ec7n tho\u1ea1i : hotline :0906 963 408 &#8211; 093 668 0717 \u0111\u1ec3 ch\u00fang t\u00f4i ghi nh\u1eadn th\u00f4ng tin \u0111\u1eb7t h\u00e0ng (th\u1eddi gian, \u0111\u1ecba \u0111i\u1ec3m giao h\u00e0ng,\u2026.)<\/p>\n<p>\u0110\u01a1n \u0111\u1eb7t h\u00e0ng c\u1ee7a Qu\u00fd kh\u00e1ch ngay l\u1eadp t\u1ee9c \u0111\u01b0\u1ee3c chuy\u1ec3n \u0111\u1ebfn b\u1ed9 ph\u1eadn Kinh doanh, ch\u00fang t\u00f4i s\u1ebd tr\u1ea3 l\u1eddi Qu\u00fd kh\u00e1ch qua s\u1ed1 \u0111i\u1ec7n tho\u1ea1i Qu\u00fd kh\u00e1ch cung c\u1ea5p \u0111\u1ec3 x\u00e1c nh\u1eadn th\u00f4ng tin \u0111\u1eb7t h\u00e0ng v\u00e0 tr\u1ea3 l\u1eddi c\u00e1c c\u00e2u h\u1ecfi m\u1ed9t c\u00e1ch nhanh nh\u1ea5t.<\/p>\n<p>B\u01b0\u1edbc 3:<\/p>\n<p>\u0110\u1ed1i v\u1edbi Qu\u00fd kh\u00e1ch h\u00e0ng mua h\u00e0ng kh\u00f4ng thu\u1ed9c ph\u1ea1m vi n\u1ed9i th\u00e0nh TP.HCM, Qu\u00fd kh\u00e1ch h\u00e0ng vui l\u00f2ng chuy\u1ec3n kho\u1ea3n ti\u1ec1n thanh to\u00e1n v\u00e0o m\u1ed9t trong c\u00e1c t\u00e0i kho\u1ea3n c\u1ee7a c\u00f4ng ty ch\u00fang t\u00f4i theo h\u00ecnh th\u1ee9c nh\u01b0 sau:<\/p>\n<p>\u2013 Thanh to\u00e1n tr\u01b0\u1edbc 100% gi\u00e1 tr\u1ecb \u0111\u01a1n h\u00e0ng: Thanh to\u00e1n tr\u01b0\u1edbc 100% qua t\u00e0i kho\u1ea3n ng\u00e2n h\u00e0ng, b\u1ebfn xe, ch\u00e0nh xe\u2026<\/p>\n<p>\u2013 N\u1ebfu thu\u1ed9c v\u00f9ng n\u1eb1m trong quy \u0111\u1ecbnh v\u00f9ng xa : thanh to\u00e1n \u0111\u1eb7t c\u1ecdc 1 ph\u1ea7n gi\u00e1 tr\u1ecb \u0111\u01a1n h\u00e0ng : lo\u1ea1i thanh to\u00e1n n\u00e0y ch\u1ec9 s\u1eed d\u1ee5ng khi d\u1ecbch v\u1ee5 chuy\u1ec3n ph\u00e1t c\u00f3 thu h\u1ed9 ti\u1ec1n. Thanh to\u00e1n tr\u01b0\u1edbc chi ph\u00ed g\u1eedi v\u00e0 tr\u1ea3 h\u00e0ng 200.000 \u0111\u1ebfn 500.000 vn\u0111 t\u00f9y thu\u1ed9c v\u00e0o c\u00e2n n\u1eb7ng v\u00e0 gi\u00e1 tr\u1ecb c\u1ee7a t\u1eebng m\u1eb7t h\u00e0ng. N\u1ebfu kh\u00e1ch h\u00e0ng \u0111\u1ed5i \u00fd kh\u00f4ng nh\u1eadn h\u00e0ng s\u1ebd m\u1ea5t ti\u1ec1n \u0111\u1eb7t c\u1ecdc. Ph\u1ea7n ti\u1ec1n c\u00f2n l\u1ea1i s\u1ebd tr\u1ea3 cho nh\u00e2n vi\u00ean thu h\u1ed9 khi b\u00ean c\u00f4ng ty g\u1eedi h\u00e0ng. Ngo\u00e0i ra, kh\u00e1ch h\u00e0ng c\u00f2n ph\u1ea3i ch\u1ecbu th\u00eam ti\u1ec1n thu h\u1ed9 do \u0111\u01a1n v\u1ecb v\u1eadn chuy\u1ec3n (b\u00ean th\u1ee9 3) thu.<\/p>\n<p>B\u01b0\u1edbc 4:<\/p>\n<p>Sau khi chuy\u1ec3n ti\u1ec1n cho ch\u00fang t\u00f4i \u0111\u1ec1 ngh\u1ecb Qu\u00fd kh\u00e1ch h\u00e0ng th\u00f4ng b\u00e1o cho ch\u00fang t\u00f4i qua c\u00e1c s\u1ed1 \u0111i\u1ec7n tho\u1ea1i:<\/p>\n<p>Hotline : \u00a0093 668 0717 ho\u1eb7c qua \u0111\u1ecba ch\u1ec9 Email : Ama.Furni@Gmail.Com<\/p>\n<p>N\u1ed9i dung mua s\u1ea3n ph\u1ea9m v\u00e0 s\u1ed1 ti\u1ec1n mua h\u00e0ng, \u0111\u1ecba ch\u1ec9 nh\u1eadn h\u00e0ng \u0111\u1ec3 ch\u00fang t\u00f4i c\u00f3 th\u1ec3 \u0111\u00f3ng g\u00f3i v\u00e0 chuy\u1ec3n h\u00e0ng cho qu\u00fd kh\u00e1ch nhanh nh\u1ea5t. Ngay khi nh\u1eadn \u0111\u01b0\u1ee3c ti\u1ec1n, ch\u00fang t\u00f4i s\u1ebd ti\u1ebfn h\u00e0nh xu\u1ea5t h\u00e0ng &amp; g\u1eedi h\u00e0ng ngay cho qu\u00fd kh\u00e1ch theo \u0111\u01b0\u1eddng chuy\u1ec3n ph\u00e1t nhanh.<\/p>","protected":false},"excerpt":{"rendered":"<p>H\u01af\u1edaNG D\u1eaaN MUA H\u00c0NG TA\u0323I AMA FURNITURE AMA FURNITURE xin tr\u00e2n tr\u1ecdng c\u00e1m \u01a1n qu\u00fd kh\u00e1ch h\u00e0ng \u0111\u00e3 quan t\u00e2m \u0111\u1ebfn s\u1ea3n ph\u1ea9m c\u1ee7a ch\u00fang t\u00f4i. Kh\u00e1ch h\u00e0ng \u0111\u1eb7t s\u1ea3n ph\u1ea9m c\u1ee7a c\u00f4ng ty theo 2 ph\u01b0\u01a1ng th\u1ee9c ch\u00ednh th\u1ed1ng: \u2013 Tr\u1ef1c ti\u1ebfp : Qu\u00fd kh\u00e1ch h\u00e0ng c\u00f3 th\u1ec3 t\u1edbi \u0111\u1ecba ch\u1ec9 giao d\u1ecbch duy [&hellip;]<\/p>","protected":false},"author":5,"featured_media":0,"parent":0,"menu_order":0,"comment_status":"closed","ping_status":"closed","template":"","meta":{"footnotes":""},"yoast_head":"<!-- This site is optimized with the Yoast SEO Premium plugin v21.7 (Yoast SEO v21.7) - https:\/\/yoast.com\/wordpress\/plugins\/seo\/ -->\n<title>H\u01b0\u1edbng d\u1eabn mua h\u00e0ng - AMAFURNI<\/title>\n<meta name=\"description\" content=\"\u2013 Tr\u1ef1c ti\u1ebfp : Qu\u00fd kh\u00e1ch h\u00e0ng c\u00f3 th\u1ec3 t\u1edbi \u0111\u1ecba ch\u1ec9 giao d\u1ecbch duy nh\u1ea5t c\u1ee7a c\u00f4ng ty t\u1ea1i: 215 T\u00e2n S\u01a1n, P.15, Q.T\u00e2n B\u00ecnh, TP.HCM\u2013 \u0110\u1eb7t h\u00e0ng qua M\u1ea1ng x\u00e3 h\u1ed9i v\u00e0 S\u00e0n th\u01b0\u01a1ng m\u1ea1i \u0111i\u1ec7n t\u1eedQu\u00fd kh\u00e1ch c\u00f3 th\u1ec3 Chat tr\u1ef1c ti\u1ebfp v\u1edbi https:\/\/amafurni.vn\/ c\u00e1c ti\u1ec7n \u00edch Zalo, Facebook, Tiktok, Shoppe \u0111\u1ec3 \u0111\u1eb7t h\u00e0ng. Khi nh\u1eafn tin \u0111\u1eb7t h\u00e0ng vui l\u00f2ng nh\u1eafn r\u00f5: m\u00e3 s\u1ea3n ph\u1ea9m, s\u1ed1 \u0111i\u1ec7n tho\u1ea1i v\u00e0 \u0111\u1ecba ch\u1ec9 nh\u1eadn h\u00e0ng, ghi ch\u00fa n\u1ebfu c\u00f3.B\u01b0\u1edbc 1:Qu\u00fd kh\u00e1ch h\u00e0ng c\u00f3 th\u1ec3 tham kh\u1ea3o : h\u00ecnh \u1ea3nh,m\u00e0u s\u1eafc \u00fd ngh\u0129a chi ti\u1ebft, gi\u00e1 c\u1ea3,\u2026 c\u1ee7a s\u1ea3n ph\u1ea9m th\u00f4ng qua website https:\/\/amafurni.vn\/B\u01b0\u1edbc 2:\" \/>\n<meta name=\"robots\" content=\"index, follow, max-snippet:-1, max-image-preview:large, max-video-preview:-1\" \/>\n<link rel=\"canonical\" href=\"https:\/\/amafurni.vn\/en\/chinh-sach-mua-hang\/\" \/>\n<meta property=\"og:locale\" content=\"en_US\" \/>\n<meta property=\"og:type\" content=\"article\" \/>\n<meta property=\"og:title\" content=\"H\u01b0\u1edbng d\u1eabn mua h\u00e0ng\" \/>\n<meta property=\"og:description\" content=\"\u2013 Tr\u1ef1c ti\u1ebfp : Qu\u00fd kh\u00e1ch h\u00e0ng c\u00f3 th\u1ec3 t\u1edbi \u0111\u1ecba ch\u1ec9 giao d\u1ecbch duy nh\u1ea5t c\u1ee7a c\u00f4ng ty t\u1ea1i: 215 T\u00e2n S\u01a1n, P.15, Q.T\u00e2n B\u00ecnh, TP.HCM\u2013 \u0110\u1eb7t h\u00e0ng qua M\u1ea1ng x\u00e3 h\u1ed9i v\u00e0 S\u00e0n th\u01b0\u01a1ng m\u1ea1i \u0111i\u1ec7n t\u1eedQu\u00fd kh\u00e1ch c\u00f3 th\u1ec3 Chat tr\u1ef1c ti\u1ebfp v\u1edbi https:\/\/amafurni.vn\/ c\u00e1c ti\u1ec7n \u00edch Zalo, Facebook, Tiktok, Shoppe \u0111\u1ec3 \u0111\u1eb7t h\u00e0ng. Khi nh\u1eafn tin \u0111\u1eb7t h\u00e0ng vui l\u00f2ng nh\u1eafn r\u00f5: m\u00e3 s\u1ea3n ph\u1ea9m, s\u1ed1 \u0111i\u1ec7n tho\u1ea1i v\u00e0 \u0111\u1ecba ch\u1ec9 nh\u1eadn h\u00e0ng, ghi ch\u00fa n\u1ebfu c\u00f3.B\u01b0\u1edbc 1:Qu\u00fd kh\u00e1ch h\u00e0ng c\u00f3 th\u1ec3 tham kh\u1ea3o : h\u00ecnh \u1ea3nh,m\u00e0u s\u1eafc \u00fd ngh\u0129a chi ti\u1ebft, gi\u00e1 c\u1ea3,\u2026 c\u1ee7a s\u1ea3n ph\u1ea9m th\u00f4ng qua website https:\/\/amafurni.vn\/B\u01b0\u1edbc 2:\" \/>\n<meta property=\"og:url\" content=\"https:\/\/amafurni.vn\/en\/chinh-sach-mua-hang\/\" \/>\n<meta property=\"og:site_name\" content=\"AMAFURNI\" \/>\n<meta property=\"article:modified_time\" content=\"2024-11-04T08:05:01+00:00\" \/>\n<meta property=\"og:image\" content=\"https:\/\/amafurni.vn\/wp-content\/uploads\/2024\/10\/12.jpg\" \/>\n<meta name=\"twitter:card\" content=\"summary_large_image\" \/>\n<meta name=\"twitter:label1\" content=\"Est. reading time\" \/>\n\t<meta name=\"twitter:data1\" content=\"3 minutes\" \/>\n<script type=\"application\/ld+json\" class=\"yoast-schema-graph\">{\"@context\":\"https:\/\/schema.org\",\"@graph\":[{\"@type\":\"WebPage\",\"@id\":\"https:\/\/amafurni.vn\/chinh-sach-mua-hang\/\",\"url\":\"https:\/\/amafurni.vn\/chinh-sach-mua-hang\/\",\"name\":\"H\u01b0\u1edbng d\u1eabn mua h\u00e0ng - AMAFURNI\",\"isPartOf\":{\"@id\":\"https:\/\/amafurni.vn\/#website\"},\"datePublished\":\"2024-09-30T09:48:44+00:00\",\"dateModified\":\"2024-11-04T08:05:01+00:00\",\"description\":\"\u2013 Tr\u1ef1c ti\u1ebfp : Qu\u00fd kh\u00e1ch h\u00e0ng c\u00f3 th\u1ec3 t\u1edbi \u0111\u1ecba ch\u1ec9 giao d\u1ecbch duy nh\u1ea5t c\u1ee7a c\u00f4ng ty t\u1ea1i: 215 T\u00e2n S\u01a1n, P.15, Q.T\u00e2n B\u00ecnh, TP.HCM\u2013 \u0110\u1eb7t h\u00e0ng qua M\u1ea1ng x\u00e3 h\u1ed9i v\u00e0 S\u00e0n th\u01b0\u01a1ng m\u1ea1i \u0111i\u1ec7n t\u1eedQu\u00fd kh\u00e1ch c\u00f3 th\u1ec3 Chat tr\u1ef1c ti\u1ebfp v\u1edbi https:\/\/amafurni.vn\/ c\u00e1c ti\u1ec7n \u00edch Zalo, Facebook, Tiktok, Shoppe \u0111\u1ec3 \u0111\u1eb7t h\u00e0ng. Khi nh\u1eafn tin \u0111\u1eb7t h\u00e0ng vui l\u00f2ng nh\u1eafn r\u00f5: m\u00e3 s\u1ea3n ph\u1ea9m, s\u1ed1 \u0111i\u1ec7n tho\u1ea1i v\u00e0 \u0111\u1ecba ch\u1ec9 nh\u1eadn h\u00e0ng, ghi ch\u00fa n\u1ebfu c\u00f3.B\u01b0\u1edbc 1:Qu\u00fd kh\u00e1ch h\u00e0ng c\u00f3 th\u1ec3 tham kh\u1ea3o : h\u00ecnh \u1ea3nh,m\u00e0u s\u1eafc \u00fd ngh\u0129a chi ti\u1ebft, gi\u00e1 c\u1ea3,\u2026 c\u1ee7a s\u1ea3n ph\u1ea9m th\u00f4ng qua website https:\/\/amafurni.vn\/B\u01b0\u1edbc 2:\",\"breadcrumb\":{\"@id\":\"https:\/\/amafurni.vn\/chinh-sach-mua-hang\/#breadcrumb\"},\"inLanguage\":\"en-US\",\"potentialAction\":[{\"@type\":\"ReadAction\",\"target\":[\"https:\/\/amafurni.vn\/chinh-sach-mua-hang\/\"]}]},{\"@type\":\"BreadcrumbList\",\"@id\":\"https:\/\/amafurni.vn\/chinh-sach-mua-hang\/#breadcrumb\",\"itemListElement\":[{\"@type\":\"ListItem\",\"position\":1,\"name\":\"Trang ch\u1ee7\",\"item\":\"https:\/\/amafurni.vn\/\"},{\"@type\":\"ListItem\",\"position\":2,\"name\":\"H\u01b0\u1edbng d\u1eabn mua h\u00e0ng\"}]},{\"@type\":\"WebSite\",\"@id\":\"https:\/\/amafurni.vn\/#website\",\"url\":\"https:\/\/amafurni.vn\/\",\"name\":\"AMAFURNI\",\"description\":\"\",\"potentialAction\":[{\"@type\":\"SearchAction\",\"target\":{\"@type\":\"EntryPoint\",\"urlTemplate\":\"https:\/\/amafurni.vn\/?s={search_term_string}\"},\"query-input\":\"required name=search_term_string\"}],\"inLanguage\":\"en-US\"}]}<\/script>\n<!-- \/ Yoast SEO Premium plugin. -->","yoast_head_json":{"title":"H\u01b0\u1edbng d\u1eabn mua h\u00e0ng - AMAFURNI","description":"\u2013 Tr\u1ef1c ti\u1ebfp : Qu\u00fd kh\u00e1ch h\u00e0ng c\u00f3 th\u1ec3 t\u1edbi \u0111\u1ecba ch\u1ec9 giao d\u1ecbch duy nh\u1ea5t c\u1ee7a c\u00f4ng ty t\u1ea1i: 215 T\u00e2n S\u01a1n, P.15, Q.T\u00e2n B\u00ecnh, TP.HCM\u2013 \u0110\u1eb7t h\u00e0ng qua M\u1ea1ng x\u00e3 h\u1ed9i v\u00e0 S\u00e0n th\u01b0\u01a1ng m\u1ea1i \u0111i\u1ec7n t\u1eedQu\u00fd kh\u00e1ch c\u00f3 th\u1ec3 Chat tr\u1ef1c ti\u1ebfp v\u1edbi https:\/\/amafurni.vn\/ c\u00e1c ti\u1ec7n \u00edch Zalo, Facebook, Tiktok, Shoppe \u0111\u1ec3 \u0111\u1eb7t h\u00e0ng. Khi nh\u1eafn tin \u0111\u1eb7t h\u00e0ng vui l\u00f2ng nh\u1eafn r\u00f5: m\u00e3 s\u1ea3n ph\u1ea9m, s\u1ed1 \u0111i\u1ec7n tho\u1ea1i v\u00e0 \u0111\u1ecba ch\u1ec9 nh\u1eadn h\u00e0ng, ghi ch\u00fa n\u1ebfu c\u00f3.B\u01b0\u1edbc 1:Qu\u00fd kh\u00e1ch h\u00e0ng c\u00f3 th\u1ec3 tham kh\u1ea3o : h\u00ecnh \u1ea3nh,m\u00e0u s\u1eafc \u00fd ngh\u0129a chi ti\u1ebft, gi\u00e1 c\u1ea3,\u2026 c\u1ee7a s\u1ea3n ph\u1ea9m th\u00f4ng qua website https:\/\/amafurni.vn\/B\u01b0\u1edbc 2:","robots":{"index":"index","follow":"follow","max-snippet":"max-snippet:-1","max-image-preview":"max-image-preview:large","max-video-preview":"max-video-preview:-1"},"canonical":"https:\/\/amafurni.vn\/en\/chinh-sach-mua-hang\/","og_locale":"en_US","og_type":"article","og_title":"H\u01b0\u1edbng d\u1eabn mua h\u00e0ng","og_description":"\u2013 Tr\u1ef1c ti\u1ebfp : Qu\u00fd kh\u00e1ch h\u00e0ng c\u00f3 th\u1ec3 t\u1edbi \u0111\u1ecba ch\u1ec9 giao d\u1ecbch duy nh\u1ea5t c\u1ee7a c\u00f4ng ty t\u1ea1i: 215 T\u00e2n S\u01a1n, P.15, Q.T\u00e2n B\u00ecnh, TP.HCM\u2013 \u0110\u1eb7t h\u00e0ng qua M\u1ea1ng x\u00e3 h\u1ed9i v\u00e0 S\u00e0n th\u01b0\u01a1ng m\u1ea1i \u0111i\u1ec7n t\u1eedQu\u00fd kh\u00e1ch c\u00f3 th\u1ec3 Chat tr\u1ef1c ti\u1ebfp v\u1edbi https:\/\/amafurni.vn\/ c\u00e1c ti\u1ec7n \u00edch Zalo, Facebook, Tiktok, Shoppe \u0111\u1ec3 \u0111\u1eb7t h\u00e0ng. Khi nh\u1eafn tin \u0111\u1eb7t h\u00e0ng vui l\u00f2ng nh\u1eafn r\u00f5: m\u00e3 s\u1ea3n ph\u1ea9m, s\u1ed1 \u0111i\u1ec7n tho\u1ea1i v\u00e0 \u0111\u1ecba ch\u1ec9 nh\u1eadn h\u00e0ng, ghi ch\u00fa n\u1ebfu c\u00f3.B\u01b0\u1edbc 1:Qu\u00fd kh\u00e1ch h\u00e0ng c\u00f3 th\u1ec3 tham kh\u1ea3o : h\u00ecnh \u1ea3nh,m\u00e0u s\u1eafc \u00fd ngh\u0129a chi ti\u1ebft, gi\u00e1 c\u1ea3,\u2026 c\u1ee7a s\u1ea3n ph\u1ea9m th\u00f4ng qua website https:\/\/amafurni.vn\/B\u01b0\u1edbc 2:","og_url":"https:\/\/amafurni.vn\/en\/chinh-sach-mua-hang\/","og_site_name":"AMAFURNI","article_modified_time":"2024-11-04T08:05:01+00:00","og_image":[{"url":"https:\/\/amafurni.vn\/wp-content\/uploads\/2024\/10\/12.jpg"}],"twitter_card":"summary_large_image","twitter_misc":{"Est. reading time":"3 minutes"},"schema":{"@context":"https:\/\/schema.org","@graph":[{"@type":"WebPage","@id":"https:\/\/amafurni.vn\/chinh-sach-mua-hang\/","url":"https:\/\/amafurni.vn\/chinh-sach-mua-hang\/","name":"H\u01b0\u1edbng d\u1eabn mua h\u00e0ng - AMAFURNI","isPartOf":{"@id":"https:\/\/amafurni.vn\/#website"},"datePublished":"2024-09-30T09:48:44+00:00","dateModified":"2024-11-04T08:05:01+00:00","description":"\u2013 Tr\u1ef1c ti\u1ebfp : Qu\u00fd kh\u00e1ch h\u00e0ng c\u00f3 th\u1ec3 t\u1edbi \u0111\u1ecba ch\u1ec9 giao d\u1ecbch duy nh\u1ea5t c\u1ee7a c\u00f4ng ty t\u1ea1i: 215 T\u00e2n S\u01a1n, P.15, Q.T\u00e2n B\u00ecnh, TP.HCM\u2013 \u0110\u1eb7t h\u00e0ng qua M\u1ea1ng x\u00e3 h\u1ed9i v\u00e0 S\u00e0n th\u01b0\u01a1ng m\u1ea1i \u0111i\u1ec7n t\u1eedQu\u00fd kh\u00e1ch c\u00f3 th\u1ec3 Chat tr\u1ef1c ti\u1ebfp v\u1edbi https:\/\/amafurni.vn\/ c\u00e1c ti\u1ec7n \u00edch Zalo, Facebook, Tiktok, Shoppe \u0111\u1ec3 \u0111\u1eb7t h\u00e0ng. Khi nh\u1eafn tin \u0111\u1eb7t h\u00e0ng vui l\u00f2ng nh\u1eafn r\u00f5: m\u00e3 s\u1ea3n ph\u1ea9m, s\u1ed1 \u0111i\u1ec7n tho\u1ea1i v\u00e0 \u0111\u1ecba ch\u1ec9 nh\u1eadn h\u00e0ng, ghi ch\u00fa n\u1ebfu c\u00f3.B\u01b0\u1edbc 1:Qu\u00fd kh\u00e1ch h\u00e0ng c\u00f3 th\u1ec3 tham kh\u1ea3o : h\u00ecnh \u1ea3nh,m\u00e0u s\u1eafc \u00fd ngh\u0129a chi ti\u1ebft, gi\u00e1 c\u1ea3,\u2026 c\u1ee7a s\u1ea3n ph\u1ea9m th\u00f4ng qua website https:\/\/amafurni.vn\/B\u01b0\u1edbc 2:","breadcrumb":{"@id":"https:\/\/amafurni.vn\/chinh-sach-mua-hang\/#breadcrumb"},"inLanguage":"en-US","potentialAction":[{"@type":"ReadAction","target":["https:\/\/amafurni.vn\/chinh-sach-mua-hang\/"]}]},{"@type":"BreadcrumbList","@id":"https:\/\/amafurni.vn\/chinh-sach-mua-hang\/#breadcrumb","itemListElement":[{"@type":"ListItem","position":1,"name":"Trang ch\u1ee7","item":"https:\/\/amafurni.vn\/"},{"@type":"ListItem","position":2,"name":"H\u01b0\u1edbng d\u1eabn mua h\u00e0ng"}]},{"@type":"WebSite","@id":"https:\/\/amafurni.vn\/#website","url":"https:\/\/amafurni.vn\/","name":"AMAFURNI","description":"","potentialAction":[{"@type":"SearchAction","target":{"@type":"EntryPoint","urlTemplate":"https:\/\/amafurni.vn\/?s={search_term_string}"},"query-input":"required name=search_term_string"}],"inLanguage":"en-US"}]}},"_links":{"self":[{"href":"https:\/\/amafurni.vn\/en\/wp-json\/wp\/v2\/pages\/18481"}],"collection":[{"href":"https:\/\/amafurni.vn\/en\/wp-json\/wp\/v2\/pages"}],"about":[{"href":"https:\/\/amafurni.vn\/en\/wp-json\/wp\/v2\/types\/page"}],"author":[{"embeddable":true,"href":"https:\/\/amafurni.vn\/en\/wp-json\/wp\/v2\/users\/5"}],"replies":[{"embeddable":true,"href":"https:\/\/amafurni.vn\/en\/wp-json\/wp\/v2\/comments?post=18481"}],"version-history":[{"count":4,"href":"https:\/\/amafurni.vn\/en\/wp-json\/wp\/v2\/pages\/18481\/revisions"}],"predecessor-version":[{"id":19169,"href":"https:\/\/amafurni.vn\/en\/wp-json\/wp\/v2\/pages\/18481\/revisions\/19169"}],"wp:attachment":[{"href":"https:\/\/amafurni.vn\/en\/wp-json\/wp\/v2\/media?parent=18481"}],"curies":[{"name":"wp","href":"https:\/\/api.w.org\/{rel}","templated":true}]}}