{"id":18487,"date":"2024-09-30T16:50:44","date_gmt":"2024-09-30T09:50:44","guid":{"rendered":"https:\/\/amafurni.vn\/?page_id=18487"},"modified":"2024-10-04T14:31:40","modified_gmt":"2024-10-04T07:31:40","slug":"chinh-sach-doi-tra-hang","status":"publish","type":"page","link":"https:\/\/amafurni.vn\/en\/chinh-sach-doi-tra-hang\/","title":{"rendered":"Ch\u00ednh s\u00e1ch \u0111\u1ed5i tr\u1ea3 h\u00e0ng"},"content":{"rendered":"<p>\u0110\u1ec3 \u0111\u1ed5i \u2013 tr\u1ea3 s\u1ea3n ph\u1ea9m, qu\u00fd kh\u00e1ch vui l\u00f2ng ki\u1ec3m tra l\u1ea7n l\u01b0\u1ee3t c\u00e1c \u0111i\u1ec1u ki\u1ec7n v\u1ec1: Th\u1eddi h\u1ea1n, s\u1ea3n ph\u1ea9m, tr\u01b0\u1eddng h\u1ee3p \u0111\u1ed5i tr\u1ea3, c\u00e1ch th\u1ee9c \u0111\u1ed5i tr\u1ea3.<\/p>\n<ol>\n<li>\u0110i\u1ec1u ki\u1ec7n v\u1ec1 th\u1eddi gian<\/li>\n<\/ol>\n<p>Qu\u00fd kh\u00e1ch c\u00f3 th\u1ec3 th\u1ef1c hi\u1ec7n \u0111\u1ed5i tr\u1ea3 h\u00e0ng trong th\u1eddi h\u1ea1n 24 gi\u1edd k\u1ec3 t\u1eeb khi nh\u1eadn h\u00e0ng. Quy tr\u00ecnh \u0111\u1ed5i tr\u1ea3 h\u00e0ng \u0111\u01b0\u1ee3c th\u1ef1c hi\u1ec7n khi h\u00e0ng h\u00f3a \u0111\u01b0\u1ee3c \u0111\u01b0a v\u1ec1 AMA FURNITURE.<\/p>\n<p>AMA FURNITURE s\u1ebd th\u1ef1c hi\u1ec7n c\u00e1c b\u01b0\u1edbc ti\u1ebfp theo \u0111\u1ec3 ki\u1ec3m tra ch\u1ea5t l\u01b0\u1ee3ng s\u1ea3n ph\u1ea9m v\u00e0 ti\u1ebfn h\u00e0nh \u0111\u1ed5i tr\u1ea3 h\u00e0ng ho\u1eb7c ho\u00e0n ti\u1ec1n theo y\u00eau c\u1ea7u c\u1ee7a qu\u00fd kh\u00e1ch.<\/p>\n<ol start=\"2\">\n<li>\u0110i\u1ec1u ki\u1ec7n v\u1ec1 s\u1ea3n ph\u1ea9m<\/li>\n<\/ol>\n<p>S\u1ea3n ph\u1ea9m \u0111\u00e1p \u1ee9ng c\u00e1c \u0111i\u1ec1u ki\u1ec7n sau:<\/p>\n<p>\u2013 C\u00f2n nguy\u00ean th\u00f9ng v\u00e0 bao b\u00ec c\u1ee7a s\u1ea3n ph\u1ea9m, s\u1ea3n ph\u1ea9m kh\u00f4ng bi\u1ebfn d\u1ea1ng ,\u00a0 \u0111\u1ed5i m\u00e0u .<\/p>\n<p>\u2013 \u0110\u1ea7y \u0111\u1ee7 c\u00e1c b\u1ed9 ph\u1eadn, ph\u1ee5 ki\u1ec7n, chi ti\u1ebft kh\u00e1c, h\u00f2a \u0111\u01a1n\u2026 ph\u1ea3i c\u00f2n \u0111\u1ea7y \u0111\u1ee7 v\u00e0 nguy\u00ean v\u1eb9n<\/p>\n<p>\u2013 Kh\u00f4ng b\u1ecb d\u01a1 b\u1ea9n, tr\u1ea7y x\u01b0\u1edbc, b\u1ec3 v\u1ee1, h\u01b0 h\u1ecfng, c\u00f3 m\u00f9i l\u1ea1<\/p>\n<ol start=\"3\">\n<li>\u0110i\u1ec1u ki\u1ec7n \u0111\u1ed5i tr\u1ea3, ho\u00e0n ti\u1ec1n (Cam k\u1ebft 100% h\u00e0i l\u00f2ng)<\/li>\n<\/ol>\n<p>\u0110\u1ed5i tr\u1ea3 theo nhu c\u1ea7u kh\u00e1ch h\u00e0ng (\u0111\u1ed5i tr\u1ea3 h\u00e0ng v\u00ec kh\u00f4ng \u01b0ng \u00fd)<\/p>\n<p>T\u1ea5t c\u1ea3 m\u1eb7t h\u00e0ng mua t\u1eeb AMA FURNITURE \u0111\u1ec1u c\u00f3 th\u1ec3 \u0111\u1ed5i tr\u1ea3 trong tr\u01b0\u1eddng h\u1ee3p \u0111\u00e1p \u1ee9ng y\u00eau c\u1ea7u v\u1ec1 th\u1eddi gian v\u00e0 \u0111i\u1ec1u ki\u1ec7n \u0111\u1ed5i tr\u1ea3 s\u1ea3n ph\u1ea9m.<\/p>\n<p>C\u1ee5 th\u1ec3, n\u1ebfu qu\u00fd kh\u00e1ch kh\u00f4ng h\u00e0i l\u00f2ng v\u1edbi s\u1ea3n ph\u1ea9m v\u1ec1 ch\u1ea5t l\u01b0\u1ee3ng v\u00e0 m\u1eabu m\u00e3 trong v\u00f2ng 24h, ch\u00fang t\u00f4i cam k\u1ebft ho\u00e0n ti\u1ec1n 100% cho qu\u00fd kh\u00e1ch.<\/p>\n<p>\u0110\u1ed5i tr\u1ea3 do l\u1ed7i c\u1ee7a AMA FURNITURE<\/p>\n<p>T\u1ea5t c\u1ea3 c\u00e1c s\u1ea3n ph\u1ea9m do l\u1ed7i c\u1ee7a AMA FURNITURE: s\u1ea3n ph\u1ea9m kh\u00f4ng \u0111\u00fang m\u1eabu, giao h\u00e0ng vi ph\u1ea1m quy \u0111\u1ecbnh v\u1ec1 th\u1eddi gian\u2026..qu\u00fd kh\u00e1ch \u0111\u01b0\u1ee3c t\u1eeb ch\u1ed1i nh\u1eadn s\u1ea3n ph\u1ea9m, \u0111\u01b0\u1ee3c ho\u00e0n tr\u1ea3 ti\u1ec1n ho\u1eb7c \u0111\u1ed5i sang m\u1eabu kh\u00e1c. T\u1ea5t c\u1ea3 c\u00e1c chi ph\u00ed li\u00ean quan \u0111\u1ebfn vi\u1ec7c \u0111\u1ed5i tr\u1ea3, ho\u00e0n ti\u1ec1n s\u1ebd do AMA FURNITURE ch\u1ecbu tr\u00e1ch nhi\u1ec7m.<\/p>","protected":false},"excerpt":{"rendered":"<p>\u0110\u1ec3 \u0111\u1ed5i \u2013 tr\u1ea3 s\u1ea3n ph\u1ea9m, qu\u00fd kh\u00e1ch vui l\u00f2ng ki\u1ec3m tra l\u1ea7n l\u01b0\u1ee3t c\u00e1c \u0111i\u1ec1u ki\u1ec7n v\u1ec1: Th\u1eddi h\u1ea1n, s\u1ea3n ph\u1ea9m, tr\u01b0\u1eddng h\u1ee3p \u0111\u1ed5i tr\u1ea3, c\u00e1ch th\u1ee9c \u0111\u1ed5i tr\u1ea3. \u0110i\u1ec1u ki\u1ec7n v\u1ec1 th\u1eddi gian Qu\u00fd kh\u00e1ch c\u00f3 th\u1ec3 th\u1ef1c hi\u1ec7n \u0111\u1ed5i tr\u1ea3 h\u00e0ng trong th\u1eddi h\u1ea1n 24 gi\u1edd k\u1ec3 t\u1eeb khi nh\u1eadn h\u00e0ng. Quy [&hellip;]<\/p>","protected":false},"author":5,"featured_media":0,"parent":0,"menu_order":0,"comment_status":"closed","ping_status":"closed","template":"","meta":{"footnotes":""},"yoast_head":"<!-- This site is optimized with the Yoast SEO Premium plugin v21.7 (Yoast SEO v21.7) - https:\/\/yoast.com\/wordpress\/plugins\/seo\/ -->\n<title>Ch\u00ednh s\u00e1ch \u0111\u1ed5i tr\u1ea3 h\u00e0ng - AMAFURNI<\/title>\n<meta name=\"description\" content=\"\u0110\u1ed5i tr\u1ea3 theo nhu c\u1ea7u kh\u00e1ch h\u00e0ng (\u0111\u1ed5i tr\u1ea3 h\u00e0ng v\u00ec kh\u00f4ng \u01b0ng \u00fd)T\u1ea5t c\u1ea3 m\u1eb7t h\u00e0ng mua t\u1eeb AMA FURNITURE \u0111\u1ec1u c\u00f3 th\u1ec3 \u0111\u1ed5i tr\u1ea3 trong tr\u01b0\u1eddng h\u1ee3p \u0111\u00e1p \u1ee9ng y\u00eau c\u1ea7u v\u1ec1 th\u1eddi gian v\u00e0 \u0111i\u1ec1u ki\u1ec7n \u0111\u1ed5i tr\u1ea3 s\u1ea3n ph\u1ea9m.C\u1ee5 th\u1ec3, n\u1ebfu qu\u00fd kh\u00e1ch kh\u00f4ng h\u00e0i l\u00f2ng v\u1edbi s\u1ea3n ph\u1ea9m v\u1ec1 ch\u1ea5t l\u01b0\u1ee3ng v\u00e0 m\u1eabu m\u00e3 trong v\u00f2ng 24h, ch\u00fang t\u00f4i cam k\u1ebft ho\u00e0n ti\u1ec1n 100% cho qu\u00fd kh\u00e1ch.\u0110\u1ed5i tr\u1ea3 do l\u1ed7i c\u1ee7a AMA FURNITURET\u1ea5t c\u1ea3 c\u00e1c s\u1ea3n ph\u1ea9m do l\u1ed7i c\u1ee7a AMA FURNITURE: s\u1ea3n ph\u1ea9m kh\u00f4ng \u0111\u00fang m\u1eabu, giao h\u00e0ng vi ph\u1ea1m quy \u0111\u1ecbnh v\u1ec1 th\u1eddi gian\u2026..qu\u00fd kh\u00e1ch \u0111\u01b0\u1ee3c t\u1eeb ch\u1ed1i nh\u1eadn s\u1ea3n ph\u1ea9m, \u0111\u01b0\u1ee3c ho\u00e0n tr\u1ea3 ti\u1ec1n ho\u1eb7c \u0111\u1ed5i sang m\u1eabu kh\u00e1c. T\u1ea5t c\u1ea3 c\u00e1c chi ph\u00ed li\u00ean quan \u0111\u1ebfn vi\u1ec7c \u0111\u1ed5i tr\u1ea3, ho\u00e0n ti\u1ec1n s\u1ebd do AMA FURNITURE ch\u1ecbu tr\u00e1ch nhi\u1ec7m.\" \/>\n<meta name=\"robots\" content=\"index, follow, max-snippet:-1, max-image-preview:large, max-video-preview:-1\" \/>\n<link rel=\"canonical\" href=\"https:\/\/amafurni.vn\/en\/chinh-sach-doi-tra-hang\/\" \/>\n<meta property=\"og:locale\" content=\"en_US\" \/>\n<meta property=\"og:type\" content=\"article\" \/>\n<meta property=\"og:title\" content=\"Ch\u00ednh s\u00e1ch \u0111\u1ed5i tr\u1ea3 h\u00e0ng\" \/>\n<meta property=\"og:description\" content=\"\u0110\u1ed5i tr\u1ea3 theo nhu c\u1ea7u kh\u00e1ch h\u00e0ng (\u0111\u1ed5i tr\u1ea3 h\u00e0ng v\u00ec kh\u00f4ng \u01b0ng \u00fd)T\u1ea5t c\u1ea3 m\u1eb7t h\u00e0ng mua t\u1eeb AMA FURNITURE \u0111\u1ec1u c\u00f3 th\u1ec3 \u0111\u1ed5i tr\u1ea3 trong tr\u01b0\u1eddng h\u1ee3p \u0111\u00e1p \u1ee9ng y\u00eau c\u1ea7u v\u1ec1 th\u1eddi gian v\u00e0 \u0111i\u1ec1u ki\u1ec7n \u0111\u1ed5i tr\u1ea3 s\u1ea3n ph\u1ea9m.C\u1ee5 th\u1ec3, n\u1ebfu qu\u00fd kh\u00e1ch kh\u00f4ng h\u00e0i l\u00f2ng v\u1edbi s\u1ea3n ph\u1ea9m v\u1ec1 ch\u1ea5t l\u01b0\u1ee3ng v\u00e0 m\u1eabu m\u00e3 trong v\u00f2ng 24h, ch\u00fang t\u00f4i cam k\u1ebft ho\u00e0n ti\u1ec1n 100% cho qu\u00fd kh\u00e1ch.\u0110\u1ed5i tr\u1ea3 do l\u1ed7i c\u1ee7a AMA FURNITURET\u1ea5t c\u1ea3 c\u00e1c s\u1ea3n ph\u1ea9m do l\u1ed7i c\u1ee7a AMA FURNITURE: s\u1ea3n ph\u1ea9m kh\u00f4ng \u0111\u00fang m\u1eabu, giao h\u00e0ng vi ph\u1ea1m quy \u0111\u1ecbnh v\u1ec1 th\u1eddi gian\u2026..qu\u00fd kh\u00e1ch \u0111\u01b0\u1ee3c t\u1eeb ch\u1ed1i nh\u1eadn s\u1ea3n ph\u1ea9m, \u0111\u01b0\u1ee3c ho\u00e0n tr\u1ea3 ti\u1ec1n ho\u1eb7c \u0111\u1ed5i sang m\u1eabu kh\u00e1c. T\u1ea5t c\u1ea3 c\u00e1c chi ph\u00ed li\u00ean quan \u0111\u1ebfn vi\u1ec7c \u0111\u1ed5i tr\u1ea3, ho\u00e0n ti\u1ec1n s\u1ebd do AMA FURNITURE ch\u1ecbu tr\u00e1ch nhi\u1ec7m.\" \/>\n<meta property=\"og:url\" content=\"https:\/\/amafurni.vn\/en\/chinh-sach-doi-tra-hang\/\" \/>\n<meta property=\"og:site_name\" content=\"AMAFURNI\" \/>\n<meta property=\"article:modified_time\" content=\"2024-10-04T07:31:40+00:00\" \/>\n<meta name=\"twitter:card\" content=\"summary_large_image\" \/>\n<meta name=\"twitter:label1\" content=\"Est. reading time\" \/>\n\t<meta name=\"twitter:data1\" content=\"2 minutes\" \/>\n<script type=\"application\/ld+json\" class=\"yoast-schema-graph\">{\"@context\":\"https:\/\/schema.org\",\"@graph\":[{\"@type\":\"WebPage\",\"@id\":\"https:\/\/amafurni.vn\/chinh-sach-doi-tra-hang\/\",\"url\":\"https:\/\/amafurni.vn\/chinh-sach-doi-tra-hang\/\",\"name\":\"Ch\u00ednh s\u00e1ch \u0111\u1ed5i tr\u1ea3 h\u00e0ng - AMAFURNI\",\"isPartOf\":{\"@id\":\"https:\/\/amafurni.vn\/#website\"},\"datePublished\":\"2024-09-30T09:50:44+00:00\",\"dateModified\":\"2024-10-04T07:31:40+00:00\",\"description\":\"\u0110\u1ed5i tr\u1ea3 theo nhu c\u1ea7u kh\u00e1ch h\u00e0ng (\u0111\u1ed5i tr\u1ea3 h\u00e0ng v\u00ec kh\u00f4ng \u01b0ng \u00fd)T\u1ea5t c\u1ea3 m\u1eb7t h\u00e0ng mua t\u1eeb AMA FURNITURE \u0111\u1ec1u c\u00f3 th\u1ec3 \u0111\u1ed5i tr\u1ea3 trong tr\u01b0\u1eddng h\u1ee3p \u0111\u00e1p \u1ee9ng y\u00eau c\u1ea7u v\u1ec1 th\u1eddi gian v\u00e0 \u0111i\u1ec1u ki\u1ec7n \u0111\u1ed5i tr\u1ea3 s\u1ea3n ph\u1ea9m.C\u1ee5 th\u1ec3, n\u1ebfu qu\u00fd kh\u00e1ch kh\u00f4ng h\u00e0i l\u00f2ng v\u1edbi s\u1ea3n ph\u1ea9m v\u1ec1 ch\u1ea5t l\u01b0\u1ee3ng v\u00e0 m\u1eabu m\u00e3 trong v\u00f2ng 24h, ch\u00fang t\u00f4i cam k\u1ebft ho\u00e0n ti\u1ec1n 100% cho qu\u00fd kh\u00e1ch.\u0110\u1ed5i tr\u1ea3 do l\u1ed7i c\u1ee7a AMA FURNITURET\u1ea5t c\u1ea3 c\u00e1c s\u1ea3n ph\u1ea9m do l\u1ed7i c\u1ee7a AMA FURNITURE: s\u1ea3n ph\u1ea9m kh\u00f4ng \u0111\u00fang m\u1eabu, giao h\u00e0ng vi ph\u1ea1m quy \u0111\u1ecbnh v\u1ec1 th\u1eddi gian\u2026..qu\u00fd kh\u00e1ch \u0111\u01b0\u1ee3c t\u1eeb ch\u1ed1i nh\u1eadn s\u1ea3n ph\u1ea9m, \u0111\u01b0\u1ee3c ho\u00e0n tr\u1ea3 ti\u1ec1n ho\u1eb7c \u0111\u1ed5i sang m\u1eabu kh\u00e1c. T\u1ea5t c\u1ea3 c\u00e1c chi ph\u00ed li\u00ean quan \u0111\u1ebfn vi\u1ec7c \u0111\u1ed5i tr\u1ea3, ho\u00e0n ti\u1ec1n s\u1ebd do AMA FURNITURE ch\u1ecbu tr\u00e1ch nhi\u1ec7m.\",\"breadcrumb\":{\"@id\":\"https:\/\/amafurni.vn\/chinh-sach-doi-tra-hang\/#breadcrumb\"},\"inLanguage\":\"en-US\",\"potentialAction\":[{\"@type\":\"ReadAction\",\"target\":[\"https:\/\/amafurni.vn\/chinh-sach-doi-tra-hang\/\"]}]},{\"@type\":\"BreadcrumbList\",\"@id\":\"https:\/\/amafurni.vn\/chinh-sach-doi-tra-hang\/#breadcrumb\",\"itemListElement\":[{\"@type\":\"ListItem\",\"position\":1,\"name\":\"Trang ch\u1ee7\",\"item\":\"https:\/\/amafurni.vn\/\"},{\"@type\":\"ListItem\",\"position\":2,\"name\":\"Ch\u00ednh s\u00e1ch \u0111\u1ed5i tr\u1ea3 h\u00e0ng\"}]},{\"@type\":\"WebSite\",\"@id\":\"https:\/\/amafurni.vn\/#website\",\"url\":\"https:\/\/amafurni.vn\/\",\"name\":\"AMAFURNI\",\"description\":\"\",\"potentialAction\":[{\"@type\":\"SearchAction\",\"target\":{\"@type\":\"EntryPoint\",\"urlTemplate\":\"https:\/\/amafurni.vn\/?s={search_term_string}\"},\"query-input\":\"required name=search_term_string\"}],\"inLanguage\":\"en-US\"}]}<\/script>\n<!-- \/ Yoast SEO Premium plugin. -->","yoast_head_json":{"title":"Ch\u00ednh s\u00e1ch \u0111\u1ed5i tr\u1ea3 h\u00e0ng - AMAFURNI","description":"\u0110\u1ed5i tr\u1ea3 theo nhu c\u1ea7u kh\u00e1ch h\u00e0ng (\u0111\u1ed5i tr\u1ea3 h\u00e0ng v\u00ec kh\u00f4ng \u01b0ng \u00fd)T\u1ea5t c\u1ea3 m\u1eb7t h\u00e0ng mua t\u1eeb AMA FURNITURE \u0111\u1ec1u c\u00f3 th\u1ec3 \u0111\u1ed5i tr\u1ea3 trong tr\u01b0\u1eddng h\u1ee3p \u0111\u00e1p \u1ee9ng y\u00eau c\u1ea7u v\u1ec1 th\u1eddi gian v\u00e0 \u0111i\u1ec1u ki\u1ec7n \u0111\u1ed5i tr\u1ea3 s\u1ea3n ph\u1ea9m.C\u1ee5 th\u1ec3, n\u1ebfu qu\u00fd kh\u00e1ch kh\u00f4ng h\u00e0i l\u00f2ng v\u1edbi s\u1ea3n ph\u1ea9m v\u1ec1 ch\u1ea5t l\u01b0\u1ee3ng v\u00e0 m\u1eabu m\u00e3 trong v\u00f2ng 24h, ch\u00fang t\u00f4i cam k\u1ebft ho\u00e0n ti\u1ec1n 100% cho qu\u00fd kh\u00e1ch.\u0110\u1ed5i tr\u1ea3 do l\u1ed7i c\u1ee7a AMA FURNITURET\u1ea5t c\u1ea3 c\u00e1c s\u1ea3n ph\u1ea9m do l\u1ed7i c\u1ee7a AMA FURNITURE: s\u1ea3n ph\u1ea9m kh\u00f4ng \u0111\u00fang m\u1eabu, giao h\u00e0ng vi ph\u1ea1m quy \u0111\u1ecbnh v\u1ec1 th\u1eddi gian\u2026..qu\u00fd kh\u00e1ch \u0111\u01b0\u1ee3c t\u1eeb ch\u1ed1i nh\u1eadn s\u1ea3n ph\u1ea9m, \u0111\u01b0\u1ee3c ho\u00e0n tr\u1ea3 ti\u1ec1n ho\u1eb7c \u0111\u1ed5i sang m\u1eabu kh\u00e1c. T\u1ea5t c\u1ea3 c\u00e1c chi ph\u00ed li\u00ean quan \u0111\u1ebfn vi\u1ec7c \u0111\u1ed5i tr\u1ea3, ho\u00e0n ti\u1ec1n s\u1ebd do AMA FURNITURE ch\u1ecbu tr\u00e1ch nhi\u1ec7m.","robots":{"index":"index","follow":"follow","max-snippet":"max-snippet:-1","max-image-preview":"max-image-preview:large","max-video-preview":"max-video-preview:-1"},"canonical":"https:\/\/amafurni.vn\/en\/chinh-sach-doi-tra-hang\/","og_locale":"en_US","og_type":"article","og_title":"Ch\u00ednh s\u00e1ch \u0111\u1ed5i tr\u1ea3 h\u00e0ng","og_description":"\u0110\u1ed5i tr\u1ea3 theo nhu c\u1ea7u kh\u00e1ch h\u00e0ng (\u0111\u1ed5i tr\u1ea3 h\u00e0ng v\u00ec kh\u00f4ng \u01b0ng \u00fd)T\u1ea5t c\u1ea3 m\u1eb7t h\u00e0ng mua t\u1eeb AMA FURNITURE \u0111\u1ec1u c\u00f3 th\u1ec3 \u0111\u1ed5i tr\u1ea3 trong tr\u01b0\u1eddng h\u1ee3p \u0111\u00e1p \u1ee9ng y\u00eau c\u1ea7u v\u1ec1 th\u1eddi gian v\u00e0 \u0111i\u1ec1u ki\u1ec7n \u0111\u1ed5i tr\u1ea3 s\u1ea3n ph\u1ea9m.C\u1ee5 th\u1ec3, n\u1ebfu qu\u00fd kh\u00e1ch kh\u00f4ng h\u00e0i l\u00f2ng v\u1edbi s\u1ea3n ph\u1ea9m v\u1ec1 ch\u1ea5t l\u01b0\u1ee3ng v\u00e0 m\u1eabu m\u00e3 trong v\u00f2ng 24h, ch\u00fang t\u00f4i cam k\u1ebft ho\u00e0n ti\u1ec1n 100% cho qu\u00fd kh\u00e1ch.\u0110\u1ed5i tr\u1ea3 do l\u1ed7i c\u1ee7a AMA FURNITURET\u1ea5t c\u1ea3 c\u00e1c s\u1ea3n ph\u1ea9m do l\u1ed7i c\u1ee7a AMA FURNITURE: s\u1ea3n ph\u1ea9m kh\u00f4ng \u0111\u00fang m\u1eabu, giao h\u00e0ng vi ph\u1ea1m quy \u0111\u1ecbnh v\u1ec1 th\u1eddi gian\u2026..qu\u00fd kh\u00e1ch \u0111\u01b0\u1ee3c t\u1eeb ch\u1ed1i nh\u1eadn s\u1ea3n ph\u1ea9m, \u0111\u01b0\u1ee3c ho\u00e0n tr\u1ea3 ti\u1ec1n ho\u1eb7c \u0111\u1ed5i sang m\u1eabu kh\u00e1c. T\u1ea5t c\u1ea3 c\u00e1c chi ph\u00ed li\u00ean quan \u0111\u1ebfn vi\u1ec7c \u0111\u1ed5i tr\u1ea3, ho\u00e0n ti\u1ec1n s\u1ebd do AMA FURNITURE ch\u1ecbu tr\u00e1ch nhi\u1ec7m.","og_url":"https:\/\/amafurni.vn\/en\/chinh-sach-doi-tra-hang\/","og_site_name":"AMAFURNI","article_modified_time":"2024-10-04T07:31:40+00:00","twitter_card":"summary_large_image","twitter_misc":{"Est. reading time":"2 minutes"},"schema":{"@context":"https:\/\/schema.org","@graph":[{"@type":"WebPage","@id":"https:\/\/amafurni.vn\/chinh-sach-doi-tra-hang\/","url":"https:\/\/amafurni.vn\/chinh-sach-doi-tra-hang\/","name":"Ch\u00ednh s\u00e1ch \u0111\u1ed5i tr\u1ea3 h\u00e0ng - AMAFURNI","isPartOf":{"@id":"https:\/\/amafurni.vn\/#website"},"datePublished":"2024-09-30T09:50:44+00:00","dateModified":"2024-10-04T07:31:40+00:00","description":"\u0110\u1ed5i tr\u1ea3 theo nhu c\u1ea7u kh\u00e1ch h\u00e0ng (\u0111\u1ed5i tr\u1ea3 h\u00e0ng v\u00ec kh\u00f4ng \u01b0ng \u00fd)T\u1ea5t c\u1ea3 m\u1eb7t h\u00e0ng mua t\u1eeb AMA FURNITURE \u0111\u1ec1u c\u00f3 th\u1ec3 \u0111\u1ed5i tr\u1ea3 trong tr\u01b0\u1eddng h\u1ee3p \u0111\u00e1p \u1ee9ng y\u00eau c\u1ea7u v\u1ec1 th\u1eddi gian v\u00e0 \u0111i\u1ec1u ki\u1ec7n \u0111\u1ed5i tr\u1ea3 s\u1ea3n ph\u1ea9m.C\u1ee5 th\u1ec3, n\u1ebfu qu\u00fd kh\u00e1ch kh\u00f4ng h\u00e0i l\u00f2ng v\u1edbi s\u1ea3n ph\u1ea9m v\u1ec1 ch\u1ea5t l\u01b0\u1ee3ng v\u00e0 m\u1eabu m\u00e3 trong v\u00f2ng 24h, ch\u00fang t\u00f4i cam k\u1ebft ho\u00e0n ti\u1ec1n 100% cho qu\u00fd kh\u00e1ch.\u0110\u1ed5i tr\u1ea3 do l\u1ed7i c\u1ee7a AMA FURNITURET\u1ea5t c\u1ea3 c\u00e1c s\u1ea3n ph\u1ea9m do l\u1ed7i c\u1ee7a AMA FURNITURE: s\u1ea3n ph\u1ea9m kh\u00f4ng \u0111\u00fang m\u1eabu, giao h\u00e0ng vi ph\u1ea1m quy \u0111\u1ecbnh v\u1ec1 th\u1eddi gian\u2026..qu\u00fd kh\u00e1ch \u0111\u01b0\u1ee3c t\u1eeb ch\u1ed1i nh\u1eadn s\u1ea3n ph\u1ea9m, \u0111\u01b0\u1ee3c ho\u00e0n tr\u1ea3 ti\u1ec1n ho\u1eb7c \u0111\u1ed5i sang m\u1eabu kh\u00e1c. T\u1ea5t c\u1ea3 c\u00e1c chi ph\u00ed li\u00ean quan \u0111\u1ebfn vi\u1ec7c \u0111\u1ed5i tr\u1ea3, ho\u00e0n ti\u1ec1n s\u1ebd do AMA FURNITURE ch\u1ecbu tr\u00e1ch nhi\u1ec7m.","breadcrumb":{"@id":"https:\/\/amafurni.vn\/chinh-sach-doi-tra-hang\/#breadcrumb"},"inLanguage":"en-US","potentialAction":[{"@type":"ReadAction","target":["https:\/\/amafurni.vn\/chinh-sach-doi-tra-hang\/"]}]},{"@type":"BreadcrumbList","@id":"https:\/\/amafurni.vn\/chinh-sach-doi-tra-hang\/#breadcrumb","itemListElement":[{"@type":"ListItem","position":1,"name":"Trang ch\u1ee7","item":"https:\/\/amafurni.vn\/"},{"@type":"ListItem","position":2,"name":"Ch\u00ednh s\u00e1ch \u0111\u1ed5i tr\u1ea3 h\u00e0ng"}]},{"@type":"WebSite","@id":"https:\/\/amafurni.vn\/#website","url":"https:\/\/amafurni.vn\/","name":"AMAFURNI","description":"","potentialAction":[{"@type":"SearchAction","target":{"@type":"EntryPoint","urlTemplate":"https:\/\/amafurni.vn\/?s={search_term_string}"},"query-input":"required name=search_term_string"}],"inLanguage":"en-US"}]}},"_links":{"self":[{"href":"https:\/\/amafurni.vn\/en\/wp-json\/wp\/v2\/pages\/18487"}],"collection":[{"href":"https:\/\/amafurni.vn\/en\/wp-json\/wp\/v2\/pages"}],"about":[{"href":"https:\/\/amafurni.vn\/en\/wp-json\/wp\/v2\/types\/page"}],"author":[{"embeddable":true,"href":"https:\/\/amafurni.vn\/en\/wp-json\/wp\/v2\/users\/5"}],"replies":[{"embeddable":true,"href":"https:\/\/amafurni.vn\/en\/wp-json\/wp\/v2\/comments?post=18487"}],"version-history":[{"count":2,"href":"https:\/\/amafurni.vn\/en\/wp-json\/wp\/v2\/pages\/18487\/revisions"}],"predecessor-version":[{"id":18720,"href":"https:\/\/amafurni.vn\/en\/wp-json\/wp\/v2\/pages\/18487\/revisions\/18720"}],"wp:attachment":[{"href":"https:\/\/amafurni.vn\/en\/wp-json\/wp\/v2\/media?parent=18487"}],"curies":[{"name":"wp","href":"https:\/\/api.w.org\/{rel}","templated":true}]}}