{"id":3,"date":"2023-11-20T09:36:38","date_gmt":"2023-11-20T09:36:38","guid":{"rendered":"https:\/\/amafurni.123websitedev.com\/?page_id=3"},"modified":"2024-11-04T15:29:17","modified_gmt":"2024-11-04T08:29:17","slug":"chinh-sach-bao-mat","status":"publish","type":"page","link":"https:\/\/amafurni.vn\/en\/chinh-sach-bao-mat\/","title":{"rendered":"Privacy Policy"},"content":{"rendered":"<div id=\"SECTION226\" class=\"ladi-section\">\n<div class=\"ladi-container\">\n<div id=\"HEADLINE247\" class=\"ladi-element\">\n<h2 class=\"ladi-headline ladi-transition\">\u00a0 \u00a0 \u00a0 \u00a0 \u00a0 \u00a0 \u00a0 \u00a0 \u00a0 \u00a0 \u00a0 \u00a0 1. M\u1ee5c \u0111\u00edch v\u00e0 ph\u1ea1m vi thu th\u1eadp th\u00f4ng tin<\/h2>\n<\/div>\n<div id=\"PARAGRAPH249\" class=\"ladi-element\">\n<div class=\"ladi-paragraph ladi-transition\">\n<p style=\"padding-left: 200px;\">AMA FURNITURE kh\u00f4ng b\u00e1n, chia s\u1ebb hay trao \u0111\u1ed5i th\u00f4ng tin c\u00e1 nh\u00e2n c\u1ee7a kh\u00e1ch h\u00e0ng thu th\u1eadp tr\u00ean trang web cho m\u1ed9t b\u00ean th\u1ee9 ba n\u00e0o kh\u00e1c.<\/p>\n<p style=\"padding-left: 200px;\">Th\u00f4ng tin c\u00e1 nh\u00e2n thu th\u1eadp \u0111\u01b0\u1ee3c s\u1ebd ch\u1ec9 \u0111\u01b0\u1ee3c s\u1eed d\u1ee5ng trong n\u1ed9i b\u1ed9 c\u00f4ng ty. Khi b\u1ea1n li\u00ean h\u1ec7 \u0111\u0103ng k\u00fd d\u1ecbch v\u1ee5, th\u00f4ng tin c\u00e1 nh\u00e2n m\u00e0 AMA FURNITURE thu th\u1eadp bao g\u1ed3m:<\/p>\n<p style=\"padding-left: 200px;\">H\u1ecd v\u00e0 t\u00ean &#8211; \u0110\u1ecba ch\u1ec9 &#8211; \u0110i\u1ec7n tho\u1ea1i &#8211; Email<\/p>\n<p style=\"padding-left: 200px;\">Ngo\u00e0i th\u00f4ng tin c\u00e1 nh\u00e2n l\u00e0 c\u00e1c th\u00f4ng tin v\u1ec1 d\u1ecbch v\u1ee5:<\/p>\n<p style=\"padding-left: 200px;\">T\u00ean s\u1ea3n ph\u1ea9m<\/p>\n<p style=\"padding-left: 200px;\">S\u1ed1 l\u01b0\u1ee3ng<\/p>\n<p style=\"padding-left: 200px;\">Th\u1eddi gian giao nh\u1eadn s\u1ea3n ph\u1ea9m<\/p>\n<\/div>\n<\/div>\n<\/div>\n<\/div>\n<div id=\"SECTION273\" class=\"ladi-section\" style=\"padding-left: 40px;\">\n<div class=\"ladi-section-background\" style=\"padding-left: 40px;\"><\/div>\n<div class=\"ladi-container\" style=\"padding-left: 40px;\">\n<div id=\"HEADLINE274\" class=\"ladi-element\" style=\"padding-left: 40px;\">\n<h2 class=\"ladi-headline ladi-transition\" style=\"padding-left: 40px;\">2. Ph\u1ea1m vi s\u1eed d\u1ee5ng th\u00f4ng tin<\/h2>\n<\/div>\n<div id=\"PARAGRAPH275\" class=\"ladi-element\" style=\"padding-left: 40px;\">\n<div class=\"ladi-paragraph ladi-transition\" style=\"padding-left: 40px;\">\n<p style=\"padding-left: 40px;\">Th\u00f4ng tin c\u00e1 nh\u00e2n thu th\u1eadp \u0111\u01b0\u1ee3c s\u1ebd ch\u1ec9 \u0111\u01b0\u1ee3c AMA FURNITURE s\u1eed d\u1ee5ng trong n\u1ed9i b\u1ed9 c\u00f4ng ty v\u00e0 cho m\u1ed9t ho\u1eb7c t\u1ea5t c\u1ea3 c\u00e1c m\u1ee5c \u0111\u00edch sau \u0111\u00e2y:<\/p>\n<p style=\"padding-left: 40px;\">\u2022 H\u1ed7 tr\u1ee3 kh\u00e1ch h\u00e0ng<br \/>\n\u2022 Cung c\u1ea5p th\u00f4ng tin li\u00ean quan \u0111\u1ebfn d\u1ecbch v\u1ee5<br \/>\n\u2022 X\u1eed l\u00fd \u0111\u01a1n \u0111\u1eb7t h\u00e0ng v\u00e0 cung c\u1ea5p d\u1ecbch v\u1ee5 v\u00e0 th\u00f4ng tin qua trang web c\u1ee7a ch\u00fang t\u00f4i theo y\u00eau c\u1ea7u c\u1ee7a b\u1ea1n<\/p>\n<p style=\"padding-left: 40px;\">Ch\u00fang t\u00f4i c\u00f3 th\u1ec3 s\u1ebd g\u1eedi th\u00f4ng tin s\u1ea3n ph\u1ea9m, d\u1ecbch v\u1ee5 m\u1edbi, th\u00f4ng tin v\u1ec1 c\u00e1c s\u1ef1 ki\u1ec7n s\u1eafp t\u1edbi ho\u1eb7c th\u00f4ng tin tuy\u1ec3n d\u1ee5ng n\u1ebfu qu\u00fd kh\u00e1ch \u0111\u0103ng k\u00ed nh\u1eadn email th\u00f4ng b\u00e1o.<\/p>\n<p style=\"padding-left: 40px;\">Trong tr\u01b0\u1eddng h\u1ee3p c\u00f3 y\u00eau c\u1ea7u c\u1ee7a ph\u00e1p lu\u1eadt, C\u00f4ng ty c\u00f3 tr\u00e1ch nhi\u1ec7m h\u1ee3p t\u00e1c cung c\u1ea5p th\u00f4ng tin c\u00e1 nh\u00e2n kh\u00e1ch h\u00e0ng khi c\u00f3 y\u00eau c\u1ea7u t\u1eeb c\u01a1 quan t\u01b0 ph\u00e1p bao g\u1ed3m:Vi\u1ec7n ki\u1ec3m so\u00e1t, t\u00f2a \u00e1n, c\u01a1 quan c\u00f4ng an \u0111i\u1ec1u tra li\u00ean quan \u0111\u1ebfn h\u00e0nh vi vi ph\u1ea1m ph\u00e1p lu\u1eadt n\u00e0o \u0111\u00f3 c\u1ee7a kh\u00e1ch h\u00e0ng. Ngo\u00e0i ra kh\u00f4ng ai c\u00f3 quy\u1ec1n x\u00e2m ph\u1ea1m v\u00e0o th\u00f4ng tin c\u00e1 nh\u00e2n c\u1ee7a kh\u00e1ch h\u00e0ng.<\/p>\n<p style=\"padding-left: 40px;\">1. M\u1ee5c \u0111\u00edch v\u00e0 ph\u1ea1m vi thu th\u1eadp th\u00f4ng tin<\/p>\n<p style=\"padding-left: 40px;\">2. Ph\u1ea1m vi s\u1eed d\u1ee5ng th\u00f4ng tin<\/p>\n<p style=\"padding-left: 40px;\">3. Th\u1eddi gian l\u01b0u tr\u1eef th\u00f4ng tin<\/p>\n<p style=\"padding-left: 40px;\">4. Nh\u1eefng ng\u01b0\u1eddi ho\u1eb7c t\u1ed5 ch\u1ee9c c\u00f3 th\u1ec3 \u0111\u01b0\u1ee3c ti\u1ebfp c\u1eadn v\u1edbi th\u00f4ng tin c\u00e1 nh\u00e2n<\/p>\n<p style=\"padding-left: 40px;\">5. \u0110\u1ecba ch\u1ec9 c\u1ee7a \u0111\u01a1n v\u1ecb thu th\u1eadp v\u00e0 qu\u1ea3n l\u00fd th\u00f4ng tin c\u00e1 nh\u00e2n<\/p>\n<p style=\"padding-left: 40px;\">6. Ph\u01b0\u01a1ng ti\u1ec7n v\u00e0 c\u00f4ng c\u1ee5 \u0111\u1ec3 ng\u01b0\u1eddi d\u00f9ng ti\u1ebfp c\u1eadn v\u00e0 ch\u1ec9nh s\u1eeda d\u1eef li\u1ec7u c\u00e1 nh\u00e2n c\u1ee7a m\u00ecnh<\/p>\n<p style=\"padding-left: 40px;\">7. C\u01a1 ch\u1ebf ti\u1ebfp nh\u1eadn v\u00e0 gi\u1ea3i quy\u1ebft khi\u1ebfu n\u1ea1i c\u1ee7a ng\u01b0\u1eddi ti\u00eau d\u00f9ng li\u00ean quan \u0111\u1ebfn vi\u1ec7c th\u00f4ng tin c\u00e1 nh\u00e2n b\u1ecb s\u1eed d\u1ee5ng sai m\u1ee5c \u0111\u00edch ho\u1eb7c ph\u1ea1m vi \u0111\u00e3 th\u00f4ng b\u00e1o<\/p>\n<\/div>\n<\/div>\n<div id=\"LINE324\" class=\"ladi-element\" style=\"padding-left: 40px;\">\n<div class=\"ladi-line\" style=\"padding-left: 40px;\">\n<div class=\"ladi-line-container\" style=\"padding-left: 40px;\"><\/div>\n<\/div>\n<\/div>\n<div id=\"LINE325\" class=\"ladi-element\" style=\"padding-left: 40px;\">\n<div class=\"ladi-line\" style=\"padding-left: 40px;\">\n<div class=\"ladi-line-container\" style=\"padding-left: 40px;\"><\/div>\n<\/div>\n<\/div>\n<\/div>\n<\/div>\n<div id=\"SECTION298\" class=\"ladi-section\" style=\"padding-left: 40px;\">\n<div class=\"ladi-section-background\" style=\"padding-left: 40px;\"><\/div>\n<div class=\"ladi-container\" style=\"padding-left: 40px;\">\n<div id=\"HEADLINE299\" class=\"ladi-element\" style=\"padding-left: 40px;\">\n<h2 class=\"ladi-headline ladi-transition\" style=\"padding-left: 40px;\">3. Th\u1eddi gian l\u01b0u tr\u1eef th\u00f4ng tin<\/h2>\n<\/div>\n<div id=\"PARAGRAPH300\" class=\"ladi-element\" style=\"padding-left: 40px;\">\n<div class=\"ladi-paragraph ladi-transition\" style=\"padding-left: 40px;\">\u00a0 \u00a0 \u00a0 \u00a0 \u00a0\u0110\u1ed1i v\u1edbi th\u00f4ng tin c\u00e1 nh\u00e2n, AMA FURNITURE ch\u1ec9 x\u00f3a \u0111i d\u1eef li\u1ec7u n\u00e0y n\u1ebfu kh\u00e1ch h\u00e0ng c\u00f3 y\u00eau c\u1ea7u, kh\u00e1ch h\u00e0ng y\u00eau c\u1ea7u g\u1eedi mail v\u1ec1 Ama.Furni@Gmail.Com<\/div>\n<\/div>\n<div id=\"LINE326\" class=\"ladi-element\" style=\"padding-left: 40px;\">\n<div class=\"ladi-line\" style=\"padding-left: 40px;\">\n<div class=\"ladi-line-container\" style=\"padding-left: 40px;\"><\/div>\n<\/div>\n<\/div>\n<\/div>\n<\/div>\n<div id=\"SECTION301\" class=\"ladi-section\" style=\"padding-left: 40px;\">\n<div class=\"ladi-section-background\" style=\"padding-left: 40px;\"><\/div>\n<div class=\"ladi-container\" style=\"padding-left: 40px;\">\n<div id=\"HEADLINE302\" class=\"ladi-element\" style=\"padding-left: 40px;\">\n<h2 class=\"ladi-headline ladi-transition\" style=\"padding-left: 40px;\">4. Nh\u1eefng ng\u01b0\u1eddi ho\u1eb7c t\u1ed5 ch\u1ee9c c\u00f3 th\u1ec3 \u0111\u01b0\u1ee3c ti\u1ebfp c\u1eadn v\u1edbi th\u00f4ng tin c\u00e1 nh\u00e2n<\/h2>\n<\/div>\n<div id=\"PARAGRAPH303\" class=\"ladi-element\" style=\"padding-left: 40px;\">\n<div class=\"ladi-paragraph ladi-transition\" style=\"padding-left: 40px;\">\n<p style=\"padding-left: 40px;\">\u0110\u1ed1i t\u01b0\u1ee3ng \u0111\u01b0\u1ee3c ti\u1ebfp c\u1eadn v\u1edbi th\u00f4ng tin c\u00e1 nh\u00e2n c\u1ee7a kh\u00e1ch h\u00e0ng thu\u1ed9c m\u1ed9t trong nh\u1eefng tr\u01b0\u1eddng h\u1ee3p sau:<\/p>\n<p style=\"padding-left: 40px;\">\u2022 C\u00d4NG TY TNHH PH\u00c2N PH\u1ed0I &amp; TH\u01af\u01a0NG M\u1ea0I AMA<br \/>\n\u2022 C\u00e1c \u0111\u1ed1i t\u00e1c c\u00f3 k\u00fd h\u1ee3p \u0111\u1ed3ng th\u1ef1c hi\u1ec7n 1 ph\u1ea7n d\u1ecbch v\u1ee5 do C\u00d4NG TY TNHH PH\u00c2N PH\u1ed0I &amp; TH\u01af\u01a0NG M\u1ea0I AMA. C\u00e1c \u0111\u1ed1i t\u00e1c n\u00e0y s\u1ebd nh\u1eadn \u0111\u01b0\u1ee3c nh\u1eefng th\u00f4ng tin theo th\u1ecfa thu\u1eadn h\u1ee3p \u0111\u1ed3ng (c\u00f3 th\u1ec3 m\u1ed9t ph\u1ea7n ho\u1eb7c to\u00e0n b\u1ed9 th\u00f4ng tin t\u00f9y theo \u0111i\u1ec1u kho\u1ea3n h\u1ee3p \u0111\u1ed3ng) \u0111\u1ec3 ti\u1ebfn h\u00e0nh h\u1ed7 tr\u1ee3 ng\u01b0\u1eddi d\u00f9ng s\u1eed d\u1ee5ng d\u1ecbch v\u1ee5 do C\u00f4ng Ty cung c\u1ea5p.<\/p>\n<\/div>\n<\/div>\n<div id=\"LINE327\" class=\"ladi-element\" style=\"padding-left: 40px;\">\n<div class=\"ladi-line\" style=\"padding-left: 40px;\">\n<div class=\"ladi-line-container\" style=\"padding-left: 40px;\"><\/div>\n<\/div>\n<\/div>\n<\/div>\n<\/div>\n<div id=\"SECTION304\" class=\"ladi-section\" style=\"padding-left: 40px;\">\n<div class=\"ladi-section-background\" style=\"padding-left: 40px;\"><\/div>\n<div class=\"ladi-container\" style=\"padding-left: 40px;\">\n<div id=\"HEADLINE305\" class=\"ladi-element\" style=\"padding-left: 40px;\">\n<h2 class=\"ladi-headline ladi-transition\" style=\"padding-left: 40px;\">5. \u0110\u1ecba ch\u1ec9 c\u1ee7a \u0111\u01a1n v\u1ecb thu th\u1eadp v\u00e0 qu\u1ea3n l\u00fd th\u00f4ng tin c\u00e1 nh\u00e2n<\/h2>\n<\/div>\n<div id=\"PARAGRAPH306\" class=\"ladi-element\" style=\"padding-left: 40px;\">\n<div class=\"ladi-paragraph ladi-transition\" style=\"padding-left: 40px;\">\n<p style=\"padding-left: 40px;\">C\u00d4NG TY TNHH PH\u00c2N PH\u1ed0I &amp; TH\u01af\u01a0NG M\u1ea0I AMA<\/p>\n<p style=\"padding-left: 40px;\">\u2022 \u0110\u1ecba ch\u1ec9: 215 T\u00e2n S\u01a1n, P.15, Q.T\u00e2n B\u00ecnh, HCM<br \/>\n\u2022 \u0110i\u1ec7n tho\u1ea1i: 0906 963 408 &#8211; 093 668 0717<br \/>\n\u2022 Website:<a href=\"https:\/\/amafurni.vn\/en\/\">https:\/\/amafurni.vn\/\u00a0<\/a><br \/>\n\u2022 Email: Ama.Furni@Gmail.Com<\/p>\n<\/div>\n<\/div>\n<div id=\"LINE328\" class=\"ladi-element\" style=\"padding-left: 80px;\">\n<div class=\"ladi-line\" style=\"padding-left: 80px;\">\n<div class=\"ladi-line-container\" style=\"padding-left: 80px;\"><\/div>\n<\/div>\n<\/div>\n<\/div>\n<\/div>\n<div id=\"SECTION307\" class=\"ladi-section\" style=\"padding-left: 40px;\">\n<div class=\"ladi-section-background\" style=\"padding-left: 40px;\"><\/div>\n<div class=\"ladi-container\" style=\"padding-left: 40px;\">\n<div id=\"HEADLINE308\" class=\"ladi-element\" style=\"padding-left: 40px;\">\n<h2 class=\"ladi-headline ladi-transition\" style=\"padding-left: 40px;\">6. Ph\u01b0\u01a1ng ti\u1ec7n v\u00e0 c\u00f4ng c\u1ee5 \u0111\u1ec3 ng\u01b0\u1eddi d\u00f9ng ti\u1ebfp c\u1eadn v\u00e0 ch\u1ec9nh s\u1eeda d\u1eef li\u1ec7u c\u00e1 nh\u00e2n c\u1ee7a m\u00ecnh<\/h2>\n<\/div>\n<div id=\"PARAGRAPH309\" class=\"ladi-element\" style=\"padding-left: 40px;\">\n<div class=\"ladi-paragraph ladi-transition\" style=\"padding-left: 40px;\">\n<p style=\"padding-left: 40px;\">AMA FURNITURE kh\u00f4ng thu th\u1eadp th\u00f4ng tin kh\u00e1ch h\u00e0ng qua trang web, th\u00f4ng tin c\u00e1 nh\u00e2n kh\u00e1ch h\u00e0ng \u0111\u01b0\u1ee3c th\u1ef1c hi\u1ec7n thu th\u1eadp qua email li\u00ean h\u1ec7 \u0111\u1eb7t mua s\u1ea3n ph\u1ea9m, d\u1ecbch v\u1ee5 g\u1eedi v\u1ec1 h\u1ed9p mail c\u1ee7a ch\u00fang t\u00f4i: Ama.Furni@Gmail.Com ho\u1eb7c s\u1ed1 \u0111i\u1ec7n tho\u1ea1i li\u00ean h\u1ec7 \u0111\u1eb7t mua s\u1ea3n ph\u1ea9m g\u1ecdi v\u1ec1 Hotline 0906 963 408 &#8211; 093 668 0717.<\/p>\n<p style=\"padding-left: 40px;\">B\u1ea1n c\u00f3 th\u1ec3 li\u00ean h\u1ec7 \u0111\u1ecba ch\u1ec9 email c\u00f9ng s\u1ed1 \u0111i\u1ec7n tho\u1ea1i tr\u00ean \u0111\u1ec3 y\u00eau c\u1ea7u AMA FURNITURE ch\u1ec9nh s\u1eeda d\u1eef li\u1ec7u c\u00e1 nh\u00e2n c\u1ee7a m\u00ecnh.<\/p>\n<\/div>\n<\/div>\n<div id=\"LINE329\" class=\"ladi-element\" style=\"padding-left: 40px;\">\n<div class=\"ladi-line\" style=\"padding-left: 40px;\">\n<div class=\"ladi-line-container\" style=\"padding-left: 40px;\"><\/div>\n<\/div>\n<\/div>\n<\/div>\n<\/div>\n<div id=\"SECTION310\" class=\"ladi-section\" style=\"padding-left: 40px;\">\n<div class=\"ladi-section-background\" style=\"padding-left: 40px;\"><\/div>\n<div class=\"ladi-container\" style=\"padding-left: 40px;\">\n<div id=\"HEADLINE311\" class=\"ladi-element\" style=\"padding-left: 40px;\">\n<h2 class=\"ladi-headline ladi-transition\" style=\"padding-left: 40px;\">7. C\u01a1 ch\u1ebf ti\u1ebfp nh\u1eadn v\u00e0 gi\u1ea3i quy\u1ebft khi\u1ebfu n\u1ea1i c\u1ee7a ng\u01b0\u1eddi ti\u00eau d\u00f9ng li\u00ean quan \u0111\u1ebfn vi\u1ec7c th\u00f4ng tin c\u00e1 nh\u00e2n b\u1ecb s\u1eed d\u1ee5ng sai m\u1ee5c \u0111\u00edch ho\u1eb7c ph\u1ea1m vi \u0111\u00e3 th\u00f4ng b\u00e1o<\/h2>\n<\/div>\n<div id=\"PARAGRAPH312\" class=\"ladi-element\" style=\"padding-left: 40px;\">\n<div class=\"ladi-paragraph ladi-transition\" style=\"padding-left: 40px;\">\n<p style=\"padding-left: 40px;\">T\u1ea1i AMA FURNITURE, vi\u1ec7c b\u1ea3o v\u1ec7 th\u00f4ng tin c\u00e1 nh\u00e2n c\u1ee7a b\u1ea1n l\u00e0 r\u1ea5t quan tr\u1ecdng, b\u1ea1n \u0111\u01b0\u1ee3c \u0111\u1ea3m b\u1ea3o r\u1eb1ng th\u00f4ng tin cung c\u1ea5p cho ch\u00fang t\u00f4i s\u1ebd \u0111\u01b0\u1ee3c b\u1ea3o m\u1eadt, AMA FURNITUREcam k\u1ebft kh\u00f4ng chia s\u1ebb, b\u00e1n ho\u1eb7c cho thu\u00ea th\u00f4ng tin c\u00e1 nh\u00e2n c\u1ee7a b\u1ea1n cho b\u1ea5t k\u1ef3 ng\u01b0\u1eddi n\u00e0o kh\u00e1c.<\/p>\n<p style=\"padding-left: 40px;\">AMA FURNITURE cam k\u1ebft ch\u1ec9 s\u1eed d\u1ee5ng c\u00e1c th\u00f4ng tin c\u1ee7a b\u1ea1n v\u00e0o c\u00e1c tr\u01b0\u1eddng h\u1ee3p sau:<\/p>\n<p style=\"padding-left: 40px;\">\u2022 N\u00e2ng cao ch\u1ea5t l\u01b0\u1ee3ng d\u1ecbch v\u1ee5 d\u00e0nh cho kh\u00e1ch h\u00e0ng<br \/>\n\u2022 Gi\u1ea3i quy\u1ebft c\u00e1c tranh ch\u1ea5p, khi\u1ebfu n\u1ea1i Khi c\u01a1 quan ph\u00e1p lu\u1eadt c\u00f3 y\u00eau c\u1ea7u<\/p>\n<p style=\"padding-left: 40px;\">AMA FURNITURE hi\u1ec3u r\u1eb1ng quy\u1ec1n l\u1ee3i c\u1ee7a b\u1ea1n trong vi\u1ec7c b\u1ea3o v\u1ec7 th\u00f4ng tin c\u00e1 nh\u00e2n c\u0169ng ch\u00ednh l\u00e0 tr\u00e1ch nhi\u1ec7m c\u1ee7a ch\u00fang t\u00f4i n\u00ean trong b\u1ea5t k\u1ef3 tr\u01b0\u1eddng h\u1ee3p c\u00f3 th\u1eafc m\u1eafc, g\u00f3p \u00fd n\u00e0o li\u00ean quan \u0111\u1ebfn ch\u00ednh s\u00e1ch b\u1ea3o m\u1eadt c\u1ee7a AMA FURNITURE, v\u00e0 li\u00ean quan \u0111\u1ebfn vi\u1ec7c th\u00f4ng tin c\u00e1 nh\u00e2n b\u1ecb s\u1eed d\u1ee5ng sai m\u1ee5c \u0111\u00edch ho\u1eb7c ph\u1ea1m vi \u0111\u00e3 th\u00f4ng b\u00e1o vui l\u00f2ng li\u00ean h\u1ec7 qua s\u1ed1 Hotline 0906 963 408 &#8211; 093 668 0717 ho\u1eb7c email: Ama.Furni@Gmail.Com.<\/p>\n<\/div>\n<\/div>\n<\/div>\n<\/div>","protected":false},"excerpt":{"rendered":"<p>\u00a0 \u00a0 \u00a0 \u00a0 \u00a0 \u00a0 \u00a0 \u00a0 \u00a0 \u00a0 \u00a0 \u00a0 1. M\u1ee5c \u0111\u00edch v\u00e0 ph\u1ea1m vi thu th\u1eadp th\u00f4ng tin AMA FURNITURE kh\u00f4ng b\u00e1n, chia s\u1ebb hay trao \u0111\u1ed5i th\u00f4ng tin c\u00e1 nh\u00e2n c\u1ee7a kh\u00e1ch h\u00e0ng thu th\u1eadp tr\u00ean trang web cho m\u1ed9t b\u00ean th\u1ee9 ba n\u00e0o kh\u00e1c. Th\u00f4ng tin c\u00e1 nh\u00e2n thu [&hellip;]<\/p>","protected":false},"author":1,"featured_media":0,"parent":0,"menu_order":0,"comment_status":"closed","ping_status":"closed","template":"elementor_header_footer","meta":{"footnotes":""},"yoast_head":"<!-- This site is optimized with the Yoast SEO Premium plugin v21.7 (Yoast SEO v21.7) - https:\/\/yoast.com\/wordpress\/plugins\/seo\/ -->\n<title>Ch\u00ednh s\u00e1ch b\u1ea3o m\u1eadt - AMAFURNI<\/title>\n<meta name=\"description\" content=\"T\u1ea1i AMA FURNITURE, vi\u1ec7c b\u1ea3o v\u1ec7 th\u00f4ng tin c\u00e1 nh\u00e2n c\u1ee7a b\u1ea1n l\u00e0 r\u1ea5t quan tr\u1ecdng, b\u1ea1n \u0111\u01b0\u1ee3c \u0111\u1ea3m b\u1ea3o r\u1eb1ng th\u00f4ng tin cung c\u1ea5p cho ch\u00fang t\u00f4i s\u1ebd \u0111\u01b0\u1ee3c b\u1ea3o m\u1eadt, AMA FURNITUREcam k\u1ebft kh\u00f4ng chia s\u1ebb, b\u00e1n ho\u1eb7c cho thu\u00ea th\u00f4ng tin c\u00e1 nh\u00e2n c\u1ee7a b\u1ea1n cho b\u1ea5t k\u1ef3 ng\u01b0\u1eddi n\u00e0o kh\u00e1c.AMA FURNITURE cam k\u1ebft ch\u1ec9 s\u1eed d\u1ee5ng c\u00e1c th\u00f4ng tin c\u1ee7a b\u1ea1n v\u00e0o c\u00e1c tr\u01b0\u1eddng h\u1ee3p sau:\u2022 N\u00e2ng cao ch\u1ea5t l\u01b0\u1ee3ng d\u1ecbch v\u1ee5 d\u00e0nh cho kh\u00e1ch h\u00e0ng\u2022 Gi\u1ea3i quy\u1ebft c\u00e1c tranh ch\u1ea5p, khi\u1ebfu n\u1ea1i Khi c\u01a1 quan ph\u00e1p lu\u1eadt c\u00f3 y\u00eau c\u1ea7u\" \/>\n<meta name=\"robots\" content=\"index, follow, max-snippet:-1, max-image-preview:large, max-video-preview:-1\" \/>\n<link rel=\"canonical\" href=\"https:\/\/amafurni.vn\/en\/chinh-sach-bao-mat\/\" \/>\n<meta property=\"og:locale\" content=\"en_US\" \/>\n<meta property=\"og:type\" content=\"article\" \/>\n<meta property=\"og:title\" content=\"Ch\u00ednh s\u00e1ch b\u1ea3o m\u1eadt\" \/>\n<meta property=\"og:description\" content=\"T\u1ea1i AMA FURNITURE, vi\u1ec7c b\u1ea3o v\u1ec7 th\u00f4ng tin c\u00e1 nh\u00e2n c\u1ee7a b\u1ea1n l\u00e0 r\u1ea5t quan tr\u1ecdng, b\u1ea1n \u0111\u01b0\u1ee3c \u0111\u1ea3m b\u1ea3o r\u1eb1ng th\u00f4ng tin cung c\u1ea5p cho ch\u00fang t\u00f4i s\u1ebd \u0111\u01b0\u1ee3c b\u1ea3o m\u1eadt, AMA FURNITUREcam k\u1ebft kh\u00f4ng chia s\u1ebb, b\u00e1n ho\u1eb7c cho thu\u00ea th\u00f4ng tin c\u00e1 nh\u00e2n c\u1ee7a b\u1ea1n cho b\u1ea5t k\u1ef3 ng\u01b0\u1eddi n\u00e0o kh\u00e1c.AMA FURNITURE cam k\u1ebft ch\u1ec9 s\u1eed d\u1ee5ng c\u00e1c th\u00f4ng tin c\u1ee7a b\u1ea1n v\u00e0o c\u00e1c tr\u01b0\u1eddng h\u1ee3p sau:\u2022 N\u00e2ng cao ch\u1ea5t l\u01b0\u1ee3ng d\u1ecbch v\u1ee5 d\u00e0nh cho kh\u00e1ch h\u00e0ng\u2022 Gi\u1ea3i quy\u1ebft c\u00e1c tranh ch\u1ea5p, khi\u1ebfu n\u1ea1i Khi c\u01a1 quan ph\u00e1p lu\u1eadt c\u00f3 y\u00eau c\u1ea7u\" \/>\n<meta property=\"og:url\" content=\"https:\/\/amafurni.vn\/en\/chinh-sach-bao-mat\/\" \/>\n<meta property=\"og:site_name\" content=\"AMAFURNI\" \/>\n<meta property=\"article:modified_time\" content=\"2024-11-04T08:29:17+00:00\" \/>\n<meta name=\"twitter:card\" content=\"summary_large_image\" \/>\n<meta name=\"twitter:label1\" content=\"Est. reading time\" \/>\n\t<meta name=\"twitter:data1\" content=\"6 minutes\" \/>\n<script type=\"application\/ld+json\" class=\"yoast-schema-graph\">{\"@context\":\"https:\/\/schema.org\",\"@graph\":[{\"@type\":\"WebPage\",\"@id\":\"https:\/\/amafurni.vn\/chinh-sach-bao-mat\/\",\"url\":\"https:\/\/amafurni.vn\/chinh-sach-bao-mat\/\",\"name\":\"Ch\u00ednh s\u00e1ch b\u1ea3o m\u1eadt - AMAFURNI\",\"isPartOf\":{\"@id\":\"https:\/\/amafurni.vn\/#website\"},\"datePublished\":\"2023-11-20T09:36:38+00:00\",\"dateModified\":\"2024-11-04T08:29:17+00:00\",\"description\":\"T\u1ea1i AMA FURNITURE, vi\u1ec7c b\u1ea3o v\u1ec7 th\u00f4ng tin c\u00e1 nh\u00e2n c\u1ee7a b\u1ea1n l\u00e0 r\u1ea5t quan tr\u1ecdng, b\u1ea1n \u0111\u01b0\u1ee3c \u0111\u1ea3m b\u1ea3o r\u1eb1ng th\u00f4ng tin cung c\u1ea5p cho ch\u00fang t\u00f4i s\u1ebd \u0111\u01b0\u1ee3c b\u1ea3o m\u1eadt, AMA FURNITUREcam k\u1ebft kh\u00f4ng chia s\u1ebb, b\u00e1n ho\u1eb7c cho thu\u00ea th\u00f4ng tin c\u00e1 nh\u00e2n c\u1ee7a b\u1ea1n cho b\u1ea5t k\u1ef3 ng\u01b0\u1eddi n\u00e0o kh\u00e1c.AMA FURNITURE cam k\u1ebft ch\u1ec9 s\u1eed d\u1ee5ng c\u00e1c th\u00f4ng tin c\u1ee7a b\u1ea1n v\u00e0o c\u00e1c tr\u01b0\u1eddng h\u1ee3p sau:\u2022 N\u00e2ng cao ch\u1ea5t l\u01b0\u1ee3ng d\u1ecbch v\u1ee5 d\u00e0nh cho kh\u00e1ch h\u00e0ng\u2022 Gi\u1ea3i quy\u1ebft c\u00e1c tranh ch\u1ea5p, khi\u1ebfu n\u1ea1i Khi c\u01a1 quan ph\u00e1p lu\u1eadt c\u00f3 y\u00eau c\u1ea7u\",\"breadcrumb\":{\"@id\":\"https:\/\/amafurni.vn\/chinh-sach-bao-mat\/#breadcrumb\"},\"inLanguage\":\"en-US\",\"potentialAction\":[{\"@type\":\"ReadAction\",\"target\":[\"https:\/\/amafurni.vn\/chinh-sach-bao-mat\/\"]}]},{\"@type\":\"BreadcrumbList\",\"@id\":\"https:\/\/amafurni.vn\/chinh-sach-bao-mat\/#breadcrumb\",\"itemListElement\":[{\"@type\":\"ListItem\",\"position\":1,\"name\":\"Trang ch\u1ee7\",\"item\":\"https:\/\/amafurni.vn\/\"},{\"@type\":\"ListItem\",\"position\":2,\"name\":\"Ch\u00ednh s\u00e1ch b\u1ea3o m\u1eadt\"}]},{\"@type\":\"WebSite\",\"@id\":\"https:\/\/amafurni.vn\/#website\",\"url\":\"https:\/\/amafurni.vn\/\",\"name\":\"AMAFURNI\",\"description\":\"\",\"potentialAction\":[{\"@type\":\"SearchAction\",\"target\":{\"@type\":\"EntryPoint\",\"urlTemplate\":\"https:\/\/amafurni.vn\/?s={search_term_string}\"},\"query-input\":\"required name=search_term_string\"}],\"inLanguage\":\"en-US\"}]}<\/script>\n<!-- \/ Yoast SEO Premium plugin. -->","yoast_head_json":{"title":"Ch\u00ednh s\u00e1ch b\u1ea3o m\u1eadt - AMAFURNI","description":"T\u1ea1i AMA FURNITURE, vi\u1ec7c b\u1ea3o v\u1ec7 th\u00f4ng tin c\u00e1 nh\u00e2n c\u1ee7a b\u1ea1n l\u00e0 r\u1ea5t quan tr\u1ecdng, b\u1ea1n \u0111\u01b0\u1ee3c \u0111\u1ea3m b\u1ea3o r\u1eb1ng th\u00f4ng tin cung c\u1ea5p cho ch\u00fang t\u00f4i s\u1ebd \u0111\u01b0\u1ee3c b\u1ea3o m\u1eadt, AMA FURNITUREcam k\u1ebft kh\u00f4ng chia s\u1ebb, b\u00e1n ho\u1eb7c cho thu\u00ea th\u00f4ng tin c\u00e1 nh\u00e2n c\u1ee7a b\u1ea1n cho b\u1ea5t k\u1ef3 ng\u01b0\u1eddi n\u00e0o kh\u00e1c.AMA FURNITURE cam k\u1ebft ch\u1ec9 s\u1eed d\u1ee5ng c\u00e1c th\u00f4ng tin c\u1ee7a b\u1ea1n v\u00e0o c\u00e1c tr\u01b0\u1eddng h\u1ee3p sau:\u2022 N\u00e2ng cao ch\u1ea5t l\u01b0\u1ee3ng d\u1ecbch v\u1ee5 d\u00e0nh cho kh\u00e1ch h\u00e0ng\u2022 Gi\u1ea3i quy\u1ebft c\u00e1c tranh ch\u1ea5p, khi\u1ebfu n\u1ea1i Khi c\u01a1 quan ph\u00e1p lu\u1eadt c\u00f3 y\u00eau c\u1ea7u","robots":{"index":"index","follow":"follow","max-snippet":"max-snippet:-1","max-image-preview":"max-image-preview:large","max-video-preview":"max-video-preview:-1"},"canonical":"https:\/\/amafurni.vn\/en\/chinh-sach-bao-mat\/","og_locale":"en_US","og_type":"article","og_title":"Ch\u00ednh s\u00e1ch b\u1ea3o m\u1eadt","og_description":"T\u1ea1i AMA FURNITURE, vi\u1ec7c b\u1ea3o v\u1ec7 th\u00f4ng tin c\u00e1 nh\u00e2n c\u1ee7a b\u1ea1n l\u00e0 r\u1ea5t quan tr\u1ecdng, b\u1ea1n \u0111\u01b0\u1ee3c \u0111\u1ea3m b\u1ea3o r\u1eb1ng th\u00f4ng tin cung c\u1ea5p cho ch\u00fang t\u00f4i s\u1ebd \u0111\u01b0\u1ee3c b\u1ea3o m\u1eadt, AMA FURNITUREcam k\u1ebft kh\u00f4ng chia s\u1ebb, b\u00e1n ho\u1eb7c cho thu\u00ea th\u00f4ng tin c\u00e1 nh\u00e2n c\u1ee7a b\u1ea1n cho b\u1ea5t k\u1ef3 ng\u01b0\u1eddi n\u00e0o kh\u00e1c.AMA FURNITURE cam k\u1ebft ch\u1ec9 s\u1eed d\u1ee5ng c\u00e1c th\u00f4ng tin c\u1ee7a b\u1ea1n v\u00e0o c\u00e1c tr\u01b0\u1eddng h\u1ee3p sau:\u2022 N\u00e2ng cao ch\u1ea5t l\u01b0\u1ee3ng d\u1ecbch v\u1ee5 d\u00e0nh cho kh\u00e1ch h\u00e0ng\u2022 Gi\u1ea3i quy\u1ebft c\u00e1c tranh ch\u1ea5p, khi\u1ebfu n\u1ea1i Khi c\u01a1 quan ph\u00e1p lu\u1eadt c\u00f3 y\u00eau c\u1ea7u","og_url":"https:\/\/amafurni.vn\/en\/chinh-sach-bao-mat\/","og_site_name":"AMAFURNI","article_modified_time":"2024-11-04T08:29:17+00:00","twitter_card":"summary_large_image","twitter_misc":{"Est. reading time":"6 minutes"},"schema":{"@context":"https:\/\/schema.org","@graph":[{"@type":"WebPage","@id":"https:\/\/amafurni.vn\/chinh-sach-bao-mat\/","url":"https:\/\/amafurni.vn\/chinh-sach-bao-mat\/","name":"Ch\u00ednh s\u00e1ch b\u1ea3o m\u1eadt - AMAFURNI","isPartOf":{"@id":"https:\/\/amafurni.vn\/#website"},"datePublished":"2023-11-20T09:36:38+00:00","dateModified":"2024-11-04T08:29:17+00:00","description":"T\u1ea1i AMA FURNITURE, vi\u1ec7c b\u1ea3o v\u1ec7 th\u00f4ng tin c\u00e1 nh\u00e2n c\u1ee7a b\u1ea1n l\u00e0 r\u1ea5t quan tr\u1ecdng, b\u1ea1n \u0111\u01b0\u1ee3c \u0111\u1ea3m b\u1ea3o r\u1eb1ng th\u00f4ng tin cung c\u1ea5p cho ch\u00fang t\u00f4i s\u1ebd \u0111\u01b0\u1ee3c b\u1ea3o m\u1eadt, AMA FURNITUREcam k\u1ebft kh\u00f4ng chia s\u1ebb, b\u00e1n ho\u1eb7c cho thu\u00ea th\u00f4ng tin c\u00e1 nh\u00e2n c\u1ee7a b\u1ea1n cho b\u1ea5t k\u1ef3 ng\u01b0\u1eddi n\u00e0o kh\u00e1c.AMA FURNITURE cam k\u1ebft ch\u1ec9 s\u1eed d\u1ee5ng c\u00e1c th\u00f4ng tin c\u1ee7a b\u1ea1n v\u00e0o c\u00e1c tr\u01b0\u1eddng h\u1ee3p sau:\u2022 N\u00e2ng cao ch\u1ea5t l\u01b0\u1ee3ng d\u1ecbch v\u1ee5 d\u00e0nh cho kh\u00e1ch h\u00e0ng\u2022 Gi\u1ea3i quy\u1ebft c\u00e1c tranh ch\u1ea5p, khi\u1ebfu n\u1ea1i Khi c\u01a1 quan ph\u00e1p lu\u1eadt c\u00f3 y\u00eau c\u1ea7u","breadcrumb":{"@id":"https:\/\/amafurni.vn\/chinh-sach-bao-mat\/#breadcrumb"},"inLanguage":"en-US","potentialAction":[{"@type":"ReadAction","target":["https:\/\/amafurni.vn\/chinh-sach-bao-mat\/"]}]},{"@type":"BreadcrumbList","@id":"https:\/\/amafurni.vn\/chinh-sach-bao-mat\/#breadcrumb","itemListElement":[{"@type":"ListItem","position":1,"name":"Trang ch\u1ee7","item":"https:\/\/amafurni.vn\/"},{"@type":"ListItem","position":2,"name":"Ch\u00ednh s\u00e1ch b\u1ea3o m\u1eadt"}]},{"@type":"WebSite","@id":"https:\/\/amafurni.vn\/#website","url":"https:\/\/amafurni.vn\/","name":"AMAFURNI","description":"","potentialAction":[{"@type":"SearchAction","target":{"@type":"EntryPoint","urlTemplate":"https:\/\/amafurni.vn\/?s={search_term_string}"},"query-input":"required name=search_term_string"}],"inLanguage":"en-US"}]}},"_links":{"self":[{"href":"https:\/\/amafurni.vn\/en\/wp-json\/wp\/v2\/pages\/3"}],"collection":[{"href":"https:\/\/amafurni.vn\/en\/wp-json\/wp\/v2\/pages"}],"about":[{"href":"https:\/\/amafurni.vn\/en\/wp-json\/wp\/v2\/types\/page"}],"author":[{"embeddable":true,"href":"https:\/\/amafurni.vn\/en\/wp-json\/wp\/v2\/users\/1"}],"replies":[{"embeddable":true,"href":"https:\/\/amafurni.vn\/en\/wp-json\/wp\/v2\/comments?post=3"}],"version-history":[{"count":7,"href":"https:\/\/amafurni.vn\/en\/wp-json\/wp\/v2\/pages\/3\/revisions"}],"predecessor-version":[{"id":19177,"href":"https:\/\/amafurni.vn\/en\/wp-json\/wp\/v2\/pages\/3\/revisions\/19177"}],"wp:attachment":[{"href":"https:\/\/amafurni.vn\/en\/wp-json\/wp\/v2\/media?parent=3"}],"curies":[{"name":"wp","href":"https:\/\/api.w.org\/{rel}","templated":true}]}}