{"id":384,"date":"2023-11-21T04:16:50","date_gmt":"2023-11-21T04:16:50","guid":{"rendered":"https:\/\/amafurni.123websitedev.com\/?page_id=384"},"modified":"2024-11-26T22:39:28","modified_gmt":"2024-11-26T15:39:28","slug":"gioi-thieu","status":"publish","type":"page","link":"https:\/\/amafurni.vn\/en\/gioi-thieu\/","title":{"rendered":"Introduce"},"content":{"rendered":"<div data-elementor-type=\"wp-page\" data-elementor-id=\"384\" class=\"elementor elementor-384\" data-elementor-post-type=\"page\">\n\t\t\t\t\t\t\t\t\t<section class=\"elementor-section elementor-top-section elementor-element elementor-element-a381910 elementor-section-boxed elementor-section-height-default elementor-section-height-default\" data-id=\"a381910\" data-element_type=\"section\">\n\t\t\t\t\t\t<div class=\"elementor-container elementor-column-gap-default\">\n\t\t\t\t\t<div class=\"elementor-column elementor-col-100 elementor-top-column elementor-element elementor-element-e196b1c\" data-id=\"e196b1c\" data-element_type=\"column\">\n\t\t\t<div class=\"elementor-widget-wrap elementor-element-populated\">\n\t\t\t\t\t\t\t\t<div class=\"elementor-element elementor-element-4e0113b elementor-widget elementor-widget-text-editor\" data-id=\"4e0113b\" data-element_type=\"widget\" data-widget_type=\"text-editor.default\">\n\t\t\t\t<div class=\"elementor-widget-container\">\n\t\t\t\t\t\t\t<p>AMA FURNITURE l\u00e0 th\u01b0\u01a1ng hi\u1ec7u ph\u00e2n ph\u1ed1i S\u1ec9 v\u00e0 L\u1ebb c\u00e1c s\u1ea3n ph\u1ea9m n\u1ed9i th\u1ea5t \u0111a d\u1ea1ng: V\u0103n ph\u00f2ng, Gia \u0110\u00ecnh, Kh\u00f4ng gian gi\u1ea3i tr\u00ed, N\u1ed9i th\u1ea5t ngo\u00e0i tr\u1eddi, N\u1ed9i th\u1ea5t c\u00f4ng c\u1ed9ng,&#8230;<\/p>\n<p>S\u1ee9 m\u1ec7nh: &#8220;N\u00c2NG T\u1ea6M KH\u00d4NG GIAN S\u1ed0NG C\u1ee6A NG\u01af\u1edcI VI\u1ec6T &#8220;<\/p>\n<p>Ra \u0111\u1eddi t\u1eeb n\u0103m 2015 v\u1edbi Th\u01b0\u01a1ng hi\u1ec7u MINA FURNITURE, sau 9 n\u0103m ph\u00e1t tri\u1ec3n , AMA Furniture d\u1ea7n kh\u1eb3ng \u0111\u1ecbnh \u0111\u01b0\u1ee3c v\u1ecb tr\u00ed trong l\u0129nh v\u1ef1c ph\u00e2n ph\u1ed1i S\u1ec9 v\u00e0 L\u1ebb c\u00e1c s\u1ea3n ph\u1ea9m N\u1ed9i Th\u1ea5t V\u0103n Ph\u00f2ng, Gia \u0110\u00ecnh, v\u00e0 \u0111ang tr\u00ean \u0111\u01b0\u1eddng m\u1edf r\u1ed9ng sang c\u00e1c l\u0129nh v\u1ef1c ph\u00e2n ph\u1ed1i kh\u00e1c g\u1ed3m M\u00e1y L\u1ecdc N\u01b0\u1edbc v\u00e0 \u0110\u1ed3 Gia D\u1ee5ng Nh\u00e0 B\u1ebfp<\/p>\n<p><span style=\"font-family: var( --e-global-typography-text-font-family ), Sans-serif;\">Ph\u00e1p nh\u00e2n kinh doanh :&nbsp;<\/span><\/p>\n<p><span style=\"font-family: var( --e-global-typography-text-font-family ), Sans-serif;\">C\u00d4NG TY TNHH PH\u00c2N PH\u1ed0I V\u00c0 TH\u01af\u01a0NG M\u1ea0I AMA<\/span><\/p>\n<p>M\u00e3 s\u1ed1 doanh nghi\u1ec7p : 0316287510<\/p>\n<p>\u0110\u1ecba ch\u1ec9 : 215 T\u00e2n S\u01a1n, Ph\u01b0\u1eddng 15, Qu\u1eadn T\u00e2n B\u00ecnh, Th\u00e0nh Ph\u1ed1 H\u1ed3 Ch\u00ed Minh.<\/p>\n<p>V\u1edbi khao kh\u00e1t mang \u0111\u1ebfn cho t\u1eebng kh\u00f4ng gian n\u1ed9i th\u1ea5t nh\u1eefng s\u1ea3n ph\u1ea9m t\u1ed1t nh\u1ea5t, th\u1eddi trang v\u00e0 \u0111a n\u0103ng nh\u1ea5t, AMA Furniture lu\u00f4n c\u1eadp nh\u1eadt nh\u1eefng xu h\u01b0\u1edbng n\u1ed9i th\u1ea5t m\u1edbi nh\u1ea5t t\u1eeb th\u1ecb tr\u01b0\u1eddng t\u1ec9 d\u00e2n Trung Qu\u1ed1c.<\/p>\n<p>Ngo\u00e0i ra, AMA Furniture c\u00f2n s\u1edf h\u1eefu nh\u00e0 x\u01b0\u1edfng s\u1ea3n xu\u1ea5t SOFA, v\u00e0 Nh\u00e0 m\u00e1y s\u1ea3n xu\u1ea5t v\u00e1n c\u00f4ng nghi\u1ec7p t\u1ea1i \u0111\u1ecba b\u00e0n Tp.H\u1ed3 Ch\u00ed Minh \u0111\u1ec3 \u0111\u00e1p \u1ee9ng m\u1ecdi nhu c\u1ea7u c\u1ee7a kh\u00e1ch h\u00e0ng.<\/p>\n<p>C\u00e1c Nh\u00f3m S\u1ea3n Ph\u1ea9m kinh doanh :&nbsp;<\/p>\n<p>&#8211; N\u1ed8I TH\u1ea4T V\u0102N PH\u00d2NG : b\u00e0n gh\u1ebf d\u00e0nh cho S\u1ebfp, b\u00e0n gh\u1ebf d\u00e0nh cho nh\u00e2n vi\u00ean, b\u00e0n gh\u1ebf ph\u00f2ng h\u1ecdp, h\u1ed9i tr\u01b0\u1eddng, t\u1ee7 h\u1ed3 s\u01a1, sofa v\u0103n ph\u00f2ng,&#8230;<\/p>\n<p>&#8211; N\u1ed8I TH\u1ea4T GIA \u0110\u00ccNH : sofa , b\u00e0n sofa, k\u1ec7 tivi , b\u1ed9 b\u00e0n \u0103n, b\u1ed9 b\u00e0n \u0103n b\u1ebfp \u0111i\u1ec7n t\u1eeb, gi\u01b0\u1eddng ng\u1ee7, t\u1ee7 qu\u1ea7n \u00e1o, b\u1ed9 b\u00e0n trang \u0111i\u1ec3m,&#8230;<\/p>\n<p>&#8211; S\u1ea2N XU\u1ea4T SOFA : b\u00e0n gh\u1ebf coffee, b\u00e0n gh\u1ebf bar, b\u00e0n gh\u1ebf ngo\u00e0i tr\u1eddi, b\u00e0n gh\u1ebf s\u00e2n v\u01b0\u1eddn, sofa ti\u1ec7m nail, spa, studio ch\u1ee5p \u1ea3nh, studio \u00e1o c\u01b0\u1edbi, nha khoa,&#8230;.<\/p>\n<p>&#8211; S\u1ea2N XU\u1ea4T V\u00c0 THI C\u00d4NG V\u00c1N G\u1ed6 C\u00d4NG NGHI\u1ec6P<\/p>\n<p>Ph\u00e1t tri\u1ec3n v\u1edbi xu th\u1ebf chung, gi\u1eefa n\u0103m 2020 AMA FURNITURE quy\u1ebft t\u00e2m m\u1edf r\u1ed9ng th\u00eam l\u0129nh v\u1ef1c ho\u1ea1t \u0111\u1ed9ng l\u00e0 THI\u1ebeT K\u1ebe v\u00e0 THI C\u00d4NG N\u1ed8I TH\u1ea4T, v\u1edbi \u0111\u1ed1i t\u01b0\u1ee3ng kh\u00e1ch h\u00e0ng \u0111a d\u1ea1ng t\u1eeb V\u0103n ph\u00f2ng l\u00e0m vi\u1ec7c, Nh\u00e0 \u1edf chung c\u01b0 , \u0111\u1ebfn Shophouse, Coffee shop, Studio house, &#8230;..<\/p>\n<p>V\u00e0 \u0111\u1ebfn n\u0103m 2022 AMA FURNITURE m\u1edf r\u1ed9ng l\u0129nh v\u1ef1c kinh doanh v\u00e0o m\u00e1y l\u1ecdc n\u01b0\u1edbc&nbsp;Unilever Pureit, c\u00f9ng nh\u00f3m \u0110\u1ed3 gia d\u1ee5ng c\u1ee7a Philips v\u00e0 Tefal cung c\u1ea5p cho kh\u00e1ch h\u00e0ng c\u00e1c m\u1eb7t h\u00e0ng t\u1ed1t nh\u1ea5t v\u1ec1 ch\u1ea5t l\u01b0\u1ee3ng v\u00e0 gi\u00e1 c\u1ea3 \u0111\u1ec3 \u0111\u00e1p \u1ee9ng m\u1ecdi nhu c\u1ea7u c\u1ee7a kh\u00e1ch h\u00e0ng.<\/p>\n<p>C\u00e1c th\u01b0\u01a1ng hi\u1ec7u \u0111ang Ph\u00e2n Ph\u1ed1i t\u1eeb nh\u00f3m h\u00e0ng \u0110\u1ed3 Gia D\u1ee5ng :&nbsp;<\/p>\n<p>&#8211; \u0110\u1ed3 Gia d\u1ee5ng TEFAL : qu\u1ea1t, ch\u1ea3o, n\u1ed3i c\u01a1m \u0111i\u1ec7n, m\u00e1y xay-m\u00e1y \u00e9p, n\u1ed3i chi\u00ean kh\u00f4ng d\u1ea7u,&#8230;<\/p>\n<p>&#8211; \u0110\u1ed3 Gia d\u1ee5ng PHILIPS : b\u00e0n \u1ee7i , n\u1ed3i \u00e1p su\u1ea5t , m\u00e1y l\u1ecdc kh\u00f4ng kh\u00ed, m\u00e1y h\u00fat b\u1ee5i, b\u00ecnh \u0111un,&#8230;<\/p>\n<p>\u0110\u1ecbnh h\u01b0\u1edbng \u0111\u1ebfn n\u0103m 2030, AMA Furniture s\u1ebd v\u01b0\u01a1n t\u1ea7m tr\u1edf th\u00e0nh Nh\u00e0 Ph\u00e2n Ph\u1ed1i \u0111a d\u1ea1ng nh\u00f3m ng\u00e0nh d\u1eabn \u0111\u1ea7u th\u1ecb tr\u01b0\u1eddng Khu V\u1ef1c Ph\u00eda Nam.<\/p>\t\t\t\t\t\t<\/div>\n\t\t\t\t<\/div>\n\t\t\t\t\t<\/div>\n\t\t<\/div>\n\t\t\t\t\t\t\t<\/div>\n\t\t<\/section>\n\t\t\t\t\t\t\t<\/div>","protected":false},"excerpt":{"rendered":"<p>AMA FURNITURE l\u00e0 th\u01b0\u01a1ng hi\u1ec7u ph\u00e2n ph\u1ed1i S\u1ec9 v\u00e0 L\u1ebb c\u00e1c s\u1ea3n ph\u1ea9m n\u1ed9i th\u1ea5t \u0111a d\u1ea1ng: V\u0103n ph\u00f2ng, Gia \u0110\u00ecnh, Kh\u00f4ng gian gi\u1ea3i tr\u00ed, N\u1ed9i th\u1ea5t ngo\u00e0i tr\u1eddi, N\u1ed9i th\u1ea5t c\u00f4ng c\u1ed9ng,&#8230; S\u1ee9 m\u1ec7nh: &#8220;N\u00c2NG T\u1ea6M KH\u00d4NG GIAN S\u1ed0NG C\u1ee6A NG\u01af\u1edcI VI\u1ec6T &#8220; Ra \u0111\u1eddi t\u1eeb n\u0103m 2015 v\u1edbi Th\u01b0\u01a1ng hi\u1ec7u MINA FURNITURE, sau [&hellip;]<\/p>","protected":false},"author":1,"featured_media":0,"parent":0,"menu_order":0,"comment_status":"closed","ping_status":"closed","template":"elementor_header_footer","meta":{"footnotes":""},"yoast_head":"<!-- This site is optimized with the Yoast SEO Premium plugin v21.7 (Yoast SEO v21.7) - https:\/\/yoast.com\/wordpress\/plugins\/seo\/ -->\n<title>Gi\u1edbi thi\u1ec7u - AMAFURNI<\/title>\n<meta name=\"robots\" content=\"index, follow, max-snippet:-1, max-image-preview:large, max-video-preview:-1\" \/>\n<link rel=\"canonical\" href=\"https:\/\/amafurni.vn\/en\/gioi-thieu\/\" \/>\n<meta property=\"og:locale\" content=\"en_US\" \/>\n<meta property=\"og:type\" content=\"article\" \/>\n<meta property=\"og:title\" content=\"Gi\u1edbi thi\u1ec7u\" \/>\n<meta property=\"og:description\" content=\"AMA FURNITURE l\u00e0 th\u01b0\u01a1ng hi\u1ec7u ph\u00e2n ph\u1ed1i S\u1ec9 v\u00e0 L\u1ebb c\u00e1c s\u1ea3n ph\u1ea9m n\u1ed9i th\u1ea5t \u0111a d\u1ea1ng: V\u0103n ph\u00f2ng, Gia \u0110\u00ecnh, Kh\u00f4ng gian gi\u1ea3i tr\u00ed, N\u1ed9i th\u1ea5t ngo\u00e0i tr\u1eddi, N\u1ed9i th\u1ea5t c\u00f4ng c\u1ed9ng,&#8230; S\u1ee9 m\u1ec7nh: &#8220;N\u00c2NG T\u1ea6M KH\u00d4NG GIAN S\u1ed0NG C\u1ee6A NG\u01af\u1edcI VI\u1ec6T &#8220; Ra \u0111\u1eddi t\u1eeb n\u0103m 2015 v\u1edbi Th\u01b0\u01a1ng hi\u1ec7u MINA FURNITURE, sau [&hellip;]\" \/>\n<meta property=\"og:url\" content=\"https:\/\/amafurni.vn\/en\/gioi-thieu\/\" \/>\n<meta property=\"og:site_name\" content=\"AMAFURNI\" \/>\n<meta property=\"article:modified_time\" content=\"2024-11-26T15:39:28+00:00\" \/>\n<meta name=\"twitter:card\" content=\"summary_large_image\" \/>\n<meta name=\"twitter:label1\" content=\"Est. reading time\" \/>\n\t<meta name=\"twitter:data1\" content=\"3 minutes\" \/>\n<script type=\"application\/ld+json\" class=\"yoast-schema-graph\">{\"@context\":\"https:\/\/schema.org\",\"@graph\":[{\"@type\":\"WebPage\",\"@id\":\"https:\/\/amafurni.vn\/gioi-thieu\/\",\"url\":\"https:\/\/amafurni.vn\/gioi-thieu\/\",\"name\":\"Gi\u1edbi thi\u1ec7u - AMAFURNI\",\"isPartOf\":{\"@id\":\"https:\/\/amafurni.vn\/#website\"},\"datePublished\":\"2023-11-21T04:16:50+00:00\",\"dateModified\":\"2024-11-26T15:39:28+00:00\",\"breadcrumb\":{\"@id\":\"https:\/\/amafurni.vn\/gioi-thieu\/#breadcrumb\"},\"inLanguage\":\"en-US\",\"potentialAction\":[{\"@type\":\"ReadAction\",\"target\":[\"https:\/\/amafurni.vn\/gioi-thieu\/\"]}]},{\"@type\":\"BreadcrumbList\",\"@id\":\"https:\/\/amafurni.vn\/gioi-thieu\/#breadcrumb\",\"itemListElement\":[{\"@type\":\"ListItem\",\"position\":1,\"name\":\"Trang ch\u1ee7\",\"item\":\"https:\/\/amafurni.vn\/\"},{\"@type\":\"ListItem\",\"position\":2,\"name\":\"Gi\u1edbi thi\u1ec7u\"}]},{\"@type\":\"WebSite\",\"@id\":\"https:\/\/amafurni.vn\/#website\",\"url\":\"https:\/\/amafurni.vn\/\",\"name\":\"AMAFURNI\",\"description\":\"\",\"potentialAction\":[{\"@type\":\"SearchAction\",\"target\":{\"@type\":\"EntryPoint\",\"urlTemplate\":\"https:\/\/amafurni.vn\/?s={search_term_string}\"},\"query-input\":\"required name=search_term_string\"}],\"inLanguage\":\"en-US\"}]}<\/script>\n<!-- \/ Yoast SEO Premium plugin. -->","yoast_head_json":{"title":"Gi\u1edbi thi\u1ec7u - AMAFURNI","robots":{"index":"index","follow":"follow","max-snippet":"max-snippet:-1","max-image-preview":"max-image-preview:large","max-video-preview":"max-video-preview:-1"},"canonical":"https:\/\/amafurni.vn\/en\/gioi-thieu\/","og_locale":"en_US","og_type":"article","og_title":"Gi\u1edbi thi\u1ec7u","og_description":"AMA FURNITURE l\u00e0 th\u01b0\u01a1ng hi\u1ec7u ph\u00e2n ph\u1ed1i S\u1ec9 v\u00e0 L\u1ebb c\u00e1c s\u1ea3n ph\u1ea9m n\u1ed9i th\u1ea5t \u0111a d\u1ea1ng: V\u0103n ph\u00f2ng, Gia \u0110\u00ecnh, Kh\u00f4ng gian gi\u1ea3i tr\u00ed, N\u1ed9i th\u1ea5t ngo\u00e0i tr\u1eddi, N\u1ed9i th\u1ea5t c\u00f4ng c\u1ed9ng,&#8230; S\u1ee9 m\u1ec7nh: &#8220;N\u00c2NG T\u1ea6M KH\u00d4NG GIAN S\u1ed0NG C\u1ee6A NG\u01af\u1edcI VI\u1ec6T &#8220; Ra \u0111\u1eddi t\u1eeb n\u0103m 2015 v\u1edbi Th\u01b0\u01a1ng hi\u1ec7u MINA FURNITURE, sau [&hellip;]","og_url":"https:\/\/amafurni.vn\/en\/gioi-thieu\/","og_site_name":"AMAFURNI","article_modified_time":"2024-11-26T15:39:28+00:00","twitter_card":"summary_large_image","twitter_misc":{"Est. reading time":"3 minutes"},"schema":{"@context":"https:\/\/schema.org","@graph":[{"@type":"WebPage","@id":"https:\/\/amafurni.vn\/gioi-thieu\/","url":"https:\/\/amafurni.vn\/gioi-thieu\/","name":"Gi\u1edbi thi\u1ec7u - AMAFURNI","isPartOf":{"@id":"https:\/\/amafurni.vn\/#website"},"datePublished":"2023-11-21T04:16:50+00:00","dateModified":"2024-11-26T15:39:28+00:00","breadcrumb":{"@id":"https:\/\/amafurni.vn\/gioi-thieu\/#breadcrumb"},"inLanguage":"en-US","potentialAction":[{"@type":"ReadAction","target":["https:\/\/amafurni.vn\/gioi-thieu\/"]}]},{"@type":"BreadcrumbList","@id":"https:\/\/amafurni.vn\/gioi-thieu\/#breadcrumb","itemListElement":[{"@type":"ListItem","position":1,"name":"Trang ch\u1ee7","item":"https:\/\/amafurni.vn\/"},{"@type":"ListItem","position":2,"name":"Gi\u1edbi thi\u1ec7u"}]},{"@type":"WebSite","@id":"https:\/\/amafurni.vn\/#website","url":"https:\/\/amafurni.vn\/","name":"AMAFURNI","description":"","potentialAction":[{"@type":"SearchAction","target":{"@type":"EntryPoint","urlTemplate":"https:\/\/amafurni.vn\/?s={search_term_string}"},"query-input":"required name=search_term_string"}],"inLanguage":"en-US"}]}},"_links":{"self":[{"href":"https:\/\/amafurni.vn\/en\/wp-json\/wp\/v2\/pages\/384"}],"collection":[{"href":"https:\/\/amafurni.vn\/en\/wp-json\/wp\/v2\/pages"}],"about":[{"href":"https:\/\/amafurni.vn\/en\/wp-json\/wp\/v2\/types\/page"}],"author":[{"embeddable":true,"href":"https:\/\/amafurni.vn\/en\/wp-json\/wp\/v2\/users\/1"}],"replies":[{"embeddable":true,"href":"https:\/\/amafurni.vn\/en\/wp-json\/wp\/v2\/comments?post=384"}],"version-history":[{"count":4,"href":"https:\/\/amafurni.vn\/en\/wp-json\/wp\/v2\/pages\/384\/revisions"}],"predecessor-version":[{"id":19563,"href":"https:\/\/amafurni.vn\/en\/wp-json\/wp\/v2\/pages\/384\/revisions\/19563"}],"wp:attachment":[{"href":"https:\/\/amafurni.vn\/en\/wp-json\/wp\/v2\/media?parent=384"}],"curies":[{"name":"wp","href":"https:\/\/api.w.org\/{rel}","templated":true}]}}