{"id":5241,"date":"2023-12-09T08:22:24","date_gmt":"2023-12-09T01:22:24","guid":{"rendered":"https:\/\/amafurni.123websitedev.com\/?page_id=5241"},"modified":"2024-10-04T14:22:31","modified_gmt":"2024-10-04T07:22:31","slug":"chinh-sach-bao-hanh","status":"publish","type":"page","link":"https:\/\/amafurni.vn\/en\/chinh-sach-bao-hanh\/","title":{"rendered":"Warranty Policy"},"content":{"rendered":"<p>CH\u00cdNH S\u00c1CH B\u1ea2O H\u00c0NH S\u1ea2N PH\u1ea8M T\u1ea0I AMA FURNITURE<\/p>\n<p>\u0110\u1ec1 ngh\u1ecb qu\u00fd kh\u00e1ch\u00a0ki\u1ec3m tra h\u00e0ng tr\u01b0\u1edbc khi thanh to\u00e1n. Qu\u00fd kh\u00e1ch h\u00e0ng kh\u00f4ng \u0111\u01b0\u1ee3c tr\u1ea3 l\u1ea1i h\u00e0ng n\u1ebfu kh\u00f4ng thu\u1ed9c tr\u01b0\u1eddng h\u1ee3p ho\u00e0n ti\u1ec1n ph\u00eda d\u01b0\u1edbi<\/p>\n<p>A \u2013 TH\u1edcI H\u1ea0N B\u1ea2O H\u00c0NH<\/p>\n<p>To\u00e0n b\u1ed9 s\u1ea3n ph\u1ea9m do Th\u01b0\u01a1ng hi\u1ec7u AMA FURNITURE s\u1ea3n xu\u1ea5t v\u00e0 cung c\u1ea5p \u0111\u1ec1u \u0111\u01b0\u1ee3c b\u1ea3o h\u00e0nh mi\u1ec5n ph\u00ed 6-12 th\u00e1ng ( T\u00f9y theo s\u1ea3n ph\u1ea9m, khi mua h\u00e0ng s\u1ebd \u0111\u01b0\u1ee3c th\u00f4ng b\u00e1o)\u00a0 k\u1ec3 t\u1eeb ng\u00e0y giao h\u00e0ng v\u00e0 l\u1eafp \u0111\u1eb7t ho\u00e0n thi\u1ec7n.<\/p>\n<p>\u0110\u1ed5i m\u1edbi s\u1ea3n ph\u1ea9m trong v\u00f2ng\u00a07 ng\u00e0y\u00a0n\u1ebfu ph\u00e1t sinh l\u1ed7i t\u1eeb nh\u00e0 s\u1ea3n xu\u1ea5t. (Ch\u1ec9 \u00e1p d\u1ee5ng \u0111\u1ed1i v\u1edbi c\u00e1c s\u1ea3n ph\u1ea9m c\u00f3 s\u1eb5n, kh\u00f4ng \u00e1p d\u1ee5ng \u0111\u1ed1i v\u1edbi c\u00e1c s\u1ea3n ph\u1ea9m \u0111\u1eb7t theo thi\u1ebft k\u1ebf v\u00e0 y\u00eau c\u1ea7u).<\/p>\n<p>B \u2013 CH\u00cdNH S\u00c1CH B\u1ea2O H\u00c0NH<\/p>\n<ol>\n<li>GH\u1ebe V\u0102N PH\u00d2NG\/ GH\u1ebe CAFE<\/li>\n<\/ol>\n<p>S\u1ea3n ph\u1ea9m \u0111\u01b0\u1ee3c b\u1ea3o h\u00e0nh mi\u1ec5n ph\u00ed:<\/p>\n<ul>\n<li aria-level=\"1\">S\u1ea3n ph\u1ea9m l\u1ed7i t\u1eeb nh\u00e0 s\u1ea3n xu\u1ea5t trong qu\u00e1 tr\u00ecnh s\u1ea3n xu\u1ea5t ho\u1eb7c v\u1eadn chuy\u1ec3n<\/li>\n<li aria-level=\"1\">Khung ch\u00e2n, khung l\u01b0ng s\u1eaft b\u1ecb g\u00e3y ho\u1eb7c m\u1ed1i h\u00e0n b\u1ecb n\u1ee9t ( Kh\u00f4ng b\u1ea3o h\u00e0nh ph\u1ea7n khung l\u01b0ng nh\u1ef1a v\u00e0 l\u01b0\u1edbi)<\/li>\n<li aria-level=\"1\">Khung ch\u00e2n v\u00e0 b\u00e1nh xe b\u1ea3o h\u00e0nh 6-12 th\u00e1ng, thay m\u1edbi trong tr\u01b0\u1eddng h\u1ee3p b\u1ecb g\u00e3y<\/li>\n<\/ul>\n<p>S\u1ea3n ph\u1ea9m kh\u00f4ng \u0111\u01b0\u1ee3c b\u1ea3o h\u00e0nh mi\u1ec5n ph\u00ed:<\/p>\n<ul>\n<li aria-level=\"1\">S\u1ea3n ph\u1ea9m \u0111\u00e3 qu\u00e1 th\u1eddi h\u1ea1n b\u1ea3o h\u00e0nh (qu\u00e1 6-12 th\u00e1ng k\u1ec3 t\u1eeb ng\u00e0y giao h\u00e0ng)<\/li>\n<li aria-level=\"1\">G\u00e3y trong\u00a0trong qu\u00e1 tr\u00ecnh s\u1eed d\u1ee5ng khung l\u01b0ng nh\u1ef1a<\/li>\n<li aria-level=\"1\">H\u01b0 h\u1ecfng do t\u00e1c \u0111\u1ed9ng t\u1eeb b\u00ean ngo\u00e0i: R\u01a1i, va \u0111\u1eadp, tr\u1ea7y x\u01b0\u1edbc, h\u1ecfa ho\u1ea1n\u2026<\/li>\n<li aria-level=\"1\">Khung ch\u00e2n ho\u1eb7c khung l\u01b0ng b\u1ecb tr\u00f3c s\u01a1n (r\u1ec9 s\u00e9t)\u00a0trong qu\u00e1 tr\u00ecnh s\u1eed d\u1ee5ng<\/li>\n<li aria-level=\"1\">Ph\u1ea7n v\u1ea3i,da, simili b\u1ecdc gh\u1ebf b\u1ecb r\u00e1ch trong qu\u00e1 tr\u00ecnh s\u1eed d\u1ee5ng<\/li>\n<li aria-level=\"1\">Tay gh\u1ebf, ch\u00e2n gh\u1ebf b\u1ecb tr\u1ea7y x\u01b0\u1edbc trong qu\u00e1 tr\u00ecnh s\u1eed d\u1ee5ng<\/li>\n<li aria-level=\"1\">Ph\u1ea7n n\u1ec7m m\u00fat b\u1ecb x\u1eb9p trong qu\u00e1 tr\u00ecnh s\u1eed d\u1ee5ng<\/li>\n<\/ul>\n<ol start=\"2\">\n<li>B\u00c0N C\u00c1C S\u1ea2N PH\u1ea8M T\u1eea G\u1ed6 S\u1eaeT<\/li>\n<\/ol>\n<p>S\u1ea3n ph\u1ea9m \u0111\u01b0\u1ee3c b\u1ea3o h\u00e0nh mi\u1ec5n ph\u00ed:<\/p>\n<ul>\n<li aria-level=\"1\">S\u1ea3n ph\u1ea9m l\u1ed7i t\u1eeb nh\u00e0 s\u1ea3n xu\u1ea5t trong qu\u00e1 tr\u00ecnh s\u1ea3n xu\u1ea5t ho\u1eb7c v\u1eadn chuy\u1ec3n<\/li>\n<li aria-level=\"1\">M\u1eb7t b\u00e0n b\u1ecb tr\u1ea7y x\u01b0\u1edbc, cong v\u00eanh nghi\u00eam tr\u1ecdng<\/li>\n<\/ul>\n<p>S\u1ea3n ph\u1ea9m kh\u00f4ng \u0111\u01b0\u1ee3c b\u1ea3o h\u00e0nh mi\u1ec5n ph\u00ed:<\/p>\n<ul>\n<li aria-level=\"1\">S\u1ea3n ph\u1ea9m\/ linh ki\u1ec7n kh\u00f4ng ph\u1ea3i do AMA FURNITURE s\u1ea3n xu\u1ea5t, nh\u1eadp kh\u1ea9u v\u00e0 ph\u00e2n ph\u1ed1i<\/li>\n<li aria-level=\"1\">S\u1ea3n ph\u1ea9m c\u00f3 s\u1ef1 hao m\u00f2n t\u1ef1 nhi\u00ean do th\u1eddi gian s\u1eed d\u1ee5ng l\u00e2u d\u00e0i, ho\u1eb7c do th\u01b0\u1eddng xuy\u00ean ti\u1ebfp x\u00fac v\u1edbi \u00e1nh n\u1eafng m\u1eb7t tr\u1eddi, m\u01b0a b\u00e3o, \u1ea9m m\u1ed1c\u2026B\u1ea5t k\u00ec s\u1ef1 t\u1ef1 \u00fd thay \u0111\u1ed5i, s\u1eeda ch\u1eefa n\u00e0o t\u1eeb ph\u00eda kh\u00e1ch h\u00e0ng m\u00e0 kh\u00f4ng do nh\u00e2n vi\u00ean k\u1ef9 thu\u1eadt c\u1ee7a AMA FURNITURE h\u01b0\u1edbng d\u1eabn c\u0169ng kh\u00f4ng \u0111\u01b0\u1ee3c ch\u1ea5p nh\u1eadn.<\/li>\n<li aria-level=\"1\">S\u1ea3n ph\u1ea9m b\u1ecb h\u01b0 h\u1ecfng do b\u1ea5t c\u1ea9n trong qu\u00e1 tr\u00ecnh th\u00e1o l\u1eafp, v\u1eadn chuy\u1ec3n, va \u0111\u1eadp\u2026<\/li>\n<li aria-level=\"1\">M\u1ed1i m\u1ecdt trong qu\u00e1 tr\u00ecnh s\u1eed d\u1ee5ng<\/li>\n<li aria-level=\"1\">M\u1eb7t b\u00e0n b\u1ecb tr\u1ea7y x\u01b0\u1edbc, cong v\u00eanh nghi\u00eam tr\u1ecdng trong qu\u00e1 tr\u00ecnh s\u1eed d\u1ee5ng.<\/li>\n<\/ul>\n<p>\u2013 Ngo\u00e0i ra, \u0111\u1ec3 \u0111\u1ea3m b\u1ea3o quy\u1ec1n l\u1ee3i c\u1ee7a kh\u00e1ch h\u00e0ng, AMA FURNITURE s\u1ebd xem x\u00e9t c\u00e1c tr\u01b0\u1eddng h\u1ee3p c\u1ee5 th\u1ec3 v\u1edbi \u0111i\u1ec1u ki\u1ec7n b\u1ea3o h\u00e0nh ph\u00f9 h\u1ee3p.<br \/>\n\u2013 S\u1ea3n ph\u1ea9m n\u1eb1m trong \u0111i\u1ec1u ki\u1ec7n b\u1ea3o h\u00e0nh th\u00ec AMA FURNITURE s\u1ebd s\u1eeda ch\u1eefa, thay th\u1ebf s\u1ea3n ph\u1ea9m h\u01b0 h\u1ecfng, l\u1ed7i s\u1ea3n xu\u1ea5t.<\/p>\n<p>\u2013 Trong \u0111i\u1ec1u ki\u1ec7n s\u1ea3n ph\u1ea9m b\u1ecb h\u01b0 h\u1ecfng, m\u1ea5t m\u00e1t trong qu\u00e1 tr\u00ecnh s\u1eed d\u1ee5ng, AMA FURNITURE s\u1ebd h\u1ed7 tr\u1ee3, cung c\u1ea5p c\u00e1c chi ti\u1ebft, linh ki\u1ec7n t\u01b0\u01a1ng t\u1ef1 \u0111\u1ec3 thay th\u1ebf v\u00e0 c\u00f3 ch\u1ee9c n\u0103ng t\u01b0\u01a1ng \u0111\u01b0\u01a1ng.<\/p>\n<p>C \u2013 \u0110\u1ecaA \u0110I\u1ec2M, TH\u1edcI GIAN V\u00c0 QUY TR\u00ccNH B\u1ea2O H\u00c0NH<\/p>\n<p>\u0110\u1ec3 y\u00eau c\u1ea7u b\u1ea3o h\u00e0nh s\u1ea3n ph\u1ea9m, Qu\u00fd kh\u00e1ch vui l\u00f2ng cung c\u1ea5p \u0111\u1ea7y \u0111\u1ee7 th\u00f4ng tin v\u1ec1 t\u00ecnh tr\u1ea1ng h\u00e0ng h\u00f3a b\u1eb1ng c\u00e1ch g\u1eedi h\u00ecnh \u1ea3nh v\u00e0o Hotline 0906 963 408 &#8211; 093 668 0717- 096 991 9449 \u00a0\u0111\u1ec3 nh\u00e2n vi\u00ean ch\u0103m s\u00f3c kh\u00e1ch h\u00e0ng g\u1ecdi l\u1ea1i trong th\u1eddi gian s\u1edbm nh\u1ea5t.<\/p>\n<p>\u2013 Th\u1eddi gian b\u1ea3o h\u00e0nh:\u00a0Trong gi\u1edd l\u00e0m vi\u1ec7c 8h30 -18h, t\u1eeb Th\u1ee9 2 \u2013 th\u1ee9 7<\/p>\n<p>Ch\u00fang t\u00f4i s\u1ebd ph\u1ea3n h\u1ed3i \u0111\u00e3 ti\u1ebfp nh\u1eadn y\u00eau c\u1ea7u b\u1ea3o h\u00e0nh c\u1ee7a kh\u00e1ch h\u00e0ng trong 3 gi\u1edd l\u00e0m vi\u1ec7c.Ti\u1ebfn h\u00e0nh b\u1ea3o h\u00e0nh t\u1eeb 3-7 ng\u00e0y l\u00e0m vi\u1ec7c<\/p>","protected":false},"excerpt":{"rendered":"<p>CH\u00cdNH S\u00c1CH B\u1ea2O H\u00c0NH S\u1ea2N PH\u1ea8M T\u1ea0I AMA FURNITURE \u0110\u1ec1 ngh\u1ecb qu\u00fd kh\u00e1ch\u00a0ki\u1ec3m tra h\u00e0ng tr\u01b0\u1edbc khi thanh to\u00e1n. Qu\u00fd kh\u00e1ch h\u00e0ng kh\u00f4ng \u0111\u01b0\u1ee3c tr\u1ea3 l\u1ea1i h\u00e0ng n\u1ebfu kh\u00f4ng thu\u1ed9c tr\u01b0\u1eddng h\u1ee3p ho\u00e0n ti\u1ec1n ph\u00eda d\u01b0\u1edbi A \u2013 TH\u1edcI H\u1ea0N B\u1ea2O H\u00c0NH To\u00e0n b\u1ed9 s\u1ea3n ph\u1ea9m do Th\u01b0\u01a1ng hi\u1ec7u AMA FURNITURE s\u1ea3n xu\u1ea5t v\u00e0 cung [&hellip;]<\/p>","protected":false},"author":1,"featured_media":0,"parent":0,"menu_order":0,"comment_status":"closed","ping_status":"closed","template":"","meta":{"footnotes":""},"yoast_head":"<!-- This site is optimized with the Yoast SEO Premium plugin v21.7 (Yoast SEO v21.7) - https:\/\/yoast.com\/wordpress\/plugins\/seo\/ -->\n<title>Ch\u00ednh s\u00e1ch b\u1ea3o h\u00e0nh - AMAFURNI<\/title>\n<meta name=\"description\" content=\"To\u00e0n b\u1ed9 s\u1ea3n ph\u1ea9m do Th\u01b0\u01a1ng hi\u1ec7u AMA FURNITURE s\u1ea3n xu\u1ea5t v\u00e0 cung c\u1ea5p \u0111\u1ec1u \u0111\u01b0\u1ee3c b\u1ea3o h\u00e0nh mi\u1ec5n ph\u00ed 6-12 th\u00e1ng ( T\u00f9y theo s\u1ea3n ph\u1ea9m, khi mua h\u00e0ng s\u1ebd \u0111\u01b0\u1ee3c th\u00f4ng b\u00e1o)\u00a0 k\u1ec3 t\u1eeb ng\u00e0y giao h\u00e0ng v\u00e0 l\u1eafp \u0111\u1eb7t ho\u00e0n thi\u1ec7n.\u00a0\u0110\u1ed5i m\u1edbi s\u1ea3n ph\u1ea9m trong v\u00f2ng\u00a07 ng\u00e0y\u00a0n\u1ebfu ph\u00e1t sinh l\u1ed7i t\u1eeb nh\u00e0 s\u1ea3n xu\u1ea5t. (Ch\u1ec9 \u00e1p d\u1ee5ng \u0111\u1ed1i v\u1edbi c\u00e1c s\u1ea3n ph\u1ea9m c\u00f3 s\u1eb5n, kh\u00f4ng \u00e1p d\u1ee5ng \u0111\u1ed1i v\u1edbi c\u00e1c s\u1ea3n ph\u1ea9m \u0111\u1eb7t theo thi\u1ebft k\u1ebf v\u00e0 y\u00eau c\u1ea7u).B \u2013 CH\u00cdNH S\u00c1CH B\u1ea2O H\u00c0NH\u00a0\" \/>\n<meta name=\"robots\" content=\"index, follow, max-snippet:-1, max-image-preview:large, max-video-preview:-1\" \/>\n<link rel=\"canonical\" href=\"https:\/\/amafurni.vn\/en\/chinh-sach-bao-hanh\/\" \/>\n<meta property=\"og:locale\" content=\"en_US\" \/>\n<meta property=\"og:type\" content=\"article\" \/>\n<meta property=\"og:title\" content=\"Ch\u00ednh s\u00e1ch b\u1ea3o h\u00e0nh\" \/>\n<meta property=\"og:description\" content=\"To\u00e0n b\u1ed9 s\u1ea3n ph\u1ea9m do Th\u01b0\u01a1ng hi\u1ec7u AMA FURNITURE s\u1ea3n xu\u1ea5t v\u00e0 cung c\u1ea5p \u0111\u1ec1u \u0111\u01b0\u1ee3c b\u1ea3o h\u00e0nh mi\u1ec5n ph\u00ed 6-12 th\u00e1ng ( T\u00f9y theo s\u1ea3n ph\u1ea9m, khi mua h\u00e0ng s\u1ebd \u0111\u01b0\u1ee3c th\u00f4ng b\u00e1o)\u00a0 k\u1ec3 t\u1eeb ng\u00e0y giao h\u00e0ng v\u00e0 l\u1eafp \u0111\u1eb7t ho\u00e0n thi\u1ec7n.\u00a0\u0110\u1ed5i m\u1edbi s\u1ea3n ph\u1ea9m trong v\u00f2ng\u00a07 ng\u00e0y\u00a0n\u1ebfu ph\u00e1t sinh l\u1ed7i t\u1eeb nh\u00e0 s\u1ea3n xu\u1ea5t. (Ch\u1ec9 \u00e1p d\u1ee5ng \u0111\u1ed1i v\u1edbi c\u00e1c s\u1ea3n ph\u1ea9m c\u00f3 s\u1eb5n, kh\u00f4ng \u00e1p d\u1ee5ng \u0111\u1ed1i v\u1edbi c\u00e1c s\u1ea3n ph\u1ea9m \u0111\u1eb7t theo thi\u1ebft k\u1ebf v\u00e0 y\u00eau c\u1ea7u).B \u2013 CH\u00cdNH S\u00c1CH B\u1ea2O H\u00c0NH\u00a0\" \/>\n<meta property=\"og:url\" content=\"https:\/\/amafurni.vn\/en\/chinh-sach-bao-hanh\/\" \/>\n<meta property=\"og:site_name\" content=\"AMAFURNI\" \/>\n<meta property=\"article:modified_time\" content=\"2024-10-04T07:22:31+00:00\" \/>\n<meta name=\"twitter:card\" content=\"summary_large_image\" \/>\n<meta name=\"twitter:label1\" content=\"Est. reading time\" \/>\n\t<meta name=\"twitter:data1\" content=\"4 minutes\" \/>\n<script type=\"application\/ld+json\" class=\"yoast-schema-graph\">{\"@context\":\"https:\/\/schema.org\",\"@graph\":[{\"@type\":\"WebPage\",\"@id\":\"https:\/\/amafurni.vn\/chinh-sach-bao-hanh\/\",\"url\":\"https:\/\/amafurni.vn\/chinh-sach-bao-hanh\/\",\"name\":\"Ch\u00ednh s\u00e1ch b\u1ea3o h\u00e0nh - AMAFURNI\",\"isPartOf\":{\"@id\":\"https:\/\/amafurni.vn\/#website\"},\"datePublished\":\"2023-12-09T01:22:24+00:00\",\"dateModified\":\"2024-10-04T07:22:31+00:00\",\"description\":\"To\u00e0n b\u1ed9 s\u1ea3n ph\u1ea9m do Th\u01b0\u01a1ng hi\u1ec7u AMA FURNITURE s\u1ea3n xu\u1ea5t v\u00e0 cung c\u1ea5p \u0111\u1ec1u \u0111\u01b0\u1ee3c b\u1ea3o h\u00e0nh mi\u1ec5n ph\u00ed 6-12 th\u00e1ng ( T\u00f9y theo s\u1ea3n ph\u1ea9m, khi mua h\u00e0ng s\u1ebd \u0111\u01b0\u1ee3c th\u00f4ng b\u00e1o)\u00a0 k\u1ec3 t\u1eeb ng\u00e0y giao h\u00e0ng v\u00e0 l\u1eafp \u0111\u1eb7t ho\u00e0n thi\u1ec7n.\u00a0\u0110\u1ed5i m\u1edbi s\u1ea3n ph\u1ea9m trong v\u00f2ng\u00a07 ng\u00e0y\u00a0n\u1ebfu ph\u00e1t sinh l\u1ed7i t\u1eeb nh\u00e0 s\u1ea3n xu\u1ea5t. (Ch\u1ec9 \u00e1p d\u1ee5ng \u0111\u1ed1i v\u1edbi c\u00e1c s\u1ea3n ph\u1ea9m c\u00f3 s\u1eb5n, kh\u00f4ng \u00e1p d\u1ee5ng \u0111\u1ed1i v\u1edbi c\u00e1c s\u1ea3n ph\u1ea9m \u0111\u1eb7t theo thi\u1ebft k\u1ebf v\u00e0 y\u00eau c\u1ea7u).B \u2013 CH\u00cdNH S\u00c1CH B\u1ea2O H\u00c0NH\u00a0\",\"breadcrumb\":{\"@id\":\"https:\/\/amafurni.vn\/chinh-sach-bao-hanh\/#breadcrumb\"},\"inLanguage\":\"en-US\",\"potentialAction\":[{\"@type\":\"ReadAction\",\"target\":[\"https:\/\/amafurni.vn\/chinh-sach-bao-hanh\/\"]}]},{\"@type\":\"BreadcrumbList\",\"@id\":\"https:\/\/amafurni.vn\/chinh-sach-bao-hanh\/#breadcrumb\",\"itemListElement\":[{\"@type\":\"ListItem\",\"position\":1,\"name\":\"Trang ch\u1ee7\",\"item\":\"https:\/\/amafurni.vn\/\"},{\"@type\":\"ListItem\",\"position\":2,\"name\":\"Ch\u00ednh s\u00e1ch b\u1ea3o h\u00e0nh\"}]},{\"@type\":\"WebSite\",\"@id\":\"https:\/\/amafurni.vn\/#website\",\"url\":\"https:\/\/amafurni.vn\/\",\"name\":\"AMAFURNI\",\"description\":\"\",\"potentialAction\":[{\"@type\":\"SearchAction\",\"target\":{\"@type\":\"EntryPoint\",\"urlTemplate\":\"https:\/\/amafurni.vn\/?s={search_term_string}\"},\"query-input\":\"required name=search_term_string\"}],\"inLanguage\":\"en-US\"}]}<\/script>\n<!-- \/ Yoast SEO Premium plugin. -->","yoast_head_json":{"title":"Ch\u00ednh s\u00e1ch b\u1ea3o h\u00e0nh - AMAFURNI","description":"To\u00e0n b\u1ed9 s\u1ea3n ph\u1ea9m do Th\u01b0\u01a1ng hi\u1ec7u AMA FURNITURE s\u1ea3n xu\u1ea5t v\u00e0 cung c\u1ea5p \u0111\u1ec1u \u0111\u01b0\u1ee3c b\u1ea3o h\u00e0nh mi\u1ec5n ph\u00ed 6-12 th\u00e1ng ( T\u00f9y theo s\u1ea3n ph\u1ea9m, khi mua h\u00e0ng s\u1ebd \u0111\u01b0\u1ee3c th\u00f4ng b\u00e1o)\u00a0 k\u1ec3 t\u1eeb ng\u00e0y giao h\u00e0ng v\u00e0 l\u1eafp \u0111\u1eb7t ho\u00e0n thi\u1ec7n.\u00a0\u0110\u1ed5i m\u1edbi s\u1ea3n ph\u1ea9m trong v\u00f2ng\u00a07 ng\u00e0y\u00a0n\u1ebfu ph\u00e1t sinh l\u1ed7i t\u1eeb nh\u00e0 s\u1ea3n xu\u1ea5t. (Ch\u1ec9 \u00e1p d\u1ee5ng \u0111\u1ed1i v\u1edbi c\u00e1c s\u1ea3n ph\u1ea9m c\u00f3 s\u1eb5n, kh\u00f4ng \u00e1p d\u1ee5ng \u0111\u1ed1i v\u1edbi c\u00e1c s\u1ea3n ph\u1ea9m \u0111\u1eb7t theo thi\u1ebft k\u1ebf v\u00e0 y\u00eau c\u1ea7u).B \u2013 CH\u00cdNH S\u00c1CH B\u1ea2O H\u00c0NH\u00a0","robots":{"index":"index","follow":"follow","max-snippet":"max-snippet:-1","max-image-preview":"max-image-preview:large","max-video-preview":"max-video-preview:-1"},"canonical":"https:\/\/amafurni.vn\/en\/chinh-sach-bao-hanh\/","og_locale":"en_US","og_type":"article","og_title":"Ch\u00ednh s\u00e1ch b\u1ea3o h\u00e0nh","og_description":"To\u00e0n b\u1ed9 s\u1ea3n ph\u1ea9m do Th\u01b0\u01a1ng hi\u1ec7u AMA FURNITURE s\u1ea3n xu\u1ea5t v\u00e0 cung c\u1ea5p \u0111\u1ec1u \u0111\u01b0\u1ee3c b\u1ea3o h\u00e0nh mi\u1ec5n ph\u00ed 6-12 th\u00e1ng ( T\u00f9y theo s\u1ea3n ph\u1ea9m, khi mua h\u00e0ng s\u1ebd \u0111\u01b0\u1ee3c th\u00f4ng b\u00e1o)\u00a0 k\u1ec3 t\u1eeb ng\u00e0y giao h\u00e0ng v\u00e0 l\u1eafp \u0111\u1eb7t ho\u00e0n thi\u1ec7n.\u00a0\u0110\u1ed5i m\u1edbi s\u1ea3n ph\u1ea9m trong v\u00f2ng\u00a07 ng\u00e0y\u00a0n\u1ebfu ph\u00e1t sinh l\u1ed7i t\u1eeb nh\u00e0 s\u1ea3n xu\u1ea5t. (Ch\u1ec9 \u00e1p d\u1ee5ng \u0111\u1ed1i v\u1edbi c\u00e1c s\u1ea3n ph\u1ea9m c\u00f3 s\u1eb5n, kh\u00f4ng \u00e1p d\u1ee5ng \u0111\u1ed1i v\u1edbi c\u00e1c s\u1ea3n ph\u1ea9m \u0111\u1eb7t theo thi\u1ebft k\u1ebf v\u00e0 y\u00eau c\u1ea7u).B \u2013 CH\u00cdNH S\u00c1CH B\u1ea2O H\u00c0NH\u00a0","og_url":"https:\/\/amafurni.vn\/en\/chinh-sach-bao-hanh\/","og_site_name":"AMAFURNI","article_modified_time":"2024-10-04T07:22:31+00:00","twitter_card":"summary_large_image","twitter_misc":{"Est. reading time":"4 minutes"},"schema":{"@context":"https:\/\/schema.org","@graph":[{"@type":"WebPage","@id":"https:\/\/amafurni.vn\/chinh-sach-bao-hanh\/","url":"https:\/\/amafurni.vn\/chinh-sach-bao-hanh\/","name":"Ch\u00ednh s\u00e1ch b\u1ea3o h\u00e0nh - AMAFURNI","isPartOf":{"@id":"https:\/\/amafurni.vn\/#website"},"datePublished":"2023-12-09T01:22:24+00:00","dateModified":"2024-10-04T07:22:31+00:00","description":"To\u00e0n b\u1ed9 s\u1ea3n ph\u1ea9m do Th\u01b0\u01a1ng hi\u1ec7u AMA FURNITURE s\u1ea3n xu\u1ea5t v\u00e0 cung c\u1ea5p \u0111\u1ec1u \u0111\u01b0\u1ee3c b\u1ea3o h\u00e0nh mi\u1ec5n ph\u00ed 6-12 th\u00e1ng ( T\u00f9y theo s\u1ea3n ph\u1ea9m, khi mua h\u00e0ng s\u1ebd \u0111\u01b0\u1ee3c th\u00f4ng b\u00e1o)\u00a0 k\u1ec3 t\u1eeb ng\u00e0y giao h\u00e0ng v\u00e0 l\u1eafp \u0111\u1eb7t ho\u00e0n thi\u1ec7n.\u00a0\u0110\u1ed5i m\u1edbi s\u1ea3n ph\u1ea9m trong v\u00f2ng\u00a07 ng\u00e0y\u00a0n\u1ebfu ph\u00e1t sinh l\u1ed7i t\u1eeb nh\u00e0 s\u1ea3n xu\u1ea5t. (Ch\u1ec9 \u00e1p d\u1ee5ng \u0111\u1ed1i v\u1edbi c\u00e1c s\u1ea3n ph\u1ea9m c\u00f3 s\u1eb5n, kh\u00f4ng \u00e1p d\u1ee5ng \u0111\u1ed1i v\u1edbi c\u00e1c s\u1ea3n ph\u1ea9m \u0111\u1eb7t theo thi\u1ebft k\u1ebf v\u00e0 y\u00eau c\u1ea7u).B \u2013 CH\u00cdNH S\u00c1CH B\u1ea2O H\u00c0NH\u00a0","breadcrumb":{"@id":"https:\/\/amafurni.vn\/chinh-sach-bao-hanh\/#breadcrumb"},"inLanguage":"en-US","potentialAction":[{"@type":"ReadAction","target":["https:\/\/amafurni.vn\/chinh-sach-bao-hanh\/"]}]},{"@type":"BreadcrumbList","@id":"https:\/\/amafurni.vn\/chinh-sach-bao-hanh\/#breadcrumb","itemListElement":[{"@type":"ListItem","position":1,"name":"Trang ch\u1ee7","item":"https:\/\/amafurni.vn\/"},{"@type":"ListItem","position":2,"name":"Ch\u00ednh s\u00e1ch b\u1ea3o h\u00e0nh"}]},{"@type":"WebSite","@id":"https:\/\/amafurni.vn\/#website","url":"https:\/\/amafurni.vn\/","name":"AMAFURNI","description":"","potentialAction":[{"@type":"SearchAction","target":{"@type":"EntryPoint","urlTemplate":"https:\/\/amafurni.vn\/?s={search_term_string}"},"query-input":"required name=search_term_string"}],"inLanguage":"en-US"}]}},"_links":{"self":[{"href":"https:\/\/amafurni.vn\/en\/wp-json\/wp\/v2\/pages\/5241"}],"collection":[{"href":"https:\/\/amafurni.vn\/en\/wp-json\/wp\/v2\/pages"}],"about":[{"href":"https:\/\/amafurni.vn\/en\/wp-json\/wp\/v2\/types\/page"}],"author":[{"embeddable":true,"href":"https:\/\/amafurni.vn\/en\/wp-json\/wp\/v2\/users\/1"}],"replies":[{"embeddable":true,"href":"https:\/\/amafurni.vn\/en\/wp-json\/wp\/v2\/comments?post=5241"}],"version-history":[{"count":2,"href":"https:\/\/amafurni.vn\/en\/wp-json\/wp\/v2\/pages\/5241\/revisions"}],"predecessor-version":[{"id":18717,"href":"https:\/\/amafurni.vn\/en\/wp-json\/wp\/v2\/pages\/5241\/revisions\/18717"}],"wp:attachment":[{"href":"https:\/\/amafurni.vn\/en\/wp-json\/wp\/v2\/media?parent=5241"}],"curies":[{"name":"wp","href":"https:\/\/api.w.org\/{rel}","templated":true}]}}