{"id":5253,"date":"2023-12-09T08:27:23","date_gmt":"2023-12-09T01:27:23","guid":{"rendered":"https:\/\/amafurni.123websitedev.com\/?page_id=5253"},"modified":"2024-11-04T15:09:51","modified_gmt":"2024-11-04T08:09:51","slug":"chinh-sach-van-chuyen","status":"publish","type":"page","link":"https:\/\/amafurni.vn\/en\/chinh-sach-van-chuyen\/","title":{"rendered":"Shipping policy"},"content":{"rendered":"<ol>\n<li style=\"list-style-type: none;\">\n<ol>\n<li style=\"list-style-type: none;\">\n<ol>\n<li style=\"list-style-type: none;\">\n<ol>\n<li style=\"list-style-type: none;\">\n<ol>\n<li style=\"list-style-type: none;\">\n<ol>\n<li style=\"list-style-type: none;\">\n<ol>\n<li style=\"list-style-type: none;\">\n<ol>\n<li style=\"list-style-type: none;\">\n<ol>\n<li>\u0110\u1ed1i v\u1edbi c\u00e1c \u0111\u01a1n h\u00e0ng giao t\u1ea1i Tp.H\u1ed3 Ch\u00ed Minh<\/li>\n<\/ol>\n<\/li>\n<\/ol>\n<\/li>\n<\/ol>\n<\/li>\n<\/ol>\n<\/li>\n<\/ol>\n<\/li>\n<\/ol>\n<\/li>\n<\/ol>\n<\/li>\n<\/ol>\n<\/li>\n<\/ol>\n<p style=\"padding-left: 320px;\">B\u1ea3ng ph\u00ed v\u1eadn chuy\u1ec3n v\u00e0 l\u1eafp r\u00e1p giao b\u1eb1ng xe m\u00e1y\u00a0(\u00e1p d\u1ee5ng v\u1edbi c\u00e1c s\u1ea3n ph\u1ea9m b\u00e0n l\u00e0m vi\u1ec7c c\u00f3\u00a0k\u00edch th\u01b0\u1edbc nh\u1ecf h\u01a1n 140 x 70 (cm))<\/p>\n<table style=\"margin-left: 320px;\">\n<tbody style=\"padding-left: 320px;\">\n<tr style=\"padding-left: 320px;\">\n<td style=\"padding-left: 320px;\"><\/td>\n<td style=\"padding-left: 320px;\">\u0110\u01a1n h\u00e0ng d\u01b0\u1edbi 1.000.000<\/td>\n<td style=\"padding-left: 320px;\">\u0110\u01a1n h\u00e0ng tr\u00ean 1.000.000<\/td>\n<\/tr>\n<tr style=\"padding-left: 320px;\">\n<td style=\"padding-left: 320px;\">N\u1ed9i th\u00e0nh<\/td>\n<td style=\"padding-left: 320px;\">50.000 VND\/ 1 s\u1ea3n ph\u1ea9m<\/td>\n<td style=\"padding-left: 320px;\">MI\u1ec4N PH\u00cd<\/td>\n<\/tr>\n<tr style=\"padding-left: 320px;\">\n<td style=\"padding-left: 320px;\">Ngo\u1ea1i th\u00e0nh 1<\/td>\n<td style=\"padding-left: 320px;\">50.000 VND\/ 1 s\u1ea3n ph\u1ea9m<\/td>\n<td style=\"padding-left: 320px;\">50.000 VND\/ 1 s\u1ea3n ph\u1ea9m<\/td>\n<\/tr>\n<tr style=\"padding-left: 320px;\">\n<td style=\"padding-left: 320px;\">Ngo\u1ea1i th\u00e0nh 2<\/td>\n<td style=\"padding-left: 320px;\">100.000 VND\/ 1 s\u1ea3n ph\u1ea9m<\/td>\n<td style=\"padding-left: 320px;\">100.000 VND\/ 1 s\u1ea3n ph\u1ea9m<\/td>\n<\/tr>\n<\/tbody>\n<\/table>\n<p style=\"padding-left: 320px;\">B\u1ea3ng ph\u00ed v\u1eadn chuy\u1ec3n v\u00e0 l\u1eafp r\u00e1p ( h\u00e0ng c\u1ed3ng k\u1ec1nh) giao b\u1eb1ng xe ba g\u00e1c<\/p>\n<table style=\"margin-left: 320px;\">\n<tbody style=\"padding-left: 320px;\">\n<tr style=\"padding-left: 320px;\">\n<td style=\"padding-left: 320px;\">N\u1ed9i th\u00e0nh<\/td>\n<td style=\"padding-left: 320px;\">200.000 VND\/ 1 \u0111\u01a1n h\u00e0ng<\/td>\n<\/tr>\n<tr style=\"padding-left: 320px;\">\n<td style=\"padding-left: 320px;\">Ngo\u1ea1i th\u00e0nh 1<\/td>\n<td style=\"padding-left: 320px;\">300.000 VND\/ 1 \u0111\u01a1n h\u00e0ng<\/td>\n<\/tr>\n<tr style=\"padding-left: 320px;\">\n<td style=\"padding-left: 320px;\">Ngo\u1ea1i th\u00e0nh 2<\/td>\n<td style=\"padding-left: 320px;\">400.000 VND\/ 1 \u0111\u01a1n h\u00e0ng<\/td>\n<\/tr>\n<\/tbody>\n<\/table>\n<p style=\"padding-left: 320px;\">CHI TI\u1ebeT C\u00c1C QU\u1eacN, HUY\u1ec6N N\u1ed8I V\u00c0 NGO\u1ea0I TH\u00c0NH:<\/p>\n<p style=\"padding-left: 320px;\">N\u1ed9i th\u00e0nh\u00a0bao g\u1ed3m c\u00e1c qu\u1eadn: Qu\u1eadn 1, Qu\u1eadn 3, Qu\u1eadn 4, Qu\u1eadn 5, Qu\u1eadn 6, Qu\u1eadn 8, Qu\u1eadn 10, Qu\u1eadn T\u00e2n B\u00ecnh, Qu\u1eadn T\u00e2n Ph\u00fa, Qu\u1eadn Ph\u00fa Nhu\u1eadn, Qu\u1eadn G\u00f2 V\u1ea5p, Qu\u1eadn B\u00ecnh Th\u1ea1nh.<\/p>\n<p style=\"padding-left: 320px;\">Ngo\u1ea1i th\u00e0nh 1\u00a0g\u1ed3m nh\u1eefng khu v\u1ef1c: Qu\u1eadn 2, Qu\u1eadn 7, Qu\u1eadn 12.<\/p>\n<p style=\"padding-left: 320px;\">Ngo\u1ea1i th\u00e0nh 2\u00a0g\u1ed3m nh\u1eefng khu v\u1ef1c: Qu\u1eadn Th\u1ee7 \u0110\u1ee9c, Qu\u1eadn 9, Huy\u1ec7n HoocMon, Huy\u1ec7n B\u00ecnh Ch\u00e1nh, Huy\u1ec7n Nh\u00e0 B\u00e8.<\/p>\n<ol>\n<li style=\"list-style-type: none;\">\n<ol>\n<li style=\"list-style-type: none;\">\n<ol>\n<li style=\"list-style-type: none;\">\n<ol>\n<li style=\"list-style-type: none;\">\n<ol>\n<li style=\"list-style-type: none;\">\n<ol>\n<li style=\"list-style-type: none;\">\n<ol>\n<li style=\"list-style-type: none;\">\n<ol>\n<li style=\"list-style-type: none;\">\n<ol start=\"2\">\n<li>\u0110\u1ed1i v\u1edbi c\u00e1c \u0111\u01a1n h\u00e0ng giao ngo\u1ea1i t\u1ec9nh, Huy\u1ec7n C\u1ea7n Gi\u1edd, Huy\u1ec7n C\u1ee7 Chi<\/li>\n<\/ol>\n<\/li>\n<\/ol>\n<\/li>\n<\/ol>\n<\/li>\n<\/ol>\n<\/li>\n<\/ol>\n<\/li>\n<\/ol>\n<\/li>\n<\/ol>\n<\/li>\n<\/ol>\n<\/li>\n<\/ol>\n<p style=\"padding-left: 320px;\">C\u00e1c \u0111\u01a1n h\u00e0ng \u0111\u01b0\u1ee3c \u0111\u1eb7t \u1edf c\u00e1c khu v\u1ef1c ngo\u00e0i th\u00e0nh ph\u1ed1 H\u1ed3 Ch\u00ed M\u00ecnh v\u00e0 2 huy\u1ec7n C\u1ea7n Gi\u1edd, C\u1ee7 Chi. \u0110\u01a1n h\u00e0ng s\u1ebd \u0111\u01b0\u1ee3c v\u1eadn chuy\u1ec3n b\u1eb1ng ViettelPost.<\/p>\n<p style=\"padding-left: 320px;\">+ Ph\u00ed giao \u0111\u1ed9ng t\u1eeb 150k -300k m\u1ed9t s\u1ea3n ph\u1ea9m (ph\u00ed s\u1ebd \u0111\u01b0\u1ee3c b\u00e1o ch\u00ednh x\u00e1c khi x\u00e1c nh\u1eadn \u0111\u01a1n h\u00e0ng).<\/p>\n<p style=\"padding-left: 320px;\">+Th\u1eddi gian nh\u1eadn h\u00e0ng t\u1eeb 3,5 \u2013 7 ng\u00e0y (t\u00f9y thu\u1ed9c v\u00e0o s\u1ea3n ph\u1ea9m v\u00e0 khu v\u1ef1c).<\/p>\n<p style=\"padding-left: 320px;\">+ AMA FURNITURE s\u1ebd cung c\u1ea5p m\u00e3 v\u1eabn \u0111\u01a1n \u0111\u1ec3 kh\u00e1ch h\u00e0ng c\u00f3 th\u1ec3 t\u1ef1 ki\u1ec3m tra \u0111\u01a1n h\u00e0ng.<\/p>\n<ol>\n<li style=\"list-style-type: none;\">\n<ol>\n<li style=\"list-style-type: none;\">\n<ol>\n<li style=\"list-style-type: none;\">\n<ol>\n<li style=\"list-style-type: none;\">\n<ol>\n<li style=\"list-style-type: none;\">\n<ol>\n<li style=\"list-style-type: none;\">\n<ol>\n<li style=\"list-style-type: none;\">\n<ol>\n<li style=\"list-style-type: none;\">\n<ol start=\"3\">\n<li>Th\u1eddi gian x\u00e1c nh\u1eadn \u0111\u01a1n h\u00e0ng v\u00e0 giao h\u00e0ng<\/li>\n<\/ol>\n<\/li>\n<\/ol>\n<\/li>\n<\/ol>\n<\/li>\n<\/ol>\n<\/li>\n<\/ol>\n<\/li>\n<\/ol>\n<\/li>\n<\/ol>\n<\/li>\n<\/ol>\n<\/li>\n<\/ol>\n<p style=\"padding-left: 320px;\">3.1 Th\u1eddi gian x\u00e1c nh\u1eadn \u0111\u01a1n h\u00e0ng<\/p>\n<p style=\"padding-left: 320px;\">+ C\u00e1c \u0111\u01a1n h\u00e0ng \u0111\u1eb7t trong gi\u1edd h\u00e0nh ch\u00ednh (9h -18h) s\u1ebd c\u00f3 \u0111i\u1ec7n tho\u1ea1i x\u00e1c nh\u1eadn trong 30p \u2013 1h.<\/p>\n<p style=\"padding-left: 320px;\">+ C\u00e1c \u0111\u01a1n h\u00e0ng \u0111\u1eb7t ngo\u00e0i gi\u1edd h\u00e0nh ch\u00ednh ( sau 18h ) s\u1ebd \u0111\u01b0\u1ee3c x\u1eed l\u00fd v\u00e0o ng\u00e0y h\u00f4m sau.<\/p>\n<p style=\"padding-left: 320px;\">+ C\u00e1c \u0111\u01a1n h\u00e0ng \u0111\u01b0\u1ee3c \u0111\u1eb7t v\u00e0o Ch\u1ee7 Nh\u1eadt s\u1ebd \u0111\u01b0\u1ee3c x\u1eed l\u00fd v\u00e0o th\u1ee9 2 tu\u1ea7n k\u1ebf ti\u1ebfp.<\/p>\n<p style=\"padding-left: 320px;\">3.2 Th\u1eddi gian giao h\u00e0ng<\/p>\n<p style=\"padding-left: 320px;\">+ Th\u1eddi gian ch\u00ednh x\u00e1c s\u1ebd \u0111\u01b0\u1ee3c th\u00f4ng b\u00e1o khi g\u1ecdi x\u00e1c nh\u1eadn \u0111\u01a1n h\u00e0ng.<\/p>\n<p style=\"padding-left: 320px;\">C\u00e1c ch\u00ednh s\u00e1ch v\u00e0 quy \u0111\u1ecbnh kh\u00e1c: \u0110\u1ed1i v\u1edbi c\u00e1c \u0111\u01a1n h\u00e0ng y\u00eau c\u1ea7u giao h\u1ecfa t\u1ed1c, kh\u00e1ch h\u00e0ng vui l\u00f2ng li\u00ean h\u1ec7 hotline 0906 963 408 &#8211; 093 668 0717 \u0111\u1ec3 \u0111\u01b0\u1ee3c h\u1ed7 tr\u1ee3.<\/p>","protected":false},"excerpt":{"rendered":"<p>\u0110\u1ed1i v\u1edbi c\u00e1c \u0111\u01a1n h\u00e0ng giao t\u1ea1i Tp.H\u1ed3 Ch\u00ed Minh B\u1ea3ng ph\u00ed v\u1eadn chuy\u1ec3n v\u00e0 l\u1eafp r\u00e1p giao b\u1eb1ng xe m\u00e1y\u00a0(\u00e1p d\u1ee5ng v\u1edbi c\u00e1c s\u1ea3n ph\u1ea9m b\u00e0n l\u00e0m vi\u1ec7c c\u00f3\u00a0k\u00edch th\u01b0\u1edbc nh\u1ecf h\u01a1n 140 x 70 (cm)) \u0110\u01a1n h\u00e0ng d\u01b0\u1edbi 1.000.000 \u0110\u01a1n h\u00e0ng tr\u00ean 1.000.000 N\u1ed9i th\u00e0nh 50.000 VND\/ 1 s\u1ea3n ph\u1ea9m MI\u1ec4N PH\u00cd Ngo\u1ea1i [&hellip;]<\/p>","protected":false},"author":1,"featured_media":0,"parent":0,"menu_order":0,"comment_status":"closed","ping_status":"closed","template":"elementor_header_footer","meta":{"footnotes":""},"yoast_head":"<!-- This site is optimized with the Yoast SEO Premium plugin v21.7 (Yoast SEO v21.7) - https:\/\/yoast.com\/wordpress\/plugins\/seo\/ -->\n<title>Ch\u00ednh s\u00e1ch v\u1eadn chuy\u1ec3n - AMAFURNI<\/title>\n<meta name=\"description\" content=\"C\u00e1c \u0111\u01a1n h\u00e0ng \u0111\u01b0\u1ee3c \u0111\u1eb7t \u1edf c\u00e1c khu v\u1ef1c ngo\u00e0i th\u00e0nh ph\u1ed1 H\u1ed3 Ch\u00ed M\u00ecnh v\u00e0 2 huy\u1ec7n C\u1ea7n Gi\u1edd, C\u1ee7 Chi. \u0110\u01a1n h\u00e0ng s\u1ebd \u0111\u01b0\u1ee3c v\u1eadn chuy\u1ec3n b\u1eb1ng ViettelPost.\u00a0+ Ph\u00ed giao \u0111\u1ed9ng t\u1eeb 150k -300k m\u1ed9t s\u1ea3n ph\u1ea9m (ph\u00ed s\u1ebd \u0111\u01b0\u1ee3c b\u00e1o ch\u00ednh x\u00e1c khi x\u00e1c nh\u1eadn \u0111\u01a1n h\u00e0ng).\u00a0+Th\u1eddi gian nh\u1eadn h\u00e0ng\" \/>\n<meta name=\"robots\" content=\"index, follow, max-snippet:-1, max-image-preview:large, max-video-preview:-1\" \/>\n<link rel=\"canonical\" href=\"https:\/\/amafurni.vn\/en\/chinh-sach-van-chuyen\/\" \/>\n<meta property=\"og:locale\" content=\"en_US\" \/>\n<meta property=\"og:type\" content=\"article\" \/>\n<meta property=\"og:title\" content=\"Ch\u00ednh s\u00e1ch v\u1eadn chuy\u1ec3n\" \/>\n<meta property=\"og:description\" content=\"C\u00e1c \u0111\u01a1n h\u00e0ng \u0111\u01b0\u1ee3c \u0111\u1eb7t \u1edf c\u00e1c khu v\u1ef1c ngo\u00e0i th\u00e0nh ph\u1ed1 H\u1ed3 Ch\u00ed M\u00ecnh v\u00e0 2 huy\u1ec7n C\u1ea7n Gi\u1edd, C\u1ee7 Chi. \u0110\u01a1n h\u00e0ng s\u1ebd \u0111\u01b0\u1ee3c v\u1eadn chuy\u1ec3n b\u1eb1ng ViettelPost.\u00a0+ Ph\u00ed giao \u0111\u1ed9ng t\u1eeb 150k -300k m\u1ed9t s\u1ea3n ph\u1ea9m (ph\u00ed s\u1ebd \u0111\u01b0\u1ee3c b\u00e1o ch\u00ednh x\u00e1c khi x\u00e1c nh\u1eadn \u0111\u01a1n h\u00e0ng).\u00a0+Th\u1eddi gian nh\u1eadn h\u00e0ng\" \/>\n<meta property=\"og:url\" content=\"https:\/\/amafurni.vn\/en\/chinh-sach-van-chuyen\/\" \/>\n<meta property=\"og:site_name\" content=\"AMAFURNI\" \/>\n<meta property=\"article:modified_time\" content=\"2024-11-04T08:09:51+00:00\" \/>\n<meta name=\"twitter:card\" content=\"summary_large_image\" \/>\n<meta name=\"twitter:label1\" content=\"Est. reading time\" \/>\n\t<meta name=\"twitter:data1\" content=\"3 minutes\" \/>\n<script type=\"application\/ld+json\" class=\"yoast-schema-graph\">{\"@context\":\"https:\/\/schema.org\",\"@graph\":[{\"@type\":\"WebPage\",\"@id\":\"https:\/\/amafurni.vn\/chinh-sach-van-chuyen\/\",\"url\":\"https:\/\/amafurni.vn\/chinh-sach-van-chuyen\/\",\"name\":\"Ch\u00ednh s\u00e1ch v\u1eadn chuy\u1ec3n - AMAFURNI\",\"isPartOf\":{\"@id\":\"https:\/\/amafurni.vn\/#website\"},\"datePublished\":\"2023-12-09T01:27:23+00:00\",\"dateModified\":\"2024-11-04T08:09:51+00:00\",\"description\":\"C\u00e1c \u0111\u01a1n h\u00e0ng \u0111\u01b0\u1ee3c \u0111\u1eb7t \u1edf c\u00e1c khu v\u1ef1c ngo\u00e0i th\u00e0nh ph\u1ed1 H\u1ed3 Ch\u00ed M\u00ecnh v\u00e0 2 huy\u1ec7n C\u1ea7n Gi\u1edd, C\u1ee7 Chi. \u0110\u01a1n h\u00e0ng s\u1ebd \u0111\u01b0\u1ee3c v\u1eadn chuy\u1ec3n b\u1eb1ng ViettelPost.\u00a0+ Ph\u00ed giao \u0111\u1ed9ng t\u1eeb 150k -300k m\u1ed9t s\u1ea3n ph\u1ea9m (ph\u00ed s\u1ebd \u0111\u01b0\u1ee3c b\u00e1o ch\u00ednh x\u00e1c khi x\u00e1c nh\u1eadn \u0111\u01a1n h\u00e0ng).\u00a0+Th\u1eddi gian nh\u1eadn h\u00e0ng\",\"breadcrumb\":{\"@id\":\"https:\/\/amafurni.vn\/chinh-sach-van-chuyen\/#breadcrumb\"},\"inLanguage\":\"en-US\",\"potentialAction\":[{\"@type\":\"ReadAction\",\"target\":[\"https:\/\/amafurni.vn\/chinh-sach-van-chuyen\/\"]}]},{\"@type\":\"BreadcrumbList\",\"@id\":\"https:\/\/amafurni.vn\/chinh-sach-van-chuyen\/#breadcrumb\",\"itemListElement\":[{\"@type\":\"ListItem\",\"position\":1,\"name\":\"Trang ch\u1ee7\",\"item\":\"https:\/\/amafurni.vn\/\"},{\"@type\":\"ListItem\",\"position\":2,\"name\":\"Ch\u00ednh s\u00e1ch v\u1eadn chuy\u1ec3n\"}]},{\"@type\":\"WebSite\",\"@id\":\"https:\/\/amafurni.vn\/#website\",\"url\":\"https:\/\/amafurni.vn\/\",\"name\":\"AMAFURNI\",\"description\":\"\",\"potentialAction\":[{\"@type\":\"SearchAction\",\"target\":{\"@type\":\"EntryPoint\",\"urlTemplate\":\"https:\/\/amafurni.vn\/?s={search_term_string}\"},\"query-input\":\"required name=search_term_string\"}],\"inLanguage\":\"en-US\"}]}<\/script>\n<!-- \/ Yoast SEO Premium plugin. -->","yoast_head_json":{"title":"Ch\u00ednh s\u00e1ch v\u1eadn chuy\u1ec3n - AMAFURNI","description":"C\u00e1c \u0111\u01a1n h\u00e0ng \u0111\u01b0\u1ee3c \u0111\u1eb7t \u1edf c\u00e1c khu v\u1ef1c ngo\u00e0i th\u00e0nh ph\u1ed1 H\u1ed3 Ch\u00ed M\u00ecnh v\u00e0 2 huy\u1ec7n C\u1ea7n Gi\u1edd, C\u1ee7 Chi. \u0110\u01a1n h\u00e0ng s\u1ebd \u0111\u01b0\u1ee3c v\u1eadn chuy\u1ec3n b\u1eb1ng ViettelPost.\u00a0+ Ph\u00ed giao \u0111\u1ed9ng t\u1eeb 150k -300k m\u1ed9t s\u1ea3n ph\u1ea9m (ph\u00ed s\u1ebd \u0111\u01b0\u1ee3c b\u00e1o ch\u00ednh x\u00e1c khi x\u00e1c nh\u1eadn \u0111\u01a1n h\u00e0ng).\u00a0+Th\u1eddi gian nh\u1eadn h\u00e0ng","robots":{"index":"index","follow":"follow","max-snippet":"max-snippet:-1","max-image-preview":"max-image-preview:large","max-video-preview":"max-video-preview:-1"},"canonical":"https:\/\/amafurni.vn\/en\/chinh-sach-van-chuyen\/","og_locale":"en_US","og_type":"article","og_title":"Ch\u00ednh s\u00e1ch v\u1eadn chuy\u1ec3n","og_description":"C\u00e1c \u0111\u01a1n h\u00e0ng \u0111\u01b0\u1ee3c \u0111\u1eb7t \u1edf c\u00e1c khu v\u1ef1c ngo\u00e0i th\u00e0nh ph\u1ed1 H\u1ed3 Ch\u00ed M\u00ecnh v\u00e0 2 huy\u1ec7n C\u1ea7n Gi\u1edd, C\u1ee7 Chi. \u0110\u01a1n h\u00e0ng s\u1ebd \u0111\u01b0\u1ee3c v\u1eadn chuy\u1ec3n b\u1eb1ng ViettelPost.\u00a0+ Ph\u00ed giao \u0111\u1ed9ng t\u1eeb 150k -300k m\u1ed9t s\u1ea3n ph\u1ea9m (ph\u00ed s\u1ebd \u0111\u01b0\u1ee3c b\u00e1o ch\u00ednh x\u00e1c khi x\u00e1c nh\u1eadn \u0111\u01a1n h\u00e0ng).\u00a0+Th\u1eddi gian nh\u1eadn h\u00e0ng","og_url":"https:\/\/amafurni.vn\/en\/chinh-sach-van-chuyen\/","og_site_name":"AMAFURNI","article_modified_time":"2024-11-04T08:09:51+00:00","twitter_card":"summary_large_image","twitter_misc":{"Est. reading time":"3 minutes"},"schema":{"@context":"https:\/\/schema.org","@graph":[{"@type":"WebPage","@id":"https:\/\/amafurni.vn\/chinh-sach-van-chuyen\/","url":"https:\/\/amafurni.vn\/chinh-sach-van-chuyen\/","name":"Ch\u00ednh s\u00e1ch v\u1eadn chuy\u1ec3n - AMAFURNI","isPartOf":{"@id":"https:\/\/amafurni.vn\/#website"},"datePublished":"2023-12-09T01:27:23+00:00","dateModified":"2024-11-04T08:09:51+00:00","description":"C\u00e1c \u0111\u01a1n h\u00e0ng \u0111\u01b0\u1ee3c \u0111\u1eb7t \u1edf c\u00e1c khu v\u1ef1c ngo\u00e0i th\u00e0nh ph\u1ed1 H\u1ed3 Ch\u00ed M\u00ecnh v\u00e0 2 huy\u1ec7n C\u1ea7n Gi\u1edd, C\u1ee7 Chi. \u0110\u01a1n h\u00e0ng s\u1ebd \u0111\u01b0\u1ee3c v\u1eadn chuy\u1ec3n b\u1eb1ng ViettelPost.\u00a0+ Ph\u00ed giao \u0111\u1ed9ng t\u1eeb 150k -300k m\u1ed9t s\u1ea3n ph\u1ea9m (ph\u00ed s\u1ebd \u0111\u01b0\u1ee3c b\u00e1o ch\u00ednh x\u00e1c khi x\u00e1c nh\u1eadn \u0111\u01a1n h\u00e0ng).\u00a0+Th\u1eddi gian nh\u1eadn h\u00e0ng","breadcrumb":{"@id":"https:\/\/amafurni.vn\/chinh-sach-van-chuyen\/#breadcrumb"},"inLanguage":"en-US","potentialAction":[{"@type":"ReadAction","target":["https:\/\/amafurni.vn\/chinh-sach-van-chuyen\/"]}]},{"@type":"BreadcrumbList","@id":"https:\/\/amafurni.vn\/chinh-sach-van-chuyen\/#breadcrumb","itemListElement":[{"@type":"ListItem","position":1,"name":"Trang ch\u1ee7","item":"https:\/\/amafurni.vn\/"},{"@type":"ListItem","position":2,"name":"Ch\u00ednh s\u00e1ch v\u1eadn chuy\u1ec3n"}]},{"@type":"WebSite","@id":"https:\/\/amafurni.vn\/#website","url":"https:\/\/amafurni.vn\/","name":"AMAFURNI","description":"","potentialAction":[{"@type":"SearchAction","target":{"@type":"EntryPoint","urlTemplate":"https:\/\/amafurni.vn\/?s={search_term_string}"},"query-input":"required name=search_term_string"}],"inLanguage":"en-US"}]}},"_links":{"self":[{"href":"https:\/\/amafurni.vn\/en\/wp-json\/wp\/v2\/pages\/5253"}],"collection":[{"href":"https:\/\/amafurni.vn\/en\/wp-json\/wp\/v2\/pages"}],"about":[{"href":"https:\/\/amafurni.vn\/en\/wp-json\/wp\/v2\/types\/page"}],"author":[{"embeddable":true,"href":"https:\/\/amafurni.vn\/en\/wp-json\/wp\/v2\/users\/1"}],"replies":[{"embeddable":true,"href":"https:\/\/amafurni.vn\/en\/wp-json\/wp\/v2\/comments?post=5253"}],"version-history":[{"count":6,"href":"https:\/\/amafurni.vn\/en\/wp-json\/wp\/v2\/pages\/5253\/revisions"}],"predecessor-version":[{"id":19172,"href":"https:\/\/amafurni.vn\/en\/wp-json\/wp\/v2\/pages\/5253\/revisions\/19172"}],"wp:attachment":[{"href":"https:\/\/amafurni.vn\/en\/wp-json\/wp\/v2\/media?parent=5253"}],"curies":[{"name":"wp","href":"https:\/\/api.w.org\/{rel}","templated":true}]}}