{"id":10366,"date":"2024-02-23T11:46:08","date_gmt":"2024-02-23T04:46:08","guid":{"rendered":"https:\/\/amafurni.vn\/?post_type=product&#038;p=10366"},"modified":"2025-11-12T14:12:36","modified_gmt":"2025-11-12T07:12:36","slug":"ama-momento-03","status":"publish","type":"product","link":"https:\/\/amafurni.vn\/en\/product\/ama-momento-03\/","title":{"rendered":"Gh\u1ebf AMA-MOMENTO 03"},"content":{"rendered":"<table class=\"woocommerce-product-attributes shop_attributes\" style=\"width: 100.682%;height: 168px\" width=\"929\">\n<tbody>\n<tr class=\"woocommerce-product-attributes-item woocommerce-product-attributes-item--attribute_season\" style=\"height: 48px\">\n<th class=\"woocommerce-product-attributes-item__label\" style=\"height: 48px;width: 9.12997%\">Material<\/th>\n<td class=\"woocommerce-product-attributes-item__value\" style=\"height: 48px;width: 87.6346%\">T\u1ef1a l\u01b0ng gh\u1ebf b\u1ecdc l\u01b0\u1edbi. N\u1ec7m b\u1ecdc v\u1ea3i\/vynil. Ch\u00e2n qu\u1ef3 s\u1eaft s\u01a1n t\u0129nh \u0111i\u1ec7n.<\/td>\n<\/tr>\n<tr class=\"woocommerce-product-attributes-item woocommerce-product-attributes-item--attribute_pa_color\" style=\"height: 24px\">\n<th class=\"woocommerce-product-attributes-item__label\" style=\"height: 24px;width: 9.12997%\">M\u00e0u S\u1eafc<\/th>\n<td class=\"woocommerce-product-attributes-item__value\" style=\"height: 24px;width: 87.6346%\">Theo b\u1ea3ng m\u00e0u<\/td>\n<\/tr>\n<tr class=\"woocommerce-product-attributes-item woocommerce-product-attributes-item--attribute_style\" style=\"height: 48px\">\n<th class=\"woocommerce-product-attributes-item__label\" style=\"height: 48px;width: 9.12997%\">Size<\/th>\n<td class=\"woocommerce-product-attributes-item__value\" style=\"height: 48px;width: 87.6346%\">620*650*960*mm<\/td>\n<\/tr>\n<tr class=\"woocommerce-product-attributes-item woocommerce-product-attributes-item--attribute_pa_material\" style=\"height: 24px\">\n<th class=\"woocommerce-product-attributes-item__label\" style=\"height: 24px;width: 9.12997%\">T\u00ednh N\u0103ng<\/th>\n<td class=\"woocommerce-product-attributes-item__value\" style=\"height: 24px;width: 87.6346%\">Ng\u1ed3i c\u1ed1 \u0111\u1ecbnh<\/td>\n<\/tr>\n<tr class=\"woocommerce-product-attributes-item woocommerce-product-attributes-item--attribute_item-code\" style=\"height: 24px\">\n<th class=\"woocommerce-product-attributes-item__label\" style=\"height: 24px;width: 9.12997%\">B\u1ea3o H\u00e0nh<\/th>\n<td class=\"woocommerce-product-attributes-item__value\" style=\"height: 24px;width: 87.6346%\">3 n\u0103m<\/td>\n<\/tr>\n<\/tbody>\n<\/table>","protected":false},"excerpt":{"rendered":"<p>1. T\u1ef1a \u0110\u1ea7u: Gh\u1ebf kh\u00f4ng t\u1ef1a \u0111\u1ea7u<br \/>\n2. T\u1ef1a L\u01b0ng Gh\u1ebf: T\u1ef1a l\u01b0ng gh\u1ebf b\u1ecdc l\u01b0\u1edbi<br \/>\n3. H\u1ed7 Tr\u1ee3 C\u1ed9t S\u1ed1ng: Kh\u00f4ng c\u00f3 b\u1ed9 ph\u1eadn h\u1ed7 tr\u1ee3 c\u1ed9t s\u1ed1ng<br \/>\n4. N\u1ec7m: D\u00e0y 60mm \u0111\u1ed9 \u0111\u00e0n h\u1ed3i cao, b\u1ecdc v\u1ea3i\/vynil<br \/>\n5. Tay Gh\u1ebf: Tay gh\u1ebf c\u1ed1 \u0111\u1ecbnh<br \/>\n6. B\u1ed9 \u0110i\u1ec1u Khi\u1ec3n: Kh\u00f4ng c\u00f3 b\u1ed9 \u0111i\u1ec1u khi\u1ec3n<br \/>\n7. Phu\u1ed9c: Kh\u00f4ng c\u00f3 phu\u1ed9c h\u01a1i<br \/>\n8. Ch\u00e2n Gh\u1ebf: Ch\u00e2n qu\u1ef3 s\u1eaft s\u01a1n t\u0129nh \u0111i\u1ec7n<br \/>\n9. B\u00e1nh Xe: Kh\u00f4ng c\u00f3 b\u00e1nh xe<br \/>\n10. M\u00e0u L\u01b0ng: T\u00f9y ch\u1ecdn<br \/>\n11. M\u00e0u N\u1ec7m: T\u00f9y ch\u1ecdn<br \/>\n12. Xu\u1ea5t X\u1ee9: Vi\u1ec7t Nam<\/p>","protected":false},"featured_media":10553,"comment_status":"open","ping_status":"closed","template":"","meta":[],"product_cat":[59,73,70],"product_tag":[124,129],"yoast_head":"<!-- This site is optimized with the Yoast SEO Premium plugin v21.7 (Yoast SEO v21.7) - https:\/\/yoast.com\/wordpress\/plugins\/seo\/ -->\n<title>Gh\u1ebf AMA-MOMENTO 03 - AMAFURNI<\/title>\n<meta name=\"robots\" content=\"index, follow, max-snippet:-1, max-image-preview:large, max-video-preview:-1\" \/>\n<link rel=\"canonical\" href=\"https:\/\/amafurni.vn\/en\/product\/ama-momento-03\/\" \/>\n<meta property=\"og:locale\" content=\"en_US\" \/>\n<meta property=\"og:type\" content=\"article\" \/>\n<meta property=\"og:title\" content=\"Gh\u1ebf AMA-MOMENTO 03\" \/>\n<meta property=\"og:description\" content=\"1. T\u1ef1a \u0110\u1ea7u: Gh\u1ebf kh\u00f4ng t\u1ef1a \u0111\u1ea7u 2. T\u1ef1a L\u01b0ng Gh\u1ebf: T\u1ef1a l\u01b0ng gh\u1ebf b\u1ecdc l\u01b0\u1edbi 3. H\u1ed7 Tr\u1ee3 C\u1ed9t S\u1ed1ng: Kh\u00f4ng c\u00f3 b\u1ed9 ph\u1eadn h\u1ed7 tr\u1ee3 c\u1ed9t s\u1ed1ng 4. N\u1ec7m: D\u00e0y 60mm \u0111\u1ed9 \u0111\u00e0n h\u1ed3i cao, b\u1ecdc v\u1ea3i\/vynil 5. Tay Gh\u1ebf: Tay gh\u1ebf c\u1ed1 \u0111\u1ecbnh 6. B\u1ed9 \u0110i\u1ec1u Khi\u1ec3n: Kh\u00f4ng c\u00f3 b\u1ed9 \u0111i\u1ec1u khi\u1ec3n 7. Phu\u1ed9c: Kh\u00f4ng c\u00f3 phu\u1ed9c h\u01a1i 8. Ch\u00e2n Gh\u1ebf: Ch\u00e2n qu\u1ef3 s\u1eaft s\u01a1n t\u0129nh \u0111i\u1ec7n 9. B\u00e1nh Xe: Kh\u00f4ng c\u00f3 b\u00e1nh xe 10. M\u00e0u L\u01b0ng: T\u00f9y ch\u1ecdn 11. M\u00e0u N\u1ec7m: T\u00f9y ch\u1ecdn 12. Xu\u1ea5t X\u1ee9: Vi\u1ec7t Nam\" \/>\n<meta property=\"og:url\" content=\"https:\/\/amafurni.vn\/en\/product\/ama-momento-03\/\" \/>\n<meta property=\"og:site_name\" content=\"AMAFURNI\" \/>\n<meta property=\"article:modified_time\" content=\"2025-11-12T07:12:36+00:00\" \/>\n<meta property=\"og:image\" content=\"https:\/\/amafurni.vn\/wp-content\/uploads\/2024\/02\/z5188461331904_30abb4e218594978454a59dd7a70926d.jpg\" \/>\n\t<meta property=\"og:image:width\" content=\"800\" \/>\n\t<meta property=\"og:image:height\" content=\"800\" \/>\n\t<meta property=\"og:image:type\" content=\"image\/jpeg\" \/>\n<meta name=\"twitter:card\" content=\"summary_large_image\" \/>\n<meta name=\"twitter:label1\" content=\"Est. reading time\" \/>\n\t<meta name=\"twitter:data1\" content=\"1 minute\" \/>\n<script type=\"application\/ld+json\" class=\"yoast-schema-graph\">{\"@context\":\"https:\/\/schema.org\",\"@graph\":[{\"@type\":\"WebPage\",\"@id\":\"https:\/\/amafurni.vn\/san-pham\/ama-momento-03\/\",\"url\":\"https:\/\/amafurni.vn\/san-pham\/ama-momento-03\/\",\"name\":\"Gh\u1ebf AMA-MOMENTO 03 - AMAFURNI\",\"isPartOf\":{\"@id\":\"https:\/\/amafurni.vn\/#website\"},\"datePublished\":\"2024-02-23T04:46:08+00:00\",\"dateModified\":\"2025-11-12T07:12:36+00:00\",\"breadcrumb\":{\"@id\":\"https:\/\/amafurni.vn\/san-pham\/ama-momento-03\/#breadcrumb\"},\"inLanguage\":\"en-US\",\"potentialAction\":[{\"@type\":\"ReadAction\",\"target\":[\"https:\/\/amafurni.vn\/san-pham\/ama-momento-03\/\"]}]},{\"@type\":\"BreadcrumbList\",\"@id\":\"https:\/\/amafurni.vn\/san-pham\/ama-momento-03\/#breadcrumb\",\"itemListElement\":[{\"@type\":\"ListItem\",\"position\":1,\"name\":\"Trang ch\u1ee7\",\"item\":\"https:\/\/amafurni.vn\/\"},{\"@type\":\"ListItem\",\"position\":2,\"name\":\"S\u1ea3n ph\u1ea9m\",\"item\":\"https:\/\/amafurni.vn\/san-pham\/\"},{\"@type\":\"ListItem\",\"position\":3,\"name\":\"Gh\u1ebf AMA-MOMENTO 03\"}]},{\"@type\":\"WebSite\",\"@id\":\"https:\/\/amafurni.vn\/#website\",\"url\":\"https:\/\/amafurni.vn\/\",\"name\":\"AMAFURNI\",\"description\":\"\",\"potentialAction\":[{\"@type\":\"SearchAction\",\"target\":{\"@type\":\"EntryPoint\",\"urlTemplate\":\"https:\/\/amafurni.vn\/?s={search_term_string}\"},\"query-input\":\"required name=search_term_string\"}],\"inLanguage\":\"en-US\"}]}<\/script>\n<!-- \/ Yoast SEO Premium plugin. -->","yoast_head_json":{"title":"Gh\u1ebf AMA-MOMENTO 03 - AMAFURNI","robots":{"index":"index","follow":"follow","max-snippet":"max-snippet:-1","max-image-preview":"max-image-preview:large","max-video-preview":"max-video-preview:-1"},"canonical":"https:\/\/amafurni.vn\/en\/product\/ama-momento-03\/","og_locale":"en_US","og_type":"article","og_title":"Gh\u1ebf AMA-MOMENTO 03","og_description":"1. T\u1ef1a \u0110\u1ea7u: Gh\u1ebf kh\u00f4ng t\u1ef1a \u0111\u1ea7u 2. T\u1ef1a L\u01b0ng Gh\u1ebf: T\u1ef1a l\u01b0ng gh\u1ebf b\u1ecdc l\u01b0\u1edbi 3. H\u1ed7 Tr\u1ee3 C\u1ed9t S\u1ed1ng: Kh\u00f4ng c\u00f3 b\u1ed9 ph\u1eadn h\u1ed7 tr\u1ee3 c\u1ed9t s\u1ed1ng 4. N\u1ec7m: D\u00e0y 60mm \u0111\u1ed9 \u0111\u00e0n h\u1ed3i cao, b\u1ecdc v\u1ea3i\/vynil 5. Tay Gh\u1ebf: Tay gh\u1ebf c\u1ed1 \u0111\u1ecbnh 6. B\u1ed9 \u0110i\u1ec1u Khi\u1ec3n: Kh\u00f4ng c\u00f3 b\u1ed9 \u0111i\u1ec1u khi\u1ec3n 7. Phu\u1ed9c: Kh\u00f4ng c\u00f3 phu\u1ed9c h\u01a1i 8. Ch\u00e2n Gh\u1ebf: Ch\u00e2n qu\u1ef3 s\u1eaft s\u01a1n t\u0129nh \u0111i\u1ec7n 9. B\u00e1nh Xe: Kh\u00f4ng c\u00f3 b\u00e1nh xe 10. M\u00e0u L\u01b0ng: T\u00f9y ch\u1ecdn 11. M\u00e0u N\u1ec7m: T\u00f9y ch\u1ecdn 12. Xu\u1ea5t X\u1ee9: Vi\u1ec7t Nam","og_url":"https:\/\/amafurni.vn\/en\/product\/ama-momento-03\/","og_site_name":"AMAFURNI","article_modified_time":"2025-11-12T07:12:36+00:00","og_image":[{"width":800,"height":800,"url":"https:\/\/amafurni.vn\/wp-content\/uploads\/2024\/02\/z5188461331904_30abb4e218594978454a59dd7a70926d.jpg","type":"image\/jpeg"}],"twitter_card":"summary_large_image","twitter_misc":{"Est. reading time":"1 minute"},"schema":{"@context":"https:\/\/schema.org","@graph":[{"@type":"WebPage","@id":"https:\/\/amafurni.vn\/san-pham\/ama-momento-03\/","url":"https:\/\/amafurni.vn\/san-pham\/ama-momento-03\/","name":"Gh\u1ebf AMA-MOMENTO 03 - AMAFURNI","isPartOf":{"@id":"https:\/\/amafurni.vn\/#website"},"datePublished":"2024-02-23T04:46:08+00:00","dateModified":"2025-11-12T07:12:36+00:00","breadcrumb":{"@id":"https:\/\/amafurni.vn\/san-pham\/ama-momento-03\/#breadcrumb"},"inLanguage":"en-US","potentialAction":[{"@type":"ReadAction","target":["https:\/\/amafurni.vn\/san-pham\/ama-momento-03\/"]}]},{"@type":"BreadcrumbList","@id":"https:\/\/amafurni.vn\/san-pham\/ama-momento-03\/#breadcrumb","itemListElement":[{"@type":"ListItem","position":1,"name":"Trang ch\u1ee7","item":"https:\/\/amafurni.vn\/"},{"@type":"ListItem","position":2,"name":"S\u1ea3n ph\u1ea9m","item":"https:\/\/amafurni.vn\/san-pham\/"},{"@type":"ListItem","position":3,"name":"Gh\u1ebf AMA-MOMENTO 03"}]},{"@type":"WebSite","@id":"https:\/\/amafurni.vn\/#website","url":"https:\/\/amafurni.vn\/","name":"AMAFURNI","description":"","potentialAction":[{"@type":"SearchAction","target":{"@type":"EntryPoint","urlTemplate":"https:\/\/amafurni.vn\/?s={search_term_string}"},"query-input":"required name=search_term_string"}],"inLanguage":"en-US"}]}},"_links":{"self":[{"href":"https:\/\/amafurni.vn\/en\/wp-json\/wp\/v2\/product\/10366"}],"collection":[{"href":"https:\/\/amafurni.vn\/en\/wp-json\/wp\/v2\/product"}],"about":[{"href":"https:\/\/amafurni.vn\/en\/wp-json\/wp\/v2\/types\/product"}],"replies":[{"embeddable":true,"href":"https:\/\/amafurni.vn\/en\/wp-json\/wp\/v2\/comments?post=10366"}],"wp:featuredmedia":[{"embeddable":true,"href":"https:\/\/amafurni.vn\/en\/wp-json\/wp\/v2\/media\/10553"}],"wp:attachment":[{"href":"https:\/\/amafurni.vn\/en\/wp-json\/wp\/v2\/media?parent=10366"}],"wp:term":[{"taxonomy":"product_cat","embeddable":true,"href":"https:\/\/amafurni.vn\/en\/wp-json\/wp\/v2\/product_cat?post=10366"},{"taxonomy":"product_tag","embeddable":true,"href":"https:\/\/amafurni.vn\/en\/wp-json\/wp\/v2\/product_tag?post=10366"}],"curies":[{"name":"wp","href":"https:\/\/api.w.org\/{rel}","templated":true}]}}