{"id":10945,"date":"2024-02-27T13:56:37","date_gmt":"2024-02-27T06:56:37","guid":{"rendered":"https:\/\/amafurni.vn\/?post_type=product&#038;p=10945"},"modified":"2025-11-12T14:12:42","modified_gmt":"2025-11-12T07:12:42","slug":"tu-ho-so-ama-3026","status":"publish","type":"product","link":"https:\/\/amafurni.vn\/en\/product\/tu-ho-so-ama-3026\/","title":{"rendered":"T\u1ee7 h\u1ed3 s\u01a1 AMA-3026"},"content":{"rendered":"<p><strong>T\u1ee7 h\u1ed3 s\u01a1 AMA-3026<\/strong><\/p>\n<table class=\"woocommerce-product-attributes shop_attributes\" style=\"width: 92.8761%; height: 212px;\" width=\"929\">\n<tbody>\n<tr class=\"woocommerce-product-attributes-item woocommerce-product-attributes-item--attribute_season\" style=\"height: 24px;\">\n<th class=\"woocommerce-product-attributes-item__label\" style=\"height: 38px; width: 47.0756%;\">Material<\/th>\n<td class=\"woocommerce-product-attributes-item__value\" style=\"height: 38px; width: 52.4964%;\">MDF<\/td>\n<\/tr>\n<tr class=\"woocommerce-product-attributes-item woocommerce-product-attributes-item--attribute_pa_color\" style=\"height: 24px;\">\n<th class=\"woocommerce-product-attributes-item__label\" style=\"height: 44px; width: 47.0756%;\">M\u00e0u S\u1eafc<\/th>\n<td class=\"woocommerce-product-attributes-item__value\" style=\"height: 44px; width: 52.4964%;\">N\u00e2u \u0111\u1ecf MDF<\/td>\n<\/tr>\n<tr class=\"woocommerce-product-attributes-item woocommerce-product-attributes-item--attribute_style\" style=\"height: 24px;\">\n<th class=\"woocommerce-product-attributes-item__label\" style=\"height: 38px; width: 47.0756%;\">Size<\/th>\n<td class=\"woocommerce-product-attributes-item__value\" style=\"height: 38px; width: 52.4964%;\">840*430*2000<\/td>\n<\/tr>\n<tr class=\"woocommerce-product-attributes-item woocommerce-product-attributes-item--attribute_pa_material\" style=\"height: 24px;\">\n<th class=\"woocommerce-product-attributes-item__label\" style=\"height: 39px; width: 47.0756%;\">T\u00ednh N\u0103ng<\/th>\n<td class=\"woocommerce-product-attributes-item__value\" style=\"height: 39px; width: 52.4964%;\">2 ki\u1ebfng<\/td>\n<\/tr>\n<tr class=\"woocommerce-product-attributes-item woocommerce-product-attributes-item--attribute_item-code\" style=\"height: 24px;\">\n<th class=\"woocommerce-product-attributes-item__label\" style=\"height: 53px; width: 47.0756%;\">B\u1ea3o H\u00e0nh<\/th>\n<td class=\"woocommerce-product-attributes-item__value\" style=\"height: 53px; width: 52.4964%;\">1 n\u0103m<\/td>\n<\/tr>\n<\/tbody>\n<\/table>","protected":false},"excerpt":{"rendered":"<p><strong>Filing cabinets\u00a0<\/strong>l\u00e0 1 m\u1eabu t\u1ee7 nh\u1eadp kh\u1ea9u tr\u1ef1c ti\u1ebfp c\u1ee7a <strong>N\u1ed8I TH\u1ea4T AMA FURNITURE<\/strong> , v\u1edbi thi\u1ebft k\u1ebf tinh t\u1ebf , t\u1ed1i gian t\u1ea1o n\u00ean v\u1ebb \u0111\u1eb9p sang tr\u1ecdng cho kh\u00f4ng gian V\u0103n ph\u00f2ng<\/p>\n<ul>\n<li>T\u00ednh n\u0103ng :\n<ul>\n<li>Ch\u1ea5t l\u01b0\u1ee3ng b\u1ec1n ch\u1eafc, s\u1eed d\u1ee5ng l\u00e2u d\u00e0i<\/li>\n<li>D\u1ec5 d\u00e0ng lau ch\u00f9i, v\u1ec7 sinh<\/li>\n<li>Ch\u1ed1ng va \u0111\u1eadp t\u1ed1t, m\u00e0u s\u1eafc s\u1ed1ng \u0111\u1ed9ng<\/li>\n<\/ul>\n<ul>\n<li>M\u1eb7t t\u1ee7 thi\u1ebft k\u1ebf tinh t\u1ebf<\/li>\n<\/ul>\n<\/li>\n<\/ul>","protected":false},"featured_media":22656,"comment_status":"open","ping_status":"closed","template":"","meta":[],"product_cat":[59,79],"product_tag":[214],"yoast_head":"<!-- This site is optimized with the Yoast SEO Premium plugin v21.7 (Yoast SEO v21.7) - https:\/\/yoast.com\/wordpress\/plugins\/seo\/ -->\n<title>T\u1ee7 h\u1ed3 s\u01a1 AMA-3026 - AMAFURNI<\/title>\n<meta name=\"description\" content=\"&quot;T\u1ee7 h\u1ed3 s\u01a1 AMA-3026 ch\u1ea5t l\u01b0\u1ee3ng cao v\u1edbi thi\u1ebft k\u1ebf ch\u1ed1ng va \u0111\u1eadp t\u1ed1t v\u1edbi ch\u1ea5t li\u1ec7u cao c\u1ea5p. M\u1eb7t t\u1ee7 \u0111\u01b0\u1ee3c thi\u1ebft k\u1ebf tinh t\u1ebf, ph\u00f9 h\u1ee3p v\u1edbi m\u1ecdi phong c\u00e1ch n\u1ed9i th\u1ea5t.\" \/>\n<meta name=\"robots\" content=\"index, follow, max-snippet:-1, max-image-preview:large, max-video-preview:-1\" \/>\n<link rel=\"canonical\" href=\"https:\/\/amafurni.vn\/en\/product\/tu-ho-so-ama-3026\/\" \/>\n<meta property=\"og:locale\" content=\"en_US\" \/>\n<meta property=\"og:type\" content=\"article\" \/>\n<meta property=\"og:title\" content=\"T\u1ee7 h\u1ed3 s\u01a1 AMA-3026\" \/>\n<meta property=\"og:description\" content=\"&quot;T\u1ee7 h\u1ed3 s\u01a1 AMA-3026 ch\u1ea5t l\u01b0\u1ee3ng cao v\u1edbi thi\u1ebft k\u1ebf ch\u1ed1ng va \u0111\u1eadp t\u1ed1t v\u1edbi ch\u1ea5t li\u1ec7u cao c\u1ea5p. M\u1eb7t t\u1ee7 \u0111\u01b0\u1ee3c thi\u1ebft k\u1ebf tinh t\u1ebf, ph\u00f9 h\u1ee3p v\u1edbi m\u1ecdi phong c\u00e1ch n\u1ed9i th\u1ea5t.\" \/>\n<meta property=\"og:url\" content=\"https:\/\/amafurni.vn\/en\/product\/tu-ho-so-ama-3026\/\" \/>\n<meta property=\"og:site_name\" content=\"AMAFURNI\" \/>\n<meta property=\"article:modified_time\" content=\"2025-11-12T07:12:42+00:00\" \/>\n<meta property=\"og:image\" content=\"https:\/\/amafurni.vn\/wp-content\/uploads\/2024\/02\/AMA-3026.jpg\" \/>\n\t<meta property=\"og:image:width\" content=\"800\" \/>\n\t<meta property=\"og:image:height\" content=\"800\" \/>\n\t<meta property=\"og:image:type\" content=\"image\/jpeg\" \/>\n<meta name=\"twitter:card\" content=\"summary_large_image\" \/>\n<meta name=\"twitter:label1\" content=\"Est. reading time\" \/>\n\t<meta name=\"twitter:data1\" content=\"1 minute\" \/>\n<script type=\"application\/ld+json\" class=\"yoast-schema-graph\">{\"@context\":\"https:\/\/schema.org\",\"@graph\":[{\"@type\":\"WebPage\",\"@id\":\"https:\/\/amafurni.vn\/san-pham\/tu-ho-so-ama-3026\/\",\"url\":\"https:\/\/amafurni.vn\/san-pham\/tu-ho-so-ama-3026\/\",\"name\":\"T\u1ee7 h\u1ed3 s\u01a1 AMA-3026 - AMAFURNI\",\"isPartOf\":{\"@id\":\"https:\/\/amafurni.vn\/#website\"},\"datePublished\":\"2024-02-27T06:56:37+00:00\",\"dateModified\":\"2025-11-12T07:12:42+00:00\",\"description\":\"\\\"T\u1ee7 h\u1ed3 s\u01a1 AMA-3026 ch\u1ea5t l\u01b0\u1ee3ng cao v\u1edbi thi\u1ebft k\u1ebf ch\u1ed1ng va \u0111\u1eadp t\u1ed1t v\u1edbi ch\u1ea5t li\u1ec7u cao c\u1ea5p. M\u1eb7t t\u1ee7 \u0111\u01b0\u1ee3c thi\u1ebft k\u1ebf tinh t\u1ebf, ph\u00f9 h\u1ee3p v\u1edbi m\u1ecdi phong c\u00e1ch n\u1ed9i th\u1ea5t.\",\"breadcrumb\":{\"@id\":\"https:\/\/amafurni.vn\/san-pham\/tu-ho-so-ama-3026\/#breadcrumb\"},\"inLanguage\":\"en-US\",\"potentialAction\":[{\"@type\":\"ReadAction\",\"target\":[\"https:\/\/amafurni.vn\/san-pham\/tu-ho-so-ama-3026\/\"]}]},{\"@type\":\"BreadcrumbList\",\"@id\":\"https:\/\/amafurni.vn\/san-pham\/tu-ho-so-ama-3026\/#breadcrumb\",\"itemListElement\":[{\"@type\":\"ListItem\",\"position\":1,\"name\":\"Trang ch\u1ee7\",\"item\":\"https:\/\/amafurni.vn\/\"},{\"@type\":\"ListItem\",\"position\":2,\"name\":\"S\u1ea3n ph\u1ea9m\",\"item\":\"https:\/\/amafurni.vn\/san-pham\/\"},{\"@type\":\"ListItem\",\"position\":3,\"name\":\"T\u1ee7 h\u1ed3 s\u01a1 AMA-3026\"}]},{\"@type\":\"WebSite\",\"@id\":\"https:\/\/amafurni.vn\/#website\",\"url\":\"https:\/\/amafurni.vn\/\",\"name\":\"AMAFURNI\",\"description\":\"\",\"potentialAction\":[{\"@type\":\"SearchAction\",\"target\":{\"@type\":\"EntryPoint\",\"urlTemplate\":\"https:\/\/amafurni.vn\/?s={search_term_string}\"},\"query-input\":\"required name=search_term_string\"}],\"inLanguage\":\"en-US\"}]}<\/script>\n<!-- \/ Yoast SEO Premium plugin. -->","yoast_head_json":{"title":"T\u1ee7 h\u1ed3 s\u01a1 AMA-3026 - AMAFURNI","description":"\"T\u1ee7 h\u1ed3 s\u01a1 AMA-3026 ch\u1ea5t l\u01b0\u1ee3ng cao v\u1edbi thi\u1ebft k\u1ebf ch\u1ed1ng va \u0111\u1eadp t\u1ed1t v\u1edbi ch\u1ea5t li\u1ec7u cao c\u1ea5p. M\u1eb7t t\u1ee7 \u0111\u01b0\u1ee3c thi\u1ebft k\u1ebf tinh t\u1ebf, ph\u00f9 h\u1ee3p v\u1edbi m\u1ecdi phong c\u00e1ch n\u1ed9i th\u1ea5t.","robots":{"index":"index","follow":"follow","max-snippet":"max-snippet:-1","max-image-preview":"max-image-preview:large","max-video-preview":"max-video-preview:-1"},"canonical":"https:\/\/amafurni.vn\/en\/product\/tu-ho-so-ama-3026\/","og_locale":"en_US","og_type":"article","og_title":"T\u1ee7 h\u1ed3 s\u01a1 AMA-3026","og_description":"\"T\u1ee7 h\u1ed3 s\u01a1 AMA-3026 ch\u1ea5t l\u01b0\u1ee3ng cao v\u1edbi thi\u1ebft k\u1ebf ch\u1ed1ng va \u0111\u1eadp t\u1ed1t v\u1edbi ch\u1ea5t li\u1ec7u cao c\u1ea5p. M\u1eb7t t\u1ee7 \u0111\u01b0\u1ee3c thi\u1ebft k\u1ebf tinh t\u1ebf, ph\u00f9 h\u1ee3p v\u1edbi m\u1ecdi phong c\u00e1ch n\u1ed9i th\u1ea5t.","og_url":"https:\/\/amafurni.vn\/en\/product\/tu-ho-so-ama-3026\/","og_site_name":"AMAFURNI","article_modified_time":"2025-11-12T07:12:42+00:00","og_image":[{"width":800,"height":800,"url":"https:\/\/amafurni.vn\/wp-content\/uploads\/2024\/02\/AMA-3026.jpg","type":"image\/jpeg"}],"twitter_card":"summary_large_image","twitter_misc":{"Est. reading time":"1 minute"},"schema":{"@context":"https:\/\/schema.org","@graph":[{"@type":"WebPage","@id":"https:\/\/amafurni.vn\/san-pham\/tu-ho-so-ama-3026\/","url":"https:\/\/amafurni.vn\/san-pham\/tu-ho-so-ama-3026\/","name":"T\u1ee7 h\u1ed3 s\u01a1 AMA-3026 - AMAFURNI","isPartOf":{"@id":"https:\/\/amafurni.vn\/#website"},"datePublished":"2024-02-27T06:56:37+00:00","dateModified":"2025-11-12T07:12:42+00:00","description":"\"T\u1ee7 h\u1ed3 s\u01a1 AMA-3026 ch\u1ea5t l\u01b0\u1ee3ng cao v\u1edbi thi\u1ebft k\u1ebf ch\u1ed1ng va \u0111\u1eadp t\u1ed1t v\u1edbi ch\u1ea5t li\u1ec7u cao c\u1ea5p. M\u1eb7t t\u1ee7 \u0111\u01b0\u1ee3c thi\u1ebft k\u1ebf tinh t\u1ebf, ph\u00f9 h\u1ee3p v\u1edbi m\u1ecdi phong c\u00e1ch n\u1ed9i th\u1ea5t.","breadcrumb":{"@id":"https:\/\/amafurni.vn\/san-pham\/tu-ho-so-ama-3026\/#breadcrumb"},"inLanguage":"en-US","potentialAction":[{"@type":"ReadAction","target":["https:\/\/amafurni.vn\/san-pham\/tu-ho-so-ama-3026\/"]}]},{"@type":"BreadcrumbList","@id":"https:\/\/amafurni.vn\/san-pham\/tu-ho-so-ama-3026\/#breadcrumb","itemListElement":[{"@type":"ListItem","position":1,"name":"Trang ch\u1ee7","item":"https:\/\/amafurni.vn\/"},{"@type":"ListItem","position":2,"name":"S\u1ea3n ph\u1ea9m","item":"https:\/\/amafurni.vn\/san-pham\/"},{"@type":"ListItem","position":3,"name":"T\u1ee7 h\u1ed3 s\u01a1 AMA-3026"}]},{"@type":"WebSite","@id":"https:\/\/amafurni.vn\/#website","url":"https:\/\/amafurni.vn\/","name":"AMAFURNI","description":"","potentialAction":[{"@type":"SearchAction","target":{"@type":"EntryPoint","urlTemplate":"https:\/\/amafurni.vn\/?s={search_term_string}"},"query-input":"required name=search_term_string"}],"inLanguage":"en-US"}]}},"_links":{"self":[{"href":"https:\/\/amafurni.vn\/en\/wp-json\/wp\/v2\/product\/10945"}],"collection":[{"href":"https:\/\/amafurni.vn\/en\/wp-json\/wp\/v2\/product"}],"about":[{"href":"https:\/\/amafurni.vn\/en\/wp-json\/wp\/v2\/types\/product"}],"replies":[{"embeddable":true,"href":"https:\/\/amafurni.vn\/en\/wp-json\/wp\/v2\/comments?post=10945"}],"wp:featuredmedia":[{"embeddable":true,"href":"https:\/\/amafurni.vn\/en\/wp-json\/wp\/v2\/media\/22656"}],"wp:attachment":[{"href":"https:\/\/amafurni.vn\/en\/wp-json\/wp\/v2\/media?parent=10945"}],"wp:term":[{"taxonomy":"product_cat","embeddable":true,"href":"https:\/\/amafurni.vn\/en\/wp-json\/wp\/v2\/product_cat?post=10945"},{"taxonomy":"product_tag","embeddable":true,"href":"https:\/\/amafurni.vn\/en\/wp-json\/wp\/v2\/product_tag?post=10945"}],"curies":[{"name":"wp","href":"https:\/\/api.w.org\/{rel}","templated":true}]}}