{"id":11040,"date":"2024-02-29T10:33:15","date_gmt":"2024-02-29T03:33:15","guid":{"rendered":"https:\/\/amafurni.vn\/?post_type=product&#038;p=11040"},"modified":"2025-11-12T14:12:43","modified_gmt":"2025-11-12T07:12:43","slug":"ghe-hoc-sinh-ama-rooky","status":"publish","type":"product","link":"https:\/\/amafurni.vn\/en\/product\/ghe-hoc-sinh-ama-rooky\/","title":{"rendered":"Gh\u1ebf H\u1ecdc Sinh AMA-ROOKY"},"content":{"rendered":"<table class=\"woocommerce-product-attributes shop_attributes\" style=\"width: 100.395%; height: 141px;\" width=\"929\">\n<tbody>\n<tr class=\"woocommerce-product-attributes-item woocommerce-product-attributes-item--attribute_season\" style=\"height: 12px;\">\n<th class=\"woocommerce-product-attributes-item__label\" style=\"width: 9.78495%; height: 12px;\">Material<\/th>\n<td class=\"woocommerce-product-attributes-item__value\" style=\"width: 84.1935%; height: 12px;\">L\u01b0ng gh\u1ebf b\u1ecdc n\u1ec7m v\u1ea3i. Khung l\u01b0ng v\u00e0 v\u1ecf n\u1ec7m gh\u1ebf \u0111\u01b0\u1ee3c l\u00e0m b\u1eb1ng nh\u1ef1a \u0111\u00fac m\u00e0u tr\u1eafng (c\u00f3 th\u1ec3 t\u00e1i ch\u1ebf <em class=\"Highlight\">100%<\/em>).<\/p>\n<p>N\u1ec7m v\u00e0 l\u01b0ng gh\u1ebf b\u1ecdc v\u1ea3i c\u00f3 \u0111\u1ec7m m\u00fat.<\/td>\n<\/tr>\n<tr class=\"woocommerce-product-attributes-item woocommerce-product-attributes-item--attribute_pa_color\" style=\"height: 24px;\">\n<th class=\"woocommerce-product-attributes-item__label\" style=\"width: 9.78495%; height: 24px;\">M\u00e0u S\u1eafc<\/th>\n<td class=\"woocommerce-product-attributes-item__value\" style=\"width: 84.1935%; height: 24px;\">Tu\u1ef3 ch\u1ecdn theo y\u00eau c\u1ea7u.<\/td>\n<\/tr>\n<tr class=\"woocommerce-product-attributes-item woocommerce-product-attributes-item--attribute_style\" style=\"height: 24px;\">\n<th class=\"woocommerce-product-attributes-item__label\" style=\"width: 9.78495%; height: 24px;\">Size<\/th>\n<td class=\"woocommerce-product-attributes-item__value\" style=\"width: 84.1935%; height: 24px;\"><\/td>\n<\/tr>\n<tr class=\"woocommerce-product-attributes-item woocommerce-product-attributes-item--attribute_pa_material\" style=\"height: 57px;\">\n<th class=\"woocommerce-product-attributes-item__label\" style=\"width: 9.78495%; height: 57px;\">T\u00ednh N\u0103ng<\/th>\n<td class=\"woocommerce-product-attributes-item__value\" style=\"width: 84.1935%; height: 57px;\">N\u00e2ng h\u1ea1 chi\u1ec1u cao. \u0110i\u1ec1u ch\u1ec9nh khung<em class=\"Highlight\">\u00a0l\u01b0ng\u00a0<\/em>\u00f4m s\u00e1t v\u00e0 \u0111\u1ed9 s\u00e2u n\u1ec7m. Trang b\u1ecb g\u00e1c ch\u00e2n xoay. L\u01b0ng v\u00e0 n\u1ec7m gh\u1ebf c\u00f3 th\u1ec3 th\u00e1o r\u1eddi \u0111\u1ec3 v\u1ec7 sinh. C\u01a1 ch\u1ebf \u0111i\u1ec1u ch\u1ec9nh d\u1ec5 d\u00e0ng (n\u00fat b\u1ea5m). B\u00e1nh xe xoay c\u00f3 kh\u00f3a &#8211; CH\u1ed0NG TR\u01a0N &#8211; CH\u1ed0NG TR\u1ea6Y &#8211; CH\u1ed0NG TR\u01af\u1ee2T. Gh\u1ebf xoay<\/td>\n<\/tr>\n<tr class=\"woocommerce-product-attributes-item woocommerce-product-attributes-item--attribute_item-code\" style=\"height: 24px;\">\n<th class=\"woocommerce-product-attributes-item__label\" style=\"width: 9.78495%; height: 24px;\">B\u1ea3o H\u00e0nh<\/th>\n<td class=\"woocommerce-product-attributes-item__value\" style=\"width: 84.1935%; height: 24px;\">3 n\u0103m<\/td>\n<\/tr>\n<\/tbody>\n<\/table>","protected":false},"excerpt":{"rendered":"<p><strong>Gh\u1ebf H\u1ecdc Sinh <\/strong>l\u00e0 1 m\u1eabu gh\u1ebf nh\u1eadp kh\u1ea9u tr\u1ef1c ti\u1ebfp c\u1ee7a <strong>N\u1ed8I TH\u1ea4T AMA FURNITURE<\/strong>\u00a0, v\u1edbi thi\u1ebft k\u1ebf tinh t\u1ebf, d\u1ec5 th\u01b0\u01a1ng , t\u1ed1i gian t\u1ea1o n\u00ean v\u1ebb \u0111\u1eb9p sang tr\u1ecdng cho kh\u00f4ng gian Ph\u00f2ng h\u1ecdc v.v.<\/p>\n<ul>\n<li>M\u00e3 SP : AMA-ROOKY<\/li>\n<li>Ch\u1ea5t li\u1ec7u : Khung nh\u1ef1a, ch\u00e2n nh\u1ef1a, l\u01b0ng l\u01b0\u1edbi.<\/li>\n<li>M\u00e0u s\u1eafc : H\u1ed3ng, Xanh Ng\u1ecdc, X\u00e1m.<\/li>\n<li>T\u00ednh n\u0103ng :\n<ul>\n<li>Ch\u1ea5t l\u01b0\u1ee3ng b\u1ec1n ch\u1eafc, s\u1eed d\u1ee5ng l\u00e2u d\u00e0i<\/li>\n<li>D\u1ec5 d\u00e0ng lau ch\u00f9i, v\u1ec7 sinh<\/li>\n<li>Ch\u1ed1ng va \u0111\u1eadp t\u1ed1t, m\u00e0u s\u1eafc s\u1ed1ng \u0111\u1ed9ng<\/li>\n<\/ul>\n<ul>\n<li>M\u1eb7t gh\u1ebf thi\u1ebft k\u1ebf tinh t\u1ebf d\u1ec5 ng\u1ed3i<\/li>\n<\/ul>\n<\/li>\n<\/ul>","protected":false},"featured_media":16526,"comment_status":"open","ping_status":"closed","template":"","meta":[],"product_cat":[387,388],"product_tag":[426],"yoast_head":"<!-- This site is optimized with the Yoast SEO Premium plugin v21.7 (Yoast SEO v21.7) - https:\/\/yoast.com\/wordpress\/plugins\/seo\/ -->\n<title>Gh\u1ebf H\u1ecdc Sinh AMA-ROOKY - AMAFURNI<\/title>\n<meta name=\"robots\" content=\"index, follow, max-snippet:-1, max-image-preview:large, max-video-preview:-1\" \/>\n<link rel=\"canonical\" href=\"https:\/\/amafurni.vn\/en\/product\/ghe-hoc-sinh-ama-rooky\/\" \/>\n<meta property=\"og:locale\" content=\"en_US\" \/>\n<meta property=\"og:type\" content=\"article\" \/>\n<meta property=\"og:title\" content=\"Gh\u1ebf H\u1ecdc Sinh AMA-ROOKY\" \/>\n<meta property=\"og:description\" content=\"Gh\u1ebf H\u1ecdc Sinh l\u00e0 1 m\u1eabu gh\u1ebf nh\u1eadp kh\u1ea9u tr\u1ef1c ti\u1ebfp c\u1ee7a N\u1ed8I TH\u1ea4T AMA FURNITURE\u00a0, v\u1edbi thi\u1ebft k\u1ebf tinh t\u1ebf, d\u1ec5 th\u01b0\u01a1ng , t\u1ed1i gian t\u1ea1o n\u00ean v\u1ebb \u0111\u1eb9p sang tr\u1ecdng cho kh\u00f4ng gian Ph\u00f2ng h\u1ecdc v.v.   M\u00e3 SP : AMA-ROOKY  Ch\u1ea5t li\u1ec7u : Khung nh\u1ef1a, ch\u00e2n nh\u1ef1a, l\u01b0ng l\u01b0\u1edbi.  M\u00e0u s\u1eafc : H\u1ed3ng, Xanh Ng\u1ecdc, X\u00e1m.  T\u00ednh n\u0103ng :   Ch\u1ea5t l\u01b0\u1ee3ng b\u1ec1n ch\u1eafc, s\u1eed d\u1ee5ng l\u00e2u d\u00e0i  D\u1ec5 d\u00e0ng lau ch\u00f9i, v\u1ec7 sinh  Ch\u1ed1ng va \u0111\u1eadp t\u1ed1t, m\u00e0u s\u1eafc s\u1ed1ng \u0111\u1ed9ng    M\u1eb7t gh\u1ebf thi\u1ebft k\u1ebf tinh t\u1ebf d\u1ec5 ng\u1ed3i\" \/>\n<meta property=\"og:url\" content=\"https:\/\/amafurni.vn\/en\/product\/ghe-hoc-sinh-ama-rooky\/\" \/>\n<meta property=\"og:site_name\" content=\"AMAFURNI\" \/>\n<meta property=\"article:modified_time\" content=\"2025-11-12T07:12:43+00:00\" \/>\n<meta property=\"og:image\" content=\"https:\/\/amafurni.vn\/wp-content\/uploads\/2024\/02\/z5664047233048_f1d38e7bf380dbb8c98fde2f5caa10b1.jpg\" \/>\n\t<meta property=\"og:image:width\" content=\"800\" \/>\n\t<meta property=\"og:image:height\" content=\"800\" \/>\n\t<meta property=\"og:image:type\" content=\"image\/jpeg\" \/>\n<meta name=\"twitter:card\" content=\"summary_large_image\" \/>\n<meta name=\"twitter:label1\" content=\"Est. reading time\" \/>\n\t<meta name=\"twitter:data1\" content=\"1 minute\" \/>\n<script type=\"application\/ld+json\" class=\"yoast-schema-graph\">{\"@context\":\"https:\/\/schema.org\",\"@graph\":[{\"@type\":\"WebPage\",\"@id\":\"https:\/\/amafurni.vn\/san-pham\/ghe-hoc-sinh-ama-rooky\/\",\"url\":\"https:\/\/amafurni.vn\/san-pham\/ghe-hoc-sinh-ama-rooky\/\",\"name\":\"Gh\u1ebf H\u1ecdc Sinh AMA-ROOKY - AMAFURNI\",\"isPartOf\":{\"@id\":\"https:\/\/amafurni.vn\/#website\"},\"datePublished\":\"2024-02-29T03:33:15+00:00\",\"dateModified\":\"2025-11-12T07:12:43+00:00\",\"breadcrumb\":{\"@id\":\"https:\/\/amafurni.vn\/san-pham\/ghe-hoc-sinh-ama-rooky\/#breadcrumb\"},\"inLanguage\":\"en-US\",\"potentialAction\":[{\"@type\":\"ReadAction\",\"target\":[\"https:\/\/amafurni.vn\/san-pham\/ghe-hoc-sinh-ama-rooky\/\"]}]},{\"@type\":\"BreadcrumbList\",\"@id\":\"https:\/\/amafurni.vn\/san-pham\/ghe-hoc-sinh-ama-rooky\/#breadcrumb\",\"itemListElement\":[{\"@type\":\"ListItem\",\"position\":1,\"name\":\"Trang ch\u1ee7\",\"item\":\"https:\/\/amafurni.vn\/\"},{\"@type\":\"ListItem\",\"position\":2,\"name\":\"S\u1ea3n ph\u1ea9m\",\"item\":\"https:\/\/amafurni.vn\/san-pham\/\"},{\"@type\":\"ListItem\",\"position\":3,\"name\":\"Gh\u1ebf H\u1ecdc Sinh AMA-ROOKY\"}]},{\"@type\":\"WebSite\",\"@id\":\"https:\/\/amafurni.vn\/#website\",\"url\":\"https:\/\/amafurni.vn\/\",\"name\":\"AMAFURNI\",\"description\":\"\",\"potentialAction\":[{\"@type\":\"SearchAction\",\"target\":{\"@type\":\"EntryPoint\",\"urlTemplate\":\"https:\/\/amafurni.vn\/?s={search_term_string}\"},\"query-input\":\"required name=search_term_string\"}],\"inLanguage\":\"en-US\"}]}<\/script>\n<!-- \/ Yoast SEO Premium plugin. -->","yoast_head_json":{"title":"Gh\u1ebf H\u1ecdc Sinh AMA-ROOKY - AMAFURNI","robots":{"index":"index","follow":"follow","max-snippet":"max-snippet:-1","max-image-preview":"max-image-preview:large","max-video-preview":"max-video-preview:-1"},"canonical":"https:\/\/amafurni.vn\/en\/product\/ghe-hoc-sinh-ama-rooky\/","og_locale":"en_US","og_type":"article","og_title":"Gh\u1ebf H\u1ecdc Sinh AMA-ROOKY","og_description":"Gh\u1ebf H\u1ecdc Sinh l\u00e0 1 m\u1eabu gh\u1ebf nh\u1eadp kh\u1ea9u tr\u1ef1c ti\u1ebfp c\u1ee7a N\u1ed8I TH\u1ea4T AMA FURNITURE\u00a0, v\u1edbi thi\u1ebft k\u1ebf tinh t\u1ebf, d\u1ec5 th\u01b0\u01a1ng , t\u1ed1i gian t\u1ea1o n\u00ean v\u1ebb \u0111\u1eb9p sang tr\u1ecdng cho kh\u00f4ng gian Ph\u00f2ng h\u1ecdc v.v.   M\u00e3 SP : AMA-ROOKY  Ch\u1ea5t li\u1ec7u : Khung nh\u1ef1a, ch\u00e2n nh\u1ef1a, l\u01b0ng l\u01b0\u1edbi.  M\u00e0u s\u1eafc : H\u1ed3ng, Xanh Ng\u1ecdc, X\u00e1m.  T\u00ednh n\u0103ng :   Ch\u1ea5t l\u01b0\u1ee3ng b\u1ec1n ch\u1eafc, s\u1eed d\u1ee5ng l\u00e2u d\u00e0i  D\u1ec5 d\u00e0ng lau ch\u00f9i, v\u1ec7 sinh  Ch\u1ed1ng va \u0111\u1eadp t\u1ed1t, m\u00e0u s\u1eafc s\u1ed1ng \u0111\u1ed9ng    M\u1eb7t gh\u1ebf thi\u1ebft k\u1ebf tinh t\u1ebf d\u1ec5 ng\u1ed3i","og_url":"https:\/\/amafurni.vn\/en\/product\/ghe-hoc-sinh-ama-rooky\/","og_site_name":"AMAFURNI","article_modified_time":"2025-11-12T07:12:43+00:00","og_image":[{"width":800,"height":800,"url":"https:\/\/amafurni.vn\/wp-content\/uploads\/2024\/02\/z5664047233048_f1d38e7bf380dbb8c98fde2f5caa10b1.jpg","type":"image\/jpeg"}],"twitter_card":"summary_large_image","twitter_misc":{"Est. reading time":"1 minute"},"schema":{"@context":"https:\/\/schema.org","@graph":[{"@type":"WebPage","@id":"https:\/\/amafurni.vn\/san-pham\/ghe-hoc-sinh-ama-rooky\/","url":"https:\/\/amafurni.vn\/san-pham\/ghe-hoc-sinh-ama-rooky\/","name":"Gh\u1ebf H\u1ecdc Sinh AMA-ROOKY - AMAFURNI","isPartOf":{"@id":"https:\/\/amafurni.vn\/#website"},"datePublished":"2024-02-29T03:33:15+00:00","dateModified":"2025-11-12T07:12:43+00:00","breadcrumb":{"@id":"https:\/\/amafurni.vn\/san-pham\/ghe-hoc-sinh-ama-rooky\/#breadcrumb"},"inLanguage":"en-US","potentialAction":[{"@type":"ReadAction","target":["https:\/\/amafurni.vn\/san-pham\/ghe-hoc-sinh-ama-rooky\/"]}]},{"@type":"BreadcrumbList","@id":"https:\/\/amafurni.vn\/san-pham\/ghe-hoc-sinh-ama-rooky\/#breadcrumb","itemListElement":[{"@type":"ListItem","position":1,"name":"Trang ch\u1ee7","item":"https:\/\/amafurni.vn\/"},{"@type":"ListItem","position":2,"name":"S\u1ea3n ph\u1ea9m","item":"https:\/\/amafurni.vn\/san-pham\/"},{"@type":"ListItem","position":3,"name":"Gh\u1ebf H\u1ecdc Sinh AMA-ROOKY"}]},{"@type":"WebSite","@id":"https:\/\/amafurni.vn\/#website","url":"https:\/\/amafurni.vn\/","name":"AMAFURNI","description":"","potentialAction":[{"@type":"SearchAction","target":{"@type":"EntryPoint","urlTemplate":"https:\/\/amafurni.vn\/?s={search_term_string}"},"query-input":"required name=search_term_string"}],"inLanguage":"en-US"}]}},"_links":{"self":[{"href":"https:\/\/amafurni.vn\/en\/wp-json\/wp\/v2\/product\/11040"}],"collection":[{"href":"https:\/\/amafurni.vn\/en\/wp-json\/wp\/v2\/product"}],"about":[{"href":"https:\/\/amafurni.vn\/en\/wp-json\/wp\/v2\/types\/product"}],"replies":[{"embeddable":true,"href":"https:\/\/amafurni.vn\/en\/wp-json\/wp\/v2\/comments?post=11040"}],"wp:featuredmedia":[{"embeddable":true,"href":"https:\/\/amafurni.vn\/en\/wp-json\/wp\/v2\/media\/16526"}],"wp:attachment":[{"href":"https:\/\/amafurni.vn\/en\/wp-json\/wp\/v2\/media?parent=11040"}],"wp:term":[{"taxonomy":"product_cat","embeddable":true,"href":"https:\/\/amafurni.vn\/en\/wp-json\/wp\/v2\/product_cat?post=11040"},{"taxonomy":"product_tag","embeddable":true,"href":"https:\/\/amafurni.vn\/en\/wp-json\/wp\/v2\/product_tag?post=11040"}],"curies":[{"name":"wp","href":"https:\/\/api.w.org\/{rel}","templated":true}]}}