{"id":11050,"date":"2024-02-29T10:46:53","date_gmt":"2024-02-29T03:46:53","guid":{"rendered":"https:\/\/amafurni.vn\/?post_type=product&#038;p=11050"},"modified":"2025-11-12T14:12:44","modified_gmt":"2025-11-12T07:12:44","slug":"ama-rover-ii","status":"publish","type":"product","link":"https:\/\/amafurni.vn\/en\/product\/ama-rover-ii\/","title":{"rendered":"AMA-ROVER II"},"content":{"rendered":"<table class=\"woocommerce-product-attributes shop_attributes\" style=\"width: 100.461%\" width=\"929\">\n<tbody>\n<tr class=\"woocommerce-product-attributes-item woocommerce-product-attributes-item--attribute_season\">\n<th class=\"woocommerce-product-attributes-item__label\" style=\"width: 8.49462%\">Material<\/th>\n<td class=\"woocommerce-product-attributes-item__value\" style=\"width: 88.0439%\">Khung l\u01b0ng gh\u1ebf b\u1eb1ng nh\u1ef1a cao c\u1ea5p. Tay gh\u1ebf b\u1eb1ng nh\u1ef1a, li\u1ec1n v\u1edbi ch\u00e2n gh\u1ebf. N\u1ec7m gh\u1ebf s\u1eed d\u1ee5ng ch\u1ea5t li\u1ec7u cao c\u1ea5p, s\u1eed d\u1ee5ng l\u00e2u kh\u00f4ng b\u1ecb bi\u1ebfn d\u1ea1ng. Ch\u00e2n gh\u1ebf b\u1eb1ng nh\u1ef1a ch\u1ecbu l\u1ef1c c\u00f3 b\u00e1nh xe<\/td>\n<\/tr>\n<tr class=\"woocommerce-product-attributes-item woocommerce-product-attributes-item--attribute_pa_color\">\n<th class=\"woocommerce-product-attributes-item__label\" style=\"width: 8.49462%\">M\u00e0u S\u1eafc<\/th>\n<td class=\"woocommerce-product-attributes-item__value\" style=\"width: 88.0439%\">Theo b\u1ea3ng m\u00e0u<\/td>\n<\/tr>\n<tr class=\"woocommerce-product-attributes-item woocommerce-product-attributes-item--attribute_style\">\n<th class=\"woocommerce-product-attributes-item__label\" style=\"width: 8.49462%\">Size<\/th>\n<td class=\"woocommerce-product-attributes-item__value\" style=\"width: 88.0439%\"><\/td>\n<\/tr>\n<tr class=\"woocommerce-product-attributes-item woocommerce-product-attributes-item--attribute_pa_material\">\n<th class=\"woocommerce-product-attributes-item__label\" style=\"width: 8.49462%\">T\u00ednh N\u0103ng<\/th>\n<td class=\"woocommerce-product-attributes-item__value\" style=\"width: 88.0439%\">Gh\u1ebf training<\/td>\n<\/tr>\n<tr class=\"woocommerce-product-attributes-item woocommerce-product-attributes-item--attribute_item-code\">\n<th class=\"woocommerce-product-attributes-item__label\" style=\"width: 8.49462%\">B\u1ea3o H\u00e0nh<\/th>\n<td class=\"woocommerce-product-attributes-item__value\" style=\"width: 88.0439%\">2 n\u0103m<\/td>\n<\/tr>\n<\/tbody>\n<\/table>","protected":false},"excerpt":{"rendered":"<p>T\u1ef1a \u0110\u1ea7u:\u00a0Khung l\u01b0ng gh\u1ebf b\u1eb1ng nh\u1ef1a cao c\u1ea5p. C\u00f3 l\u1ed7 tho\u00e1t h\u01a1i tho\u00e1ng m\u00e1t.<\/p>\n<p>&nbsp;<\/p>\n<p>Tay Gh\u1ebf:\u00a0Tay gh\u1ebf b\u1eb1ng nh\u1ef1a, li\u1ec1n v\u1edbi ch\u00e2n gh\u1ebf. \u0110\u01b0\u1ee3c t\u00edch h\u1ee3p th\u00eam b\u00e0n vi\u1ebft ti\u1ec7n l\u1ee3i cho ng\u01b0\u1eddi d\u00f9ng<\/p>\n<p>&nbsp;<\/p>\n<p>N\u1ec7m Gh\u1ebf:\u00a0N\u1ec7m gh\u1ebf s\u1eed d\u1ee5ng ch\u1ea5t li\u1ec7u cao c\u1ea5p, s\u1eed d\u1ee5ng l\u00e2u kh\u00f4ng b\u1ecb bi\u1ebfn d\u1ea1ng. B\u1ecdc v\u1ea3i hi\u1ec7n \u0111\u1ea1i v\u00e0 tinh t\u1ebf<\/p>\n<p>&nbsp;<\/p>\n<p>Ch\u00e2n Gh\u1ebf:\u00a0Ch\u00e2n gh\u1ebf b\u1eb1ng nh\u1ef1a ch\u1ecbu l\u1ef1c c\u00f3 b\u00e1nh xe. C\u00f3 ph\u1ea7n \u0111\u1ef1ng \u0111\u1ed3 ti\u1ec7n l\u1ee3i.<\/p>","protected":false},"featured_media":11063,"comment_status":"open","ping_status":"closed","template":"","meta":[],"product_cat":[59,70,74],"product_tag":[267],"yoast_head":"<!-- This site is optimized with the Yoast SEO Premium plugin v21.7 (Yoast SEO v21.7) - https:\/\/yoast.com\/wordpress\/plugins\/seo\/ -->\n<title>AMA-ROVER II - AMAFURNI<\/title>\n<meta name=\"robots\" content=\"index, follow, max-snippet:-1, max-image-preview:large, max-video-preview:-1\" \/>\n<link rel=\"canonical\" href=\"https:\/\/amafurni.vn\/en\/product\/ama-rover-ii\/\" \/>\n<meta property=\"og:locale\" content=\"en_US\" \/>\n<meta property=\"og:type\" content=\"article\" \/>\n<meta property=\"og:title\" content=\"AMA-ROVER II\" \/>\n<meta property=\"og:description\" content=\"T\u1ef1a \u0110\u1ea7u:\u00a0Khung l\u01b0ng gh\u1ebf b\u1eb1ng nh\u1ef1a cao c\u1ea5p. C\u00f3 l\u1ed7 tho\u00e1t h\u01a1i tho\u00e1ng m\u00e1t.  &nbsp;  Tay Gh\u1ebf:\u00a0Tay gh\u1ebf b\u1eb1ng nh\u1ef1a, li\u1ec1n v\u1edbi ch\u00e2n gh\u1ebf. \u0110\u01b0\u1ee3c t\u00edch h\u1ee3p th\u00eam b\u00e0n vi\u1ebft ti\u1ec7n l\u1ee3i cho ng\u01b0\u1eddi d\u00f9ng  &nbsp;  N\u1ec7m Gh\u1ebf:\u00a0N\u1ec7m gh\u1ebf s\u1eed d\u1ee5ng ch\u1ea5t li\u1ec7u cao c\u1ea5p, s\u1eed d\u1ee5ng l\u00e2u kh\u00f4ng b\u1ecb bi\u1ebfn d\u1ea1ng. B\u1ecdc v\u1ea3i hi\u1ec7n \u0111\u1ea1i v\u00e0 tinh t\u1ebf  &nbsp;  Ch\u00e2n Gh\u1ebf:\u00a0Ch\u00e2n gh\u1ebf b\u1eb1ng nh\u1ef1a ch\u1ecbu l\u1ef1c c\u00f3 b\u00e1nh xe. C\u00f3 ph\u1ea7n \u0111\u1ef1ng \u0111\u1ed3 ti\u1ec7n l\u1ee3i.\" \/>\n<meta property=\"og:url\" content=\"https:\/\/amafurni.vn\/en\/product\/ama-rover-ii\/\" \/>\n<meta property=\"og:site_name\" content=\"AMAFURNI\" \/>\n<meta property=\"article:modified_time\" content=\"2025-11-12T07:12:44+00:00\" \/>\n<meta property=\"og:image\" content=\"https:\/\/amafurni.vn\/wp-content\/uploads\/2024\/02\/z5202936881915_51fd67fa949ea06e9739af096a225dd4.jpg\" \/>\n\t<meta property=\"og:image:width\" content=\"1002\" \/>\n\t<meta property=\"og:image:height\" content=\"1002\" \/>\n\t<meta property=\"og:image:type\" content=\"image\/jpeg\" \/>\n<meta name=\"twitter:card\" content=\"summary_large_image\" \/>\n<meta name=\"twitter:label1\" content=\"Est. reading time\" \/>\n\t<meta name=\"twitter:data1\" content=\"1 minute\" \/>\n<script type=\"application\/ld+json\" class=\"yoast-schema-graph\">{\"@context\":\"https:\/\/schema.org\",\"@graph\":[{\"@type\":\"WebPage\",\"@id\":\"https:\/\/amafurni.vn\/san-pham\/ama-rover-ii\/\",\"url\":\"https:\/\/amafurni.vn\/san-pham\/ama-rover-ii\/\",\"name\":\"AMA-ROVER II - AMAFURNI\",\"isPartOf\":{\"@id\":\"https:\/\/amafurni.vn\/#website\"},\"datePublished\":\"2024-02-29T03:46:53+00:00\",\"dateModified\":\"2025-11-12T07:12:44+00:00\",\"breadcrumb\":{\"@id\":\"https:\/\/amafurni.vn\/san-pham\/ama-rover-ii\/#breadcrumb\"},\"inLanguage\":\"en-US\",\"potentialAction\":[{\"@type\":\"ReadAction\",\"target\":[\"https:\/\/amafurni.vn\/san-pham\/ama-rover-ii\/\"]}]},{\"@type\":\"BreadcrumbList\",\"@id\":\"https:\/\/amafurni.vn\/san-pham\/ama-rover-ii\/#breadcrumb\",\"itemListElement\":[{\"@type\":\"ListItem\",\"position\":1,\"name\":\"Trang ch\u1ee7\",\"item\":\"https:\/\/amafurni.vn\/\"},{\"@type\":\"ListItem\",\"position\":2,\"name\":\"S\u1ea3n ph\u1ea9m\",\"item\":\"https:\/\/amafurni.vn\/san-pham\/\"},{\"@type\":\"ListItem\",\"position\":3,\"name\":\"AMA-ROVER II\"}]},{\"@type\":\"WebSite\",\"@id\":\"https:\/\/amafurni.vn\/#website\",\"url\":\"https:\/\/amafurni.vn\/\",\"name\":\"AMAFURNI\",\"description\":\"\",\"potentialAction\":[{\"@type\":\"SearchAction\",\"target\":{\"@type\":\"EntryPoint\",\"urlTemplate\":\"https:\/\/amafurni.vn\/?s={search_term_string}\"},\"query-input\":\"required name=search_term_string\"}],\"inLanguage\":\"en-US\"}]}<\/script>\n<!-- \/ Yoast SEO Premium plugin. -->","yoast_head_json":{"title":"AMA-ROVER II - AMAFURNI","robots":{"index":"index","follow":"follow","max-snippet":"max-snippet:-1","max-image-preview":"max-image-preview:large","max-video-preview":"max-video-preview:-1"},"canonical":"https:\/\/amafurni.vn\/en\/product\/ama-rover-ii\/","og_locale":"en_US","og_type":"article","og_title":"AMA-ROVER II","og_description":"T\u1ef1a \u0110\u1ea7u:\u00a0Khung l\u01b0ng gh\u1ebf b\u1eb1ng nh\u1ef1a cao c\u1ea5p. C\u00f3 l\u1ed7 tho\u00e1t h\u01a1i tho\u00e1ng m\u00e1t.  &nbsp;  Tay Gh\u1ebf:\u00a0Tay gh\u1ebf b\u1eb1ng nh\u1ef1a, li\u1ec1n v\u1edbi ch\u00e2n gh\u1ebf. \u0110\u01b0\u1ee3c t\u00edch h\u1ee3p th\u00eam b\u00e0n vi\u1ebft ti\u1ec7n l\u1ee3i cho ng\u01b0\u1eddi d\u00f9ng  &nbsp;  N\u1ec7m Gh\u1ebf:\u00a0N\u1ec7m gh\u1ebf s\u1eed d\u1ee5ng ch\u1ea5t li\u1ec7u cao c\u1ea5p, s\u1eed d\u1ee5ng l\u00e2u kh\u00f4ng b\u1ecb bi\u1ebfn d\u1ea1ng. B\u1ecdc v\u1ea3i hi\u1ec7n \u0111\u1ea1i v\u00e0 tinh t\u1ebf  &nbsp;  Ch\u00e2n Gh\u1ebf:\u00a0Ch\u00e2n gh\u1ebf b\u1eb1ng nh\u1ef1a ch\u1ecbu l\u1ef1c c\u00f3 b\u00e1nh xe. C\u00f3 ph\u1ea7n \u0111\u1ef1ng \u0111\u1ed3 ti\u1ec7n l\u1ee3i.","og_url":"https:\/\/amafurni.vn\/en\/product\/ama-rover-ii\/","og_site_name":"AMAFURNI","article_modified_time":"2025-11-12T07:12:44+00:00","og_image":[{"width":1002,"height":1002,"url":"https:\/\/amafurni.vn\/wp-content\/uploads\/2024\/02\/z5202936881915_51fd67fa949ea06e9739af096a225dd4.jpg","type":"image\/jpeg"}],"twitter_card":"summary_large_image","twitter_misc":{"Est. reading time":"1 minute"},"schema":{"@context":"https:\/\/schema.org","@graph":[{"@type":"WebPage","@id":"https:\/\/amafurni.vn\/san-pham\/ama-rover-ii\/","url":"https:\/\/amafurni.vn\/san-pham\/ama-rover-ii\/","name":"AMA-ROVER II - AMAFURNI","isPartOf":{"@id":"https:\/\/amafurni.vn\/#website"},"datePublished":"2024-02-29T03:46:53+00:00","dateModified":"2025-11-12T07:12:44+00:00","breadcrumb":{"@id":"https:\/\/amafurni.vn\/san-pham\/ama-rover-ii\/#breadcrumb"},"inLanguage":"en-US","potentialAction":[{"@type":"ReadAction","target":["https:\/\/amafurni.vn\/san-pham\/ama-rover-ii\/"]}]},{"@type":"BreadcrumbList","@id":"https:\/\/amafurni.vn\/san-pham\/ama-rover-ii\/#breadcrumb","itemListElement":[{"@type":"ListItem","position":1,"name":"Trang ch\u1ee7","item":"https:\/\/amafurni.vn\/"},{"@type":"ListItem","position":2,"name":"S\u1ea3n ph\u1ea9m","item":"https:\/\/amafurni.vn\/san-pham\/"},{"@type":"ListItem","position":3,"name":"AMA-ROVER II"}]},{"@type":"WebSite","@id":"https:\/\/amafurni.vn\/#website","url":"https:\/\/amafurni.vn\/","name":"AMAFURNI","description":"","potentialAction":[{"@type":"SearchAction","target":{"@type":"EntryPoint","urlTemplate":"https:\/\/amafurni.vn\/?s={search_term_string}"},"query-input":"required name=search_term_string"}],"inLanguage":"en-US"}]}},"_links":{"self":[{"href":"https:\/\/amafurni.vn\/en\/wp-json\/wp\/v2\/product\/11050"}],"collection":[{"href":"https:\/\/amafurni.vn\/en\/wp-json\/wp\/v2\/product"}],"about":[{"href":"https:\/\/amafurni.vn\/en\/wp-json\/wp\/v2\/types\/product"}],"replies":[{"embeddable":true,"href":"https:\/\/amafurni.vn\/en\/wp-json\/wp\/v2\/comments?post=11050"}],"wp:featuredmedia":[{"embeddable":true,"href":"https:\/\/amafurni.vn\/en\/wp-json\/wp\/v2\/media\/11063"}],"wp:attachment":[{"href":"https:\/\/amafurni.vn\/en\/wp-json\/wp\/v2\/media?parent=11050"}],"wp:term":[{"taxonomy":"product_cat","embeddable":true,"href":"https:\/\/amafurni.vn\/en\/wp-json\/wp\/v2\/product_cat?post=11050"},{"taxonomy":"product_tag","embeddable":true,"href":"https:\/\/amafurni.vn\/en\/wp-json\/wp\/v2\/product_tag?post=11050"}],"curies":[{"name":"wp","href":"https:\/\/api.w.org\/{rel}","templated":true}]}}