{"id":11068,"date":"2024-02-29T11:33:56","date_gmt":"2024-02-29T04:33:56","guid":{"rendered":"https:\/\/amafurni.vn\/?post_type=product&#038;p=11068"},"modified":"2025-11-12T14:12:44","modified_gmt":"2025-11-12T07:12:44","slug":"ama-rover-02","status":"publish","type":"product","link":"https:\/\/amafurni.vn\/en\/product\/ama-rover-02\/","title":{"rendered":"AMA-ROVER 02"},"content":{"rendered":"<table class=\"woocommerce-product-attributes shop_attributes\" style=\"width: 99.9071%\" width=\"929\">\n<tbody>\n<tr class=\"woocommerce-product-attributes-item woocommerce-product-attributes-item--attribute_season\">\n<th class=\"woocommerce-product-attributes-item__label\" style=\"width: 9.24731%\">Material<\/th>\n<td class=\"woocommerce-product-attributes-item__value\" style=\"width: 86.7427%\">T\u1ef1a L\u01b0ng Gh\u1ebf: Nh\u1ef1a m\u00e0u tr\u1eafng ho\u1eb7c x\u00e1m. N\u1ec7m ng\u1ed3i b\u1eb1ng nh\u1ef1a ho\u1eb7c n\u1ec7m b\u1ecdc v\u1ea3i. Tay gh\u1ebf v\u00e0 ch\u00e2n gh\u1ebf b\u1eb1ng nh\u1ef1a. Phu\u1ed9c m\u00e0u \u0111en. B\u00e1nh xe nh\u1ef1a<\/td>\n<\/tr>\n<tr class=\"woocommerce-product-attributes-item woocommerce-product-attributes-item--attribute_pa_color\">\n<th class=\"woocommerce-product-attributes-item__label\" style=\"width: 9.24731%\">M\u00e0u S\u1eafc<\/th>\n<td class=\"woocommerce-product-attributes-item__value\" style=\"width: 86.7427%\">Theo b\u1ea3ng m\u00e0u<\/td>\n<\/tr>\n<tr class=\"woocommerce-product-attributes-item woocommerce-product-attributes-item--attribute_style\">\n<th class=\"woocommerce-product-attributes-item__label\" style=\"width: 9.24731%\">Size<\/th>\n<td class=\"woocommerce-product-attributes-item__value\" style=\"width: 86.7427%\"><\/td>\n<\/tr>\n<tr class=\"woocommerce-product-attributes-item woocommerce-product-attributes-item--attribute_pa_material\">\n<th class=\"woocommerce-product-attributes-item__label\" style=\"width: 9.24731%\">T\u00ednh N\u0103ng<\/th>\n<td class=\"woocommerce-product-attributes-item__value\" style=\"width: 86.7427%\">Gh\u1ebf c\u00f3 b\u00e0n vi\u1ebft. Gh\u1ebf c\u00f3 khoang \u0111\u1ec3 \u0111\u1ed3<\/td>\n<\/tr>\n<tr class=\"woocommerce-product-attributes-item woocommerce-product-attributes-item--attribute_item-code\">\n<th class=\"woocommerce-product-attributes-item__label\" style=\"width: 9.24731%\">B\u1ea3o H\u00e0nh<\/th>\n<td class=\"woocommerce-product-attributes-item__value\" style=\"width: 86.7427%\">3 n\u0103m<\/td>\n<\/tr>\n<\/tbody>\n<\/table>","protected":false},"excerpt":{"rendered":"<p>1. T\u1ef1a L\u01b0ng Gh\u1ebf: Nh\u1ef1a m\u00e0u tr\u1eafng ho\u1eb7c x\u00e1m<br \/>\n2. N\u1ec7m: N\u1ec7m ng\u1ed3i b\u1eb1ng nh\u1ef1a ho\u1eb7c n\u1ec7m b\u1ecdc v\u1ea3i<br \/>\n3. Tay Gh\u1ebf: Tay nh\u1ef1a c\u1ed1 \u0111\u1ecbnh, gh\u1ebf c\u00f3 b\u00e0n vi\u1ebft<br \/>\n4. B\u1ed9 \u0110i\u1ec1u Khi\u1ec3n: B\u1ed9 \u0111i\u1ec1u khi\u1ec3n 1 c\u1ea7n \u0111i\u1ec1u ch\u1ec9nh chi\u1ec1u cao<br \/>\n5. Phu\u1ed9c: Phu\u1ed9c m\u00e0u \u0111en<br \/>\n6. Ch\u00e2n Gh\u1ebf: Ch\u00e2n nh\u1ef1a \u0111\u1eb7c bi\u1ec7t theo gh\u1ebf c\u00f3 khoang \u0111\u1ec3 \u0111\u1ed3<br \/>\n7. B\u00e1nh Xe: B\u00e1nh xe nh\u1ef1a<br \/>\n8. M\u00e0u L\u01b0ng: T\u00f9y ch\u1ecdn<br \/>\n9. M\u00e0u N\u1ec7m: T\u00f9y ch\u1ecdn<br \/>\n10. Xu\u1ea5t X\u1ee9: Malaysia<\/p>","protected":false},"featured_media":11075,"comment_status":"open","ping_status":"closed","template":"","meta":[],"product_cat":[59,70,74],"product_tag":[124,267],"yoast_head":"<!-- This site is optimized with the Yoast SEO Premium plugin v21.7 (Yoast SEO v21.7) - https:\/\/yoast.com\/wordpress\/plugins\/seo\/ -->\n<title>AMA-ROVER 02 - AMAFURNI<\/title>\n<meta name=\"robots\" content=\"index, follow, max-snippet:-1, max-image-preview:large, max-video-preview:-1\" \/>\n<link rel=\"canonical\" href=\"https:\/\/amafurni.vn\/en\/product\/ama-rover-02\/\" \/>\n<meta property=\"og:locale\" content=\"en_US\" \/>\n<meta property=\"og:type\" content=\"article\" \/>\n<meta property=\"og:title\" content=\"AMA-ROVER 02\" \/>\n<meta property=\"og:description\" content=\"1. T\u1ef1a L\u01b0ng Gh\u1ebf: Nh\u1ef1a m\u00e0u tr\u1eafng ho\u1eb7c x\u00e1m 2. N\u1ec7m: N\u1ec7m ng\u1ed3i b\u1eb1ng nh\u1ef1a ho\u1eb7c n\u1ec7m b\u1ecdc v\u1ea3i 3. Tay Gh\u1ebf: Tay nh\u1ef1a c\u1ed1 \u0111\u1ecbnh, gh\u1ebf c\u00f3 b\u00e0n vi\u1ebft 4. B\u1ed9 \u0110i\u1ec1u Khi\u1ec3n: B\u1ed9 \u0111i\u1ec1u khi\u1ec3n 1 c\u1ea7n \u0111i\u1ec1u ch\u1ec9nh chi\u1ec1u cao 5. Phu\u1ed9c: Phu\u1ed9c m\u00e0u \u0111en 6. Ch\u00e2n Gh\u1ebf: Ch\u00e2n nh\u1ef1a \u0111\u1eb7c bi\u1ec7t theo gh\u1ebf c\u00f3 khoang \u0111\u1ec3 \u0111\u1ed3 7. B\u00e1nh Xe: B\u00e1nh xe nh\u1ef1a 8. M\u00e0u L\u01b0ng: T\u00f9y ch\u1ecdn 9. M\u00e0u N\u1ec7m: T\u00f9y ch\u1ecdn 10. Xu\u1ea5t X\u1ee9: Malaysia\" \/>\n<meta property=\"og:url\" content=\"https:\/\/amafurni.vn\/en\/product\/ama-rover-02\/\" \/>\n<meta property=\"og:site_name\" content=\"AMAFURNI\" \/>\n<meta property=\"article:modified_time\" content=\"2025-11-12T07:12:44+00:00\" \/>\n<meta property=\"og:image\" content=\"https:\/\/amafurni.vn\/wp-content\/uploads\/2024\/02\/z5202936894360_d706a83274dcff7c52f5a184030e5d5d.jpg\" \/>\n\t<meta property=\"og:image:width\" content=\"1002\" \/>\n\t<meta property=\"og:image:height\" content=\"1002\" \/>\n\t<meta property=\"og:image:type\" content=\"image\/jpeg\" \/>\n<meta name=\"twitter:card\" content=\"summary_large_image\" \/>\n<meta name=\"twitter:label1\" content=\"Est. reading time\" \/>\n\t<meta name=\"twitter:data1\" content=\"1 minute\" \/>\n<script type=\"application\/ld+json\" class=\"yoast-schema-graph\">{\"@context\":\"https:\/\/schema.org\",\"@graph\":[{\"@type\":\"WebPage\",\"@id\":\"https:\/\/amafurni.vn\/san-pham\/ama-rover-02\/\",\"url\":\"https:\/\/amafurni.vn\/san-pham\/ama-rover-02\/\",\"name\":\"AMA-ROVER 02 - AMAFURNI\",\"isPartOf\":{\"@id\":\"https:\/\/amafurni.vn\/#website\"},\"datePublished\":\"2024-02-29T04:33:56+00:00\",\"dateModified\":\"2025-11-12T07:12:44+00:00\",\"breadcrumb\":{\"@id\":\"https:\/\/amafurni.vn\/san-pham\/ama-rover-02\/#breadcrumb\"},\"inLanguage\":\"en-US\",\"potentialAction\":[{\"@type\":\"ReadAction\",\"target\":[\"https:\/\/amafurni.vn\/san-pham\/ama-rover-02\/\"]}]},{\"@type\":\"BreadcrumbList\",\"@id\":\"https:\/\/amafurni.vn\/san-pham\/ama-rover-02\/#breadcrumb\",\"itemListElement\":[{\"@type\":\"ListItem\",\"position\":1,\"name\":\"Trang ch\u1ee7\",\"item\":\"https:\/\/amafurni.vn\/\"},{\"@type\":\"ListItem\",\"position\":2,\"name\":\"S\u1ea3n ph\u1ea9m\",\"item\":\"https:\/\/amafurni.vn\/san-pham\/\"},{\"@type\":\"ListItem\",\"position\":3,\"name\":\"AMA-ROVER 02\"}]},{\"@type\":\"WebSite\",\"@id\":\"https:\/\/amafurni.vn\/#website\",\"url\":\"https:\/\/amafurni.vn\/\",\"name\":\"AMAFURNI\",\"description\":\"\",\"potentialAction\":[{\"@type\":\"SearchAction\",\"target\":{\"@type\":\"EntryPoint\",\"urlTemplate\":\"https:\/\/amafurni.vn\/?s={search_term_string}\"},\"query-input\":\"required name=search_term_string\"}],\"inLanguage\":\"en-US\"}]}<\/script>\n<!-- \/ Yoast SEO Premium plugin. -->","yoast_head_json":{"title":"AMA-ROVER 02 - AMAFURNI","robots":{"index":"index","follow":"follow","max-snippet":"max-snippet:-1","max-image-preview":"max-image-preview:large","max-video-preview":"max-video-preview:-1"},"canonical":"https:\/\/amafurni.vn\/en\/product\/ama-rover-02\/","og_locale":"en_US","og_type":"article","og_title":"AMA-ROVER 02","og_description":"1. T\u1ef1a L\u01b0ng Gh\u1ebf: Nh\u1ef1a m\u00e0u tr\u1eafng ho\u1eb7c x\u00e1m 2. N\u1ec7m: N\u1ec7m ng\u1ed3i b\u1eb1ng nh\u1ef1a ho\u1eb7c n\u1ec7m b\u1ecdc v\u1ea3i 3. Tay Gh\u1ebf: Tay nh\u1ef1a c\u1ed1 \u0111\u1ecbnh, gh\u1ebf c\u00f3 b\u00e0n vi\u1ebft 4. B\u1ed9 \u0110i\u1ec1u Khi\u1ec3n: B\u1ed9 \u0111i\u1ec1u khi\u1ec3n 1 c\u1ea7n \u0111i\u1ec1u ch\u1ec9nh chi\u1ec1u cao 5. Phu\u1ed9c: Phu\u1ed9c m\u00e0u \u0111en 6. Ch\u00e2n Gh\u1ebf: Ch\u00e2n nh\u1ef1a \u0111\u1eb7c bi\u1ec7t theo gh\u1ebf c\u00f3 khoang \u0111\u1ec3 \u0111\u1ed3 7. B\u00e1nh Xe: B\u00e1nh xe nh\u1ef1a 8. M\u00e0u L\u01b0ng: T\u00f9y ch\u1ecdn 9. M\u00e0u N\u1ec7m: T\u00f9y ch\u1ecdn 10. Xu\u1ea5t X\u1ee9: Malaysia","og_url":"https:\/\/amafurni.vn\/en\/product\/ama-rover-02\/","og_site_name":"AMAFURNI","article_modified_time":"2025-11-12T07:12:44+00:00","og_image":[{"width":1002,"height":1002,"url":"https:\/\/amafurni.vn\/wp-content\/uploads\/2024\/02\/z5202936894360_d706a83274dcff7c52f5a184030e5d5d.jpg","type":"image\/jpeg"}],"twitter_card":"summary_large_image","twitter_misc":{"Est. reading time":"1 minute"},"schema":{"@context":"https:\/\/schema.org","@graph":[{"@type":"WebPage","@id":"https:\/\/amafurni.vn\/san-pham\/ama-rover-02\/","url":"https:\/\/amafurni.vn\/san-pham\/ama-rover-02\/","name":"AMA-ROVER 02 - AMAFURNI","isPartOf":{"@id":"https:\/\/amafurni.vn\/#website"},"datePublished":"2024-02-29T04:33:56+00:00","dateModified":"2025-11-12T07:12:44+00:00","breadcrumb":{"@id":"https:\/\/amafurni.vn\/san-pham\/ama-rover-02\/#breadcrumb"},"inLanguage":"en-US","potentialAction":[{"@type":"ReadAction","target":["https:\/\/amafurni.vn\/san-pham\/ama-rover-02\/"]}]},{"@type":"BreadcrumbList","@id":"https:\/\/amafurni.vn\/san-pham\/ama-rover-02\/#breadcrumb","itemListElement":[{"@type":"ListItem","position":1,"name":"Trang ch\u1ee7","item":"https:\/\/amafurni.vn\/"},{"@type":"ListItem","position":2,"name":"S\u1ea3n ph\u1ea9m","item":"https:\/\/amafurni.vn\/san-pham\/"},{"@type":"ListItem","position":3,"name":"AMA-ROVER 02"}]},{"@type":"WebSite","@id":"https:\/\/amafurni.vn\/#website","url":"https:\/\/amafurni.vn\/","name":"AMAFURNI","description":"","potentialAction":[{"@type":"SearchAction","target":{"@type":"EntryPoint","urlTemplate":"https:\/\/amafurni.vn\/?s={search_term_string}"},"query-input":"required name=search_term_string"}],"inLanguage":"en-US"}]}},"_links":{"self":[{"href":"https:\/\/amafurni.vn\/en\/wp-json\/wp\/v2\/product\/11068"}],"collection":[{"href":"https:\/\/amafurni.vn\/en\/wp-json\/wp\/v2\/product"}],"about":[{"href":"https:\/\/amafurni.vn\/en\/wp-json\/wp\/v2\/types\/product"}],"replies":[{"embeddable":true,"href":"https:\/\/amafurni.vn\/en\/wp-json\/wp\/v2\/comments?post=11068"}],"wp:featuredmedia":[{"embeddable":true,"href":"https:\/\/amafurni.vn\/en\/wp-json\/wp\/v2\/media\/11075"}],"wp:attachment":[{"href":"https:\/\/amafurni.vn\/en\/wp-json\/wp\/v2\/media?parent=11068"}],"wp:term":[{"taxonomy":"product_cat","embeddable":true,"href":"https:\/\/amafurni.vn\/en\/wp-json\/wp\/v2\/product_cat?post=11068"},{"taxonomy":"product_tag","embeddable":true,"href":"https:\/\/amafurni.vn\/en\/wp-json\/wp\/v2\/product_tag?post=11068"}],"curies":[{"name":"wp","href":"https:\/\/api.w.org\/{rel}","templated":true}]}}