{"id":11184,"date":"2024-03-02T11:15:26","date_gmt":"2024-03-02T04:15:26","guid":{"rendered":"https:\/\/amafurni.vn\/?post_type=product&#038;p=11184"},"modified":"2025-11-12T14:12:46","modified_gmt":"2025-11-12T07:12:46","slug":"ama-sitz-02-04","status":"publish","type":"product","link":"https:\/\/amafurni.vn\/en\/product\/ama-sitz-02-04\/","title":{"rendered":"AMA-SITZ 02-04"},"content":{"rendered":"<table class=\"woocommerce-product-attributes shop_attributes\" style=\"width: 100.04%\" width=\"929\">\n<tbody>\n<tr class=\"woocommerce-product-attributes-item woocommerce-product-attributes-item--attribute_season\">\n<th class=\"woocommerce-product-attributes-item__label\" style=\"width: 11.7584%\">Material<\/th>\n<td class=\"woocommerce-product-attributes-item__value\" style=\"width: 86.7314%\">L\u01b0ng gh\u1ebf v\u00e0 \u0111\u1ec7m ng\u1ed3i b\u1eb1ng s\u1eaft , b\u1ecdc n\u1ec7m PU. Thanh \u0111\u1ee1 b\u1eb1ng s\u1eaft h\u1ed9p ch\u1eef nh\u1eadt s\u01a1n t\u0129nh \u0111i\u1ec7n m\u00e0u \u0111en. Ch\u00e2n gh\u1ebf b\u1eb1ng s\u1eaft m\u1ea1 chrome.<\/td>\n<\/tr>\n<tr class=\"woocommerce-product-attributes-item woocommerce-product-attributes-item--attribute_pa_color\">\n<th class=\"woocommerce-product-attributes-item__label\" style=\"width: 11.7584%\">M\u00e0u S\u1eafc<\/th>\n<td class=\"woocommerce-product-attributes-item__value\" style=\"width: 86.7314%\">Theo b\u1ea3ng m\u00e0u<\/td>\n<\/tr>\n<tr class=\"woocommerce-product-attributes-item woocommerce-product-attributes-item--attribute_style\">\n<th class=\"woocommerce-product-attributes-item__label\" style=\"width: 11.7584%\">Size<\/th>\n<td class=\"woocommerce-product-attributes-item__value\" style=\"width: 86.7314%\">630*2380*780*mm<\/td>\n<\/tr>\n<tr class=\"woocommerce-product-attributes-item woocommerce-product-attributes-item--attribute_pa_material\">\n<th class=\"woocommerce-product-attributes-item__label\" style=\"width: 11.7584%\">T\u00ednh N\u0103ng<\/th>\n<td class=\"woocommerce-product-attributes-item__value\" style=\"width: 86.7314%\">Ng\u1ed3i c\u1ed1 \u0111\u1ecbnh<\/td>\n<\/tr>\n<tr class=\"woocommerce-product-attributes-item woocommerce-product-attributes-item--attribute_item-code\">\n<th class=\"woocommerce-product-attributes-item__label\" style=\"width: 11.7584%\">B\u1ea3o H\u00e0nh<\/th>\n<td class=\"woocommerce-product-attributes-item__value\" style=\"width: 86.7314%\">3 n\u0103m<\/td>\n<\/tr>\n<\/tbody>\n<\/table>","protected":false},"excerpt":{"rendered":"<p>1. T\u1ef1a l\u01b0ng gh\u1ebf : T\u1ef1a l\u01b0ng gh\u1ebf khung b\u1eb1ng s\u1eaft s\u01a1n t\u0129nh \u0111i\u1ec7n , b\u1ecdc da c\u00f4ng nghi\u1ec7p\/vynil<br \/>\n2. N\u1ec7m : N\u1ec7m ng\u1ed3i s\u1eaft s\u01a1n t\u0129nh \u0111i\u1ec7n . b\u1ecdc da c\u00f4ng nghi\u1ec7p\/V\u1ea3i<br \/>\n3. Tay gh\u1ebf : Tay gh\u1ebf b\u1eb1ng s\u1eaft m\u1ea1 crome<br \/>\n4. Ch\u00e2n gh\u1ebf : Ch\u00e2n gh\u1ebf s\u1eaft m\u1ea1 crome<br \/>\n5. M\u00e0u l\u01b0ng:<br \/>\n6. M\u00e0u n\u1ec7m:<br \/>\n7. Xu\u1ea5t x\u1ee9: Trung Qu\u1ed1c<br \/>\n8. B\u1ea3o H\u00e0nh: 2 n\u0103m<br \/>\n9. \u0110\u1eb7t h\u00e0ng:<\/p>","protected":false},"featured_media":11271,"comment_status":"closed","ping_status":"closed","template":"","meta":[],"product_cat":[67],"product_tag":[158],"yoast_head":"<!-- This site is optimized with the Yoast SEO Premium plugin v21.7 (Yoast SEO v21.7) - https:\/\/yoast.com\/wordpress\/plugins\/seo\/ -->\n<title>AMA-SITZ 02-04 - AMAFURNI<\/title>\n<meta name=\"robots\" content=\"index, follow, max-snippet:-1, max-image-preview:large, max-video-preview:-1\" \/>\n<link rel=\"canonical\" href=\"https:\/\/amafurni.vn\/en\/product\/ama-sitz-02-04\/\" \/>\n<meta property=\"og:locale\" content=\"en_US\" \/>\n<meta property=\"og:type\" content=\"article\" \/>\n<meta property=\"og:title\" content=\"AMA-SITZ 02-04\" \/>\n<meta property=\"og:description\" content=\"1. T\u1ef1a l\u01b0ng gh\u1ebf : T\u1ef1a l\u01b0ng gh\u1ebf khung b\u1eb1ng s\u1eaft s\u01a1n t\u0129nh \u0111i\u1ec7n , b\u1ecdc da c\u00f4ng nghi\u1ec7p\/vynil 2. N\u1ec7m : N\u1ec7m ng\u1ed3i s\u1eaft s\u01a1n t\u0129nh \u0111i\u1ec7n . b\u1ecdc da c\u00f4ng nghi\u1ec7p\/V\u1ea3i 3. Tay gh\u1ebf : Tay gh\u1ebf b\u1eb1ng s\u1eaft m\u1ea1 crome 4. Ch\u00e2n gh\u1ebf : Ch\u00e2n gh\u1ebf s\u1eaft m\u1ea1 crome 5. M\u00e0u l\u01b0ng: 6. M\u00e0u n\u1ec7m: 7. Xu\u1ea5t x\u1ee9: Trung Qu\u1ed1c 8. B\u1ea3o H\u00e0nh: 2 n\u0103m 9. \u0110\u1eb7t h\u00e0ng:\" \/>\n<meta property=\"og:url\" content=\"https:\/\/amafurni.vn\/en\/product\/ama-sitz-02-04\/\" \/>\n<meta property=\"og:site_name\" content=\"AMAFURNI\" \/>\n<meta property=\"article:modified_time\" content=\"2025-11-12T07:12:46+00:00\" \/>\n<meta property=\"og:image\" content=\"https:\/\/amafurni.vn\/wp-content\/uploads\/2024\/03\/z5209499439483_88e67cb3661c386f73ad36cbf6783e12.jpg\" \/>\n\t<meta property=\"og:image:width\" content=\"1002\" \/>\n\t<meta property=\"og:image:height\" content=\"1002\" \/>\n\t<meta property=\"og:image:type\" content=\"image\/jpeg\" \/>\n<meta name=\"twitter:card\" content=\"summary_large_image\" \/>\n<meta name=\"twitter:label1\" content=\"Est. reading time\" \/>\n\t<meta name=\"twitter:data1\" content=\"1 minute\" \/>\n<script type=\"application\/ld+json\" class=\"yoast-schema-graph\">{\"@context\":\"https:\/\/schema.org\",\"@graph\":[{\"@type\":\"WebPage\",\"@id\":\"https:\/\/amafurni.vn\/san-pham\/ama-sitz-02-04\/\",\"url\":\"https:\/\/amafurni.vn\/san-pham\/ama-sitz-02-04\/\",\"name\":\"AMA-SITZ 02-04 - AMAFURNI\",\"isPartOf\":{\"@id\":\"https:\/\/amafurni.vn\/#website\"},\"datePublished\":\"2024-03-02T04:15:26+00:00\",\"dateModified\":\"2025-11-12T07:12:46+00:00\",\"breadcrumb\":{\"@id\":\"https:\/\/amafurni.vn\/san-pham\/ama-sitz-02-04\/#breadcrumb\"},\"inLanguage\":\"en-US\",\"potentialAction\":[{\"@type\":\"ReadAction\",\"target\":[\"https:\/\/amafurni.vn\/san-pham\/ama-sitz-02-04\/\"]}]},{\"@type\":\"BreadcrumbList\",\"@id\":\"https:\/\/amafurni.vn\/san-pham\/ama-sitz-02-04\/#breadcrumb\",\"itemListElement\":[{\"@type\":\"ListItem\",\"position\":1,\"name\":\"Trang ch\u1ee7\",\"item\":\"https:\/\/amafurni.vn\/\"},{\"@type\":\"ListItem\",\"position\":2,\"name\":\"S\u1ea3n ph\u1ea9m\",\"item\":\"https:\/\/amafurni.vn\/san-pham\/\"},{\"@type\":\"ListItem\",\"position\":3,\"name\":\"AMA-SITZ 02-04\"}]},{\"@type\":\"WebSite\",\"@id\":\"https:\/\/amafurni.vn\/#website\",\"url\":\"https:\/\/amafurni.vn\/\",\"name\":\"AMAFURNI\",\"description\":\"\",\"potentialAction\":[{\"@type\":\"SearchAction\",\"target\":{\"@type\":\"EntryPoint\",\"urlTemplate\":\"https:\/\/amafurni.vn\/?s={search_term_string}\"},\"query-input\":\"required name=search_term_string\"}],\"inLanguage\":\"en-US\"}]}<\/script>\n<!-- \/ Yoast SEO Premium plugin. -->","yoast_head_json":{"title":"AMA-SITZ 02-04 - AMAFURNI","robots":{"index":"index","follow":"follow","max-snippet":"max-snippet:-1","max-image-preview":"max-image-preview:large","max-video-preview":"max-video-preview:-1"},"canonical":"https:\/\/amafurni.vn\/en\/product\/ama-sitz-02-04\/","og_locale":"en_US","og_type":"article","og_title":"AMA-SITZ 02-04","og_description":"1. T\u1ef1a l\u01b0ng gh\u1ebf : T\u1ef1a l\u01b0ng gh\u1ebf khung b\u1eb1ng s\u1eaft s\u01a1n t\u0129nh \u0111i\u1ec7n , b\u1ecdc da c\u00f4ng nghi\u1ec7p\/vynil 2. N\u1ec7m : N\u1ec7m ng\u1ed3i s\u1eaft s\u01a1n t\u0129nh \u0111i\u1ec7n . b\u1ecdc da c\u00f4ng nghi\u1ec7p\/V\u1ea3i 3. Tay gh\u1ebf : Tay gh\u1ebf b\u1eb1ng s\u1eaft m\u1ea1 crome 4. Ch\u00e2n gh\u1ebf : Ch\u00e2n gh\u1ebf s\u1eaft m\u1ea1 crome 5. M\u00e0u l\u01b0ng: 6. M\u00e0u n\u1ec7m: 7. Xu\u1ea5t x\u1ee9: Trung Qu\u1ed1c 8. B\u1ea3o H\u00e0nh: 2 n\u0103m 9. \u0110\u1eb7t h\u00e0ng:","og_url":"https:\/\/amafurni.vn\/en\/product\/ama-sitz-02-04\/","og_site_name":"AMAFURNI","article_modified_time":"2025-11-12T07:12:46+00:00","og_image":[{"width":1002,"height":1002,"url":"https:\/\/amafurni.vn\/wp-content\/uploads\/2024\/03\/z5209499439483_88e67cb3661c386f73ad36cbf6783e12.jpg","type":"image\/jpeg"}],"twitter_card":"summary_large_image","twitter_misc":{"Est. reading time":"1 minute"},"schema":{"@context":"https:\/\/schema.org","@graph":[{"@type":"WebPage","@id":"https:\/\/amafurni.vn\/san-pham\/ama-sitz-02-04\/","url":"https:\/\/amafurni.vn\/san-pham\/ama-sitz-02-04\/","name":"AMA-SITZ 02-04 - AMAFURNI","isPartOf":{"@id":"https:\/\/amafurni.vn\/#website"},"datePublished":"2024-03-02T04:15:26+00:00","dateModified":"2025-11-12T07:12:46+00:00","breadcrumb":{"@id":"https:\/\/amafurni.vn\/san-pham\/ama-sitz-02-04\/#breadcrumb"},"inLanguage":"en-US","potentialAction":[{"@type":"ReadAction","target":["https:\/\/amafurni.vn\/san-pham\/ama-sitz-02-04\/"]}]},{"@type":"BreadcrumbList","@id":"https:\/\/amafurni.vn\/san-pham\/ama-sitz-02-04\/#breadcrumb","itemListElement":[{"@type":"ListItem","position":1,"name":"Trang ch\u1ee7","item":"https:\/\/amafurni.vn\/"},{"@type":"ListItem","position":2,"name":"S\u1ea3n ph\u1ea9m","item":"https:\/\/amafurni.vn\/san-pham\/"},{"@type":"ListItem","position":3,"name":"AMA-SITZ 02-04"}]},{"@type":"WebSite","@id":"https:\/\/amafurni.vn\/#website","url":"https:\/\/amafurni.vn\/","name":"AMAFURNI","description":"","potentialAction":[{"@type":"SearchAction","target":{"@type":"EntryPoint","urlTemplate":"https:\/\/amafurni.vn\/?s={search_term_string}"},"query-input":"required name=search_term_string"}],"inLanguage":"en-US"}]}},"_links":{"self":[{"href":"https:\/\/amafurni.vn\/en\/wp-json\/wp\/v2\/product\/11184"}],"collection":[{"href":"https:\/\/amafurni.vn\/en\/wp-json\/wp\/v2\/product"}],"about":[{"href":"https:\/\/amafurni.vn\/en\/wp-json\/wp\/v2\/types\/product"}],"replies":[{"embeddable":true,"href":"https:\/\/amafurni.vn\/en\/wp-json\/wp\/v2\/comments?post=11184"}],"wp:featuredmedia":[{"embeddable":true,"href":"https:\/\/amafurni.vn\/en\/wp-json\/wp\/v2\/media\/11271"}],"wp:attachment":[{"href":"https:\/\/amafurni.vn\/en\/wp-json\/wp\/v2\/media?parent=11184"}],"wp:term":[{"taxonomy":"product_cat","embeddable":true,"href":"https:\/\/amafurni.vn\/en\/wp-json\/wp\/v2\/product_cat?post=11184"},{"taxonomy":"product_tag","embeddable":true,"href":"https:\/\/amafurni.vn\/en\/wp-json\/wp\/v2\/product_tag?post=11184"}],"curies":[{"name":"wp","href":"https:\/\/api.w.org\/{rel}","templated":true}]}}