{"id":11360,"date":"2024-03-06T10:18:13","date_gmt":"2024-03-06T03:18:13","guid":{"rendered":"https:\/\/amafurni.vn\/?post_type=product&#038;p=11360"},"modified":"2025-11-12T14:12:47","modified_gmt":"2025-11-12T07:12:47","slug":"ama-spider-04","status":"publish","type":"product","link":"https:\/\/amafurni.vn\/en\/product\/ama-spider-04\/","title":{"rendered":"AMA-SPIDER 04"},"content":{"rendered":"<table class=\"woocommerce-product-attributes shop_attributes\" style=\"width: 97.5397%\" width=\"929\">\n<tbody>\n<tr class=\"woocommerce-product-attributes-item woocommerce-product-attributes-item--attribute_season\">\n<th class=\"woocommerce-product-attributes-item__label\" style=\"width: 17.4757%\">Material<\/th>\n<td class=\"woocommerce-product-attributes-item__value\" style=\"width: 78.425%\">Khung l\u01b0ng gh\u1ebf b\u1eb1ng nh\u1ef1a m\u00e0u tr\u1eafng, t\u1ef1a l\u01b0ng b\u1ecdc l\u01b0\u1edbi. N\u1ec7m b\u1ecdc v\u1ea3i\/vynil. Phu\u1ed9c: M\u00e0u \u0111en. Ch\u00e2n gh\u1ebf b\u1eb1ng nh\u00f4m s\u01a1n t\u0129nh \u0111i\u1ec7n m\u00e0u tr\u1eafng<\/td>\n<\/tr>\n<tr class=\"woocommerce-product-attributes-item woocommerce-product-attributes-item--attribute_pa_color\">\n<th class=\"woocommerce-product-attributes-item__label\" style=\"width: 17.4757%\">M\u00e0u S\u1eafc<\/th>\n<td class=\"woocommerce-product-attributes-item__value\" style=\"width: 78.425%\">Theo b\u1ea3ng m\u00e0u<\/td>\n<\/tr>\n<tr class=\"woocommerce-product-attributes-item woocommerce-product-attributes-item--attribute_style\">\n<th class=\"woocommerce-product-attributes-item__label\" style=\"width: 17.4757%\">Size<\/th>\n<td class=\"woocommerce-product-attributes-item__value\" style=\"width: 78.425%\"><\/td>\n<\/tr>\n<tr class=\"woocommerce-product-attributes-item woocommerce-product-attributes-item--attribute_pa_material\">\n<th class=\"woocommerce-product-attributes-item__label\" style=\"width: 17.4757%\">T\u00ednh N\u0103ng<\/th>\n<td class=\"woocommerce-product-attributes-item__value\" style=\"width: 78.425%\">Xoay 360 \u0111\u1ed9. T\u0103ng gi\u1ea3m chi\u1ec1u cao<\/td>\n<\/tr>\n<tr class=\"woocommerce-product-attributes-item woocommerce-product-attributes-item--attribute_item-code\">\n<th class=\"woocommerce-product-attributes-item__label\" style=\"width: 17.4757%\">B\u1ea3o H\u00e0nh<\/th>\n<td class=\"woocommerce-product-attributes-item__value\" style=\"width: 78.425%\">3 n\u0103m<\/td>\n<\/tr>\n<\/tbody>\n<\/table>","protected":false},"excerpt":{"rendered":"<p>Gh\u1ebf Spider (Khung l\u01b0ng m\u00e0u tr\u1eafng)<\/p>\n<p>1. T\u1ef1a \u0110\u1ea7u: Gh\u1ebf kh\u00f4ng c\u00f3 t\u1ef1a \u0111\u1ea7u<br \/>\n2. T\u1ef1a L\u01b0ng Gh\u1ebf: Khung l\u01b0ng gh\u1ebf b\u1eb1ng nh\u1ef1a m\u00e0u tr\u1eafng, t\u1ef1a l\u01b0ng b\u1ecdc l\u01b0\u1edbi<br \/>\n3. H\u1ed7 Tr\u1ee3 C\u1ed9t S\u1ed1ng: H\u1ed7 tr\u1ee3 c\u1ed9t s\u1ed1ng c\u00f3 th\u1ec3 \u0111i\u1ec1u ch\u1ec9nh<br \/>\n4. N\u1ec7m: D\u00e0y 60mm \u0111\u1ed9 \u0111\u00e0n h\u1ed3i cao, b\u1ecdc v\u1ea3i\/vynil<br \/>\n5. Tay Gh\u1ebf: Tay gh\u1ebf c\u00f3 th\u1ec3 \u0111i\u1ec1u ch\u1ec9nh<br \/>\n6. B\u1ed9 \u0110i\u1ec1u Khi\u1ec3n: B\u1ed9 \u0111i\u1ec1u khi\u1ec3n c\u00f3 c\u00e1c t\u00ednh n\u0103ng: n\u00e2ng h\u1ea1 chi\u1ec1u cao, ch\u1ed1t ng\u1ea3 l\u01b0ng \u1edf m\u1ed9t v\u1ecb tr\u00ed, \u0111i\u1ec1u ch\u1ec9nh tr\u1ecdng l\u01b0\u1ee3ng theo ng\u01b0\u1eddi s\u1eed d\u1ee5ng, ch\u1ed1t kh\u00f3a an to\u00e0n<br \/>\n7. Phu\u1ed9c: M\u00e0u \u0111en, ti\u00eau chu\u1ea9n BIFMA D100 ch\u1ecbu t\u1ea3i tr\u1ecdng \u0111\u1ebfn 100kg<br \/>\n8. Ch\u00e2n Gh\u1ebf: Ch\u00e2n gh\u1ebf b\u1eb1ng nh\u00f4m s\u01a1n t\u0129nh \u0111i\u1ec7n m\u00e0u tr\u1eafng ch\u1ecbu l\u1ef1c cao v\u1edbi \u0111\u01b0\u1eddng k\u00ednh v\u00f2ng ch\u00e2n 700mm r\u1ea5t v\u1eefng ch\u1eafc khi ng\u1ea3 l\u01b0ng<br \/>\n9. B\u00e1nh Xe: B\u00e1nh xe s\u1eed d\u1ee5ng b\u1ec1 m\u1eb7t s\u00e0n c\u1ee9ng phi 65mm<br \/>\n10. M\u00e0u N\u1ec7m: T\u00f9y ch\u1ecdn<br \/>\n11. M\u00e0u L\u01b0ng: T\u00f9y ch\u1ecdn<br \/>\n12. Xu\u1ea5t X\u1ee9: Malaysia<\/p>","protected":false},"featured_media":11376,"comment_status":"closed","ping_status":"closed","template":"","meta":[],"product_cat":[59,70],"product_tag":[124,125],"yoast_head":"<!-- This site is optimized with the Yoast SEO Premium plugin v21.7 (Yoast SEO v21.7) - https:\/\/yoast.com\/wordpress\/plugins\/seo\/ -->\n<title>AMA-SPIDER 04 - AMAFURNI<\/title>\n<meta name=\"robots\" content=\"index, follow, max-snippet:-1, max-image-preview:large, max-video-preview:-1\" \/>\n<link rel=\"canonical\" href=\"https:\/\/amafurni.vn\/en\/product\/ama-spider-04\/\" \/>\n<meta property=\"og:locale\" content=\"en_US\" \/>\n<meta property=\"og:type\" content=\"article\" \/>\n<meta property=\"og:title\" content=\"AMA-SPIDER 04\" \/>\n<meta property=\"og:description\" content=\"Gh\u1ebf Spider (Khung l\u01b0ng m\u00e0u tr\u1eafng)  1. T\u1ef1a \u0110\u1ea7u: Gh\u1ebf kh\u00f4ng c\u00f3 t\u1ef1a \u0111\u1ea7u 2. T\u1ef1a L\u01b0ng Gh\u1ebf: Khung l\u01b0ng gh\u1ebf b\u1eb1ng nh\u1ef1a m\u00e0u tr\u1eafng, t\u1ef1a l\u01b0ng b\u1ecdc l\u01b0\u1edbi 3. H\u1ed7 Tr\u1ee3 C\u1ed9t S\u1ed1ng: H\u1ed7 tr\u1ee3 c\u1ed9t s\u1ed1ng c\u00f3 th\u1ec3 \u0111i\u1ec1u ch\u1ec9nh 4. N\u1ec7m: D\u00e0y 60mm \u0111\u1ed9 \u0111\u00e0n h\u1ed3i cao, b\u1ecdc v\u1ea3i\/vynil 5. Tay Gh\u1ebf: Tay gh\u1ebf c\u00f3 th\u1ec3 \u0111i\u1ec1u ch\u1ec9nh 6. B\u1ed9 \u0110i\u1ec1u Khi\u1ec3n: B\u1ed9 \u0111i\u1ec1u khi\u1ec3n c\u00f3 c\u00e1c t\u00ednh n\u0103ng: n\u00e2ng h\u1ea1 chi\u1ec1u cao, ch\u1ed1t ng\u1ea3 l\u01b0ng \u1edf m\u1ed9t v\u1ecb tr\u00ed, \u0111i\u1ec1u ch\u1ec9nh tr\u1ecdng l\u01b0\u1ee3ng theo ng\u01b0\u1eddi s\u1eed d\u1ee5ng, ch\u1ed1t kh\u00f3a an to\u00e0n 7. Phu\u1ed9c: M\u00e0u \u0111en, ti\u00eau chu\u1ea9n BIFMA D100 ch\u1ecbu t\u1ea3i tr\u1ecdng \u0111\u1ebfn 100kg 8. Ch\u00e2n Gh\u1ebf: Ch\u00e2n gh\u1ebf b\u1eb1ng nh\u00f4m s\u01a1n t\u0129nh \u0111i\u1ec7n m\u00e0u tr\u1eafng ch\u1ecbu l\u1ef1c cao v\u1edbi \u0111\u01b0\u1eddng k\u00ednh v\u00f2ng ch\u00e2n 700mm r\u1ea5t v\u1eefng ch\u1eafc khi ng\u1ea3 l\u01b0ng 9. B\u00e1nh Xe: B\u00e1nh xe s\u1eed d\u1ee5ng b\u1ec1 m\u1eb7t s\u00e0n c\u1ee9ng phi 65mm 10. M\u00e0u N\u1ec7m: T\u00f9y ch\u1ecdn 11. M\u00e0u L\u01b0ng: T\u00f9y ch\u1ecdn 12. Xu\u1ea5t X\u1ee9: Malaysia\" \/>\n<meta property=\"og:url\" content=\"https:\/\/amafurni.vn\/en\/product\/ama-spider-04\/\" \/>\n<meta property=\"og:site_name\" content=\"AMAFURNI\" \/>\n<meta property=\"article:modified_time\" content=\"2025-11-12T07:12:47+00:00\" \/>\n<meta property=\"og:image\" content=\"https:\/\/amafurni.vn\/wp-content\/uploads\/2024\/03\/z5221725185213_67b06be74ed0535052af29d9e5ddb903.jpg\" \/>\n\t<meta property=\"og:image:width\" content=\"800\" \/>\n\t<meta property=\"og:image:height\" content=\"800\" \/>\n\t<meta property=\"og:image:type\" content=\"image\/jpeg\" \/>\n<meta name=\"twitter:card\" content=\"summary_large_image\" \/>\n<meta name=\"twitter:label1\" content=\"Est. reading time\" \/>\n\t<meta name=\"twitter:data1\" content=\"1 minute\" \/>\n<script type=\"application\/ld+json\" class=\"yoast-schema-graph\">{\"@context\":\"https:\/\/schema.org\",\"@graph\":[{\"@type\":\"WebPage\",\"@id\":\"https:\/\/amafurni.vn\/san-pham\/ama-spider-04\/\",\"url\":\"https:\/\/amafurni.vn\/san-pham\/ama-spider-04\/\",\"name\":\"AMA-SPIDER 04 - AMAFURNI\",\"isPartOf\":{\"@id\":\"https:\/\/amafurni.vn\/#website\"},\"datePublished\":\"2024-03-06T03:18:13+00:00\",\"dateModified\":\"2025-11-12T07:12:47+00:00\",\"breadcrumb\":{\"@id\":\"https:\/\/amafurni.vn\/san-pham\/ama-spider-04\/#breadcrumb\"},\"inLanguage\":\"en-US\",\"potentialAction\":[{\"@type\":\"ReadAction\",\"target\":[\"https:\/\/amafurni.vn\/san-pham\/ama-spider-04\/\"]}]},{\"@type\":\"BreadcrumbList\",\"@id\":\"https:\/\/amafurni.vn\/san-pham\/ama-spider-04\/#breadcrumb\",\"itemListElement\":[{\"@type\":\"ListItem\",\"position\":1,\"name\":\"Trang ch\u1ee7\",\"item\":\"https:\/\/amafurni.vn\/\"},{\"@type\":\"ListItem\",\"position\":2,\"name\":\"S\u1ea3n ph\u1ea9m\",\"item\":\"https:\/\/amafurni.vn\/san-pham\/\"},{\"@type\":\"ListItem\",\"position\":3,\"name\":\"AMA-SPIDER 04\"}]},{\"@type\":\"WebSite\",\"@id\":\"https:\/\/amafurni.vn\/#website\",\"url\":\"https:\/\/amafurni.vn\/\",\"name\":\"AMAFURNI\",\"description\":\"\",\"potentialAction\":[{\"@type\":\"SearchAction\",\"target\":{\"@type\":\"EntryPoint\",\"urlTemplate\":\"https:\/\/amafurni.vn\/?s={search_term_string}\"},\"query-input\":\"required name=search_term_string\"}],\"inLanguage\":\"en-US\"}]}<\/script>\n<!-- \/ Yoast SEO Premium plugin. -->","yoast_head_json":{"title":"AMA-SPIDER 04 - AMAFURNI","robots":{"index":"index","follow":"follow","max-snippet":"max-snippet:-1","max-image-preview":"max-image-preview:large","max-video-preview":"max-video-preview:-1"},"canonical":"https:\/\/amafurni.vn\/en\/product\/ama-spider-04\/","og_locale":"en_US","og_type":"article","og_title":"AMA-SPIDER 04","og_description":"Gh\u1ebf Spider (Khung l\u01b0ng m\u00e0u tr\u1eafng)  1. T\u1ef1a \u0110\u1ea7u: Gh\u1ebf kh\u00f4ng c\u00f3 t\u1ef1a \u0111\u1ea7u 2. T\u1ef1a L\u01b0ng Gh\u1ebf: Khung l\u01b0ng gh\u1ebf b\u1eb1ng nh\u1ef1a m\u00e0u tr\u1eafng, t\u1ef1a l\u01b0ng b\u1ecdc l\u01b0\u1edbi 3. H\u1ed7 Tr\u1ee3 C\u1ed9t S\u1ed1ng: H\u1ed7 tr\u1ee3 c\u1ed9t s\u1ed1ng c\u00f3 th\u1ec3 \u0111i\u1ec1u ch\u1ec9nh 4. N\u1ec7m: D\u00e0y 60mm \u0111\u1ed9 \u0111\u00e0n h\u1ed3i cao, b\u1ecdc v\u1ea3i\/vynil 5. Tay Gh\u1ebf: Tay gh\u1ebf c\u00f3 th\u1ec3 \u0111i\u1ec1u ch\u1ec9nh 6. B\u1ed9 \u0110i\u1ec1u Khi\u1ec3n: B\u1ed9 \u0111i\u1ec1u khi\u1ec3n c\u00f3 c\u00e1c t\u00ednh n\u0103ng: n\u00e2ng h\u1ea1 chi\u1ec1u cao, ch\u1ed1t ng\u1ea3 l\u01b0ng \u1edf m\u1ed9t v\u1ecb tr\u00ed, \u0111i\u1ec1u ch\u1ec9nh tr\u1ecdng l\u01b0\u1ee3ng theo ng\u01b0\u1eddi s\u1eed d\u1ee5ng, ch\u1ed1t kh\u00f3a an to\u00e0n 7. Phu\u1ed9c: M\u00e0u \u0111en, ti\u00eau chu\u1ea9n BIFMA D100 ch\u1ecbu t\u1ea3i tr\u1ecdng \u0111\u1ebfn 100kg 8. Ch\u00e2n Gh\u1ebf: Ch\u00e2n gh\u1ebf b\u1eb1ng nh\u00f4m s\u01a1n t\u0129nh \u0111i\u1ec7n m\u00e0u tr\u1eafng ch\u1ecbu l\u1ef1c cao v\u1edbi \u0111\u01b0\u1eddng k\u00ednh v\u00f2ng ch\u00e2n 700mm r\u1ea5t v\u1eefng ch\u1eafc khi ng\u1ea3 l\u01b0ng 9. B\u00e1nh Xe: B\u00e1nh xe s\u1eed d\u1ee5ng b\u1ec1 m\u1eb7t s\u00e0n c\u1ee9ng phi 65mm 10. M\u00e0u N\u1ec7m: T\u00f9y ch\u1ecdn 11. M\u00e0u L\u01b0ng: T\u00f9y ch\u1ecdn 12. Xu\u1ea5t X\u1ee9: Malaysia","og_url":"https:\/\/amafurni.vn\/en\/product\/ama-spider-04\/","og_site_name":"AMAFURNI","article_modified_time":"2025-11-12T07:12:47+00:00","og_image":[{"width":800,"height":800,"url":"https:\/\/amafurni.vn\/wp-content\/uploads\/2024\/03\/z5221725185213_67b06be74ed0535052af29d9e5ddb903.jpg","type":"image\/jpeg"}],"twitter_card":"summary_large_image","twitter_misc":{"Est. reading time":"1 minute"},"schema":{"@context":"https:\/\/schema.org","@graph":[{"@type":"WebPage","@id":"https:\/\/amafurni.vn\/san-pham\/ama-spider-04\/","url":"https:\/\/amafurni.vn\/san-pham\/ama-spider-04\/","name":"AMA-SPIDER 04 - AMAFURNI","isPartOf":{"@id":"https:\/\/amafurni.vn\/#website"},"datePublished":"2024-03-06T03:18:13+00:00","dateModified":"2025-11-12T07:12:47+00:00","breadcrumb":{"@id":"https:\/\/amafurni.vn\/san-pham\/ama-spider-04\/#breadcrumb"},"inLanguage":"en-US","potentialAction":[{"@type":"ReadAction","target":["https:\/\/amafurni.vn\/san-pham\/ama-spider-04\/"]}]},{"@type":"BreadcrumbList","@id":"https:\/\/amafurni.vn\/san-pham\/ama-spider-04\/#breadcrumb","itemListElement":[{"@type":"ListItem","position":1,"name":"Trang ch\u1ee7","item":"https:\/\/amafurni.vn\/"},{"@type":"ListItem","position":2,"name":"S\u1ea3n ph\u1ea9m","item":"https:\/\/amafurni.vn\/san-pham\/"},{"@type":"ListItem","position":3,"name":"AMA-SPIDER 04"}]},{"@type":"WebSite","@id":"https:\/\/amafurni.vn\/#website","url":"https:\/\/amafurni.vn\/","name":"AMAFURNI","description":"","potentialAction":[{"@type":"SearchAction","target":{"@type":"EntryPoint","urlTemplate":"https:\/\/amafurni.vn\/?s={search_term_string}"},"query-input":"required name=search_term_string"}],"inLanguage":"en-US"}]}},"_links":{"self":[{"href":"https:\/\/amafurni.vn\/en\/wp-json\/wp\/v2\/product\/11360"}],"collection":[{"href":"https:\/\/amafurni.vn\/en\/wp-json\/wp\/v2\/product"}],"about":[{"href":"https:\/\/amafurni.vn\/en\/wp-json\/wp\/v2\/types\/product"}],"replies":[{"embeddable":true,"href":"https:\/\/amafurni.vn\/en\/wp-json\/wp\/v2\/comments?post=11360"}],"wp:featuredmedia":[{"embeddable":true,"href":"https:\/\/amafurni.vn\/en\/wp-json\/wp\/v2\/media\/11376"}],"wp:attachment":[{"href":"https:\/\/amafurni.vn\/en\/wp-json\/wp\/v2\/media?parent=11360"}],"wp:term":[{"taxonomy":"product_cat","embeddable":true,"href":"https:\/\/amafurni.vn\/en\/wp-json\/wp\/v2\/product_cat?post=11360"},{"taxonomy":"product_tag","embeddable":true,"href":"https:\/\/amafurni.vn\/en\/wp-json\/wp\/v2\/product_tag?post=11360"}],"curies":[{"name":"wp","href":"https:\/\/api.w.org\/{rel}","templated":true}]}}