{"id":11804,"date":"2024-03-14T11:21:16","date_gmt":"2024-03-14T04:21:16","guid":{"rendered":"https:\/\/amafurni.vn\/?post_type=product&#038;p=11804"},"modified":"2026-01-22T22:59:55","modified_gmt":"2026-01-22T15:59:55","slug":"ama-willy-07","status":"publish","type":"product","link":"https:\/\/amafurni.vn\/en\/product\/ama-willy-07\/","title":{"rendered":"Gh\u1ebf l\u00e0m vi\u1ec7c AMA-WILLY 07"},"content":{"rendered":"<table class=\"woocommerce-product-attributes shop_attributes\" style=\"width: 99.6053%; height: 282px;\" width=\"929\">\n<tbody>\n<tr class=\"woocommerce-product-attributes-item woocommerce-product-attributes-item--attribute_season\">\n<th class=\"woocommerce-product-attributes-item__label\" style=\"width: 9.38511%;\">Material<\/th>\n<td class=\"woocommerce-product-attributes-item__value\" style=\"width: 88.6731%;\">T\u1ef1a l\u01b0ng gh\u1ebf b\u1eb1ng s\u1eaft m\u1ea1 chrome, c\u00f3 th\u1ec3 b\u1ecdc vynil. N\u1ec7m: \u0111\u01b0\u1ee3c b\u1ecdc b\u1eb1ng vynil. Phu\u1ed9c: M\u1ea1 crome. Ch\u00e2n gh\u1ebf: S\u1eaft m\u1ea1 chrome<\/td>\n<\/tr>\n<tr class=\"woocommerce-product-attributes-item woocommerce-product-attributes-item--attribute_pa_color\">\n<th class=\"woocommerce-product-attributes-item__label\" style=\"width: 9.38511%;\">M\u00e0u S\u1eafc<\/th>\n<td class=\"woocommerce-product-attributes-item__value\" style=\"width: 88.6731%;\">Tu\u1ef3 ch\u1ecdn theo b\u1ea3ng m\u00e0u<\/td>\n<\/tr>\n<tr class=\"woocommerce-product-attributes-item woocommerce-product-attributes-item--attribute_style\">\n<th class=\"woocommerce-product-attributes-item__label\" style=\"width: 9.38511%;\">Size<\/th>\n<td class=\"woocommerce-product-attributes-item__value\" style=\"width: 88.6731%;\">600*600*(1050-1150)mm<\/td>\n<\/tr>\n<tr class=\"woocommerce-product-attributes-item woocommerce-product-attributes-item--attribute_pa_material\">\n<th class=\"woocommerce-product-attributes-item__label\" style=\"width: 9.38511%;\">T\u00ednh N\u0103ng<\/th>\n<td class=\"woocommerce-product-attributes-item__value\" style=\"width: 88.6731%;\">Xoay 360 \u0111\u1ed9. T\u0103ng gi\u1ea3m chi\u1ec1u cao, G\u1eadt g\u00f9 th\u01b0 gi\u00e3n, B\u00e1nh xe di chuy\u1ec3n<\/td>\n<\/tr>\n<tr class=\"woocommerce-product-attributes-item woocommerce-product-attributes-item--attribute_item-code\">\n<th class=\"woocommerce-product-attributes-item__label\" style=\"width: 9.38511%;\">B\u1ea3o H\u00e0nh<\/th>\n<td class=\"woocommerce-product-attributes-item__value\" style=\"width: 88.6731%;\">03 n\u0103m<\/td>\n<\/tr>\n<\/tbody>\n<\/table>","protected":false},"excerpt":{"rendered":"<div class=\"linedetail\">1. T\u1ef1a \u0110\u1ea7u: Gh\u1ebf kh\u00f4ng t\u1ef1a \u0111\u1ea7u<br \/>\n2. T\u1ef1a l\u01b0ng gh\u1ebf: T\u1ef1a l\u01b0ng gh\u1ebf b\u1eb1ng s\u1eaft m\u1ea1 chrome, c\u00f3 th\u1ec3 b\u1ecdc vynil<br \/>\n3. Gh\u1ebf \u0111\u01b0\u1ee3c thi\u1ebft k\u1ebf theo ti\u00eau chu\u1ea9n Ergonomic<br \/>\n4. N\u1ec7m: \u0111\u01b0\u1ee3c b\u1ecdc b\u1eb1ng vynil<br \/>\n5. Tay gh\u1ebf: Tay gh\u1ebf c\u1ed1 \u0111\u1ecbnh<br \/>\n6. B\u1ed9 \u0111i\u1ec1u khi\u1ec3n: B\u1ed9 \u0111i\u1ec1u khi\u1ec3n c\u00f3 c\u00e1c t\u00ednh n\u0103ng: n\u00e2ng h\u1ea1 chi\u1ec1u cao, \u0111i\u1ec1u ch\u1ec9nh tr\u1ecdng l\u01b0\u1ee3ng theo ng\u01b0\u1eddi s\u1eed d\u1ee5ng, ch\u1ed1t kh\u00f3a an to\u00e0n<br \/>\n7. Phu\u1ed9c: M\u1ea1 chrome, ti\u00eau chu\u1ea9n BIFMA 85C ch\u1ecbu t\u1ea3i tr\u1ecdng \u0111\u1ebfn 100kg<br \/>\n8. Ch\u00e2n gh\u1ebf: S\u1eaft m\u1ea1 chrome<br \/>\n9. B\u00e1nh xe: B\u00e1nh xe s\u1eed d\u1ee5ng b\u1ec1 m\u1eb7t s\u00e0n c\u1ee9ng phi 50mm<br \/>\n10. M\u00e0u gh\u1ebf: Tu\u1ef3 ch\u1ecdn<br \/>\n11. Xu\u1ea5t x\u1ee9: Vi\u1ec7t Nam<br \/>\n12. B\u1ea3o H\u00e0nh: 3 n\u0103m<\/div>\n<div class=\"linedetail\"><\/div>","protected":false},"featured_media":11830,"comment_status":"closed","ping_status":"closed","template":"","meta":[],"product_cat":[59,70],"product_tag":[124],"yoast_head":"<!-- This site is optimized with the Yoast SEO Premium plugin v21.7 (Yoast SEO v21.7) - https:\/\/yoast.com\/wordpress\/plugins\/seo\/ -->\n<title>Gh\u1ebf l\u00e0m vi\u1ec7c AMA-WILLY 07 - AMAFURNI<\/title>\n<meta name=\"description\" content=\"Gh\u1ebf l\u00e0m vi\u1ec7c v\u0103n ph\u00f2ng v\u1edbi thi\u1ebft k\u1ebf hi\u1ec7n \u0111\u1ea1i c\u00f9ng ch\u1ea5t li\u1ec7u cao c\u1ea5p b\u1ecdc da c\u00f4ng nghi\u1ec7p, g\u1eadt g\u00f9 b\u1eadp b\u00eanh, b\u00e1nh xe di chuy\u1ec3n.\" \/>\n<meta name=\"robots\" content=\"index, follow, max-snippet:-1, max-image-preview:large, max-video-preview:-1\" \/>\n<link rel=\"canonical\" href=\"https:\/\/amafurni.vn\/en\/product\/ama-willy-07\/\" \/>\n<meta property=\"og:locale\" content=\"en_US\" \/>\n<meta property=\"og:type\" content=\"article\" \/>\n<meta property=\"og:title\" content=\"Gh\u1ebf l\u00e0m vi\u1ec7c AMA-WILLY 07\" \/>\n<meta property=\"og:description\" content=\"Gh\u1ebf l\u00e0m vi\u1ec7c v\u0103n ph\u00f2ng v\u1edbi thi\u1ebft k\u1ebf hi\u1ec7n \u0111\u1ea1i c\u00f9ng ch\u1ea5t li\u1ec7u cao c\u1ea5p b\u1ecdc da c\u00f4ng nghi\u1ec7p, g\u1eadt g\u00f9 b\u1eadp b\u00eanh, b\u00e1nh xe di chuy\u1ec3n.\" \/>\n<meta property=\"og:url\" content=\"https:\/\/amafurni.vn\/en\/product\/ama-willy-07\/\" \/>\n<meta property=\"og:site_name\" content=\"AMAFURNI\" \/>\n<meta property=\"article:modified_time\" content=\"2026-01-22T15:59:55+00:00\" \/>\n<meta property=\"og:image\" content=\"https:\/\/amafurni.vn\/wp-content\/uploads\/2024\/03\/z5247814707983_38a93306ea161bccc246cb7d7692dfc7.jpg\" \/>\n\t<meta property=\"og:image:width\" content=\"800\" \/>\n\t<meta property=\"og:image:height\" content=\"800\" \/>\n\t<meta property=\"og:image:type\" content=\"image\/jpeg\" \/>\n<meta name=\"twitter:card\" content=\"summary_large_image\" \/>\n<meta name=\"twitter:label1\" content=\"Est. reading time\" \/>\n\t<meta name=\"twitter:data1\" content=\"1 minute\" \/>\n<script type=\"application\/ld+json\" class=\"yoast-schema-graph\">{\"@context\":\"https:\/\/schema.org\",\"@graph\":[{\"@type\":\"WebPage\",\"@id\":\"https:\/\/amafurni.vn\/san-pham\/ama-willy-07\/\",\"url\":\"https:\/\/amafurni.vn\/san-pham\/ama-willy-07\/\",\"name\":\"Gh\u1ebf l\u00e0m vi\u1ec7c AMA-WILLY 07 - AMAFURNI\",\"isPartOf\":{\"@id\":\"https:\/\/amafurni.vn\/#website\"},\"datePublished\":\"2024-03-14T04:21:16+00:00\",\"dateModified\":\"2026-01-22T15:59:55+00:00\",\"description\":\"Gh\u1ebf l\u00e0m vi\u1ec7c v\u0103n ph\u00f2ng v\u1edbi thi\u1ebft k\u1ebf hi\u1ec7n \u0111\u1ea1i c\u00f9ng ch\u1ea5t li\u1ec7u cao c\u1ea5p b\u1ecdc da c\u00f4ng nghi\u1ec7p, g\u1eadt g\u00f9 b\u1eadp b\u00eanh, b\u00e1nh xe di chuy\u1ec3n.\",\"breadcrumb\":{\"@id\":\"https:\/\/amafurni.vn\/san-pham\/ama-willy-07\/#breadcrumb\"},\"inLanguage\":\"en-US\",\"potentialAction\":[{\"@type\":\"ReadAction\",\"target\":[\"https:\/\/amafurni.vn\/san-pham\/ama-willy-07\/\"]}]},{\"@type\":\"BreadcrumbList\",\"@id\":\"https:\/\/amafurni.vn\/san-pham\/ama-willy-07\/#breadcrumb\",\"itemListElement\":[{\"@type\":\"ListItem\",\"position\":1,\"name\":\"Trang ch\u1ee7\",\"item\":\"https:\/\/amafurni.vn\/\"},{\"@type\":\"ListItem\",\"position\":2,\"name\":\"S\u1ea3n ph\u1ea9m\",\"item\":\"https:\/\/amafurni.vn\/san-pham\/\"},{\"@type\":\"ListItem\",\"position\":3,\"name\":\"Gh\u1ebf l\u00e0m vi\u1ec7c AMA-WILLY 07\"}]},{\"@type\":\"WebSite\",\"@id\":\"https:\/\/amafurni.vn\/#website\",\"url\":\"https:\/\/amafurni.vn\/\",\"name\":\"AMAFURNI\",\"description\":\"\",\"potentialAction\":[{\"@type\":\"SearchAction\",\"target\":{\"@type\":\"EntryPoint\",\"urlTemplate\":\"https:\/\/amafurni.vn\/?s={search_term_string}\"},\"query-input\":\"required name=search_term_string\"}],\"inLanguage\":\"en-US\"}]}<\/script>\n<!-- \/ Yoast SEO Premium plugin. -->","yoast_head_json":{"title":"Gh\u1ebf l\u00e0m vi\u1ec7c AMA-WILLY 07 - AMAFURNI","description":"Gh\u1ebf l\u00e0m vi\u1ec7c v\u0103n ph\u00f2ng v\u1edbi thi\u1ebft k\u1ebf hi\u1ec7n \u0111\u1ea1i c\u00f9ng ch\u1ea5t li\u1ec7u cao c\u1ea5p b\u1ecdc da c\u00f4ng nghi\u1ec7p, g\u1eadt g\u00f9 b\u1eadp b\u00eanh, b\u00e1nh xe di chuy\u1ec3n.","robots":{"index":"index","follow":"follow","max-snippet":"max-snippet:-1","max-image-preview":"max-image-preview:large","max-video-preview":"max-video-preview:-1"},"canonical":"https:\/\/amafurni.vn\/en\/product\/ama-willy-07\/","og_locale":"en_US","og_type":"article","og_title":"Gh\u1ebf l\u00e0m vi\u1ec7c AMA-WILLY 07","og_description":"Gh\u1ebf l\u00e0m vi\u1ec7c v\u0103n ph\u00f2ng v\u1edbi thi\u1ebft k\u1ebf hi\u1ec7n \u0111\u1ea1i c\u00f9ng ch\u1ea5t li\u1ec7u cao c\u1ea5p b\u1ecdc da c\u00f4ng nghi\u1ec7p, g\u1eadt g\u00f9 b\u1eadp b\u00eanh, b\u00e1nh xe di chuy\u1ec3n.","og_url":"https:\/\/amafurni.vn\/en\/product\/ama-willy-07\/","og_site_name":"AMAFURNI","article_modified_time":"2026-01-22T15:59:55+00:00","og_image":[{"width":800,"height":800,"url":"https:\/\/amafurni.vn\/wp-content\/uploads\/2024\/03\/z5247814707983_38a93306ea161bccc246cb7d7692dfc7.jpg","type":"image\/jpeg"}],"twitter_card":"summary_large_image","twitter_misc":{"Est. reading time":"1 minute"},"schema":{"@context":"https:\/\/schema.org","@graph":[{"@type":"WebPage","@id":"https:\/\/amafurni.vn\/san-pham\/ama-willy-07\/","url":"https:\/\/amafurni.vn\/san-pham\/ama-willy-07\/","name":"Gh\u1ebf l\u00e0m vi\u1ec7c AMA-WILLY 07 - AMAFURNI","isPartOf":{"@id":"https:\/\/amafurni.vn\/#website"},"datePublished":"2024-03-14T04:21:16+00:00","dateModified":"2026-01-22T15:59:55+00:00","description":"Gh\u1ebf l\u00e0m vi\u1ec7c v\u0103n ph\u00f2ng v\u1edbi thi\u1ebft k\u1ebf hi\u1ec7n \u0111\u1ea1i c\u00f9ng ch\u1ea5t li\u1ec7u cao c\u1ea5p b\u1ecdc da c\u00f4ng nghi\u1ec7p, g\u1eadt g\u00f9 b\u1eadp b\u00eanh, b\u00e1nh xe di chuy\u1ec3n.","breadcrumb":{"@id":"https:\/\/amafurni.vn\/san-pham\/ama-willy-07\/#breadcrumb"},"inLanguage":"en-US","potentialAction":[{"@type":"ReadAction","target":["https:\/\/amafurni.vn\/san-pham\/ama-willy-07\/"]}]},{"@type":"BreadcrumbList","@id":"https:\/\/amafurni.vn\/san-pham\/ama-willy-07\/#breadcrumb","itemListElement":[{"@type":"ListItem","position":1,"name":"Trang ch\u1ee7","item":"https:\/\/amafurni.vn\/"},{"@type":"ListItem","position":2,"name":"S\u1ea3n ph\u1ea9m","item":"https:\/\/amafurni.vn\/san-pham\/"},{"@type":"ListItem","position":3,"name":"Gh\u1ebf l\u00e0m vi\u1ec7c AMA-WILLY 07"}]},{"@type":"WebSite","@id":"https:\/\/amafurni.vn\/#website","url":"https:\/\/amafurni.vn\/","name":"AMAFURNI","description":"","potentialAction":[{"@type":"SearchAction","target":{"@type":"EntryPoint","urlTemplate":"https:\/\/amafurni.vn\/?s={search_term_string}"},"query-input":"required name=search_term_string"}],"inLanguage":"en-US"}]}},"_links":{"self":[{"href":"https:\/\/amafurni.vn\/en\/wp-json\/wp\/v2\/product\/11804"}],"collection":[{"href":"https:\/\/amafurni.vn\/en\/wp-json\/wp\/v2\/product"}],"about":[{"href":"https:\/\/amafurni.vn\/en\/wp-json\/wp\/v2\/types\/product"}],"replies":[{"embeddable":true,"href":"https:\/\/amafurni.vn\/en\/wp-json\/wp\/v2\/comments?post=11804"}],"wp:featuredmedia":[{"embeddable":true,"href":"https:\/\/amafurni.vn\/en\/wp-json\/wp\/v2\/media\/11830"}],"wp:attachment":[{"href":"https:\/\/amafurni.vn\/en\/wp-json\/wp\/v2\/media?parent=11804"}],"wp:term":[{"taxonomy":"product_cat","embeddable":true,"href":"https:\/\/amafurni.vn\/en\/wp-json\/wp\/v2\/product_cat?post=11804"},{"taxonomy":"product_tag","embeddable":true,"href":"https:\/\/amafurni.vn\/en\/wp-json\/wp\/v2\/product_tag?post=11804"}],"curies":[{"name":"wp","href":"https:\/\/api.w.org\/{rel}","templated":true}]}}