{"id":11832,"date":"2024-03-15T09:25:30","date_gmt":"2024-03-15T02:25:30","guid":{"rendered":"https:\/\/amafurni.vn\/?post_type=product&#038;p=11832"},"modified":"2025-11-12T14:12:49","modified_gmt":"2025-11-12T07:12:49","slug":"ama-wing","status":"publish","type":"product","link":"https:\/\/amafurni.vn\/en\/product\/ama-wing\/","title":{"rendered":"Gh\u1ebf qu\u1ea7y AMA-WING"},"content":{"rendered":"<table class=\"woocommerce-product-attributes shop_attributes\" style=\"width: 99.6053%\" width=\"929\">\n<tbody>\n<tr class=\"woocommerce-product-attributes-item woocommerce-product-attributes-item--attribute_season\">\n<th class=\"woocommerce-product-attributes-item__label\" style=\"width: 9.38511%\">Material<\/th>\n<td class=\"woocommerce-product-attributes-item__value\" style=\"width: 88.6731%\">N\u1ec7m: b\u1ecdc v\u1ea3i\/vynil. Ch\u00e2n gh\u1ebf b\u1eb1ng nh\u1ef1a.<\/td>\n<\/tr>\n<tr class=\"woocommerce-product-attributes-item woocommerce-product-attributes-item--attribute_pa_color\">\n<th class=\"woocommerce-product-attributes-item__label\" style=\"width: 9.38511%\">M\u00e0u S\u1eafc<\/th>\n<td class=\"woocommerce-product-attributes-item__value\" style=\"width: 88.6731%\">Theo b\u1ea3ng m\u00e0u.<\/td>\n<\/tr>\n<tr class=\"woocommerce-product-attributes-item woocommerce-product-attributes-item--attribute_style\">\n<th class=\"woocommerce-product-attributes-item__label\" style=\"width: 9.38511%\">Size<\/th>\n<td class=\"woocommerce-product-attributes-item__value\" style=\"width: 88.6731%\"><\/td>\n<\/tr>\n<tr class=\"woocommerce-product-attributes-item woocommerce-product-attributes-item--attribute_pa_material\">\n<th class=\"woocommerce-product-attributes-item__label\" style=\"width: 9.38511%\">T\u00ednh N\u0103ng<\/th>\n<td class=\"woocommerce-product-attributes-item__value\" style=\"width: 88.6731%\">T\u0103ng gi\u1ea3m chi\u1ec1u cao. C\u00f3 th\u1ec3 \u0111i\u1ec1u ch\u1ec9nh nghi\u00eang nhi\u1ec1u v\u1ecb tr\u00ed,xoay 360 \u0111\u1ed9<\/td>\n<\/tr>\n<tr class=\"woocommerce-product-attributes-item woocommerce-product-attributes-item--attribute_item-code\">\n<th class=\"woocommerce-product-attributes-item__label\" style=\"width: 9.38511%\">B\u1ea3o H\u00e0nh<\/th>\n<td class=\"woocommerce-product-attributes-item__value\" style=\"width: 88.6731%\">3 n\u0103m<\/td>\n<\/tr>\n<\/tbody>\n<\/table>","protected":false},"excerpt":{"rendered":"<p>1. N\u1ec7m : \u0110\u1ed9 \u0111\u00e0n h\u1ed3i cao, b\u1ecdc v\u1ea3i\/vynil<br \/>\n2. Tay gh\u1ebf : Kh\u00f4ng tay<br \/>\n3. B\u1ed9 \u0111i\u1ec1u khi\u1ec3n : B\u1ed9 \u0111i\u1ec1u khi\u1ec3n c\u00f3 c\u00e1c t\u00ednh n\u0103ng: n\u00e2ng h\u1ea1 chi\u1ec1u cao,<br \/>\n4. Ch\u00e2n gh\u1ebf : Ch\u00e2n gh\u1ebf b\u1eb1ng nh\u1ef1a , c\u00f3 th\u1ec3 \u0111i\u1ec1u ch\u1ec9nh nghi\u00eang nhi\u1ec1u v\u1ecb tr\u00ed. xoay 360 \u0111\u1ed9<br \/>\n5. B\u00e1nh xe: Kh\u00f4ng c\u00f3 b\u00e1nh xe<br \/>\n6. M\u00e0u l\u01b0ng:<br \/>\n7. M\u00e0u n\u1ec7m:<br \/>\n8. Xu\u1ea5t x\u1ee9: Malaysia<br \/>\n9. B\u1ea3o H\u00e0nh: 3 n\u0103m<br \/>\n10. \u0110\u1eb7t h\u00e0ng:<\/p>","protected":false},"featured_media":11868,"comment_status":"closed","ping_status":"closed","template":"","meta":[],"product_cat":[100,103],"product_tag":[336,117,178],"yoast_head":"<!-- This site is optimized with the Yoast SEO Premium plugin v21.7 (Yoast SEO v21.7) - https:\/\/yoast.com\/wordpress\/plugins\/seo\/ -->\n<title>Gh\u1ebf qu\u1ea7y AMA-WING - AMAFURNI<\/title>\n<meta name=\"robots\" content=\"index, follow, max-snippet:-1, max-image-preview:large, max-video-preview:-1\" \/>\n<link rel=\"canonical\" href=\"https:\/\/amafurni.vn\/en\/product\/ama-wing\/\" \/>\n<meta property=\"og:locale\" content=\"en_US\" \/>\n<meta property=\"og:type\" content=\"article\" \/>\n<meta property=\"og:title\" content=\"Gh\u1ebf qu\u1ea7y AMA-WING\" \/>\n<meta property=\"og:description\" content=\"1. N\u1ec7m : \u0110\u1ed9 \u0111\u00e0n h\u1ed3i cao, b\u1ecdc v\u1ea3i\/vynil 2. Tay gh\u1ebf : Kh\u00f4ng tay 3. B\u1ed9 \u0111i\u1ec1u khi\u1ec3n : B\u1ed9 \u0111i\u1ec1u khi\u1ec3n c\u00f3 c\u00e1c t\u00ednh n\u0103ng: n\u00e2ng h\u1ea1 chi\u1ec1u cao, 4. Ch\u00e2n gh\u1ebf : Ch\u00e2n gh\u1ebf b\u1eb1ng nh\u1ef1a , c\u00f3 th\u1ec3 \u0111i\u1ec1u ch\u1ec9nh nghi\u00eang nhi\u1ec1u v\u1ecb tr\u00ed. xoay 360 \u0111\u1ed9 5. B\u00e1nh xe: Kh\u00f4ng c\u00f3 b\u00e1nh xe 6. M\u00e0u l\u01b0ng: 7. M\u00e0u n\u1ec7m: 8. Xu\u1ea5t x\u1ee9: Malaysia 9. B\u1ea3o H\u00e0nh: 3 n\u0103m 10. \u0110\u1eb7t h\u00e0ng:\" \/>\n<meta property=\"og:url\" content=\"https:\/\/amafurni.vn\/en\/product\/ama-wing\/\" \/>\n<meta property=\"og:site_name\" content=\"AMAFURNI\" \/>\n<meta property=\"article:modified_time\" content=\"2025-11-12T07:12:49+00:00\" \/>\n<meta property=\"og:image\" content=\"https:\/\/amafurni.vn\/wp-content\/uploads\/2024\/03\/z5250752044460_dfba863edc1093eba08904d9f4b414d0.jpg\" \/>\n\t<meta property=\"og:image:width\" content=\"800\" \/>\n\t<meta property=\"og:image:height\" content=\"800\" \/>\n\t<meta property=\"og:image:type\" content=\"image\/jpeg\" \/>\n<meta name=\"twitter:card\" content=\"summary_large_image\" \/>\n<meta name=\"twitter:label1\" content=\"Est. reading time\" \/>\n\t<meta name=\"twitter:data1\" content=\"1 minute\" \/>\n<script type=\"application\/ld+json\" class=\"yoast-schema-graph\">{\"@context\":\"https:\/\/schema.org\",\"@graph\":[{\"@type\":\"WebPage\",\"@id\":\"https:\/\/amafurni.vn\/san-pham\/ama-wing\/\",\"url\":\"https:\/\/amafurni.vn\/san-pham\/ama-wing\/\",\"name\":\"Gh\u1ebf qu\u1ea7y AMA-WING - AMAFURNI\",\"isPartOf\":{\"@id\":\"https:\/\/amafurni.vn\/#website\"},\"datePublished\":\"2024-03-15T02:25:30+00:00\",\"dateModified\":\"2025-11-12T07:12:49+00:00\",\"breadcrumb\":{\"@id\":\"https:\/\/amafurni.vn\/san-pham\/ama-wing\/#breadcrumb\"},\"inLanguage\":\"en-US\",\"potentialAction\":[{\"@type\":\"ReadAction\",\"target\":[\"https:\/\/amafurni.vn\/san-pham\/ama-wing\/\"]}]},{\"@type\":\"BreadcrumbList\",\"@id\":\"https:\/\/amafurni.vn\/san-pham\/ama-wing\/#breadcrumb\",\"itemListElement\":[{\"@type\":\"ListItem\",\"position\":1,\"name\":\"Trang ch\u1ee7\",\"item\":\"https:\/\/amafurni.vn\/\"},{\"@type\":\"ListItem\",\"position\":2,\"name\":\"S\u1ea3n ph\u1ea9m\",\"item\":\"https:\/\/amafurni.vn\/san-pham\/\"},{\"@type\":\"ListItem\",\"position\":3,\"name\":\"Gh\u1ebf qu\u1ea7y AMA-WING\"}]},{\"@type\":\"WebSite\",\"@id\":\"https:\/\/amafurni.vn\/#website\",\"url\":\"https:\/\/amafurni.vn\/\",\"name\":\"AMAFURNI\",\"description\":\"\",\"potentialAction\":[{\"@type\":\"SearchAction\",\"target\":{\"@type\":\"EntryPoint\",\"urlTemplate\":\"https:\/\/amafurni.vn\/?s={search_term_string}\"},\"query-input\":\"required name=search_term_string\"}],\"inLanguage\":\"en-US\"}]}<\/script>\n<!-- \/ Yoast SEO Premium plugin. -->","yoast_head_json":{"title":"Gh\u1ebf qu\u1ea7y AMA-WING - AMAFURNI","robots":{"index":"index","follow":"follow","max-snippet":"max-snippet:-1","max-image-preview":"max-image-preview:large","max-video-preview":"max-video-preview:-1"},"canonical":"https:\/\/amafurni.vn\/en\/product\/ama-wing\/","og_locale":"en_US","og_type":"article","og_title":"Gh\u1ebf qu\u1ea7y AMA-WING","og_description":"1. N\u1ec7m : \u0110\u1ed9 \u0111\u00e0n h\u1ed3i cao, b\u1ecdc v\u1ea3i\/vynil 2. Tay gh\u1ebf : Kh\u00f4ng tay 3. B\u1ed9 \u0111i\u1ec1u khi\u1ec3n : B\u1ed9 \u0111i\u1ec1u khi\u1ec3n c\u00f3 c\u00e1c t\u00ednh n\u0103ng: n\u00e2ng h\u1ea1 chi\u1ec1u cao, 4. Ch\u00e2n gh\u1ebf : Ch\u00e2n gh\u1ebf b\u1eb1ng nh\u1ef1a , c\u00f3 th\u1ec3 \u0111i\u1ec1u ch\u1ec9nh nghi\u00eang nhi\u1ec1u v\u1ecb tr\u00ed. xoay 360 \u0111\u1ed9 5. B\u00e1nh xe: Kh\u00f4ng c\u00f3 b\u00e1nh xe 6. M\u00e0u l\u01b0ng: 7. M\u00e0u n\u1ec7m: 8. Xu\u1ea5t x\u1ee9: Malaysia 9. B\u1ea3o H\u00e0nh: 3 n\u0103m 10. \u0110\u1eb7t h\u00e0ng:","og_url":"https:\/\/amafurni.vn\/en\/product\/ama-wing\/","og_site_name":"AMAFURNI","article_modified_time":"2025-11-12T07:12:49+00:00","og_image":[{"width":800,"height":800,"url":"https:\/\/amafurni.vn\/wp-content\/uploads\/2024\/03\/z5250752044460_dfba863edc1093eba08904d9f4b414d0.jpg","type":"image\/jpeg"}],"twitter_card":"summary_large_image","twitter_misc":{"Est. reading time":"1 minute"},"schema":{"@context":"https:\/\/schema.org","@graph":[{"@type":"WebPage","@id":"https:\/\/amafurni.vn\/san-pham\/ama-wing\/","url":"https:\/\/amafurni.vn\/san-pham\/ama-wing\/","name":"Gh\u1ebf qu\u1ea7y AMA-WING - AMAFURNI","isPartOf":{"@id":"https:\/\/amafurni.vn\/#website"},"datePublished":"2024-03-15T02:25:30+00:00","dateModified":"2025-11-12T07:12:49+00:00","breadcrumb":{"@id":"https:\/\/amafurni.vn\/san-pham\/ama-wing\/#breadcrumb"},"inLanguage":"en-US","potentialAction":[{"@type":"ReadAction","target":["https:\/\/amafurni.vn\/san-pham\/ama-wing\/"]}]},{"@type":"BreadcrumbList","@id":"https:\/\/amafurni.vn\/san-pham\/ama-wing\/#breadcrumb","itemListElement":[{"@type":"ListItem","position":1,"name":"Trang ch\u1ee7","item":"https:\/\/amafurni.vn\/"},{"@type":"ListItem","position":2,"name":"S\u1ea3n ph\u1ea9m","item":"https:\/\/amafurni.vn\/san-pham\/"},{"@type":"ListItem","position":3,"name":"Gh\u1ebf qu\u1ea7y AMA-WING"}]},{"@type":"WebSite","@id":"https:\/\/amafurni.vn\/#website","url":"https:\/\/amafurni.vn\/","name":"AMAFURNI","description":"","potentialAction":[{"@type":"SearchAction","target":{"@type":"EntryPoint","urlTemplate":"https:\/\/amafurni.vn\/?s={search_term_string}"},"query-input":"required name=search_term_string"}],"inLanguage":"en-US"}]}},"_links":{"self":[{"href":"https:\/\/amafurni.vn\/en\/wp-json\/wp\/v2\/product\/11832"}],"collection":[{"href":"https:\/\/amafurni.vn\/en\/wp-json\/wp\/v2\/product"}],"about":[{"href":"https:\/\/amafurni.vn\/en\/wp-json\/wp\/v2\/types\/product"}],"replies":[{"embeddable":true,"href":"https:\/\/amafurni.vn\/en\/wp-json\/wp\/v2\/comments?post=11832"}],"wp:featuredmedia":[{"embeddable":true,"href":"https:\/\/amafurni.vn\/en\/wp-json\/wp\/v2\/media\/11868"}],"wp:attachment":[{"href":"https:\/\/amafurni.vn\/en\/wp-json\/wp\/v2\/media?parent=11832"}],"wp:term":[{"taxonomy":"product_cat","embeddable":true,"href":"https:\/\/amafurni.vn\/en\/wp-json\/wp\/v2\/product_cat?post=11832"},{"taxonomy":"product_tag","embeddable":true,"href":"https:\/\/amafurni.vn\/en\/wp-json\/wp\/v2\/product_tag?post=11832"}],"curies":[{"name":"wp","href":"https:\/\/api.w.org\/{rel}","templated":true}]}}