{"id":11918,"date":"2024-03-16T09:49:10","date_gmt":"2024-03-16T02:49:10","guid":{"rendered":"https:\/\/amafurni.vn\/?post_type=product&#038;p=11918"},"modified":"2025-11-12T14:12:49","modified_gmt":"2025-11-12T07:12:49","slug":"ama-yun-03","status":"publish","type":"product","link":"https:\/\/amafurni.vn\/en\/product\/ama-yun-03\/","title":{"rendered":"AMA-YUN 03"},"content":{"rendered":"<table class=\"woocommerce-product-attributes shop_attributes\" style=\"width: 99.6053%;height: 144px\" width=\"929\">\n<tbody>\n<tr class=\"woocommerce-product-attributes-item woocommerce-product-attributes-item--attribute_season\" style=\"height: 24px\">\n<th class=\"woocommerce-product-attributes-item__label\" style=\"width: 9.38511%;height: 24px\">Material<\/th>\n<td class=\"woocommerce-product-attributes-item__value\" style=\"width: 88.6731%;height: 24px\">T\u1ef1a l\u01b0ng b\u1eb1ng nh\u1ef1a. N\u1ec7m: B\u1eb1ng nh\u1ef1a. Ch\u00e2n gh\u1ebf s\u1eaft s\u01a1n t\u0129nh \u0111i\u1ec7n<\/td>\n<\/tr>\n<tr class=\"woocommerce-product-attributes-item woocommerce-product-attributes-item--attribute_pa_color\" style=\"height: 24px\">\n<th class=\"woocommerce-product-attributes-item__label\" style=\"width: 9.38511%;height: 24px\">M\u00e0u S\u1eafc<\/th>\n<td class=\"woocommerce-product-attributes-item__value\" style=\"width: 88.6731%;height: 24px\">Theo b\u1ea3ng m\u00e0u.<\/td>\n<\/tr>\n<tr class=\"woocommerce-product-attributes-item woocommerce-product-attributes-item--attribute_style\" style=\"height: 48px\">\n<th class=\"woocommerce-product-attributes-item__label\" style=\"width: 9.38511%;height: 48px\">Size<\/th>\n<td class=\"woocommerce-product-attributes-item__value\" style=\"width: 88.6731%;height: 48px\">480*480*900*mm<\/td>\n<\/tr>\n<tr class=\"woocommerce-product-attributes-item woocommerce-product-attributes-item--attribute_pa_material\" style=\"height: 24px\">\n<th class=\"woocommerce-product-attributes-item__label\" style=\"width: 9.38511%;height: 24px\">T\u00ednh N\u0103ng<\/th>\n<td class=\"woocommerce-product-attributes-item__value\" style=\"width: 88.6731%;height: 24px\">Ng\u1ed3i c\u1ed1 \u0111\u1ecbnh<\/td>\n<\/tr>\n<tr class=\"woocommerce-product-attributes-item woocommerce-product-attributes-item--attribute_item-code\" style=\"height: 24px\">\n<th class=\"woocommerce-product-attributes-item__label\" style=\"width: 9.38511%;height: 24px\">B\u1ea3o H\u00e0nh<\/th>\n<td class=\"woocommerce-product-attributes-item__value\" style=\"width: 88.6731%;height: 24px\">3 n\u0103m<\/td>\n<\/tr>\n<\/tbody>\n<\/table>","protected":false},"excerpt":{"rendered":"<div class=\"linedetail\">\n<p>1. T\u1ef1a L\u01b0ng Gh\u1ebf: T\u1ef1a l\u01b0ng b\u1eb1ng nh\u1ef1a<br \/>\n2. N\u1ec7m: B\u1eb1ng nh\u1ef1a<br \/>\n3. Tay Gh\u1ebf: Kh\u00f4ng tay<br \/>\n4. Ch\u00e2n Gh\u1ebf: Ch\u00e2n gh\u1ebf s\u1eaft s\u01a1n t\u0129nh \u0111i\u1ec7n<br \/>\n5. B\u00e1nh Xe: Kh\u00f4ng c\u00f3 b\u00e1nh xe<br \/>\n6. M\u00e0u L\u01b0ng:<br \/>\n7. M\u00e0u N\u1ec7m:<br \/>\n8. Xu\u1ea5t X\u1ee9: Vi\u1ec7t Nam<\/p>\n<\/div>\n<div class=\"linedetail\"><\/div>","protected":false},"featured_media":11928,"comment_status":"closed","ping_status":"closed","template":"","meta":[],"product_cat":[59,270,73,70,74],"product_tag":[271,323,124,129],"yoast_head":"<!-- This site is optimized with the Yoast SEO Premium plugin v21.7 (Yoast SEO v21.7) - https:\/\/yoast.com\/wordpress\/plugins\/seo\/ -->\n<title>AMA-YUN 03 - AMAFURNI<\/title>\n<meta name=\"robots\" content=\"index, follow, max-snippet:-1, max-image-preview:large, max-video-preview:-1\" \/>\n<link rel=\"canonical\" href=\"https:\/\/amafurni.vn\/en\/product\/ama-yun-03\/\" \/>\n<meta property=\"og:locale\" content=\"en_US\" \/>\n<meta property=\"og:type\" content=\"article\" \/>\n<meta property=\"og:title\" content=\"AMA-YUN 03\" \/>\n<meta property=\"og:description\" content=\"1. T\u1ef1a L\u01b0ng Gh\u1ebf: T\u1ef1a l\u01b0ng b\u1eb1ng nh\u1ef1a 2. N\u1ec7m: B\u1eb1ng nh\u1ef1a 3. Tay Gh\u1ebf: Kh\u00f4ng tay 4. Ch\u00e2n Gh\u1ebf: Ch\u00e2n gh\u1ebf s\u1eaft s\u01a1n t\u0129nh \u0111i\u1ec7n 5. B\u00e1nh Xe: Kh\u00f4ng c\u00f3 b\u00e1nh xe 6. M\u00e0u L\u01b0ng: 7. M\u00e0u N\u1ec7m: 8. Xu\u1ea5t X\u1ee9: Vi\u1ec7t Nam\" \/>\n<meta property=\"og:url\" content=\"https:\/\/amafurni.vn\/en\/product\/ama-yun-03\/\" \/>\n<meta property=\"og:site_name\" content=\"AMAFURNI\" \/>\n<meta property=\"article:modified_time\" content=\"2025-11-12T07:12:49+00:00\" \/>\n<meta property=\"og:image\" content=\"https:\/\/amafurni.vn\/wp-content\/uploads\/2024\/03\/z5254105420834_15bde26badcecef69c18d893debbbc99.jpg\" \/>\n\t<meta property=\"og:image:width\" content=\"800\" \/>\n\t<meta property=\"og:image:height\" content=\"800\" \/>\n\t<meta property=\"og:image:type\" content=\"image\/jpeg\" \/>\n<meta name=\"twitter:card\" content=\"summary_large_image\" \/>\n<meta name=\"twitter:label1\" content=\"Est. reading time\" \/>\n\t<meta name=\"twitter:data1\" content=\"1 minute\" \/>\n<script type=\"application\/ld+json\" class=\"yoast-schema-graph\">{\"@context\":\"https:\/\/schema.org\",\"@graph\":[{\"@type\":\"WebPage\",\"@id\":\"https:\/\/amafurni.vn\/san-pham\/ama-yun-03\/\",\"url\":\"https:\/\/amafurni.vn\/san-pham\/ama-yun-03\/\",\"name\":\"AMA-YUN 03 - AMAFURNI\",\"isPartOf\":{\"@id\":\"https:\/\/amafurni.vn\/#website\"},\"datePublished\":\"2024-03-16T02:49:10+00:00\",\"dateModified\":\"2025-11-12T07:12:49+00:00\",\"breadcrumb\":{\"@id\":\"https:\/\/amafurni.vn\/san-pham\/ama-yun-03\/#breadcrumb\"},\"inLanguage\":\"en-US\",\"potentialAction\":[{\"@type\":\"ReadAction\",\"target\":[\"https:\/\/amafurni.vn\/san-pham\/ama-yun-03\/\"]}]},{\"@type\":\"BreadcrumbList\",\"@id\":\"https:\/\/amafurni.vn\/san-pham\/ama-yun-03\/#breadcrumb\",\"itemListElement\":[{\"@type\":\"ListItem\",\"position\":1,\"name\":\"Trang ch\u1ee7\",\"item\":\"https:\/\/amafurni.vn\/\"},{\"@type\":\"ListItem\",\"position\":2,\"name\":\"S\u1ea3n ph\u1ea9m\",\"item\":\"https:\/\/amafurni.vn\/san-pham\/\"},{\"@type\":\"ListItem\",\"position\":3,\"name\":\"AMA-YUN 03\"}]},{\"@type\":\"WebSite\",\"@id\":\"https:\/\/amafurni.vn\/#website\",\"url\":\"https:\/\/amafurni.vn\/\",\"name\":\"AMAFURNI\",\"description\":\"\",\"potentialAction\":[{\"@type\":\"SearchAction\",\"target\":{\"@type\":\"EntryPoint\",\"urlTemplate\":\"https:\/\/amafurni.vn\/?s={search_term_string}\"},\"query-input\":\"required name=search_term_string\"}],\"inLanguage\":\"en-US\"}]}<\/script>\n<!-- \/ Yoast SEO Premium plugin. -->","yoast_head_json":{"title":"AMA-YUN 03 - AMAFURNI","robots":{"index":"index","follow":"follow","max-snippet":"max-snippet:-1","max-image-preview":"max-image-preview:large","max-video-preview":"max-video-preview:-1"},"canonical":"https:\/\/amafurni.vn\/en\/product\/ama-yun-03\/","og_locale":"en_US","og_type":"article","og_title":"AMA-YUN 03","og_description":"1. T\u1ef1a L\u01b0ng Gh\u1ebf: T\u1ef1a l\u01b0ng b\u1eb1ng nh\u1ef1a 2. N\u1ec7m: B\u1eb1ng nh\u1ef1a 3. Tay Gh\u1ebf: Kh\u00f4ng tay 4. Ch\u00e2n Gh\u1ebf: Ch\u00e2n gh\u1ebf s\u1eaft s\u01a1n t\u0129nh \u0111i\u1ec7n 5. B\u00e1nh Xe: Kh\u00f4ng c\u00f3 b\u00e1nh xe 6. M\u00e0u L\u01b0ng: 7. M\u00e0u N\u1ec7m: 8. Xu\u1ea5t X\u1ee9: Vi\u1ec7t Nam","og_url":"https:\/\/amafurni.vn\/en\/product\/ama-yun-03\/","og_site_name":"AMAFURNI","article_modified_time":"2025-11-12T07:12:49+00:00","og_image":[{"width":800,"height":800,"url":"https:\/\/amafurni.vn\/wp-content\/uploads\/2024\/03\/z5254105420834_15bde26badcecef69c18d893debbbc99.jpg","type":"image\/jpeg"}],"twitter_card":"summary_large_image","twitter_misc":{"Est. reading time":"1 minute"},"schema":{"@context":"https:\/\/schema.org","@graph":[{"@type":"WebPage","@id":"https:\/\/amafurni.vn\/san-pham\/ama-yun-03\/","url":"https:\/\/amafurni.vn\/san-pham\/ama-yun-03\/","name":"AMA-YUN 03 - AMAFURNI","isPartOf":{"@id":"https:\/\/amafurni.vn\/#website"},"datePublished":"2024-03-16T02:49:10+00:00","dateModified":"2025-11-12T07:12:49+00:00","breadcrumb":{"@id":"https:\/\/amafurni.vn\/san-pham\/ama-yun-03\/#breadcrumb"},"inLanguage":"en-US","potentialAction":[{"@type":"ReadAction","target":["https:\/\/amafurni.vn\/san-pham\/ama-yun-03\/"]}]},{"@type":"BreadcrumbList","@id":"https:\/\/amafurni.vn\/san-pham\/ama-yun-03\/#breadcrumb","itemListElement":[{"@type":"ListItem","position":1,"name":"Trang ch\u1ee7","item":"https:\/\/amafurni.vn\/"},{"@type":"ListItem","position":2,"name":"S\u1ea3n ph\u1ea9m","item":"https:\/\/amafurni.vn\/san-pham\/"},{"@type":"ListItem","position":3,"name":"AMA-YUN 03"}]},{"@type":"WebSite","@id":"https:\/\/amafurni.vn\/#website","url":"https:\/\/amafurni.vn\/","name":"AMAFURNI","description":"","potentialAction":[{"@type":"SearchAction","target":{"@type":"EntryPoint","urlTemplate":"https:\/\/amafurni.vn\/?s={search_term_string}"},"query-input":"required name=search_term_string"}],"inLanguage":"en-US"}]}},"_links":{"self":[{"href":"https:\/\/amafurni.vn\/en\/wp-json\/wp\/v2\/product\/11918"}],"collection":[{"href":"https:\/\/amafurni.vn\/en\/wp-json\/wp\/v2\/product"}],"about":[{"href":"https:\/\/amafurni.vn\/en\/wp-json\/wp\/v2\/types\/product"}],"replies":[{"embeddable":true,"href":"https:\/\/amafurni.vn\/en\/wp-json\/wp\/v2\/comments?post=11918"}],"wp:featuredmedia":[{"embeddable":true,"href":"https:\/\/amafurni.vn\/en\/wp-json\/wp\/v2\/media\/11928"}],"wp:attachment":[{"href":"https:\/\/amafurni.vn\/en\/wp-json\/wp\/v2\/media?parent=11918"}],"wp:term":[{"taxonomy":"product_cat","embeddable":true,"href":"https:\/\/amafurni.vn\/en\/wp-json\/wp\/v2\/product_cat?post=11918"},{"taxonomy":"product_tag","embeddable":true,"href":"https:\/\/amafurni.vn\/en\/wp-json\/wp\/v2\/product_tag?post=11918"}],"curies":[{"name":"wp","href":"https:\/\/api.w.org\/{rel}","templated":true}]}}