{"id":12022,"date":"2024-03-30T09:26:24","date_gmt":"2024-03-30T02:26:24","guid":{"rendered":"https:\/\/amafurni.vn\/?post_type=product&#038;p=12022"},"modified":"2026-01-06T20:05:53","modified_gmt":"2026-01-06T13:05:53","slug":"ama-dp105","status":"publish","type":"product","link":"https:\/\/amafurni.vn\/en\/product\/ama-dp105\/","title":{"rendered":"Gh\u1ebf l\u00e0m vi\u1ec7c AMA-DP105"},"content":{"rendered":"<table class=\"woocommerce-product-attributes shop_attributes\" style=\"width: 101.743363%; height: 291px;\" width=\"929\">\n<tbody>\n<tr class=\"woocommerce-product-attributes-item woocommerce-product-attributes-item--attribute_season\" style=\"height: 24px;\">\n<th class=\"woocommerce-product-attributes-item__label\" style=\"width: 12.4056%; height: 24px;\">Material<\/th>\n<td class=\"woocommerce-product-attributes-item__value\" style=\"width: 84.3581%; height: 24px;\">Gh\u1ebf v\u0103n ph\u00f2ng n\u1ec7m d\u00e0y b\u1ecdc V\u1ea3i ho\u1eb7c Simili, Tay Nh\u00f4m, M\u00e2m ng\u00e3 1 c\u1ea7n, Ch\u00e2n xoay nh\u1ef1a l\u1edbn<\/td>\n<\/tr>\n<tr class=\"woocommerce-product-attributes-item woocommerce-product-attributes-item--attribute_pa_color\" style=\"height: 24px;\">\n<th class=\"woocommerce-product-attributes-item__label\" style=\"width: 12.4056%; height: 24px;\">M\u00e0u S\u1eafc<\/th>\n<td class=\"woocommerce-product-attributes-item__value\" style=\"width: 84.3581%; height: 24px;\">\u0110en (c\u00f3 th\u1ec3 thay \u0111\u1ed5i theo y\u00eau c\u1ea7u).<\/td>\n<\/tr>\n<tr class=\"woocommerce-product-attributes-item woocommerce-product-attributes-item--attribute_style\" style=\"height: 24px;\">\n<th class=\"woocommerce-product-attributes-item__label\" style=\"width: 12.4056%; height: 24px;\">Size<\/th>\n<td class=\"woocommerce-product-attributes-item__value\" style=\"width: 84.3581%; height: 24px;\">W54-67 x D50 x H113-123 (cm).<\/td>\n<\/tr>\n<tr class=\"woocommerce-product-attributes-item woocommerce-product-attributes-item--attribute_pa_material\" style=\"height: 24px;\">\n<th class=\"woocommerce-product-attributes-item__label\" style=\"width: 12.4056%; height: 24px;\">T\u00ednh N\u0103ng<\/th>\n<td class=\"woocommerce-product-attributes-item__value\" style=\"width: 84.3581%; height: 24px;\">Xoay 360 \u0111\u1ed9. T\u0103ng gi\u1ea3m chi\u1ec1u cao, G\u1eadt g\u00f9 th\u01b0 gi\u00e3n<\/td>\n<\/tr>\n<tr class=\"woocommerce-product-attributes-item woocommerce-product-attributes-item--attribute_item-code\" style=\"height: 24px;\">\n<th class=\"woocommerce-product-attributes-item__label\" style=\"width: 12.4056%; height: 24px;\">B\u1ea3o H\u00e0nh<\/th>\n<td class=\"woocommerce-product-attributes-item__value\" style=\"width: 84.3581%; height: 24px;\">01 n\u0103m<\/td>\n<\/tr>\n<\/tbody>\n<\/table>","protected":false},"excerpt":{"rendered":"<p>Gh\u1ebf v\u0103n ph\u00f2ng<\/p>","protected":false},"featured_media":24328,"comment_status":"closed","ping_status":"closed","template":"","meta":[],"product_cat":[59,70],"product_tag":[124],"yoast_head":"<!-- This site is optimized with the Yoast SEO Premium plugin v21.7 (Yoast SEO v21.7) - https:\/\/yoast.com\/wordpress\/plugins\/seo\/ -->\n<title>Gh\u1ebf l\u00e0m vi\u1ec7c AMA-DP105 - AMAFURNI<\/title>\n<meta name=\"description\" content=\"Gh\u1ebf l\u00e0m vi\u1ec7c gh\u1ebf gi\u00e1m \u0111\u1ed1c gh\u1ebf l\u00e3nh \u0111\u1ea1o b\u1ecdc da c\u00f4ng nghi\u1ec7p tay g\u1ed7 cong cao c\u1ea5p sang tr\u1ecdng d\u00e0nh t\u00f4n vinh kh\u00f4ng gian l\u00e0m vi\u1ec7c v\u00e0 gi\u00fap c\u01a1 th\u1ec3 ng\u01b0\u1eddi d\u00f9ng tho\u1ea3i m\u00e1i t\u1ed1t cho s\u1ee9c kho\u1ebb b\u1ecdc \u0111\u01b0\u1ee3c nhi\u1ec1u m\u00e0u s\u1eafc kh\u00e1c nhau \u0111\u1ebfn t\u1eeb AMA FURNITURE\" \/>\n<meta name=\"robots\" content=\"index, follow, max-snippet:-1, max-image-preview:large, max-video-preview:-1\" \/>\n<link rel=\"canonical\" href=\"https:\/\/amafurni.vn\/en\/product\/ama-dp105\/\" \/>\n<meta property=\"og:locale\" content=\"en_US\" \/>\n<meta property=\"og:type\" content=\"article\" \/>\n<meta property=\"og:title\" content=\"Gh\u1ebf l\u00e0m vi\u1ec7c AMA-DP105\" \/>\n<meta property=\"og:description\" content=\"Gh\u1ebf l\u00e0m vi\u1ec7c gh\u1ebf gi\u00e1m \u0111\u1ed1c gh\u1ebf l\u00e3nh \u0111\u1ea1o b\u1ecdc da c\u00f4ng nghi\u1ec7p tay g\u1ed7 cong cao c\u1ea5p sang tr\u1ecdng d\u00e0nh t\u00f4n vinh kh\u00f4ng gian l\u00e0m vi\u1ec7c v\u00e0 gi\u00fap c\u01a1 th\u1ec3 ng\u01b0\u1eddi d\u00f9ng tho\u1ea3i m\u00e1i t\u1ed1t cho s\u1ee9c kho\u1ebb b\u1ecdc \u0111\u01b0\u1ee3c nhi\u1ec1u m\u00e0u s\u1eafc kh\u00e1c nhau \u0111\u1ebfn t\u1eeb AMA FURNITURE\" \/>\n<meta property=\"og:url\" content=\"https:\/\/amafurni.vn\/en\/product\/ama-dp105\/\" \/>\n<meta property=\"og:site_name\" content=\"AMAFURNI\" \/>\n<meta property=\"article:modified_time\" content=\"2026-01-06T13:05:53+00:00\" \/>\n<meta property=\"og:image\" content=\"https:\/\/amafurni.vn\/wp-content\/uploads\/2024\/03\/DP105.png\" \/>\n\t<meta property=\"og:image:width\" content=\"2084\" \/>\n\t<meta property=\"og:image:height\" content=\"2084\" \/>\n\t<meta property=\"og:image:type\" content=\"image\/png\" \/>\n<meta name=\"twitter:card\" content=\"summary_large_image\" \/>\n<meta name=\"twitter:label1\" content=\"Est. reading time\" \/>\n\t<meta name=\"twitter:data1\" content=\"1 minute\" \/>\n<script type=\"application\/ld+json\" class=\"yoast-schema-graph\">{\"@context\":\"https:\/\/schema.org\",\"@graph\":[{\"@type\":\"WebPage\",\"@id\":\"https:\/\/amafurni.vn\/san-pham\/ama-dp105\/\",\"url\":\"https:\/\/amafurni.vn\/san-pham\/ama-dp105\/\",\"name\":\"Gh\u1ebf l\u00e0m vi\u1ec7c AMA-DP105 - AMAFURNI\",\"isPartOf\":{\"@id\":\"https:\/\/amafurni.vn\/#website\"},\"datePublished\":\"2024-03-30T02:26:24+00:00\",\"dateModified\":\"2026-01-06T13:05:53+00:00\",\"description\":\"Gh\u1ebf l\u00e0m vi\u1ec7c gh\u1ebf gi\u00e1m \u0111\u1ed1c gh\u1ebf l\u00e3nh \u0111\u1ea1o b\u1ecdc da c\u00f4ng nghi\u1ec7p tay g\u1ed7 cong cao c\u1ea5p sang tr\u1ecdng d\u00e0nh t\u00f4n vinh kh\u00f4ng gian l\u00e0m vi\u1ec7c v\u00e0 gi\u00fap c\u01a1 th\u1ec3 ng\u01b0\u1eddi d\u00f9ng tho\u1ea3i m\u00e1i t\u1ed1t cho s\u1ee9c kho\u1ebb b\u1ecdc \u0111\u01b0\u1ee3c nhi\u1ec1u m\u00e0u s\u1eafc kh\u00e1c nhau \u0111\u1ebfn t\u1eeb AMA FURNITURE\",\"breadcrumb\":{\"@id\":\"https:\/\/amafurni.vn\/san-pham\/ama-dp105\/#breadcrumb\"},\"inLanguage\":\"en-US\",\"potentialAction\":[{\"@type\":\"ReadAction\",\"target\":[\"https:\/\/amafurni.vn\/san-pham\/ama-dp105\/\"]}]},{\"@type\":\"BreadcrumbList\",\"@id\":\"https:\/\/amafurni.vn\/san-pham\/ama-dp105\/#breadcrumb\",\"itemListElement\":[{\"@type\":\"ListItem\",\"position\":1,\"name\":\"Trang ch\u1ee7\",\"item\":\"https:\/\/amafurni.vn\/\"},{\"@type\":\"ListItem\",\"position\":2,\"name\":\"S\u1ea3n ph\u1ea9m\",\"item\":\"https:\/\/amafurni.vn\/san-pham\/\"},{\"@type\":\"ListItem\",\"position\":3,\"name\":\"Gh\u1ebf l\u00e0m vi\u1ec7c AMA-DP105\"}]},{\"@type\":\"WebSite\",\"@id\":\"https:\/\/amafurni.vn\/#website\",\"url\":\"https:\/\/amafurni.vn\/\",\"name\":\"AMAFURNI\",\"description\":\"\",\"potentialAction\":[{\"@type\":\"SearchAction\",\"target\":{\"@type\":\"EntryPoint\",\"urlTemplate\":\"https:\/\/amafurni.vn\/?s={search_term_string}\"},\"query-input\":\"required name=search_term_string\"}],\"inLanguage\":\"en-US\"}]}<\/script>\n<!-- \/ Yoast SEO Premium plugin. -->","yoast_head_json":{"title":"Gh\u1ebf l\u00e0m vi\u1ec7c AMA-DP105 - AMAFURNI","description":"Gh\u1ebf l\u00e0m vi\u1ec7c gh\u1ebf gi\u00e1m \u0111\u1ed1c gh\u1ebf l\u00e3nh \u0111\u1ea1o b\u1ecdc da c\u00f4ng nghi\u1ec7p tay g\u1ed7 cong cao c\u1ea5p sang tr\u1ecdng d\u00e0nh t\u00f4n vinh kh\u00f4ng gian l\u00e0m vi\u1ec7c v\u00e0 gi\u00fap c\u01a1 th\u1ec3 ng\u01b0\u1eddi d\u00f9ng tho\u1ea3i m\u00e1i t\u1ed1t cho s\u1ee9c kho\u1ebb b\u1ecdc \u0111\u01b0\u1ee3c nhi\u1ec1u m\u00e0u s\u1eafc kh\u00e1c nhau \u0111\u1ebfn t\u1eeb AMA FURNITURE","robots":{"index":"index","follow":"follow","max-snippet":"max-snippet:-1","max-image-preview":"max-image-preview:large","max-video-preview":"max-video-preview:-1"},"canonical":"https:\/\/amafurni.vn\/en\/product\/ama-dp105\/","og_locale":"en_US","og_type":"article","og_title":"Gh\u1ebf l\u00e0m vi\u1ec7c AMA-DP105","og_description":"Gh\u1ebf l\u00e0m vi\u1ec7c gh\u1ebf gi\u00e1m \u0111\u1ed1c gh\u1ebf l\u00e3nh \u0111\u1ea1o b\u1ecdc da c\u00f4ng nghi\u1ec7p tay g\u1ed7 cong cao c\u1ea5p sang tr\u1ecdng d\u00e0nh t\u00f4n vinh kh\u00f4ng gian l\u00e0m vi\u1ec7c v\u00e0 gi\u00fap c\u01a1 th\u1ec3 ng\u01b0\u1eddi d\u00f9ng tho\u1ea3i m\u00e1i t\u1ed1t cho s\u1ee9c kho\u1ebb b\u1ecdc \u0111\u01b0\u1ee3c nhi\u1ec1u m\u00e0u s\u1eafc kh\u00e1c nhau \u0111\u1ebfn t\u1eeb AMA FURNITURE","og_url":"https:\/\/amafurni.vn\/en\/product\/ama-dp105\/","og_site_name":"AMAFURNI","article_modified_time":"2026-01-06T13:05:53+00:00","og_image":[{"width":2084,"height":2084,"url":"https:\/\/amafurni.vn\/wp-content\/uploads\/2024\/03\/DP105.png","type":"image\/png"}],"twitter_card":"summary_large_image","twitter_misc":{"Est. reading time":"1 minute"},"schema":{"@context":"https:\/\/schema.org","@graph":[{"@type":"WebPage","@id":"https:\/\/amafurni.vn\/san-pham\/ama-dp105\/","url":"https:\/\/amafurni.vn\/san-pham\/ama-dp105\/","name":"Gh\u1ebf l\u00e0m vi\u1ec7c AMA-DP105 - AMAFURNI","isPartOf":{"@id":"https:\/\/amafurni.vn\/#website"},"datePublished":"2024-03-30T02:26:24+00:00","dateModified":"2026-01-06T13:05:53+00:00","description":"Gh\u1ebf l\u00e0m vi\u1ec7c gh\u1ebf gi\u00e1m \u0111\u1ed1c gh\u1ebf l\u00e3nh \u0111\u1ea1o b\u1ecdc da c\u00f4ng nghi\u1ec7p tay g\u1ed7 cong cao c\u1ea5p sang tr\u1ecdng d\u00e0nh t\u00f4n vinh kh\u00f4ng gian l\u00e0m vi\u1ec7c v\u00e0 gi\u00fap c\u01a1 th\u1ec3 ng\u01b0\u1eddi d\u00f9ng tho\u1ea3i m\u00e1i t\u1ed1t cho s\u1ee9c kho\u1ebb b\u1ecdc \u0111\u01b0\u1ee3c nhi\u1ec1u m\u00e0u s\u1eafc kh\u00e1c nhau \u0111\u1ebfn t\u1eeb AMA FURNITURE","breadcrumb":{"@id":"https:\/\/amafurni.vn\/san-pham\/ama-dp105\/#breadcrumb"},"inLanguage":"en-US","potentialAction":[{"@type":"ReadAction","target":["https:\/\/amafurni.vn\/san-pham\/ama-dp105\/"]}]},{"@type":"BreadcrumbList","@id":"https:\/\/amafurni.vn\/san-pham\/ama-dp105\/#breadcrumb","itemListElement":[{"@type":"ListItem","position":1,"name":"Trang ch\u1ee7","item":"https:\/\/amafurni.vn\/"},{"@type":"ListItem","position":2,"name":"S\u1ea3n ph\u1ea9m","item":"https:\/\/amafurni.vn\/san-pham\/"},{"@type":"ListItem","position":3,"name":"Gh\u1ebf l\u00e0m vi\u1ec7c AMA-DP105"}]},{"@type":"WebSite","@id":"https:\/\/amafurni.vn\/#website","url":"https:\/\/amafurni.vn\/","name":"AMAFURNI","description":"","potentialAction":[{"@type":"SearchAction","target":{"@type":"EntryPoint","urlTemplate":"https:\/\/amafurni.vn\/?s={search_term_string}"},"query-input":"required name=search_term_string"}],"inLanguage":"en-US"}]}},"_links":{"self":[{"href":"https:\/\/amafurni.vn\/en\/wp-json\/wp\/v2\/product\/12022"}],"collection":[{"href":"https:\/\/amafurni.vn\/en\/wp-json\/wp\/v2\/product"}],"about":[{"href":"https:\/\/amafurni.vn\/en\/wp-json\/wp\/v2\/types\/product"}],"replies":[{"embeddable":true,"href":"https:\/\/amafurni.vn\/en\/wp-json\/wp\/v2\/comments?post=12022"}],"wp:featuredmedia":[{"embeddable":true,"href":"https:\/\/amafurni.vn\/en\/wp-json\/wp\/v2\/media\/24328"}],"wp:attachment":[{"href":"https:\/\/amafurni.vn\/en\/wp-json\/wp\/v2\/media?parent=12022"}],"wp:term":[{"taxonomy":"product_cat","embeddable":true,"href":"https:\/\/amafurni.vn\/en\/wp-json\/wp\/v2\/product_cat?post=12022"},{"taxonomy":"product_tag","embeddable":true,"href":"https:\/\/amafurni.vn\/en\/wp-json\/wp\/v2\/product_tag?post=12022"}],"curies":[{"name":"wp","href":"https:\/\/api.w.org\/{rel}","templated":true}]}}