{"id":12948,"date":"2024-05-04T09:48:12","date_gmt":"2024-05-04T02:48:12","guid":{"rendered":"https:\/\/amafurni.vn\/?post_type=product&#038;p=12948"},"modified":"2026-03-28T16:14:23","modified_gmt":"2026-03-28T09:14:23","slug":"ghe-giam-doc-ama-s296","status":"publish","type":"product","link":"https:\/\/amafurni.vn\/en\/product\/ghe-giam-doc-ama-s296\/","title":{"rendered":"Gh\u1ebf gi\u00e1m \u0111\u1ed1c AMA-S296"},"content":{"rendered":"<p><strong>Gh\u1ebf gi\u00e1m \u0111\u1ed1c AMA-S296<\/strong><\/p>\n<table class=\"woocommerce-product-attributes shop_attributes\" style=\"width: 99.167%; height: 199px;\" width=\"929\">\n<tbody>\n<tr class=\"woocommerce-product-attributes-item woocommerce-product-attributes-item--attribute_season\" style=\"height: 24px;\">\n<th class=\"woocommerce-product-attributes-item__label\" style=\"height: 38px; width: 14.8501%;\">Material<\/th>\n<td class=\"woocommerce-product-attributes-item__value\" style=\"height: 38px; width: 82.6634%;\">Khung g\u1ed7 &amp; S\u1eaft, B\u1ecdc Da C\u00f4ng Nghi\u1ec7p, Ch\u00e2n g\u1ed7 cao c\u1ea5p, Tay G\u1ed7<\/td>\n<\/tr>\n<tr class=\"woocommerce-product-attributes-item woocommerce-product-attributes-item--attribute_pa_color\" style=\"height: 24px;\">\n<th class=\"woocommerce-product-attributes-item__label\" style=\"height: 38px; width: 14.8501%;\">M\u00e0u S\u1eafc<\/th>\n<td class=\"woocommerce-product-attributes-item__value\" style=\"height: 38px; width: 82.6634%;\">\u0110en, N\u00e2u<\/td>\n<\/tr>\n<tr class=\"woocommerce-product-attributes-item woocommerce-product-attributes-item--attribute_style\" style=\"height: 24px;\">\n<th class=\"woocommerce-product-attributes-item__label\" style=\"height: 47px; width: 14.8501%;\">Size<\/th>\n<td class=\"woocommerce-product-attributes-item__value\" style=\"height: 47px; width: 82.6634%;\">720*750*(1150-1250)mm<\/td>\n<\/tr>\n<tr class=\"woocommerce-product-attributes-item woocommerce-product-attributes-item--attribute_pa_material\" style=\"height: 24px;\">\n<th class=\"woocommerce-product-attributes-item__label\" style=\"height: 41px; width: 14.8501%;\">T\u00ednh N\u0103ng<\/th>\n<td class=\"woocommerce-product-attributes-item__value\" style=\"height: 41px; width: 82.6634%;\">Xoay 360 \u0111\u1ed9. T\u0103ng gi\u1ea3m chi\u1ec1u cao. C\u00f3 ch\u1ee9c n\u0103ng ng\u00e3 l\u01b0ng th\u01b0 gi\u00e3n 140 \u0111\u1ed9, G\u1eadt g\u00f9 th\u01b0 gi\u00e3n<\/td>\n<\/tr>\n<tr class=\"woocommerce-product-attributes-item woocommerce-product-attributes-item--attribute_item-code\" style=\"height: 24px;\">\n<th class=\"woocommerce-product-attributes-item__label\" style=\"height: 35px; width: 14.8501%;\">B\u1ea3o H\u00e0nh<\/th>\n<td class=\"woocommerce-product-attributes-item__value\" style=\"height: 35px; width: 82.6634%;\">1 n\u0103m<\/td>\n<\/tr>\n<\/tbody>\n<\/table>","protected":false},"excerpt":{"rendered":"<p><strong>Director&#039;s chair\u00a0<\/strong>l\u00e0 1 m\u1eabu gh\u1ebf nh\u1eadp kh\u1ea9u tr\u1ef1c ti\u1ebfp c\u1ee7a\u00a0<strong>N\u1ed8I TH\u1ea4T AMA FURNITURE<\/strong>\u00a0, v\u1edbi thi\u1ebft k\u1ebf tinh t\u1ebf , t\u1ed1i gian t\u1ea1o n\u00ean v\u1ebb \u0111\u1eb9p sang tr\u1ecdng cho kh\u00f4ng gian Nh\u00e0 \u1edf, c\u0103n h\u1ed9, V\u0103n ph\u00f2ng v.v.<\/p>\n<p>T\u00ednh n\u0103ng :<\/p>\n<ul>\n<li>Ch\u1ea5t l\u01b0\u1ee3ng b\u1ec1n ch\u1eafc, s\u1eed d\u1ee5ng l\u00e2u d\u00e0i<\/li>\n<li>D\u1ec5 d\u00e0ng lau ch\u00f9i, v\u1ec7 sinh<\/li>\n<li>Ch\u1ed1ng va \u0111\u1eadp t\u1ed1t, m\u00e0u s\u1eafc s\u1ed1ng \u0111\u1ed9ng<\/li>\n<li>M\u1eb7t gh\u1ebf thi\u1ebft k\u1ebf tinh t\u1ebf d\u1ec5 ng\u1ed3i<\/li>\n<\/ul>","protected":false},"featured_media":23546,"comment_status":"closed","ping_status":"closed","template":"","meta":[],"product_cat":[59,69],"product_tag":[189],"yoast_head":"<!-- This site is optimized with the Yoast SEO Premium plugin v21.7 (Yoast SEO v21.7) - https:\/\/yoast.com\/wordpress\/plugins\/seo\/ -->\n<title>Gh\u1ebf gi\u00e1m \u0111\u1ed1c AMA-S296 - AMAFURNI<\/title>\n<meta name=\"description\" content=\"Hotline : 0286 2757601 - 0969919449 - 0906963408 . AMA Furniture l\u00e0 Nh\u00e0 Ph\u00e2n Ph\u1ed1i c\u00e1c s\u1ea3n ph\u1ea9m h\u00e0ng \u0111\u1ea7u t\u1ea1i Vi\u1ec7t Nam v\u1ec1 : N\u1ed9i th\u1ea5t b\u00e0n gh\u1ebf v\u0103n ph\u00f2ng, n\u1ed9i th\u1ea5t gia \u0111\u00ecnh, S\u1ea3n xu\u1ea5t thi c\u00f4ng n\u1ed9i th\u1ea5t theo y\u00eau c\u1ea7u , Nh\u00e0 ph\u00e2n ph\u1ed1i M\u00e1y l\u1ecdc n\u01b0\u1edbc Unilever PUREIT, M\u00e1y l\u1ecdc n\u01b0\u1edbc TRULIVA, WELLS, MUTOSI, HO\u00c0 PH\u00c1T, \u0110\u1ed3 \u0111i\u1ec7n gia d\u1ee5ng TEFAL, PHILIPS,\u2026\" \/>\n<meta name=\"robots\" content=\"index, follow, max-snippet:-1, max-image-preview:large, max-video-preview:-1\" \/>\n<link rel=\"canonical\" href=\"https:\/\/amafurni.vn\/en\/product\/ghe-giam-doc-ama-s296\/\" \/>\n<meta property=\"og:locale\" content=\"en_US\" \/>\n<meta property=\"og:type\" content=\"article\" \/>\n<meta property=\"og:title\" content=\"Gh\u1ebf gi\u00e1m \u0111\u1ed1c AMA-S296\" \/>\n<meta property=\"og:description\" content=\"Hotline : 0286 2757601 - 0969919449 - 0906963408 . AMA Furniture l\u00e0 Nh\u00e0 Ph\u00e2n Ph\u1ed1i c\u00e1c s\u1ea3n ph\u1ea9m h\u00e0ng \u0111\u1ea7u t\u1ea1i Vi\u1ec7t Nam v\u1ec1 : N\u1ed9i th\u1ea5t b\u00e0n gh\u1ebf v\u0103n ph\u00f2ng, n\u1ed9i th\u1ea5t gia \u0111\u00ecnh, S\u1ea3n xu\u1ea5t thi c\u00f4ng n\u1ed9i th\u1ea5t theo y\u00eau c\u1ea7u , Nh\u00e0 ph\u00e2n ph\u1ed1i M\u00e1y l\u1ecdc n\u01b0\u1edbc Unilever PUREIT, M\u00e1y l\u1ecdc n\u01b0\u1edbc TRULIVA, WELLS, MUTOSI, HO\u00c0 PH\u00c1T, \u0110\u1ed3 \u0111i\u1ec7n gia d\u1ee5ng TEFAL, PHILIPS,\u2026\" \/>\n<meta property=\"og:url\" content=\"https:\/\/amafurni.vn\/en\/product\/ghe-giam-doc-ama-s296\/\" \/>\n<meta property=\"og:site_name\" content=\"AMAFURNI\" \/>\n<meta property=\"article:modified_time\" content=\"2026-03-28T09:14:23+00:00\" \/>\n<meta property=\"og:image\" content=\"https:\/\/amafurni.vn\/wp-content\/uploads\/2024\/05\/AMA-S296.jpg\" \/>\n\t<meta property=\"og:image:width\" content=\"800\" \/>\n\t<meta property=\"og:image:height\" content=\"800\" \/>\n\t<meta property=\"og:image:type\" content=\"image\/jpeg\" \/>\n<meta name=\"twitter:card\" content=\"summary_large_image\" \/>\n<meta name=\"twitter:label1\" content=\"Est. reading time\" \/>\n\t<meta name=\"twitter:data1\" content=\"1 minute\" \/>\n<script type=\"application\/ld+json\" class=\"yoast-schema-graph\">{\"@context\":\"https:\/\/schema.org\",\"@graph\":[{\"@type\":\"WebPage\",\"@id\":\"https:\/\/amafurni.vn\/san-pham\/ghe-giam-doc-ama-s296\/\",\"url\":\"https:\/\/amafurni.vn\/san-pham\/ghe-giam-doc-ama-s296\/\",\"name\":\"Gh\u1ebf gi\u00e1m \u0111\u1ed1c AMA-S296 - AMAFURNI\",\"isPartOf\":{\"@id\":\"https:\/\/amafurni.vn\/#website\"},\"datePublished\":\"2024-05-04T02:48:12+00:00\",\"dateModified\":\"2026-03-28T09:14:23+00:00\",\"description\":\"Hotline : 0286 2757601 - 0969919449 - 0906963408 . AMA Furniture l\u00e0 Nh\u00e0 Ph\u00e2n Ph\u1ed1i c\u00e1c s\u1ea3n ph\u1ea9m h\u00e0ng \u0111\u1ea7u t\u1ea1i Vi\u1ec7t Nam v\u1ec1 : N\u1ed9i th\u1ea5t b\u00e0n gh\u1ebf v\u0103n ph\u00f2ng, n\u1ed9i th\u1ea5t gia \u0111\u00ecnh, S\u1ea3n xu\u1ea5t thi c\u00f4ng n\u1ed9i th\u1ea5t theo y\u00eau c\u1ea7u , Nh\u00e0 ph\u00e2n ph\u1ed1i M\u00e1y l\u1ecdc n\u01b0\u1edbc Unilever PUREIT, M\u00e1y l\u1ecdc n\u01b0\u1edbc TRULIVA, WELLS, MUTOSI, HO\u00c0 PH\u00c1T, \u0110\u1ed3 \u0111i\u1ec7n gia d\u1ee5ng TEFAL, PHILIPS,\u2026\",\"breadcrumb\":{\"@id\":\"https:\/\/amafurni.vn\/san-pham\/ghe-giam-doc-ama-s296\/#breadcrumb\"},\"inLanguage\":\"en-US\",\"potentialAction\":[{\"@type\":\"ReadAction\",\"target\":[\"https:\/\/amafurni.vn\/san-pham\/ghe-giam-doc-ama-s296\/\"]}]},{\"@type\":\"BreadcrumbList\",\"@id\":\"https:\/\/amafurni.vn\/san-pham\/ghe-giam-doc-ama-s296\/#breadcrumb\",\"itemListElement\":[{\"@type\":\"ListItem\",\"position\":1,\"name\":\"Trang ch\u1ee7\",\"item\":\"https:\/\/amafurni.vn\/\"},{\"@type\":\"ListItem\",\"position\":2,\"name\":\"S\u1ea3n ph\u1ea9m\",\"item\":\"https:\/\/amafurni.vn\/san-pham\/\"},{\"@type\":\"ListItem\",\"position\":3,\"name\":\"Gh\u1ebf gi\u00e1m \u0111\u1ed1c AMA-S296\"}]},{\"@type\":\"WebSite\",\"@id\":\"https:\/\/amafurni.vn\/#website\",\"url\":\"https:\/\/amafurni.vn\/\",\"name\":\"AMAFURNI\",\"description\":\"\",\"potentialAction\":[{\"@type\":\"SearchAction\",\"target\":{\"@type\":\"EntryPoint\",\"urlTemplate\":\"https:\/\/amafurni.vn\/?s={search_term_string}\"},\"query-input\":\"required name=search_term_string\"}],\"inLanguage\":\"en-US\"}]}<\/script>\n<!-- \/ Yoast SEO Premium plugin. -->","yoast_head_json":{"title":"Gh\u1ebf gi\u00e1m \u0111\u1ed1c AMA-S296 - AMAFURNI","description":"Hotline : 0286 2757601 - 0969919449 - 0906963408 . AMA Furniture l\u00e0 Nh\u00e0 Ph\u00e2n Ph\u1ed1i c\u00e1c s\u1ea3n ph\u1ea9m h\u00e0ng \u0111\u1ea7u t\u1ea1i Vi\u1ec7t Nam v\u1ec1 : N\u1ed9i th\u1ea5t b\u00e0n gh\u1ebf v\u0103n ph\u00f2ng, n\u1ed9i th\u1ea5t gia \u0111\u00ecnh, S\u1ea3n xu\u1ea5t thi c\u00f4ng n\u1ed9i th\u1ea5t theo y\u00eau c\u1ea7u , Nh\u00e0 ph\u00e2n ph\u1ed1i M\u00e1y l\u1ecdc n\u01b0\u1edbc Unilever PUREIT, M\u00e1y l\u1ecdc n\u01b0\u1edbc TRULIVA, WELLS, MUTOSI, HO\u00c0 PH\u00c1T, \u0110\u1ed3 \u0111i\u1ec7n gia d\u1ee5ng TEFAL, PHILIPS,\u2026","robots":{"index":"index","follow":"follow","max-snippet":"max-snippet:-1","max-image-preview":"max-image-preview:large","max-video-preview":"max-video-preview:-1"},"canonical":"https:\/\/amafurni.vn\/en\/product\/ghe-giam-doc-ama-s296\/","og_locale":"en_US","og_type":"article","og_title":"Gh\u1ebf gi\u00e1m \u0111\u1ed1c AMA-S296","og_description":"Hotline : 0286 2757601 - 0969919449 - 0906963408 . AMA Furniture l\u00e0 Nh\u00e0 Ph\u00e2n Ph\u1ed1i c\u00e1c s\u1ea3n ph\u1ea9m h\u00e0ng \u0111\u1ea7u t\u1ea1i Vi\u1ec7t Nam v\u1ec1 : N\u1ed9i th\u1ea5t b\u00e0n gh\u1ebf v\u0103n ph\u00f2ng, n\u1ed9i th\u1ea5t gia \u0111\u00ecnh, S\u1ea3n xu\u1ea5t thi c\u00f4ng n\u1ed9i th\u1ea5t theo y\u00eau c\u1ea7u , Nh\u00e0 ph\u00e2n ph\u1ed1i M\u00e1y l\u1ecdc n\u01b0\u1edbc Unilever PUREIT, M\u00e1y l\u1ecdc n\u01b0\u1edbc TRULIVA, WELLS, MUTOSI, HO\u00c0 PH\u00c1T, \u0110\u1ed3 \u0111i\u1ec7n gia d\u1ee5ng TEFAL, PHILIPS,\u2026","og_url":"https:\/\/amafurni.vn\/en\/product\/ghe-giam-doc-ama-s296\/","og_site_name":"AMAFURNI","article_modified_time":"2026-03-28T09:14:23+00:00","og_image":[{"width":800,"height":800,"url":"https:\/\/amafurni.vn\/wp-content\/uploads\/2024\/05\/AMA-S296.jpg","type":"image\/jpeg"}],"twitter_card":"summary_large_image","twitter_misc":{"Est. reading time":"1 minute"},"schema":{"@context":"https:\/\/schema.org","@graph":[{"@type":"WebPage","@id":"https:\/\/amafurni.vn\/san-pham\/ghe-giam-doc-ama-s296\/","url":"https:\/\/amafurni.vn\/san-pham\/ghe-giam-doc-ama-s296\/","name":"Gh\u1ebf gi\u00e1m \u0111\u1ed1c AMA-S296 - AMAFURNI","isPartOf":{"@id":"https:\/\/amafurni.vn\/#website"},"datePublished":"2024-05-04T02:48:12+00:00","dateModified":"2026-03-28T09:14:23+00:00","description":"Hotline : 0286 2757601 - 0969919449 - 0906963408 . AMA Furniture l\u00e0 Nh\u00e0 Ph\u00e2n Ph\u1ed1i c\u00e1c s\u1ea3n ph\u1ea9m h\u00e0ng \u0111\u1ea7u t\u1ea1i Vi\u1ec7t Nam v\u1ec1 : N\u1ed9i th\u1ea5t b\u00e0n gh\u1ebf v\u0103n ph\u00f2ng, n\u1ed9i th\u1ea5t gia \u0111\u00ecnh, S\u1ea3n xu\u1ea5t thi c\u00f4ng n\u1ed9i th\u1ea5t theo y\u00eau c\u1ea7u , Nh\u00e0 ph\u00e2n ph\u1ed1i M\u00e1y l\u1ecdc n\u01b0\u1edbc Unilever PUREIT, M\u00e1y l\u1ecdc n\u01b0\u1edbc TRULIVA, WELLS, MUTOSI, HO\u00c0 PH\u00c1T, \u0110\u1ed3 \u0111i\u1ec7n gia d\u1ee5ng TEFAL, PHILIPS,\u2026","breadcrumb":{"@id":"https:\/\/amafurni.vn\/san-pham\/ghe-giam-doc-ama-s296\/#breadcrumb"},"inLanguage":"en-US","potentialAction":[{"@type":"ReadAction","target":["https:\/\/amafurni.vn\/san-pham\/ghe-giam-doc-ama-s296\/"]}]},{"@type":"BreadcrumbList","@id":"https:\/\/amafurni.vn\/san-pham\/ghe-giam-doc-ama-s296\/#breadcrumb","itemListElement":[{"@type":"ListItem","position":1,"name":"Trang ch\u1ee7","item":"https:\/\/amafurni.vn\/"},{"@type":"ListItem","position":2,"name":"S\u1ea3n ph\u1ea9m","item":"https:\/\/amafurni.vn\/san-pham\/"},{"@type":"ListItem","position":3,"name":"Gh\u1ebf gi\u00e1m \u0111\u1ed1c AMA-S296"}]},{"@type":"WebSite","@id":"https:\/\/amafurni.vn\/#website","url":"https:\/\/amafurni.vn\/","name":"AMAFURNI","description":"","potentialAction":[{"@type":"SearchAction","target":{"@type":"EntryPoint","urlTemplate":"https:\/\/amafurni.vn\/?s={search_term_string}"},"query-input":"required name=search_term_string"}],"inLanguage":"en-US"}]}},"_links":{"self":[{"href":"https:\/\/amafurni.vn\/en\/wp-json\/wp\/v2\/product\/12948"}],"collection":[{"href":"https:\/\/amafurni.vn\/en\/wp-json\/wp\/v2\/product"}],"about":[{"href":"https:\/\/amafurni.vn\/en\/wp-json\/wp\/v2\/types\/product"}],"replies":[{"embeddable":true,"href":"https:\/\/amafurni.vn\/en\/wp-json\/wp\/v2\/comments?post=12948"}],"wp:featuredmedia":[{"embeddable":true,"href":"https:\/\/amafurni.vn\/en\/wp-json\/wp\/v2\/media\/23546"}],"wp:attachment":[{"href":"https:\/\/amafurni.vn\/en\/wp-json\/wp\/v2\/media?parent=12948"}],"wp:term":[{"taxonomy":"product_cat","embeddable":true,"href":"https:\/\/amafurni.vn\/en\/wp-json\/wp\/v2\/product_cat?post=12948"},{"taxonomy":"product_tag","embeddable":true,"href":"https:\/\/amafurni.vn\/en\/wp-json\/wp\/v2\/product_tag?post=12948"}],"curies":[{"name":"wp","href":"https:\/\/api.w.org\/{rel}","templated":true}]}}