{"id":13043,"date":"2024-05-06T15:11:38","date_gmt":"2024-05-06T08:11:38","guid":{"rendered":"https:\/\/amafurni.vn\/?post_type=product&#038;p=13043"},"modified":"2025-11-12T14:13:06","modified_gmt":"2025-11-12T07:13:06","slug":"ghe-don-ama-d1-f","status":"publish","type":"product","link":"https:\/\/amafurni.vn\/en\/product\/ghe-don-ama-d1-f\/","title":{"rendered":"GH\u1ebe \u0110\u00d4N AMA-D1-F"},"content":{"rendered":"<p>&nbsp;<\/p>\n<table class=\"woocommerce-product-attributes shop_attributes\" style=\"width: 100.157%; height: 115px;\" width=\"929\">\n<tbody>\n<tr class=\"woocommerce-product-attributes-item woocommerce-product-attributes-item--attribute_season\" style=\"height: 23px;\">\n<th class=\"woocommerce-product-attributes-item__label\" style=\"width: 11.5054%; height: 23px;\">Material<\/th>\n<td class=\"woocommerce-product-attributes-item__value\" style=\"width: 117.634%; height: 23px;\">B\u1ecdc da cao c\u1ea5p c\u00f3 \u0111\u1ebf ch\u00e2n c\u00f3 \u0111\u1ecbnh \/ ho\u1eb7c \u0111\u1ebf ch\u00e2n inox xoay 360 \u0111\u1ed9.<\/td>\n<\/tr>\n<tr class=\"woocommerce-product-attributes-item woocommerce-product-attributes-item--attribute_pa_color\" style=\"height: 23px;\">\n<th class=\"woocommerce-product-attributes-item__label\" style=\"width: 11.5054%; height: 23px;\">M\u00e0u S\u1eafc<\/th>\n<td class=\"woocommerce-product-attributes-item__value\" style=\"width: 117.634%; height: 23px;\">X\u00e1m, Kem,Cam<\/td>\n<\/tr>\n<tr class=\"woocommerce-product-attributes-item woocommerce-product-attributes-item--attribute_style\" style=\"height: 23px;\">\n<th class=\"woocommerce-product-attributes-item__label\" style=\"width: 11.5054%; height: 23px;\">Size<\/th>\n<td class=\"woocommerce-product-attributes-item__value\" style=\"width: 117.634%; height: 23px;\">42*41*58<\/td>\n<\/tr>\n<tr class=\"woocommerce-product-attributes-item woocommerce-product-attributes-item--attribute_pa_material\" style=\"height: 23px;\">\n<th class=\"woocommerce-product-attributes-item__label\" style=\"width: 11.5054%; height: 23px;\">T\u00ednh N\u0103ng<\/th>\n<td class=\"woocommerce-product-attributes-item__value\" style=\"width: 117.634%; height: 23px;\">Ng\u1ed3i c\u1ed1 \u0111\u1ecbnh\/ Trang tr\u00ed th\u1eddi trang.<\/td>\n<\/tr>\n<tr class=\"woocommerce-product-attributes-item woocommerce-product-attributes-item--attribute_item-code\" style=\"height: 23px;\">\n<th class=\"woocommerce-product-attributes-item__label\" style=\"width: 11.5054%; height: 23px;\">B\u1ea3o H\u00e0nh<\/th>\n<td class=\"woocommerce-product-attributes-item__value\" style=\"width: 117.634%; height: 23px;\">\u00a006 th\u00e1ng<\/td>\n<\/tr>\n<\/tbody>\n<\/table>\n<p>D<\/p>","protected":false},"excerpt":{"rendered":"<p><strong>Gh\u1ebf \u0110\u00f4n th\u1eddi trang <\/strong>l\u00e0 1 m\u1eabu gh\u1ebf nh\u1eadp kh\u1ea9u tr\u1ef1c ti\u1ebfp c\u1ee7a\u00a0<strong>N\u1ed8I TH\u1ea4T AMA FURNITURE<\/strong>\u00a0, v\u1edbi thi\u1ebft k\u1ebf tinh t\u1ebf , t\u1ed1i gian t\u1ea1o n\u00ean v\u1ebb \u0111\u1eb9p sang tr\u1ecdng cho kh\u00f4ng gian L\u00e0m vi\u1ec7c, V\u0103n ph\u00f2ng, C\u00f4ng ty v.v.<\/p>\n<ul>\n<li>M\u00e3 SP : AMA-D1-F<\/li>\n<li>Ch\u1ea5t li\u1ec7u :B\u1ecdc da cao c\u1ea5p c\u00f3 \u0111\u1ebf ch\u00e2n c\u00f3 \u0111\u1ecbnh \/ ho\u1eb7c \u0111\u1ebf ch\u00e2n inox xoay 360 \u0111\u1ed9.<\/li>\n<li>M\u00e0u s\u1eafc :X\u00e1m, Kem,Cam<br \/>\nT\u00ednh n\u0103ng :<\/p>\n<ul>\n<li>Ch\u1ea5t l\u01b0\u1ee3ng b\u1ec1n ch\u1eafc, s\u1eed d\u1ee5ng l\u00e2u d\u00e0i<\/li>\n<li>D\u1ec5 d\u00e0ng lau ch\u00f9i, v\u1ec7 sinh<\/li>\n<li>Ch\u1ed1ng va \u0111\u1eadp t\u1ed1t, m\u00e0u s\u1eafc s\u1ed1ng \u0111\u1ed9ng<\/li>\n<\/ul>\n<ul>\n<li>M\u1eb7t gh\u1ebf thi\u1ebft k\u1ebf tinh t\u1ebf d\u1ec5 ng\u1ed3i<\/li>\n<\/ul>\n<\/li>\n<\/ul>","protected":false},"featured_media":13026,"comment_status":"closed","ping_status":"closed","template":"","meta":[],"product_cat":[94,405,106],"product_tag":[406],"yoast_head":"<!-- This site is optimized with the Yoast SEO Premium plugin v21.7 (Yoast SEO v21.7) - https:\/\/yoast.com\/wordpress\/plugins\/seo\/ -->\n<title>GH\u1ebe \u0110\u00d4N AMA-D1-F - AMAFURNI<\/title>\n<meta name=\"robots\" content=\"index, follow, max-snippet:-1, max-image-preview:large, max-video-preview:-1\" \/>\n<link rel=\"canonical\" href=\"https:\/\/amafurni.vn\/en\/product\/ghe-don-ama-d1-f\/\" \/>\n<meta property=\"og:locale\" content=\"en_US\" \/>\n<meta property=\"og:type\" content=\"article\" \/>\n<meta property=\"og:title\" content=\"GH\u1ebe \u0110\u00d4N AMA-D1-F\" \/>\n<meta property=\"og:description\" content=\"Gh\u1ebf \u0110\u00f4n th\u1eddi trang l\u00e0 1 m\u1eabu gh\u1ebf nh\u1eadp kh\u1ea9u tr\u1ef1c ti\u1ebfp c\u1ee7a\u00a0N\u1ed8I TH\u1ea4T AMA FURNITURE\u00a0, v\u1edbi thi\u1ebft k\u1ebf tinh t\u1ebf , t\u1ed1i gian t\u1ea1o n\u00ean v\u1ebb \u0111\u1eb9p sang tr\u1ecdng cho kh\u00f4ng gian L\u00e0m vi\u1ec7c, V\u0103n ph\u00f2ng, C\u00f4ng ty v.v.   M\u00e3 SP : AMA-D1-F  Ch\u1ea5t li\u1ec7u :B\u1ecdc da cao c\u1ea5p c\u00f3 \u0111\u1ebf ch\u00e2n c\u00f3 \u0111\u1ecbnh \/ ho\u1eb7c \u0111\u1ebf ch\u00e2n inox xoay 360 \u0111\u1ed9.  M\u00e0u s\u1eafc :X\u00e1m, Kem,Cam T\u00ednh n\u0103ng :   Ch\u1ea5t l\u01b0\u1ee3ng b\u1ec1n ch\u1eafc, s\u1eed d\u1ee5ng l\u00e2u d\u00e0i  D\u1ec5 d\u00e0ng lau ch\u00f9i, v\u1ec7 sinh  Ch\u1ed1ng va \u0111\u1eadp t\u1ed1t, m\u00e0u s\u1eafc s\u1ed1ng \u0111\u1ed9ng    M\u1eb7t gh\u1ebf thi\u1ebft k\u1ebf tinh t\u1ebf d\u1ec5 ng\u1ed3i\" \/>\n<meta property=\"og:url\" content=\"https:\/\/amafurni.vn\/en\/product\/ghe-don-ama-d1-f\/\" \/>\n<meta property=\"og:site_name\" content=\"AMAFURNI\" \/>\n<meta property=\"article:modified_time\" content=\"2025-11-12T07:13:06+00:00\" \/>\n<meta property=\"og:image\" content=\"https:\/\/amafurni.vn\/wp-content\/uploads\/2024\/05\/z4215614707328_58b9524c95c8fa13650c43c0f2858288.jpg\" \/>\n\t<meta property=\"og:image:width\" content=\"750\" \/>\n\t<meta property=\"og:image:height\" content=\"1000\" \/>\n\t<meta property=\"og:image:type\" content=\"image\/jpeg\" \/>\n<meta name=\"twitter:card\" content=\"summary_large_image\" \/>\n<meta name=\"twitter:label1\" content=\"Est. reading time\" \/>\n\t<meta name=\"twitter:data1\" content=\"1 minute\" \/>\n<script type=\"application\/ld+json\" class=\"yoast-schema-graph\">{\"@context\":\"https:\/\/schema.org\",\"@graph\":[{\"@type\":\"WebPage\",\"@id\":\"https:\/\/amafurni.vn\/san-pham\/ghe-don-ama-d1-f\/\",\"url\":\"https:\/\/amafurni.vn\/san-pham\/ghe-don-ama-d1-f\/\",\"name\":\"GH\u1ebe \u0110\u00d4N AMA-D1-F - AMAFURNI\",\"isPartOf\":{\"@id\":\"https:\/\/amafurni.vn\/#website\"},\"datePublished\":\"2024-05-06T08:11:38+00:00\",\"dateModified\":\"2025-11-12T07:13:06+00:00\",\"breadcrumb\":{\"@id\":\"https:\/\/amafurni.vn\/san-pham\/ghe-don-ama-d1-f\/#breadcrumb\"},\"inLanguage\":\"en-US\",\"potentialAction\":[{\"@type\":\"ReadAction\",\"target\":[\"https:\/\/amafurni.vn\/san-pham\/ghe-don-ama-d1-f\/\"]}]},{\"@type\":\"BreadcrumbList\",\"@id\":\"https:\/\/amafurni.vn\/san-pham\/ghe-don-ama-d1-f\/#breadcrumb\",\"itemListElement\":[{\"@type\":\"ListItem\",\"position\":1,\"name\":\"Trang ch\u1ee7\",\"item\":\"https:\/\/amafurni.vn\/\"},{\"@type\":\"ListItem\",\"position\":2,\"name\":\"S\u1ea3n ph\u1ea9m\",\"item\":\"https:\/\/amafurni.vn\/san-pham\/\"},{\"@type\":\"ListItem\",\"position\":3,\"name\":\"GH\u1ebe \u0110\u00d4N AMA-D1-F\"}]},{\"@type\":\"WebSite\",\"@id\":\"https:\/\/amafurni.vn\/#website\",\"url\":\"https:\/\/amafurni.vn\/\",\"name\":\"AMAFURNI\",\"description\":\"\",\"potentialAction\":[{\"@type\":\"SearchAction\",\"target\":{\"@type\":\"EntryPoint\",\"urlTemplate\":\"https:\/\/amafurni.vn\/?s={search_term_string}\"},\"query-input\":\"required name=search_term_string\"}],\"inLanguage\":\"en-US\"}]}<\/script>\n<!-- \/ Yoast SEO Premium plugin. -->","yoast_head_json":{"title":"GH\u1ebe \u0110\u00d4N AMA-D1-F - AMAFURNI","robots":{"index":"index","follow":"follow","max-snippet":"max-snippet:-1","max-image-preview":"max-image-preview:large","max-video-preview":"max-video-preview:-1"},"canonical":"https:\/\/amafurni.vn\/en\/product\/ghe-don-ama-d1-f\/","og_locale":"en_US","og_type":"article","og_title":"GH\u1ebe \u0110\u00d4N AMA-D1-F","og_description":"Gh\u1ebf \u0110\u00f4n th\u1eddi trang l\u00e0 1 m\u1eabu gh\u1ebf nh\u1eadp kh\u1ea9u tr\u1ef1c ti\u1ebfp c\u1ee7a\u00a0N\u1ed8I TH\u1ea4T AMA FURNITURE\u00a0, v\u1edbi thi\u1ebft k\u1ebf tinh t\u1ebf , t\u1ed1i gian t\u1ea1o n\u00ean v\u1ebb \u0111\u1eb9p sang tr\u1ecdng cho kh\u00f4ng gian L\u00e0m vi\u1ec7c, V\u0103n ph\u00f2ng, C\u00f4ng ty v.v.   M\u00e3 SP : AMA-D1-F  Ch\u1ea5t li\u1ec7u :B\u1ecdc da cao c\u1ea5p c\u00f3 \u0111\u1ebf ch\u00e2n c\u00f3 \u0111\u1ecbnh \/ ho\u1eb7c \u0111\u1ebf ch\u00e2n inox xoay 360 \u0111\u1ed9.  M\u00e0u s\u1eafc :X\u00e1m, Kem,Cam T\u00ednh n\u0103ng :   Ch\u1ea5t l\u01b0\u1ee3ng b\u1ec1n ch\u1eafc, s\u1eed d\u1ee5ng l\u00e2u d\u00e0i  D\u1ec5 d\u00e0ng lau ch\u00f9i, v\u1ec7 sinh  Ch\u1ed1ng va \u0111\u1eadp t\u1ed1t, m\u00e0u s\u1eafc s\u1ed1ng \u0111\u1ed9ng    M\u1eb7t gh\u1ebf thi\u1ebft k\u1ebf tinh t\u1ebf d\u1ec5 ng\u1ed3i","og_url":"https:\/\/amafurni.vn\/en\/product\/ghe-don-ama-d1-f\/","og_site_name":"AMAFURNI","article_modified_time":"2025-11-12T07:13:06+00:00","og_image":[{"width":750,"height":1000,"url":"https:\/\/amafurni.vn\/wp-content\/uploads\/2024\/05\/z4215614707328_58b9524c95c8fa13650c43c0f2858288.jpg","type":"image\/jpeg"}],"twitter_card":"summary_large_image","twitter_misc":{"Est. reading time":"1 minute"},"schema":{"@context":"https:\/\/schema.org","@graph":[{"@type":"WebPage","@id":"https:\/\/amafurni.vn\/san-pham\/ghe-don-ama-d1-f\/","url":"https:\/\/amafurni.vn\/san-pham\/ghe-don-ama-d1-f\/","name":"GH\u1ebe \u0110\u00d4N AMA-D1-F - AMAFURNI","isPartOf":{"@id":"https:\/\/amafurni.vn\/#website"},"datePublished":"2024-05-06T08:11:38+00:00","dateModified":"2025-11-12T07:13:06+00:00","breadcrumb":{"@id":"https:\/\/amafurni.vn\/san-pham\/ghe-don-ama-d1-f\/#breadcrumb"},"inLanguage":"en-US","potentialAction":[{"@type":"ReadAction","target":["https:\/\/amafurni.vn\/san-pham\/ghe-don-ama-d1-f\/"]}]},{"@type":"BreadcrumbList","@id":"https:\/\/amafurni.vn\/san-pham\/ghe-don-ama-d1-f\/#breadcrumb","itemListElement":[{"@type":"ListItem","position":1,"name":"Trang ch\u1ee7","item":"https:\/\/amafurni.vn\/"},{"@type":"ListItem","position":2,"name":"S\u1ea3n ph\u1ea9m","item":"https:\/\/amafurni.vn\/san-pham\/"},{"@type":"ListItem","position":3,"name":"GH\u1ebe \u0110\u00d4N AMA-D1-F"}]},{"@type":"WebSite","@id":"https:\/\/amafurni.vn\/#website","url":"https:\/\/amafurni.vn\/","name":"AMAFURNI","description":"","potentialAction":[{"@type":"SearchAction","target":{"@type":"EntryPoint","urlTemplate":"https:\/\/amafurni.vn\/?s={search_term_string}"},"query-input":"required name=search_term_string"}],"inLanguage":"en-US"}]}},"_links":{"self":[{"href":"https:\/\/amafurni.vn\/en\/wp-json\/wp\/v2\/product\/13043"}],"collection":[{"href":"https:\/\/amafurni.vn\/en\/wp-json\/wp\/v2\/product"}],"about":[{"href":"https:\/\/amafurni.vn\/en\/wp-json\/wp\/v2\/types\/product"}],"replies":[{"embeddable":true,"href":"https:\/\/amafurni.vn\/en\/wp-json\/wp\/v2\/comments?post=13043"}],"wp:featuredmedia":[{"embeddable":true,"href":"https:\/\/amafurni.vn\/en\/wp-json\/wp\/v2\/media\/13026"}],"wp:attachment":[{"href":"https:\/\/amafurni.vn\/en\/wp-json\/wp\/v2\/media?parent=13043"}],"wp:term":[{"taxonomy":"product_cat","embeddable":true,"href":"https:\/\/amafurni.vn\/en\/wp-json\/wp\/v2\/product_cat?post=13043"},{"taxonomy":"product_tag","embeddable":true,"href":"https:\/\/amafurni.vn\/en\/wp-json\/wp\/v2\/product_tag?post=13043"}],"curies":[{"name":"wp","href":"https:\/\/api.w.org\/{rel}","templated":true}]}}