{"id":13445,"date":"2024-05-11T08:41:34","date_gmt":"2024-05-11T01:41:34","guid":{"rendered":"https:\/\/amafurni.vn\/?post_type=product&#038;p=13445"},"modified":"2026-03-31T12:03:38","modified_gmt":"2026-03-31T05:03:38","slug":"ama-272","status":"publish","type":"product","link":"https:\/\/amafurni.vn\/en\/product\/ama-272\/","title":{"rendered":"Gh\u1ebf Bar Makeup AMA-272"},"content":{"rendered":"<table class=\"woocommerce-product-attributes shop_attributes\" style=\"width: 99.8206%; height: 284px;\" width=\"929\">\n<tbody>\n<tr class=\"woocommerce-product-attributes-item woocommerce-product-attributes-item--attribute_season\" style=\"height: 24px;\">\n<th class=\"woocommerce-product-attributes-item__label\" style=\"height: 24px; width: 17.742715%;\">Material<\/th>\n<td class=\"woocommerce-product-attributes-item__value\" style=\"height: 24px; width: 80.419485%;\">Khung l\u01b0ng G\u1ed7, B\u1ecdc v\u1ea3i n\u1ec9, \u00a0Ch\u00e2n th\u00e9p s\u01a1n gi\u1ea3 g\u1ed7.<\/td>\n<\/tr>\n<tr class=\"woocommerce-product-attributes-item woocommerce-product-attributes-item--attribute_pa_color\" style=\"height: 24px;\">\n<th class=\"woocommerce-product-attributes-item__label\" style=\"height: 24px; width: 17.742715%;\">M\u00e0u S\u1eafc<\/th>\n<td class=\"woocommerce-product-attributes-item__value\" style=\"height: 24px; width: 80.419485%;\">X\u00e1m, Kem<\/td>\n<\/tr>\n<tr class=\"woocommerce-product-attributes-item woocommerce-product-attributes-item--attribute_style\" style=\"height: 24px;\">\n<th class=\"woocommerce-product-attributes-item__label\" style=\"height: 24px; width: 17.742715%;\">Size<\/th>\n<td class=\"woocommerce-product-attributes-item__value\" style=\"height: 24px; width: 80.419485%;\">460*490*950mm.<\/p>\n<p>T\u1eeb \u0111\u1ea5t l\u00ean n\u1ec7m ng\u1ed3i : 750mm<\/td>\n<\/tr>\n<tr class=\"woocommerce-product-attributes-item woocommerce-product-attributes-item--attribute_pa_material\" style=\"height: 24px;\">\n<th class=\"woocommerce-product-attributes-item__label\" style=\"height: 24px; width: 17.742715%;\">T\u00ednh N\u0103ng<\/th>\n<td class=\"woocommerce-product-attributes-item__value\" style=\"height: 24px; width: 80.419485%;\">Ng\u1ed3i c\u1ed1 \u0111\u1ecbnh<\/td>\n<\/tr>\n<tr class=\"woocommerce-product-attributes-item woocommerce-product-attributes-item--attribute_item-code\" style=\"height: 24px;\">\n<th class=\"woocommerce-product-attributes-item__label\" style=\"height: 24px; width: 17.742715%;\">B\u1ea3o H\u00e0nh<\/th>\n<td class=\"woocommerce-product-attributes-item__value\" style=\"height: 24px; width: 80.419485%;\">1 n\u0103m<\/td>\n<\/tr>\n<\/tbody>\n<\/table>","protected":false},"excerpt":{"rendered":"<p><strong>Gh\u1ebf Qu\u1ea7y Bar<\/strong> Makeup c\u00f3 nhi\u1ec1u \u1ee9ng d\u1ee5ng th\u1ef1c t\u1ebf t\u1ea1i c\u00e1c kh\u00f4ng gian : Nh\u00e0 h\u00e0ng, kh\u00e1ch s\u1ea1n, ti\u1ec7m l\u00e0m t\u00f3c, ti\u1ec7m Spa, Studio trang \u0111i\u1ec3m , Studio \u00e1o c\u01b0\u1edbi, qu\u1ea7y l\u1ec5 t\u00e2n, qu\u1ea7y t\u00ednh ti\u1ec1n, qu\u1ea7y thu\u1ed1c, \u0111\u1ea3o b\u1ebfp gia \u0111\u00ecnh, khu v\u1ef1c Pantry,\u2026<\/p>\n<p>V\u1edbi \u0111a d\u1ea1ng m\u00e0u s\u1eafc, ch\u1ee7ng lo\u1ea1i, ki\u1ec3u d\u00e1ng n\u1ed5i b\u1eadt kh\u00e1c nhau, Gh\u1ebf qu\u1ea7y Bar lu\u00f4n mang \u0111\u1ebfn s\u1ef1 trang ho\u00e0ng \u0111\u1eb7c bi\u1ec7c cho c\u00e1c kh\u00f4ng gian n\u1ed9i th\u1ea5t.<\/p>\n<p>AMA Furniture t\u1ef1 h\u00e0o l\u00e0 \u0111\u01a1n v\u1ecb ph\u00e2n ph\u1ed1i h\u00e0ng \u0111\u1ea7u t\u1ea1i Vi\u1ec7t Nam v\u1ec1 d\u00f2ng s\u1ea3n ph\u1ea9m Gh\u1ebf qu\u1ea7y Bar Gh\u1ebf Makeup nh\u1eadp kh\u1ea9u.<\/p>","protected":false},"featured_media":13446,"comment_status":"closed","ping_status":"closed","template":"","meta":[],"product_cat":[100,103],"product_tag":[178],"yoast_head":"<!-- This site is optimized with the Yoast SEO Premium plugin v21.7 (Yoast SEO v21.7) - https:\/\/yoast.com\/wordpress\/plugins\/seo\/ -->\n<title>Gh\u1ebf Bar Makeup AMA-272 - AMAFURNI<\/title>\n<meta name=\"description\" content=\"Hotline : 0286 2757601 - 0969919449 - 0906963408 . AMA Furniture l\u00e0 Nh\u00e0 Ph\u00e2n Ph\u1ed1i c\u00e1c s\u1ea3n ph\u1ea9m h\u00e0ng \u0111\u1ea7u t\u1ea1i Vi\u1ec7t Nam v\u1ec1 : N\u1ed9i th\u1ea5t b\u00e0n gh\u1ebf v\u0103n ph\u00f2ng, n\u1ed9i th\u1ea5t gia \u0111\u00ecnh, S\u1ea3n xu\u1ea5t thi c\u00f4ng n\u1ed9i th\u1ea5t theo y\u00eau c\u1ea7u , Nh\u00e0 ph\u00e2n ph\u1ed1i M\u00e1y l\u1ecdc n\u01b0\u1edbc Unilever PUREIT, M\u00e1y l\u1ecdc n\u01b0\u1edbc TRULIVA, WELLS, MUTOSI, HO\u00c0 PH\u00c1T, \u0110\u1ed3 \u0111i\u1ec7n gia d\u1ee5ng TEFAL, PHILIPS,\u2026\" \/>\n<meta name=\"robots\" content=\"index, follow, max-snippet:-1, max-image-preview:large, max-video-preview:-1\" \/>\n<link rel=\"canonical\" href=\"https:\/\/amafurni.vn\/en\/product\/ama-272\/\" \/>\n<meta property=\"og:locale\" content=\"en_US\" \/>\n<meta property=\"og:type\" content=\"article\" \/>\n<meta property=\"og:title\" content=\"Gh\u1ebf Bar Makeup AMA-272\" \/>\n<meta property=\"og:description\" content=\"Hotline : 0286 2757601 - 0969919449 - 0906963408 . AMA Furniture l\u00e0 Nh\u00e0 Ph\u00e2n Ph\u1ed1i c\u00e1c s\u1ea3n ph\u1ea9m h\u00e0ng \u0111\u1ea7u t\u1ea1i Vi\u1ec7t Nam v\u1ec1 : N\u1ed9i th\u1ea5t b\u00e0n gh\u1ebf v\u0103n ph\u00f2ng, n\u1ed9i th\u1ea5t gia \u0111\u00ecnh, S\u1ea3n xu\u1ea5t thi c\u00f4ng n\u1ed9i th\u1ea5t theo y\u00eau c\u1ea7u , Nh\u00e0 ph\u00e2n ph\u1ed1i M\u00e1y l\u1ecdc n\u01b0\u1edbc Unilever PUREIT, M\u00e1y l\u1ecdc n\u01b0\u1edbc TRULIVA, WELLS, MUTOSI, HO\u00c0 PH\u00c1T, \u0110\u1ed3 \u0111i\u1ec7n gia d\u1ee5ng TEFAL, PHILIPS,\u2026\" \/>\n<meta property=\"og:url\" content=\"https:\/\/amafurni.vn\/en\/product\/ama-272\/\" \/>\n<meta property=\"og:site_name\" content=\"AMAFURNI\" \/>\n<meta property=\"article:modified_time\" content=\"2026-03-31T05:03:38+00:00\" \/>\n<meta property=\"og:image\" content=\"https:\/\/amafurni.vn\/wp-content\/uploads\/2024\/05\/IMG_4747.jpeg\" \/>\n\t<meta property=\"og:image:width\" content=\"926\" \/>\n\t<meta property=\"og:image:height\" content=\"923\" \/>\n\t<meta property=\"og:image:type\" content=\"image\/jpeg\" \/>\n<meta name=\"twitter:card\" content=\"summary_large_image\" \/>\n<meta name=\"twitter:label1\" content=\"Est. reading time\" \/>\n\t<meta name=\"twitter:data1\" content=\"1 minute\" \/>\n<script type=\"application\/ld+json\" class=\"yoast-schema-graph\">{\"@context\":\"https:\/\/schema.org\",\"@graph\":[{\"@type\":\"WebPage\",\"@id\":\"https:\/\/amafurni.vn\/san-pham\/ama-272\/\",\"url\":\"https:\/\/amafurni.vn\/san-pham\/ama-272\/\",\"name\":\"Gh\u1ebf Bar Makeup AMA-272 - AMAFURNI\",\"isPartOf\":{\"@id\":\"https:\/\/amafurni.vn\/#website\"},\"datePublished\":\"2024-05-11T01:41:34+00:00\",\"dateModified\":\"2026-03-31T05:03:38+00:00\",\"description\":\"Hotline : 0286 2757601 - 0969919449 - 0906963408 . AMA Furniture l\u00e0 Nh\u00e0 Ph\u00e2n Ph\u1ed1i c\u00e1c s\u1ea3n ph\u1ea9m h\u00e0ng \u0111\u1ea7u t\u1ea1i Vi\u1ec7t Nam v\u1ec1 : N\u1ed9i th\u1ea5t b\u00e0n gh\u1ebf v\u0103n ph\u00f2ng, n\u1ed9i th\u1ea5t gia \u0111\u00ecnh, S\u1ea3n xu\u1ea5t thi c\u00f4ng n\u1ed9i th\u1ea5t theo y\u00eau c\u1ea7u , Nh\u00e0 ph\u00e2n ph\u1ed1i M\u00e1y l\u1ecdc n\u01b0\u1edbc Unilever PUREIT, M\u00e1y l\u1ecdc n\u01b0\u1edbc TRULIVA, WELLS, MUTOSI, HO\u00c0 PH\u00c1T, \u0110\u1ed3 \u0111i\u1ec7n gia d\u1ee5ng TEFAL, PHILIPS,\u2026\",\"breadcrumb\":{\"@id\":\"https:\/\/amafurni.vn\/san-pham\/ama-272\/#breadcrumb\"},\"inLanguage\":\"en-US\",\"potentialAction\":[{\"@type\":\"ReadAction\",\"target\":[\"https:\/\/amafurni.vn\/san-pham\/ama-272\/\"]}]},{\"@type\":\"BreadcrumbList\",\"@id\":\"https:\/\/amafurni.vn\/san-pham\/ama-272\/#breadcrumb\",\"itemListElement\":[{\"@type\":\"ListItem\",\"position\":1,\"name\":\"Trang ch\u1ee7\",\"item\":\"https:\/\/amafurni.vn\/\"},{\"@type\":\"ListItem\",\"position\":2,\"name\":\"S\u1ea3n ph\u1ea9m\",\"item\":\"https:\/\/amafurni.vn\/san-pham\/\"},{\"@type\":\"ListItem\",\"position\":3,\"name\":\"Gh\u1ebf Bar Makeup AMA-272\"}]},{\"@type\":\"WebSite\",\"@id\":\"https:\/\/amafurni.vn\/#website\",\"url\":\"https:\/\/amafurni.vn\/\",\"name\":\"AMAFURNI\",\"description\":\"\",\"potentialAction\":[{\"@type\":\"SearchAction\",\"target\":{\"@type\":\"EntryPoint\",\"urlTemplate\":\"https:\/\/amafurni.vn\/?s={search_term_string}\"},\"query-input\":\"required name=search_term_string\"}],\"inLanguage\":\"en-US\"}]}<\/script>\n<!-- \/ Yoast SEO Premium plugin. -->","yoast_head_json":{"title":"Gh\u1ebf Bar Makeup AMA-272 - AMAFURNI","description":"Hotline : 0286 2757601 - 0969919449 - 0906963408 . AMA Furniture l\u00e0 Nh\u00e0 Ph\u00e2n Ph\u1ed1i c\u00e1c s\u1ea3n ph\u1ea9m h\u00e0ng \u0111\u1ea7u t\u1ea1i Vi\u1ec7t Nam v\u1ec1 : N\u1ed9i th\u1ea5t b\u00e0n gh\u1ebf v\u0103n ph\u00f2ng, n\u1ed9i th\u1ea5t gia \u0111\u00ecnh, S\u1ea3n xu\u1ea5t thi c\u00f4ng n\u1ed9i th\u1ea5t theo y\u00eau c\u1ea7u , Nh\u00e0 ph\u00e2n ph\u1ed1i M\u00e1y l\u1ecdc n\u01b0\u1edbc Unilever PUREIT, M\u00e1y l\u1ecdc n\u01b0\u1edbc TRULIVA, WELLS, MUTOSI, HO\u00c0 PH\u00c1T, \u0110\u1ed3 \u0111i\u1ec7n gia d\u1ee5ng TEFAL, PHILIPS,\u2026","robots":{"index":"index","follow":"follow","max-snippet":"max-snippet:-1","max-image-preview":"max-image-preview:large","max-video-preview":"max-video-preview:-1"},"canonical":"https:\/\/amafurni.vn\/en\/product\/ama-272\/","og_locale":"en_US","og_type":"article","og_title":"Gh\u1ebf Bar Makeup AMA-272","og_description":"Hotline : 0286 2757601 - 0969919449 - 0906963408 . AMA Furniture l\u00e0 Nh\u00e0 Ph\u00e2n Ph\u1ed1i c\u00e1c s\u1ea3n ph\u1ea9m h\u00e0ng \u0111\u1ea7u t\u1ea1i Vi\u1ec7t Nam v\u1ec1 : N\u1ed9i th\u1ea5t b\u00e0n gh\u1ebf v\u0103n ph\u00f2ng, n\u1ed9i th\u1ea5t gia \u0111\u00ecnh, S\u1ea3n xu\u1ea5t thi c\u00f4ng n\u1ed9i th\u1ea5t theo y\u00eau c\u1ea7u , Nh\u00e0 ph\u00e2n ph\u1ed1i M\u00e1y l\u1ecdc n\u01b0\u1edbc Unilever PUREIT, M\u00e1y l\u1ecdc n\u01b0\u1edbc TRULIVA, WELLS, MUTOSI, HO\u00c0 PH\u00c1T, \u0110\u1ed3 \u0111i\u1ec7n gia d\u1ee5ng TEFAL, PHILIPS,\u2026","og_url":"https:\/\/amafurni.vn\/en\/product\/ama-272\/","og_site_name":"AMAFURNI","article_modified_time":"2026-03-31T05:03:38+00:00","og_image":[{"width":926,"height":923,"url":"https:\/\/amafurni.vn\/wp-content\/uploads\/2024\/05\/IMG_4747.jpeg","type":"image\/jpeg"}],"twitter_card":"summary_large_image","twitter_misc":{"Est. reading time":"1 minute"},"schema":{"@context":"https:\/\/schema.org","@graph":[{"@type":"WebPage","@id":"https:\/\/amafurni.vn\/san-pham\/ama-272\/","url":"https:\/\/amafurni.vn\/san-pham\/ama-272\/","name":"Gh\u1ebf Bar Makeup AMA-272 - AMAFURNI","isPartOf":{"@id":"https:\/\/amafurni.vn\/#website"},"datePublished":"2024-05-11T01:41:34+00:00","dateModified":"2026-03-31T05:03:38+00:00","description":"Hotline : 0286 2757601 - 0969919449 - 0906963408 . AMA Furniture l\u00e0 Nh\u00e0 Ph\u00e2n Ph\u1ed1i c\u00e1c s\u1ea3n ph\u1ea9m h\u00e0ng \u0111\u1ea7u t\u1ea1i Vi\u1ec7t Nam v\u1ec1 : N\u1ed9i th\u1ea5t b\u00e0n gh\u1ebf v\u0103n ph\u00f2ng, n\u1ed9i th\u1ea5t gia \u0111\u00ecnh, S\u1ea3n xu\u1ea5t thi c\u00f4ng n\u1ed9i th\u1ea5t theo y\u00eau c\u1ea7u , Nh\u00e0 ph\u00e2n ph\u1ed1i M\u00e1y l\u1ecdc n\u01b0\u1edbc Unilever PUREIT, M\u00e1y l\u1ecdc n\u01b0\u1edbc TRULIVA, WELLS, MUTOSI, HO\u00c0 PH\u00c1T, \u0110\u1ed3 \u0111i\u1ec7n gia d\u1ee5ng TEFAL, PHILIPS,\u2026","breadcrumb":{"@id":"https:\/\/amafurni.vn\/san-pham\/ama-272\/#breadcrumb"},"inLanguage":"en-US","potentialAction":[{"@type":"ReadAction","target":["https:\/\/amafurni.vn\/san-pham\/ama-272\/"]}]},{"@type":"BreadcrumbList","@id":"https:\/\/amafurni.vn\/san-pham\/ama-272\/#breadcrumb","itemListElement":[{"@type":"ListItem","position":1,"name":"Trang ch\u1ee7","item":"https:\/\/amafurni.vn\/"},{"@type":"ListItem","position":2,"name":"S\u1ea3n ph\u1ea9m","item":"https:\/\/amafurni.vn\/san-pham\/"},{"@type":"ListItem","position":3,"name":"Gh\u1ebf Bar Makeup AMA-272"}]},{"@type":"WebSite","@id":"https:\/\/amafurni.vn\/#website","url":"https:\/\/amafurni.vn\/","name":"AMAFURNI","description":"","potentialAction":[{"@type":"SearchAction","target":{"@type":"EntryPoint","urlTemplate":"https:\/\/amafurni.vn\/?s={search_term_string}"},"query-input":"required name=search_term_string"}],"inLanguage":"en-US"}]}},"_links":{"self":[{"href":"https:\/\/amafurni.vn\/en\/wp-json\/wp\/v2\/product\/13445"}],"collection":[{"href":"https:\/\/amafurni.vn\/en\/wp-json\/wp\/v2\/product"}],"about":[{"href":"https:\/\/amafurni.vn\/en\/wp-json\/wp\/v2\/types\/product"}],"replies":[{"embeddable":true,"href":"https:\/\/amafurni.vn\/en\/wp-json\/wp\/v2\/comments?post=13445"}],"wp:featuredmedia":[{"embeddable":true,"href":"https:\/\/amafurni.vn\/en\/wp-json\/wp\/v2\/media\/13446"}],"wp:attachment":[{"href":"https:\/\/amafurni.vn\/en\/wp-json\/wp\/v2\/media?parent=13445"}],"wp:term":[{"taxonomy":"product_cat","embeddable":true,"href":"https:\/\/amafurni.vn\/en\/wp-json\/wp\/v2\/product_cat?post=13445"},{"taxonomy":"product_tag","embeddable":true,"href":"https:\/\/amafurni.vn\/en\/wp-json\/wp\/v2\/product_tag?post=13445"}],"curies":[{"name":"wp","href":"https:\/\/api.w.org\/{rel}","templated":true}]}}