{"id":13635,"date":"2024-05-13T10:57:14","date_gmt":"2024-05-13T03:57:14","guid":{"rendered":"https:\/\/amafurni.vn\/?post_type=product&#038;p=13635"},"modified":"2026-01-09T15:19:47","modified_gmt":"2026-01-09T08:19:47","slug":"ama-x2","status":"publish","type":"product","link":"https:\/\/amafurni.vn\/en\/product\/ama-x2\/","title":{"rendered":"Gh\u1ebf coffee g\u1ea5p x\u1ebfp AMA-X2"},"content":{"rendered":"<table class=\"woocommerce-product-attributes shop_attributes\" style=\"width: 101.245195%; height: 290px;\" width=\"929\">\n<tbody>\n<tr class=\"woocommerce-product-attributes-item woocommerce-product-attributes-item--attribute_season\" style=\"height: 24px;\">\n<th class=\"woocommerce-product-attributes-item__label\" style=\"width: 14.8867%; height: 24px;\">Material<\/th>\n<td class=\"woocommerce-product-attributes-item__value\" style=\"width: 82.6321%; height: 24px;\">Nh\u1ef1a Pet khung xi m\u1ea1\/s\u01a1n t\u0129nh \u0111i\u1ec7n<\/td>\n<\/tr>\n<tr class=\"woocommerce-product-attributes-item woocommerce-product-attributes-item--attribute_pa_color\" style=\"height: 24px;\">\n<th class=\"woocommerce-product-attributes-item__label\" style=\"width: 14.8867%; height: 24px;\">M\u00e0u S\u1eafc<\/th>\n<td class=\"woocommerce-product-attributes-item__value\" style=\"width: 82.6321%; height: 24px;\">\u00a0TR\u1eaeNG, CAM, H\u1ed2NG<\/td>\n<\/tr>\n<tr class=\"woocommerce-product-attributes-item woocommerce-product-attributes-item--attribute_style\" style=\"height: 24px;\">\n<th class=\"woocommerce-product-attributes-item__label\" style=\"width: 14.8867%; height: 24px;\">Size<\/th>\n<td class=\"woocommerce-product-attributes-item__value\" style=\"width: 82.6321%; height: 24px;\">41*49*74<\/td>\n<\/tr>\n<tr class=\"woocommerce-product-attributes-item woocommerce-product-attributes-item--attribute_pa_material\" style=\"height: 24px;\">\n<th class=\"woocommerce-product-attributes-item__label\" style=\"width: 14.8867%; height: 24px;\">T\u00ednh N\u0103ng<\/th>\n<td class=\"woocommerce-product-attributes-item__value\" style=\"width: 82.6321%; height: 24px;\">Ng\u1ed3i c\u1ed1 \u0111\u1ecbnh, C\u00f3 th\u1ec3 X\u1ebeP G\u1eccN l\u1ea1i v\u00e0 d\u1ec5 d\u00e0ng di chuy\u1ec3n<\/td>\n<\/tr>\n<tr class=\"woocommerce-product-attributes-item woocommerce-product-attributes-item--attribute_item-code\" style=\"height: 24px;\">\n<th class=\"woocommerce-product-attributes-item__label\" style=\"width: 14.8867%; height: 24px;\">B\u1ea3o H\u00e0nh<\/th>\n<td class=\"woocommerce-product-attributes-item__value\" style=\"width: 82.6321%; height: 24px;\">1 n\u0103m<\/td>\n<\/tr>\n<\/tbody>\n<\/table>","protected":false},"excerpt":{"rendered":"<p><strong>Gh\u1ebf x\u1ebfp \u0103n \/ caf\u00e9<\/strong><\/p>","protected":false},"featured_media":13636,"comment_status":"closed","ping_status":"closed","template":"","meta":[],"product_cat":[100,588],"product_tag":[117],"yoast_head":"<!-- This site is optimized with the Yoast SEO Premium plugin v21.7 (Yoast SEO v21.7) - https:\/\/yoast.com\/wordpress\/plugins\/seo\/ -->\n<title>Gh\u1ebf coffee g\u1ea5p x\u1ebfp AMA-X2 - AMAFURNI<\/title>\n<meta name=\"description\" content=\"Gh\u1ebf coffee nh\u1ef1a trong g\u1ea5p x\u1ebfp g\u1ecdn g\u00e0ng v\u1edbi nhi\u1ec1u m\u00e0u s\u1eafc tr\u1ebb trung n\u0103ng \u0111\u1ed9ng ph\u00f9 h\u1ee3p nhi\u1ec1u kh\u00f4ng gian gi\u1ea3i tr\u00ed v\u00e0 gia \u0111\u00ecnh \u0111\u01b0\u1ee3c nh\u1eadp kh\u1ea9u t\u1eeb AMA FURNITURE\" \/>\n<meta name=\"robots\" content=\"index, follow, max-snippet:-1, max-image-preview:large, max-video-preview:-1\" \/>\n<link rel=\"canonical\" href=\"https:\/\/amafurni.vn\/en\/product\/ama-x2\/\" \/>\n<meta property=\"og:locale\" content=\"en_US\" \/>\n<meta property=\"og:type\" content=\"article\" \/>\n<meta property=\"og:title\" content=\"Gh\u1ebf coffee g\u1ea5p x\u1ebfp AMA-X2\" \/>\n<meta property=\"og:description\" content=\"Gh\u1ebf coffee nh\u1ef1a trong g\u1ea5p x\u1ebfp g\u1ecdn g\u00e0ng v\u1edbi nhi\u1ec1u m\u00e0u s\u1eafc tr\u1ebb trung n\u0103ng \u0111\u1ed9ng ph\u00f9 h\u1ee3p nhi\u1ec1u kh\u00f4ng gian gi\u1ea3i tr\u00ed v\u00e0 gia \u0111\u00ecnh \u0111\u01b0\u1ee3c nh\u1eadp kh\u1ea9u t\u1eeb AMA FURNITURE\" \/>\n<meta property=\"og:url\" content=\"https:\/\/amafurni.vn\/en\/product\/ama-x2\/\" \/>\n<meta property=\"og:site_name\" content=\"AMAFURNI\" \/>\n<meta property=\"article:modified_time\" content=\"2026-01-09T08:19:47+00:00\" \/>\n<meta property=\"og:image\" content=\"https:\/\/amafurni.vn\/wp-content\/uploads\/2024\/05\/z3793728519417_fb9b617c9ee1d2987766d8ffa3ca240d-1.jpeg\" \/>\n\t<meta property=\"og:image:width\" content=\"800\" \/>\n\t<meta property=\"og:image:height\" content=\"800\" \/>\n\t<meta property=\"og:image:type\" content=\"image\/jpeg\" \/>\n<meta name=\"twitter:card\" content=\"summary_large_image\" \/>\n<meta name=\"twitter:label1\" content=\"Est. reading time\" \/>\n\t<meta name=\"twitter:data1\" content=\"1 minute\" \/>\n<script type=\"application\/ld+json\" class=\"yoast-schema-graph\">{\"@context\":\"https:\/\/schema.org\",\"@graph\":[{\"@type\":\"WebPage\",\"@id\":\"https:\/\/amafurni.vn\/san-pham\/ama-x2\/\",\"url\":\"https:\/\/amafurni.vn\/san-pham\/ama-x2\/\",\"name\":\"Gh\u1ebf coffee g\u1ea5p x\u1ebfp AMA-X2 - AMAFURNI\",\"isPartOf\":{\"@id\":\"https:\/\/amafurni.vn\/#website\"},\"datePublished\":\"2024-05-13T03:57:14+00:00\",\"dateModified\":\"2026-01-09T08:19:47+00:00\",\"description\":\"Gh\u1ebf coffee nh\u1ef1a trong g\u1ea5p x\u1ebfp g\u1ecdn g\u00e0ng v\u1edbi nhi\u1ec1u m\u00e0u s\u1eafc tr\u1ebb trung n\u0103ng \u0111\u1ed9ng ph\u00f9 h\u1ee3p nhi\u1ec1u kh\u00f4ng gian gi\u1ea3i tr\u00ed v\u00e0 gia \u0111\u00ecnh \u0111\u01b0\u1ee3c nh\u1eadp kh\u1ea9u t\u1eeb AMA FURNITURE\",\"breadcrumb\":{\"@id\":\"https:\/\/amafurni.vn\/san-pham\/ama-x2\/#breadcrumb\"},\"inLanguage\":\"en-US\",\"potentialAction\":[{\"@type\":\"ReadAction\",\"target\":[\"https:\/\/amafurni.vn\/san-pham\/ama-x2\/\"]}]},{\"@type\":\"BreadcrumbList\",\"@id\":\"https:\/\/amafurni.vn\/san-pham\/ama-x2\/#breadcrumb\",\"itemListElement\":[{\"@type\":\"ListItem\",\"position\":1,\"name\":\"Trang ch\u1ee7\",\"item\":\"https:\/\/amafurni.vn\/\"},{\"@type\":\"ListItem\",\"position\":2,\"name\":\"S\u1ea3n ph\u1ea9m\",\"item\":\"https:\/\/amafurni.vn\/san-pham\/\"},{\"@type\":\"ListItem\",\"position\":3,\"name\":\"Gh\u1ebf coffee g\u1ea5p x\u1ebfp AMA-X2\"}]},{\"@type\":\"WebSite\",\"@id\":\"https:\/\/amafurni.vn\/#website\",\"url\":\"https:\/\/amafurni.vn\/\",\"name\":\"AMAFURNI\",\"description\":\"\",\"potentialAction\":[{\"@type\":\"SearchAction\",\"target\":{\"@type\":\"EntryPoint\",\"urlTemplate\":\"https:\/\/amafurni.vn\/?s={search_term_string}\"},\"query-input\":\"required name=search_term_string\"}],\"inLanguage\":\"en-US\"}]}<\/script>\n<!-- \/ Yoast SEO Premium plugin. -->","yoast_head_json":{"title":"Gh\u1ebf coffee g\u1ea5p x\u1ebfp AMA-X2 - AMAFURNI","description":"Gh\u1ebf coffee nh\u1ef1a trong g\u1ea5p x\u1ebfp g\u1ecdn g\u00e0ng v\u1edbi nhi\u1ec1u m\u00e0u s\u1eafc tr\u1ebb trung n\u0103ng \u0111\u1ed9ng ph\u00f9 h\u1ee3p nhi\u1ec1u kh\u00f4ng gian gi\u1ea3i tr\u00ed v\u00e0 gia \u0111\u00ecnh \u0111\u01b0\u1ee3c nh\u1eadp kh\u1ea9u t\u1eeb AMA FURNITURE","robots":{"index":"index","follow":"follow","max-snippet":"max-snippet:-1","max-image-preview":"max-image-preview:large","max-video-preview":"max-video-preview:-1"},"canonical":"https:\/\/amafurni.vn\/en\/product\/ama-x2\/","og_locale":"en_US","og_type":"article","og_title":"Gh\u1ebf coffee g\u1ea5p x\u1ebfp AMA-X2","og_description":"Gh\u1ebf coffee nh\u1ef1a trong g\u1ea5p x\u1ebfp g\u1ecdn g\u00e0ng v\u1edbi nhi\u1ec1u m\u00e0u s\u1eafc tr\u1ebb trung n\u0103ng \u0111\u1ed9ng ph\u00f9 h\u1ee3p nhi\u1ec1u kh\u00f4ng gian gi\u1ea3i tr\u00ed v\u00e0 gia \u0111\u00ecnh \u0111\u01b0\u1ee3c nh\u1eadp kh\u1ea9u t\u1eeb AMA FURNITURE","og_url":"https:\/\/amafurni.vn\/en\/product\/ama-x2\/","og_site_name":"AMAFURNI","article_modified_time":"2026-01-09T08:19:47+00:00","og_image":[{"width":800,"height":800,"url":"https:\/\/amafurni.vn\/wp-content\/uploads\/2024\/05\/z3793728519417_fb9b617c9ee1d2987766d8ffa3ca240d-1.jpeg","type":"image\/jpeg"}],"twitter_card":"summary_large_image","twitter_misc":{"Est. reading time":"1 minute"},"schema":{"@context":"https:\/\/schema.org","@graph":[{"@type":"WebPage","@id":"https:\/\/amafurni.vn\/san-pham\/ama-x2\/","url":"https:\/\/amafurni.vn\/san-pham\/ama-x2\/","name":"Gh\u1ebf coffee g\u1ea5p x\u1ebfp AMA-X2 - AMAFURNI","isPartOf":{"@id":"https:\/\/amafurni.vn\/#website"},"datePublished":"2024-05-13T03:57:14+00:00","dateModified":"2026-01-09T08:19:47+00:00","description":"Gh\u1ebf coffee nh\u1ef1a trong g\u1ea5p x\u1ebfp g\u1ecdn g\u00e0ng v\u1edbi nhi\u1ec1u m\u00e0u s\u1eafc tr\u1ebb trung n\u0103ng \u0111\u1ed9ng ph\u00f9 h\u1ee3p nhi\u1ec1u kh\u00f4ng gian gi\u1ea3i tr\u00ed v\u00e0 gia \u0111\u00ecnh \u0111\u01b0\u1ee3c nh\u1eadp kh\u1ea9u t\u1eeb AMA FURNITURE","breadcrumb":{"@id":"https:\/\/amafurni.vn\/san-pham\/ama-x2\/#breadcrumb"},"inLanguage":"en-US","potentialAction":[{"@type":"ReadAction","target":["https:\/\/amafurni.vn\/san-pham\/ama-x2\/"]}]},{"@type":"BreadcrumbList","@id":"https:\/\/amafurni.vn\/san-pham\/ama-x2\/#breadcrumb","itemListElement":[{"@type":"ListItem","position":1,"name":"Trang ch\u1ee7","item":"https:\/\/amafurni.vn\/"},{"@type":"ListItem","position":2,"name":"S\u1ea3n ph\u1ea9m","item":"https:\/\/amafurni.vn\/san-pham\/"},{"@type":"ListItem","position":3,"name":"Gh\u1ebf coffee g\u1ea5p x\u1ebfp AMA-X2"}]},{"@type":"WebSite","@id":"https:\/\/amafurni.vn\/#website","url":"https:\/\/amafurni.vn\/","name":"AMAFURNI","description":"","potentialAction":[{"@type":"SearchAction","target":{"@type":"EntryPoint","urlTemplate":"https:\/\/amafurni.vn\/?s={search_term_string}"},"query-input":"required name=search_term_string"}],"inLanguage":"en-US"}]}},"_links":{"self":[{"href":"https:\/\/amafurni.vn\/en\/wp-json\/wp\/v2\/product\/13635"}],"collection":[{"href":"https:\/\/amafurni.vn\/en\/wp-json\/wp\/v2\/product"}],"about":[{"href":"https:\/\/amafurni.vn\/en\/wp-json\/wp\/v2\/types\/product"}],"replies":[{"embeddable":true,"href":"https:\/\/amafurni.vn\/en\/wp-json\/wp\/v2\/comments?post=13635"}],"wp:featuredmedia":[{"embeddable":true,"href":"https:\/\/amafurni.vn\/en\/wp-json\/wp\/v2\/media\/13636"}],"wp:attachment":[{"href":"https:\/\/amafurni.vn\/en\/wp-json\/wp\/v2\/media?parent=13635"}],"wp:term":[{"taxonomy":"product_cat","embeddable":true,"href":"https:\/\/amafurni.vn\/en\/wp-json\/wp\/v2\/product_cat?post=13635"},{"taxonomy":"product_tag","embeddable":true,"href":"https:\/\/amafurni.vn\/en\/wp-json\/wp\/v2\/product_tag?post=13635"}],"curies":[{"name":"wp","href":"https:\/\/api.w.org\/{rel}","templated":true}]}}