{"id":13716,"date":"2024-05-18T10:04:21","date_gmt":"2024-05-18T03:04:21","guid":{"rendered":"https:\/\/amafurni.vn\/?post_type=product&#038;p=13716"},"modified":"2026-03-24T11:46:01","modified_gmt":"2026-03-24T04:46:01","slug":"ama-dp8302","status":"publish","type":"product","link":"https:\/\/amafurni.vn\/en\/product\/ama-dp8302\/","title":{"rendered":"Gh\u1ebf l\u00e0m vi\u1ec7c AMA-DP8302"},"content":{"rendered":"<table class=\"woocommerce-product-attributes shop_attributes\" style=\"width: 99.956169%; height: 282px;\" width=\"929\">\n<tbody>\n<tr class=\"woocommerce-product-attributes-item woocommerce-product-attributes-item--attribute_season\">\n<th class=\"woocommerce-product-attributes-item__label\" style=\"width: 13.0529%;\">Material<\/th>\n<td class=\"woocommerce-product-attributes-item__value\" style=\"width: 84.8975%;\">Khung nh\u1ef1a b\u1ecdc l\u01b0\u1edbi, ng\u1ed3i b\u1ecdc n\u1ec7m v\u1ea3i ho\u1eb7c l\u01b0\u1edbi, tay nh\u1ef1a vu\u00f4ng, ch\u00e2n xoay inox 201.<\/td>\n<\/tr>\n<tr class=\"woocommerce-product-attributes-item woocommerce-product-attributes-item--attribute_pa_color\">\n<th class=\"woocommerce-product-attributes-item__label\" style=\"width: 13.0529%;\">M\u00e0u S\u1eafc<\/th>\n<td class=\"woocommerce-product-attributes-item__value\" style=\"width: 84.8975%;\">L\u01b0ng L\u01b0\u1edbi \u0111en, ng\u1ed3i v\u1ea3i xanh\u00a0\u00a0(c\u00f3 th\u1ec3 thay \u0111\u1ed5i m\u00e0u theo y\u00eau c\u1ea7u)<\/td>\n<\/tr>\n<tr class=\"woocommerce-product-attributes-item woocommerce-product-attributes-item--attribute_style\">\n<th class=\"woocommerce-product-attributes-item__label\" style=\"width: 13.0529%;\">Size<\/th>\n<td class=\"woocommerce-product-attributes-item__value\" style=\"width: 84.8975%;\">W45-56 x D46 x H90-101 (Cm)<\/td>\n<\/tr>\n<tr class=\"woocommerce-product-attributes-item woocommerce-product-attributes-item--attribute_pa_material\">\n<th class=\"woocommerce-product-attributes-item__label\" style=\"width: 13.0529%;\">T\u00ednh N\u0103ng<\/th>\n<td class=\"woocommerce-product-attributes-item__value\" style=\"width: 84.8975%;\">Xoay 360 \u0111\u1ed9. T\u0103ng gi\u1ea3m chi\u1ec1u cao, G\u1eadt g\u00f9 b\u1eadp b\u00eanh.<\/td>\n<\/tr>\n<tr class=\"woocommerce-product-attributes-item woocommerce-product-attributes-item--attribute_item-code\">\n<th class=\"woocommerce-product-attributes-item__label\" style=\"width: 13.0529%;\">B\u1ea3o H\u00e0nh<\/th>\n<td class=\"woocommerce-product-attributes-item__value\" style=\"width: 84.8975%;\">01 n\u0103m<\/td>\n<\/tr>\n<\/tbody>\n<\/table>","protected":false},"excerpt":{"rendered":"<p><strong>Gh\u1ebf L\u00e0m Vi\u1ec7c AMA-DP8302\u00a0<\/strong>l\u00e0 1 m\u1eabu gh\u1ebf nh\u1eadp kh\u1ea9u tr\u1ef1c ti\u1ebfp c\u1ee7a\u00a0<strong>N\u1ed8I TH\u1ea4T AMA FURNITURE<\/strong>\u00a0, v\u1edbi thi\u1ebft k\u1ebf tinh t\u1ebf , t\u1ed1i gian t\u1ea1o n\u00ean v\u1ebb \u0111\u1eb9p sang tr\u1ecdng cho kh\u00f4ng gian L\u00e0m vi\u1ec7c, V\u0103n ph\u00f2ng, C\u00f4ng ty v.v.<\/p>\n<ul>\n<li>M\u00e3 SP : AMA-DP8302<\/li>\n<li>Ch\u1ea5t li\u1ec7u :S\u01b0\u1eddn nh\u1ef1a PP \u0111\u00fac \u0111\u1eb7c,T\u1ef1a l\u01b0ng+ \u0111\u1ec7m ng\u1ed3i b\u1ecdc v\u1ea3i l\u01b0\u1edbi tho\u00e1ng m\u1ecbn, Ch\u00e2n gh\u1ebf Inox<\/li>\n<li>M\u00e0u s\u1eafc : Nhi\u1ec1u m\u00e0u<br \/>\nT\u00ednh n\u0103ng :<\/p>\n<ul>\n<li>Ch\u1ea5t l\u01b0\u1ee3ng b\u1ec1n ch\u1eafc, s\u1eed d\u1ee5ng l\u00e2u d\u00e0i<\/li>\n<li>D\u1ec5 d\u00e0ng lau ch\u00f9i, v\u1ec7 sinh<\/li>\n<li>Ch\u1ed1ng va \u0111\u1eadp t\u1ed1t, m\u00e0u s\u1eafc s\u1ed1ng \u0111\u1ed9ng<\/li>\n<\/ul>\n<ul>\n<li>M\u1eb7t gh\u1ebf thi\u1ebft k\u1ebf tinh t\u1ebf d\u1ec5 ng\u1ed3i<\/li>\n<\/ul>\n<\/li>\n<\/ul>","protected":false},"featured_media":13717,"comment_status":"closed","ping_status":"closed","template":"","meta":[],"product_cat":[59,70],"product_tag":[124],"yoast_head":"<!-- This site is optimized with the Yoast SEO Premium plugin v21.7 (Yoast SEO v21.7) - https:\/\/yoast.com\/wordpress\/plugins\/seo\/ -->\n<title>Gh\u1ebf l\u00e0m vi\u1ec7c AMA-DP8302 - AMAFURNI<\/title>\n<meta name=\"description\" content=\"Gh\u1ebf l\u00e0m vi\u1ec7c l\u01b0ng l\u01b0\u1edbi AMA-DP8302 thu\u1ed9c nh\u00f3m gh\u1ebf C\u00f4ng Th\u00e1i H\u1ecdc \u0111ang r\u1ea5t \u0111\u01b0\u1ee3c \u01b0a chu\u1ed9ng. Gh\u1ebf ph\u00f9 h\u1ee3p v\u1edbi kh\u00f4ng gian l\u00e0m vi\u1ec7c \u1edf v\u0103n ph\u00f2ng v\u00e0 \u1edf nh\u00e0. Gh\u1ebf c\u00f3 k\u00edch th\u01b0\u1edbc nh\u1ecf g\u1ecdn, linh ho\u1ea1t, r\u1ea5t ph\u00f9 h\u1ee3p v\u1edbi c\u00e1c kh\u00f4ng gian l\u00e0m vi\u1ec7c \u0111\u01a1n gi\u1ea3n, ch\u1eadc h\u1eb9p. Ch\u1ea5t li\u1ec7u cao c\u1ea5p v\u1edbi to\u00e0n b\u1ed9 \u0111\u01b0\u1ee3c b\u1ecdc b\u1eb1ng S\u1ee3i Polyester ch\u1ecbu l\u1ef1c, c\u00f3 \u0111\u1ed9 \u0111\u00e0n h\u1ed3i cao v\u00e0 tho\u00e1ng kh\u00ed.Tay gh\u1ebf thi\u1ebft k\u1ebf \u0111\u1eb7c bi\u1ec7t c\u00f3 th\u1ec3 t\u0103ng gi\u1ea3m chi\u1ec1u cao, v\u00e0 m\u1edf g\u1eadp \u0111a n\u0103ng. Ch\u00e2n gh\u1ebf k\u1ebft c\u1ea5u \u0111\u00fac \u0111\u1eb7c ch\u1ecbu t\u1ea3i tr\u1ecdng l\u00ean \u0111\u1ebfn 120kg.Th\u1eddi gian b\u1ea3o h\u00e0nh l\u00ean \u0111\u1ebfn 12 th\u00e1ng \u0111\u1ea3m b\u1ea3o c\u00e1c v\u1ea5n \u0111\u1ec1 trong su\u1ed1t th\u1eddi gian s\u1eed d\u1ee5ng.H\u00e3y \u0111\u1ebfn v\u00e0 tr\u1ea3i nghi\u1ec7m s\u1ea3n ph\u1ea9m AMA-DP8302 t\u1ea1i showroom AMA FURNITURE : 215 T\u00e2n S\u01a1n, Ph\u01b0\u1eddng 15, T\u00e2n B\u00ecnh, HCM nh\u00e9.\" \/>\n<meta name=\"robots\" content=\"index, follow, max-snippet:-1, max-image-preview:large, max-video-preview:-1\" \/>\n<link rel=\"canonical\" href=\"https:\/\/amafurni.vn\/en\/product\/ama-dp8302\/\" \/>\n<meta property=\"og:locale\" content=\"en_US\" \/>\n<meta property=\"og:type\" content=\"article\" \/>\n<meta property=\"og:title\" content=\"Gh\u1ebf l\u00e0m vi\u1ec7c AMA-DP8302\" \/>\n<meta property=\"og:description\" content=\"Gh\u1ebf l\u00e0m vi\u1ec7c l\u01b0ng l\u01b0\u1edbi AMA-DP8302 thu\u1ed9c nh\u00f3m gh\u1ebf C\u00f4ng Th\u00e1i H\u1ecdc \u0111ang r\u1ea5t \u0111\u01b0\u1ee3c \u01b0a chu\u1ed9ng. Gh\u1ebf ph\u00f9 h\u1ee3p v\u1edbi kh\u00f4ng gian l\u00e0m vi\u1ec7c \u1edf v\u0103n ph\u00f2ng v\u00e0 \u1edf nh\u00e0. Gh\u1ebf c\u00f3 k\u00edch th\u01b0\u1edbc nh\u1ecf g\u1ecdn, linh ho\u1ea1t, r\u1ea5t ph\u00f9 h\u1ee3p v\u1edbi c\u00e1c kh\u00f4ng gian l\u00e0m vi\u1ec7c \u0111\u01a1n gi\u1ea3n, ch\u1eadc h\u1eb9p. Ch\u1ea5t li\u1ec7u cao c\u1ea5p v\u1edbi to\u00e0n b\u1ed9 \u0111\u01b0\u1ee3c b\u1ecdc b\u1eb1ng S\u1ee3i Polyester ch\u1ecbu l\u1ef1c, c\u00f3 \u0111\u1ed9 \u0111\u00e0n h\u1ed3i cao v\u00e0 tho\u00e1ng kh\u00ed.Tay gh\u1ebf thi\u1ebft k\u1ebf \u0111\u1eb7c bi\u1ec7t c\u00f3 th\u1ec3 t\u0103ng gi\u1ea3m chi\u1ec1u cao, v\u00e0 m\u1edf g\u1eadp \u0111a n\u0103ng. Ch\u00e2n gh\u1ebf k\u1ebft c\u1ea5u \u0111\u00fac \u0111\u1eb7c ch\u1ecbu t\u1ea3i tr\u1ecdng l\u00ean \u0111\u1ebfn 120kg.Th\u1eddi gian b\u1ea3o h\u00e0nh l\u00ean \u0111\u1ebfn 12 th\u00e1ng \u0111\u1ea3m b\u1ea3o c\u00e1c v\u1ea5n \u0111\u1ec1 trong su\u1ed1t th\u1eddi gian s\u1eed d\u1ee5ng.H\u00e3y \u0111\u1ebfn v\u00e0 tr\u1ea3i nghi\u1ec7m s\u1ea3n ph\u1ea9m AMA-DP8302 t\u1ea1i showroom AMA FURNITURE : 215 T\u00e2n S\u01a1n, Ph\u01b0\u1eddng 15, T\u00e2n B\u00ecnh, HCM nh\u00e9.\" \/>\n<meta property=\"og:url\" content=\"https:\/\/amafurni.vn\/en\/product\/ama-dp8302\/\" \/>\n<meta property=\"og:site_name\" content=\"AMAFURNI\" \/>\n<meta property=\"article:modified_time\" content=\"2026-03-24T04:46:01+00:00\" \/>\n<meta property=\"og:image\" content=\"https:\/\/amafurni.vn\/wp-content\/uploads\/2024\/05\/a8adf_8302_m_chan_xi_400x600.jpeg\" \/>\n\t<meta property=\"og:image:width\" content=\"400\" \/>\n\t<meta property=\"og:image:height\" content=\"600\" \/>\n\t<meta property=\"og:image:type\" content=\"image\/jpeg\" \/>\n<meta name=\"twitter:card\" content=\"summary_large_image\" \/>\n<meta name=\"twitter:label1\" content=\"Est. reading time\" \/>\n\t<meta name=\"twitter:data1\" content=\"1 minute\" \/>\n<script type=\"application\/ld+json\" class=\"yoast-schema-graph\">{\"@context\":\"https:\/\/schema.org\",\"@graph\":[{\"@type\":\"WebPage\",\"@id\":\"https:\/\/amafurni.vn\/san-pham\/ama-dp8302\/\",\"url\":\"https:\/\/amafurni.vn\/san-pham\/ama-dp8302\/\",\"name\":\"Gh\u1ebf l\u00e0m vi\u1ec7c AMA-DP8302 - AMAFURNI\",\"isPartOf\":{\"@id\":\"https:\/\/amafurni.vn\/#website\"},\"datePublished\":\"2024-05-18T03:04:21+00:00\",\"dateModified\":\"2026-03-24T04:46:01+00:00\",\"description\":\"Gh\u1ebf l\u00e0m vi\u1ec7c l\u01b0ng l\u01b0\u1edbi AMA-DP8302 thu\u1ed9c nh\u00f3m gh\u1ebf C\u00f4ng Th\u00e1i H\u1ecdc \u0111ang r\u1ea5t \u0111\u01b0\u1ee3c \u01b0a chu\u1ed9ng. Gh\u1ebf ph\u00f9 h\u1ee3p v\u1edbi kh\u00f4ng gian l\u00e0m vi\u1ec7c \u1edf v\u0103n ph\u00f2ng v\u00e0 \u1edf nh\u00e0. Gh\u1ebf c\u00f3 k\u00edch th\u01b0\u1edbc nh\u1ecf g\u1ecdn, linh ho\u1ea1t, r\u1ea5t ph\u00f9 h\u1ee3p v\u1edbi c\u00e1c kh\u00f4ng gian l\u00e0m vi\u1ec7c \u0111\u01a1n gi\u1ea3n, ch\u1eadc h\u1eb9p. Ch\u1ea5t li\u1ec7u cao c\u1ea5p v\u1edbi to\u00e0n b\u1ed9 \u0111\u01b0\u1ee3c b\u1ecdc b\u1eb1ng S\u1ee3i Polyester ch\u1ecbu l\u1ef1c, c\u00f3 \u0111\u1ed9 \u0111\u00e0n h\u1ed3i cao v\u00e0 tho\u00e1ng kh\u00ed.Tay gh\u1ebf thi\u1ebft k\u1ebf \u0111\u1eb7c bi\u1ec7t c\u00f3 th\u1ec3 t\u0103ng gi\u1ea3m chi\u1ec1u cao, v\u00e0 m\u1edf g\u1eadp \u0111a n\u0103ng. Ch\u00e2n gh\u1ebf k\u1ebft c\u1ea5u \u0111\u00fac \u0111\u1eb7c ch\u1ecbu t\u1ea3i tr\u1ecdng l\u00ean \u0111\u1ebfn 120kg.Th\u1eddi gian b\u1ea3o h\u00e0nh l\u00ean \u0111\u1ebfn 12 th\u00e1ng \u0111\u1ea3m b\u1ea3o c\u00e1c v\u1ea5n \u0111\u1ec1 trong su\u1ed1t th\u1eddi gian s\u1eed d\u1ee5ng.H\u00e3y \u0111\u1ebfn v\u00e0 tr\u1ea3i nghi\u1ec7m s\u1ea3n ph\u1ea9m AMA-DP8302 t\u1ea1i showroom AMA FURNITURE : 215 T\u00e2n S\u01a1n, Ph\u01b0\u1eddng 15, T\u00e2n B\u00ecnh, HCM nh\u00e9.\",\"breadcrumb\":{\"@id\":\"https:\/\/amafurni.vn\/san-pham\/ama-dp8302\/#breadcrumb\"},\"inLanguage\":\"en-US\",\"potentialAction\":[{\"@type\":\"ReadAction\",\"target\":[\"https:\/\/amafurni.vn\/san-pham\/ama-dp8302\/\"]}]},{\"@type\":\"BreadcrumbList\",\"@id\":\"https:\/\/amafurni.vn\/san-pham\/ama-dp8302\/#breadcrumb\",\"itemListElement\":[{\"@type\":\"ListItem\",\"position\":1,\"name\":\"Trang ch\u1ee7\",\"item\":\"https:\/\/amafurni.vn\/\"},{\"@type\":\"ListItem\",\"position\":2,\"name\":\"S\u1ea3n ph\u1ea9m\",\"item\":\"https:\/\/amafurni.vn\/san-pham\/\"},{\"@type\":\"ListItem\",\"position\":3,\"name\":\"Gh\u1ebf l\u00e0m vi\u1ec7c AMA-DP8302\"}]},{\"@type\":\"WebSite\",\"@id\":\"https:\/\/amafurni.vn\/#website\",\"url\":\"https:\/\/amafurni.vn\/\",\"name\":\"AMAFURNI\",\"description\":\"\",\"potentialAction\":[{\"@type\":\"SearchAction\",\"target\":{\"@type\":\"EntryPoint\",\"urlTemplate\":\"https:\/\/amafurni.vn\/?s={search_term_string}\"},\"query-input\":\"required name=search_term_string\"}],\"inLanguage\":\"en-US\"}]}<\/script>\n<!-- \/ Yoast SEO Premium plugin. -->","yoast_head_json":{"title":"Gh\u1ebf l\u00e0m vi\u1ec7c AMA-DP8302 - AMAFURNI","description":"Gh\u1ebf l\u00e0m vi\u1ec7c l\u01b0ng l\u01b0\u1edbi AMA-DP8302 thu\u1ed9c nh\u00f3m gh\u1ebf C\u00f4ng Th\u00e1i H\u1ecdc \u0111ang r\u1ea5t \u0111\u01b0\u1ee3c \u01b0a chu\u1ed9ng. Gh\u1ebf ph\u00f9 h\u1ee3p v\u1edbi kh\u00f4ng gian l\u00e0m vi\u1ec7c \u1edf v\u0103n ph\u00f2ng v\u00e0 \u1edf nh\u00e0. Gh\u1ebf c\u00f3 k\u00edch th\u01b0\u1edbc nh\u1ecf g\u1ecdn, linh ho\u1ea1t, r\u1ea5t ph\u00f9 h\u1ee3p v\u1edbi c\u00e1c kh\u00f4ng gian l\u00e0m vi\u1ec7c \u0111\u01a1n gi\u1ea3n, ch\u1eadc h\u1eb9p. Ch\u1ea5t li\u1ec7u cao c\u1ea5p v\u1edbi to\u00e0n b\u1ed9 \u0111\u01b0\u1ee3c b\u1ecdc b\u1eb1ng S\u1ee3i Polyester ch\u1ecbu l\u1ef1c, c\u00f3 \u0111\u1ed9 \u0111\u00e0n h\u1ed3i cao v\u00e0 tho\u00e1ng kh\u00ed.Tay gh\u1ebf thi\u1ebft k\u1ebf \u0111\u1eb7c bi\u1ec7t c\u00f3 th\u1ec3 t\u0103ng gi\u1ea3m chi\u1ec1u cao, v\u00e0 m\u1edf g\u1eadp \u0111a n\u0103ng. Ch\u00e2n gh\u1ebf k\u1ebft c\u1ea5u \u0111\u00fac \u0111\u1eb7c ch\u1ecbu t\u1ea3i tr\u1ecdng l\u00ean \u0111\u1ebfn 120kg.Th\u1eddi gian b\u1ea3o h\u00e0nh l\u00ean \u0111\u1ebfn 12 th\u00e1ng \u0111\u1ea3m b\u1ea3o c\u00e1c v\u1ea5n \u0111\u1ec1 trong su\u1ed1t th\u1eddi gian s\u1eed d\u1ee5ng.H\u00e3y \u0111\u1ebfn v\u00e0 tr\u1ea3i nghi\u1ec7m s\u1ea3n ph\u1ea9m AMA-DP8302 t\u1ea1i showroom AMA FURNITURE : 215 T\u00e2n S\u01a1n, Ph\u01b0\u1eddng 15, T\u00e2n B\u00ecnh, HCM nh\u00e9.","robots":{"index":"index","follow":"follow","max-snippet":"max-snippet:-1","max-image-preview":"max-image-preview:large","max-video-preview":"max-video-preview:-1"},"canonical":"https:\/\/amafurni.vn\/en\/product\/ama-dp8302\/","og_locale":"en_US","og_type":"article","og_title":"Gh\u1ebf l\u00e0m vi\u1ec7c AMA-DP8302","og_description":"Gh\u1ebf l\u00e0m vi\u1ec7c l\u01b0ng l\u01b0\u1edbi AMA-DP8302 thu\u1ed9c nh\u00f3m gh\u1ebf C\u00f4ng Th\u00e1i H\u1ecdc \u0111ang r\u1ea5t \u0111\u01b0\u1ee3c \u01b0a chu\u1ed9ng. Gh\u1ebf ph\u00f9 h\u1ee3p v\u1edbi kh\u00f4ng gian l\u00e0m vi\u1ec7c \u1edf v\u0103n ph\u00f2ng v\u00e0 \u1edf nh\u00e0. Gh\u1ebf c\u00f3 k\u00edch th\u01b0\u1edbc nh\u1ecf g\u1ecdn, linh ho\u1ea1t, r\u1ea5t ph\u00f9 h\u1ee3p v\u1edbi c\u00e1c kh\u00f4ng gian l\u00e0m vi\u1ec7c \u0111\u01a1n gi\u1ea3n, ch\u1eadc h\u1eb9p. Ch\u1ea5t li\u1ec7u cao c\u1ea5p v\u1edbi to\u00e0n b\u1ed9 \u0111\u01b0\u1ee3c b\u1ecdc b\u1eb1ng S\u1ee3i Polyester ch\u1ecbu l\u1ef1c, c\u00f3 \u0111\u1ed9 \u0111\u00e0n h\u1ed3i cao v\u00e0 tho\u00e1ng kh\u00ed.Tay gh\u1ebf thi\u1ebft k\u1ebf \u0111\u1eb7c bi\u1ec7t c\u00f3 th\u1ec3 t\u0103ng gi\u1ea3m chi\u1ec1u cao, v\u00e0 m\u1edf g\u1eadp \u0111a n\u0103ng. Ch\u00e2n gh\u1ebf k\u1ebft c\u1ea5u \u0111\u00fac \u0111\u1eb7c ch\u1ecbu t\u1ea3i tr\u1ecdng l\u00ean \u0111\u1ebfn 120kg.Th\u1eddi gian b\u1ea3o h\u00e0nh l\u00ean \u0111\u1ebfn 12 th\u00e1ng \u0111\u1ea3m b\u1ea3o c\u00e1c v\u1ea5n \u0111\u1ec1 trong su\u1ed1t th\u1eddi gian s\u1eed d\u1ee5ng.H\u00e3y \u0111\u1ebfn v\u00e0 tr\u1ea3i nghi\u1ec7m s\u1ea3n ph\u1ea9m AMA-DP8302 t\u1ea1i showroom AMA FURNITURE : 215 T\u00e2n S\u01a1n, Ph\u01b0\u1eddng 15, T\u00e2n B\u00ecnh, HCM nh\u00e9.","og_url":"https:\/\/amafurni.vn\/en\/product\/ama-dp8302\/","og_site_name":"AMAFURNI","article_modified_time":"2026-03-24T04:46:01+00:00","og_image":[{"width":400,"height":600,"url":"https:\/\/amafurni.vn\/wp-content\/uploads\/2024\/05\/a8adf_8302_m_chan_xi_400x600.jpeg","type":"image\/jpeg"}],"twitter_card":"summary_large_image","twitter_misc":{"Est. reading time":"1 minute"},"schema":{"@context":"https:\/\/schema.org","@graph":[{"@type":"WebPage","@id":"https:\/\/amafurni.vn\/san-pham\/ama-dp8302\/","url":"https:\/\/amafurni.vn\/san-pham\/ama-dp8302\/","name":"Gh\u1ebf l\u00e0m vi\u1ec7c AMA-DP8302 - AMAFURNI","isPartOf":{"@id":"https:\/\/amafurni.vn\/#website"},"datePublished":"2024-05-18T03:04:21+00:00","dateModified":"2026-03-24T04:46:01+00:00","description":"Gh\u1ebf l\u00e0m vi\u1ec7c l\u01b0ng l\u01b0\u1edbi AMA-DP8302 thu\u1ed9c nh\u00f3m gh\u1ebf C\u00f4ng Th\u00e1i H\u1ecdc \u0111ang r\u1ea5t \u0111\u01b0\u1ee3c \u01b0a chu\u1ed9ng. Gh\u1ebf ph\u00f9 h\u1ee3p v\u1edbi kh\u00f4ng gian l\u00e0m vi\u1ec7c \u1edf v\u0103n ph\u00f2ng v\u00e0 \u1edf nh\u00e0. Gh\u1ebf c\u00f3 k\u00edch th\u01b0\u1edbc nh\u1ecf g\u1ecdn, linh ho\u1ea1t, r\u1ea5t ph\u00f9 h\u1ee3p v\u1edbi c\u00e1c kh\u00f4ng gian l\u00e0m vi\u1ec7c \u0111\u01a1n gi\u1ea3n, ch\u1eadc h\u1eb9p. Ch\u1ea5t li\u1ec7u cao c\u1ea5p v\u1edbi to\u00e0n b\u1ed9 \u0111\u01b0\u1ee3c b\u1ecdc b\u1eb1ng S\u1ee3i Polyester ch\u1ecbu l\u1ef1c, c\u00f3 \u0111\u1ed9 \u0111\u00e0n h\u1ed3i cao v\u00e0 tho\u00e1ng kh\u00ed.Tay gh\u1ebf thi\u1ebft k\u1ebf \u0111\u1eb7c bi\u1ec7t c\u00f3 th\u1ec3 t\u0103ng gi\u1ea3m chi\u1ec1u cao, v\u00e0 m\u1edf g\u1eadp \u0111a n\u0103ng. Ch\u00e2n gh\u1ebf k\u1ebft c\u1ea5u \u0111\u00fac \u0111\u1eb7c ch\u1ecbu t\u1ea3i tr\u1ecdng l\u00ean \u0111\u1ebfn 120kg.Th\u1eddi gian b\u1ea3o h\u00e0nh l\u00ean \u0111\u1ebfn 12 th\u00e1ng \u0111\u1ea3m b\u1ea3o c\u00e1c v\u1ea5n \u0111\u1ec1 trong su\u1ed1t th\u1eddi gian s\u1eed d\u1ee5ng.H\u00e3y \u0111\u1ebfn v\u00e0 tr\u1ea3i nghi\u1ec7m s\u1ea3n ph\u1ea9m AMA-DP8302 t\u1ea1i showroom AMA FURNITURE : 215 T\u00e2n S\u01a1n, Ph\u01b0\u1eddng 15, T\u00e2n B\u00ecnh, HCM nh\u00e9.","breadcrumb":{"@id":"https:\/\/amafurni.vn\/san-pham\/ama-dp8302\/#breadcrumb"},"inLanguage":"en-US","potentialAction":[{"@type":"ReadAction","target":["https:\/\/amafurni.vn\/san-pham\/ama-dp8302\/"]}]},{"@type":"BreadcrumbList","@id":"https:\/\/amafurni.vn\/san-pham\/ama-dp8302\/#breadcrumb","itemListElement":[{"@type":"ListItem","position":1,"name":"Trang ch\u1ee7","item":"https:\/\/amafurni.vn\/"},{"@type":"ListItem","position":2,"name":"S\u1ea3n ph\u1ea9m","item":"https:\/\/amafurni.vn\/san-pham\/"},{"@type":"ListItem","position":3,"name":"Gh\u1ebf l\u00e0m vi\u1ec7c AMA-DP8302"}]},{"@type":"WebSite","@id":"https:\/\/amafurni.vn\/#website","url":"https:\/\/amafurni.vn\/","name":"AMAFURNI","description":"","potentialAction":[{"@type":"SearchAction","target":{"@type":"EntryPoint","urlTemplate":"https:\/\/amafurni.vn\/?s={search_term_string}"},"query-input":"required name=search_term_string"}],"inLanguage":"en-US"}]}},"_links":{"self":[{"href":"https:\/\/amafurni.vn\/en\/wp-json\/wp\/v2\/product\/13716"}],"collection":[{"href":"https:\/\/amafurni.vn\/en\/wp-json\/wp\/v2\/product"}],"about":[{"href":"https:\/\/amafurni.vn\/en\/wp-json\/wp\/v2\/types\/product"}],"replies":[{"embeddable":true,"href":"https:\/\/amafurni.vn\/en\/wp-json\/wp\/v2\/comments?post=13716"}],"wp:featuredmedia":[{"embeddable":true,"href":"https:\/\/amafurni.vn\/en\/wp-json\/wp\/v2\/media\/13717"}],"wp:attachment":[{"href":"https:\/\/amafurni.vn\/en\/wp-json\/wp\/v2\/media?parent=13716"}],"wp:term":[{"taxonomy":"product_cat","embeddable":true,"href":"https:\/\/amafurni.vn\/en\/wp-json\/wp\/v2\/product_cat?post=13716"},{"taxonomy":"product_tag","embeddable":true,"href":"https:\/\/amafurni.vn\/en\/wp-json\/wp\/v2\/product_tag?post=13716"}],"curies":[{"name":"wp","href":"https:\/\/api.w.org\/{rel}","templated":true}]}}