{"id":14712,"date":"2024-06-21T12:13:42","date_gmt":"2024-06-21T05:13:42","guid":{"rendered":"https:\/\/amafurni.vn\/?post_type=product&#038;p=14712"},"modified":"2025-11-12T14:14:01","modified_gmt":"2025-11-12T07:14:01","slug":"ama-td60007-13","status":"publish","type":"product","link":"https:\/\/amafurni.vn\/en\/product\/ama-td60007-13\/","title":{"rendered":"AMA-TD60007-13"},"content":{"rendered":"<table class=\"woocommerce-product-attributes shop_attributes\" style=\"width: 99.6027%;height: 120px\" width=\"929\">\n<tbody>\n<tr class=\"woocommerce-product-attributes-item woocommerce-product-attributes-item--attribute_season\" style=\"height: 24px\">\n<th class=\"woocommerce-product-attributes-item__label\" style=\"height: 24px;width: 33.5135%\">Material<\/th>\n<td class=\"woocommerce-product-attributes-item__value\" style=\"height: 24px;width: 64.5405%\">M\u1eb7t b\u00e0n \u0111\u00e1 Ceramic.<\/td>\n<\/tr>\n<tr class=\"woocommerce-product-attributes-item woocommerce-product-attributes-item--attribute_pa_color\" style=\"height: 24px\">\n<th class=\"woocommerce-product-attributes-item__label\" style=\"height: 24px;width: 33.5135%\">M\u00e0u S\u1eafc<\/th>\n<td class=\"woocommerce-product-attributes-item__value\" style=\"height: 24px;width: 64.5405%\">Nh\u01b0 h\u00ecnh \u1ea3nh<\/td>\n<\/tr>\n<tr class=\"woocommerce-product-attributes-item woocommerce-product-attributes-item--attribute_style\" style=\"height: 24px\">\n<th class=\"woocommerce-product-attributes-item__label\" style=\"height: 24px;width: 33.5135%\">Size<\/th>\n<td class=\"woocommerce-product-attributes-item__value\" style=\"height: 24px;width: 64.5405%\">1350x1350x750<\/td>\n<\/tr>\n<tr class=\"woocommerce-product-attributes-item woocommerce-product-attributes-item--attribute_pa_material\" style=\"height: 24px\">\n<th class=\"woocommerce-product-attributes-item__label\" style=\"height: 24px;width: 33.5135%\">T\u00ednh N\u0103ng<\/th>\n<td class=\"woocommerce-product-attributes-item__value\" style=\"height: 24px;width: 64.5405%\">Ng\u1ed3i c\u1ed1 \u0111\u1ecbnh<\/td>\n<\/tr>\n<tr class=\"woocommerce-product-attributes-item woocommerce-product-attributes-item--attribute_item-code\" style=\"height: 24px\">\n<th class=\"woocommerce-product-attributes-item__label\" style=\"height: 24px;width: 33.5135%\">B\u1ea3o H\u00e0nh<\/th>\n<td class=\"woocommerce-product-attributes-item__value\" style=\"height: 24px;width: 64.5405%\">06 th\u00e1ng<\/td>\n<\/tr>\n<\/tbody>\n<\/table>","protected":false},"excerpt":{"rendered":"<p><strong>B\u00c0N \u0102N B\u1eb0NG \u0110\u00c1 SANG TR\u1eccNG<\/strong><\/p>","protected":false},"featured_media":14713,"comment_status":"closed","ping_status":"closed","template":"","meta":[],"product_cat":[62,96],"product_tag":[482,521],"yoast_head":"<!-- This site is optimized with the Yoast SEO Premium plugin v21.7 (Yoast SEO v21.7) - https:\/\/yoast.com\/wordpress\/plugins\/seo\/ -->\n<title>AMA-TD60007-13 - AMAFURNI<\/title>\n<meta name=\"robots\" content=\"index, follow, max-snippet:-1, max-image-preview:large, max-video-preview:-1\" \/>\n<link rel=\"canonical\" href=\"https:\/\/amafurni.vn\/en\/product\/ama-td60007-13\/\" \/>\n<meta property=\"og:locale\" content=\"en_US\" \/>\n<meta property=\"og:type\" content=\"article\" \/>\n<meta property=\"og:title\" content=\"AMA-TD60007-13\" \/>\n<meta property=\"og:description\" content=\"B\u00c0N \u0102N B\u1eb0NG \u0110\u00c1 SANG TR\u1eccNG\" \/>\n<meta property=\"og:url\" content=\"https:\/\/amafurni.vn\/en\/product\/ama-td60007-13\/\" \/>\n<meta property=\"og:site_name\" content=\"AMAFURNI\" \/>\n<meta property=\"article:modified_time\" content=\"2025-11-12T07:14:01+00:00\" \/>\n<meta property=\"og:image\" content=\"https:\/\/amafurni.vn\/wp-content\/uploads\/2024\/06\/TD60007-13.1.jpg\" \/>\n\t<meta property=\"og:image:width\" content=\"563\" \/>\n\t<meta property=\"og:image:height\" content=\"637\" \/>\n\t<meta property=\"og:image:type\" content=\"image\/jpeg\" \/>\n<meta name=\"twitter:card\" content=\"summary_large_image\" \/>\n<meta name=\"twitter:label1\" content=\"Est. reading time\" \/>\n\t<meta name=\"twitter:data1\" content=\"1 minute\" \/>\n<script type=\"application\/ld+json\" class=\"yoast-schema-graph\">{\"@context\":\"https:\/\/schema.org\",\"@graph\":[{\"@type\":\"WebPage\",\"@id\":\"https:\/\/amafurni.vn\/san-pham\/ama-td60007-13\/\",\"url\":\"https:\/\/amafurni.vn\/san-pham\/ama-td60007-13\/\",\"name\":\"AMA-TD60007-13 - AMAFURNI\",\"isPartOf\":{\"@id\":\"https:\/\/amafurni.vn\/#website\"},\"datePublished\":\"2024-06-21T05:13:42+00:00\",\"dateModified\":\"2025-11-12T07:14:01+00:00\",\"breadcrumb\":{\"@id\":\"https:\/\/amafurni.vn\/san-pham\/ama-td60007-13\/#breadcrumb\"},\"inLanguage\":\"en-US\",\"potentialAction\":[{\"@type\":\"ReadAction\",\"target\":[\"https:\/\/amafurni.vn\/san-pham\/ama-td60007-13\/\"]}]},{\"@type\":\"BreadcrumbList\",\"@id\":\"https:\/\/amafurni.vn\/san-pham\/ama-td60007-13\/#breadcrumb\",\"itemListElement\":[{\"@type\":\"ListItem\",\"position\":1,\"name\":\"Trang ch\u1ee7\",\"item\":\"https:\/\/amafurni.vn\/\"},{\"@type\":\"ListItem\",\"position\":2,\"name\":\"S\u1ea3n ph\u1ea9m\",\"item\":\"https:\/\/amafurni.vn\/san-pham\/\"},{\"@type\":\"ListItem\",\"position\":3,\"name\":\"AMA-TD60007-13\"}]},{\"@type\":\"WebSite\",\"@id\":\"https:\/\/amafurni.vn\/#website\",\"url\":\"https:\/\/amafurni.vn\/\",\"name\":\"AMAFURNI\",\"description\":\"\",\"potentialAction\":[{\"@type\":\"SearchAction\",\"target\":{\"@type\":\"EntryPoint\",\"urlTemplate\":\"https:\/\/amafurni.vn\/?s={search_term_string}\"},\"query-input\":\"required name=search_term_string\"}],\"inLanguage\":\"en-US\"}]}<\/script>\n<!-- \/ Yoast SEO Premium plugin. -->","yoast_head_json":{"title":"AMA-TD60007-13 - AMAFURNI","robots":{"index":"index","follow":"follow","max-snippet":"max-snippet:-1","max-image-preview":"max-image-preview:large","max-video-preview":"max-video-preview:-1"},"canonical":"https:\/\/amafurni.vn\/en\/product\/ama-td60007-13\/","og_locale":"en_US","og_type":"article","og_title":"AMA-TD60007-13","og_description":"B\u00c0N \u0102N B\u1eb0NG \u0110\u00c1 SANG TR\u1eccNG","og_url":"https:\/\/amafurni.vn\/en\/product\/ama-td60007-13\/","og_site_name":"AMAFURNI","article_modified_time":"2025-11-12T07:14:01+00:00","og_image":[{"width":563,"height":637,"url":"https:\/\/amafurni.vn\/wp-content\/uploads\/2024\/06\/TD60007-13.1.jpg","type":"image\/jpeg"}],"twitter_card":"summary_large_image","twitter_misc":{"Est. reading time":"1 minute"},"schema":{"@context":"https:\/\/schema.org","@graph":[{"@type":"WebPage","@id":"https:\/\/amafurni.vn\/san-pham\/ama-td60007-13\/","url":"https:\/\/amafurni.vn\/san-pham\/ama-td60007-13\/","name":"AMA-TD60007-13 - AMAFURNI","isPartOf":{"@id":"https:\/\/amafurni.vn\/#website"},"datePublished":"2024-06-21T05:13:42+00:00","dateModified":"2025-11-12T07:14:01+00:00","breadcrumb":{"@id":"https:\/\/amafurni.vn\/san-pham\/ama-td60007-13\/#breadcrumb"},"inLanguage":"en-US","potentialAction":[{"@type":"ReadAction","target":["https:\/\/amafurni.vn\/san-pham\/ama-td60007-13\/"]}]},{"@type":"BreadcrumbList","@id":"https:\/\/amafurni.vn\/san-pham\/ama-td60007-13\/#breadcrumb","itemListElement":[{"@type":"ListItem","position":1,"name":"Trang ch\u1ee7","item":"https:\/\/amafurni.vn\/"},{"@type":"ListItem","position":2,"name":"S\u1ea3n ph\u1ea9m","item":"https:\/\/amafurni.vn\/san-pham\/"},{"@type":"ListItem","position":3,"name":"AMA-TD60007-13"}]},{"@type":"WebSite","@id":"https:\/\/amafurni.vn\/#website","url":"https:\/\/amafurni.vn\/","name":"AMAFURNI","description":"","potentialAction":[{"@type":"SearchAction","target":{"@type":"EntryPoint","urlTemplate":"https:\/\/amafurni.vn\/?s={search_term_string}"},"query-input":"required name=search_term_string"}],"inLanguage":"en-US"}]}},"_links":{"self":[{"href":"https:\/\/amafurni.vn\/en\/wp-json\/wp\/v2\/product\/14712"}],"collection":[{"href":"https:\/\/amafurni.vn\/en\/wp-json\/wp\/v2\/product"}],"about":[{"href":"https:\/\/amafurni.vn\/en\/wp-json\/wp\/v2\/types\/product"}],"replies":[{"embeddable":true,"href":"https:\/\/amafurni.vn\/en\/wp-json\/wp\/v2\/comments?post=14712"}],"wp:featuredmedia":[{"embeddable":true,"href":"https:\/\/amafurni.vn\/en\/wp-json\/wp\/v2\/media\/14713"}],"wp:attachment":[{"href":"https:\/\/amafurni.vn\/en\/wp-json\/wp\/v2\/media?parent=14712"}],"wp:term":[{"taxonomy":"product_cat","embeddable":true,"href":"https:\/\/amafurni.vn\/en\/wp-json\/wp\/v2\/product_cat?post=14712"},{"taxonomy":"product_tag","embeddable":true,"href":"https:\/\/amafurni.vn\/en\/wp-json\/wp\/v2\/product_tag?post=14712"}],"curies":[{"name":"wp","href":"https:\/\/api.w.org\/{rel}","templated":true}]}}