{"id":15081,"date":"2024-06-25T14:39:39","date_gmt":"2024-06-25T07:39:39","guid":{"rendered":"https:\/\/amafurni.vn\/?post_type=product&#038;p=15081"},"modified":"2026-03-28T13:36:38","modified_gmt":"2026-03-28T06:36:38","slug":"ama-dw20208a","status":"publish","type":"product","link":"https:\/\/amafurni.vn\/en\/product\/ama-dw20208a\/","title":{"rendered":"B\u00e0n l\u00e0m vi\u1ec7c AMA-DW20208A"},"content":{"rendered":"<table class=\"woocommerce-product-attributes shop_attributes\" style=\"width: 99.071102%; height: 290px;\" width=\"929\">\n<tbody>\n<tr class=\"woocommerce-product-attributes-item woocommerce-product-attributes-item--attribute_season\">\n<th class=\"woocommerce-product-attributes-item__label\" style=\"width: 22.558864%;\">Material<\/th>\n<td class=\"woocommerce-product-attributes-item__value\" style=\"width: 72.694636%;\">L\u00f5i MDF &#8211; D\u00e1n Gi\u1ea5y Paper v\u00e2n g\u1ed7<\/p>\n<p>M\u1eb7t b\u00e0n D\u00e1n Da ch\u1ed1ng tr\u1ea7y<\/td>\n<\/tr>\n<tr class=\"woocommerce-product-attributes-item woocommerce-product-attributes-item--attribute_pa_color\">\n<th class=\"woocommerce-product-attributes-item__label\" style=\"width: 22.558864%;\">M\u00e0u S\u1eafc<\/th>\n<td class=\"woocommerce-product-attributes-item__value\" style=\"width: 72.694636%;\">N\u00e2u \u0110\u1ecf<\/td>\n<\/tr>\n<tr class=\"woocommerce-product-attributes-item woocommerce-product-attributes-item--attribute_style\">\n<th class=\"woocommerce-product-attributes-item__label\" style=\"width: 22.558864%;\">Size<\/th>\n<td class=\"woocommerce-product-attributes-item__value\" style=\"width: 72.694636%;\">1200*600*750mm \/ 1400*700*750mm \/ 1600*800*750mm<\/td>\n<\/tr>\n<tr class=\"woocommerce-product-attributes-item woocommerce-product-attributes-item--attribute_pa_material\">\n<th class=\"woocommerce-product-attributes-item__label\" style=\"width: 22.558864%;\">T\u00ednh N\u0103ng<\/th>\n<td class=\"woocommerce-product-attributes-item__value\" style=\"width: 72.694636%;\">B\u00e0n b\u1ed1 tr\u00ed : 03 h\u1ed9c t\u1ee7 k\u00e9o, 01 H\u1ed9c k\u00e9o B\u00e0n ph\u00edm, 01 C\u00e1nh t\u1ee7 l\u1edbn ch\u1ee9a \u0111\u1ed3.<\/p>\n<p>M\u1eb7t b\u00e0n b\u1ed1 tr\u00ed 02 l\u1ed7 lu\u1ed3n d\u00e2y \u0111i\u1ec7n , 01 Mi\u1ebfng DA gi\u00fap ch\u1ed1ng tr\u1ea7y x\u01b0\u1edbc v\u1ecb tr\u00ed s\u1eed d\u1ee5ng<\/td>\n<\/tr>\n<tr class=\"woocommerce-product-attributes-item woocommerce-product-attributes-item--attribute_item-code\">\n<th class=\"woocommerce-product-attributes-item__label\" style=\"width: 22.558864%;\">B\u1ea3o H\u00e0nh<\/th>\n<td class=\"woocommerce-product-attributes-item__value\" style=\"width: 72.694636%;\">12 th\u00e1ng<\/td>\n<\/tr>\n<\/tbody>\n<\/table>","protected":false},"excerpt":{"rendered":"<p><strong>Desk\u00a0<\/strong>l\u00e0 1 m\u1eabu b\u00e0n nh\u1eadp kh\u1ea9u tr\u1ef1c ti\u1ebfp c\u1ee7a\u00a0<strong>N\u1ed8I TH\u1ea4T AMA FURNITURE<\/strong>\u00a0, v\u1edbi thi\u1ebft k\u1ebf tinh t\u1ebf, t\u1ed1i gian t\u1ea1o n\u00ean v\u1ebb \u0111\u1eb9p sang tr\u1ecdng cho kh\u00f4ng gian V\u0103n ph\u00f2ng.<\/p>\n<ul>\n<li>M\u00e3 SP : AMA-DW20208A<\/li>\n<li>Ch\u1ea5t li\u1ec7u : MDF Parer<\/li>\n<li>M\u00e0u s\u1eafc : N\u00e2u \u0111\u1ecf<\/li>\n<li>T\u00ednh n\u0103ng :\n<ul>\n<li>Ch\u1ea5t l\u01b0\u1ee3ng b\u1ec1n ch\u1eafc, s\u1eed d\u1ee5ng l\u00e2u d\u00e0i<\/li>\n<li>D\u1ec5 d\u00e0ng lau ch\u00f9i, v\u1ec7 sinh<\/li>\n<li>Ch\u1ed1ng va \u0111\u1eadp t\u1ed1t<\/li>\n<\/ul>\n<ul>\n<li>M\u1eb7t b\u00e0n thi\u1ebft k\u1ebf tinh t\u1ebf, sang tr\u1ecdng<\/li>\n<\/ul>\n<\/li>\n<\/ul>","protected":false},"featured_media":15299,"comment_status":"closed","ping_status":"closed","template":"","meta":[],"product_cat":[59,168,76],"product_tag":[159],"yoast_head":"<!-- This site is optimized with the Yoast SEO Premium plugin v21.7 (Yoast SEO v21.7) - https:\/\/yoast.com\/wordpress\/plugins\/seo\/ -->\n<title>B\u00e0n l\u00e0m vi\u1ec7c AMA-DW20208A - AMAFURNI<\/title>\n<meta name=\"description\" content=\"Hotline : 0286 2757601 - 0969919449 - 0906963408 . AMA Furniture l\u00e0 Nh\u00e0 Ph\u00e2n Ph\u1ed1i c\u00e1c s\u1ea3n ph\u1ea9m h\u00e0ng \u0111\u1ea7u t\u1ea1i Vi\u1ec7t Nam v\u1ec1 : N\u1ed9i th\u1ea5t b\u00e0n gh\u1ebf v\u0103n ph\u00f2ng, n\u1ed9i th\u1ea5t gia \u0111\u00ecnh, S\u1ea3n xu\u1ea5t thi c\u00f4ng n\u1ed9i th\u1ea5t theo y\u00eau c\u1ea7u , Nh\u00e0 ph\u00e2n ph\u1ed1i M\u00e1y l\u1ecdc n\u01b0\u1edbc Unilever PUREIT, M\u00e1y l\u1ecdc n\u01b0\u1edbc TRULIVA, WELLS, MUTOSI, HO\u00c0 PH\u00c1T, \u0110\u1ed3 \u0111i\u1ec7n gia d\u1ee5ng TEFAL, PHILIPS,\u2026\" \/>\n<meta name=\"robots\" content=\"index, follow, max-snippet:-1, max-image-preview:large, max-video-preview:-1\" \/>\n<link rel=\"canonical\" href=\"https:\/\/amafurni.vn\/en\/product\/ama-dw20208a\/\" \/>\n<meta property=\"og:locale\" content=\"en_US\" \/>\n<meta property=\"og:type\" content=\"article\" \/>\n<meta property=\"og:title\" content=\"B\u00e0n l\u00e0m vi\u1ec7c AMA-DW20208A\" \/>\n<meta property=\"og:description\" content=\"Hotline : 0286 2757601 - 0969919449 - 0906963408 . AMA Furniture l\u00e0 Nh\u00e0 Ph\u00e2n Ph\u1ed1i c\u00e1c s\u1ea3n ph\u1ea9m h\u00e0ng \u0111\u1ea7u t\u1ea1i Vi\u1ec7t Nam v\u1ec1 : N\u1ed9i th\u1ea5t b\u00e0n gh\u1ebf v\u0103n ph\u00f2ng, n\u1ed9i th\u1ea5t gia \u0111\u00ecnh, S\u1ea3n xu\u1ea5t thi c\u00f4ng n\u1ed9i th\u1ea5t theo y\u00eau c\u1ea7u , Nh\u00e0 ph\u00e2n ph\u1ed1i M\u00e1y l\u1ecdc n\u01b0\u1edbc Unilever PUREIT, M\u00e1y l\u1ecdc n\u01b0\u1edbc TRULIVA, WELLS, MUTOSI, HO\u00c0 PH\u00c1T, \u0110\u1ed3 \u0111i\u1ec7n gia d\u1ee5ng TEFAL, PHILIPS,\u2026\" \/>\n<meta property=\"og:url\" content=\"https:\/\/amafurni.vn\/en\/product\/ama-dw20208a\/\" \/>\n<meta property=\"og:site_name\" content=\"AMAFURNI\" \/>\n<meta property=\"article:modified_time\" content=\"2026-03-28T06:36:38+00:00\" \/>\n<meta property=\"og:image\" content=\"https:\/\/amafurni.vn\/wp-content\/uploads\/2024\/06\/DW20208A.jpg\" \/>\n\t<meta property=\"og:image:width\" content=\"1750\" \/>\n\t<meta property=\"og:image:height\" content=\"1582\" \/>\n\t<meta property=\"og:image:type\" content=\"image\/jpeg\" \/>\n<meta name=\"twitter:card\" content=\"summary_large_image\" \/>\n<meta name=\"twitter:label1\" content=\"Est. reading time\" \/>\n\t<meta name=\"twitter:data1\" content=\"1 minute\" \/>\n<script type=\"application\/ld+json\" class=\"yoast-schema-graph\">{\"@context\":\"https:\/\/schema.org\",\"@graph\":[{\"@type\":\"WebPage\",\"@id\":\"https:\/\/amafurni.vn\/san-pham\/ama-dw20208a\/\",\"url\":\"https:\/\/amafurni.vn\/san-pham\/ama-dw20208a\/\",\"name\":\"B\u00e0n l\u00e0m vi\u1ec7c AMA-DW20208A - AMAFURNI\",\"isPartOf\":{\"@id\":\"https:\/\/amafurni.vn\/#website\"},\"datePublished\":\"2024-06-25T07:39:39+00:00\",\"dateModified\":\"2026-03-28T06:36:38+00:00\",\"description\":\"Hotline : 0286 2757601 - 0969919449 - 0906963408 . AMA Furniture l\u00e0 Nh\u00e0 Ph\u00e2n Ph\u1ed1i c\u00e1c s\u1ea3n ph\u1ea9m h\u00e0ng \u0111\u1ea7u t\u1ea1i Vi\u1ec7t Nam v\u1ec1 : N\u1ed9i th\u1ea5t b\u00e0n gh\u1ebf v\u0103n ph\u00f2ng, n\u1ed9i th\u1ea5t gia \u0111\u00ecnh, S\u1ea3n xu\u1ea5t thi c\u00f4ng n\u1ed9i th\u1ea5t theo y\u00eau c\u1ea7u , Nh\u00e0 ph\u00e2n ph\u1ed1i M\u00e1y l\u1ecdc n\u01b0\u1edbc Unilever PUREIT, M\u00e1y l\u1ecdc n\u01b0\u1edbc TRULIVA, WELLS, MUTOSI, HO\u00c0 PH\u00c1T, \u0110\u1ed3 \u0111i\u1ec7n gia d\u1ee5ng TEFAL, PHILIPS,\u2026\",\"breadcrumb\":{\"@id\":\"https:\/\/amafurni.vn\/san-pham\/ama-dw20208a\/#breadcrumb\"},\"inLanguage\":\"en-US\",\"potentialAction\":[{\"@type\":\"ReadAction\",\"target\":[\"https:\/\/amafurni.vn\/san-pham\/ama-dw20208a\/\"]}]},{\"@type\":\"BreadcrumbList\",\"@id\":\"https:\/\/amafurni.vn\/san-pham\/ama-dw20208a\/#breadcrumb\",\"itemListElement\":[{\"@type\":\"ListItem\",\"position\":1,\"name\":\"Trang ch\u1ee7\",\"item\":\"https:\/\/amafurni.vn\/\"},{\"@type\":\"ListItem\",\"position\":2,\"name\":\"S\u1ea3n ph\u1ea9m\",\"item\":\"https:\/\/amafurni.vn\/san-pham\/\"},{\"@type\":\"ListItem\",\"position\":3,\"name\":\"B\u00e0n l\u00e0m vi\u1ec7c AMA-DW20208A\"}]},{\"@type\":\"WebSite\",\"@id\":\"https:\/\/amafurni.vn\/#website\",\"url\":\"https:\/\/amafurni.vn\/\",\"name\":\"AMAFURNI\",\"description\":\"\",\"potentialAction\":[{\"@type\":\"SearchAction\",\"target\":{\"@type\":\"EntryPoint\",\"urlTemplate\":\"https:\/\/amafurni.vn\/?s={search_term_string}\"},\"query-input\":\"required name=search_term_string\"}],\"inLanguage\":\"en-US\"}]}<\/script>\n<!-- \/ Yoast SEO Premium plugin. -->","yoast_head_json":{"title":"B\u00e0n l\u00e0m vi\u1ec7c AMA-DW20208A - AMAFURNI","description":"Hotline : 0286 2757601 - 0969919449 - 0906963408 . AMA Furniture l\u00e0 Nh\u00e0 Ph\u00e2n Ph\u1ed1i c\u00e1c s\u1ea3n ph\u1ea9m h\u00e0ng \u0111\u1ea7u t\u1ea1i Vi\u1ec7t Nam v\u1ec1 : N\u1ed9i th\u1ea5t b\u00e0n gh\u1ebf v\u0103n ph\u00f2ng, n\u1ed9i th\u1ea5t gia \u0111\u00ecnh, S\u1ea3n xu\u1ea5t thi c\u00f4ng n\u1ed9i th\u1ea5t theo y\u00eau c\u1ea7u , Nh\u00e0 ph\u00e2n ph\u1ed1i M\u00e1y l\u1ecdc n\u01b0\u1edbc Unilever PUREIT, M\u00e1y l\u1ecdc n\u01b0\u1edbc TRULIVA, WELLS, MUTOSI, HO\u00c0 PH\u00c1T, \u0110\u1ed3 \u0111i\u1ec7n gia d\u1ee5ng TEFAL, PHILIPS,\u2026","robots":{"index":"index","follow":"follow","max-snippet":"max-snippet:-1","max-image-preview":"max-image-preview:large","max-video-preview":"max-video-preview:-1"},"canonical":"https:\/\/amafurni.vn\/en\/product\/ama-dw20208a\/","og_locale":"en_US","og_type":"article","og_title":"B\u00e0n l\u00e0m vi\u1ec7c AMA-DW20208A","og_description":"Hotline : 0286 2757601 - 0969919449 - 0906963408 . AMA Furniture l\u00e0 Nh\u00e0 Ph\u00e2n Ph\u1ed1i c\u00e1c s\u1ea3n ph\u1ea9m h\u00e0ng \u0111\u1ea7u t\u1ea1i Vi\u1ec7t Nam v\u1ec1 : N\u1ed9i th\u1ea5t b\u00e0n gh\u1ebf v\u0103n ph\u00f2ng, n\u1ed9i th\u1ea5t gia \u0111\u00ecnh, S\u1ea3n xu\u1ea5t thi c\u00f4ng n\u1ed9i th\u1ea5t theo y\u00eau c\u1ea7u , Nh\u00e0 ph\u00e2n ph\u1ed1i M\u00e1y l\u1ecdc n\u01b0\u1edbc Unilever PUREIT, M\u00e1y l\u1ecdc n\u01b0\u1edbc TRULIVA, WELLS, MUTOSI, HO\u00c0 PH\u00c1T, \u0110\u1ed3 \u0111i\u1ec7n gia d\u1ee5ng TEFAL, PHILIPS,\u2026","og_url":"https:\/\/amafurni.vn\/en\/product\/ama-dw20208a\/","og_site_name":"AMAFURNI","article_modified_time":"2026-03-28T06:36:38+00:00","og_image":[{"width":1750,"height":1582,"url":"https:\/\/amafurni.vn\/wp-content\/uploads\/2024\/06\/DW20208A.jpg","type":"image\/jpeg"}],"twitter_card":"summary_large_image","twitter_misc":{"Est. reading time":"1 minute"},"schema":{"@context":"https:\/\/schema.org","@graph":[{"@type":"WebPage","@id":"https:\/\/amafurni.vn\/san-pham\/ama-dw20208a\/","url":"https:\/\/amafurni.vn\/san-pham\/ama-dw20208a\/","name":"B\u00e0n l\u00e0m vi\u1ec7c AMA-DW20208A - AMAFURNI","isPartOf":{"@id":"https:\/\/amafurni.vn\/#website"},"datePublished":"2024-06-25T07:39:39+00:00","dateModified":"2026-03-28T06:36:38+00:00","description":"Hotline : 0286 2757601 - 0969919449 - 0906963408 . AMA Furniture l\u00e0 Nh\u00e0 Ph\u00e2n Ph\u1ed1i c\u00e1c s\u1ea3n ph\u1ea9m h\u00e0ng \u0111\u1ea7u t\u1ea1i Vi\u1ec7t Nam v\u1ec1 : N\u1ed9i th\u1ea5t b\u00e0n gh\u1ebf v\u0103n ph\u00f2ng, n\u1ed9i th\u1ea5t gia \u0111\u00ecnh, S\u1ea3n xu\u1ea5t thi c\u00f4ng n\u1ed9i th\u1ea5t theo y\u00eau c\u1ea7u , Nh\u00e0 ph\u00e2n ph\u1ed1i M\u00e1y l\u1ecdc n\u01b0\u1edbc Unilever PUREIT, M\u00e1y l\u1ecdc n\u01b0\u1edbc TRULIVA, WELLS, MUTOSI, HO\u00c0 PH\u00c1T, \u0110\u1ed3 \u0111i\u1ec7n gia d\u1ee5ng TEFAL, PHILIPS,\u2026","breadcrumb":{"@id":"https:\/\/amafurni.vn\/san-pham\/ama-dw20208a\/#breadcrumb"},"inLanguage":"en-US","potentialAction":[{"@type":"ReadAction","target":["https:\/\/amafurni.vn\/san-pham\/ama-dw20208a\/"]}]},{"@type":"BreadcrumbList","@id":"https:\/\/amafurni.vn\/san-pham\/ama-dw20208a\/#breadcrumb","itemListElement":[{"@type":"ListItem","position":1,"name":"Trang ch\u1ee7","item":"https:\/\/amafurni.vn\/"},{"@type":"ListItem","position":2,"name":"S\u1ea3n ph\u1ea9m","item":"https:\/\/amafurni.vn\/san-pham\/"},{"@type":"ListItem","position":3,"name":"B\u00e0n l\u00e0m vi\u1ec7c AMA-DW20208A"}]},{"@type":"WebSite","@id":"https:\/\/amafurni.vn\/#website","url":"https:\/\/amafurni.vn\/","name":"AMAFURNI","description":"","potentialAction":[{"@type":"SearchAction","target":{"@type":"EntryPoint","urlTemplate":"https:\/\/amafurni.vn\/?s={search_term_string}"},"query-input":"required name=search_term_string"}],"inLanguage":"en-US"}]}},"_links":{"self":[{"href":"https:\/\/amafurni.vn\/en\/wp-json\/wp\/v2\/product\/15081"}],"collection":[{"href":"https:\/\/amafurni.vn\/en\/wp-json\/wp\/v2\/product"}],"about":[{"href":"https:\/\/amafurni.vn\/en\/wp-json\/wp\/v2\/types\/product"}],"replies":[{"embeddable":true,"href":"https:\/\/amafurni.vn\/en\/wp-json\/wp\/v2\/comments?post=15081"}],"wp:featuredmedia":[{"embeddable":true,"href":"https:\/\/amafurni.vn\/en\/wp-json\/wp\/v2\/media\/15299"}],"wp:attachment":[{"href":"https:\/\/amafurni.vn\/en\/wp-json\/wp\/v2\/media?parent=15081"}],"wp:term":[{"taxonomy":"product_cat","embeddable":true,"href":"https:\/\/amafurni.vn\/en\/wp-json\/wp\/v2\/product_cat?post=15081"},{"taxonomy":"product_tag","embeddable":true,"href":"https:\/\/amafurni.vn\/en\/wp-json\/wp\/v2\/product_tag?post=15081"}],"curies":[{"name":"wp","href":"https:\/\/api.w.org\/{rel}","templated":true}]}}