{"id":15097,"date":"2024-06-25T15:10:27","date_gmt":"2024-06-25T08:10:27","guid":{"rendered":"https:\/\/amafurni.vn\/?post_type=product&#038;p=15097"},"modified":"2026-03-13T22:35:22","modified_gmt":"2026-03-13T15:35:22","slug":"ama-dw20201","status":"publish","type":"product","link":"https:\/\/amafurni.vn\/en\/product\/ama-dw20201\/","title":{"rendered":"B\u00e0n l\u00e0m vi\u1ec7c AMA-DW20201"},"content":{"rendered":"<table class=\"woocommerce-product-attributes shop_attributes\" style=\"width: 107%; height: 289px;\" width=\"929\">\n<tbody>\n<tr class=\"woocommerce-product-attributes-item woocommerce-product-attributes-item--attribute_season\">\n<th class=\"woocommerce-product-attributes-item__label\">Material<\/th>\n<td class=\"woocommerce-product-attributes-item__value\">L\u00f5i MDF ch\u1ed1ng \u1ea9m \u00a0\u2013 Ph\u1ee7 Paper ch\u1ed1ng tr\u1ea7y x\u01b0\u1edbc<\/td>\n<\/tr>\n<tr class=\"woocommerce-product-attributes-item woocommerce-product-attributes-item--attribute_pa_color\">\n<th class=\"woocommerce-product-attributes-item__label\">M\u00e0u S\u1eafc<\/th>\n<td class=\"woocommerce-product-attributes-item__value\">\u00a0H\u1ea1t D\u1ebb (C\u00e1nh Gi\u00e1n)<\/td>\n<\/tr>\n<tr class=\"woocommerce-product-attributes-item woocommerce-product-attributes-item--attribute_style\">\n<th class=\"woocommerce-product-attributes-item__label\">Size<\/th>\n<td class=\"woocommerce-product-attributes-item__value\">\u00a01200*600*750mm \/ 1400*800*750mm<\/td>\n<\/tr>\n<tr class=\"woocommerce-product-attributes-item woocommerce-product-attributes-item--attribute_pa_material\">\n<th class=\"woocommerce-product-attributes-item__label\">T\u00ednh N\u0103ng<\/th>\n<td class=\"woocommerce-product-attributes-item__value\">03 h\u1ed9c k\u00e9o, 01 c\u00e1nh c\u1eeda m\u1edf, 01 h\u1ed9c k\u00e9o b\u00e0n ph\u00edm, 02 l\u1ed7 n\u1eafp lu\u1ed3n d\u00e2y \u0111i\u1ec7n tr\u00ean m\u1eb7t b\u00e0n, C\u00f3 mi\u1ebfng l\u00f3t Da ch\u1ed1ng tr\u1ea7y m\u1eb7t b\u00e0n<\/td>\n<\/tr>\n<tr class=\"woocommerce-product-attributes-item woocommerce-product-attributes-item--attribute_item-code\">\n<th class=\"woocommerce-product-attributes-item__label\">B\u1ea3o H\u00e0nh<\/th>\n<td class=\"woocommerce-product-attributes-item__value\">12 th\u00e1ng<\/td>\n<\/tr>\n<\/tbody>\n<\/table>\n<p>&nbsp;<\/p>","protected":false},"excerpt":{"rendered":"<p><strong>B\u00e0n l\u00e0m vi\u1ec7c AMA-DW20201\u00a0<\/strong>l\u00e0 m\u1eabu b\u00e0n nh\u1eadp kh\u1ea9u tr\u1ef1c ti\u1ebfp c\u1ee7a <strong>AMA FURNITURE<\/strong>\u00a0, v\u1edbi thi\u1ebft k\u1ebf tinh t\u1ebf, t\u1ed1i gian t\u1ea1o n\u00ean v\u1ebb \u0111\u1eb9p sang tr\u1ecdng cho kh\u00f4ng gian V\u0103n ph\u00f2ng.<\/p>\n<ul>\n<li>M\u00e3 SP : AMA-DW20201<\/li>\n<li>Ch\u1ea5t li\u1ec7u : MDF Parer<\/li>\n<li>M\u00e0u s\u1eafc : N\u00e2u \u0111\u1ecf<\/li>\n<li>T\u00ednh n\u0103ng :\n<ul>\n<li>Ch\u1ea5t l\u01b0\u1ee3ng b\u1ec1n ch\u1eafc, s\u1eed d\u1ee5ng l\u00e2u d\u00e0i<\/li>\n<li>D\u1ec5 d\u00e0ng lau ch\u00f9i, v\u1ec7 sinh<\/li>\n<li>Ch\u1ed1ng va \u0111\u1eadp t\u1ed1t<\/li>\n<\/ul>\n<ul>\n<li>M\u1eb7t b\u00e0n thi\u1ebft k\u1ebf tinh t\u1ebf, sang tr\u1ecdng<\/li>\n<\/ul>\n<\/li>\n<li>B\u1ea3o h\u00e0nh : 12 th\u00e1ng t\u1ea5t c\u1ea3 l\u1ed7i k\u1ef9 thu\u1eadt<\/li>\n<li>L\u1eafp \u0111\u1eb7t mi\u1ec5n ph\u00ed \u1edf khu v\u1ef1c c\u00e1c Ph\u01b0\u1eddng n\u1ed9i th\u00e0nh TP.H\u1ed3 Ch\u00ed Minh<\/li>\n<\/ul>","protected":false},"featured_media":15137,"comment_status":"closed","ping_status":"closed","template":"","meta":[],"product_cat":[59,168,76],"product_tag":[159],"yoast_head":"<!-- This site is optimized with the Yoast SEO Premium plugin v21.7 (Yoast SEO v21.7) - https:\/\/yoast.com\/wordpress\/plugins\/seo\/ -->\n<title>B\u00e0n l\u00e0m vi\u1ec7c AMA-DW20201 - AMAFURNI<\/title>\n<meta name=\"robots\" content=\"index, follow, max-snippet:-1, max-image-preview:large, max-video-preview:-1\" \/>\n<link rel=\"canonical\" href=\"https:\/\/amafurni.vn\/en\/product\/ama-dw20201\/\" \/>\n<meta property=\"og:locale\" content=\"en_US\" \/>\n<meta property=\"og:type\" content=\"article\" \/>\n<meta property=\"og:title\" content=\"B\u00e0n l\u00e0m vi\u1ec7c AMA-DW20201\" \/>\n<meta property=\"og:description\" content=\"B\u00e0n l\u00e0m vi\u1ec7c AMA-DW20201\u00a0l\u00e0 m\u1eabu b\u00e0n nh\u1eadp kh\u1ea9u tr\u1ef1c ti\u1ebfp c\u1ee7a AMA FURNITURE\u00a0, v\u1edbi thi\u1ebft k\u1ebf tinh t\u1ebf, t\u1ed1i gian t\u1ea1o n\u00ean v\u1ebb \u0111\u1eb9p sang tr\u1ecdng cho kh\u00f4ng gian V\u0103n ph\u00f2ng.   M\u00e3 SP : AMA-DW20201  Ch\u1ea5t li\u1ec7u : MDF Parer  M\u00e0u s\u1eafc : N\u00e2u \u0111\u1ecf  T\u00ednh n\u0103ng :   Ch\u1ea5t l\u01b0\u1ee3ng b\u1ec1n ch\u1eafc, s\u1eed d\u1ee5ng l\u00e2u d\u00e0i  D\u1ec5 d\u00e0ng lau ch\u00f9i, v\u1ec7 sinh  Ch\u1ed1ng va \u0111\u1eadp t\u1ed1t    M\u1eb7t b\u00e0n thi\u1ebft k\u1ebf tinh t\u1ebf, sang tr\u1ecdng    B\u1ea3o h\u00e0nh : 12 th\u00e1ng t\u1ea5t c\u1ea3 l\u1ed7i k\u1ef9 thu\u1eadt  L\u1eafp \u0111\u1eb7t mi\u1ec5n ph\u00ed \u1edf khu v\u1ef1c c\u00e1c Ph\u01b0\u1eddng n\u1ed9i th\u00e0nh TP.H\u1ed3 Ch\u00ed Minh\" \/>\n<meta property=\"og:url\" content=\"https:\/\/amafurni.vn\/en\/product\/ama-dw20201\/\" \/>\n<meta property=\"og:site_name\" content=\"AMAFURNI\" \/>\n<meta property=\"article:modified_time\" content=\"2026-03-13T15:35:22+00:00\" \/>\n<meta property=\"og:image\" content=\"https:\/\/amafurni.vn\/wp-content\/uploads\/2024\/06\/fc108410-1960-4d34-b4f7-4102d5fe4a2a.jpeg\" \/>\n\t<meta property=\"og:image:width\" content=\"800\" \/>\n\t<meta property=\"og:image:height\" content=\"800\" \/>\n\t<meta property=\"og:image:type\" content=\"image\/jpeg\" \/>\n<meta name=\"twitter:card\" content=\"summary_large_image\" \/>\n<meta name=\"twitter:label1\" content=\"Est. reading time\" \/>\n\t<meta name=\"twitter:data1\" content=\"1 minute\" \/>\n<script type=\"application\/ld+json\" class=\"yoast-schema-graph\">{\"@context\":\"https:\/\/schema.org\",\"@graph\":[{\"@type\":\"WebPage\",\"@id\":\"https:\/\/amafurni.vn\/san-pham\/ama-dw20201\/\",\"url\":\"https:\/\/amafurni.vn\/san-pham\/ama-dw20201\/\",\"name\":\"B\u00e0n l\u00e0m vi\u1ec7c AMA-DW20201 - AMAFURNI\",\"isPartOf\":{\"@id\":\"https:\/\/amafurni.vn\/#website\"},\"datePublished\":\"2024-06-25T08:10:27+00:00\",\"dateModified\":\"2026-03-13T15:35:22+00:00\",\"breadcrumb\":{\"@id\":\"https:\/\/amafurni.vn\/san-pham\/ama-dw20201\/#breadcrumb\"},\"inLanguage\":\"en-US\",\"potentialAction\":[{\"@type\":\"ReadAction\",\"target\":[\"https:\/\/amafurni.vn\/san-pham\/ama-dw20201\/\"]}]},{\"@type\":\"BreadcrumbList\",\"@id\":\"https:\/\/amafurni.vn\/san-pham\/ama-dw20201\/#breadcrumb\",\"itemListElement\":[{\"@type\":\"ListItem\",\"position\":1,\"name\":\"Trang ch\u1ee7\",\"item\":\"https:\/\/amafurni.vn\/\"},{\"@type\":\"ListItem\",\"position\":2,\"name\":\"S\u1ea3n ph\u1ea9m\",\"item\":\"https:\/\/amafurni.vn\/san-pham\/\"},{\"@type\":\"ListItem\",\"position\":3,\"name\":\"B\u00e0n l\u00e0m vi\u1ec7c AMA-DW20201\"}]},{\"@type\":\"WebSite\",\"@id\":\"https:\/\/amafurni.vn\/#website\",\"url\":\"https:\/\/amafurni.vn\/\",\"name\":\"AMAFURNI\",\"description\":\"\",\"potentialAction\":[{\"@type\":\"SearchAction\",\"target\":{\"@type\":\"EntryPoint\",\"urlTemplate\":\"https:\/\/amafurni.vn\/?s={search_term_string}\"},\"query-input\":\"required name=search_term_string\"}],\"inLanguage\":\"en-US\"}]}<\/script>\n<!-- \/ Yoast SEO Premium plugin. -->","yoast_head_json":{"title":"B\u00e0n l\u00e0m vi\u1ec7c AMA-DW20201 - AMAFURNI","robots":{"index":"index","follow":"follow","max-snippet":"max-snippet:-1","max-image-preview":"max-image-preview:large","max-video-preview":"max-video-preview:-1"},"canonical":"https:\/\/amafurni.vn\/en\/product\/ama-dw20201\/","og_locale":"en_US","og_type":"article","og_title":"B\u00e0n l\u00e0m vi\u1ec7c AMA-DW20201","og_description":"B\u00e0n l\u00e0m vi\u1ec7c AMA-DW20201\u00a0l\u00e0 m\u1eabu b\u00e0n nh\u1eadp kh\u1ea9u tr\u1ef1c ti\u1ebfp c\u1ee7a AMA FURNITURE\u00a0, v\u1edbi thi\u1ebft k\u1ebf tinh t\u1ebf, t\u1ed1i gian t\u1ea1o n\u00ean v\u1ebb \u0111\u1eb9p sang tr\u1ecdng cho kh\u00f4ng gian V\u0103n ph\u00f2ng.   M\u00e3 SP : AMA-DW20201  Ch\u1ea5t li\u1ec7u : MDF Parer  M\u00e0u s\u1eafc : N\u00e2u \u0111\u1ecf  T\u00ednh n\u0103ng :   Ch\u1ea5t l\u01b0\u1ee3ng b\u1ec1n ch\u1eafc, s\u1eed d\u1ee5ng l\u00e2u d\u00e0i  D\u1ec5 d\u00e0ng lau ch\u00f9i, v\u1ec7 sinh  Ch\u1ed1ng va \u0111\u1eadp t\u1ed1t    M\u1eb7t b\u00e0n thi\u1ebft k\u1ebf tinh t\u1ebf, sang tr\u1ecdng    B\u1ea3o h\u00e0nh : 12 th\u00e1ng t\u1ea5t c\u1ea3 l\u1ed7i k\u1ef9 thu\u1eadt  L\u1eafp \u0111\u1eb7t mi\u1ec5n ph\u00ed \u1edf khu v\u1ef1c c\u00e1c Ph\u01b0\u1eddng n\u1ed9i th\u00e0nh TP.H\u1ed3 Ch\u00ed Minh","og_url":"https:\/\/amafurni.vn\/en\/product\/ama-dw20201\/","og_site_name":"AMAFURNI","article_modified_time":"2026-03-13T15:35:22+00:00","og_image":[{"width":800,"height":800,"url":"https:\/\/amafurni.vn\/wp-content\/uploads\/2024\/06\/fc108410-1960-4d34-b4f7-4102d5fe4a2a.jpeg","type":"image\/jpeg"}],"twitter_card":"summary_large_image","twitter_misc":{"Est. reading time":"1 minute"},"schema":{"@context":"https:\/\/schema.org","@graph":[{"@type":"WebPage","@id":"https:\/\/amafurni.vn\/san-pham\/ama-dw20201\/","url":"https:\/\/amafurni.vn\/san-pham\/ama-dw20201\/","name":"B\u00e0n l\u00e0m vi\u1ec7c AMA-DW20201 - AMAFURNI","isPartOf":{"@id":"https:\/\/amafurni.vn\/#website"},"datePublished":"2024-06-25T08:10:27+00:00","dateModified":"2026-03-13T15:35:22+00:00","breadcrumb":{"@id":"https:\/\/amafurni.vn\/san-pham\/ama-dw20201\/#breadcrumb"},"inLanguage":"en-US","potentialAction":[{"@type":"ReadAction","target":["https:\/\/amafurni.vn\/san-pham\/ama-dw20201\/"]}]},{"@type":"BreadcrumbList","@id":"https:\/\/amafurni.vn\/san-pham\/ama-dw20201\/#breadcrumb","itemListElement":[{"@type":"ListItem","position":1,"name":"Trang ch\u1ee7","item":"https:\/\/amafurni.vn\/"},{"@type":"ListItem","position":2,"name":"S\u1ea3n ph\u1ea9m","item":"https:\/\/amafurni.vn\/san-pham\/"},{"@type":"ListItem","position":3,"name":"B\u00e0n l\u00e0m vi\u1ec7c AMA-DW20201"}]},{"@type":"WebSite","@id":"https:\/\/amafurni.vn\/#website","url":"https:\/\/amafurni.vn\/","name":"AMAFURNI","description":"","potentialAction":[{"@type":"SearchAction","target":{"@type":"EntryPoint","urlTemplate":"https:\/\/amafurni.vn\/?s={search_term_string}"},"query-input":"required name=search_term_string"}],"inLanguage":"en-US"}]}},"_links":{"self":[{"href":"https:\/\/amafurni.vn\/en\/wp-json\/wp\/v2\/product\/15097"}],"collection":[{"href":"https:\/\/amafurni.vn\/en\/wp-json\/wp\/v2\/product"}],"about":[{"href":"https:\/\/amafurni.vn\/en\/wp-json\/wp\/v2\/types\/product"}],"replies":[{"embeddable":true,"href":"https:\/\/amafurni.vn\/en\/wp-json\/wp\/v2\/comments?post=15097"}],"wp:featuredmedia":[{"embeddable":true,"href":"https:\/\/amafurni.vn\/en\/wp-json\/wp\/v2\/media\/15137"}],"wp:attachment":[{"href":"https:\/\/amafurni.vn\/en\/wp-json\/wp\/v2\/media?parent=15097"}],"wp:term":[{"taxonomy":"product_cat","embeddable":true,"href":"https:\/\/amafurni.vn\/en\/wp-json\/wp\/v2\/product_cat?post=15097"},{"taxonomy":"product_tag","embeddable":true,"href":"https:\/\/amafurni.vn\/en\/wp-json\/wp\/v2\/product_tag?post=15097"}],"curies":[{"name":"wp","href":"https:\/\/api.w.org\/{rel}","templated":true}]}}