{"id":15651,"date":"2024-07-02T14:57:40","date_gmt":"2024-07-02T07:57:40","guid":{"rendered":"https:\/\/amafurni.vn\/?post_type=product&#038;p=15651"},"modified":"2025-11-12T14:14:26","modified_gmt":"2025-11-12T07:14:26","slug":"ama-giam-doc-rc10304","status":"publish","type":"product","link":"https:\/\/amafurni.vn\/en\/product\/ama-giam-doc-rc10304\/","title":{"rendered":"Gh\u1ebf gi\u00e1m \u0111\u1ed1c AMA-RC10304"},"content":{"rendered":"<p><strong>Gh\u1ebf gi\u00e1m \u0111\u1ed1c AMA-RC10304<\/strong><\/p>\n<table class=\"woocommerce-product-attributes shop_attributes\" style=\"width: 98.751%;height: 272px\" width=\"929\">\n<tbody>\n<tr class=\"woocommerce-product-attributes-item woocommerce-product-attributes-item--attribute_season\" style=\"height: 23px\">\n<th class=\"woocommerce-product-attributes-item__label\" style=\"width: 11.0247%;height: 23px\">Ch\u1ea5t Li\u1ec7u.<\/th>\n<td class=\"woocommerce-product-attributes-item__value\" style=\"width: 117.018%;height: 23px\">B\u1ecdc da PVC, Ch\u00e2n \u1ed1p g\u1ed7<\/td>\n<\/tr>\n<tr class=\"woocommerce-product-attributes-item woocommerce-product-attributes-item--attribute_season\" style=\"height: 23px\">\n<th class=\"woocommerce-product-attributes-item__label\" style=\"width: 11.0247%;height: 23px\">K\u00edch th\u01b0\u1edbc<\/th>\n<td class=\"woocommerce-product-attributes-item__value\" style=\"width: 117.018%;height: 23px\">\u0110ang c\u1eadp nh\u1eadt.<\/td>\n<\/tr>\n<tr class=\"woocommerce-product-attributes-item woocommerce-product-attributes-item--attribute_pa_color\" style=\"height: 23px\">\n<th class=\"woocommerce-product-attributes-item__label\" style=\"width: 11.0247%;height: 23px\">M\u00e0u S\u1eafc<\/th>\n<td class=\"woocommerce-product-attributes-item__value\" style=\"width: 117.018%;height: 23px\">N\u00c2U\/ \u0110EN<\/td>\n<\/tr>\n<tr class=\"woocommerce-product-attributes-item woocommerce-product-attributes-item--attribute_pa_material\" style=\"height: 23px\">\n<th class=\"woocommerce-product-attributes-item__label\" style=\"width: 11.0247%;height: 23px\">T\u00ednh N\u0103ng<\/th>\n<td class=\"woocommerce-product-attributes-item__value\" style=\"width: 117.018%;height: 23px\">T\u0103ng\/Gi\u1ea3m chi\u1ec1u cao, Xoay 360 \u0111\u1ed9, G\u1eadt g\u00f9 b\u1eadp b\u00eanh, Ng\u1ea3 l\u01b0ng kho\u00e1 ch\u1ed1t c\u1ed1 \u0111\u1ecbnh k\u00e8m ch\u00e2n g\u00e1c<\/td>\n<\/tr>\n<tr class=\"woocommerce-product-attributes-item woocommerce-product-attributes-item--attribute_item-code\" style=\"height: 23px\">\n<th class=\"woocommerce-product-attributes-item__label\" style=\"width: 11.0247%;height: 23px\">B\u1ea3o H\u00e0nh<\/th>\n<td class=\"woocommerce-product-attributes-item__value\" style=\"width: 117.018%;height: 23px\">12 th\u00e1ng<\/td>\n<\/tr>\n<\/tbody>\n<\/table>","protected":false},"excerpt":{"rendered":"<p><strong>Gh\u1ebf Gi\u00e1m \u0110\u1ed1c l\u00e0 1 m\u1eabu gh\u1ebf nh\u1eadp kh\u1ea9u tr\u1ef1c ti\u1ebfp c\u1ee7a N\u1ed8I TH\u1ea4T AMA FURNITURE , v\u1edbi thi\u1ebft k\u1ebf tinh t\u1ebf , t\u1ed1i gian t\u1ea1o n\u00ean v\u1ebb \u0111\u1eb9p sang tr\u1ecdng cho kh\u00f4ng gian L\u00e0m vi\u1ec7c, V\u0103n ph\u00f2ng, C\u00f4ng ty v.v.<\/strong><\/p>\n<p>M\u00e3 SP : AMA-RC10304<br \/>\nCh\u1ea5t li\u1ec7u : B\u1ecdc da PVC, Ch\u00e2n \u1ed1p g\u1ed7<br \/>\nM\u00e0u s\u1eafc : N\u00c2U\/ \u0110EN<br \/>\nK\u00edch th\u01b0\u1edbc : \u0110ang c\u1eadp nh\u1eadt.<br \/>\nT\u00ednh n\u0103ng :<br \/>\nCh\u1ea5t l\u01b0\u1ee3ng b\u1ec1n ch\u1eafc, s\u1eed d\u1ee5ng l\u00e2u d\u00e0i<br \/>\nD\u1ec5 d\u00e0ng lau ch\u00f9i, v\u1ec7 sinh<br \/>\nCh\u1ed1ng va \u0111\u1eadp t\u1ed1t, m\u00e0u s\u1eafc s\u1ed1ng \u0111\u1ed9ng<\/p>","protected":false},"featured_media":23530,"comment_status":"closed","ping_status":"closed","template":"","meta":[],"product_cat":[59,69,106,109],"product_tag":[189,566],"yoast_head":"<!-- This site is optimized with the Yoast SEO Premium plugin v21.7 (Yoast SEO v21.7) - https:\/\/yoast.com\/wordpress\/plugins\/seo\/ -->\n<title>Gh\u1ebf gi\u00e1m \u0111\u1ed1c AMA-RC10304 - AMAFURNI<\/title>\n<meta name=\"description\" content=\"Gh\u1ebf gi\u00e1m \u0111\u1ed1c hi\u1ec7n \u0111\u1ea1i, sang tr\u1ecdng cho v\u0103n ph\u00f2ng...khi ng\u1ed3i l\u00ean mang l\u1ea1i c\u1ea3m gi\u00e1c tho\u1ea3i m\u00e1i Hotline AMA Furniture: 0969919449 - 0906963408\" \/>\n<meta name=\"robots\" content=\"index, follow, max-snippet:-1, max-image-preview:large, max-video-preview:-1\" \/>\n<link rel=\"canonical\" href=\"https:\/\/amafurni.vn\/en\/product\/ama-giam-doc-rc10304\/\" \/>\n<meta property=\"og:locale\" content=\"en_US\" \/>\n<meta property=\"og:type\" content=\"article\" \/>\n<meta property=\"og:title\" content=\"Gh\u1ebf gi\u00e1m \u0111\u1ed1c AMA-RC10304\" \/>\n<meta property=\"og:description\" content=\"Gh\u1ebf gi\u00e1m \u0111\u1ed1c hi\u1ec7n \u0111\u1ea1i, sang tr\u1ecdng cho v\u0103n ph\u00f2ng...khi ng\u1ed3i l\u00ean mang l\u1ea1i c\u1ea3m gi\u00e1c tho\u1ea3i m\u00e1i Hotline AMA Furniture: 0969919449 - 0906963408\" \/>\n<meta property=\"og:url\" content=\"https:\/\/amafurni.vn\/en\/product\/ama-giam-doc-rc10304\/\" \/>\n<meta property=\"og:site_name\" content=\"AMAFURNI\" \/>\n<meta property=\"article:modified_time\" content=\"2025-11-12T07:14:26+00:00\" \/>\n<meta property=\"og:image\" content=\"https:\/\/amafurni.vn\/wp-content\/uploads\/2024\/07\/AMA-RC10304.jpg\" \/>\n\t<meta property=\"og:image:width\" content=\"800\" \/>\n\t<meta property=\"og:image:height\" content=\"800\" \/>\n\t<meta property=\"og:image:type\" content=\"image\/jpeg\" \/>\n<meta name=\"twitter:card\" content=\"summary_large_image\" \/>\n<meta name=\"twitter:label1\" content=\"Est. reading time\" \/>\n\t<meta name=\"twitter:data1\" content=\"1 minute\" \/>\n<script type=\"application\/ld+json\" class=\"yoast-schema-graph\">{\"@context\":\"https:\/\/schema.org\",\"@graph\":[{\"@type\":\"WebPage\",\"@id\":\"https:\/\/amafurni.vn\/san-pham\/ama-giam-doc-rc10304\/\",\"url\":\"https:\/\/amafurni.vn\/san-pham\/ama-giam-doc-rc10304\/\",\"name\":\"Gh\u1ebf gi\u00e1m \u0111\u1ed1c AMA-RC10304 - AMAFURNI\",\"isPartOf\":{\"@id\":\"https:\/\/amafurni.vn\/#website\"},\"datePublished\":\"2024-07-02T07:57:40+00:00\",\"dateModified\":\"2025-11-12T07:14:26+00:00\",\"description\":\"Gh\u1ebf gi\u00e1m \u0111\u1ed1c hi\u1ec7n \u0111\u1ea1i, sang tr\u1ecdng cho v\u0103n ph\u00f2ng...khi ng\u1ed3i l\u00ean mang l\u1ea1i c\u1ea3m gi\u00e1c tho\u1ea3i m\u00e1i Hotline AMA Furniture: 0969919449 - 0906963408\",\"breadcrumb\":{\"@id\":\"https:\/\/amafurni.vn\/san-pham\/ama-giam-doc-rc10304\/#breadcrumb\"},\"inLanguage\":\"en-US\",\"potentialAction\":[{\"@type\":\"ReadAction\",\"target\":[\"https:\/\/amafurni.vn\/san-pham\/ama-giam-doc-rc10304\/\"]}]},{\"@type\":\"BreadcrumbList\",\"@id\":\"https:\/\/amafurni.vn\/san-pham\/ama-giam-doc-rc10304\/#breadcrumb\",\"itemListElement\":[{\"@type\":\"ListItem\",\"position\":1,\"name\":\"Trang ch\u1ee7\",\"item\":\"https:\/\/amafurni.vn\/\"},{\"@type\":\"ListItem\",\"position\":2,\"name\":\"S\u1ea3n ph\u1ea9m\",\"item\":\"https:\/\/amafurni.vn\/san-pham\/\"},{\"@type\":\"ListItem\",\"position\":3,\"name\":\"Gh\u1ebf gi\u00e1m \u0111\u1ed1c AMA-RC10304\"}]},{\"@type\":\"WebSite\",\"@id\":\"https:\/\/amafurni.vn\/#website\",\"url\":\"https:\/\/amafurni.vn\/\",\"name\":\"AMAFURNI\",\"description\":\"\",\"potentialAction\":[{\"@type\":\"SearchAction\",\"target\":{\"@type\":\"EntryPoint\",\"urlTemplate\":\"https:\/\/amafurni.vn\/?s={search_term_string}\"},\"query-input\":\"required name=search_term_string\"}],\"inLanguage\":\"en-US\"}]}<\/script>\n<!-- \/ Yoast SEO Premium plugin. -->","yoast_head_json":{"title":"Gh\u1ebf gi\u00e1m \u0111\u1ed1c AMA-RC10304 - AMAFURNI","description":"Gh\u1ebf gi\u00e1m \u0111\u1ed1c hi\u1ec7n \u0111\u1ea1i, sang tr\u1ecdng cho v\u0103n ph\u00f2ng...khi ng\u1ed3i l\u00ean mang l\u1ea1i c\u1ea3m gi\u00e1c tho\u1ea3i m\u00e1i Hotline AMA Furniture: 0969919449 - 0906963408","robots":{"index":"index","follow":"follow","max-snippet":"max-snippet:-1","max-image-preview":"max-image-preview:large","max-video-preview":"max-video-preview:-1"},"canonical":"https:\/\/amafurni.vn\/en\/product\/ama-giam-doc-rc10304\/","og_locale":"en_US","og_type":"article","og_title":"Gh\u1ebf gi\u00e1m \u0111\u1ed1c AMA-RC10304","og_description":"Gh\u1ebf gi\u00e1m \u0111\u1ed1c hi\u1ec7n \u0111\u1ea1i, sang tr\u1ecdng cho v\u0103n ph\u00f2ng...khi ng\u1ed3i l\u00ean mang l\u1ea1i c\u1ea3m gi\u00e1c tho\u1ea3i m\u00e1i Hotline AMA Furniture: 0969919449 - 0906963408","og_url":"https:\/\/amafurni.vn\/en\/product\/ama-giam-doc-rc10304\/","og_site_name":"AMAFURNI","article_modified_time":"2025-11-12T07:14:26+00:00","og_image":[{"width":800,"height":800,"url":"https:\/\/amafurni.vn\/wp-content\/uploads\/2024\/07\/AMA-RC10304.jpg","type":"image\/jpeg"}],"twitter_card":"summary_large_image","twitter_misc":{"Est. reading time":"1 minute"},"schema":{"@context":"https:\/\/schema.org","@graph":[{"@type":"WebPage","@id":"https:\/\/amafurni.vn\/san-pham\/ama-giam-doc-rc10304\/","url":"https:\/\/amafurni.vn\/san-pham\/ama-giam-doc-rc10304\/","name":"Gh\u1ebf gi\u00e1m \u0111\u1ed1c AMA-RC10304 - AMAFURNI","isPartOf":{"@id":"https:\/\/amafurni.vn\/#website"},"datePublished":"2024-07-02T07:57:40+00:00","dateModified":"2025-11-12T07:14:26+00:00","description":"Gh\u1ebf gi\u00e1m \u0111\u1ed1c hi\u1ec7n \u0111\u1ea1i, sang tr\u1ecdng cho v\u0103n ph\u00f2ng...khi ng\u1ed3i l\u00ean mang l\u1ea1i c\u1ea3m gi\u00e1c tho\u1ea3i m\u00e1i Hotline AMA Furniture: 0969919449 - 0906963408","breadcrumb":{"@id":"https:\/\/amafurni.vn\/san-pham\/ama-giam-doc-rc10304\/#breadcrumb"},"inLanguage":"en-US","potentialAction":[{"@type":"ReadAction","target":["https:\/\/amafurni.vn\/san-pham\/ama-giam-doc-rc10304\/"]}]},{"@type":"BreadcrumbList","@id":"https:\/\/amafurni.vn\/san-pham\/ama-giam-doc-rc10304\/#breadcrumb","itemListElement":[{"@type":"ListItem","position":1,"name":"Trang ch\u1ee7","item":"https:\/\/amafurni.vn\/"},{"@type":"ListItem","position":2,"name":"S\u1ea3n ph\u1ea9m","item":"https:\/\/amafurni.vn\/san-pham\/"},{"@type":"ListItem","position":3,"name":"Gh\u1ebf gi\u00e1m \u0111\u1ed1c AMA-RC10304"}]},{"@type":"WebSite","@id":"https:\/\/amafurni.vn\/#website","url":"https:\/\/amafurni.vn\/","name":"AMAFURNI","description":"","potentialAction":[{"@type":"SearchAction","target":{"@type":"EntryPoint","urlTemplate":"https:\/\/amafurni.vn\/?s={search_term_string}"},"query-input":"required name=search_term_string"}],"inLanguage":"en-US"}]}},"_links":{"self":[{"href":"https:\/\/amafurni.vn\/en\/wp-json\/wp\/v2\/product\/15651"}],"collection":[{"href":"https:\/\/amafurni.vn\/en\/wp-json\/wp\/v2\/product"}],"about":[{"href":"https:\/\/amafurni.vn\/en\/wp-json\/wp\/v2\/types\/product"}],"replies":[{"embeddable":true,"href":"https:\/\/amafurni.vn\/en\/wp-json\/wp\/v2\/comments?post=15651"}],"wp:featuredmedia":[{"embeddable":true,"href":"https:\/\/amafurni.vn\/en\/wp-json\/wp\/v2\/media\/23530"}],"wp:attachment":[{"href":"https:\/\/amafurni.vn\/en\/wp-json\/wp\/v2\/media?parent=15651"}],"wp:term":[{"taxonomy":"product_cat","embeddable":true,"href":"https:\/\/amafurni.vn\/en\/wp-json\/wp\/v2\/product_cat?post=15651"},{"taxonomy":"product_tag","embeddable":true,"href":"https:\/\/amafurni.vn\/en\/wp-json\/wp\/v2\/product_tag?post=15651"}],"curies":[{"name":"wp","href":"https:\/\/api.w.org\/{rel}","templated":true}]}}