{"id":15765,"date":"2024-07-08T10:27:09","date_gmt":"2024-07-08T03:27:09","guid":{"rendered":"https:\/\/amafurni.vn\/?post_type=product&#038;p=15765"},"modified":"2025-11-12T14:14:28","modified_gmt":"2025-11-12T07:14:28","slug":"ban-vi-tinh-ama8613","status":"publish","type":"product","link":"https:\/\/amafurni.vn\/en\/product\/ban-vi-tinh-ama8613\/","title":{"rendered":"B\u00e0n vi t\u00ednh AMA-8613"},"content":{"rendered":"<p><span style=\"font-size: 14pt;\"><strong>B\u00e0n vi t\u00ednh AMA-8613<\/strong><\/span><\/p>\n<table class=\"woocommerce-product-attributes shop_attributes\" style=\"width: 100.038%; height: 200px;\" width=\"929\">\n<tbody>\n<tr class=\"woocommerce-product-attributes-item woocommerce-product-attributes-item--attribute_season\" style=\"height: 36px;\">\n<th class=\"woocommerce-product-attributes-item__label\" style=\"height: 36px; width: 38.8108%;\">Material<\/th>\n<td class=\"woocommerce-product-attributes-item__value\" style=\"height: 36px; width: 59.6757%;\">MDF-PAPER<\/td>\n<\/tr>\n<tr class=\"woocommerce-product-attributes-item woocommerce-product-attributes-item--attribute_pa_color\" style=\"height: 38px;\">\n<th class=\"woocommerce-product-attributes-item__label\" style=\"height: 38px; width: 38.8108%;\">M\u00e0u S\u1eafc<\/th>\n<td class=\"woocommerce-product-attributes-item__value\" style=\"height: 38px; width: 59.6757%;\">V\u00e0ng, H\u1ea1t d\u1ebb, Tr\u1eafng<\/td>\n<\/tr>\n<tr class=\"woocommerce-product-attributes-item woocommerce-product-attributes-item--attribute_style\" style=\"height: 42px;\">\n<th class=\"woocommerce-product-attributes-item__label\" style=\"height: 42px; width: 38.8108%;\">Size<\/th>\n<td class=\"woocommerce-product-attributes-item__value\" style=\"height: 42px; width: 59.6757%;\">1200*600*760<\/td>\n<\/tr>\n<tr class=\"woocommerce-product-attributes-item woocommerce-product-attributes-item--attribute_pa_material\" style=\"height: 37px;\">\n<th class=\"woocommerce-product-attributes-item__label\" style=\"height: 37px; width: 38.8108%;\">T\u00ednh N\u0103ng<\/th>\n<td class=\"woocommerce-product-attributes-item__value\" style=\"height: 37px; width: 59.6757%;\">Ng\u1ed3i c\u1ed1 \u0111\u1ecbnh<\/td>\n<\/tr>\n<tr class=\"woocommerce-product-attributes-item woocommerce-product-attributes-item--attribute_item-code\" style=\"height: 47px;\">\n<th class=\"woocommerce-product-attributes-item__label\" style=\"height: 47px; width: 38.8108%;\">B\u1ea3o H\u00e0nh<\/th>\n<td class=\"woocommerce-product-attributes-item__value\" style=\"height: 47px; width: 59.6757%;\">1 n\u0103m<\/td>\n<\/tr>\n<\/tbody>\n<\/table>","protected":false},"excerpt":{"rendered":"<p><strong>B\u00e0n vi t\u00ednh\u00a0<\/strong>l\u00e0 1 m\u1eabu b\u00e0n nh\u1eadp kh\u1ea9u tr\u1ef1c ti\u1ebfp c\u1ee7a\u00a0<strong>N\u1ed8I TH\u1ea4T AMA FURNITURE<\/strong>\u00a0, v\u1edbi thi\u1ebft k\u1ebf tinh t\u1ebf, t\u1ed1i gian t\u1ea1o n\u00ean v\u1ebb \u0111\u1eb9p sang tr\u1ecdng cho kh\u00f4ng gian V\u0103n ph\u00f2ng.<\/p>\n<ul>\n<li>M\u00e3 SP : AMA-8613<\/li>\n<li>Ch\u1ea5t li\u1ec7u : MDF PAPER<\/li>\n<li>T\u00ednh n\u0103ng :\n<ul>\n<li>Ch\u1ea5t l\u01b0\u1ee3ng b\u1ec1n ch\u1eafc, s\u1eed d\u1ee5ng l\u00e2u d\u00e0i<\/li>\n<li>D\u1ec5 d\u00e0ng lau ch\u00f9i, v\u1ec7 sinh<\/li>\n<li>Ch\u1ed1ng va \u0111\u1eadp t\u1ed1t<\/li>\n<\/ul>\n<ul>\n<li>M\u1eb7t b\u00e0n thi\u1ebft k\u1ebf tinh t\u1ebf, sang tr\u1ecdng<\/li>\n<\/ul>\n<\/li>\n<\/ul>","protected":false},"featured_media":22785,"comment_status":"closed","ping_status":"closed","template":"","meta":[],"product_cat":[59,76,78],"product_tag":[159,317],"yoast_head":"<!-- This site is optimized with the Yoast SEO Premium plugin v21.7 (Yoast SEO v21.7) - https:\/\/yoast.com\/wordpress\/plugins\/seo\/ -->\n<title>B\u00e0n vi t\u00ednh AMA-8613 - AMAFURNI<\/title>\n<meta name=\"description\" content=\"B\u00e0n vi t\u00ednh ti\u1ec7n l\u1ee3i, thi\u1ebft k\u1ebf g\u1ecdn g\u00e0ng v\u00e0 hi\u1ec7n \u0111\u1ea1i, t\u1ed1i \u01b0u h\u00f3a kh\u00f4ng gian l\u00e0m vi\u1ec7c, gi\u00fap b\u1ea1n l\u00e0m vi\u1ec7c hi\u1ec7u qu\u1ea3 v\u00e0 tho\u1ea3i m\u00e1i trong su\u1ed1t c\u1ea3 ng\u00e0y.\" \/>\n<meta name=\"robots\" content=\"index, follow, max-snippet:-1, max-image-preview:large, max-video-preview:-1\" \/>\n<link rel=\"canonical\" href=\"https:\/\/amafurni.vn\/en\/product\/ban-vi-tinh-ama8613\/\" \/>\n<meta property=\"og:locale\" content=\"en_US\" \/>\n<meta property=\"og:type\" content=\"article\" \/>\n<meta property=\"og:title\" content=\"B\u00e0n vi t\u00ednh AMA-8613\" \/>\n<meta property=\"og:description\" content=\"B\u00e0n vi t\u00ednh ti\u1ec7n l\u1ee3i, thi\u1ebft k\u1ebf g\u1ecdn g\u00e0ng v\u00e0 hi\u1ec7n \u0111\u1ea1i, t\u1ed1i \u01b0u h\u00f3a kh\u00f4ng gian l\u00e0m vi\u1ec7c, gi\u00fap b\u1ea1n l\u00e0m vi\u1ec7c hi\u1ec7u qu\u1ea3 v\u00e0 tho\u1ea3i m\u00e1i trong su\u1ed1t c\u1ea3 ng\u00e0y.\" \/>\n<meta property=\"og:url\" content=\"https:\/\/amafurni.vn\/en\/product\/ban-vi-tinh-ama8613\/\" \/>\n<meta property=\"og:site_name\" content=\"AMAFURNI\" \/>\n<meta property=\"article:modified_time\" content=\"2025-11-12T07:14:28+00:00\" \/>\n<meta property=\"og:image\" content=\"https:\/\/amafurni.vn\/wp-content\/uploads\/2024\/07\/AMA-8613.jpeg\" \/>\n\t<meta property=\"og:image:width\" content=\"768\" \/>\n\t<meta property=\"og:image:height\" content=\"768\" \/>\n\t<meta property=\"og:image:type\" content=\"image\/jpeg\" \/>\n<meta name=\"twitter:card\" content=\"summary_large_image\" \/>\n<meta name=\"twitter:label1\" content=\"Est. reading time\" \/>\n\t<meta name=\"twitter:data1\" content=\"1 minute\" \/>\n<script type=\"application\/ld+json\" class=\"yoast-schema-graph\">{\"@context\":\"https:\/\/schema.org\",\"@graph\":[{\"@type\":\"WebPage\",\"@id\":\"https:\/\/amafurni.vn\/san-pham\/ban-vi-tinh-ama8613\/\",\"url\":\"https:\/\/amafurni.vn\/san-pham\/ban-vi-tinh-ama8613\/\",\"name\":\"B\u00e0n vi t\u00ednh AMA-8613 - AMAFURNI\",\"isPartOf\":{\"@id\":\"https:\/\/amafurni.vn\/#website\"},\"datePublished\":\"2024-07-08T03:27:09+00:00\",\"dateModified\":\"2025-11-12T07:14:28+00:00\",\"description\":\"B\u00e0n vi t\u00ednh ti\u1ec7n l\u1ee3i, thi\u1ebft k\u1ebf g\u1ecdn g\u00e0ng v\u00e0 hi\u1ec7n \u0111\u1ea1i, t\u1ed1i \u01b0u h\u00f3a kh\u00f4ng gian l\u00e0m vi\u1ec7c, gi\u00fap b\u1ea1n l\u00e0m vi\u1ec7c hi\u1ec7u qu\u1ea3 v\u00e0 tho\u1ea3i m\u00e1i trong su\u1ed1t c\u1ea3 ng\u00e0y.\",\"breadcrumb\":{\"@id\":\"https:\/\/amafurni.vn\/san-pham\/ban-vi-tinh-ama8613\/#breadcrumb\"},\"inLanguage\":\"en-US\",\"potentialAction\":[{\"@type\":\"ReadAction\",\"target\":[\"https:\/\/amafurni.vn\/san-pham\/ban-vi-tinh-ama8613\/\"]}]},{\"@type\":\"BreadcrumbList\",\"@id\":\"https:\/\/amafurni.vn\/san-pham\/ban-vi-tinh-ama8613\/#breadcrumb\",\"itemListElement\":[{\"@type\":\"ListItem\",\"position\":1,\"name\":\"Trang ch\u1ee7\",\"item\":\"https:\/\/amafurni.vn\/\"},{\"@type\":\"ListItem\",\"position\":2,\"name\":\"S\u1ea3n ph\u1ea9m\",\"item\":\"https:\/\/amafurni.vn\/san-pham\/\"},{\"@type\":\"ListItem\",\"position\":3,\"name\":\"B\u00e0n vi t\u00ednh AMA-8613\"}]},{\"@type\":\"WebSite\",\"@id\":\"https:\/\/amafurni.vn\/#website\",\"url\":\"https:\/\/amafurni.vn\/\",\"name\":\"AMAFURNI\",\"description\":\"\",\"potentialAction\":[{\"@type\":\"SearchAction\",\"target\":{\"@type\":\"EntryPoint\",\"urlTemplate\":\"https:\/\/amafurni.vn\/?s={search_term_string}\"},\"query-input\":\"required name=search_term_string\"}],\"inLanguage\":\"en-US\"}]}<\/script>\n<!-- \/ Yoast SEO Premium plugin. -->","yoast_head_json":{"title":"B\u00e0n vi t\u00ednh AMA-8613 - AMAFURNI","description":"B\u00e0n vi t\u00ednh ti\u1ec7n l\u1ee3i, thi\u1ebft k\u1ebf g\u1ecdn g\u00e0ng v\u00e0 hi\u1ec7n \u0111\u1ea1i, t\u1ed1i \u01b0u h\u00f3a kh\u00f4ng gian l\u00e0m vi\u1ec7c, gi\u00fap b\u1ea1n l\u00e0m vi\u1ec7c hi\u1ec7u qu\u1ea3 v\u00e0 tho\u1ea3i m\u00e1i trong su\u1ed1t c\u1ea3 ng\u00e0y.","robots":{"index":"index","follow":"follow","max-snippet":"max-snippet:-1","max-image-preview":"max-image-preview:large","max-video-preview":"max-video-preview:-1"},"canonical":"https:\/\/amafurni.vn\/en\/product\/ban-vi-tinh-ama8613\/","og_locale":"en_US","og_type":"article","og_title":"B\u00e0n vi t\u00ednh AMA-8613","og_description":"B\u00e0n vi t\u00ednh ti\u1ec7n l\u1ee3i, thi\u1ebft k\u1ebf g\u1ecdn g\u00e0ng v\u00e0 hi\u1ec7n \u0111\u1ea1i, t\u1ed1i \u01b0u h\u00f3a kh\u00f4ng gian l\u00e0m vi\u1ec7c, gi\u00fap b\u1ea1n l\u00e0m vi\u1ec7c hi\u1ec7u qu\u1ea3 v\u00e0 tho\u1ea3i m\u00e1i trong su\u1ed1t c\u1ea3 ng\u00e0y.","og_url":"https:\/\/amafurni.vn\/en\/product\/ban-vi-tinh-ama8613\/","og_site_name":"AMAFURNI","article_modified_time":"2025-11-12T07:14:28+00:00","og_image":[{"width":768,"height":768,"url":"https:\/\/amafurni.vn\/wp-content\/uploads\/2024\/07\/AMA-8613.jpeg","type":"image\/jpeg"}],"twitter_card":"summary_large_image","twitter_misc":{"Est. reading time":"1 minute"},"schema":{"@context":"https:\/\/schema.org","@graph":[{"@type":"WebPage","@id":"https:\/\/amafurni.vn\/san-pham\/ban-vi-tinh-ama8613\/","url":"https:\/\/amafurni.vn\/san-pham\/ban-vi-tinh-ama8613\/","name":"B\u00e0n vi t\u00ednh AMA-8613 - AMAFURNI","isPartOf":{"@id":"https:\/\/amafurni.vn\/#website"},"datePublished":"2024-07-08T03:27:09+00:00","dateModified":"2025-11-12T07:14:28+00:00","description":"B\u00e0n vi t\u00ednh ti\u1ec7n l\u1ee3i, thi\u1ebft k\u1ebf g\u1ecdn g\u00e0ng v\u00e0 hi\u1ec7n \u0111\u1ea1i, t\u1ed1i \u01b0u h\u00f3a kh\u00f4ng gian l\u00e0m vi\u1ec7c, gi\u00fap b\u1ea1n l\u00e0m vi\u1ec7c hi\u1ec7u qu\u1ea3 v\u00e0 tho\u1ea3i m\u00e1i trong su\u1ed1t c\u1ea3 ng\u00e0y.","breadcrumb":{"@id":"https:\/\/amafurni.vn\/san-pham\/ban-vi-tinh-ama8613\/#breadcrumb"},"inLanguage":"en-US","potentialAction":[{"@type":"ReadAction","target":["https:\/\/amafurni.vn\/san-pham\/ban-vi-tinh-ama8613\/"]}]},{"@type":"BreadcrumbList","@id":"https:\/\/amafurni.vn\/san-pham\/ban-vi-tinh-ama8613\/#breadcrumb","itemListElement":[{"@type":"ListItem","position":1,"name":"Trang ch\u1ee7","item":"https:\/\/amafurni.vn\/"},{"@type":"ListItem","position":2,"name":"S\u1ea3n ph\u1ea9m","item":"https:\/\/amafurni.vn\/san-pham\/"},{"@type":"ListItem","position":3,"name":"B\u00e0n vi t\u00ednh AMA-8613"}]},{"@type":"WebSite","@id":"https:\/\/amafurni.vn\/#website","url":"https:\/\/amafurni.vn\/","name":"AMAFURNI","description":"","potentialAction":[{"@type":"SearchAction","target":{"@type":"EntryPoint","urlTemplate":"https:\/\/amafurni.vn\/?s={search_term_string}"},"query-input":"required name=search_term_string"}],"inLanguage":"en-US"}]}},"_links":{"self":[{"href":"https:\/\/amafurni.vn\/en\/wp-json\/wp\/v2\/product\/15765"}],"collection":[{"href":"https:\/\/amafurni.vn\/en\/wp-json\/wp\/v2\/product"}],"about":[{"href":"https:\/\/amafurni.vn\/en\/wp-json\/wp\/v2\/types\/product"}],"replies":[{"embeddable":true,"href":"https:\/\/amafurni.vn\/en\/wp-json\/wp\/v2\/comments?post=15765"}],"wp:featuredmedia":[{"embeddable":true,"href":"https:\/\/amafurni.vn\/en\/wp-json\/wp\/v2\/media\/22785"}],"wp:attachment":[{"href":"https:\/\/amafurni.vn\/en\/wp-json\/wp\/v2\/media?parent=15765"}],"wp:term":[{"taxonomy":"product_cat","embeddable":true,"href":"https:\/\/amafurni.vn\/en\/wp-json\/wp\/v2\/product_cat?post=15765"},{"taxonomy":"product_tag","embeddable":true,"href":"https:\/\/amafurni.vn\/en\/wp-json\/wp\/v2\/product_tag?post=15765"}],"curies":[{"name":"wp","href":"https:\/\/api.w.org\/{rel}","templated":true}]}}