{"id":15803,"date":"2024-07-08T15:12:03","date_gmt":"2024-07-08T08:12:03","guid":{"rendered":"https:\/\/amafurni.vn\/?post_type=product&#038;p=15803"},"modified":"2025-12-24T22:32:18","modified_gmt":"2025-12-24T15:32:18","slug":"ban-lam-viec-nang-ha-ama-y02","status":"publish","type":"product","link":"https:\/\/amafurni.vn\/en\/product\/ban-lam-viec-nang-ha-ama-y02\/","title":{"rendered":"B\u00e0n l\u00e0m vi\u1ec7c th\u00f4ng minh AMA-Y102"},"content":{"rendered":"<p><span style=\"font-size: 14pt;\"><strong>B\u00e0n n\u00e2ng h\u1ea1 th\u00f4ng minh AMA-Y102<\/strong><\/span><\/p>\n<table class=\"woocommerce-product-attributes shop_attributes\" style=\"width: 112.827713%; height: 288px;\" width=\"929\">\n<tbody>\n<tr class=\"woocommerce-product-attributes-item woocommerce-product-attributes-item--attribute_season\" style=\"height: 32px;\">\n<th class=\"woocommerce-product-attributes-item__label\" style=\"height: 32px; width: 14.258389%;\">Material<\/th>\n<td class=\"woocommerce-product-attributes-item__value\" style=\"height: 32px; width: 83.579411%;\">M\u1eb7t b\u00e0n : MDF &#8211; Melamine , Ch\u00e2n b\u00e0n H\u1ee3p kim s\u01a1n t\u0129nh \u0111i\u1ec7n, B\u1ed9 \u0111\u1ed9ng c\u01a1<\/td>\n<\/tr>\n<tr class=\"woocommerce-product-attributes-item woocommerce-product-attributes-item--attribute_pa_color\" style=\"height: 58px;\">\n<th class=\"woocommerce-product-attributes-item__label\" style=\"height: 58px; width: 14.258389%;\">M\u00e0u S\u1eafc<\/th>\n<td class=\"woocommerce-product-attributes-item__value\" style=\"height: 58px; width: 83.579411%;\">M\u1eb7t b\u00e0n : \u0110EN, TR\u1eaeNG, X\u00c1M<br \/>\nCh\u00e2n b\u00e0n : \u0110EN, TR\u1eaeNG<\/td>\n<\/tr>\n<tr class=\"woocommerce-product-attributes-item woocommerce-product-attributes-item--attribute_style\" style=\"height: 41px;\">\n<th class=\"woocommerce-product-attributes-item__label\" style=\"height: 41px; width: 14.258389%;\">Size<\/th>\n<td class=\"woocommerce-product-attributes-item__value\" style=\"height: 41px; width: 83.579411%;\">1200*600*(720~1170)mm \/ 1400*600*(720~1170)mm<\/td>\n<\/tr>\n<tr class=\"woocommerce-product-attributes-item woocommerce-product-attributes-item--attribute_pa_material\" style=\"height: 44px;\">\n<th class=\"woocommerce-product-attributes-item__label\" style=\"height: 44px; width: 14.258389%;\">T\u00ednh N\u0103ng<\/th>\n<td class=\"woocommerce-product-attributes-item__value\" style=\"height: 44px; width: 83.579411%;\">M\u1eb7t b\u00e0n d\u00e0y 18mm.\u0110i\u1ec1u ch\u1ec9nh \u0111\u1ed9 cao \u0111i\u1ec7n t\u1eed ch\u1ec9 v\u1edbi n\u00fat b\u1ea5m. B\u1ed9 nh\u1edb 3 m\u1ee9c;1 n\u00fat v\u1ec1 v\u1ecb tr\u00ed kh\u00e1c nhau<\/td>\n<\/tr>\n<tr class=\"woocommerce-product-attributes-item woocommerce-product-attributes-item--attribute_item-code\" style=\"height: 59px;\">\n<th class=\"woocommerce-product-attributes-item__label\" style=\"height: 59px; width: 14.258389%;\">B\u1ea3o H\u00e0nh<\/th>\n<td class=\"woocommerce-product-attributes-item__value\" style=\"height: 59px; width: 83.579411%;\">01 n\u0103m<\/td>\n<\/tr>\n<\/tbody>\n<\/table>","protected":false},"excerpt":{"rendered":"<p><strong>B\u00e0n n\u00e2ng h\u1ea1 AMA-Y102 <\/strong>l\u00e0 1 m\u1eabu b\u00e0n nh\u1eadp kh\u1ea9u tr\u1ef1c ti\u1ebfp c\u1ee7a\u00a0<strong>N\u1ed8I TH\u1ea4T AMA FURNITURE<\/strong> , v\u1edbi thi\u1ebft k\u1ebf tinh t\u1ebf, t\u1ed1i gian t\u1ea1o n\u00ean v\u1ebb \u0111\u1eb9p sang tr\u1ecdng<\/p>\n<ul>\n<li>M\u00e3 SP : AMA-Y102<\/li>\n<li>Ch\u1ea5t li\u1ec7u : MDF PAPER<\/li>\n<li>T\u00ednh n\u0103ng :\n<ul>\n<li>Ch\u1ea5t l\u01b0\u1ee3ng b\u1ec1n ch\u1eafc, s\u1eed d\u1ee5ng l\u00e2u d\u00e0i<\/li>\n<li>D\u1ec5 d\u00e0ng lau ch\u00f9i, v\u1ec7 sinh<\/li>\n<li>Ch\u1ed1ng va \u0111\u1eadp t\u1ed1t<\/li>\n<\/ul>\n<ul>\n<li>M\u1eb7t b\u00e0n thi\u1ebft k\u1ebf tinh t\u1ebf, sang tr\u1ecdng<\/li>\n<\/ul>\n<\/li>\n<\/ul>","protected":false},"featured_media":24084,"comment_status":"closed","ping_status":"closed","template":"","meta":[],"product_cat":[60,81,59,654,76],"product_tag":[316,153,159],"yoast_head":"<!-- This site is optimized with the Yoast SEO Premium plugin v21.7 (Yoast SEO v21.7) - https:\/\/yoast.com\/wordpress\/plugins\/seo\/ -->\n<title>B\u00e0n l\u00e0m vi\u1ec7c th\u00f4ng minh AMA-Y102 - AMAFURNI<\/title>\n<meta name=\"description\" content=\"B\u00e0n n\u00e2ng h\u1ea1 \u0111a n\u0103ng, linh ho\u1ea1t \u0111i\u1ec1u ch\u1ec9nh chi\u1ec1u cao, mang l\u1ea1i ti\u1ec7n l\u1ee3i v\u00e0 tho\u1ea3i m\u00e1i, t\u1ed1i \u01b0u. Hotline AMA Furniture: 0969919449 - 0906963408 AMA Furniture\" \/>\n<meta name=\"robots\" content=\"index, follow, max-snippet:-1, max-image-preview:large, max-video-preview:-1\" \/>\n<link rel=\"canonical\" href=\"https:\/\/amafurni.vn\/en\/product\/ban-lam-viec-nang-ha-ama-y02\/\" \/>\n<meta property=\"og:locale\" content=\"en_US\" \/>\n<meta property=\"og:type\" content=\"article\" \/>\n<meta property=\"og:title\" content=\"B\u00e0n l\u00e0m vi\u1ec7c th\u00f4ng minh AMA-Y102\" \/>\n<meta property=\"og:description\" content=\"B\u00e0n n\u00e2ng h\u1ea1 \u0111a n\u0103ng, linh ho\u1ea1t \u0111i\u1ec1u ch\u1ec9nh chi\u1ec1u cao, mang l\u1ea1i ti\u1ec7n l\u1ee3i v\u00e0 tho\u1ea3i m\u00e1i, t\u1ed1i \u01b0u. Hotline AMA Furniture: 0969919449 - 0906963408 AMA Furniture\" \/>\n<meta property=\"og:url\" content=\"https:\/\/amafurni.vn\/en\/product\/ban-lam-viec-nang-ha-ama-y02\/\" \/>\n<meta property=\"og:site_name\" content=\"AMAFURNI\" \/>\n<meta property=\"article:modified_time\" content=\"2025-12-24T15:32:18+00:00\" \/>\n<meta property=\"og:image\" content=\"https:\/\/amafurni.vn\/wp-content\/uploads\/2024\/07\/z4713456077539_0c1627848042ed9c599af2e37230094e.jpg\" \/>\n\t<meta property=\"og:image:width\" content=\"1080\" \/>\n\t<meta property=\"og:image:height\" content=\"902\" \/>\n\t<meta property=\"og:image:type\" content=\"image\/jpeg\" \/>\n<meta name=\"twitter:card\" content=\"summary_large_image\" \/>\n<meta name=\"twitter:label1\" content=\"Est. reading time\" \/>\n\t<meta name=\"twitter:data1\" content=\"1 minute\" \/>\n<script type=\"application\/ld+json\" class=\"yoast-schema-graph\">{\"@context\":\"https:\/\/schema.org\",\"@graph\":[{\"@type\":\"WebPage\",\"@id\":\"https:\/\/amafurni.vn\/san-pham\/ban-lam-viec-nang-ha-ama-y02\/\",\"url\":\"https:\/\/amafurni.vn\/san-pham\/ban-lam-viec-nang-ha-ama-y02\/\",\"name\":\"B\u00e0n l\u00e0m vi\u1ec7c th\u00f4ng minh AMA-Y102 - AMAFURNI\",\"isPartOf\":{\"@id\":\"https:\/\/amafurni.vn\/#website\"},\"datePublished\":\"2024-07-08T08:12:03+00:00\",\"dateModified\":\"2025-12-24T15:32:18+00:00\",\"description\":\"B\u00e0n n\u00e2ng h\u1ea1 \u0111a n\u0103ng, linh ho\u1ea1t \u0111i\u1ec1u ch\u1ec9nh chi\u1ec1u cao, mang l\u1ea1i ti\u1ec7n l\u1ee3i v\u00e0 tho\u1ea3i m\u00e1i, t\u1ed1i \u01b0u. Hotline AMA Furniture: 0969919449 - 0906963408 AMA Furniture\",\"breadcrumb\":{\"@id\":\"https:\/\/amafurni.vn\/san-pham\/ban-lam-viec-nang-ha-ama-y02\/#breadcrumb\"},\"inLanguage\":\"en-US\",\"potentialAction\":[{\"@type\":\"ReadAction\",\"target\":[\"https:\/\/amafurni.vn\/san-pham\/ban-lam-viec-nang-ha-ama-y02\/\"]}]},{\"@type\":\"BreadcrumbList\",\"@id\":\"https:\/\/amafurni.vn\/san-pham\/ban-lam-viec-nang-ha-ama-y02\/#breadcrumb\",\"itemListElement\":[{\"@type\":\"ListItem\",\"position\":1,\"name\":\"Trang ch\u1ee7\",\"item\":\"https:\/\/amafurni.vn\/\"},{\"@type\":\"ListItem\",\"position\":2,\"name\":\"S\u1ea3n ph\u1ea9m\",\"item\":\"https:\/\/amafurni.vn\/san-pham\/\"},{\"@type\":\"ListItem\",\"position\":3,\"name\":\"B\u00e0n l\u00e0m vi\u1ec7c th\u00f4ng minh AMA-Y102\"}]},{\"@type\":\"WebSite\",\"@id\":\"https:\/\/amafurni.vn\/#website\",\"url\":\"https:\/\/amafurni.vn\/\",\"name\":\"AMAFURNI\",\"description\":\"\",\"potentialAction\":[{\"@type\":\"SearchAction\",\"target\":{\"@type\":\"EntryPoint\",\"urlTemplate\":\"https:\/\/amafurni.vn\/?s={search_term_string}\"},\"query-input\":\"required name=search_term_string\"}],\"inLanguage\":\"en-US\"}]}<\/script>\n<!-- \/ Yoast SEO Premium plugin. -->","yoast_head_json":{"title":"B\u00e0n l\u00e0m vi\u1ec7c th\u00f4ng minh AMA-Y102 - AMAFURNI","description":"B\u00e0n n\u00e2ng h\u1ea1 \u0111a n\u0103ng, linh ho\u1ea1t \u0111i\u1ec1u ch\u1ec9nh chi\u1ec1u cao, mang l\u1ea1i ti\u1ec7n l\u1ee3i v\u00e0 tho\u1ea3i m\u00e1i, t\u1ed1i \u01b0u. Hotline AMA Furniture: 0969919449 - 0906963408 AMA Furniture","robots":{"index":"index","follow":"follow","max-snippet":"max-snippet:-1","max-image-preview":"max-image-preview:large","max-video-preview":"max-video-preview:-1"},"canonical":"https:\/\/amafurni.vn\/en\/product\/ban-lam-viec-nang-ha-ama-y02\/","og_locale":"en_US","og_type":"article","og_title":"B\u00e0n l\u00e0m vi\u1ec7c th\u00f4ng minh AMA-Y102","og_description":"B\u00e0n n\u00e2ng h\u1ea1 \u0111a n\u0103ng, linh ho\u1ea1t \u0111i\u1ec1u ch\u1ec9nh chi\u1ec1u cao, mang l\u1ea1i ti\u1ec7n l\u1ee3i v\u00e0 tho\u1ea3i m\u00e1i, t\u1ed1i \u01b0u. Hotline AMA Furniture: 0969919449 - 0906963408 AMA Furniture","og_url":"https:\/\/amafurni.vn\/en\/product\/ban-lam-viec-nang-ha-ama-y02\/","og_site_name":"AMAFURNI","article_modified_time":"2025-12-24T15:32:18+00:00","og_image":[{"width":1080,"height":902,"url":"https:\/\/amafurni.vn\/wp-content\/uploads\/2024\/07\/z4713456077539_0c1627848042ed9c599af2e37230094e.jpg","type":"image\/jpeg"}],"twitter_card":"summary_large_image","twitter_misc":{"Est. reading time":"1 minute"},"schema":{"@context":"https:\/\/schema.org","@graph":[{"@type":"WebPage","@id":"https:\/\/amafurni.vn\/san-pham\/ban-lam-viec-nang-ha-ama-y02\/","url":"https:\/\/amafurni.vn\/san-pham\/ban-lam-viec-nang-ha-ama-y02\/","name":"B\u00e0n l\u00e0m vi\u1ec7c th\u00f4ng minh AMA-Y102 - AMAFURNI","isPartOf":{"@id":"https:\/\/amafurni.vn\/#website"},"datePublished":"2024-07-08T08:12:03+00:00","dateModified":"2025-12-24T15:32:18+00:00","description":"B\u00e0n n\u00e2ng h\u1ea1 \u0111a n\u0103ng, linh ho\u1ea1t \u0111i\u1ec1u ch\u1ec9nh chi\u1ec1u cao, mang l\u1ea1i ti\u1ec7n l\u1ee3i v\u00e0 tho\u1ea3i m\u00e1i, t\u1ed1i \u01b0u. Hotline AMA Furniture: 0969919449 - 0906963408 AMA Furniture","breadcrumb":{"@id":"https:\/\/amafurni.vn\/san-pham\/ban-lam-viec-nang-ha-ama-y02\/#breadcrumb"},"inLanguage":"en-US","potentialAction":[{"@type":"ReadAction","target":["https:\/\/amafurni.vn\/san-pham\/ban-lam-viec-nang-ha-ama-y02\/"]}]},{"@type":"BreadcrumbList","@id":"https:\/\/amafurni.vn\/san-pham\/ban-lam-viec-nang-ha-ama-y02\/#breadcrumb","itemListElement":[{"@type":"ListItem","position":1,"name":"Trang ch\u1ee7","item":"https:\/\/amafurni.vn\/"},{"@type":"ListItem","position":2,"name":"S\u1ea3n ph\u1ea9m","item":"https:\/\/amafurni.vn\/san-pham\/"},{"@type":"ListItem","position":3,"name":"B\u00e0n l\u00e0m vi\u1ec7c th\u00f4ng minh AMA-Y102"}]},{"@type":"WebSite","@id":"https:\/\/amafurni.vn\/#website","url":"https:\/\/amafurni.vn\/","name":"AMAFURNI","description":"","potentialAction":[{"@type":"SearchAction","target":{"@type":"EntryPoint","urlTemplate":"https:\/\/amafurni.vn\/?s={search_term_string}"},"query-input":"required name=search_term_string"}],"inLanguage":"en-US"}]}},"_links":{"self":[{"href":"https:\/\/amafurni.vn\/en\/wp-json\/wp\/v2\/product\/15803"}],"collection":[{"href":"https:\/\/amafurni.vn\/en\/wp-json\/wp\/v2\/product"}],"about":[{"href":"https:\/\/amafurni.vn\/en\/wp-json\/wp\/v2\/types\/product"}],"replies":[{"embeddable":true,"href":"https:\/\/amafurni.vn\/en\/wp-json\/wp\/v2\/comments?post=15803"}],"wp:featuredmedia":[{"embeddable":true,"href":"https:\/\/amafurni.vn\/en\/wp-json\/wp\/v2\/media\/24084"}],"wp:attachment":[{"href":"https:\/\/amafurni.vn\/en\/wp-json\/wp\/v2\/media?parent=15803"}],"wp:term":[{"taxonomy":"product_cat","embeddable":true,"href":"https:\/\/amafurni.vn\/en\/wp-json\/wp\/v2\/product_cat?post=15803"},{"taxonomy":"product_tag","embeddable":true,"href":"https:\/\/amafurni.vn\/en\/wp-json\/wp\/v2\/product_tag?post=15803"}],"curies":[{"name":"wp","href":"https:\/\/api.w.org\/{rel}","templated":true}]}}