{"id":15816,"date":"2024-07-08T15:50:17","date_gmt":"2024-07-08T08:50:17","guid":{"rendered":"https:\/\/amafurni.vn\/?post_type=product&#038;p=15816"},"modified":"2025-11-12T14:14:29","modified_gmt":"2025-11-12T07:14:29","slug":"ghe-ama-854","status":"publish","type":"product","link":"https:\/\/amafurni.vn\/en\/product\/ghe-ama-854\/","title":{"rendered":"Gh\u1ebf AMA-854"},"content":{"rendered":"<table class=\"woocommerce-product-attributes shop_attributes\" style=\"width: 100.46%; height: 284px;\" width=\"929\">\n<tbody>\n<tr class=\"woocommerce-product-attributes-item woocommerce-product-attributes-item--attribute_season\" style=\"height: 24px;\">\n<th class=\"woocommerce-product-attributes-item__label\" style=\"height: 10px; width: 10.9501%;\">Material<\/th>\n<td style=\"width: 88.2742%; height: 10px;\">NH\u1ef0A PP, L\u01b0ng b\u1ecdc l\u01b0\u1edbi, n\u1ec7m ng\u1ed3i b\u1ecdc v\u1ea3i., Ch\u00e2n nh\u1ef1a PP \u0111\u00fac \u0111\u1eb7c.<\/td>\n<\/tr>\n<tr class=\"woocommerce-product-attributes-item woocommerce-product-attributes-item--attribute_pa_color\" style=\"height: 24px;\">\n<th class=\"woocommerce-product-attributes-item__label\" style=\"height: 25px; width: 10.9501%;\">M\u00e0u S\u1eafc<\/th>\n<td class=\"woocommerce-product-attributes-item__value\" style=\"height: 25px; width: 88.2742%;\">X\u00e1m, \u0110en.<\/td>\n<\/tr>\n<tr class=\"woocommerce-product-attributes-item woocommerce-product-attributes-item--attribute_style\" style=\"height: 24px;\">\n<th class=\"woocommerce-product-attributes-item__label\" style=\"height: 24px; width: 10.9501%;\">K\u00edch th\u01b0\u1edbc<\/th>\n<td class=\"woocommerce-product-attributes-item__value\" style=\"height: 24px; width: 88.2742%;\">50 x 50 x 125-135 (47-57cm)<\/td>\n<\/tr>\n<tr class=\"woocommerce-product-attributes-item woocommerce-product-attributes-item--attribute_pa_material\" style=\"height: 24px;\">\n<th class=\"woocommerce-product-attributes-item__label\" style=\"height: 24px; width: 10.9501%;\">T\u00ednh N\u0103ng<\/th>\n<td class=\"woocommerce-product-attributes-item__value\" style=\"height: 24px; width: 88.2742%;\">T\u0103ng\/Gi\u1ea3m chi\u1ec1u cao, G\u1eadt g\u00f9 b\u1eadp b\u00eanh, B\u00e1nh xe d\u1ec5 d\u00e0ng di chuy\u1ec3n.<\/td>\n<\/tr>\n<tr class=\"woocommerce-product-attributes-item woocommerce-product-attributes-item--attribute_item-code\" style=\"height: 24px;\">\n<th class=\"woocommerce-product-attributes-item__label\" style=\"height: 24px; width: 10.9501%;\">B\u1ea3o H\u00e0nh<\/th>\n<td class=\"woocommerce-product-attributes-item__value\" style=\"height: 24px; width: 88.2742%;\">12 th\u00e1ng<\/td>\n<\/tr>\n<\/tbody>\n<\/table>","protected":false},"excerpt":{"rendered":"<p><strong>Chair <\/strong>l\u00e0 1 m\u1eabu gh\u1ebf nh\u1eadp kh\u1ea9u tr\u1ef1c ti\u1ebfp c\u1ee7a\u00a0<strong>N\u1ed8I TH\u1ea4T AMA FURNITURE<\/strong> , v\u1edbi thi\u1ebft k\u1ebf tinh t\u1ebf , t\u1ed1i gian t\u1ea1o n\u00ean v\u1ebb \u0111\u1eb9p sang tr\u1ecdng cho kh\u00f4ng gian Nh\u00e0 \u1edf, c\u0103n h\u1ed9, V\u0103n ph\u00f2ng v.v.<\/p>\n<ul>\n<li>M\u00e3 SP : AMA-854<\/li>\n<li>Ch\u1ea5t li\u1ec7u : NH\u1ef0A PP, L\u01b0ng b\u1ecdc l\u01b0\u1edbi, n\u1ec7m ng\u1ed3i b\u1ecdc v\u1ea3i., Ch\u00e2n nh\u1ef1a PP \u0111\u00fac \u0111\u1eb7c..<br \/>\nM\u00e0u s\u1eafc : X\u00e1m, \u0110en.<br \/>\nT\u00ednh n\u0103ng :<\/p>\n<ul>\n<li>Ch\u1ea5t l\u01b0\u1ee3ng b\u1ec1n ch\u1eafc, s\u1eed d\u1ee5ng l\u00e2u d\u00e0i<\/li>\n<li>D\u1ec5 d\u00e0ng lau ch\u00f9i, v\u1ec7 sinh<\/li>\n<li>Ch\u1ed1ng va \u0111\u1eadp t\u1ed1t, m\u00e0u s\u1eafc s\u1ed1ng \u0111\u1ed9ng<\/li>\n<\/ul>\n<ul>\n<li>M\u1eb7t gh\u1ebf thi\u1ebft k\u1ebf tinh t\u1ebf d\u1ec5 ng\u1ed3i<\/li>\n<\/ul>\n<\/li>\n<\/ul>","protected":false},"featured_media":15860,"comment_status":"closed","ping_status":"closed","template":"","meta":[],"product_cat":[59,70,106,107],"product_tag":[124],"yoast_head":"<!-- This site is optimized with the Yoast SEO Premium plugin v21.7 (Yoast SEO v21.7) - https:\/\/yoast.com\/wordpress\/plugins\/seo\/ -->\n<title>Gh\u1ebf AMA-854 - AMAFURNI<\/title>\n<meta name=\"robots\" content=\"index, follow, max-snippet:-1, max-image-preview:large, max-video-preview:-1\" \/>\n<link rel=\"canonical\" href=\"https:\/\/amafurni.vn\/en\/product\/ghe-ama-854\/\" \/>\n<meta property=\"og:locale\" content=\"en_US\" \/>\n<meta property=\"og:type\" content=\"article\" \/>\n<meta property=\"og:title\" content=\"Gh\u1ebf AMA-854\" \/>\n<meta property=\"og:description\" content=\"Gh\u1ebf l\u00e0m vi\u1ec7c l\u00e0 1 m\u1eabu gh\u1ebf nh\u1eadp kh\u1ea9u tr\u1ef1c ti\u1ebfp c\u1ee7a\u00a0N\u1ed8I TH\u1ea4T AMA FURNITURE , v\u1edbi thi\u1ebft k\u1ebf tinh t\u1ebf , t\u1ed1i gian t\u1ea1o n\u00ean v\u1ebb \u0111\u1eb9p sang tr\u1ecdng cho kh\u00f4ng gian Nh\u00e0 \u1edf, c\u0103n h\u1ed9, V\u0103n ph\u00f2ng v.v.   M\u00e3 SP : AMA-854  Ch\u1ea5t li\u1ec7u : NH\u1ef0A PP, L\u01b0ng b\u1ecdc l\u01b0\u1edbi, n\u1ec7m ng\u1ed3i b\u1ecdc v\u1ea3i., Ch\u00e2n nh\u1ef1a PP \u0111\u00fac \u0111\u1eb7c.. M\u00e0u s\u1eafc : X\u00e1m, \u0110en. T\u00ednh n\u0103ng :   Ch\u1ea5t l\u01b0\u1ee3ng b\u1ec1n ch\u1eafc, s\u1eed d\u1ee5ng l\u00e2u d\u00e0i  D\u1ec5 d\u00e0ng lau ch\u00f9i, v\u1ec7 sinh  Ch\u1ed1ng va \u0111\u1eadp t\u1ed1t, m\u00e0u s\u1eafc s\u1ed1ng \u0111\u1ed9ng    M\u1eb7t gh\u1ebf thi\u1ebft k\u1ebf tinh t\u1ebf d\u1ec5 ng\u1ed3i\" \/>\n<meta property=\"og:url\" content=\"https:\/\/amafurni.vn\/en\/product\/ghe-ama-854\/\" \/>\n<meta property=\"og:site_name\" content=\"AMAFURNI\" \/>\n<meta property=\"article:modified_time\" content=\"2025-11-12T07:14:29+00:00\" \/>\n<meta property=\"og:image\" content=\"https:\/\/amafurni.vn\/wp-content\/uploads\/2024\/07\/z5616729269157_50b6d88950ce27c3fd4ffdea6cd8d9e2.jpg\" \/>\n\t<meta property=\"og:image:width\" content=\"800\" \/>\n\t<meta property=\"og:image:height\" content=\"800\" \/>\n\t<meta property=\"og:image:type\" content=\"image\/jpeg\" \/>\n<meta name=\"twitter:card\" content=\"summary_large_image\" \/>\n<meta name=\"twitter:label1\" content=\"Est. reading time\" \/>\n\t<meta name=\"twitter:data1\" content=\"1 minute\" \/>\n<script type=\"application\/ld+json\" class=\"yoast-schema-graph\">{\"@context\":\"https:\/\/schema.org\",\"@graph\":[{\"@type\":\"WebPage\",\"@id\":\"https:\/\/amafurni.vn\/san-pham\/ghe-ama-854\/\",\"url\":\"https:\/\/amafurni.vn\/san-pham\/ghe-ama-854\/\",\"name\":\"Gh\u1ebf AMA-854 - AMAFURNI\",\"isPartOf\":{\"@id\":\"https:\/\/amafurni.vn\/#website\"},\"datePublished\":\"2024-07-08T08:50:17+00:00\",\"dateModified\":\"2025-11-12T07:14:29+00:00\",\"breadcrumb\":{\"@id\":\"https:\/\/amafurni.vn\/san-pham\/ghe-ama-854\/#breadcrumb\"},\"inLanguage\":\"en-US\",\"potentialAction\":[{\"@type\":\"ReadAction\",\"target\":[\"https:\/\/amafurni.vn\/san-pham\/ghe-ama-854\/\"]}]},{\"@type\":\"BreadcrumbList\",\"@id\":\"https:\/\/amafurni.vn\/san-pham\/ghe-ama-854\/#breadcrumb\",\"itemListElement\":[{\"@type\":\"ListItem\",\"position\":1,\"name\":\"Trang ch\u1ee7\",\"item\":\"https:\/\/amafurni.vn\/\"},{\"@type\":\"ListItem\",\"position\":2,\"name\":\"S\u1ea3n ph\u1ea9m\",\"item\":\"https:\/\/amafurni.vn\/san-pham\/\"},{\"@type\":\"ListItem\",\"position\":3,\"name\":\"Gh\u1ebf AMA-854\"}]},{\"@type\":\"WebSite\",\"@id\":\"https:\/\/amafurni.vn\/#website\",\"url\":\"https:\/\/amafurni.vn\/\",\"name\":\"AMAFURNI\",\"description\":\"\",\"potentialAction\":[{\"@type\":\"SearchAction\",\"target\":{\"@type\":\"EntryPoint\",\"urlTemplate\":\"https:\/\/amafurni.vn\/?s={search_term_string}\"},\"query-input\":\"required name=search_term_string\"}],\"inLanguage\":\"en-US\"}]}<\/script>\n<!-- \/ Yoast SEO Premium plugin. -->","yoast_head_json":{"title":"Gh\u1ebf AMA-854 - AMAFURNI","robots":{"index":"index","follow":"follow","max-snippet":"max-snippet:-1","max-image-preview":"max-image-preview:large","max-video-preview":"max-video-preview:-1"},"canonical":"https:\/\/amafurni.vn\/en\/product\/ghe-ama-854\/","og_locale":"en_US","og_type":"article","og_title":"Gh\u1ebf AMA-854","og_description":"Gh\u1ebf l\u00e0m vi\u1ec7c l\u00e0 1 m\u1eabu gh\u1ebf nh\u1eadp kh\u1ea9u tr\u1ef1c ti\u1ebfp c\u1ee7a\u00a0N\u1ed8I TH\u1ea4T AMA FURNITURE , v\u1edbi thi\u1ebft k\u1ebf tinh t\u1ebf , t\u1ed1i gian t\u1ea1o n\u00ean v\u1ebb \u0111\u1eb9p sang tr\u1ecdng cho kh\u00f4ng gian Nh\u00e0 \u1edf, c\u0103n h\u1ed9, V\u0103n ph\u00f2ng v.v.   M\u00e3 SP : AMA-854  Ch\u1ea5t li\u1ec7u : NH\u1ef0A PP, L\u01b0ng b\u1ecdc l\u01b0\u1edbi, n\u1ec7m ng\u1ed3i b\u1ecdc v\u1ea3i., Ch\u00e2n nh\u1ef1a PP \u0111\u00fac \u0111\u1eb7c.. M\u00e0u s\u1eafc : X\u00e1m, \u0110en. T\u00ednh n\u0103ng :   Ch\u1ea5t l\u01b0\u1ee3ng b\u1ec1n ch\u1eafc, s\u1eed d\u1ee5ng l\u00e2u d\u00e0i  D\u1ec5 d\u00e0ng lau ch\u00f9i, v\u1ec7 sinh  Ch\u1ed1ng va \u0111\u1eadp t\u1ed1t, m\u00e0u s\u1eafc s\u1ed1ng \u0111\u1ed9ng    M\u1eb7t gh\u1ebf thi\u1ebft k\u1ebf tinh t\u1ebf d\u1ec5 ng\u1ed3i","og_url":"https:\/\/amafurni.vn\/en\/product\/ghe-ama-854\/","og_site_name":"AMAFURNI","article_modified_time":"2025-11-12T07:14:29+00:00","og_image":[{"width":800,"height":800,"url":"https:\/\/amafurni.vn\/wp-content\/uploads\/2024\/07\/z5616729269157_50b6d88950ce27c3fd4ffdea6cd8d9e2.jpg","type":"image\/jpeg"}],"twitter_card":"summary_large_image","twitter_misc":{"Est. reading time":"1 minute"},"schema":{"@context":"https:\/\/schema.org","@graph":[{"@type":"WebPage","@id":"https:\/\/amafurni.vn\/san-pham\/ghe-ama-854\/","url":"https:\/\/amafurni.vn\/san-pham\/ghe-ama-854\/","name":"Gh\u1ebf AMA-854 - AMAFURNI","isPartOf":{"@id":"https:\/\/amafurni.vn\/#website"},"datePublished":"2024-07-08T08:50:17+00:00","dateModified":"2025-11-12T07:14:29+00:00","breadcrumb":{"@id":"https:\/\/amafurni.vn\/san-pham\/ghe-ama-854\/#breadcrumb"},"inLanguage":"en-US","potentialAction":[{"@type":"ReadAction","target":["https:\/\/amafurni.vn\/san-pham\/ghe-ama-854\/"]}]},{"@type":"BreadcrumbList","@id":"https:\/\/amafurni.vn\/san-pham\/ghe-ama-854\/#breadcrumb","itemListElement":[{"@type":"ListItem","position":1,"name":"Trang ch\u1ee7","item":"https:\/\/amafurni.vn\/"},{"@type":"ListItem","position":2,"name":"S\u1ea3n ph\u1ea9m","item":"https:\/\/amafurni.vn\/san-pham\/"},{"@type":"ListItem","position":3,"name":"Gh\u1ebf AMA-854"}]},{"@type":"WebSite","@id":"https:\/\/amafurni.vn\/#website","url":"https:\/\/amafurni.vn\/","name":"AMAFURNI","description":"","potentialAction":[{"@type":"SearchAction","target":{"@type":"EntryPoint","urlTemplate":"https:\/\/amafurni.vn\/?s={search_term_string}"},"query-input":"required name=search_term_string"}],"inLanguage":"en-US"}]}},"_links":{"self":[{"href":"https:\/\/amafurni.vn\/en\/wp-json\/wp\/v2\/product\/15816"}],"collection":[{"href":"https:\/\/amafurni.vn\/en\/wp-json\/wp\/v2\/product"}],"about":[{"href":"https:\/\/amafurni.vn\/en\/wp-json\/wp\/v2\/types\/product"}],"replies":[{"embeddable":true,"href":"https:\/\/amafurni.vn\/en\/wp-json\/wp\/v2\/comments?post=15816"}],"wp:featuredmedia":[{"embeddable":true,"href":"https:\/\/amafurni.vn\/en\/wp-json\/wp\/v2\/media\/15860"}],"wp:attachment":[{"href":"https:\/\/amafurni.vn\/en\/wp-json\/wp\/v2\/media?parent=15816"}],"wp:term":[{"taxonomy":"product_cat","embeddable":true,"href":"https:\/\/amafurni.vn\/en\/wp-json\/wp\/v2\/product_cat?post=15816"},{"taxonomy":"product_tag","embeddable":true,"href":"https:\/\/amafurni.vn\/en\/wp-json\/wp\/v2\/product_tag?post=15816"}],"curies":[{"name":"wp","href":"https:\/\/api.w.org\/{rel}","templated":true}]}}