{"id":1620,"date":"2023-12-05T16:36:04","date_gmt":"2023-12-05T09:36:04","guid":{"rendered":"https:\/\/amafurni.123websitedev.com\/san-pham\/ghe-game-danh-cho-game-thu-hang-xuat-khau-cuc-em-ama-mcallum-u\/"},"modified":"2025-11-12T14:10:04","modified_gmt":"2025-11-12T07:10:04","slug":"ghe-game-danh-cho-game-thu-hang-xuat-khau-cuc-em-ama-mcallum-u","status":"publish","type":"product","link":"https:\/\/amafurni.vn\/en\/product\/ghe-game-danh-cho-game-thu-hang-xuat-khau-cuc-em-ama-mcallum-u\/","title":{"rendered":"Gh\u1ebf game AMA-MCALLUM-U"},"content":{"rendered":"<table border=\"1\" style=\"width: 928px\">\n<tbody><\/tbody>\n<tbody>\n<tr style=\"height: 28.2344px\">\n<td style=\"width: 216.766px;height: 28.2344px\"><span style=\"color: #ff0000;font-family: 'times new roman', times, serif\"><strong>Material<\/strong><\/span><\/td>\n<td style=\"width: 143.391px;height: 28.2344px\"><span style=\"color: #ff0000;font-family: 'times new roman', times, serif\"><strong>Size<\/strong><\/span><\/td>\n<td style=\"width: 193.188px;height: 28.2344px\"><span style=\"color: #ff0000;font-family: 'times new roman', times, serif\"><strong>T\u00ednh N\u0103ng<\/strong><\/span><\/td>\n<td style=\"width: 121.219px;height: 28.2344px\"><span style=\"color: #ff0000;font-family: 'times new roman', times, serif\"><strong>M\u00e0u S\u1eafc<\/strong><\/span><\/td>\n<td style=\"width: 106.781px;height: 28.2344px\"><span style=\"color: #ff0000;font-family: 'times new roman', times, serif\"><strong>Xu\u1ea5t X\u1ee9<\/strong><\/span><\/td>\n<td style=\"width: 106.656px;height: 28.2344px\"><span style=\"color: #ff0000;font-family: 'times new roman', times, serif\"><strong>B\u1ea3o h\u00e0nh<\/strong><\/span><\/td>\n<\/tr>\n<tr style=\"height: 232px\">\n<td style=\"width: 216.766px;height: 232px\">\n<p><span style=\"font-family: 'times new roman', times, serif\">.B\u1ecdc Da PU cao c\u1ea5p ch\u1ed1ng ch\u00e1y , ch\u1ed1ng tia UV<\/span><br \/><span style=\"font-family: 'times new roman', times, serif\">.Ben h\u01a1i Class 4 v\u1edbi \u0111\u1ed9 \u1ed5n \u0111\u1ecbnh cao<\/span><br \/><span style=\"font-family: 'times new roman', times, serif\">.Tay nh\u1ef1a \u0111\u00fac nguy\u00ean kh\u1ed1i \u1ed1p Da PU<\/span><br \/><span style=\"font-family: 'times new roman', times, serif\">. Ch\u00e2n nh\u1ef1a \u0111\u00fac nguy\u00ean kh\u1ed1i<\/span><br \/><span style=\"font-family: 'times new roman', times, serif\">. B\u00e1nh xe nh\u1ef1a \u0111\u00fac gi\u1ea3m ti\u1ebfng \u1ed3n<\/span><\/p>\n<\/td>\n<td style=\"width: 143.391px;height: 232px\">\n<p><span style=\"font-family: 'times new roman', times, serif\">700*600*(1200-1300)<\/span><\/p>\n<\/td>\n<td style=\"width: 193.188px;height: 232px\">\n<p><span style=\"font-family: 'times new roman', times, serif\">. T\u0103ng gi\u1ea3m chi\u1ec1u cao<\/span><br \/><span style=\"font-family: 'times new roman', times, serif\">. G\u1eadt g\u00f9 , B\u1eadp b\u00eanh<\/span><br \/><span style=\"font-family: 'times new roman', times, serif\">. Xoay 360 \u0111\u1ed9<\/span><\/p>\n<\/td>\n<td style=\"width: 121.219px;height: 232px\">\n<p><span style=\"font-family: 'times new roman', times, serif\">. \u0110en<\/span><br \/><span style=\"font-family: 'times new roman', times, serif\">. X\u00e1m<\/span><\/p>\n<\/td>\n<td style=\"width: 106.781px;height: 232px\"><span style=\"font-family: 'times new roman', times, serif\">VI\u1ec6T NAM<\/span><\/td>\n<td style=\"width: 106.656px;height: 232px\">\n<p><span style=\"font-family: 'times new roman', times, serif\">. 12 th\u00e1ng k\u1ef9 thu\u1eadt<\/span><\/p>\n<\/td>\n<\/tr>\n<\/tbody>\n<\/table>","protected":false},"excerpt":{"rendered":"<p>T\u0103ng gi\u1ea3m chi\u1ec1u cao<br \/>\nG\u1eadt g\u00f9 , B\u1eadp b\u00eanh<br \/>\nXoay 360 \u0111\u1ed9<\/p>","protected":false},"featured_media":1621,"comment_status":"open","ping_status":"closed","template":"","meta":[],"product_cat":[60,80],"product_tag":[],"yoast_head":"<!-- This site is optimized with the Yoast SEO Premium plugin v21.7 (Yoast SEO v21.7) - https:\/\/yoast.com\/wordpress\/plugins\/seo\/ -->\n<title>Gh\u1ebf game AMA-MCALLUM-U - AMAFURNI<\/title>\n<meta name=\"robots\" content=\"index, follow, max-snippet:-1, max-image-preview:large, max-video-preview:-1\" \/>\n<link rel=\"canonical\" href=\"https:\/\/amafurni.vn\/en\/product\/ghe-game-danh-cho-game-thu-hang-xuat-khau-cuc-em-ama-mcallum-u\/\" \/>\n<meta property=\"og:locale\" content=\"en_US\" \/>\n<meta property=\"og:type\" content=\"article\" \/>\n<meta property=\"og:title\" content=\"Gh\u1ebf game AMA-MCALLUM-U\" \/>\n<meta property=\"og:description\" content=\"T\u0103ng gi\u1ea3m chi\u1ec1u cao G\u1eadt g\u00f9 , B\u1eadp b\u00eanh Xoay 360 \u0111\u1ed9\" \/>\n<meta property=\"og:url\" content=\"https:\/\/amafurni.vn\/en\/product\/ghe-game-danh-cho-game-thu-hang-xuat-khau-cuc-em-ama-mcallum-u\/\" \/>\n<meta property=\"og:site_name\" content=\"AMAFURNI\" \/>\n<meta property=\"article:modified_time\" content=\"2025-11-12T07:10:04+00:00\" \/>\n<meta property=\"og:image\" content=\"https:\/\/amafurni.vn\/wp-content\/uploads\/2023\/12\/ghe-game-danh-cho-game-thu-hang-xuat-khau-cuc-em-ama-mcallum-u_656eef04b8b6b.png\" \/>\n\t<meta property=\"og:image:width\" content=\"800\" \/>\n\t<meta property=\"og:image:height\" content=\"800\" \/>\n\t<meta property=\"og:image:type\" content=\"image\/png\" \/>\n<meta name=\"twitter:card\" content=\"summary_large_image\" \/>\n<meta name=\"twitter:label1\" content=\"Est. reading time\" \/>\n\t<meta name=\"twitter:data1\" content=\"1 minute\" \/>\n<script type=\"application\/ld+json\" class=\"yoast-schema-graph\">{\"@context\":\"https:\/\/schema.org\",\"@graph\":[{\"@type\":\"WebPage\",\"@id\":\"https:\/\/amafurni.vn\/san-pham\/ghe-game-danh-cho-game-thu-hang-xuat-khau-cuc-em-ama-mcallum-u\/\",\"url\":\"https:\/\/amafurni.vn\/san-pham\/ghe-game-danh-cho-game-thu-hang-xuat-khau-cuc-em-ama-mcallum-u\/\",\"name\":\"Gh\u1ebf game AMA-MCALLUM-U - AMAFURNI\",\"isPartOf\":{\"@id\":\"https:\/\/amafurni.vn\/#website\"},\"datePublished\":\"2023-12-05T09:36:04+00:00\",\"dateModified\":\"2025-11-12T07:10:04+00:00\",\"breadcrumb\":{\"@id\":\"https:\/\/amafurni.vn\/san-pham\/ghe-game-danh-cho-game-thu-hang-xuat-khau-cuc-em-ama-mcallum-u\/#breadcrumb\"},\"inLanguage\":\"en-US\",\"potentialAction\":[{\"@type\":\"ReadAction\",\"target\":[\"https:\/\/amafurni.vn\/san-pham\/ghe-game-danh-cho-game-thu-hang-xuat-khau-cuc-em-ama-mcallum-u\/\"]}]},{\"@type\":\"BreadcrumbList\",\"@id\":\"https:\/\/amafurni.vn\/san-pham\/ghe-game-danh-cho-game-thu-hang-xuat-khau-cuc-em-ama-mcallum-u\/#breadcrumb\",\"itemListElement\":[{\"@type\":\"ListItem\",\"position\":1,\"name\":\"Trang ch\u1ee7\",\"item\":\"https:\/\/amafurni.vn\/\"},{\"@type\":\"ListItem\",\"position\":2,\"name\":\"S\u1ea3n ph\u1ea9m\",\"item\":\"https:\/\/amafurni.vn\/san-pham\/\"},{\"@type\":\"ListItem\",\"position\":3,\"name\":\"Gh\u1ebf game AMA-MCALLUM-U\"}]},{\"@type\":\"WebSite\",\"@id\":\"https:\/\/amafurni.vn\/#website\",\"url\":\"https:\/\/amafurni.vn\/\",\"name\":\"AMAFURNI\",\"description\":\"\",\"potentialAction\":[{\"@type\":\"SearchAction\",\"target\":{\"@type\":\"EntryPoint\",\"urlTemplate\":\"https:\/\/amafurni.vn\/?s={search_term_string}\"},\"query-input\":\"required name=search_term_string\"}],\"inLanguage\":\"en-US\"}]}<\/script>\n<!-- \/ Yoast SEO Premium plugin. -->","yoast_head_json":{"title":"Gh\u1ebf game AMA-MCALLUM-U - AMAFURNI","robots":{"index":"index","follow":"follow","max-snippet":"max-snippet:-1","max-image-preview":"max-image-preview:large","max-video-preview":"max-video-preview:-1"},"canonical":"https:\/\/amafurni.vn\/en\/product\/ghe-game-danh-cho-game-thu-hang-xuat-khau-cuc-em-ama-mcallum-u\/","og_locale":"en_US","og_type":"article","og_title":"Gh\u1ebf game AMA-MCALLUM-U","og_description":"T\u0103ng gi\u1ea3m chi\u1ec1u cao G\u1eadt g\u00f9 , B\u1eadp b\u00eanh Xoay 360 \u0111\u1ed9","og_url":"https:\/\/amafurni.vn\/en\/product\/ghe-game-danh-cho-game-thu-hang-xuat-khau-cuc-em-ama-mcallum-u\/","og_site_name":"AMAFURNI","article_modified_time":"2025-11-12T07:10:04+00:00","og_image":[{"width":800,"height":800,"url":"https:\/\/amafurni.vn\/wp-content\/uploads\/2023\/12\/ghe-game-danh-cho-game-thu-hang-xuat-khau-cuc-em-ama-mcallum-u_656eef04b8b6b.png","type":"image\/png"}],"twitter_card":"summary_large_image","twitter_misc":{"Est. reading time":"1 minute"},"schema":{"@context":"https:\/\/schema.org","@graph":[{"@type":"WebPage","@id":"https:\/\/amafurni.vn\/san-pham\/ghe-game-danh-cho-game-thu-hang-xuat-khau-cuc-em-ama-mcallum-u\/","url":"https:\/\/amafurni.vn\/san-pham\/ghe-game-danh-cho-game-thu-hang-xuat-khau-cuc-em-ama-mcallum-u\/","name":"Gh\u1ebf game AMA-MCALLUM-U - AMAFURNI","isPartOf":{"@id":"https:\/\/amafurni.vn\/#website"},"datePublished":"2023-12-05T09:36:04+00:00","dateModified":"2025-11-12T07:10:04+00:00","breadcrumb":{"@id":"https:\/\/amafurni.vn\/san-pham\/ghe-game-danh-cho-game-thu-hang-xuat-khau-cuc-em-ama-mcallum-u\/#breadcrumb"},"inLanguage":"en-US","potentialAction":[{"@type":"ReadAction","target":["https:\/\/amafurni.vn\/san-pham\/ghe-game-danh-cho-game-thu-hang-xuat-khau-cuc-em-ama-mcallum-u\/"]}]},{"@type":"BreadcrumbList","@id":"https:\/\/amafurni.vn\/san-pham\/ghe-game-danh-cho-game-thu-hang-xuat-khau-cuc-em-ama-mcallum-u\/#breadcrumb","itemListElement":[{"@type":"ListItem","position":1,"name":"Trang ch\u1ee7","item":"https:\/\/amafurni.vn\/"},{"@type":"ListItem","position":2,"name":"S\u1ea3n ph\u1ea9m","item":"https:\/\/amafurni.vn\/san-pham\/"},{"@type":"ListItem","position":3,"name":"Gh\u1ebf game AMA-MCALLUM-U"}]},{"@type":"WebSite","@id":"https:\/\/amafurni.vn\/#website","url":"https:\/\/amafurni.vn\/","name":"AMAFURNI","description":"","potentialAction":[{"@type":"SearchAction","target":{"@type":"EntryPoint","urlTemplate":"https:\/\/amafurni.vn\/?s={search_term_string}"},"query-input":"required name=search_term_string"}],"inLanguage":"en-US"}]}},"_links":{"self":[{"href":"https:\/\/amafurni.vn\/en\/wp-json\/wp\/v2\/product\/1620"}],"collection":[{"href":"https:\/\/amafurni.vn\/en\/wp-json\/wp\/v2\/product"}],"about":[{"href":"https:\/\/amafurni.vn\/en\/wp-json\/wp\/v2\/types\/product"}],"replies":[{"embeddable":true,"href":"https:\/\/amafurni.vn\/en\/wp-json\/wp\/v2\/comments?post=1620"}],"wp:featuredmedia":[{"embeddable":true,"href":"https:\/\/amafurni.vn\/en\/wp-json\/wp\/v2\/media\/1621"}],"wp:attachment":[{"href":"https:\/\/amafurni.vn\/en\/wp-json\/wp\/v2\/media?parent=1620"}],"wp:term":[{"taxonomy":"product_cat","embeddable":true,"href":"https:\/\/amafurni.vn\/en\/wp-json\/wp\/v2\/product_cat?post=1620"},{"taxonomy":"product_tag","embeddable":true,"href":"https:\/\/amafurni.vn\/en\/wp-json\/wp\/v2\/product_tag?post=1620"}],"curies":[{"name":"wp","href":"https:\/\/api.w.org\/{rel}","templated":true}]}}