{"id":16541,"date":"2024-07-26T10:40:14","date_gmt":"2024-07-26T03:40:14","guid":{"rendered":"https:\/\/amafurni.vn\/?post_type=product&#038;p=16541"},"modified":"2025-11-12T14:14:43","modified_gmt":"2025-11-12T07:14:43","slug":"ghe-ama-842c","status":"publish","type":"product","link":"https:\/\/amafurni.vn\/en\/product\/ghe-ama-842c\/","title":{"rendered":"Gh\u1ebf AMA-842C"},"content":{"rendered":"<table class=\"woocommerce-product-attributes shop_attributes\" style=\"width: 99.6027%;height: 245px\" width=\"929\">\n<tbody>\n<tr class=\"woocommerce-product-attributes-item woocommerce-product-attributes-item--attribute_season\" style=\"height: 36px\">\n<th class=\"woocommerce-product-attributes-item__label\" style=\"height: 44px;width: 32.3243%\">Material<\/th>\n<td class=\"woocommerce-product-attributes-item__value\" style=\"height: 44px;width: 65.6216%\">L\u01b0\u1edbi. Ch\u00e2n s\u1eaft m\u1ea1 chrome<\/td>\n<\/tr>\n<tr class=\"woocommerce-product-attributes-item woocommerce-product-attributes-item--attribute_pa_color\" style=\"height: 37px\">\n<th class=\"woocommerce-product-attributes-item__label\" style=\"height: 46px;width: 32.3243%\">M\u00e0u S\u1eafc<\/th>\n<td class=\"woocommerce-product-attributes-item__value\" style=\"height: 46px;width: 65.6216%\">Black<\/td>\n<\/tr>\n<tr class=\"woocommerce-product-attributes-item woocommerce-product-attributes-item--attribute_style\" style=\"height: 37px\">\n<th class=\"woocommerce-product-attributes-item__label\" style=\"height: 49px;width: 32.3243%\">Size<\/th>\n<td class=\"woocommerce-product-attributes-item__value\" style=\"height: 49px;width: 65.6216%\">\u0110ang c\u1eadp nh\u1eadt<\/td>\n<\/tr>\n<tr class=\"woocommerce-product-attributes-item woocommerce-product-attributes-item--attribute_pa_material\" style=\"height: 36px\">\n<th class=\"woocommerce-product-attributes-item__label\" style=\"height: 49px;width: 32.3243%\">T\u00ednh N\u0103ng<\/th>\n<td class=\"woocommerce-product-attributes-item__value\" style=\"height: 49px;width: 65.6216%\">Ng\u1ed3i c\u1ed1 \u0111\u1ecbnh<\/td>\n<\/tr>\n<tr class=\"woocommerce-product-attributes-item woocommerce-product-attributes-item--attribute_item-code\" style=\"height: 43px\">\n<th class=\"woocommerce-product-attributes-item__label\" style=\"height: 57px;width: 32.3243%\">B\u1ea3o H\u00e0nh<\/th>\n<td class=\"woocommerce-product-attributes-item__value\" style=\"height: 57px;width: 65.6216%\">12 th\u00e1ng<\/td>\n<\/tr>\n<\/tbody>\n<\/table>","protected":false},"excerpt":{"rendered":"<p><strong>Kneeling chair\u00a0<\/strong>l\u00e0 1 m\u1eabu gh\u1ebf nh\u1eadp kh\u1ea9u tr\u1ef1c ti\u1ebfp c\u1ee7a\u00a0<strong>N\u1ed8I TH\u1ea4T AMA FURNITURE<\/strong>\u00a0, v\u1edbi thi\u1ebft k\u1ebf tinh t\u1ebf, t\u1ed1i gian t\u1ea1o n\u00ean v\u1ebb \u0111\u1eb9p sang tr\u1ecdng cho kh\u00f4ng gian V\u0103n ph\u00f2ng.<\/p>\n<ul>\n<li>Ch\u1ea5t li\u1ec7u : L\u01b0\u1edbi<\/li>\n<li>T\u00ednh n\u0103ng :\n<ul>\n<li>Ch\u1ea5t l\u01b0\u1ee3ng b\u1ec1n ch\u1eafc, s\u1eed d\u1ee5ng l\u00e2u d\u00e0i<\/li>\n<li>D\u1ec5 d\u00e0ng lau ch\u00f9i, v\u1ec7 sinh<\/li>\n<li>Ch\u1ed1ng va \u0111\u1eadp t\u1ed1t<\/li>\n<\/ul>\n<ul>\n<li>M\u1eb7t b\u00e0n thi\u1ebft k\u1ebf tinh t\u1ebf, sang tr\u1ecdng<\/li>\n<\/ul>\n<\/li>\n<\/ul>","protected":false},"featured_media":16563,"comment_status":"closed","ping_status":"closed","template":"","meta":[],"product_cat":[59,73,70,106,112],"product_tag":[280,124],"yoast_head":"<!-- This site is optimized with the Yoast SEO Premium plugin v21.7 (Yoast SEO v21.7) - https:\/\/yoast.com\/wordpress\/plugins\/seo\/ -->\n<title>Gh\u1ebf AMA-842C - AMAFURNI<\/title>\n<meta name=\"robots\" content=\"index, follow, max-snippet:-1, max-image-preview:large, max-video-preview:-1\" \/>\n<link rel=\"canonical\" href=\"https:\/\/amafurni.vn\/en\/product\/ghe-ama-842c\/\" \/>\n<meta property=\"og:locale\" content=\"en_US\" \/>\n<meta property=\"og:type\" content=\"article\" \/>\n<meta property=\"og:title\" content=\"Gh\u1ebf AMA-842C\" \/>\n<meta property=\"og:description\" content=\"Gh\u1ebf ch\u00e2n qu\u1ef3\u00a0l\u00e0 1 m\u1eabu gh\u1ebf nh\u1eadp kh\u1ea9u tr\u1ef1c ti\u1ebfp c\u1ee7a\u00a0N\u1ed8I TH\u1ea4T AMA FURNITURE\u00a0, v\u1edbi thi\u1ebft k\u1ebf tinh t\u1ebf, t\u1ed1i gian t\u1ea1o n\u00ean v\u1ebb \u0111\u1eb9p sang tr\u1ecdng cho kh\u00f4ng gian V\u0103n ph\u00f2ng.   Ch\u1ea5t li\u1ec7u : L\u01b0\u1edbi  T\u00ednh n\u0103ng :   Ch\u1ea5t l\u01b0\u1ee3ng b\u1ec1n ch\u1eafc, s\u1eed d\u1ee5ng l\u00e2u d\u00e0i  D\u1ec5 d\u00e0ng lau ch\u00f9i, v\u1ec7 sinh  Ch\u1ed1ng va \u0111\u1eadp t\u1ed1t    M\u1eb7t b\u00e0n thi\u1ebft k\u1ebf tinh t\u1ebf, sang tr\u1ecdng\" \/>\n<meta property=\"og:url\" content=\"https:\/\/amafurni.vn\/en\/product\/ghe-ama-842c\/\" \/>\n<meta property=\"og:site_name\" content=\"AMAFURNI\" \/>\n<meta property=\"article:modified_time\" content=\"2025-11-12T07:14:43+00:00\" \/>\n<meta property=\"og:image\" content=\"https:\/\/amafurni.vn\/wp-content\/uploads\/2024\/07\/f48e24e0-65ac-4ab3-ab8e-4ce3f8cb9442.jpeg\" \/>\n\t<meta property=\"og:image:width\" content=\"800\" \/>\n\t<meta property=\"og:image:height\" content=\"800\" \/>\n\t<meta property=\"og:image:type\" content=\"image\/jpeg\" \/>\n<meta name=\"twitter:card\" content=\"summary_large_image\" \/>\n<meta name=\"twitter:label1\" content=\"Est. reading time\" \/>\n\t<meta name=\"twitter:data1\" content=\"1 minute\" \/>\n<script type=\"application\/ld+json\" class=\"yoast-schema-graph\">{\"@context\":\"https:\/\/schema.org\",\"@graph\":[{\"@type\":\"WebPage\",\"@id\":\"https:\/\/amafurni.vn\/san-pham\/ghe-ama-842c\/\",\"url\":\"https:\/\/amafurni.vn\/san-pham\/ghe-ama-842c\/\",\"name\":\"Gh\u1ebf AMA-842C - AMAFURNI\",\"isPartOf\":{\"@id\":\"https:\/\/amafurni.vn\/#website\"},\"datePublished\":\"2024-07-26T03:40:14+00:00\",\"dateModified\":\"2025-11-12T07:14:43+00:00\",\"breadcrumb\":{\"@id\":\"https:\/\/amafurni.vn\/san-pham\/ghe-ama-842c\/#breadcrumb\"},\"inLanguage\":\"en-US\",\"potentialAction\":[{\"@type\":\"ReadAction\",\"target\":[\"https:\/\/amafurni.vn\/san-pham\/ghe-ama-842c\/\"]}]},{\"@type\":\"BreadcrumbList\",\"@id\":\"https:\/\/amafurni.vn\/san-pham\/ghe-ama-842c\/#breadcrumb\",\"itemListElement\":[{\"@type\":\"ListItem\",\"position\":1,\"name\":\"Trang ch\u1ee7\",\"item\":\"https:\/\/amafurni.vn\/\"},{\"@type\":\"ListItem\",\"position\":2,\"name\":\"S\u1ea3n ph\u1ea9m\",\"item\":\"https:\/\/amafurni.vn\/san-pham\/\"},{\"@type\":\"ListItem\",\"position\":3,\"name\":\"Gh\u1ebf AMA-842C\"}]},{\"@type\":\"WebSite\",\"@id\":\"https:\/\/amafurni.vn\/#website\",\"url\":\"https:\/\/amafurni.vn\/\",\"name\":\"AMAFURNI\",\"description\":\"\",\"potentialAction\":[{\"@type\":\"SearchAction\",\"target\":{\"@type\":\"EntryPoint\",\"urlTemplate\":\"https:\/\/amafurni.vn\/?s={search_term_string}\"},\"query-input\":\"required name=search_term_string\"}],\"inLanguage\":\"en-US\"}]}<\/script>\n<!-- \/ Yoast SEO Premium plugin. -->","yoast_head_json":{"title":"Gh\u1ebf AMA-842C - AMAFURNI","robots":{"index":"index","follow":"follow","max-snippet":"max-snippet:-1","max-image-preview":"max-image-preview:large","max-video-preview":"max-video-preview:-1"},"canonical":"https:\/\/amafurni.vn\/en\/product\/ghe-ama-842c\/","og_locale":"en_US","og_type":"article","og_title":"Gh\u1ebf AMA-842C","og_description":"Gh\u1ebf ch\u00e2n qu\u1ef3\u00a0l\u00e0 1 m\u1eabu gh\u1ebf nh\u1eadp kh\u1ea9u tr\u1ef1c ti\u1ebfp c\u1ee7a\u00a0N\u1ed8I TH\u1ea4T AMA FURNITURE\u00a0, v\u1edbi thi\u1ebft k\u1ebf tinh t\u1ebf, t\u1ed1i gian t\u1ea1o n\u00ean v\u1ebb \u0111\u1eb9p sang tr\u1ecdng cho kh\u00f4ng gian V\u0103n ph\u00f2ng.   Ch\u1ea5t li\u1ec7u : L\u01b0\u1edbi  T\u00ednh n\u0103ng :   Ch\u1ea5t l\u01b0\u1ee3ng b\u1ec1n ch\u1eafc, s\u1eed d\u1ee5ng l\u00e2u d\u00e0i  D\u1ec5 d\u00e0ng lau ch\u00f9i, v\u1ec7 sinh  Ch\u1ed1ng va \u0111\u1eadp t\u1ed1t    M\u1eb7t b\u00e0n thi\u1ebft k\u1ebf tinh t\u1ebf, sang tr\u1ecdng","og_url":"https:\/\/amafurni.vn\/en\/product\/ghe-ama-842c\/","og_site_name":"AMAFURNI","article_modified_time":"2025-11-12T07:14:43+00:00","og_image":[{"width":800,"height":800,"url":"https:\/\/amafurni.vn\/wp-content\/uploads\/2024\/07\/f48e24e0-65ac-4ab3-ab8e-4ce3f8cb9442.jpeg","type":"image\/jpeg"}],"twitter_card":"summary_large_image","twitter_misc":{"Est. reading time":"1 minute"},"schema":{"@context":"https:\/\/schema.org","@graph":[{"@type":"WebPage","@id":"https:\/\/amafurni.vn\/san-pham\/ghe-ama-842c\/","url":"https:\/\/amafurni.vn\/san-pham\/ghe-ama-842c\/","name":"Gh\u1ebf AMA-842C - AMAFURNI","isPartOf":{"@id":"https:\/\/amafurni.vn\/#website"},"datePublished":"2024-07-26T03:40:14+00:00","dateModified":"2025-11-12T07:14:43+00:00","breadcrumb":{"@id":"https:\/\/amafurni.vn\/san-pham\/ghe-ama-842c\/#breadcrumb"},"inLanguage":"en-US","potentialAction":[{"@type":"ReadAction","target":["https:\/\/amafurni.vn\/san-pham\/ghe-ama-842c\/"]}]},{"@type":"BreadcrumbList","@id":"https:\/\/amafurni.vn\/san-pham\/ghe-ama-842c\/#breadcrumb","itemListElement":[{"@type":"ListItem","position":1,"name":"Trang ch\u1ee7","item":"https:\/\/amafurni.vn\/"},{"@type":"ListItem","position":2,"name":"S\u1ea3n ph\u1ea9m","item":"https:\/\/amafurni.vn\/san-pham\/"},{"@type":"ListItem","position":3,"name":"Gh\u1ebf AMA-842C"}]},{"@type":"WebSite","@id":"https:\/\/amafurni.vn\/#website","url":"https:\/\/amafurni.vn\/","name":"AMAFURNI","description":"","potentialAction":[{"@type":"SearchAction","target":{"@type":"EntryPoint","urlTemplate":"https:\/\/amafurni.vn\/?s={search_term_string}"},"query-input":"required name=search_term_string"}],"inLanguage":"en-US"}]}},"_links":{"self":[{"href":"https:\/\/amafurni.vn\/en\/wp-json\/wp\/v2\/product\/16541"}],"collection":[{"href":"https:\/\/amafurni.vn\/en\/wp-json\/wp\/v2\/product"}],"about":[{"href":"https:\/\/amafurni.vn\/en\/wp-json\/wp\/v2\/types\/product"}],"replies":[{"embeddable":true,"href":"https:\/\/amafurni.vn\/en\/wp-json\/wp\/v2\/comments?post=16541"}],"wp:featuredmedia":[{"embeddable":true,"href":"https:\/\/amafurni.vn\/en\/wp-json\/wp\/v2\/media\/16563"}],"wp:attachment":[{"href":"https:\/\/amafurni.vn\/en\/wp-json\/wp\/v2\/media?parent=16541"}],"wp:term":[{"taxonomy":"product_cat","embeddable":true,"href":"https:\/\/amafurni.vn\/en\/wp-json\/wp\/v2\/product_cat?post=16541"},{"taxonomy":"product_tag","embeddable":true,"href":"https:\/\/amafurni.vn\/en\/wp-json\/wp\/v2\/product_tag?post=16541"}],"curies":[{"name":"wp","href":"https:\/\/api.w.org\/{rel}","templated":true}]}}