{"id":16680,"date":"2024-07-31T14:50:38","date_gmt":"2024-07-31T07:50:38","guid":{"rendered":"https:\/\/amafurni.vn\/?post_type=product&#038;p=16680"},"modified":"2026-01-13T12:06:05","modified_gmt":"2026-01-13T05:06:05","slug":"ghe-lam-viec-ama-m1108-02","status":"publish","type":"product","link":"https:\/\/amafurni.vn\/en\/product\/ghe-lam-viec-ama-m1108-02\/","title":{"rendered":"Gh\u1ebf l\u00e0m vi\u1ec7c AMA-M1108-02"},"content":{"rendered":"<p><strong>Gh\u1ebf l\u00e0m vi\u1ec7c AMA-M1108-02<\/strong><\/p>\n<table class=\"woocommerce-product-attributes shop_attributes\" style=\"width: 100.222%;height: 285px\">\n<tbody>\n<tr class=\"woocommerce-product-attributes-item woocommerce-product-attributes-item--attribute_season\" style=\"height: 24px\">\n<th class=\"woocommerce-product-attributes-item__label\" style=\"height: 24px;width: 11.5768%\"><span style=\"font-family: arial, helvetica, sans-serif\">Material<\/span><\/th>\n<td class=\"woocommerce-product-attributes-item__value\" style=\"height: 24px;width: 87.8244%\"><span style=\"font-family: arial, helvetica, sans-serif\">L\u01b0ng gh\u1ebf b\u1ecdc vynilp , Tay h\u1ee3p kim \u0111\u00fac \u1ed1p PVC, Ch\u00e2n nh\u1ef1a \u0111\u00fac \u0111\u1eb7c , N\u1ec7m mousse D40, Phu\u1ed9c: M\u1ea1 chrome, ti\u00eau chu\u1ea9n BIFMA 85C ch\u1ecbu t\u1ea3i tr\u1ecdng \u0111\u1ebfn 100kg.<\/span><\/td>\n<\/tr>\n<tr class=\"woocommerce-product-attributes-item woocommerce-product-attributes-item--attribute_pa_color\" style=\"height: 24px\">\n<th class=\"woocommerce-product-attributes-item__label\" style=\"height: 25px;width: 11.5768%\"><span style=\"font-family: arial, helvetica, sans-serif\">M\u00e0u S\u1eafc<\/span><\/th>\n<td class=\"woocommerce-product-attributes-item__value\" style=\"height: 25px;width: 87.8244%\"><span style=\"font-family: arial, helvetica, sans-serif\">\u00a0B\u1ecdc m\u00e0u theo y\u00eau c\u1ea7u, tu\u1ef3 ch\u1ecdn trong b\u1ea3ng m\u00e0u.<\/span><\/td>\n<\/tr>\n<tr class=\"woocommerce-product-attributes-item woocommerce-product-attributes-item--attribute_style\" style=\"height: 24px\">\n<th class=\"woocommerce-product-attributes-item__label\" style=\"height: 24px;width: 11.5768%\"><span style=\"font-family: arial, helvetica, sans-serif\">Size<\/span><\/th>\n<td class=\"woocommerce-product-attributes-item__value\" style=\"height: 24px;width: 87.8244%\">\u0110ang c\u1eadp nh\u1eadt.<\/td>\n<\/tr>\n<tr class=\"woocommerce-product-attributes-item woocommerce-product-attributes-item--attribute_pa_material\" style=\"height: 31px\">\n<th class=\"woocommerce-product-attributes-item__label\" style=\"height: 31px;width: 11.5768%\"><span style=\"font-family: arial, helvetica, sans-serif\">T\u00ednh N\u0103ng<\/span><\/th>\n<td class=\"woocommerce-product-attributes-item__value\" style=\"height: 31px;width: 87.8244%\"><span style=\"font-family: arial, helvetica, sans-serif\">\u00a0Xoay 360 \u0111\u1ed9, G\u1eadt g\u00f9 b\u1eadp b\u00eanh, T\u0103ng\/gi\u1ea3m chi\u1ec1u cao.<\/span><\/td>\n<\/tr>\n<tr class=\"woocommerce-product-attributes-item woocommerce-product-attributes-item--attribute_item-code\" style=\"height: 24px\">\n<th class=\"woocommerce-product-attributes-item__label\" style=\"height: 24px;width: 11.5768%\"><span style=\"font-family: arial, helvetica, sans-serif\">B\u1ea3o H\u00e0nh<\/span><\/th>\n<td class=\"woocommerce-product-attributes-item__value\" style=\"height: 24px;width: 87.8244%\"><span style=\"font-family: arial, helvetica, sans-serif\"> B\u1ea3o h\u00e0nh: 2 n\u0103m t\u1ea5t c\u1ea3 l\u1ed7i k\u1ef9 thu\u1eadt.<\/span><\/td>\n<\/tr>\n<\/tbody>\n<\/table>","protected":false},"excerpt":{"rendered":"<p><strong>Chair <\/strong>l\u00e0 1 m\u1eabu gh\u1ebf nh\u1eadp kh\u1ea9u tr\u1ef1c ti\u1ebfp c\u1ee7a\u00a0<strong>N\u1ed8I TH\u1ea4T AMA FURNITURE<\/strong> , v\u1edbi thi\u1ebft k\u1ebf tinh t\u1ebf sang tr\u1ecdng, t\u1ed1i gian t\u1ea1o n\u00ean v\u1ebb \u0111\u1eb9p sang tr\u1ecdng cho kh\u00f4ng gian V\u0103n ph\u00f2ng, C\u00f4ng ty, Ng\u00e2n h\u00e0ng v.v.<\/p>\n<ul>\n<li>M\u00e3 SP : AMA-M1108-02<\/li>\n<li>Ch\u1ea5t li\u1ec7u : <span style=\"font-family: arial, helvetica, sans-serif\">L\u01b0ng gh\u1ebf b\u1ecdc vynilp , Tay h\u1ee3p kim \u0111\u00fac \u1ed1p PVC, Ch\u00e2n nh\u1ef1a \u0111\u00fac \u0111\u1eb7c , N\u1ec7m mousse D40, Phu\u1ed9c: M\u1ea1 chrome, ti\u00eau chu\u1ea9n BIFMA 85C ch\u1ecbu t\u1ea3i tr\u1ecdng \u0111\u1ebfn 100kg.<\/span><\/li>\n<li>M\u00e0u s\u1eafc : <span style=\"font-family: arial, helvetica, sans-serif\">\u00a0B\u1ecdc m\u00e0u theo y\u00eau c\u1ea7u, tu\u1ef3 ch\u1ecdn trong b\u1ea3ng m\u00e0u.<\/span><\/li>\n<li>T\u00ednh n\u0103ng :\n<ul>\n<li>Ch\u1ea5t l\u01b0\u1ee3ng b\u1ec1n ch\u1eafc, s\u1eed d\u1ee5ng l\u00e2u d\u00e0i<\/li>\n<li>D\u1ec5 d\u00e0ng lau ch\u00f9i, v\u1ec7 sinh<\/li>\n<li>Ch\u1ed1ng va \u0111\u1eadp t\u1ed1t, m\u00e0u s\u1eafc s\u1ed1ng \u0111\u1ed9ng<\/li>\n<\/ul>\n<ul>\n<li>M\u1eb7t gh\u1ebf thi\u1ebft k\u1ebf tinh t\u1ebf d\u1ec5 ng\u1ed3i<\/li>\n<\/ul>\n<\/li>\n<\/ul>","protected":false},"featured_media":23492,"comment_status":"closed","ping_status":"closed","template":"","meta":[],"product_cat":[59,70],"product_tag":[124],"yoast_head":"<!-- This site is optimized with the Yoast SEO Premium plugin v21.7 (Yoast SEO v21.7) - https:\/\/yoast.com\/wordpress\/plugins\/seo\/ -->\n<title>Gh\u1ebf l\u00e0m vi\u1ec7c AMA-M1108-02 - AMAFURNI<\/title>\n<meta name=\"description\" content=\"Gh\u1ebf l\u00e0m vi\u1ec7c hi\u1ec7n \u0111\u1ea1i cho v\u0103n ph\u00f2ng, mang l\u1ea1i c\u1ea3m gi\u00e1c tho\u1ea3i m\u00e1i, t\u1ed1i \u01b0u Hotline AMA Furniture: 0969919449 - 0906963408 AMA Furniture\" \/>\n<meta name=\"robots\" content=\"index, follow, max-snippet:-1, max-image-preview:large, max-video-preview:-1\" \/>\n<link rel=\"canonical\" href=\"https:\/\/amafurni.vn\/en\/product\/ghe-lam-viec-ama-m1108-02\/\" \/>\n<meta property=\"og:locale\" content=\"en_US\" \/>\n<meta property=\"og:type\" content=\"article\" \/>\n<meta property=\"og:title\" content=\"Gh\u1ebf l\u00e0m vi\u1ec7c AMA-M1108-02\" \/>\n<meta property=\"og:description\" content=\"Gh\u1ebf l\u00e0m vi\u1ec7c hi\u1ec7n \u0111\u1ea1i cho v\u0103n ph\u00f2ng, mang l\u1ea1i c\u1ea3m gi\u00e1c tho\u1ea3i m\u00e1i, t\u1ed1i \u01b0u Hotline AMA Furniture: 0969919449 - 0906963408 AMA Furniture\" \/>\n<meta property=\"og:url\" content=\"https:\/\/amafurni.vn\/en\/product\/ghe-lam-viec-ama-m1108-02\/\" \/>\n<meta property=\"og:site_name\" content=\"AMAFURNI\" \/>\n<meta property=\"article:modified_time\" content=\"2026-01-13T05:06:05+00:00\" \/>\n<meta property=\"og:image\" content=\"https:\/\/amafurni.vn\/wp-content\/uploads\/2024\/07\/AMA-M1108-02.jpg\" \/>\n\t<meta property=\"og:image:width\" content=\"800\" \/>\n\t<meta property=\"og:image:height\" content=\"800\" \/>\n\t<meta property=\"og:image:type\" content=\"image\/jpeg\" \/>\n<meta name=\"twitter:card\" content=\"summary_large_image\" \/>\n<meta name=\"twitter:label1\" content=\"Est. reading time\" \/>\n\t<meta name=\"twitter:data1\" content=\"1 minute\" \/>\n<script type=\"application\/ld+json\" class=\"yoast-schema-graph\">{\"@context\":\"https:\/\/schema.org\",\"@graph\":[{\"@type\":\"WebPage\",\"@id\":\"https:\/\/amafurni.vn\/san-pham\/ghe-lam-viec-ama-m1108-02\/\",\"url\":\"https:\/\/amafurni.vn\/san-pham\/ghe-lam-viec-ama-m1108-02\/\",\"name\":\"Gh\u1ebf l\u00e0m vi\u1ec7c AMA-M1108-02 - AMAFURNI\",\"isPartOf\":{\"@id\":\"https:\/\/amafurni.vn\/#website\"},\"datePublished\":\"2024-07-31T07:50:38+00:00\",\"dateModified\":\"2026-01-13T05:06:05+00:00\",\"description\":\"Gh\u1ebf l\u00e0m vi\u1ec7c hi\u1ec7n \u0111\u1ea1i cho v\u0103n ph\u00f2ng, mang l\u1ea1i c\u1ea3m gi\u00e1c tho\u1ea3i m\u00e1i, t\u1ed1i \u01b0u Hotline AMA Furniture: 0969919449 - 0906963408 AMA Furniture\",\"breadcrumb\":{\"@id\":\"https:\/\/amafurni.vn\/san-pham\/ghe-lam-viec-ama-m1108-02\/#breadcrumb\"},\"inLanguage\":\"en-US\",\"potentialAction\":[{\"@type\":\"ReadAction\",\"target\":[\"https:\/\/amafurni.vn\/san-pham\/ghe-lam-viec-ama-m1108-02\/\"]}]},{\"@type\":\"BreadcrumbList\",\"@id\":\"https:\/\/amafurni.vn\/san-pham\/ghe-lam-viec-ama-m1108-02\/#breadcrumb\",\"itemListElement\":[{\"@type\":\"ListItem\",\"position\":1,\"name\":\"Trang ch\u1ee7\",\"item\":\"https:\/\/amafurni.vn\/\"},{\"@type\":\"ListItem\",\"position\":2,\"name\":\"S\u1ea3n ph\u1ea9m\",\"item\":\"https:\/\/amafurni.vn\/san-pham\/\"},{\"@type\":\"ListItem\",\"position\":3,\"name\":\"Gh\u1ebf l\u00e0m vi\u1ec7c AMA-M1108-02\"}]},{\"@type\":\"WebSite\",\"@id\":\"https:\/\/amafurni.vn\/#website\",\"url\":\"https:\/\/amafurni.vn\/\",\"name\":\"AMAFURNI\",\"description\":\"\",\"potentialAction\":[{\"@type\":\"SearchAction\",\"target\":{\"@type\":\"EntryPoint\",\"urlTemplate\":\"https:\/\/amafurni.vn\/?s={search_term_string}\"},\"query-input\":\"required name=search_term_string\"}],\"inLanguage\":\"en-US\"}]}<\/script>\n<!-- \/ Yoast SEO Premium plugin. -->","yoast_head_json":{"title":"Gh\u1ebf l\u00e0m vi\u1ec7c AMA-M1108-02 - AMAFURNI","description":"Gh\u1ebf l\u00e0m vi\u1ec7c hi\u1ec7n \u0111\u1ea1i cho v\u0103n ph\u00f2ng, mang l\u1ea1i c\u1ea3m gi\u00e1c tho\u1ea3i m\u00e1i, t\u1ed1i \u01b0u Hotline AMA Furniture: 0969919449 - 0906963408 AMA Furniture","robots":{"index":"index","follow":"follow","max-snippet":"max-snippet:-1","max-image-preview":"max-image-preview:large","max-video-preview":"max-video-preview:-1"},"canonical":"https:\/\/amafurni.vn\/en\/product\/ghe-lam-viec-ama-m1108-02\/","og_locale":"en_US","og_type":"article","og_title":"Gh\u1ebf l\u00e0m vi\u1ec7c AMA-M1108-02","og_description":"Gh\u1ebf l\u00e0m vi\u1ec7c hi\u1ec7n \u0111\u1ea1i cho v\u0103n ph\u00f2ng, mang l\u1ea1i c\u1ea3m gi\u00e1c tho\u1ea3i m\u00e1i, t\u1ed1i \u01b0u Hotline AMA Furniture: 0969919449 - 0906963408 AMA Furniture","og_url":"https:\/\/amafurni.vn\/en\/product\/ghe-lam-viec-ama-m1108-02\/","og_site_name":"AMAFURNI","article_modified_time":"2026-01-13T05:06:05+00:00","og_image":[{"width":800,"height":800,"url":"https:\/\/amafurni.vn\/wp-content\/uploads\/2024\/07\/AMA-M1108-02.jpg","type":"image\/jpeg"}],"twitter_card":"summary_large_image","twitter_misc":{"Est. reading time":"1 minute"},"schema":{"@context":"https:\/\/schema.org","@graph":[{"@type":"WebPage","@id":"https:\/\/amafurni.vn\/san-pham\/ghe-lam-viec-ama-m1108-02\/","url":"https:\/\/amafurni.vn\/san-pham\/ghe-lam-viec-ama-m1108-02\/","name":"Gh\u1ebf l\u00e0m vi\u1ec7c AMA-M1108-02 - AMAFURNI","isPartOf":{"@id":"https:\/\/amafurni.vn\/#website"},"datePublished":"2024-07-31T07:50:38+00:00","dateModified":"2026-01-13T05:06:05+00:00","description":"Gh\u1ebf l\u00e0m vi\u1ec7c hi\u1ec7n \u0111\u1ea1i cho v\u0103n ph\u00f2ng, mang l\u1ea1i c\u1ea3m gi\u00e1c tho\u1ea3i m\u00e1i, t\u1ed1i \u01b0u Hotline AMA Furniture: 0969919449 - 0906963408 AMA Furniture","breadcrumb":{"@id":"https:\/\/amafurni.vn\/san-pham\/ghe-lam-viec-ama-m1108-02\/#breadcrumb"},"inLanguage":"en-US","potentialAction":[{"@type":"ReadAction","target":["https:\/\/amafurni.vn\/san-pham\/ghe-lam-viec-ama-m1108-02\/"]}]},{"@type":"BreadcrumbList","@id":"https:\/\/amafurni.vn\/san-pham\/ghe-lam-viec-ama-m1108-02\/#breadcrumb","itemListElement":[{"@type":"ListItem","position":1,"name":"Trang ch\u1ee7","item":"https:\/\/amafurni.vn\/"},{"@type":"ListItem","position":2,"name":"S\u1ea3n ph\u1ea9m","item":"https:\/\/amafurni.vn\/san-pham\/"},{"@type":"ListItem","position":3,"name":"Gh\u1ebf l\u00e0m vi\u1ec7c AMA-M1108-02"}]},{"@type":"WebSite","@id":"https:\/\/amafurni.vn\/#website","url":"https:\/\/amafurni.vn\/","name":"AMAFURNI","description":"","potentialAction":[{"@type":"SearchAction","target":{"@type":"EntryPoint","urlTemplate":"https:\/\/amafurni.vn\/?s={search_term_string}"},"query-input":"required name=search_term_string"}],"inLanguage":"en-US"}]}},"_links":{"self":[{"href":"https:\/\/amafurni.vn\/en\/wp-json\/wp\/v2\/product\/16680"}],"collection":[{"href":"https:\/\/amafurni.vn\/en\/wp-json\/wp\/v2\/product"}],"about":[{"href":"https:\/\/amafurni.vn\/en\/wp-json\/wp\/v2\/types\/product"}],"replies":[{"embeddable":true,"href":"https:\/\/amafurni.vn\/en\/wp-json\/wp\/v2\/comments?post=16680"}],"wp:featuredmedia":[{"embeddable":true,"href":"https:\/\/amafurni.vn\/en\/wp-json\/wp\/v2\/media\/23492"}],"wp:attachment":[{"href":"https:\/\/amafurni.vn\/en\/wp-json\/wp\/v2\/media?parent=16680"}],"wp:term":[{"taxonomy":"product_cat","embeddable":true,"href":"https:\/\/amafurni.vn\/en\/wp-json\/wp\/v2\/product_cat?post=16680"},{"taxonomy":"product_tag","embeddable":true,"href":"https:\/\/amafurni.vn\/en\/wp-json\/wp\/v2\/product_tag?post=16680"}],"curies":[{"name":"wp","href":"https:\/\/api.w.org\/{rel}","templated":true}]}}