{"id":1670,"date":"2023-12-05T16:39:23","date_gmt":"2023-12-05T09:39:23","guid":{"rendered":"https:\/\/amafurni.123websitedev.com\/san-pham\/ghe-game-chan-xoay-nga-lung-thu-gian-co-chan-gac-ama-ma007-u9\/"},"modified":"2025-11-12T14:17:11","modified_gmt":"2025-11-12T07:17:11","slug":"ghe-game-chan-xoay-nga-lung-thu-gian-co-chan-gac-ama-ma007-u9","status":"publish","type":"product","link":"https:\/\/amafurni.vn\/en\/product\/ghe-game-chan-xoay-nga-lung-thu-gian-co-chan-gac-ama-ma007-u9\/","title":{"rendered":"Gh\u1ebf Gaming AMA-MA007"},"content":{"rendered":"<table style=\"width: 1098px;\" border=\"1\">\n<tbody>\n<tr style=\"height: 50.1406px;\">\n<td style=\"width: 242px; height: 50.1406px;\"><span style=\"font-family: 'times new roman', times, serif; color: #ff0000;\"><strong>Material<\/strong><\/span><\/td>\n<td style=\"width: 121px; height: 50.1406px;\"><span style=\"font-family: 'times new roman', times, serif; color: #ff0000;\"><strong>Size<\/strong><\/span><\/td>\n<td style=\"width: 321px; height: 50.1406px;\"><span style=\"font-family: 'times new roman', times, serif; color: #ff0000;\"><strong>T\u00ednh N\u0103ng<\/strong><\/span><\/td>\n<td style=\"width: 162.922px; height: 50.1406px;\"><span style=\"font-family: 'times new roman', times, serif; color: #ff0000;\"><strong>M\u00e0u S\u1eafc<\/strong><\/span><\/td>\n<td style=\"width: 85.0781px; height: 50.1406px;\"><span style=\"font-family: 'times new roman', times, serif; color: #ff0000;\"><strong>Xu\u1ea5t X\u1ee9<\/strong><\/span><\/td>\n<td style=\"width: 115px; height: 50.1406px;\"><span style=\"font-family: 'times new roman', times, serif; color: #ff0000;\"><strong>B\u1ea3o h\u00e0nh<\/strong><\/span><\/td>\n<\/tr>\n<tr style=\"height: 258px;\">\n<td style=\"width: 242px; height: 258px;\"><span style=\"font-family: 'times new roman', times, serif;\">.B\u1ecdc Da PU cao c\u1ea5p ch\u1ed1ng ch\u00e1y , ch\u1ed1ng tia UV<\/span><br \/>\n<span style=\"font-family: 'times new roman', times, serif;\">.Ben h\u01a1i Class 4 v\u1edbi \u0111\u1ed9 \u1ed5n \u0111\u1ecbnh cao<\/span><br \/>\n<span style=\"font-family: 'times new roman', times, serif;\">.Tay nh\u1ef1a \u0111\u00fac nguy\u00ean kh\u1ed1i<\/span><br \/>\n<span style=\"font-family: 'times new roman', times, serif;\">. Ch\u00e2n s\u1eaft s\u01a1n t\u0129nh \u0111i\u1ec7n \u0110en<\/span><br \/>\n<span style=\"font-family: 'times new roman', times, serif;\">. B\u00e1nh xe nh\u1ef1a \u0111\u00fac gi\u1ea3m ti\u1ebfng \u1ed3n<\/span><\/td>\n<td style=\"width: 121px; height: 258px;\"><span style=\"font-family: 'times new roman', times, serif;\">650*600*(1200-1280)<\/span><\/td>\n<td style=\"width: 321px; height: 258px;\"><span style=\"font-family: 'times new roman', times, serif;\"><span class=\"fontstyle0\"><br \/>\n<\/span>. Ng\u1ea3 l\u01b0ng 170 \u0111\u1ed9 th\u1eb3ng l\u01b0ng<br \/>\n. Ch\u00e2n g\u00e1c c\u00f3 th\u1ec3 k\u00e9o v\u00e0 x\u1ebfp g\u1ecdn g\u00e0ng<br \/>\n. T\u0103ng gi\u1ea3m chi\u1ec1u cao<br \/>\n. 02 g\u1ed1i d\u1ef1a : 1 g\u1ed1i \u0111\u1ea7u, 1 g\u1ed1i l\u01b0ng<br \/>\n. Xoay 360 \u0111\u1ed9<br \/>\n<\/span><\/td>\n<td style=\"width: 162.922px; height: 258px;\"><span style=\"font-family: 'times new roman', times, serif;\">. \u0110\u1ecf &#8211; \u0110en<\/span><br \/>\n<span style=\"font-family: 'times new roman', times, serif;\">. Tr\u1eafng &#8211; \u0110en<\/span><br \/>\n<span style=\"font-family: 'times new roman', times, serif;\">. Xanh d\u01b0\u01a1ng &#8211; \u0110en<\/span><br \/>\n<span style=\"font-family: 'times new roman', times, serif;\">. H\u1ed3ng &#8211; Tr\u1eafng<\/span><br \/>\n<span style=\"font-family: 'times new roman', times, serif;\">. X\u00e1m &#8211; \u0110en<\/span><br \/>\n<span style=\"font-family: 'times new roman', times, serif;\">. \u0110en S\u1ecdc &#8211; \u0110en<\/span><\/td>\n<td style=\"width: 85.0781px; height: 258px;\"><span style=\"font-family: 'times new roman', times, serif;\">VI\u1ec6T NAM<\/span><\/td>\n<td style=\"width: 115px; height: 258px;\"><span style=\"font-family: 'times new roman', times, serif;\">. 12 th\u00e1ng k\u1ef9 thu\u1eadt<\/span><\/td>\n<\/tr>\n<\/tbody>\n<\/table>","protected":false},"excerpt":{"rendered":"<p>. Ng\u1ea3 l\u01b0ng 170 \u0111\u1ed9 th\u1eb3ng l\u01b0ng<br \/>\n. Ch\u00e2n g\u00e1c c\u00f3 th\u1ec3 k\u00e9o v\u00e0 x\u1ebfp g\u1ecdn g\u00e0ng<br \/>\n. T\u0103ng gi\u1ea3m chi\u1ec1u cao<br \/>\n. 02 g\u1ed1i d\u1ef1a : 1 g\u1ed1i \u0111\u1ea7u, 1 g\u1ed1i l\u01b0ng<br \/>\n. Xoay 360 \u0111\u1ed9<\/p>","protected":false},"featured_media":23037,"comment_status":"open","ping_status":"closed","template":"","meta":[],"product_cat":[60,80],"product_tag":[723],"yoast_head":"<!-- This site is optimized with the Yoast SEO Premium plugin v21.7 (Yoast SEO v21.7) - https:\/\/yoast.com\/wordpress\/plugins\/seo\/ -->\n<title>Gh\u1ebf Gaming AMA-MA007 - AMAFURNI<\/title>\n<meta name=\"description\" content=\"Gh\u1ebf gaming chu\u1ea9n game th\u1ee7 h\u00e0ng xu\u1ea5t kh\u1ea9u AMA-MA007 b\u1ecdc da cao c\u1ea5p ch\u1ecbu t\u1ea3i l\u1edbn 150kg v\u00e0 ng\u1ea3 l\u01b0ng th\u01b0 gi\u00e3n c\u00f3 ch\u00e2n g\u00e1c n\u1eb1m\" \/>\n<meta name=\"robots\" content=\"index, follow, max-snippet:-1, max-image-preview:large, max-video-preview:-1\" \/>\n<link rel=\"canonical\" href=\"https:\/\/amafurni.vn\/en\/product\/ghe-game-chan-xoay-nga-lung-thu-gian-co-chan-gac-ama-ma007-u9\/\" \/>\n<meta property=\"og:locale\" content=\"en_US\" \/>\n<meta property=\"og:type\" content=\"article\" \/>\n<meta property=\"og:title\" content=\"Gh\u1ebf Gaming AMA-MA007\" \/>\n<meta property=\"og:description\" content=\"Gh\u1ebf gaming chu\u1ea9n game th\u1ee7 h\u00e0ng xu\u1ea5t kh\u1ea9u AMA-MA007 b\u1ecdc da cao c\u1ea5p ch\u1ecbu t\u1ea3i l\u1edbn 150kg v\u00e0 ng\u1ea3 l\u01b0ng th\u01b0 gi\u00e3n c\u00f3 ch\u00e2n g\u00e1c n\u1eb1m\" \/>\n<meta property=\"og:url\" content=\"https:\/\/amafurni.vn\/en\/product\/ghe-game-chan-xoay-nga-lung-thu-gian-co-chan-gac-ama-ma007-u9\/\" \/>\n<meta property=\"og:site_name\" content=\"AMAFURNI\" \/>\n<meta property=\"article:modified_time\" content=\"2025-11-12T07:17:11+00:00\" \/>\n<meta property=\"og:image\" content=\"https:\/\/amafurni.vn\/wp-content\/uploads\/2025\/07\/MA007-PINK.3.jpeg\" \/>\n\t<meta property=\"og:image:width\" content=\"1010\" \/>\n\t<meta property=\"og:image:height\" content=\"1010\" \/>\n\t<meta property=\"og:image:type\" content=\"image\/jpeg\" \/>\n<meta name=\"twitter:card\" content=\"summary_large_image\" \/>\n<meta name=\"twitter:label1\" content=\"Est. reading time\" \/>\n\t<meta name=\"twitter:data1\" content=\"1 minute\" \/>\n<script type=\"application\/ld+json\" class=\"yoast-schema-graph\">{\"@context\":\"https:\/\/schema.org\",\"@graph\":[{\"@type\":\"WebPage\",\"@id\":\"https:\/\/amafurni.vn\/san-pham\/ghe-game-chan-xoay-nga-lung-thu-gian-co-chan-gac-ama-ma007-u9\/\",\"url\":\"https:\/\/amafurni.vn\/san-pham\/ghe-game-chan-xoay-nga-lung-thu-gian-co-chan-gac-ama-ma007-u9\/\",\"name\":\"Gh\u1ebf Gaming AMA-MA007 - AMAFURNI\",\"isPartOf\":{\"@id\":\"https:\/\/amafurni.vn\/#website\"},\"datePublished\":\"2023-12-05T09:39:23+00:00\",\"dateModified\":\"2025-11-12T07:17:11+00:00\",\"description\":\"Gh\u1ebf gaming chu\u1ea9n game th\u1ee7 h\u00e0ng xu\u1ea5t kh\u1ea9u AMA-MA007 b\u1ecdc da cao c\u1ea5p ch\u1ecbu t\u1ea3i l\u1edbn 150kg v\u00e0 ng\u1ea3 l\u01b0ng th\u01b0 gi\u00e3n c\u00f3 ch\u00e2n g\u00e1c n\u1eb1m\",\"breadcrumb\":{\"@id\":\"https:\/\/amafurni.vn\/san-pham\/ghe-game-chan-xoay-nga-lung-thu-gian-co-chan-gac-ama-ma007-u9\/#breadcrumb\"},\"inLanguage\":\"en-US\",\"potentialAction\":[{\"@type\":\"ReadAction\",\"target\":[\"https:\/\/amafurni.vn\/san-pham\/ghe-game-chan-xoay-nga-lung-thu-gian-co-chan-gac-ama-ma007-u9\/\"]}]},{\"@type\":\"BreadcrumbList\",\"@id\":\"https:\/\/amafurni.vn\/san-pham\/ghe-game-chan-xoay-nga-lung-thu-gian-co-chan-gac-ama-ma007-u9\/#breadcrumb\",\"itemListElement\":[{\"@type\":\"ListItem\",\"position\":1,\"name\":\"Trang ch\u1ee7\",\"item\":\"https:\/\/amafurni.vn\/\"},{\"@type\":\"ListItem\",\"position\":2,\"name\":\"S\u1ea3n ph\u1ea9m\",\"item\":\"https:\/\/amafurni.vn\/san-pham\/\"},{\"@type\":\"ListItem\",\"position\":3,\"name\":\"Gh\u1ebf Gaming AMA-MA007\"}]},{\"@type\":\"WebSite\",\"@id\":\"https:\/\/amafurni.vn\/#website\",\"url\":\"https:\/\/amafurni.vn\/\",\"name\":\"AMAFURNI\",\"description\":\"\",\"potentialAction\":[{\"@type\":\"SearchAction\",\"target\":{\"@type\":\"EntryPoint\",\"urlTemplate\":\"https:\/\/amafurni.vn\/?s={search_term_string}\"},\"query-input\":\"required name=search_term_string\"}],\"inLanguage\":\"en-US\"}]}<\/script>\n<!-- \/ Yoast SEO Premium plugin. -->","yoast_head_json":{"title":"Gh\u1ebf Gaming AMA-MA007 - AMAFURNI","description":"Gh\u1ebf gaming chu\u1ea9n game th\u1ee7 h\u00e0ng xu\u1ea5t kh\u1ea9u AMA-MA007 b\u1ecdc da cao c\u1ea5p ch\u1ecbu t\u1ea3i l\u1edbn 150kg v\u00e0 ng\u1ea3 l\u01b0ng th\u01b0 gi\u00e3n c\u00f3 ch\u00e2n g\u00e1c n\u1eb1m","robots":{"index":"index","follow":"follow","max-snippet":"max-snippet:-1","max-image-preview":"max-image-preview:large","max-video-preview":"max-video-preview:-1"},"canonical":"https:\/\/amafurni.vn\/en\/product\/ghe-game-chan-xoay-nga-lung-thu-gian-co-chan-gac-ama-ma007-u9\/","og_locale":"en_US","og_type":"article","og_title":"Gh\u1ebf Gaming AMA-MA007","og_description":"Gh\u1ebf gaming chu\u1ea9n game th\u1ee7 h\u00e0ng xu\u1ea5t kh\u1ea9u AMA-MA007 b\u1ecdc da cao c\u1ea5p ch\u1ecbu t\u1ea3i l\u1edbn 150kg v\u00e0 ng\u1ea3 l\u01b0ng th\u01b0 gi\u00e3n c\u00f3 ch\u00e2n g\u00e1c n\u1eb1m","og_url":"https:\/\/amafurni.vn\/en\/product\/ghe-game-chan-xoay-nga-lung-thu-gian-co-chan-gac-ama-ma007-u9\/","og_site_name":"AMAFURNI","article_modified_time":"2025-11-12T07:17:11+00:00","og_image":[{"width":1010,"height":1010,"url":"https:\/\/amafurni.vn\/wp-content\/uploads\/2025\/07\/MA007-PINK.3.jpeg","type":"image\/jpeg"}],"twitter_card":"summary_large_image","twitter_misc":{"Est. reading time":"1 minute"},"schema":{"@context":"https:\/\/schema.org","@graph":[{"@type":"WebPage","@id":"https:\/\/amafurni.vn\/san-pham\/ghe-game-chan-xoay-nga-lung-thu-gian-co-chan-gac-ama-ma007-u9\/","url":"https:\/\/amafurni.vn\/san-pham\/ghe-game-chan-xoay-nga-lung-thu-gian-co-chan-gac-ama-ma007-u9\/","name":"Gh\u1ebf Gaming AMA-MA007 - AMAFURNI","isPartOf":{"@id":"https:\/\/amafurni.vn\/#website"},"datePublished":"2023-12-05T09:39:23+00:00","dateModified":"2025-11-12T07:17:11+00:00","description":"Gh\u1ebf gaming chu\u1ea9n game th\u1ee7 h\u00e0ng xu\u1ea5t kh\u1ea9u AMA-MA007 b\u1ecdc da cao c\u1ea5p ch\u1ecbu t\u1ea3i l\u1edbn 150kg v\u00e0 ng\u1ea3 l\u01b0ng th\u01b0 gi\u00e3n c\u00f3 ch\u00e2n g\u00e1c n\u1eb1m","breadcrumb":{"@id":"https:\/\/amafurni.vn\/san-pham\/ghe-game-chan-xoay-nga-lung-thu-gian-co-chan-gac-ama-ma007-u9\/#breadcrumb"},"inLanguage":"en-US","potentialAction":[{"@type":"ReadAction","target":["https:\/\/amafurni.vn\/san-pham\/ghe-game-chan-xoay-nga-lung-thu-gian-co-chan-gac-ama-ma007-u9\/"]}]},{"@type":"BreadcrumbList","@id":"https:\/\/amafurni.vn\/san-pham\/ghe-game-chan-xoay-nga-lung-thu-gian-co-chan-gac-ama-ma007-u9\/#breadcrumb","itemListElement":[{"@type":"ListItem","position":1,"name":"Trang ch\u1ee7","item":"https:\/\/amafurni.vn\/"},{"@type":"ListItem","position":2,"name":"S\u1ea3n ph\u1ea9m","item":"https:\/\/amafurni.vn\/san-pham\/"},{"@type":"ListItem","position":3,"name":"Gh\u1ebf Gaming AMA-MA007"}]},{"@type":"WebSite","@id":"https:\/\/amafurni.vn\/#website","url":"https:\/\/amafurni.vn\/","name":"AMAFURNI","description":"","potentialAction":[{"@type":"SearchAction","target":{"@type":"EntryPoint","urlTemplate":"https:\/\/amafurni.vn\/?s={search_term_string}"},"query-input":"required name=search_term_string"}],"inLanguage":"en-US"}]}},"_links":{"self":[{"href":"https:\/\/amafurni.vn\/en\/wp-json\/wp\/v2\/product\/1670"}],"collection":[{"href":"https:\/\/amafurni.vn\/en\/wp-json\/wp\/v2\/product"}],"about":[{"href":"https:\/\/amafurni.vn\/en\/wp-json\/wp\/v2\/types\/product"}],"replies":[{"embeddable":true,"href":"https:\/\/amafurni.vn\/en\/wp-json\/wp\/v2\/comments?post=1670"}],"wp:featuredmedia":[{"embeddable":true,"href":"https:\/\/amafurni.vn\/en\/wp-json\/wp\/v2\/media\/23037"}],"wp:attachment":[{"href":"https:\/\/amafurni.vn\/en\/wp-json\/wp\/v2\/media?parent=1670"}],"wp:term":[{"taxonomy":"product_cat","embeddable":true,"href":"https:\/\/amafurni.vn\/en\/wp-json\/wp\/v2\/product_cat?post=1670"},{"taxonomy":"product_tag","embeddable":true,"href":"https:\/\/amafurni.vn\/en\/wp-json\/wp\/v2\/product_tag?post=1670"}],"curies":[{"name":"wp","href":"https:\/\/api.w.org\/{rel}","templated":true}]}}