{"id":16853,"date":"2024-08-05T12:23:29","date_gmt":"2024-08-05T05:23:29","guid":{"rendered":"https:\/\/amafurni.vn\/?post_type=product&#038;p=16853"},"modified":"2025-11-12T14:14:55","modified_gmt":"2025-11-12T07:14:55","slug":"ghe-choi-game-warrior-raider-series-wgc203","status":"publish","type":"product","link":"https:\/\/amafurni.vn\/en\/product\/ghe-choi-game-warrior-raider-series-wgc203\/","title":{"rendered":"Gh\u1ebf ch\u01a1i game Warrior \u2013 Raider Series \u2013 WGC203"},"content":{"rendered":"<p>&nbsp;<\/p>\n<table class=\"woocommerce-product-attributes shop_attributes\" style=\"width: 101.8%; height: 309px;\" width=\"929\">\n<tbody>\n<tr class=\"woocommerce-product-attributes-item woocommerce-product-attributes-item--attribute_season\" style=\"height: 23px;\">\n<th class=\"woocommerce-product-attributes-item__label\" style=\"width: 11.1828%; height: 23px;\">Ch\u1ea5t li\u1ec7u<\/th>\n<td class=\"woocommerce-product-attributes-item__value\" style=\"width: 117.674%; height: 23px;\">Da PU ch\u1ed1ng x\u01b0\u1edbc, \u0110\u1ec7m m\u00f4ng gh\u1ebf v\u00e0 l\u01b0ng gh\u1ebf \u0111\u01b0\u1ee3c l\u00e0m b\u1eb1ng foam nguy\u00ean ch\u1ea5t d\u1ea7y d\u1eb7n cho \u0111\u1ed9 \u0111\u00e0n h\u1ed3i v\u00e0 tho\u1ea3i m\u00e1i khi s\u1eed d\u1ee5ng (ORIGINAL FOAM, Ch\u00e2n kim lo\u1ea1i gia t\u0103ng \u0111\u1ed9 ch\u1eafc ch\u1eafn khi s\u1eed d\u1ee5ng<\/td>\n<\/tr>\n<tr class=\"woocommerce-product-attributes-item woocommerce-product-attributes-item--attribute_pa_color\" style=\"height: 23px;\">\n<th class=\"woocommerce-product-attributes-item__label\" style=\"width: 11.1828%; height: 23px;\">Color<\/th>\n<td class=\"woocommerce-product-attributes-item__value\" style=\"width: 117.674%; height: 23px;\">\u0110en, \u0110\u1ecf.<\/td>\n<\/tr>\n<tr class=\"woocommerce-product-attributes-item woocommerce-product-attributes-item--attribute_style\" style=\"height: 23px;\">\n<th class=\"woocommerce-product-attributes-item__label\" style=\"width: 11.1828%; height: 23px;\">K\u00edch th\u01b0\u1edbc<\/th>\n<td class=\"woocommerce-product-attributes-item__value\" style=\"width: 117.674%; height: 23px;\">\u0110ang c\u1eadp nh\u1eadt<\/td>\n<\/tr>\n<tr class=\"woocommerce-product-attributes-item woocommerce-product-attributes-item--attribute_pa_material\" style=\"height: 23px;\">\n<th class=\"woocommerce-product-attributes-item__label\" style=\"width: 11.1828%; height: 26px;\">T\u00ednh n\u0103ng<\/th>\n<td class=\"woocommerce-product-attributes-item__value\" style=\"width: 117.674%; height: 26px;\">G\u1eadt g\u00f9 b\u1eadp b\u00eanh, T\u0103ng\/Gi\u1ea3m chi\u1ec1u cao, Xoay 360 \u0111\u1ed9, Tay gh\u1ebf M\u1edf\/g\u1eadp, Tay gh\u1ebf 2D.<\/td>\n<\/tr>\n<tr class=\"woocommerce-product-attributes-item woocommerce-product-attributes-item--attribute_item-code\" style=\"height: 23px;\">\n<th class=\"woocommerce-product-attributes-item__label\" style=\"width: 11.1828%; height: 23px;\">B\u1ea3o h\u00e0nh<\/th>\n<td class=\"woocommerce-product-attributes-item__value\" style=\"width: 117.674%; height: 23px;\">\u00a012 th\u00e1ng<\/td>\n<\/tr>\n<\/tbody>\n<\/table>\n<p>&nbsp;<\/p>\n<p>WARRIOR WGC203 Black\u00a0\u0111\u01b0\u1ee3c thi\u1ebft k\u1ebf \u0111\u1eb7c bi\u1ec7t \u0111\u1ec3 cung c\u1ea5p s\u1ef1 tho\u1ea3i m\u00e1i v\u00e0 h\u1ed7 tr\u1ee3 cho ng\u01b0\u1eddi d\u00f9ng khi ch\u01a1i game trong th\u1eddi gian d\u00e0i. C\u00e1c gh\u1ebf ch\u01a1i game\u00a0<a href=\"https:\/\/amafurni.vn\/en\/\" target=\"_blank\" rel=\"noopener\">WARRIOR<\/a>\u00a0th\u01b0\u1eddng c\u00f3 thi\u1ebft k\u1ebf t\u1ef1a l\u01b0ng cao, t\u1ef1a \u0111\u1ea7u \u0111i\u1ec1u ch\u1ec9nh \u0111\u01b0\u1ee3c, v\u00e0 c\u00e1c t\u00ednh n\u0103ng \u0111i\u1ec1u ch\u1ec9nh kh\u00e1c nh\u01b0 t\u1ef1a l\u01b0ng nghi\u00eang, \u0111\u1ec7m l\u01b0ng v\u00e0 \u0111\u1ec7m ng\u1ed3i \u00eam \u00e1i.<\/p>\n<p><img decoding=\"async\" src=\"https:\/\/file.hstatic.net\/200000889805\/file\/ghe-choi-game-warrior-wgc203-black-16.jpg\" alt=\"Gh\u1ebf ch\u01a1i game Warrior - Raider Series - WGC203 Black\" \/><\/p>\n<p><a href=\"https:\/\/amafurni.vn\/en\/\" target=\"_blank\" rel=\"noopener\">Gh\u1ebf ch\u01a1i game Warrior<\/a>\u00a0\u2013 Raider Series \u2013 WGC203 Black<\/p>\n<p>Gh\u1ebf gaming WARRIOR th\u01b0\u1eddng \u0111\u01b0\u1ee3c thi\u1ebft k\u1ebf \u0111\u00fang v\u1edbi c\u00e1i t\u00ean c\u1ee7a ch\u00fang: \u0110\u1eadm ch\u1ea5t gaming c\u00f9ng v\u1ebb ngo\u00e0i b\u1eaft m\u1eaft b\u1edfi c\u00e1c chi ti\u1ebft nh\u01b0: M\u00e0u s\u1eafc, v\u00f3c d\u00e1ng, ki\u1ec3u c\u00e1ch \u0111a d\u1ea1ng.\u00a0Nh\u1eefng chi\u1ebfc gh\u1ebf gaming c\u00f9ng thi\u1ebft k\u1ebf c\u00f4ng th\u00e1i h\u1ecdc \u0111\u01b0\u1ee3c c\u00e1c nh\u00e0 s\u1ea3n xu\u1ea5t ph\u00e1t tri\u1ec3n v\u1edbi m\u1ee5c ti\u00eau \u0111em l\u1ea1i s\u1ef1 tho\u1ea3i m\u00e1i nh\u1ea5t c\u00f3 th\u1ec3 khi ng\u1ed3i v\u00e0o.\u00a0\u0110i k\u00e8m v\u1edbi gh\u1ebf gaming l\u00e0 ph\u1ea7n \u0111\u1ec7m l\u01b0ng v\u00e0 g\u1ed1i \u0111\u1ea7u, h\u1ed7 tr\u1ee3 n\u00e2ng \u0111\u1ee1 c\u1ed9t s\u1ed1ng v\u00e0 c\u1ed5 gi\u00fap b\u1ea1n kh\u00f4ng b\u1ecb m\u1ecfi sau th\u1eddi gian d\u00e0i ch\u01a1i game hay ng\u1ed3i l\u00e0m vi\u1ec7c.<\/p>\n<p><img decoding=\"async\" src=\"https:\/\/file.hstatic.net\/200000889805\/file\/kich-thuoc-ghe-choi-game-warrior-wgc-203.jpg\" alt=\"K\u00edch th\u01b0\u1edbc gh\u1ebf ch\u01a1i game WARRIOR WGC203\" \/>WGC203<\/p>\n<p>K\u00edch th\u01b0\u1edbc gh\u1ebf ch\u01a1i game WARRIOR WGC203<\/p>\n<p><strong>TH\u00d4NG S\u1ed0 K\u0128 THU\u1eacT<\/strong><\/p>\n<ul>\n<li>Gh\u1ebf d\u00e0nh cho game th\u1ee7<\/li>\n<li>Ch\u1ea5t li\u1ec7u da PVC<\/li>\n<li>Tr\u1ee5c th\u1ee7y l\u1ef1c Class 4 v\u1edbi \u0111\u1ed9 \u1ed5n \u0111\u1ecbnh cao<\/li>\n<li>B\u1ec7 \u0111\u1ee1: Ki\u1ec3u c\u00e1nh b\u01b0\u1edbm<\/li>\n<li>\u0110\u1ec7m m\u00f4ng gh\u1ebf v\u00e0 l\u01b0ng gh\u1ebf \u0111\u01b0\u1ee3c l\u00e0m b\u1eb1ng foam nguy\u00ean ch\u1ea5t d\u1ea7y d\u1eb7n cho \u0111\u1ed9 \u0111\u00e0n h\u1ed3i v\u00e0 tho\u1ea3i m\u00e1i khi s\u1eed d\u1ee5ng (ORIGINAL FOAM)<\/li>\n<li>Gh\u1ebf c\u00f3 kh\u1ea3 n\u0103ng 15 \u0111\u1ed9 gi\u00fap tho\u1ea3i m\u00e1i h\u01a1n khi ng\u1ed3i l\u00e2u<\/li>\n<li>Tay gh\u1ebf \u0111i\u1ec1u ch\u1ec9nh \u0111\u01b0\u1ee3c theo nhu c\u1ea7u<\/li>\n<li>B\u00e1nh xe nh\u1ef1a 60mm \u0111\u01b0\u1ee3c thi\u1ebft k\u1ebf gi\u00fap gi\u1ea3m thi\u1ec3u ti\u1ebfng \u1ed3n trong qu\u00e1 tr\u00ecnh s\u1eed d\u1ee5ng<\/li>\n<li>Ch\u00e2n kim lo\u1ea1i gia t\u0103ng \u0111\u1ed9 ch\u1eafc ch\u1eafn khi s\u1eed d\u1ee5ng<\/li>\n<\/ul>","protected":false},"excerpt":{"rendered":"<p><strong>TH\u00d4NG S\u1ed0 K\u0128 THU\u1eacT<\/strong><\/p>\n<ul>\n<li>Gh\u1ebf d\u00e0nh cho game th\u1ee7<\/li>\n<li>Ch\u1ea5t li\u1ec7u da PVC<\/li>\n<li>Tr\u1ee5c th\u1ee7y l\u1ef1c Class 4 v\u1edbi \u0111\u1ed9 \u1ed5n \u0111\u1ecbnh cao<\/li>\n<li>B\u1ec7 \u0111\u1ee1: Ki\u1ec3u c\u00e1nh b\u01b0\u1edbm<\/li>\n<li>\u0110\u1ec7m m\u00f4ng gh\u1ebf v\u00e0 l\u01b0ng gh\u1ebf \u0111\u01b0\u1ee3c l\u00e0m b\u1eb1ng foam nguy\u00ean ch\u1ea5t d\u1ea7y d\u1eb7n cho \u0111\u1ed9 \u0111\u00e0n h\u1ed3i v\u00e0 tho\u1ea3i m\u00e1i khi s\u1eed d\u1ee5ng (ORIGINAL FOAM)<\/li>\n<li>Gh\u1ebf c\u00f3 kh\u1ea3 n\u0103ng 15 \u0111\u1ed9 gi\u00fap tho\u1ea3i m\u00e1i h\u01a1n khi ng\u1ed3i l\u00e2u<\/li>\n<li>Tay gh\u1ebf \u0111i\u1ec1u ch\u1ec9nh \u0111\u01b0\u1ee3c theo nhu c\u1ea7u<\/li>\n<li>B\u00e1nh xe nh\u1ef1a 60mm \u0111\u01b0\u1ee3c thi\u1ebft k\u1ebf gi\u00fap gi\u1ea3m thi\u1ec3u ti\u1ebfng \u1ed3n trong qu\u00e1 tr\u00ecnh s\u1eed d\u1ee5ng<\/li>\n<li>Ch\u00e2n kim lo\u1ea1i gia t\u0103ng \u0111\u1ed9 ch\u1eafc ch\u1eafn khi s\u1eed d\u1ee5ng<\/li>\n<\/ul>","protected":false},"featured_media":16858,"comment_status":"open","ping_status":"closed","template":"","meta":[],"product_cat":[60,80],"product_tag":[311,606],"yoast_head":"<!-- This site is optimized with the Yoast SEO Premium plugin v21.7 (Yoast SEO v21.7) - https:\/\/yoast.com\/wordpress\/plugins\/seo\/ -->\n<title>Gh\u1ebf ch\u01a1i game Warrior \u2013 Raider Series \u2013 WGC203 - AMAFURNI<\/title>\n<meta name=\"description\" content=\"AMA t\u1ef1 h\u00e0o \u0111ang l\u00e0 Nh\u00e0 Ph\u00e2n Ph\u1ed1i c\u00e1c s\u1ea3n ph\u1ea9m : - N\u1ed9i Th\u1ea5t nh\u1eadp kh\u1ea9u : v\u0103n ph\u00f2ng, gia \u0111\u00ecnh, s\u1ea3n xu\u1ea5t thi c\u00f4ng n\u1ed9i th\u1ea5t theo y\u00eau c\u1ea7u.- M\u00e1y l\u1ecdc n\u01b0\u1edbc Unilever PUREIT- \u0110\u1ed3 \u0111i\u1ec7n gia d\u1ee5ng TEFAL, PHILIPSWeb : amafurni.vn \/ dienmayama.com.vnHotline : 0969919449 - 0906963408 - 0936680717\" \/>\n<meta name=\"robots\" content=\"index, follow, max-snippet:-1, max-image-preview:large, max-video-preview:-1\" \/>\n<link rel=\"canonical\" href=\"https:\/\/amafurni.vn\/en\/product\/ghe-choi-game-warrior-raider-series-wgc203\/\" \/>\n<meta property=\"og:locale\" content=\"en_US\" \/>\n<meta property=\"og:type\" content=\"article\" \/>\n<meta property=\"og:title\" content=\"Gh\u1ebf ch\u01a1i game Warrior \u2013 Raider Series \u2013 WGC203\" \/>\n<meta property=\"og:description\" content=\"AMA t\u1ef1 h\u00e0o \u0111ang l\u00e0 Nh\u00e0 Ph\u00e2n Ph\u1ed1i c\u00e1c s\u1ea3n ph\u1ea9m : - N\u1ed9i Th\u1ea5t nh\u1eadp kh\u1ea9u : v\u0103n ph\u00f2ng, gia \u0111\u00ecnh, s\u1ea3n xu\u1ea5t thi c\u00f4ng n\u1ed9i th\u1ea5t theo y\u00eau c\u1ea7u.- M\u00e1y l\u1ecdc n\u01b0\u1edbc Unilever PUREIT- \u0110\u1ed3 \u0111i\u1ec7n gia d\u1ee5ng TEFAL, PHILIPSWeb : amafurni.vn \/ dienmayama.com.vnHotline : 0969919449 - 0906963408 - 0936680717\" \/>\n<meta property=\"og:url\" content=\"https:\/\/amafurni.vn\/en\/product\/ghe-choi-game-warrior-raider-series-wgc203\/\" \/>\n<meta property=\"og:site_name\" content=\"AMAFURNI\" \/>\n<meta property=\"article:modified_time\" content=\"2025-11-12T07:14:55+00:00\" \/>\n<meta property=\"og:image\" content=\"https:\/\/amafurni.vn\/wp-content\/uploads\/2024\/08\/z5692195476087_6c35065bc0937cc04e1e672f2fc671e6.jpg\" \/>\n\t<meta property=\"og:image:width\" content=\"800\" \/>\n\t<meta property=\"og:image:height\" content=\"800\" \/>\n\t<meta property=\"og:image:type\" content=\"image\/jpeg\" \/>\n<meta name=\"twitter:card\" content=\"summary_large_image\" \/>\n<meta name=\"twitter:label1\" content=\"Est. reading time\" \/>\n\t<meta name=\"twitter:data1\" content=\"3 minutes\" \/>\n<script type=\"application\/ld+json\" class=\"yoast-schema-graph\">{\"@context\":\"https:\/\/schema.org\",\"@graph\":[{\"@type\":\"WebPage\",\"@id\":\"https:\/\/amafurni.vn\/san-pham\/ghe-choi-game-warrior-raider-series-wgc203\/\",\"url\":\"https:\/\/amafurni.vn\/san-pham\/ghe-choi-game-warrior-raider-series-wgc203\/\",\"name\":\"Gh\u1ebf ch\u01a1i game Warrior \u2013 Raider Series \u2013 WGC203 - AMAFURNI\",\"isPartOf\":{\"@id\":\"https:\/\/amafurni.vn\/#website\"},\"datePublished\":\"2024-08-05T05:23:29+00:00\",\"dateModified\":\"2025-11-12T07:14:55+00:00\",\"description\":\"AMA t\u1ef1 h\u00e0o \u0111ang l\u00e0 Nh\u00e0 Ph\u00e2n Ph\u1ed1i c\u00e1c s\u1ea3n ph\u1ea9m : - N\u1ed9i Th\u1ea5t nh\u1eadp kh\u1ea9u : v\u0103n ph\u00f2ng, gia \u0111\u00ecnh, s\u1ea3n xu\u1ea5t thi c\u00f4ng n\u1ed9i th\u1ea5t theo y\u00eau c\u1ea7u.- M\u00e1y l\u1ecdc n\u01b0\u1edbc Unilever PUREIT- \u0110\u1ed3 \u0111i\u1ec7n gia d\u1ee5ng TEFAL, PHILIPSWeb : amafurni.vn \/ dienmayama.com.vnHotline : 0969919449 - 0906963408 - 0936680717\",\"breadcrumb\":{\"@id\":\"https:\/\/amafurni.vn\/san-pham\/ghe-choi-game-warrior-raider-series-wgc203\/#breadcrumb\"},\"inLanguage\":\"en-US\",\"potentialAction\":[{\"@type\":\"ReadAction\",\"target\":[\"https:\/\/amafurni.vn\/san-pham\/ghe-choi-game-warrior-raider-series-wgc203\/\"]}]},{\"@type\":\"BreadcrumbList\",\"@id\":\"https:\/\/amafurni.vn\/san-pham\/ghe-choi-game-warrior-raider-series-wgc203\/#breadcrumb\",\"itemListElement\":[{\"@type\":\"ListItem\",\"position\":1,\"name\":\"Trang ch\u1ee7\",\"item\":\"https:\/\/amafurni.vn\/\"},{\"@type\":\"ListItem\",\"position\":2,\"name\":\"S\u1ea3n ph\u1ea9m\",\"item\":\"https:\/\/amafurni.vn\/san-pham\/\"},{\"@type\":\"ListItem\",\"position\":3,\"name\":\"Gh\u1ebf ch\u01a1i game Warrior \u2013 Raider Series \u2013 WGC203\"}]},{\"@type\":\"WebSite\",\"@id\":\"https:\/\/amafurni.vn\/#website\",\"url\":\"https:\/\/amafurni.vn\/\",\"name\":\"AMAFURNI\",\"description\":\"\",\"potentialAction\":[{\"@type\":\"SearchAction\",\"target\":{\"@type\":\"EntryPoint\",\"urlTemplate\":\"https:\/\/amafurni.vn\/?s={search_term_string}\"},\"query-input\":\"required name=search_term_string\"}],\"inLanguage\":\"en-US\"}]}<\/script>\n<!-- \/ Yoast SEO Premium plugin. -->","yoast_head_json":{"title":"Gh\u1ebf ch\u01a1i game Warrior \u2013 Raider Series \u2013 WGC203 - AMAFURNI","description":"AMA t\u1ef1 h\u00e0o \u0111ang l\u00e0 Nh\u00e0 Ph\u00e2n Ph\u1ed1i c\u00e1c s\u1ea3n ph\u1ea9m : - N\u1ed9i Th\u1ea5t nh\u1eadp kh\u1ea9u : v\u0103n ph\u00f2ng, gia \u0111\u00ecnh, s\u1ea3n xu\u1ea5t thi c\u00f4ng n\u1ed9i th\u1ea5t theo y\u00eau c\u1ea7u.- M\u00e1y l\u1ecdc n\u01b0\u1edbc Unilever PUREIT- \u0110\u1ed3 \u0111i\u1ec7n gia d\u1ee5ng TEFAL, PHILIPSWeb : amafurni.vn \/ dienmayama.com.vnHotline : 0969919449 - 0906963408 - 0936680717","robots":{"index":"index","follow":"follow","max-snippet":"max-snippet:-1","max-image-preview":"max-image-preview:large","max-video-preview":"max-video-preview:-1"},"canonical":"https:\/\/amafurni.vn\/en\/product\/ghe-choi-game-warrior-raider-series-wgc203\/","og_locale":"en_US","og_type":"article","og_title":"Gh\u1ebf ch\u01a1i game Warrior \u2013 Raider Series \u2013 WGC203","og_description":"AMA t\u1ef1 h\u00e0o \u0111ang l\u00e0 Nh\u00e0 Ph\u00e2n Ph\u1ed1i c\u00e1c s\u1ea3n ph\u1ea9m : - N\u1ed9i Th\u1ea5t nh\u1eadp kh\u1ea9u : v\u0103n ph\u00f2ng, gia \u0111\u00ecnh, s\u1ea3n xu\u1ea5t thi c\u00f4ng n\u1ed9i th\u1ea5t theo y\u00eau c\u1ea7u.- M\u00e1y l\u1ecdc n\u01b0\u1edbc Unilever PUREIT- \u0110\u1ed3 \u0111i\u1ec7n gia d\u1ee5ng TEFAL, PHILIPSWeb : amafurni.vn \/ dienmayama.com.vnHotline : 0969919449 - 0906963408 - 0936680717","og_url":"https:\/\/amafurni.vn\/en\/product\/ghe-choi-game-warrior-raider-series-wgc203\/","og_site_name":"AMAFURNI","article_modified_time":"2025-11-12T07:14:55+00:00","og_image":[{"width":800,"height":800,"url":"https:\/\/amafurni.vn\/wp-content\/uploads\/2024\/08\/z5692195476087_6c35065bc0937cc04e1e672f2fc671e6.jpg","type":"image\/jpeg"}],"twitter_card":"summary_large_image","twitter_misc":{"Est. reading time":"3 minutes"},"schema":{"@context":"https:\/\/schema.org","@graph":[{"@type":"WebPage","@id":"https:\/\/amafurni.vn\/san-pham\/ghe-choi-game-warrior-raider-series-wgc203\/","url":"https:\/\/amafurni.vn\/san-pham\/ghe-choi-game-warrior-raider-series-wgc203\/","name":"Gh\u1ebf ch\u01a1i game Warrior \u2013 Raider Series \u2013 WGC203 - AMAFURNI","isPartOf":{"@id":"https:\/\/amafurni.vn\/#website"},"datePublished":"2024-08-05T05:23:29+00:00","dateModified":"2025-11-12T07:14:55+00:00","description":"AMA t\u1ef1 h\u00e0o \u0111ang l\u00e0 Nh\u00e0 Ph\u00e2n Ph\u1ed1i c\u00e1c s\u1ea3n ph\u1ea9m : - N\u1ed9i Th\u1ea5t nh\u1eadp kh\u1ea9u : v\u0103n ph\u00f2ng, gia \u0111\u00ecnh, s\u1ea3n xu\u1ea5t thi c\u00f4ng n\u1ed9i th\u1ea5t theo y\u00eau c\u1ea7u.- M\u00e1y l\u1ecdc n\u01b0\u1edbc Unilever PUREIT- \u0110\u1ed3 \u0111i\u1ec7n gia d\u1ee5ng TEFAL, PHILIPSWeb : amafurni.vn \/ dienmayama.com.vnHotline : 0969919449 - 0906963408 - 0936680717","breadcrumb":{"@id":"https:\/\/amafurni.vn\/san-pham\/ghe-choi-game-warrior-raider-series-wgc203\/#breadcrumb"},"inLanguage":"en-US","potentialAction":[{"@type":"ReadAction","target":["https:\/\/amafurni.vn\/san-pham\/ghe-choi-game-warrior-raider-series-wgc203\/"]}]},{"@type":"BreadcrumbList","@id":"https:\/\/amafurni.vn\/san-pham\/ghe-choi-game-warrior-raider-series-wgc203\/#breadcrumb","itemListElement":[{"@type":"ListItem","position":1,"name":"Trang ch\u1ee7","item":"https:\/\/amafurni.vn\/"},{"@type":"ListItem","position":2,"name":"S\u1ea3n ph\u1ea9m","item":"https:\/\/amafurni.vn\/san-pham\/"},{"@type":"ListItem","position":3,"name":"Gh\u1ebf ch\u01a1i game Warrior \u2013 Raider Series \u2013 WGC203"}]},{"@type":"WebSite","@id":"https:\/\/amafurni.vn\/#website","url":"https:\/\/amafurni.vn\/","name":"AMAFURNI","description":"","potentialAction":[{"@type":"SearchAction","target":{"@type":"EntryPoint","urlTemplate":"https:\/\/amafurni.vn\/?s={search_term_string}"},"query-input":"required name=search_term_string"}],"inLanguage":"en-US"}]}},"_links":{"self":[{"href":"https:\/\/amafurni.vn\/en\/wp-json\/wp\/v2\/product\/16853"}],"collection":[{"href":"https:\/\/amafurni.vn\/en\/wp-json\/wp\/v2\/product"}],"about":[{"href":"https:\/\/amafurni.vn\/en\/wp-json\/wp\/v2\/types\/product"}],"replies":[{"embeddable":true,"href":"https:\/\/amafurni.vn\/en\/wp-json\/wp\/v2\/comments?post=16853"}],"wp:featuredmedia":[{"embeddable":true,"href":"https:\/\/amafurni.vn\/en\/wp-json\/wp\/v2\/media\/16858"}],"wp:attachment":[{"href":"https:\/\/amafurni.vn\/en\/wp-json\/wp\/v2\/media?parent=16853"}],"wp:term":[{"taxonomy":"product_cat","embeddable":true,"href":"https:\/\/amafurni.vn\/en\/wp-json\/wp\/v2\/product_cat?post=16853"},{"taxonomy":"product_tag","embeddable":true,"href":"https:\/\/amafurni.vn\/en\/wp-json\/wp\/v2\/product_tag?post=16853"}],"curies":[{"name":"wp","href":"https:\/\/api.w.org\/{rel}","templated":true}]}}