{"id":1702,"date":"2023-12-06T10:30:49","date_gmt":"2023-12-06T03:30:49","guid":{"rendered":"https:\/\/amafurni.123websitedev.com\/san-pham\/ghe-game-gaming-chan-xoay-danh-cho-game-thu-ama-gt-racing-pink\/"},"modified":"2025-11-12T14:10:06","modified_gmt":"2025-11-12T07:10:06","slug":"ghe-game-gaming-chan-xoay-danh-cho-game-thu-ama-gt-racing-pink","status":"publish","type":"product","link":"https:\/\/amafurni.vn\/en\/product\/ghe-game-gaming-chan-xoay-danh-cho-game-thu-ama-gt-racing-pink\/","title":{"rendered":"Gh\u1ebf Game Gaming Ch\u00e2n Xoay D\u00e0nh Cho Game Th\u1ee7 AMA-GT-RACING-PINK"},"content":{"rendered":"<ul>\n<li>\u26d4 Ng\u1ea3 l\u01b0ng nh\u01b0 n\u1eb1m g\u00f3c 175 \u0111\u1ed9<br \/>\n\u26d4 Tay gh\u1ebf \u0111i\u1ec1u ch\u1ec9nh 2D g\u1ed3m : T\u0103ng\/Gi\u1ea3m chi\u1ec1u cao, Xoay \u0111\u01b0\u1ee3c.<br \/>\n\u26d4 02 g\u1ed1i : d\u1ef1a \u0111\u1ea7u v\u00e0 d\u1ef1a l\u01b0ng gi\u00fap gi\u1ea3m \u0111au l\u01b0ng, c\u1ed5<br \/>\n\u26d4 B\u00e1nh xe di chuy\u1ec3n linh ho\u1ea1t,<br \/>\n\u26d4 \u0110\u1eb7c bi\u1ec7t : th\u00eam tu\u1ef3 ch\u1ecdn CH\u00c2N G\u00c1C K\u00c9O X\u1ebeP , gi\u00fap N\u1eb1m ng\u1ee7 v\u00e0 th\u01b0 gi\u00e3n m\u1ed9t c\u00e1ch tho\u1ea3i m\u00e1i nh\u1ea5t.<br \/>\n\u26d4 Phu\u1ed9c: ti\u00eau chu\u1ea9n BIFMA D100 ch\u1ecbu t\u1ea3i tr\u1ecdng \u0111\u1ebfn 100kg<br \/>\n\u26d4 Ch\u00e2n gh\u1ebf: Ch\u00e2n nh\u1ef1a \u0111\u00fac ch\u1ecbu l\u1ef1c cao v\u1edbi \u0111\u01b0\u1eddng k\u00ednh v\u00f2ng ch\u00e2n 700mm r\u1ea5t v\u1eefng ch\u1eafc khi ng\u1ea3 l\u01b0ng<\/li>\n<\/ul>\n<p><span style=\"color: #ff0000;\"><strong>XEM TH\u00caM CLIP TH\u1ef0C T\u1ebe:<\/strong><\/span><\/p>\n<p><iframe title=\"review Gh\u1ebf  Gaming AMA-GT-RACING-PINK\ud83d\udd252,5 c\u1ee7 Li\u1ec7u c\u00f3 \u0111\u00e1ng mua kh\u00f4ng? | amafurni.vn\" width=\"500\" height=\"281\" src=\"https:\/\/www.youtube.com\/embed\/5K8Vywig-EM?feature=oembed\" frameborder=\"0\" allow=\"accelerometer; autoplay; clipboard-write; encrypted-media; gyroscope; picture-in-picture; web-share\" referrerpolicy=\"strict-origin-when-cross-origin\" allowfullscreen><\/iframe><\/p>","protected":false},"excerpt":{"rendered":"<p>\u26d4 Ng\u1ea3 l\u01b0ng nh\u01b0 n\u1eb1m g\u00f3c 175 \u0111\u1ed9<br \/>\n\u26d4 Tay gh\u1ebf \u0111i\u1ec1u ch\u1ec9nh 2D g\u1ed3m : T\u0103ng\/Gi\u1ea3m chi\u1ec1u cao, Xoay \u0111\u01b0\u1ee3c.<br \/>\n\u26d4 02 g\u1ed1i : d\u1ef1a \u0111\u1ea7u v\u00e0 d\u1ef1a l\u01b0ng gi\u00fap gi\u1ea3m \u0111au l\u01b0ng, c\u1ed5<br \/>\n\u26d4 B\u00e1nh xe di chuy\u1ec3n linh ho\u1ea1t,<br \/>\n\u26d4 \u0110\u1eb7c bi\u1ec7t : th\u00eam tu\u1ef3 ch\u1ecdn CH\u00c2N G\u00c1C K\u00c9O X\u1ebeP , gi\u00fap N\u1eb1m ng\u1ee7 v\u00e0 th\u01b0 gi\u00e3n m\u1ed9t c\u00e1ch tho\u1ea3i m\u00e1i nh\u1ea5t.<br \/>\n\u26d4 Phu\u1ed9c: ti\u00eau chu\u1ea9n BIFMA D100 ch\u1ecbu t\u1ea3i tr\u1ecdng \u0111\u1ebfn 100kg<br \/>\n\u26d4 Ch\u00e2n gh\u1ebf: Ch\u00e2n nh\u1ef1a \u0111\u00fac ch\u1ecbu l\u1ef1c cao v\u1edbi \u0111\u01b0\u1eddng k\u00ednh v\u00f2ng ch\u00e2n 700mm r\u1ea5t v\u1eefng ch\u1eafc khi ng\u1ea3 l\u01b0ng<\/p>","protected":false},"featured_media":1703,"comment_status":"open","ping_status":"closed","template":"","meta":[],"product_cat":[60,80],"product_tag":[311],"yoast_head":"<!-- This site is optimized with the Yoast SEO Premium plugin v21.7 (Yoast SEO v21.7) - https:\/\/yoast.com\/wordpress\/plugins\/seo\/ -->\n<title>Gh\u1ebf Game Gaming Ch\u00e2n Xoay D\u00e0nh Cho Game Th\u1ee7 AMA-GT-RACING-PINK - AMAFURNI<\/title>\n<meta name=\"robots\" content=\"index, follow, max-snippet:-1, max-image-preview:large, max-video-preview:-1\" \/>\n<link rel=\"canonical\" href=\"https:\/\/amafurni.vn\/en\/product\/ghe-game-gaming-chan-xoay-danh-cho-game-thu-ama-gt-racing-pink\/\" \/>\n<meta property=\"og:locale\" content=\"en_US\" \/>\n<meta property=\"og:type\" content=\"article\" \/>\n<meta property=\"og:title\" content=\"Gh\u1ebf Game Gaming Ch\u00e2n Xoay D\u00e0nh Cho Game Th\u1ee7 AMA-GT-RACING-PINK\" \/>\n<meta property=\"og:description\" content=\"\u26d4 Ng\u1ea3 l\u01b0ng nh\u01b0 n\u1eb1m g\u00f3c 175 \u0111\u1ed9 \u26d4 Tay gh\u1ebf \u0111i\u1ec1u ch\u1ec9nh 2D g\u1ed3m : T\u0103ng\/Gi\u1ea3m chi\u1ec1u cao, Xoay \u0111\u01b0\u1ee3c. \u26d4 02 g\u1ed1i : d\u1ef1a \u0111\u1ea7u v\u00e0 d\u1ef1a l\u01b0ng gi\u00fap gi\u1ea3m \u0111au l\u01b0ng, c\u1ed5 \u26d4 B\u00e1nh xe di chuy\u1ec3n linh ho\u1ea1t, \u26d4 \u0110\u1eb7c bi\u1ec7t : th\u00eam tu\u1ef3 ch\u1ecdn CH\u00c2N G\u00c1C K\u00c9O X\u1ebeP , gi\u00fap N\u1eb1m ng\u1ee7 v\u00e0 th\u01b0 gi\u00e3n m\u1ed9t c\u00e1ch tho\u1ea3i m\u00e1i nh\u1ea5t. \u26d4 Phu\u1ed9c: ti\u00eau chu\u1ea9n BIFMA D100 ch\u1ecbu t\u1ea3i tr\u1ecdng \u0111\u1ebfn 100kg \u26d4 Ch\u00e2n gh\u1ebf: Ch\u00e2n nh\u1ef1a \u0111\u00fac ch\u1ecbu l\u1ef1c cao v\u1edbi \u0111\u01b0\u1eddng k\u00ednh v\u00f2ng ch\u00e2n 700mm r\u1ea5t v\u1eefng ch\u1eafc khi ng\u1ea3 l\u01b0ng\" \/>\n<meta property=\"og:url\" content=\"https:\/\/amafurni.vn\/en\/product\/ghe-game-gaming-chan-xoay-danh-cho-game-thu-ama-gt-racing-pink\/\" \/>\n<meta property=\"og:site_name\" content=\"AMAFURNI\" \/>\n<meta property=\"article:modified_time\" content=\"2025-11-12T07:10:06+00:00\" \/>\n<meta property=\"og:image\" content=\"https:\/\/amafurni.vn\/wp-content\/uploads\/2023\/12\/ghe-game-gaming-chan-xoay-danh-cho-game-thu-ama-gt-racing-pink_656ef03eda632.jpeg\" \/>\n\t<meta property=\"og:image:width\" content=\"800\" \/>\n\t<meta property=\"og:image:height\" content=\"800\" \/>\n\t<meta property=\"og:image:type\" content=\"image\/jpeg\" \/>\n<meta name=\"twitter:card\" content=\"summary_large_image\" \/>\n<meta name=\"twitter:label1\" content=\"Est. reading time\" \/>\n\t<meta name=\"twitter:data1\" content=\"1 minute\" \/>\n<script type=\"application\/ld+json\" class=\"yoast-schema-graph\">{\"@context\":\"https:\/\/schema.org\",\"@graph\":[{\"@type\":\"WebPage\",\"@id\":\"https:\/\/amafurni.vn\/san-pham\/ghe-game-gaming-chan-xoay-danh-cho-game-thu-ama-gt-racing-pink\/\",\"url\":\"https:\/\/amafurni.vn\/san-pham\/ghe-game-gaming-chan-xoay-danh-cho-game-thu-ama-gt-racing-pink\/\",\"name\":\"Gh\u1ebf Game Gaming Ch\u00e2n Xoay D\u00e0nh Cho Game Th\u1ee7 AMA-GT-RACING-PINK - AMAFURNI\",\"isPartOf\":{\"@id\":\"https:\/\/amafurni.vn\/#website\"},\"datePublished\":\"2023-12-06T03:30:49+00:00\",\"dateModified\":\"2025-11-12T07:10:06+00:00\",\"breadcrumb\":{\"@id\":\"https:\/\/amafurni.vn\/san-pham\/ghe-game-gaming-chan-xoay-danh-cho-game-thu-ama-gt-racing-pink\/#breadcrumb\"},\"inLanguage\":\"en-US\",\"potentialAction\":[{\"@type\":\"ReadAction\",\"target\":[\"https:\/\/amafurni.vn\/san-pham\/ghe-game-gaming-chan-xoay-danh-cho-game-thu-ama-gt-racing-pink\/\"]}]},{\"@type\":\"BreadcrumbList\",\"@id\":\"https:\/\/amafurni.vn\/san-pham\/ghe-game-gaming-chan-xoay-danh-cho-game-thu-ama-gt-racing-pink\/#breadcrumb\",\"itemListElement\":[{\"@type\":\"ListItem\",\"position\":1,\"name\":\"Trang ch\u1ee7\",\"item\":\"https:\/\/amafurni.vn\/\"},{\"@type\":\"ListItem\",\"position\":2,\"name\":\"S\u1ea3n ph\u1ea9m\",\"item\":\"https:\/\/amafurni.vn\/san-pham\/\"},{\"@type\":\"ListItem\",\"position\":3,\"name\":\"Gh\u1ebf Game Gaming Ch\u00e2n Xoay D\u00e0nh Cho Game Th\u1ee7 AMA-GT-RACING-PINK\"}]},{\"@type\":\"WebSite\",\"@id\":\"https:\/\/amafurni.vn\/#website\",\"url\":\"https:\/\/amafurni.vn\/\",\"name\":\"AMAFURNI\",\"description\":\"\",\"potentialAction\":[{\"@type\":\"SearchAction\",\"target\":{\"@type\":\"EntryPoint\",\"urlTemplate\":\"https:\/\/amafurni.vn\/?s={search_term_string}\"},\"query-input\":\"required name=search_term_string\"}],\"inLanguage\":\"en-US\"}]}<\/script>\n<!-- \/ Yoast SEO Premium plugin. -->","yoast_head_json":{"title":"Gh\u1ebf Game Gaming Ch\u00e2n Xoay D\u00e0nh Cho Game Th\u1ee7 AMA-GT-RACING-PINK - AMAFURNI","robots":{"index":"index","follow":"follow","max-snippet":"max-snippet:-1","max-image-preview":"max-image-preview:large","max-video-preview":"max-video-preview:-1"},"canonical":"https:\/\/amafurni.vn\/en\/product\/ghe-game-gaming-chan-xoay-danh-cho-game-thu-ama-gt-racing-pink\/","og_locale":"en_US","og_type":"article","og_title":"Gh\u1ebf Game Gaming Ch\u00e2n Xoay D\u00e0nh Cho Game Th\u1ee7 AMA-GT-RACING-PINK","og_description":"\u26d4 Ng\u1ea3 l\u01b0ng nh\u01b0 n\u1eb1m g\u00f3c 175 \u0111\u1ed9 \u26d4 Tay gh\u1ebf \u0111i\u1ec1u ch\u1ec9nh 2D g\u1ed3m : T\u0103ng\/Gi\u1ea3m chi\u1ec1u cao, Xoay \u0111\u01b0\u1ee3c. \u26d4 02 g\u1ed1i : d\u1ef1a \u0111\u1ea7u v\u00e0 d\u1ef1a l\u01b0ng gi\u00fap gi\u1ea3m \u0111au l\u01b0ng, c\u1ed5 \u26d4 B\u00e1nh xe di chuy\u1ec3n linh ho\u1ea1t, \u26d4 \u0110\u1eb7c bi\u1ec7t : th\u00eam tu\u1ef3 ch\u1ecdn CH\u00c2N G\u00c1C K\u00c9O X\u1ebeP , gi\u00fap N\u1eb1m ng\u1ee7 v\u00e0 th\u01b0 gi\u00e3n m\u1ed9t c\u00e1ch tho\u1ea3i m\u00e1i nh\u1ea5t. \u26d4 Phu\u1ed9c: ti\u00eau chu\u1ea9n BIFMA D100 ch\u1ecbu t\u1ea3i tr\u1ecdng \u0111\u1ebfn 100kg \u26d4 Ch\u00e2n gh\u1ebf: Ch\u00e2n nh\u1ef1a \u0111\u00fac ch\u1ecbu l\u1ef1c cao v\u1edbi \u0111\u01b0\u1eddng k\u00ednh v\u00f2ng ch\u00e2n 700mm r\u1ea5t v\u1eefng ch\u1eafc khi ng\u1ea3 l\u01b0ng","og_url":"https:\/\/amafurni.vn\/en\/product\/ghe-game-gaming-chan-xoay-danh-cho-game-thu-ama-gt-racing-pink\/","og_site_name":"AMAFURNI","article_modified_time":"2025-11-12T07:10:06+00:00","og_image":[{"width":800,"height":800,"url":"https:\/\/amafurni.vn\/wp-content\/uploads\/2023\/12\/ghe-game-gaming-chan-xoay-danh-cho-game-thu-ama-gt-racing-pink_656ef03eda632.jpeg","type":"image\/jpeg"}],"twitter_card":"summary_large_image","twitter_misc":{"Est. reading time":"1 minute"},"schema":{"@context":"https:\/\/schema.org","@graph":[{"@type":"WebPage","@id":"https:\/\/amafurni.vn\/san-pham\/ghe-game-gaming-chan-xoay-danh-cho-game-thu-ama-gt-racing-pink\/","url":"https:\/\/amafurni.vn\/san-pham\/ghe-game-gaming-chan-xoay-danh-cho-game-thu-ama-gt-racing-pink\/","name":"Gh\u1ebf Game Gaming Ch\u00e2n Xoay D\u00e0nh Cho Game Th\u1ee7 AMA-GT-RACING-PINK - AMAFURNI","isPartOf":{"@id":"https:\/\/amafurni.vn\/#website"},"datePublished":"2023-12-06T03:30:49+00:00","dateModified":"2025-11-12T07:10:06+00:00","breadcrumb":{"@id":"https:\/\/amafurni.vn\/san-pham\/ghe-game-gaming-chan-xoay-danh-cho-game-thu-ama-gt-racing-pink\/#breadcrumb"},"inLanguage":"en-US","potentialAction":[{"@type":"ReadAction","target":["https:\/\/amafurni.vn\/san-pham\/ghe-game-gaming-chan-xoay-danh-cho-game-thu-ama-gt-racing-pink\/"]}]},{"@type":"BreadcrumbList","@id":"https:\/\/amafurni.vn\/san-pham\/ghe-game-gaming-chan-xoay-danh-cho-game-thu-ama-gt-racing-pink\/#breadcrumb","itemListElement":[{"@type":"ListItem","position":1,"name":"Trang ch\u1ee7","item":"https:\/\/amafurni.vn\/"},{"@type":"ListItem","position":2,"name":"S\u1ea3n ph\u1ea9m","item":"https:\/\/amafurni.vn\/san-pham\/"},{"@type":"ListItem","position":3,"name":"Gh\u1ebf Game Gaming Ch\u00e2n Xoay D\u00e0nh Cho Game Th\u1ee7 AMA-GT-RACING-PINK"}]},{"@type":"WebSite","@id":"https:\/\/amafurni.vn\/#website","url":"https:\/\/amafurni.vn\/","name":"AMAFURNI","description":"","potentialAction":[{"@type":"SearchAction","target":{"@type":"EntryPoint","urlTemplate":"https:\/\/amafurni.vn\/?s={search_term_string}"},"query-input":"required name=search_term_string"}],"inLanguage":"en-US"}]}},"_links":{"self":[{"href":"https:\/\/amafurni.vn\/en\/wp-json\/wp\/v2\/product\/1702"}],"collection":[{"href":"https:\/\/amafurni.vn\/en\/wp-json\/wp\/v2\/product"}],"about":[{"href":"https:\/\/amafurni.vn\/en\/wp-json\/wp\/v2\/types\/product"}],"replies":[{"embeddable":true,"href":"https:\/\/amafurni.vn\/en\/wp-json\/wp\/v2\/comments?post=1702"}],"wp:featuredmedia":[{"embeddable":true,"href":"https:\/\/amafurni.vn\/en\/wp-json\/wp\/v2\/media\/1703"}],"wp:attachment":[{"href":"https:\/\/amafurni.vn\/en\/wp-json\/wp\/v2\/media?parent=1702"}],"wp:term":[{"taxonomy":"product_cat","embeddable":true,"href":"https:\/\/amafurni.vn\/en\/wp-json\/wp\/v2\/product_cat?post=1702"},{"taxonomy":"product_tag","embeddable":true,"href":"https:\/\/amafurni.vn\/en\/wp-json\/wp\/v2\/product_tag?post=1702"}],"curies":[{"name":"wp","href":"https:\/\/api.w.org\/{rel}","templated":true}]}}