{"id":1704,"date":"2023-12-06T10:30:54","date_gmt":"2023-12-06T03:30:54","guid":{"rendered":"https:\/\/amafurni.123websitedev.com\/san-pham\/ghe-game-gaming-chan-xoay-danh-cho-game-thu-ama-gt-racing-red\/"},"modified":"2026-04-15T22:29:00","modified_gmt":"2026-04-15T15:29:00","slug":"ghe-game-gaming-ama-gt-racing","status":"publish","type":"product","link":"https:\/\/amafurni.vn\/en\/product\/ghe-game-gaming-ama-gt-racing\/","title":{"rendered":"Gh\u1ebf Gaming AMA-GT-RACING"},"content":{"rendered":"<table class=\"woocommerce-product-attributes shop_attributes\" style=\"width: 102.506152%; height: 270px;\" width=\"929\">\n<tbody>\n<tr class=\"woocommerce-product-attributes-item woocommerce-product-attributes-item--attribute_season\">\n<th class=\"woocommerce-product-attributes-item__label\" style=\"width: 15.819912%;\">Material<\/th>\n<td class=\"woocommerce-product-attributes-item__value\" style=\"width: 83.320797%;\">\u00a0Khung s\u01b0\u1eddn G\u1ed7 &amp; S\u1eaft, N\u1ec7m cao su, B\u1ecdc Da c\u00f4ng nghi\u1ec7p, Tay gh\u1ebf nh\u1ef1a, Ch\u00e2n gh\u1ebf nh\u1ef1a \u0111\u00fac<\/td>\n<\/tr>\n<tr class=\"woocommerce-product-attributes-item woocommerce-product-attributes-item--attribute_pa_color\">\n<th class=\"woocommerce-product-attributes-item__label\" style=\"width: 15.819912%;\">M\u00e0u S\u1eafc<\/th>\n<td class=\"woocommerce-product-attributes-item__value\" style=\"width: 83.320797%;\">\u0110EN, X\u00c1M, \u0110\u1ece, XANH D\u01af\u01a0NG, TR\u1eaeNG<\/td>\n<\/tr>\n<tr class=\"woocommerce-product-attributes-item woocommerce-product-attributes-item--attribute_style\">\n<th class=\"woocommerce-product-attributes-item__label\" style=\"width: 15.819912%;\">Size<\/th>\n<td class=\"woocommerce-product-attributes-item__value\" style=\"width: 83.320797%;\">\u00a0600*600*(1200-1300)mm<\/td>\n<\/tr>\n<tr class=\"woocommerce-product-attributes-item woocommerce-product-attributes-item--attribute_pa_material\">\n<th class=\"woocommerce-product-attributes-item__label\" style=\"width: 15.819912%;\">T\u00ednh N\u0103ng<\/th>\n<td class=\"woocommerce-product-attributes-item__value\" style=\"width: 83.320797%;\">Xoay 360 \u0111\u1ed9. T\u0103ng\/ Gi\u1ea3m chi\u1ec1u cao , Ng\u1ea3 l\u01b0ng th\u01b0 gi\u00e3n 150 \u0111\u1ed9, Ch\u00e2n g\u00e1c n\u1eb1m k\u00e9o x\u1ebfp.<\/td>\n<\/tr>\n<tr class=\"woocommerce-product-attributes-item woocommerce-product-attributes-item--attribute_item-code\">\n<th class=\"woocommerce-product-attributes-item__label\" style=\"width: 15.819912%;\">B\u1ea3o H\u00e0nh<\/th>\n<td class=\"woocommerce-product-attributes-item__value\" style=\"width: 83.320797%;\">12 th\u00e1ng<\/td>\n<\/tr>\n<\/tbody>\n<\/table>\n<p>&nbsp;<\/p>","protected":false},"excerpt":{"rendered":"<p>T\u1ef1a \u0110\u1ea7u:\u00a0C\u1ed1 \u0111\u1ecbnh<br \/>\nT\u1ef1a l\u01b0ng gh\u1ebf: L\u01b0ng gh\u1ebf b\u1ecdc da PU<br \/>\nGh\u1ebf \u0111\u01b0\u1ee3c thi\u1ebft k\u1ebf theo ti\u00eau chu\u1ea9n Ergonomic<br \/>\nN\u1ec7m: \u0111\u01b0\u1ee3c b\u1ecdc b\u1eb1ng vynil<br \/>\nTay gh\u1ebf: Tay \u0111i\u1ec1u ch\u1ec9nh 2 chi\u1ec1u<br \/>\nB\u1ed9 \u0111i\u1ec1u khi\u1ec3n: B\u1ed9 \u0111i\u1ec1u khi\u1ec3n c\u00f3 c\u00e1c t\u00ednh n\u0103ng: n\u00e2ng h\u1ea1 chi\u1ec1u cao, \u0111i\u1ec1u ch\u1ec9nh tr\u1ecdng l\u01b0\u1ee3ng theo ng\u01b0\u1eddi s\u1eed d\u1ee5ng, ch\u1ed1t kh\u00f3a an to\u00e0n<br \/>\nPhu\u1ed9c: M\u00e0u \u0111en, ti\u00eau chu\u1ea9n BIFMA D100 ch\u1ecbu t\u1ea3i tr\u1ecdng \u0111\u1ebfn 100kg<br \/>\nCh\u00e2n gh\u1ebf: Ch\u00e2n nh\u1ef1a \u0111\u00fac ch\u1ecbu l\u1ef1c cao v\u1edbi \u0111\u01b0\u1eddng k\u00ednh v\u00f2ng ch\u00e2n 700mm r\u1ea5t v\u1eefng ch\u1eafc khi ng\u1ea3 l\u01b0ng<br \/>\nB\u00e1nh xe: B\u00e1nh xe s\u1eed d\u1ee5ng b\u1ec1 m\u1eb7t s\u00e0n c\u1ee9ng phi 50mm<\/p>","protected":false},"featured_media":25092,"comment_status":"open","ping_status":"closed","template":"","meta":[],"product_cat":[60,80],"product_tag":[157],"yoast_head":"<!-- This site is optimized with the Yoast SEO Premium plugin v21.7 (Yoast SEO v21.7) - https:\/\/yoast.com\/wordpress\/plugins\/seo\/ -->\n<title>Gh\u1ebf Gaming AMA-GT-RACING - AMAFURNI<\/title>\n<meta name=\"description\" content=\"Gh\u1ebf Gaming Racing ng\u00e3 l\u01b0ng \u00eam \u00e1i, c\u00f3 trang b\u1ecb t\u1ef1a \u0111\u1ea7u v\u00e0 t\u1ef1a l\u01b0ng \u00eam \u00e1i gi\u00fap ng\u1ed3i l\u00e2u kh\u00f4ng lo b\u1ecb m\u1ecfi , ph\u00f9 h\u1ee3p cho ng\u01b0\u1eddi ng\u1ed3i l\u00e0m vi\u1ec7c v\u00e0 ch\u01a1i game l\u00e2u.\" \/>\n<meta name=\"robots\" content=\"index, follow, max-snippet:-1, max-image-preview:large, max-video-preview:-1\" \/>\n<link rel=\"canonical\" href=\"https:\/\/amafurni.vn\/en\/product\/ghe-game-gaming-ama-gt-racing\/\" \/>\n<meta property=\"og:locale\" content=\"en_US\" \/>\n<meta property=\"og:type\" content=\"article\" \/>\n<meta property=\"og:title\" content=\"Gh\u1ebf Gaming AMA-GT-RACING\" \/>\n<meta property=\"og:description\" content=\"Gh\u1ebf Gaming Racing ng\u00e3 l\u01b0ng \u00eam \u00e1i, c\u00f3 trang b\u1ecb t\u1ef1a \u0111\u1ea7u v\u00e0 t\u1ef1a l\u01b0ng \u00eam \u00e1i gi\u00fap ng\u1ed3i l\u00e2u kh\u00f4ng lo b\u1ecb m\u1ecfi , ph\u00f9 h\u1ee3p cho ng\u01b0\u1eddi ng\u1ed3i l\u00e0m vi\u1ec7c v\u00e0 ch\u01a1i game l\u00e2u.\" \/>\n<meta property=\"og:url\" content=\"https:\/\/amafurni.vn\/en\/product\/ghe-game-gaming-ama-gt-racing\/\" \/>\n<meta property=\"og:site_name\" content=\"AMAFURNI\" \/>\n<meta property=\"article:modified_time\" content=\"2026-04-15T15:29:00+00:00\" \/>\n<meta property=\"og:image\" content=\"https:\/\/amafurni.vn\/wp-content\/uploads\/2023\/12\/GTRACING-Gaming-Chair-Office-Chair-PU-Leather-with-Footrest-Adjustable-Headrest-Red_c0adb3a3-5cc8-4ec6-9061-f0a6658a8e54.4301fc411679f94ea4dfd5113c314c90.png.webp\" \/>\n\t<meta property=\"og:image:width\" content=\"717\" \/>\n\t<meta property=\"og:image:height\" content=\"717\" \/>\n\t<meta property=\"og:image:type\" content=\"image\/webp\" \/>\n<meta name=\"twitter:card\" content=\"summary_large_image\" \/>\n<meta name=\"twitter:label1\" content=\"Est. reading time\" \/>\n\t<meta name=\"twitter:data1\" content=\"1 minute\" \/>\n<script type=\"application\/ld+json\" class=\"yoast-schema-graph\">{\"@context\":\"https:\/\/schema.org\",\"@graph\":[{\"@type\":\"WebPage\",\"@id\":\"https:\/\/amafurni.vn\/san-pham\/ghe-game-gaming-ama-gt-racing\/\",\"url\":\"https:\/\/amafurni.vn\/san-pham\/ghe-game-gaming-ama-gt-racing\/\",\"name\":\"Gh\u1ebf Gaming AMA-GT-RACING - AMAFURNI\",\"isPartOf\":{\"@id\":\"https:\/\/amafurni.vn\/#website\"},\"datePublished\":\"2023-12-06T03:30:54+00:00\",\"dateModified\":\"2026-04-15T15:29:00+00:00\",\"description\":\"Gh\u1ebf Gaming Racing ng\u00e3 l\u01b0ng \u00eam \u00e1i, c\u00f3 trang b\u1ecb t\u1ef1a \u0111\u1ea7u v\u00e0 t\u1ef1a l\u01b0ng \u00eam \u00e1i gi\u00fap ng\u1ed3i l\u00e2u kh\u00f4ng lo b\u1ecb m\u1ecfi , ph\u00f9 h\u1ee3p cho ng\u01b0\u1eddi ng\u1ed3i l\u00e0m vi\u1ec7c v\u00e0 ch\u01a1i game l\u00e2u.\",\"breadcrumb\":{\"@id\":\"https:\/\/amafurni.vn\/san-pham\/ghe-game-gaming-ama-gt-racing\/#breadcrumb\"},\"inLanguage\":\"en-US\",\"potentialAction\":[{\"@type\":\"ReadAction\",\"target\":[\"https:\/\/amafurni.vn\/san-pham\/ghe-game-gaming-ama-gt-racing\/\"]}]},{\"@type\":\"BreadcrumbList\",\"@id\":\"https:\/\/amafurni.vn\/san-pham\/ghe-game-gaming-ama-gt-racing\/#breadcrumb\",\"itemListElement\":[{\"@type\":\"ListItem\",\"position\":1,\"name\":\"Trang ch\u1ee7\",\"item\":\"https:\/\/amafurni.vn\/\"},{\"@type\":\"ListItem\",\"position\":2,\"name\":\"S\u1ea3n ph\u1ea9m\",\"item\":\"https:\/\/amafurni.vn\/san-pham\/\"},{\"@type\":\"ListItem\",\"position\":3,\"name\":\"Gh\u1ebf Gaming AMA-GT-RACING\"}]},{\"@type\":\"WebSite\",\"@id\":\"https:\/\/amafurni.vn\/#website\",\"url\":\"https:\/\/amafurni.vn\/\",\"name\":\"AMAFURNI\",\"description\":\"\",\"potentialAction\":[{\"@type\":\"SearchAction\",\"target\":{\"@type\":\"EntryPoint\",\"urlTemplate\":\"https:\/\/amafurni.vn\/?s={search_term_string}\"},\"query-input\":\"required name=search_term_string\"}],\"inLanguage\":\"en-US\"}]}<\/script>\n<!-- \/ Yoast SEO Premium plugin. -->","yoast_head_json":{"title":"Gh\u1ebf Gaming AMA-GT-RACING - AMAFURNI","description":"Gh\u1ebf Gaming Racing ng\u00e3 l\u01b0ng \u00eam \u00e1i, c\u00f3 trang b\u1ecb t\u1ef1a \u0111\u1ea7u v\u00e0 t\u1ef1a l\u01b0ng \u00eam \u00e1i gi\u00fap ng\u1ed3i l\u00e2u kh\u00f4ng lo b\u1ecb m\u1ecfi , ph\u00f9 h\u1ee3p cho ng\u01b0\u1eddi ng\u1ed3i l\u00e0m vi\u1ec7c v\u00e0 ch\u01a1i game l\u00e2u.","robots":{"index":"index","follow":"follow","max-snippet":"max-snippet:-1","max-image-preview":"max-image-preview:large","max-video-preview":"max-video-preview:-1"},"canonical":"https:\/\/amafurni.vn\/en\/product\/ghe-game-gaming-ama-gt-racing\/","og_locale":"en_US","og_type":"article","og_title":"Gh\u1ebf Gaming AMA-GT-RACING","og_description":"Gh\u1ebf Gaming Racing ng\u00e3 l\u01b0ng \u00eam \u00e1i, c\u00f3 trang b\u1ecb t\u1ef1a \u0111\u1ea7u v\u00e0 t\u1ef1a l\u01b0ng \u00eam \u00e1i gi\u00fap ng\u1ed3i l\u00e2u kh\u00f4ng lo b\u1ecb m\u1ecfi , ph\u00f9 h\u1ee3p cho ng\u01b0\u1eddi ng\u1ed3i l\u00e0m vi\u1ec7c v\u00e0 ch\u01a1i game l\u00e2u.","og_url":"https:\/\/amafurni.vn\/en\/product\/ghe-game-gaming-ama-gt-racing\/","og_site_name":"AMAFURNI","article_modified_time":"2026-04-15T15:29:00+00:00","og_image":[{"width":717,"height":717,"url":"https:\/\/amafurni.vn\/wp-content\/uploads\/2023\/12\/GTRACING-Gaming-Chair-Office-Chair-PU-Leather-with-Footrest-Adjustable-Headrest-Red_c0adb3a3-5cc8-4ec6-9061-f0a6658a8e54.4301fc411679f94ea4dfd5113c314c90.png.webp","type":"image\/webp"}],"twitter_card":"summary_large_image","twitter_misc":{"Est. reading time":"1 minute"},"schema":{"@context":"https:\/\/schema.org","@graph":[{"@type":"WebPage","@id":"https:\/\/amafurni.vn\/san-pham\/ghe-game-gaming-ama-gt-racing\/","url":"https:\/\/amafurni.vn\/san-pham\/ghe-game-gaming-ama-gt-racing\/","name":"Gh\u1ebf Gaming AMA-GT-RACING - AMAFURNI","isPartOf":{"@id":"https:\/\/amafurni.vn\/#website"},"datePublished":"2023-12-06T03:30:54+00:00","dateModified":"2026-04-15T15:29:00+00:00","description":"Gh\u1ebf Gaming Racing ng\u00e3 l\u01b0ng \u00eam \u00e1i, c\u00f3 trang b\u1ecb t\u1ef1a \u0111\u1ea7u v\u00e0 t\u1ef1a l\u01b0ng \u00eam \u00e1i gi\u00fap ng\u1ed3i l\u00e2u kh\u00f4ng lo b\u1ecb m\u1ecfi , ph\u00f9 h\u1ee3p cho ng\u01b0\u1eddi ng\u1ed3i l\u00e0m vi\u1ec7c v\u00e0 ch\u01a1i game l\u00e2u.","breadcrumb":{"@id":"https:\/\/amafurni.vn\/san-pham\/ghe-game-gaming-ama-gt-racing\/#breadcrumb"},"inLanguage":"en-US","potentialAction":[{"@type":"ReadAction","target":["https:\/\/amafurni.vn\/san-pham\/ghe-game-gaming-ama-gt-racing\/"]}]},{"@type":"BreadcrumbList","@id":"https:\/\/amafurni.vn\/san-pham\/ghe-game-gaming-ama-gt-racing\/#breadcrumb","itemListElement":[{"@type":"ListItem","position":1,"name":"Trang ch\u1ee7","item":"https:\/\/amafurni.vn\/"},{"@type":"ListItem","position":2,"name":"S\u1ea3n ph\u1ea9m","item":"https:\/\/amafurni.vn\/san-pham\/"},{"@type":"ListItem","position":3,"name":"Gh\u1ebf Gaming AMA-GT-RACING"}]},{"@type":"WebSite","@id":"https:\/\/amafurni.vn\/#website","url":"https:\/\/amafurni.vn\/","name":"AMAFURNI","description":"","potentialAction":[{"@type":"SearchAction","target":{"@type":"EntryPoint","urlTemplate":"https:\/\/amafurni.vn\/?s={search_term_string}"},"query-input":"required name=search_term_string"}],"inLanguage":"en-US"}]}},"_links":{"self":[{"href":"https:\/\/amafurni.vn\/en\/wp-json\/wp\/v2\/product\/1704"}],"collection":[{"href":"https:\/\/amafurni.vn\/en\/wp-json\/wp\/v2\/product"}],"about":[{"href":"https:\/\/amafurni.vn\/en\/wp-json\/wp\/v2\/types\/product"}],"replies":[{"embeddable":true,"href":"https:\/\/amafurni.vn\/en\/wp-json\/wp\/v2\/comments?post=1704"}],"wp:featuredmedia":[{"embeddable":true,"href":"https:\/\/amafurni.vn\/en\/wp-json\/wp\/v2\/media\/25092"}],"wp:attachment":[{"href":"https:\/\/amafurni.vn\/en\/wp-json\/wp\/v2\/media?parent=1704"}],"wp:term":[{"taxonomy":"product_cat","embeddable":true,"href":"https:\/\/amafurni.vn\/en\/wp-json\/wp\/v2\/product_cat?post=1704"},{"taxonomy":"product_tag","embeddable":true,"href":"https:\/\/amafurni.vn\/en\/wp-json\/wp\/v2\/product_tag?post=1704"}],"curies":[{"name":"wp","href":"https:\/\/api.w.org\/{rel}","templated":true}]}}