{"id":1760,"date":"2023-12-06T10:33:06","date_gmt":"2023-12-06T03:33:06","guid":{"rendered":"https:\/\/amafurni.123websitedev.com\/san-pham\/ghe-gaming-nga-lung-the-he-moi-ama-yt209-black\/"},"modified":"2026-01-06T17:29:31","modified_gmt":"2026-01-06T10:29:31","slug":"ghe-gaming-nga-lung-the-he-moi-ama-yt209-black","status":"publish","type":"product","link":"https:\/\/amafurni.vn\/en\/product\/ghe-gaming-nga-lung-the-he-moi-ama-yt209-black\/","title":{"rendered":"Gh\u1ebf Gaming AMA-YT209"},"content":{"rendered":"<table class=\"woocommerce-product-attributes shop_attributes\" style=\"width: 105.733046%; height: 291px;\" width=\"929\">\n<tbody>\n<tr class=\"woocommerce-product-attributes-item woocommerce-product-attributes-item--attribute_season\">\n<th class=\"woocommerce-product-attributes-item__label\" style=\"width: 16.521739%;\">Material<\/th>\n<td class=\"woocommerce-product-attributes-item__value\" style=\"width: 82.608696%;\">\u00a0Khung s\u01b0\u1eddn nh\u1ef1a PP \u0111\u00fac \u0111\u1eb7c, L\u01b0ng b\u1ecdc L\u01b0\u1edbi tho\u00e1ng m\u00e1t, N\u1ec7m ng\u1ed3i Cao su b\u1ecdc V\u1ea3i, Ch\u00e2n nh\u1ef1a \u0111\u00fac<\/td>\n<\/tr>\n<tr class=\"woocommerce-product-attributes-item woocommerce-product-attributes-item--attribute_pa_color\">\n<th class=\"woocommerce-product-attributes-item__label\" style=\"width: 16.521739%;\">M\u00e0u S\u1eafc<\/th>\n<td class=\"woocommerce-product-attributes-item__value\" style=\"width: 82.608696%;\">\u0110en , \u0110\u1ecf<\/td>\n<\/tr>\n<tr class=\"woocommerce-product-attributes-item woocommerce-product-attributes-item--attribute_style\">\n<th class=\"woocommerce-product-attributes-item__label\" style=\"width: 16.521739%;\">Size<\/th>\n<td class=\"woocommerce-product-attributes-item__value\" style=\"width: 82.608696%;\">\u00a0580*600*(1150-1250)mm<\/td>\n<\/tr>\n<tr class=\"woocommerce-product-attributes-item woocommerce-product-attributes-item--attribute_pa_material\">\n<th class=\"woocommerce-product-attributes-item__label\" style=\"width: 16.521739%;\">T\u00ednh N\u0103ng<\/th>\n<td class=\"woocommerce-product-attributes-item__value\" style=\"width: 82.608696%;\">T\u0103ng\/ gi\u1ea3m chi\u1ec1u cao. Xoay 360 \u0111\u1ed9. C\u00f3 2 c\u1ea7n ng\u00e3 n\u1eb1m, Ch\u00e2n g\u00e1c n\u1eb1m th\u01b0 gi\u00e3n tho\u1ea3i m\u00e1i<\/td>\n<\/tr>\n<tr class=\"woocommerce-product-attributes-item woocommerce-product-attributes-item--attribute_item-code\">\n<th class=\"woocommerce-product-attributes-item__label\" style=\"width: 16.521739%;\">B\u1ea3o H\u00e0nh<\/th>\n<td class=\"woocommerce-product-attributes-item__value\" style=\"width: 82.608696%;\">1 n\u0103m<\/td>\n<\/tr>\n<\/tbody>\n<\/table>","protected":false},"excerpt":{"rendered":"<p>T\u1ef1a \u0110\u1ea7u:\u00a0C\u1ed1 \u0111\u1ecbnh<br \/>\nT\u1ef1a l\u01b0ng gh\u1ebf: L\u01b0ng gh\u1ebf b\u1ecdc V\u1ea2I<br \/>\nGh\u1ebf \u0111\u01b0\u1ee3c thi\u1ebft k\u1ebf theo ti\u00eau chu\u1ea9n Ergonomic<br \/>\nN\u1ec7m: \u0111\u01b0\u1ee3c b\u1ecdc b\u1eb1ng vynil<br \/>\nB\u1ed9 \u0111i\u1ec1u khi\u1ec3n: B\u1ed9 \u0111i\u1ec1u khi\u1ec3n c\u00f3 c\u00e1c t\u00ednh n\u0103ng: n\u00e2ng h\u1ea1 chi\u1ec1u cao, \u0111i\u1ec1u ch\u1ec9nh tr\u1ecdng l\u01b0\u1ee3ng theo ng\u01b0\u1eddi s\u1eed d\u1ee5ng, ch\u1ed1t kh\u00f3a an to\u00e0n<br \/>\nCh\u00e2n gh\u1ebf: Ch\u00e2n nh\u1ef1a \u0111\u00fac ch\u1ecbu l\u1ef1c cao v\u1edbi \u0111\u01b0\u1eddng k\u00ednh v\u00f2ng ch\u00e2n 700mm r\u1ea5t v\u1eefng ch\u1eafc khi ng\u1ea3 l\u01b0ng<br \/>\nB\u00e1nh xe: B\u00e1nh xe s\u1eed d\u1ee5ng b\u1ec1 m\u1eb7t s\u00e0n c\u1ee9ng phi 50mm<\/p>","protected":false},"featured_media":1761,"comment_status":"open","ping_status":"closed","template":"","meta":[],"product_cat":[60,80],"product_tag":[157],"yoast_head":"<!-- This site is optimized with the Yoast SEO Premium plugin v21.7 (Yoast SEO v21.7) - https:\/\/yoast.com\/wordpress\/plugins\/seo\/ -->\n<title>Gh\u1ebf Gaming AMA-YT209 - AMAFURNI<\/title>\n<meta name=\"description\" content=\"Gh\u1ebf gaming c\u00f4ng th\u00e1i hoc ng\u1ea3 l\u01b0ng th\u01b0 gi\u00e3n c\u00f3 g\u1ed1i rung massage m\u00e0u s\u1eafc \u0111a d\u1ea1ng v\u00e0 \u0111\u1eb9p m\u1eaft ph\u00f9 h\u1ee3p kh\u00f4ng gian l\u00e0m vi\u1ec7c v\u00e0 b\u00e0n gaming v\u1edbi ch\u1ea5t li\u1ec7u l\u01b0\u1edbi tho\u00e1ng m\u00e1t \u0111\u1ebfn t\u1eeb AMA FURNITURE\" \/>\n<meta name=\"robots\" content=\"index, follow, max-snippet:-1, max-image-preview:large, max-video-preview:-1\" \/>\n<link rel=\"canonical\" href=\"https:\/\/amafurni.vn\/en\/product\/ghe-gaming-nga-lung-the-he-moi-ama-yt209-black\/\" \/>\n<meta property=\"og:locale\" content=\"en_US\" \/>\n<meta property=\"og:type\" content=\"article\" \/>\n<meta property=\"og:title\" content=\"Gh\u1ebf Gaming AMA-YT209\" \/>\n<meta property=\"og:description\" content=\"Gh\u1ebf gaming c\u00f4ng th\u00e1i hoc ng\u1ea3 l\u01b0ng th\u01b0 gi\u00e3n c\u00f3 g\u1ed1i rung massage m\u00e0u s\u1eafc \u0111a d\u1ea1ng v\u00e0 \u0111\u1eb9p m\u1eaft ph\u00f9 h\u1ee3p kh\u00f4ng gian l\u00e0m vi\u1ec7c v\u00e0 b\u00e0n gaming v\u1edbi ch\u1ea5t li\u1ec7u l\u01b0\u1edbi tho\u00e1ng m\u00e1t \u0111\u1ebfn t\u1eeb AMA FURNITURE\" \/>\n<meta property=\"og:url\" content=\"https:\/\/amafurni.vn\/en\/product\/ghe-gaming-nga-lung-the-he-moi-ama-yt209-black\/\" \/>\n<meta property=\"og:site_name\" content=\"AMAFURNI\" \/>\n<meta property=\"article:modified_time\" content=\"2026-01-06T10:29:31+00:00\" \/>\n<meta property=\"og:image\" content=\"https:\/\/amafurni.vn\/wp-content\/uploads\/2023\/12\/ghe-gaming-nga-lung-the-he-moi-ama-yt209-black_656ef0fa7f9a5.jpeg\" \/>\n\t<meta property=\"og:image:width\" content=\"800\" \/>\n\t<meta property=\"og:image:height\" content=\"800\" \/>\n\t<meta property=\"og:image:type\" content=\"image\/jpeg\" \/>\n<meta name=\"twitter:card\" content=\"summary_large_image\" \/>\n<meta name=\"twitter:label1\" content=\"Est. reading time\" \/>\n\t<meta name=\"twitter:data1\" content=\"1 minute\" \/>\n<script type=\"application\/ld+json\" class=\"yoast-schema-graph\">{\"@context\":\"https:\/\/schema.org\",\"@graph\":[{\"@type\":\"WebPage\",\"@id\":\"https:\/\/amafurni.vn\/san-pham\/ghe-gaming-nga-lung-the-he-moi-ama-yt209-black\/\",\"url\":\"https:\/\/amafurni.vn\/san-pham\/ghe-gaming-nga-lung-the-he-moi-ama-yt209-black\/\",\"name\":\"Gh\u1ebf Gaming AMA-YT209 - AMAFURNI\",\"isPartOf\":{\"@id\":\"https:\/\/amafurni.vn\/#website\"},\"datePublished\":\"2023-12-06T03:33:06+00:00\",\"dateModified\":\"2026-01-06T10:29:31+00:00\",\"description\":\"Gh\u1ebf gaming c\u00f4ng th\u00e1i hoc ng\u1ea3 l\u01b0ng th\u01b0 gi\u00e3n c\u00f3 g\u1ed1i rung massage m\u00e0u s\u1eafc \u0111a d\u1ea1ng v\u00e0 \u0111\u1eb9p m\u1eaft ph\u00f9 h\u1ee3p kh\u00f4ng gian l\u00e0m vi\u1ec7c v\u00e0 b\u00e0n gaming v\u1edbi ch\u1ea5t li\u1ec7u l\u01b0\u1edbi tho\u00e1ng m\u00e1t \u0111\u1ebfn t\u1eeb AMA FURNITURE\",\"breadcrumb\":{\"@id\":\"https:\/\/amafurni.vn\/san-pham\/ghe-gaming-nga-lung-the-he-moi-ama-yt209-black\/#breadcrumb\"},\"inLanguage\":\"en-US\",\"potentialAction\":[{\"@type\":\"ReadAction\",\"target\":[\"https:\/\/amafurni.vn\/san-pham\/ghe-gaming-nga-lung-the-he-moi-ama-yt209-black\/\"]}]},{\"@type\":\"BreadcrumbList\",\"@id\":\"https:\/\/amafurni.vn\/san-pham\/ghe-gaming-nga-lung-the-he-moi-ama-yt209-black\/#breadcrumb\",\"itemListElement\":[{\"@type\":\"ListItem\",\"position\":1,\"name\":\"Trang ch\u1ee7\",\"item\":\"https:\/\/amafurni.vn\/\"},{\"@type\":\"ListItem\",\"position\":2,\"name\":\"S\u1ea3n ph\u1ea9m\",\"item\":\"https:\/\/amafurni.vn\/san-pham\/\"},{\"@type\":\"ListItem\",\"position\":3,\"name\":\"Gh\u1ebf Gaming AMA-YT209\"}]},{\"@type\":\"WebSite\",\"@id\":\"https:\/\/amafurni.vn\/#website\",\"url\":\"https:\/\/amafurni.vn\/\",\"name\":\"AMAFURNI\",\"description\":\"\",\"potentialAction\":[{\"@type\":\"SearchAction\",\"target\":{\"@type\":\"EntryPoint\",\"urlTemplate\":\"https:\/\/amafurni.vn\/?s={search_term_string}\"},\"query-input\":\"required name=search_term_string\"}],\"inLanguage\":\"en-US\"}]}<\/script>\n<!-- \/ Yoast SEO Premium plugin. -->","yoast_head_json":{"title":"Gh\u1ebf Gaming AMA-YT209 - AMAFURNI","description":"Gh\u1ebf gaming c\u00f4ng th\u00e1i hoc ng\u1ea3 l\u01b0ng th\u01b0 gi\u00e3n c\u00f3 g\u1ed1i rung massage m\u00e0u s\u1eafc \u0111a d\u1ea1ng v\u00e0 \u0111\u1eb9p m\u1eaft ph\u00f9 h\u1ee3p kh\u00f4ng gian l\u00e0m vi\u1ec7c v\u00e0 b\u00e0n gaming v\u1edbi ch\u1ea5t li\u1ec7u l\u01b0\u1edbi tho\u00e1ng m\u00e1t \u0111\u1ebfn t\u1eeb AMA FURNITURE","robots":{"index":"index","follow":"follow","max-snippet":"max-snippet:-1","max-image-preview":"max-image-preview:large","max-video-preview":"max-video-preview:-1"},"canonical":"https:\/\/amafurni.vn\/en\/product\/ghe-gaming-nga-lung-the-he-moi-ama-yt209-black\/","og_locale":"en_US","og_type":"article","og_title":"Gh\u1ebf Gaming AMA-YT209","og_description":"Gh\u1ebf gaming c\u00f4ng th\u00e1i hoc ng\u1ea3 l\u01b0ng th\u01b0 gi\u00e3n c\u00f3 g\u1ed1i rung massage m\u00e0u s\u1eafc \u0111a d\u1ea1ng v\u00e0 \u0111\u1eb9p m\u1eaft ph\u00f9 h\u1ee3p kh\u00f4ng gian l\u00e0m vi\u1ec7c v\u00e0 b\u00e0n gaming v\u1edbi ch\u1ea5t li\u1ec7u l\u01b0\u1edbi tho\u00e1ng m\u00e1t \u0111\u1ebfn t\u1eeb AMA FURNITURE","og_url":"https:\/\/amafurni.vn\/en\/product\/ghe-gaming-nga-lung-the-he-moi-ama-yt209-black\/","og_site_name":"AMAFURNI","article_modified_time":"2026-01-06T10:29:31+00:00","og_image":[{"width":800,"height":800,"url":"https:\/\/amafurni.vn\/wp-content\/uploads\/2023\/12\/ghe-gaming-nga-lung-the-he-moi-ama-yt209-black_656ef0fa7f9a5.jpeg","type":"image\/jpeg"}],"twitter_card":"summary_large_image","twitter_misc":{"Est. reading time":"1 minute"},"schema":{"@context":"https:\/\/schema.org","@graph":[{"@type":"WebPage","@id":"https:\/\/amafurni.vn\/san-pham\/ghe-gaming-nga-lung-the-he-moi-ama-yt209-black\/","url":"https:\/\/amafurni.vn\/san-pham\/ghe-gaming-nga-lung-the-he-moi-ama-yt209-black\/","name":"Gh\u1ebf Gaming AMA-YT209 - AMAFURNI","isPartOf":{"@id":"https:\/\/amafurni.vn\/#website"},"datePublished":"2023-12-06T03:33:06+00:00","dateModified":"2026-01-06T10:29:31+00:00","description":"Gh\u1ebf gaming c\u00f4ng th\u00e1i hoc ng\u1ea3 l\u01b0ng th\u01b0 gi\u00e3n c\u00f3 g\u1ed1i rung massage m\u00e0u s\u1eafc \u0111a d\u1ea1ng v\u00e0 \u0111\u1eb9p m\u1eaft ph\u00f9 h\u1ee3p kh\u00f4ng gian l\u00e0m vi\u1ec7c v\u00e0 b\u00e0n gaming v\u1edbi ch\u1ea5t li\u1ec7u l\u01b0\u1edbi tho\u00e1ng m\u00e1t \u0111\u1ebfn t\u1eeb AMA FURNITURE","breadcrumb":{"@id":"https:\/\/amafurni.vn\/san-pham\/ghe-gaming-nga-lung-the-he-moi-ama-yt209-black\/#breadcrumb"},"inLanguage":"en-US","potentialAction":[{"@type":"ReadAction","target":["https:\/\/amafurni.vn\/san-pham\/ghe-gaming-nga-lung-the-he-moi-ama-yt209-black\/"]}]},{"@type":"BreadcrumbList","@id":"https:\/\/amafurni.vn\/san-pham\/ghe-gaming-nga-lung-the-he-moi-ama-yt209-black\/#breadcrumb","itemListElement":[{"@type":"ListItem","position":1,"name":"Trang ch\u1ee7","item":"https:\/\/amafurni.vn\/"},{"@type":"ListItem","position":2,"name":"S\u1ea3n ph\u1ea9m","item":"https:\/\/amafurni.vn\/san-pham\/"},{"@type":"ListItem","position":3,"name":"Gh\u1ebf Gaming AMA-YT209"}]},{"@type":"WebSite","@id":"https:\/\/amafurni.vn\/#website","url":"https:\/\/amafurni.vn\/","name":"AMAFURNI","description":"","potentialAction":[{"@type":"SearchAction","target":{"@type":"EntryPoint","urlTemplate":"https:\/\/amafurni.vn\/?s={search_term_string}"},"query-input":"required name=search_term_string"}],"inLanguage":"en-US"}]}},"_links":{"self":[{"href":"https:\/\/amafurni.vn\/en\/wp-json\/wp\/v2\/product\/1760"}],"collection":[{"href":"https:\/\/amafurni.vn\/en\/wp-json\/wp\/v2\/product"}],"about":[{"href":"https:\/\/amafurni.vn\/en\/wp-json\/wp\/v2\/types\/product"}],"replies":[{"embeddable":true,"href":"https:\/\/amafurni.vn\/en\/wp-json\/wp\/v2\/comments?post=1760"}],"wp:featuredmedia":[{"embeddable":true,"href":"https:\/\/amafurni.vn\/en\/wp-json\/wp\/v2\/media\/1761"}],"wp:attachment":[{"href":"https:\/\/amafurni.vn\/en\/wp-json\/wp\/v2\/media?parent=1760"}],"wp:term":[{"taxonomy":"product_cat","embeddable":true,"href":"https:\/\/amafurni.vn\/en\/wp-json\/wp\/v2\/product_cat?post=1760"},{"taxonomy":"product_tag","embeddable":true,"href":"https:\/\/amafurni.vn\/en\/wp-json\/wp\/v2\/product_tag?post=1760"}],"curies":[{"name":"wp","href":"https:\/\/api.w.org\/{rel}","templated":true}]}}