{"id":1768,"date":"2023-12-06T10:33:27","date_gmt":"2023-12-06T03:33:27","guid":{"rendered":"https:\/\/amafurni.123websitedev.com\/san-pham\/ghe-gaming-nga-lung-thu-gian-co-chan-gac-nam-va-goi-rung-massage-ama-chaho-001-pink\/"},"modified":"2025-11-12T14:10:06","modified_gmt":"2025-11-12T07:10:06","slug":"ghe-gaming-nga-lung-thu-gian-co-chan-gac-nam-va-goi-rung-massage-ama-chaho-001-pink","status":"publish","type":"product","link":"https:\/\/amafurni.vn\/en\/product\/ghe-gaming-nga-lung-thu-gian-co-chan-gac-nam-va-goi-rung-massage-ama-chaho-001-pink\/","title":{"rendered":"Gh\u1ebf Gaming AMA-CHAHO-001-PINK"},"content":{"rendered":"<p>&nbsp;<\/p>\n<table class=\"woocommerce-product-attributes shop_attributes\" style=\"width: 100.402%; height: 114px;\" width=\"929\">\n<tbody>\n<tr class=\"woocommerce-product-attributes-item woocommerce-product-attributes-item--attribute_season\" style=\"height: 23px;\">\n<th class=\"woocommerce-product-attributes-item__label\" style=\"width: 11.1828%; height: 23px;\">Ch\u1ea5t li\u1ec7u<\/th>\n<td class=\"woocommerce-product-attributes-item__value\" style=\"width: 117.674%; height: 23px;\">Da PU ch\u1ed1ng ch\u00e1y cao c\u1ea5p, N\u1ec7m cao su non ch\u1ed1ng ch\u00e1y ti\u00eau chu\u1ea9n M\u1ef9, Ch\u00e2n nh\u1ef1a \u0110\u00fac \u0111\u1eb7c, B\u00e1nh xe ch\u1ed1ng \u1ed3n.<\/td>\n<\/tr>\n<tr class=\"woocommerce-product-attributes-item woocommerce-product-attributes-item--attribute_pa_color\" style=\"height: 23px;\">\n<th class=\"woocommerce-product-attributes-item__label\" style=\"width: 11.1828%; height: 23px;\">Color<\/th>\n<td class=\"woocommerce-product-attributes-item__value\" style=\"width: 117.674%; height: 23px;\">H\u1ed2NG, XANH D\u01af\u01a0NG, XANH L\u00c1, \u0110EN, TR\u1eaeNG<\/td>\n<\/tr>\n<tr class=\"woocommerce-product-attributes-item woocommerce-product-attributes-item--attribute_style\" style=\"height: 23px;\">\n<th class=\"woocommerce-product-attributes-item__label\" style=\"width: 11.1828%; height: 22px;\">K\u00edch th\u01b0\u1edbc<\/th>\n<td class=\"woocommerce-product-attributes-item__value\" style=\"width: 117.674%; height: 22px;\">\u0110ang c\u1eadp nh\u1eadt<\/td>\n<\/tr>\n<tr class=\"woocommerce-product-attributes-item woocommerce-product-attributes-item--attribute_pa_material\" style=\"height: 23px;\">\n<th class=\"woocommerce-product-attributes-item__label\" style=\"width: 11.1828%; height: 23px;\">T\u00ednh n\u0103ng<\/th>\n<td class=\"woocommerce-product-attributes-item__value\" style=\"width: 117.674%; height: 23px;\">Ng\u1ea3 l\u01b0ng 160 \u0111\u1ed9, T\u0103ng\/Gi\u1ea3m chi\u1ec1u cao, Xoay 360 \u0111\u1ed9.<\/td>\n<\/tr>\n<tr class=\"woocommerce-product-attributes-item woocommerce-product-attributes-item--attribute_item-code\" style=\"height: 23px;\">\n<th class=\"woocommerce-product-attributes-item__label\" style=\"width: 11.1828%; height: 23px;\">B\u1ea3o h\u00e0nh<\/th>\n<td class=\"woocommerce-product-attributes-item__value\" style=\"width: 117.674%; height: 23px;\">\u00a006 th\u00e1ng<\/td>\n<\/tr>\n<\/tbody>\n<\/table>\n<p><span style=\"color: #ff0000;\"><strong>XEM TH\u00caM CLIP TH\u1ef0C T\u1ebe :<\/strong><\/span><\/p>\n<p><iframe title=\"Gh\u1ebf gaming c\u00f3 ng\u00e3 l\u01b0ng th\u01b0 gi\u00e3n AMA-CHAHO-001 | amafurni.vn #youtubeshorts\" width=\"500\" height=\"281\" src=\"https:\/\/www.youtube.com\/embed\/g-k40EXXABM?feature=oembed\" frameborder=\"0\" allow=\"accelerometer; autoplay; clipboard-write; encrypted-media; gyroscope; picture-in-picture; web-share\" referrerpolicy=\"strict-origin-when-cross-origin\" allowfullscreen><\/iframe><\/p>","protected":false},"excerpt":{"rendered":"<p>T\u1ef1a \u0110\u1ea7u:\u00a0C\u1ed1 \u0111\u1ecbnh<br \/>\nT\u1ef1a l\u01b0ng gh\u1ebf: L\u01b0ng gh\u1ebf b\u1ecdc da Simili<br \/>\nN\u1ec7m: \u0111\u01b0\u1ee3c b\u1ecdc b\u1eb1ng vynil<br \/>\nTay gh\u1ebf: Tay \u0111i\u1ec1u ch\u1ec9nh 2 chi\u1ec1u<br \/>\nB\u1ed9 \u0111i\u1ec1u khi\u1ec3n: B\u1ed9 \u0111i\u1ec1u khi\u1ec3n c\u00f3 c\u00e1c t\u00ednh n\u0103ng: n\u00e2ng h\u1ea1 chi\u1ec1u cao, \u0111i\u1ec1u ch\u1ec9nh tr\u1ecdng l\u01b0\u1ee3ng theo ng\u01b0\u1eddi s\u1eed d\u1ee5ng, ch\u1ed1t kh\u00f3a an to\u00e0n<br \/>\nPhu\u1ed9c: M\u00e0u \u0111en, ti\u00eau chu\u1ea9n BIFMA D100 ch\u1ecbu t\u1ea3i tr\u1ecdng t\u1ed1t<br \/>\nCh\u00e2n gh\u1ebf: Ch\u00e2n nh\u1ef1a \u0111\u00fac ch\u1ecbu l\u1ef1c cao v\u1edbi \u0111\u01b0\u1eddng k\u00ednh v\u00f2ng ch\u00e2n 700mm r\u1ea5t v\u1eefng ch\u1eafc khi ng\u1ea3 l\u01b0ng<br \/>\nB\u00e1nh xe: B\u00e1nh xe s\u1eed d\u1ee5ng b\u1ec1 m\u1eb7t s\u00e0n c\u1ee9ng phi 50mm<\/p>","protected":false},"featured_media":6377,"comment_status":"open","ping_status":"closed","template":"","meta":[],"product_cat":[60,80],"product_tag":[647],"yoast_head":"<!-- This site is optimized with the Yoast SEO Premium plugin v21.7 (Yoast SEO v21.7) - https:\/\/yoast.com\/wordpress\/plugins\/seo\/ -->\n<title>Gh\u1ebf Gaming AMA-CHAHO-001-PINK - AMAFURNI<\/title>\n<meta name=\"robots\" content=\"index, follow, max-snippet:-1, max-image-preview:large, max-video-preview:-1\" \/>\n<link rel=\"canonical\" href=\"https:\/\/amafurni.vn\/en\/product\/ghe-gaming-nga-lung-thu-gian-co-chan-gac-nam-va-goi-rung-massage-ama-chaho-001-pink\/\" \/>\n<meta property=\"og:locale\" content=\"en_US\" \/>\n<meta property=\"og:type\" content=\"article\" \/>\n<meta property=\"og:title\" content=\"Gh\u1ebf Gaming AMA-CHAHO-001-PINK\" \/>\n<meta property=\"og:description\" content=\"T\u1ef1a \u0110\u1ea7u:\u00a0C\u1ed1 \u0111\u1ecbnh T\u1ef1a l\u01b0ng gh\u1ebf: L\u01b0ng gh\u1ebf b\u1ecdc da Simili N\u1ec7m: \u0111\u01b0\u1ee3c b\u1ecdc b\u1eb1ng vynil Tay gh\u1ebf: Tay \u0111i\u1ec1u ch\u1ec9nh 2 chi\u1ec1u B\u1ed9 \u0111i\u1ec1u khi\u1ec3n: B\u1ed9 \u0111i\u1ec1u khi\u1ec3n c\u00f3 c\u00e1c t\u00ednh n\u0103ng: n\u00e2ng h\u1ea1 chi\u1ec1u cao, \u0111i\u1ec1u ch\u1ec9nh tr\u1ecdng l\u01b0\u1ee3ng theo ng\u01b0\u1eddi s\u1eed d\u1ee5ng, ch\u1ed1t kh\u00f3a an to\u00e0n Phu\u1ed9c: M\u00e0u \u0111en, ti\u00eau chu\u1ea9n BIFMA D100 ch\u1ecbu t\u1ea3i tr\u1ecdng t\u1ed1t Ch\u00e2n gh\u1ebf: Ch\u00e2n nh\u1ef1a \u0111\u00fac ch\u1ecbu l\u1ef1c cao v\u1edbi \u0111\u01b0\u1eddng k\u00ednh v\u00f2ng ch\u00e2n 700mm r\u1ea5t v\u1eefng ch\u1eafc khi ng\u1ea3 l\u01b0ng B\u00e1nh xe: B\u00e1nh xe s\u1eed d\u1ee5ng b\u1ec1 m\u1eb7t s\u00e0n c\u1ee9ng phi 50mm\" \/>\n<meta property=\"og:url\" content=\"https:\/\/amafurni.vn\/en\/product\/ghe-gaming-nga-lung-thu-gian-co-chan-gac-nam-va-goi-rung-massage-ama-chaho-001-pink\/\" \/>\n<meta property=\"og:site_name\" content=\"AMAFURNI\" \/>\n<meta property=\"article:modified_time\" content=\"2025-11-12T07:10:06+00:00\" \/>\n<meta property=\"og:image\" content=\"https:\/\/amafurni.vn\/wp-content\/uploads\/2023\/12\/z5011197791116_6dbb969a96e99803607bf41116fae54e.jpg\" \/>\n\t<meta property=\"og:image:width\" content=\"800\" \/>\n\t<meta property=\"og:image:height\" content=\"800\" \/>\n\t<meta property=\"og:image:type\" content=\"image\/jpeg\" \/>\n<meta name=\"twitter:card\" content=\"summary_large_image\" \/>\n<meta name=\"twitter:label1\" content=\"Est. reading time\" \/>\n\t<meta name=\"twitter:data1\" content=\"1 minute\" \/>\n<script type=\"application\/ld+json\" class=\"yoast-schema-graph\">{\"@context\":\"https:\/\/schema.org\",\"@graph\":[{\"@type\":\"WebPage\",\"@id\":\"https:\/\/amafurni.vn\/san-pham\/ghe-gaming-nga-lung-thu-gian-co-chan-gac-nam-va-goi-rung-massage-ama-chaho-001-pink\/\",\"url\":\"https:\/\/amafurni.vn\/san-pham\/ghe-gaming-nga-lung-thu-gian-co-chan-gac-nam-va-goi-rung-massage-ama-chaho-001-pink\/\",\"name\":\"Gh\u1ebf Gaming AMA-CHAHO-001-PINK - AMAFURNI\",\"isPartOf\":{\"@id\":\"https:\/\/amafurni.vn\/#website\"},\"datePublished\":\"2023-12-06T03:33:27+00:00\",\"dateModified\":\"2025-11-12T07:10:06+00:00\",\"breadcrumb\":{\"@id\":\"https:\/\/amafurni.vn\/san-pham\/ghe-gaming-nga-lung-thu-gian-co-chan-gac-nam-va-goi-rung-massage-ama-chaho-001-pink\/#breadcrumb\"},\"inLanguage\":\"en-US\",\"potentialAction\":[{\"@type\":\"ReadAction\",\"target\":[\"https:\/\/amafurni.vn\/san-pham\/ghe-gaming-nga-lung-thu-gian-co-chan-gac-nam-va-goi-rung-massage-ama-chaho-001-pink\/\"]}]},{\"@type\":\"BreadcrumbList\",\"@id\":\"https:\/\/amafurni.vn\/san-pham\/ghe-gaming-nga-lung-thu-gian-co-chan-gac-nam-va-goi-rung-massage-ama-chaho-001-pink\/#breadcrumb\",\"itemListElement\":[{\"@type\":\"ListItem\",\"position\":1,\"name\":\"Trang ch\u1ee7\",\"item\":\"https:\/\/amafurni.vn\/\"},{\"@type\":\"ListItem\",\"position\":2,\"name\":\"S\u1ea3n ph\u1ea9m\",\"item\":\"https:\/\/amafurni.vn\/san-pham\/\"},{\"@type\":\"ListItem\",\"position\":3,\"name\":\"Gh\u1ebf Gaming AMA-CHAHO-001-PINK\"}]},{\"@type\":\"WebSite\",\"@id\":\"https:\/\/amafurni.vn\/#website\",\"url\":\"https:\/\/amafurni.vn\/\",\"name\":\"AMAFURNI\",\"description\":\"\",\"potentialAction\":[{\"@type\":\"SearchAction\",\"target\":{\"@type\":\"EntryPoint\",\"urlTemplate\":\"https:\/\/amafurni.vn\/?s={search_term_string}\"},\"query-input\":\"required name=search_term_string\"}],\"inLanguage\":\"en-US\"}]}<\/script>\n<!-- \/ Yoast SEO Premium plugin. -->","yoast_head_json":{"title":"Gh\u1ebf Gaming AMA-CHAHO-001-PINK - AMAFURNI","robots":{"index":"index","follow":"follow","max-snippet":"max-snippet:-1","max-image-preview":"max-image-preview:large","max-video-preview":"max-video-preview:-1"},"canonical":"https:\/\/amafurni.vn\/en\/product\/ghe-gaming-nga-lung-thu-gian-co-chan-gac-nam-va-goi-rung-massage-ama-chaho-001-pink\/","og_locale":"en_US","og_type":"article","og_title":"Gh\u1ebf Gaming AMA-CHAHO-001-PINK","og_description":"T\u1ef1a \u0110\u1ea7u:\u00a0C\u1ed1 \u0111\u1ecbnh T\u1ef1a l\u01b0ng gh\u1ebf: L\u01b0ng gh\u1ebf b\u1ecdc da Simili N\u1ec7m: \u0111\u01b0\u1ee3c b\u1ecdc b\u1eb1ng vynil Tay gh\u1ebf: Tay \u0111i\u1ec1u ch\u1ec9nh 2 chi\u1ec1u B\u1ed9 \u0111i\u1ec1u khi\u1ec3n: B\u1ed9 \u0111i\u1ec1u khi\u1ec3n c\u00f3 c\u00e1c t\u00ednh n\u0103ng: n\u00e2ng h\u1ea1 chi\u1ec1u cao, \u0111i\u1ec1u ch\u1ec9nh tr\u1ecdng l\u01b0\u1ee3ng theo ng\u01b0\u1eddi s\u1eed d\u1ee5ng, ch\u1ed1t kh\u00f3a an to\u00e0n Phu\u1ed9c: M\u00e0u \u0111en, ti\u00eau chu\u1ea9n BIFMA D100 ch\u1ecbu t\u1ea3i tr\u1ecdng t\u1ed1t Ch\u00e2n gh\u1ebf: Ch\u00e2n nh\u1ef1a \u0111\u00fac ch\u1ecbu l\u1ef1c cao v\u1edbi \u0111\u01b0\u1eddng k\u00ednh v\u00f2ng ch\u00e2n 700mm r\u1ea5t v\u1eefng ch\u1eafc khi ng\u1ea3 l\u01b0ng B\u00e1nh xe: B\u00e1nh xe s\u1eed d\u1ee5ng b\u1ec1 m\u1eb7t s\u00e0n c\u1ee9ng phi 50mm","og_url":"https:\/\/amafurni.vn\/en\/product\/ghe-gaming-nga-lung-thu-gian-co-chan-gac-nam-va-goi-rung-massage-ama-chaho-001-pink\/","og_site_name":"AMAFURNI","article_modified_time":"2025-11-12T07:10:06+00:00","og_image":[{"width":800,"height":800,"url":"https:\/\/amafurni.vn\/wp-content\/uploads\/2023\/12\/z5011197791116_6dbb969a96e99803607bf41116fae54e.jpg","type":"image\/jpeg"}],"twitter_card":"summary_large_image","twitter_misc":{"Est. reading time":"1 minute"},"schema":{"@context":"https:\/\/schema.org","@graph":[{"@type":"WebPage","@id":"https:\/\/amafurni.vn\/san-pham\/ghe-gaming-nga-lung-thu-gian-co-chan-gac-nam-va-goi-rung-massage-ama-chaho-001-pink\/","url":"https:\/\/amafurni.vn\/san-pham\/ghe-gaming-nga-lung-thu-gian-co-chan-gac-nam-va-goi-rung-massage-ama-chaho-001-pink\/","name":"Gh\u1ebf Gaming AMA-CHAHO-001-PINK - AMAFURNI","isPartOf":{"@id":"https:\/\/amafurni.vn\/#website"},"datePublished":"2023-12-06T03:33:27+00:00","dateModified":"2025-11-12T07:10:06+00:00","breadcrumb":{"@id":"https:\/\/amafurni.vn\/san-pham\/ghe-gaming-nga-lung-thu-gian-co-chan-gac-nam-va-goi-rung-massage-ama-chaho-001-pink\/#breadcrumb"},"inLanguage":"en-US","potentialAction":[{"@type":"ReadAction","target":["https:\/\/amafurni.vn\/san-pham\/ghe-gaming-nga-lung-thu-gian-co-chan-gac-nam-va-goi-rung-massage-ama-chaho-001-pink\/"]}]},{"@type":"BreadcrumbList","@id":"https:\/\/amafurni.vn\/san-pham\/ghe-gaming-nga-lung-thu-gian-co-chan-gac-nam-va-goi-rung-massage-ama-chaho-001-pink\/#breadcrumb","itemListElement":[{"@type":"ListItem","position":1,"name":"Trang ch\u1ee7","item":"https:\/\/amafurni.vn\/"},{"@type":"ListItem","position":2,"name":"S\u1ea3n ph\u1ea9m","item":"https:\/\/amafurni.vn\/san-pham\/"},{"@type":"ListItem","position":3,"name":"Gh\u1ebf Gaming AMA-CHAHO-001-PINK"}]},{"@type":"WebSite","@id":"https:\/\/amafurni.vn\/#website","url":"https:\/\/amafurni.vn\/","name":"AMAFURNI","description":"","potentialAction":[{"@type":"SearchAction","target":{"@type":"EntryPoint","urlTemplate":"https:\/\/amafurni.vn\/?s={search_term_string}"},"query-input":"required name=search_term_string"}],"inLanguage":"en-US"}]}},"_links":{"self":[{"href":"https:\/\/amafurni.vn\/en\/wp-json\/wp\/v2\/product\/1768"}],"collection":[{"href":"https:\/\/amafurni.vn\/en\/wp-json\/wp\/v2\/product"}],"about":[{"href":"https:\/\/amafurni.vn\/en\/wp-json\/wp\/v2\/types\/product"}],"replies":[{"embeddable":true,"href":"https:\/\/amafurni.vn\/en\/wp-json\/wp\/v2\/comments?post=1768"}],"wp:featuredmedia":[{"embeddable":true,"href":"https:\/\/amafurni.vn\/en\/wp-json\/wp\/v2\/media\/6377"}],"wp:attachment":[{"href":"https:\/\/amafurni.vn\/en\/wp-json\/wp\/v2\/media?parent=1768"}],"wp:term":[{"taxonomy":"product_cat","embeddable":true,"href":"https:\/\/amafurni.vn\/en\/wp-json\/wp\/v2\/product_cat?post=1768"},{"taxonomy":"product_tag","embeddable":true,"href":"https:\/\/amafurni.vn\/en\/wp-json\/wp\/v2\/product_tag?post=1768"}],"curies":[{"name":"wp","href":"https:\/\/api.w.org\/{rel}","templated":true}]}}