{"id":17708,"date":"2024-09-10T11:26:48","date_gmt":"2024-09-10T04:26:48","guid":{"rendered":"https:\/\/amafurni.vn\/?post_type=product&#038;p=17708"},"modified":"2026-01-03T13:12:31","modified_gmt":"2026-01-03T06:12:31","slug":"ghe-giam-doc-chinh-dien-ama-2321-l","status":"publish","type":"product","link":"https:\/\/amafurni.vn\/en\/product\/ghe-giam-doc-chinh-dien-ama-2321-l\/","title":{"rendered":"Gh\u1ebf l\u00e0m vi\u1ec7c ng\u1ea3 l\u01b0ng t\u1ef1 \u0111\u1ed9ng AMA-2321-L (N\u00fat B\u1ea5m)"},"content":{"rendered":"<table class=\"woocommerce-product-attributes shop_attributes\" style=\"width: 111.146394%; height: 264px;\" width=\"929\">\n<tbody>\n<tr class=\"woocommerce-product-attributes-item woocommerce-product-attributes-item--attribute_season\" style=\"height: 48px;\">\n<th class=\"woocommerce-product-attributes-item__label\" style=\"width: 10.651499%; height: 48px;\">Material<\/th>\n<td class=\"woocommerce-product-attributes-item__value\" style=\"width: 88.5212%; height: 48px;\">Da thu\u1ed9c 50% m\u1eb7t ti\u1ebfp x\u00fac , Ch\u00e2n th\u00e9p m\u1ea1 crome<\/td>\n<\/tr>\n<tr class=\"woocommerce-product-attributes-item woocommerce-product-attributes-item--attribute_pa_color\" style=\"height: 48px;\">\n<th class=\"woocommerce-product-attributes-item__label\" style=\"width: 10.651499%; height: 48px;\">M\u00e0u S\u1eafc<\/th>\n<td class=\"woocommerce-product-attributes-item__value\" style=\"width: 88.5212%; height: 48px;\">KEM, \u0110EN<\/td>\n<\/tr>\n<tr class=\"woocommerce-product-attributes-item woocommerce-product-attributes-item--attribute_style\" style=\"height: 48px;\">\n<th class=\"woocommerce-product-attributes-item__label\" style=\"width: 10.651499%; height: 48px;\">Size<\/th>\n<td class=\"woocommerce-product-attributes-item__value\" style=\"width: 88.5212%; height: 48px;\">800*800*(1250-1350)mm<\/td>\n<\/tr>\n<tr class=\"woocommerce-product-attributes-item woocommerce-product-attributes-item--attribute_pa_material\" style=\"height: 72px;\">\n<th class=\"woocommerce-product-attributes-item__label\" style=\"width: 10.651499%; height: 72px;\">T\u00ednh N\u0103ng<\/th>\n<td class=\"woocommerce-product-attributes-item__value\" style=\"width: 88.5212%; height: 72px;\">Xoay 360 \u0111\u1ed9. T\u0103ng gi\u1ea3m chi\u1ec1u cao, G\u1eadt g\u00f9 b\u1eadp b\u00eanh, Ng\u1ea3 l\u01b0ng k\u00e8m ch\u00e2n g\u00e1c n\u1eb1m.<\/p>\n<p>C\u00f3 pin s\u1ea1c \u0111i\u1ec7n, V\u1edbi n\u00fat b\u1ea5m th\u00ec gh\u1ebf T\u1ef1 \u0111\u1ed9ng Ng\u1ea3 th\u1eb3ng l\u01b0ng<\/td>\n<\/tr>\n<tr class=\"woocommerce-product-attributes-item woocommerce-product-attributes-item--attribute_item-code\" style=\"height: 48px;\">\n<th class=\"woocommerce-product-attributes-item__label\" style=\"width: 10.651499%; height: 48px;\">B\u1ea3o H\u00e0nh<\/th>\n<td class=\"woocommerce-product-attributes-item__value\" style=\"width: 88.5212%; height: 48px;\">12 th\u00e1ng t\u1ea5t c\u1ea3 l\u1ed7i k\u1ef9 thu\u1eadt<\/td>\n<\/tr>\n<\/tbody>\n<\/table>","protected":false},"excerpt":{"rendered":"<p><strong>Gh\u1ebf Gi\u00e1m \u0110\u1ed1c Ch\u1ec9nh \u0110i\u1ec7n l\u00e0 1 m\u1eabu gh\u1ebf nh\u1eadp kh\u1ea9u tr\u1ef1c ti\u1ebfp c\u1ee7a N\u1ed8I TH\u1ea4T AMA FURNITURE , v\u1edbi thi\u1ebft k\u1ebf tinh t\u1ebf , t\u1ed1i gian t\u1ea1o n\u00ean v\u1ebb \u0111\u1eb9p sang tr\u1ecdng cho kh\u00f4ng gian L\u00e0m vi\u1ec7c, V\u0103n ph\u00f2ng, C\u00f4ng ty v.v.<\/strong><\/p>\n<p>M\u00e3 SP : AMA-2321-L<br \/>\n<strong>Ch\u1ea5t li\u1ec7u :<\/strong> DA SINH TH\u00c1I \u0111\u01b0\u1ee3c l\u00e0m t\u1eeb ch\u1ea5t li\u1ec7u da nh\u00e2n t\u1ea1o, s\u1ea3n xu\u1ea5t s\u1eed d\u1ee5ng 100% cotton, \u0111\u01b0\u1ee3c ph\u1ee7 m\u1ed9t l\u1edbp polyurethane (PU) m\u00e0 kh\u00f4ng c\u00f3 b\u1ea5t k\u1ef3 t\u1ea1p ch\u1ea5t c\u00f3 h\u1ea1i ,Trong \u0111\u00f3, l\u1edbp ph\u1ee7 n\u00e0y \u0111\u01b0\u1ee3c t\u1ea1o ra b\u1eb1ng c\u00f4ng ngh\u1ec7 hi\u1ec7n \u0111\u1ea1i, m\u00f4 ph\u1ecfng v\u00e2n da t\u1ef1 nhi\u00ean v\u00e0 c\u00f3 \u0111\u1ed9 \u0111\u00e0n h\u1ed3i, m\u1ec1m m\u1ea1i t\u01b0\u01a1ng t\u1ef1 da th\u1eadt<br \/>\nCh\u00e2n s\u1eaft th\u00e9p m\u1ea1 si.<br \/>\n<strong>M\u00e0u s\u1eafc :<\/strong> X\u00c1M\/ \u0110EN<\/p>","protected":false},"featured_media":23055,"comment_status":"closed","ping_status":"closed","template":"","meta":[],"product_cat":[59,69,68,653,108],"product_tag":[189],"yoast_head":"<!-- This site is optimized with the Yoast SEO Premium plugin v21.7 (Yoast SEO v21.7) - https:\/\/yoast.com\/wordpress\/plugins\/seo\/ -->\n<title>Gh\u1ebf l\u00e0m vi\u1ec7c ng\u1ea3 l\u01b0ng t\u1ef1 \u0111\u1ed9ng AMA-2321-L (N\u00fat B\u1ea5m) - AMAFURNI<\/title>\n<meta name=\"description\" content=\"Gh\u1ebf gi\u00e1m \u0111\u1ed1c ch\u1ec9nh \u0111i\u1ec7n hi\u1ec7n \u0111\u1ea1i, sang tr\u1ecdng cho v\u0103n ph\u00f2ng...khi ng\u1ed3i l\u00ean mang l\u1ea1i c\u1ea3m gi\u00e1c tho\u1ea3i m\u00e1i Hotline AMA Furniture: 0969919449 - 0906963408\" \/>\n<meta name=\"robots\" content=\"index, follow, max-snippet:-1, max-image-preview:large, max-video-preview:-1\" \/>\n<link rel=\"canonical\" href=\"https:\/\/amafurni.vn\/en\/product\/ghe-giam-doc-chinh-dien-ama-2321-l\/\" \/>\n<meta property=\"og:locale\" content=\"en_US\" \/>\n<meta property=\"og:type\" content=\"article\" \/>\n<meta property=\"og:title\" content=\"Gh\u1ebf l\u00e0m vi\u1ec7c ng\u1ea3 l\u01b0ng t\u1ef1 \u0111\u1ed9ng AMA-2321-L (N\u00fat B\u1ea5m)\" \/>\n<meta property=\"og:description\" content=\"Gh\u1ebf gi\u00e1m \u0111\u1ed1c ch\u1ec9nh \u0111i\u1ec7n hi\u1ec7n \u0111\u1ea1i, sang tr\u1ecdng cho v\u0103n ph\u00f2ng...khi ng\u1ed3i l\u00ean mang l\u1ea1i c\u1ea3m gi\u00e1c tho\u1ea3i m\u00e1i Hotline AMA Furniture: 0969919449 - 0906963408\" \/>\n<meta property=\"og:url\" content=\"https:\/\/amafurni.vn\/en\/product\/ghe-giam-doc-chinh-dien-ama-2321-l\/\" \/>\n<meta property=\"og:site_name\" content=\"AMAFURNI\" \/>\n<meta property=\"article:modified_time\" content=\"2026-01-03T06:12:31+00:00\" \/>\n<meta property=\"og:image\" content=\"https:\/\/amafurni.vn\/wp-content\/uploads\/2024\/09\/AMA-2321-L.jpg\" \/>\n\t<meta property=\"og:image:width\" content=\"600\" \/>\n\t<meta property=\"og:image:height\" content=\"600\" \/>\n\t<meta property=\"og:image:type\" content=\"image\/jpeg\" \/>\n<meta name=\"twitter:card\" content=\"summary_large_image\" \/>\n<meta name=\"twitter:label1\" content=\"Est. reading time\" \/>\n\t<meta name=\"twitter:data1\" content=\"1 minute\" \/>\n<script type=\"application\/ld+json\" class=\"yoast-schema-graph\">{\"@context\":\"https:\/\/schema.org\",\"@graph\":[{\"@type\":\"WebPage\",\"@id\":\"https:\/\/amafurni.vn\/san-pham\/ghe-giam-doc-chinh-dien-ama-2321-l\/\",\"url\":\"https:\/\/amafurni.vn\/san-pham\/ghe-giam-doc-chinh-dien-ama-2321-l\/\",\"name\":\"Gh\u1ebf l\u00e0m vi\u1ec7c ng\u1ea3 l\u01b0ng t\u1ef1 \u0111\u1ed9ng AMA-2321-L (N\u00fat B\u1ea5m) - AMAFURNI\",\"isPartOf\":{\"@id\":\"https:\/\/amafurni.vn\/#website\"},\"datePublished\":\"2024-09-10T04:26:48+00:00\",\"dateModified\":\"2026-01-03T06:12:31+00:00\",\"description\":\"Gh\u1ebf gi\u00e1m \u0111\u1ed1c ch\u1ec9nh \u0111i\u1ec7n hi\u1ec7n \u0111\u1ea1i, sang tr\u1ecdng cho v\u0103n ph\u00f2ng...khi ng\u1ed3i l\u00ean mang l\u1ea1i c\u1ea3m gi\u00e1c tho\u1ea3i m\u00e1i Hotline AMA Furniture: 0969919449 - 0906963408\",\"breadcrumb\":{\"@id\":\"https:\/\/amafurni.vn\/san-pham\/ghe-giam-doc-chinh-dien-ama-2321-l\/#breadcrumb\"},\"inLanguage\":\"en-US\",\"potentialAction\":[{\"@type\":\"ReadAction\",\"target\":[\"https:\/\/amafurni.vn\/san-pham\/ghe-giam-doc-chinh-dien-ama-2321-l\/\"]}]},{\"@type\":\"BreadcrumbList\",\"@id\":\"https:\/\/amafurni.vn\/san-pham\/ghe-giam-doc-chinh-dien-ama-2321-l\/#breadcrumb\",\"itemListElement\":[{\"@type\":\"ListItem\",\"position\":1,\"name\":\"Trang ch\u1ee7\",\"item\":\"https:\/\/amafurni.vn\/\"},{\"@type\":\"ListItem\",\"position\":2,\"name\":\"S\u1ea3n ph\u1ea9m\",\"item\":\"https:\/\/amafurni.vn\/san-pham\/\"},{\"@type\":\"ListItem\",\"position\":3,\"name\":\"Gh\u1ebf l\u00e0m vi\u1ec7c ng\u1ea3 l\u01b0ng t\u1ef1 \u0111\u1ed9ng AMA-2321-L (N\u00fat B\u1ea5m)\"}]},{\"@type\":\"WebSite\",\"@id\":\"https:\/\/amafurni.vn\/#website\",\"url\":\"https:\/\/amafurni.vn\/\",\"name\":\"AMAFURNI\",\"description\":\"\",\"potentialAction\":[{\"@type\":\"SearchAction\",\"target\":{\"@type\":\"EntryPoint\",\"urlTemplate\":\"https:\/\/amafurni.vn\/?s={search_term_string}\"},\"query-input\":\"required name=search_term_string\"}],\"inLanguage\":\"en-US\"}]}<\/script>\n<!-- \/ Yoast SEO Premium plugin. -->","yoast_head_json":{"title":"Gh\u1ebf l\u00e0m vi\u1ec7c ng\u1ea3 l\u01b0ng t\u1ef1 \u0111\u1ed9ng AMA-2321-L (N\u00fat B\u1ea5m) - AMAFURNI","description":"Gh\u1ebf gi\u00e1m \u0111\u1ed1c ch\u1ec9nh \u0111i\u1ec7n hi\u1ec7n \u0111\u1ea1i, sang tr\u1ecdng cho v\u0103n ph\u00f2ng...khi ng\u1ed3i l\u00ean mang l\u1ea1i c\u1ea3m gi\u00e1c tho\u1ea3i m\u00e1i Hotline AMA Furniture: 0969919449 - 0906963408","robots":{"index":"index","follow":"follow","max-snippet":"max-snippet:-1","max-image-preview":"max-image-preview:large","max-video-preview":"max-video-preview:-1"},"canonical":"https:\/\/amafurni.vn\/en\/product\/ghe-giam-doc-chinh-dien-ama-2321-l\/","og_locale":"en_US","og_type":"article","og_title":"Gh\u1ebf l\u00e0m vi\u1ec7c ng\u1ea3 l\u01b0ng t\u1ef1 \u0111\u1ed9ng AMA-2321-L (N\u00fat B\u1ea5m)","og_description":"Gh\u1ebf gi\u00e1m \u0111\u1ed1c ch\u1ec9nh \u0111i\u1ec7n hi\u1ec7n \u0111\u1ea1i, sang tr\u1ecdng cho v\u0103n ph\u00f2ng...khi ng\u1ed3i l\u00ean mang l\u1ea1i c\u1ea3m gi\u00e1c tho\u1ea3i m\u00e1i Hotline AMA Furniture: 0969919449 - 0906963408","og_url":"https:\/\/amafurni.vn\/en\/product\/ghe-giam-doc-chinh-dien-ama-2321-l\/","og_site_name":"AMAFURNI","article_modified_time":"2026-01-03T06:12:31+00:00","og_image":[{"width":600,"height":600,"url":"https:\/\/amafurni.vn\/wp-content\/uploads\/2024\/09\/AMA-2321-L.jpg","type":"image\/jpeg"}],"twitter_card":"summary_large_image","twitter_misc":{"Est. reading time":"1 minute"},"schema":{"@context":"https:\/\/schema.org","@graph":[{"@type":"WebPage","@id":"https:\/\/amafurni.vn\/san-pham\/ghe-giam-doc-chinh-dien-ama-2321-l\/","url":"https:\/\/amafurni.vn\/san-pham\/ghe-giam-doc-chinh-dien-ama-2321-l\/","name":"Gh\u1ebf l\u00e0m vi\u1ec7c ng\u1ea3 l\u01b0ng t\u1ef1 \u0111\u1ed9ng AMA-2321-L (N\u00fat B\u1ea5m) - AMAFURNI","isPartOf":{"@id":"https:\/\/amafurni.vn\/#website"},"datePublished":"2024-09-10T04:26:48+00:00","dateModified":"2026-01-03T06:12:31+00:00","description":"Gh\u1ebf gi\u00e1m \u0111\u1ed1c ch\u1ec9nh \u0111i\u1ec7n hi\u1ec7n \u0111\u1ea1i, sang tr\u1ecdng cho v\u0103n ph\u00f2ng...khi ng\u1ed3i l\u00ean mang l\u1ea1i c\u1ea3m gi\u00e1c tho\u1ea3i m\u00e1i Hotline AMA Furniture: 0969919449 - 0906963408","breadcrumb":{"@id":"https:\/\/amafurni.vn\/san-pham\/ghe-giam-doc-chinh-dien-ama-2321-l\/#breadcrumb"},"inLanguage":"en-US","potentialAction":[{"@type":"ReadAction","target":["https:\/\/amafurni.vn\/san-pham\/ghe-giam-doc-chinh-dien-ama-2321-l\/"]}]},{"@type":"BreadcrumbList","@id":"https:\/\/amafurni.vn\/san-pham\/ghe-giam-doc-chinh-dien-ama-2321-l\/#breadcrumb","itemListElement":[{"@type":"ListItem","position":1,"name":"Trang ch\u1ee7","item":"https:\/\/amafurni.vn\/"},{"@type":"ListItem","position":2,"name":"S\u1ea3n ph\u1ea9m","item":"https:\/\/amafurni.vn\/san-pham\/"},{"@type":"ListItem","position":3,"name":"Gh\u1ebf l\u00e0m vi\u1ec7c ng\u1ea3 l\u01b0ng t\u1ef1 \u0111\u1ed9ng AMA-2321-L (N\u00fat B\u1ea5m)"}]},{"@type":"WebSite","@id":"https:\/\/amafurni.vn\/#website","url":"https:\/\/amafurni.vn\/","name":"AMAFURNI","description":"","potentialAction":[{"@type":"SearchAction","target":{"@type":"EntryPoint","urlTemplate":"https:\/\/amafurni.vn\/?s={search_term_string}"},"query-input":"required name=search_term_string"}],"inLanguage":"en-US"}]}},"_links":{"self":[{"href":"https:\/\/amafurni.vn\/en\/wp-json\/wp\/v2\/product\/17708"}],"collection":[{"href":"https:\/\/amafurni.vn\/en\/wp-json\/wp\/v2\/product"}],"about":[{"href":"https:\/\/amafurni.vn\/en\/wp-json\/wp\/v2\/types\/product"}],"replies":[{"embeddable":true,"href":"https:\/\/amafurni.vn\/en\/wp-json\/wp\/v2\/comments?post=17708"}],"wp:featuredmedia":[{"embeddable":true,"href":"https:\/\/amafurni.vn\/en\/wp-json\/wp\/v2\/media\/23055"}],"wp:attachment":[{"href":"https:\/\/amafurni.vn\/en\/wp-json\/wp\/v2\/media?parent=17708"}],"wp:term":[{"taxonomy":"product_cat","embeddable":true,"href":"https:\/\/amafurni.vn\/en\/wp-json\/wp\/v2\/product_cat?post=17708"},{"taxonomy":"product_tag","embeddable":true,"href":"https:\/\/amafurni.vn\/en\/wp-json\/wp\/v2\/product_tag?post=17708"}],"curies":[{"name":"wp","href":"https:\/\/api.w.org\/{rel}","templated":true}]}}