{"id":1774,"date":"2023-12-06T10:33:42","date_gmt":"2023-12-06T03:33:42","guid":{"rendered":"https:\/\/amafurni.123websitedev.com\/san-pham\/ghe-gaming-sieu-chiu-tai-tay-mo-gap-ama-3857-u\/"},"modified":"2025-12-10T22:21:08","modified_gmt":"2025-12-10T15:21:08","slug":"ghe-gaming-sieu-chiu-tai-tay-mo-gap-ama-3857-u","status":"publish","type":"product","link":"https:\/\/amafurni.vn\/en\/product\/ghe-gaming-sieu-chiu-tai-tay-mo-gap-ama-3857-u\/","title":{"rendered":"Gh\u1ebf Gaming si\u00eau ch\u1ecbu t\u1ea3i AMA-3857-U"},"content":{"rendered":"<ul>\n<li>T\u1ef1a l\u01b0ng gh\u1ebf:\u00a0Da PVC ti\u00eau chu\u1ea9n ch\u1ed1ng ch\u00e1y<br \/>\nN\u1ec7m:\u00a0N\u1ec7m cao su non ti\u00eau chu\u1ea9n ch\u1ed1ng ch\u00e1y<br \/>\nTay gh\u1ebf: Tay \u0111i\u1ec1u ch\u1ec9nh M\u1ede\/G\u1eacP<br \/>\nB\u1ed9 \u0111i\u1ec1u khi\u1ec3n: B\u1ed9 \u0111i\u1ec1u khi\u1ec3n c\u00f3 c\u00e1c t\u00ednh n\u0103ng: n\u00e2ng h\u1ea1 chi\u1ec1u cao, \u0111i\u1ec1u ch\u1ec9nh tr\u1ecdng l\u01b0\u1ee3ng theo ng\u01b0\u1eddi s\u1eed d\u1ee5ng, ch\u1ed1t kh\u00f3a an to\u00e0n<br \/>\nPhu\u1ed9c: M\u00e0u \u0111en, ti\u00eau chu\u1ea9n BIFMA D100 ch\u1ecbu t\u1ea3i tr\u1ecdng t\u1ed1t<br \/>\nCh\u00e2n gh\u1ebf: Ch\u00e2n nh\u1ef1a \u0111\u00fac ch\u1ecbu l\u1ef1c cao v\u1edbi \u0111\u01b0\u1eddng k\u00ednh v\u00f2ng ch\u00e2n 700mm r\u1ea5t v\u1eefng.<br \/>\nB\u00e1nh xe: B\u00e1nh xe s\u1eed d\u1ee5ng b\u1ec1 m\u1eb7t s\u00e0n c\u1ee9ng phi 50mm<\/li>\n<\/ul>\n<p><span style=\"color: #ff0000;\"><strong>XEM TH\u00caM CLIP TH\u1ef0C T\u1ebe:<\/strong><\/span><\/p>\n<p><iframe title=\"Gh\u1ebf gaming  si\u00eau ch\u1ecbu t\u1ea3i, d\u00e0nh cho ng\u01b0\u1eddi TO ?? |amafurni.vn\" width=\"422\" height=\"750\" src=\"https:\/\/www.youtube.com\/embed\/Cxlmi-T74jY?feature=oembed\" frameborder=\"0\" allow=\"accelerometer; autoplay; clipboard-write; encrypted-media; gyroscope; picture-in-picture; web-share\" referrerpolicy=\"strict-origin-when-cross-origin\" allowfullscreen><\/iframe><\/p>","protected":false},"excerpt":{"rendered":"<p>T\u1ef1a l\u01b0ng gh\u1ebf:\u00a0Da PVC ti\u00eau chu\u1ea9n ch\u1ed1ng ch\u00e1y<br \/>\nN\u1ec7m:\u00a0N\u1ec7m cao su non ti\u00eau chu\u1ea9n ch\u1ed1ng ch\u00e1y<br \/>\nTay gh\u1ebf: Tay \u0111i\u1ec1u ch\u1ec9nh M\u1ede\/G\u1eacP<br \/>\nB\u1ed9 \u0111i\u1ec1u khi\u1ec3n: B\u1ed9 \u0111i\u1ec1u khi\u1ec3n c\u00f3 c\u00e1c t\u00ednh n\u0103ng: n\u00e2ng h\u1ea1 chi\u1ec1u cao, \u0111i\u1ec1u ch\u1ec9nh tr\u1ecdng l\u01b0\u1ee3ng theo ng\u01b0\u1eddi s\u1eed d\u1ee5ng, ch\u1ed1t kh\u00f3a an to\u00e0n<br \/>\nPhu\u1ed9c: M\u00e0u \u0111en, ti\u00eau chu\u1ea9n BIFMA D100 ch\u1ecbu t\u1ea3i tr\u1ecdng t\u1ed1t<br \/>\nCh\u00e2n gh\u1ebf: Ch\u00e2n nh\u1ef1a \u0111\u00fac ch\u1ecbu l\u1ef1c cao v\u1edbi \u0111\u01b0\u1eddng k\u00ednh v\u00f2ng ch\u00e2n 700mm r\u1ea5t v\u1eefng.<br \/>\nB\u00e1nh xe: B\u00e1nh xe s\u1eed d\u1ee5ng b\u1ec1 m\u1eb7t s\u00e0n c\u1ee9ng phi 50mm<\/p>","protected":false},"featured_media":23998,"comment_status":"open","ping_status":"closed","template":"","meta":[],"product_cat":[60,80],"product_tag":[157],"yoast_head":"<!-- This site is optimized with the Yoast SEO Premium plugin v21.7 (Yoast SEO v21.7) - https:\/\/yoast.com\/wordpress\/plugins\/seo\/ -->\n<title>Gh\u1ebf Gaming si\u00eau ch\u1ecbu t\u1ea3i AMA-3857-U - AMAFURNI<\/title>\n<meta name=\"robots\" content=\"index, follow, max-snippet:-1, max-image-preview:large, max-video-preview:-1\" \/>\n<link rel=\"canonical\" href=\"https:\/\/amafurni.vn\/en\/product\/ghe-gaming-sieu-chiu-tai-tay-mo-gap-ama-3857-u\/\" \/>\n<meta property=\"og:locale\" content=\"en_US\" \/>\n<meta property=\"og:type\" content=\"article\" \/>\n<meta property=\"og:title\" content=\"Gh\u1ebf Gaming si\u00eau ch\u1ecbu t\u1ea3i AMA-3857-U\" \/>\n<meta property=\"og:description\" content=\"T\u1ef1a l\u01b0ng gh\u1ebf:\u00a0Da PVC ti\u00eau chu\u1ea9n ch\u1ed1ng ch\u00e1y N\u1ec7m:\u00a0N\u1ec7m cao su non ti\u00eau chu\u1ea9n ch\u1ed1ng ch\u00e1y Tay gh\u1ebf: Tay \u0111i\u1ec1u ch\u1ec9nh M\u1ede\/G\u1eacP B\u1ed9 \u0111i\u1ec1u khi\u1ec3n: B\u1ed9 \u0111i\u1ec1u khi\u1ec3n c\u00f3 c\u00e1c t\u00ednh n\u0103ng: n\u00e2ng h\u1ea1 chi\u1ec1u cao, \u0111i\u1ec1u ch\u1ec9nh tr\u1ecdng l\u01b0\u1ee3ng theo ng\u01b0\u1eddi s\u1eed d\u1ee5ng, ch\u1ed1t kh\u00f3a an to\u00e0n Phu\u1ed9c: M\u00e0u \u0111en, ti\u00eau chu\u1ea9n BIFMA D100 ch\u1ecbu t\u1ea3i tr\u1ecdng t\u1ed1t Ch\u00e2n gh\u1ebf: Ch\u00e2n nh\u1ef1a \u0111\u00fac ch\u1ecbu l\u1ef1c cao v\u1edbi \u0111\u01b0\u1eddng k\u00ednh v\u00f2ng ch\u00e2n 700mm r\u1ea5t v\u1eefng. B\u00e1nh xe: B\u00e1nh xe s\u1eed d\u1ee5ng b\u1ec1 m\u1eb7t s\u00e0n c\u1ee9ng phi 50mm\" \/>\n<meta property=\"og:url\" content=\"https:\/\/amafurni.vn\/en\/product\/ghe-gaming-sieu-chiu-tai-tay-mo-gap-ama-3857-u\/\" \/>\n<meta property=\"og:site_name\" content=\"AMAFURNI\" \/>\n<meta property=\"article:modified_time\" content=\"2025-12-10T15:21:08+00:00\" \/>\n<meta property=\"og:image\" content=\"https:\/\/amafurni.vn\/wp-content\/uploads\/2023\/12\/AMA-3857.4.png\" \/>\n\t<meta property=\"og:image:width\" content=\"400\" \/>\n\t<meta property=\"og:image:height\" content=\"400\" \/>\n\t<meta property=\"og:image:type\" content=\"image\/png\" \/>\n<meta name=\"twitter:card\" content=\"summary_large_image\" \/>\n<meta name=\"twitter:label1\" content=\"Est. reading time\" \/>\n\t<meta name=\"twitter:data1\" content=\"1 minute\" \/>\n<script type=\"application\/ld+json\" class=\"yoast-schema-graph\">{\"@context\":\"https:\/\/schema.org\",\"@graph\":[{\"@type\":\"WebPage\",\"@id\":\"https:\/\/amafurni.vn\/san-pham\/ghe-gaming-sieu-chiu-tai-tay-mo-gap-ama-3857-u\/\",\"url\":\"https:\/\/amafurni.vn\/san-pham\/ghe-gaming-sieu-chiu-tai-tay-mo-gap-ama-3857-u\/\",\"name\":\"Gh\u1ebf Gaming si\u00eau ch\u1ecbu t\u1ea3i AMA-3857-U - AMAFURNI\",\"isPartOf\":{\"@id\":\"https:\/\/amafurni.vn\/#website\"},\"datePublished\":\"2023-12-06T03:33:42+00:00\",\"dateModified\":\"2025-12-10T15:21:08+00:00\",\"breadcrumb\":{\"@id\":\"https:\/\/amafurni.vn\/san-pham\/ghe-gaming-sieu-chiu-tai-tay-mo-gap-ama-3857-u\/#breadcrumb\"},\"inLanguage\":\"en-US\",\"potentialAction\":[{\"@type\":\"ReadAction\",\"target\":[\"https:\/\/amafurni.vn\/san-pham\/ghe-gaming-sieu-chiu-tai-tay-mo-gap-ama-3857-u\/\"]}]},{\"@type\":\"BreadcrumbList\",\"@id\":\"https:\/\/amafurni.vn\/san-pham\/ghe-gaming-sieu-chiu-tai-tay-mo-gap-ama-3857-u\/#breadcrumb\",\"itemListElement\":[{\"@type\":\"ListItem\",\"position\":1,\"name\":\"Trang ch\u1ee7\",\"item\":\"https:\/\/amafurni.vn\/\"},{\"@type\":\"ListItem\",\"position\":2,\"name\":\"S\u1ea3n ph\u1ea9m\",\"item\":\"https:\/\/amafurni.vn\/san-pham\/\"},{\"@type\":\"ListItem\",\"position\":3,\"name\":\"Gh\u1ebf Gaming si\u00eau ch\u1ecbu t\u1ea3i AMA-3857-U\"}]},{\"@type\":\"WebSite\",\"@id\":\"https:\/\/amafurni.vn\/#website\",\"url\":\"https:\/\/amafurni.vn\/\",\"name\":\"AMAFURNI\",\"description\":\"\",\"potentialAction\":[{\"@type\":\"SearchAction\",\"target\":{\"@type\":\"EntryPoint\",\"urlTemplate\":\"https:\/\/amafurni.vn\/?s={search_term_string}\"},\"query-input\":\"required name=search_term_string\"}],\"inLanguage\":\"en-US\"}]}<\/script>\n<!-- \/ Yoast SEO Premium plugin. -->","yoast_head_json":{"title":"Gh\u1ebf Gaming si\u00eau ch\u1ecbu t\u1ea3i AMA-3857-U - AMAFURNI","robots":{"index":"index","follow":"follow","max-snippet":"max-snippet:-1","max-image-preview":"max-image-preview:large","max-video-preview":"max-video-preview:-1"},"canonical":"https:\/\/amafurni.vn\/en\/product\/ghe-gaming-sieu-chiu-tai-tay-mo-gap-ama-3857-u\/","og_locale":"en_US","og_type":"article","og_title":"Gh\u1ebf Gaming si\u00eau ch\u1ecbu t\u1ea3i AMA-3857-U","og_description":"T\u1ef1a l\u01b0ng gh\u1ebf:\u00a0Da PVC ti\u00eau chu\u1ea9n ch\u1ed1ng ch\u00e1y N\u1ec7m:\u00a0N\u1ec7m cao su non ti\u00eau chu\u1ea9n ch\u1ed1ng ch\u00e1y Tay gh\u1ebf: Tay \u0111i\u1ec1u ch\u1ec9nh M\u1ede\/G\u1eacP B\u1ed9 \u0111i\u1ec1u khi\u1ec3n: B\u1ed9 \u0111i\u1ec1u khi\u1ec3n c\u00f3 c\u00e1c t\u00ednh n\u0103ng: n\u00e2ng h\u1ea1 chi\u1ec1u cao, \u0111i\u1ec1u ch\u1ec9nh tr\u1ecdng l\u01b0\u1ee3ng theo ng\u01b0\u1eddi s\u1eed d\u1ee5ng, ch\u1ed1t kh\u00f3a an to\u00e0n Phu\u1ed9c: M\u00e0u \u0111en, ti\u00eau chu\u1ea9n BIFMA D100 ch\u1ecbu t\u1ea3i tr\u1ecdng t\u1ed1t Ch\u00e2n gh\u1ebf: Ch\u00e2n nh\u1ef1a \u0111\u00fac ch\u1ecbu l\u1ef1c cao v\u1edbi \u0111\u01b0\u1eddng k\u00ednh v\u00f2ng ch\u00e2n 700mm r\u1ea5t v\u1eefng. B\u00e1nh xe: B\u00e1nh xe s\u1eed d\u1ee5ng b\u1ec1 m\u1eb7t s\u00e0n c\u1ee9ng phi 50mm","og_url":"https:\/\/amafurni.vn\/en\/product\/ghe-gaming-sieu-chiu-tai-tay-mo-gap-ama-3857-u\/","og_site_name":"AMAFURNI","article_modified_time":"2025-12-10T15:21:08+00:00","og_image":[{"width":400,"height":400,"url":"https:\/\/amafurni.vn\/wp-content\/uploads\/2023\/12\/AMA-3857.4.png","type":"image\/png"}],"twitter_card":"summary_large_image","twitter_misc":{"Est. reading time":"1 minute"},"schema":{"@context":"https:\/\/schema.org","@graph":[{"@type":"WebPage","@id":"https:\/\/amafurni.vn\/san-pham\/ghe-gaming-sieu-chiu-tai-tay-mo-gap-ama-3857-u\/","url":"https:\/\/amafurni.vn\/san-pham\/ghe-gaming-sieu-chiu-tai-tay-mo-gap-ama-3857-u\/","name":"Gh\u1ebf Gaming si\u00eau ch\u1ecbu t\u1ea3i AMA-3857-U - AMAFURNI","isPartOf":{"@id":"https:\/\/amafurni.vn\/#website"},"datePublished":"2023-12-06T03:33:42+00:00","dateModified":"2025-12-10T15:21:08+00:00","breadcrumb":{"@id":"https:\/\/amafurni.vn\/san-pham\/ghe-gaming-sieu-chiu-tai-tay-mo-gap-ama-3857-u\/#breadcrumb"},"inLanguage":"en-US","potentialAction":[{"@type":"ReadAction","target":["https:\/\/amafurni.vn\/san-pham\/ghe-gaming-sieu-chiu-tai-tay-mo-gap-ama-3857-u\/"]}]},{"@type":"BreadcrumbList","@id":"https:\/\/amafurni.vn\/san-pham\/ghe-gaming-sieu-chiu-tai-tay-mo-gap-ama-3857-u\/#breadcrumb","itemListElement":[{"@type":"ListItem","position":1,"name":"Trang ch\u1ee7","item":"https:\/\/amafurni.vn\/"},{"@type":"ListItem","position":2,"name":"S\u1ea3n ph\u1ea9m","item":"https:\/\/amafurni.vn\/san-pham\/"},{"@type":"ListItem","position":3,"name":"Gh\u1ebf Gaming si\u00eau ch\u1ecbu t\u1ea3i AMA-3857-U"}]},{"@type":"WebSite","@id":"https:\/\/amafurni.vn\/#website","url":"https:\/\/amafurni.vn\/","name":"AMAFURNI","description":"","potentialAction":[{"@type":"SearchAction","target":{"@type":"EntryPoint","urlTemplate":"https:\/\/amafurni.vn\/?s={search_term_string}"},"query-input":"required name=search_term_string"}],"inLanguage":"en-US"}]}},"_links":{"self":[{"href":"https:\/\/amafurni.vn\/en\/wp-json\/wp\/v2\/product\/1774"}],"collection":[{"href":"https:\/\/amafurni.vn\/en\/wp-json\/wp\/v2\/product"}],"about":[{"href":"https:\/\/amafurni.vn\/en\/wp-json\/wp\/v2\/types\/product"}],"replies":[{"embeddable":true,"href":"https:\/\/amafurni.vn\/en\/wp-json\/wp\/v2\/comments?post=1774"}],"wp:featuredmedia":[{"embeddable":true,"href":"https:\/\/amafurni.vn\/en\/wp-json\/wp\/v2\/media\/23998"}],"wp:attachment":[{"href":"https:\/\/amafurni.vn\/en\/wp-json\/wp\/v2\/media?parent=1774"}],"wp:term":[{"taxonomy":"product_cat","embeddable":true,"href":"https:\/\/amafurni.vn\/en\/wp-json\/wp\/v2\/product_cat?post=1774"},{"taxonomy":"product_tag","embeddable":true,"href":"https:\/\/amafurni.vn\/en\/wp-json\/wp\/v2\/product_tag?post=1774"}],"curies":[{"name":"wp","href":"https:\/\/api.w.org\/{rel}","templated":true}]}}