{"id":17810,"date":"2024-09-14T15:55:58","date_gmt":"2024-09-14T08:55:58","guid":{"rendered":"https:\/\/amafurni.vn\/?post_type=product&#038;p=17810"},"modified":"2025-11-12T14:15:15","modified_gmt":"2025-11-12T07:15:15","slug":"ghe-giam-doc-ama-g434","status":"publish","type":"product","link":"https:\/\/amafurni.vn\/en\/product\/ghe-giam-doc-ama-g434\/","title":{"rendered":"Gh\u1ebf gi\u00e1m \u0111\u1ed1c AMA-G434"},"content":{"rendered":"<p><strong>Gh\u1ebf gi\u00e1m \u0111\u1ed1c AMA-G434<\/strong><\/p>\n<table class=\"woocommerce-product-attributes shop_attributes\" style=\"width: 99.1318%;height: 285px\" width=\"929\">\n<tbody>\n<tr class=\"woocommerce-product-attributes-item woocommerce-product-attributes-item--attribute_season\" style=\"height: 24px\">\n<th class=\"woocommerce-product-attributes-item__label\" style=\"height: 24px;width: 14.8351%\">Ch\u1ea5t Li\u1ec7u.<\/th>\n<td class=\"woocommerce-product-attributes-item__value\" style=\"height: 24px;width: 81.0526%\">Da thu\u1ed9c, Ch\u00e2n \u1ed1p g\u1ed7 c\u00f4ng nghi\u1ec7p<\/td>\n<\/tr>\n<tr class=\"woocommerce-product-attributes-item woocommerce-product-attributes-item--attribute_pa_color\" style=\"height: 24px\">\n<th class=\"woocommerce-product-attributes-item__label\" style=\"height: 24px;width: 14.8351%\">M\u00e0u S\u1eafc<\/th>\n<td class=\"woocommerce-product-attributes-item__value\" style=\"height: 24px;width: 81.0526%\">\u0110EN, X\u00c1M<\/td>\n<\/tr>\n<tr class=\"woocommerce-product-attributes-item woocommerce-product-attributes-item--attribute_style\" style=\"height: 24px\">\n<th class=\"woocommerce-product-attributes-item__label\" style=\"height: 24px;width: 14.8351%\">Size<\/th>\n<td class=\"woocommerce-product-attributes-item__value\" style=\"height: 24px;width: 81.0526%\">\u0110ANG C\u1eacP NH\u1eacT<\/td>\n<\/tr>\n<tr class=\"woocommerce-product-attributes-item woocommerce-product-attributes-item--attribute_pa_material\" style=\"height: 24px\">\n<th class=\"woocommerce-product-attributes-item__label\" style=\"height: 24px;width: 14.8351%\">T\u00ednh N\u0103ng<\/th>\n<td class=\"woocommerce-product-attributes-item__value\" style=\"height: 24px;width: 81.0526%\">Xoay 360 \u0111\u1ed9. T\u0103ng gi\u1ea3m chi\u1ec1u cao, G\u1eadt g\u00f9 b\u1eadp b\u00eanh, Ng\u1ea3 l\u01b0ng k\u00e8m ch\u00e2n g\u00e1c<\/td>\n<\/tr>\n<tr class=\"woocommerce-product-attributes-item woocommerce-product-attributes-item--attribute_item-code\" style=\"height: 24px\">\n<th class=\"woocommerce-product-attributes-item__label\" style=\"height: 24px;width: 14.8351%\">B\u1ea3o H\u00e0nh<\/th>\n<td class=\"woocommerce-product-attributes-item__value\" style=\"height: 24px;width: 81.0526%\">12 th\u00e1ng<\/td>\n<\/tr>\n<\/tbody>\n<\/table>","protected":false},"excerpt":{"rendered":"<p><strong>Gh\u1ebf Gi\u00e1m \u0110\u1ed1c l\u00e0 1 m\u1eabu gh\u1ebf nh\u1eadp kh\u1ea9u tr\u1ef1c ti\u1ebfp c\u1ee7a N\u1ed8I TH\u1ea4T AMA FURNITURE , v\u1edbi thi\u1ebft k\u1ebf tinh t\u1ebf , t\u1ed1i gian t\u1ea1o n\u00ean v\u1ebb \u0111\u1eb9p sang tr\u1ecdng cho kh\u00f4ng gian L\u00e0m vi\u1ec7c, V\u0103n ph\u00f2ng, C\u00f4ng ty v.v.<\/strong><\/p>\n<p>M\u00e3 SP : AMA-G434<br \/>\n<strong>Ch\u1ea5t li\u1ec7u :<\/strong> Da thu\u1ed9c, Ch\u00e2n \u1ed1p g\u1ed7 c\u00f4ng nghi\u1ec7p<br \/>\n<strong>M\u00e0u s\u1eafc :<\/strong> N\u00c2U\/ \u0110EN<\/p>","protected":false},"featured_media":23462,"comment_status":"closed","ping_status":"closed","template":"","meta":[],"product_cat":[59,69],"product_tag":[189],"yoast_head":"<!-- This site is optimized with the Yoast SEO Premium plugin v21.7 (Yoast SEO v21.7) - https:\/\/yoast.com\/wordpress\/plugins\/seo\/ -->\n<title>Gh\u1ebf gi\u00e1m \u0111\u1ed1c AMA-G434 - AMAFURNI<\/title>\n<meta name=\"description\" content=\"Gh\u1ebf gi\u00e1m \u0111\u1ed1c hi\u1ec7n \u0111\u1ea1i cho v\u0103n ph\u00f2ng, mang l\u1ea1i c\u1ea3m gi\u00e1c tho\u1ea3i m\u00e1i, t\u1ed1i \u01b0u Hotline AMA Furniture: 0969919449 - 0906963408 AMA Furniture\" \/>\n<meta name=\"robots\" content=\"index, follow, max-snippet:-1, max-image-preview:large, max-video-preview:-1\" \/>\n<link rel=\"canonical\" href=\"https:\/\/amafurni.vn\/en\/product\/ghe-giam-doc-ama-g434\/\" \/>\n<meta property=\"og:locale\" content=\"en_US\" \/>\n<meta property=\"og:type\" content=\"article\" \/>\n<meta property=\"og:title\" content=\"Gh\u1ebf gi\u00e1m \u0111\u1ed1c AMA-G434\" \/>\n<meta property=\"og:description\" content=\"Gh\u1ebf gi\u00e1m \u0111\u1ed1c hi\u1ec7n \u0111\u1ea1i cho v\u0103n ph\u00f2ng, mang l\u1ea1i c\u1ea3m gi\u00e1c tho\u1ea3i m\u00e1i, t\u1ed1i \u01b0u Hotline AMA Furniture: 0969919449 - 0906963408 AMA Furniture\" \/>\n<meta property=\"og:url\" content=\"https:\/\/amafurni.vn\/en\/product\/ghe-giam-doc-ama-g434\/\" \/>\n<meta property=\"og:site_name\" content=\"AMAFURNI\" \/>\n<meta property=\"article:modified_time\" content=\"2025-11-12T07:15:15+00:00\" \/>\n<meta property=\"og:image\" content=\"https:\/\/amafurni.vn\/wp-content\/uploads\/2024\/09\/AMA-G434.jpg\" \/>\n\t<meta property=\"og:image:width\" content=\"800\" \/>\n\t<meta property=\"og:image:height\" content=\"800\" \/>\n\t<meta property=\"og:image:type\" content=\"image\/jpeg\" \/>\n<meta name=\"twitter:card\" content=\"summary_large_image\" \/>\n<meta name=\"twitter:label1\" content=\"Est. reading time\" \/>\n\t<meta name=\"twitter:data1\" content=\"1 minute\" \/>\n<script type=\"application\/ld+json\" class=\"yoast-schema-graph\">{\"@context\":\"https:\/\/schema.org\",\"@graph\":[{\"@type\":\"WebPage\",\"@id\":\"https:\/\/amafurni.vn\/san-pham\/ghe-giam-doc-ama-g434\/\",\"url\":\"https:\/\/amafurni.vn\/san-pham\/ghe-giam-doc-ama-g434\/\",\"name\":\"Gh\u1ebf gi\u00e1m \u0111\u1ed1c AMA-G434 - AMAFURNI\",\"isPartOf\":{\"@id\":\"https:\/\/amafurni.vn\/#website\"},\"datePublished\":\"2024-09-14T08:55:58+00:00\",\"dateModified\":\"2025-11-12T07:15:15+00:00\",\"description\":\"Gh\u1ebf gi\u00e1m \u0111\u1ed1c hi\u1ec7n \u0111\u1ea1i cho v\u0103n ph\u00f2ng, mang l\u1ea1i c\u1ea3m gi\u00e1c tho\u1ea3i m\u00e1i, t\u1ed1i \u01b0u Hotline AMA Furniture: 0969919449 - 0906963408 AMA Furniture\",\"breadcrumb\":{\"@id\":\"https:\/\/amafurni.vn\/san-pham\/ghe-giam-doc-ama-g434\/#breadcrumb\"},\"inLanguage\":\"en-US\",\"potentialAction\":[{\"@type\":\"ReadAction\",\"target\":[\"https:\/\/amafurni.vn\/san-pham\/ghe-giam-doc-ama-g434\/\"]}]},{\"@type\":\"BreadcrumbList\",\"@id\":\"https:\/\/amafurni.vn\/san-pham\/ghe-giam-doc-ama-g434\/#breadcrumb\",\"itemListElement\":[{\"@type\":\"ListItem\",\"position\":1,\"name\":\"Trang ch\u1ee7\",\"item\":\"https:\/\/amafurni.vn\/\"},{\"@type\":\"ListItem\",\"position\":2,\"name\":\"S\u1ea3n ph\u1ea9m\",\"item\":\"https:\/\/amafurni.vn\/san-pham\/\"},{\"@type\":\"ListItem\",\"position\":3,\"name\":\"Gh\u1ebf gi\u00e1m \u0111\u1ed1c AMA-G434\"}]},{\"@type\":\"WebSite\",\"@id\":\"https:\/\/amafurni.vn\/#website\",\"url\":\"https:\/\/amafurni.vn\/\",\"name\":\"AMAFURNI\",\"description\":\"\",\"potentialAction\":[{\"@type\":\"SearchAction\",\"target\":{\"@type\":\"EntryPoint\",\"urlTemplate\":\"https:\/\/amafurni.vn\/?s={search_term_string}\"},\"query-input\":\"required name=search_term_string\"}],\"inLanguage\":\"en-US\"}]}<\/script>\n<!-- \/ Yoast SEO Premium plugin. -->","yoast_head_json":{"title":"Gh\u1ebf gi\u00e1m \u0111\u1ed1c AMA-G434 - AMAFURNI","description":"Gh\u1ebf gi\u00e1m \u0111\u1ed1c hi\u1ec7n \u0111\u1ea1i cho v\u0103n ph\u00f2ng, mang l\u1ea1i c\u1ea3m gi\u00e1c tho\u1ea3i m\u00e1i, t\u1ed1i \u01b0u Hotline AMA Furniture: 0969919449 - 0906963408 AMA Furniture","robots":{"index":"index","follow":"follow","max-snippet":"max-snippet:-1","max-image-preview":"max-image-preview:large","max-video-preview":"max-video-preview:-1"},"canonical":"https:\/\/amafurni.vn\/en\/product\/ghe-giam-doc-ama-g434\/","og_locale":"en_US","og_type":"article","og_title":"Gh\u1ebf gi\u00e1m \u0111\u1ed1c AMA-G434","og_description":"Gh\u1ebf gi\u00e1m \u0111\u1ed1c hi\u1ec7n \u0111\u1ea1i cho v\u0103n ph\u00f2ng, mang l\u1ea1i c\u1ea3m gi\u00e1c tho\u1ea3i m\u00e1i, t\u1ed1i \u01b0u Hotline AMA Furniture: 0969919449 - 0906963408 AMA Furniture","og_url":"https:\/\/amafurni.vn\/en\/product\/ghe-giam-doc-ama-g434\/","og_site_name":"AMAFURNI","article_modified_time":"2025-11-12T07:15:15+00:00","og_image":[{"width":800,"height":800,"url":"https:\/\/amafurni.vn\/wp-content\/uploads\/2024\/09\/AMA-G434.jpg","type":"image\/jpeg"}],"twitter_card":"summary_large_image","twitter_misc":{"Est. reading time":"1 minute"},"schema":{"@context":"https:\/\/schema.org","@graph":[{"@type":"WebPage","@id":"https:\/\/amafurni.vn\/san-pham\/ghe-giam-doc-ama-g434\/","url":"https:\/\/amafurni.vn\/san-pham\/ghe-giam-doc-ama-g434\/","name":"Gh\u1ebf gi\u00e1m \u0111\u1ed1c AMA-G434 - AMAFURNI","isPartOf":{"@id":"https:\/\/amafurni.vn\/#website"},"datePublished":"2024-09-14T08:55:58+00:00","dateModified":"2025-11-12T07:15:15+00:00","description":"Gh\u1ebf gi\u00e1m \u0111\u1ed1c hi\u1ec7n \u0111\u1ea1i cho v\u0103n ph\u00f2ng, mang l\u1ea1i c\u1ea3m gi\u00e1c tho\u1ea3i m\u00e1i, t\u1ed1i \u01b0u Hotline AMA Furniture: 0969919449 - 0906963408 AMA Furniture","breadcrumb":{"@id":"https:\/\/amafurni.vn\/san-pham\/ghe-giam-doc-ama-g434\/#breadcrumb"},"inLanguage":"en-US","potentialAction":[{"@type":"ReadAction","target":["https:\/\/amafurni.vn\/san-pham\/ghe-giam-doc-ama-g434\/"]}]},{"@type":"BreadcrumbList","@id":"https:\/\/amafurni.vn\/san-pham\/ghe-giam-doc-ama-g434\/#breadcrumb","itemListElement":[{"@type":"ListItem","position":1,"name":"Trang ch\u1ee7","item":"https:\/\/amafurni.vn\/"},{"@type":"ListItem","position":2,"name":"S\u1ea3n ph\u1ea9m","item":"https:\/\/amafurni.vn\/san-pham\/"},{"@type":"ListItem","position":3,"name":"Gh\u1ebf gi\u00e1m \u0111\u1ed1c AMA-G434"}]},{"@type":"WebSite","@id":"https:\/\/amafurni.vn\/#website","url":"https:\/\/amafurni.vn\/","name":"AMAFURNI","description":"","potentialAction":[{"@type":"SearchAction","target":{"@type":"EntryPoint","urlTemplate":"https:\/\/amafurni.vn\/?s={search_term_string}"},"query-input":"required name=search_term_string"}],"inLanguage":"en-US"}]}},"_links":{"self":[{"href":"https:\/\/amafurni.vn\/en\/wp-json\/wp\/v2\/product\/17810"}],"collection":[{"href":"https:\/\/amafurni.vn\/en\/wp-json\/wp\/v2\/product"}],"about":[{"href":"https:\/\/amafurni.vn\/en\/wp-json\/wp\/v2\/types\/product"}],"replies":[{"embeddable":true,"href":"https:\/\/amafurni.vn\/en\/wp-json\/wp\/v2\/comments?post=17810"}],"wp:featuredmedia":[{"embeddable":true,"href":"https:\/\/amafurni.vn\/en\/wp-json\/wp\/v2\/media\/23462"}],"wp:attachment":[{"href":"https:\/\/amafurni.vn\/en\/wp-json\/wp\/v2\/media?parent=17810"}],"wp:term":[{"taxonomy":"product_cat","embeddable":true,"href":"https:\/\/amafurni.vn\/en\/wp-json\/wp\/v2\/product_cat?post=17810"},{"taxonomy":"product_tag","embeddable":true,"href":"https:\/\/amafurni.vn\/en\/wp-json\/wp\/v2\/product_tag?post=17810"}],"curies":[{"name":"wp","href":"https:\/\/api.w.org\/{rel}","templated":true}]}}