{"id":1786,"date":"2023-12-06T10:50:50","date_gmt":"2023-12-06T03:50:50","guid":{"rendered":"https:\/\/amafurni.123websitedev.com\/san-pham\/ghe-lam-viec-cao-cap-boc-da-hang-xuat-khau-chiu-tai-lon-ama-47951-u1\/"},"modified":"2025-12-10T22:24:25","modified_gmt":"2025-12-10T15:24:25","slug":"ghe-lam-viec-cao-cap-boc-da-hang-xuat-khau-chiu-tai-lon-ama-47951-u1","status":"publish","type":"product","link":"https:\/\/amafurni.vn\/en\/product\/ghe-lam-viec-cao-cap-boc-da-hang-xuat-khau-chiu-tai-lon-ama-47951-u1\/","title":{"rendered":"Gh\u1ebf l\u00e0m vi\u1ec7c AMA-47951-U1"},"content":{"rendered":"<table border=\"1\">\n<tbody>\n<tr>\n<td><strong>Material<\/strong><\/td>\n<td>&nbsp;<\/p>\n<p><strong>Size<\/strong><\/td>\n<td><strong>T\u00ednh N\u0103ng<\/strong><\/td>\n<td><strong>M\u00e0u S\u1eafc<\/strong><\/td>\n<td><strong>Xu\u1ea5t X\u1ee9<\/strong><\/td>\n<td><strong>B\u1ea3o h\u00e0nh<\/strong><\/td>\n<\/tr>\n<tr>\n<td>-T\u1ef1a v\u00e0 \u0111\u1ec7m b\u1ecdc da PU cao c\u1ea5p<\/p>\n<p>-M\u1eb7t gh\u1ebf v\u00e0 l\u01b0ng gh\u1ebf b\u1ecdc da th\u1eadt ho\u1eb7c da PVC<\/td>\n<td>K\u00edch Th\u01b0\u1edbc c\u1ee7a gh\u1ebf h\u1ecdp GH13: W630 x D770 x H1010 mm<\/td>\n<td>*Ph\u1ea7n n\u1ec7m v\u00e0 l\u01b0ng gh\u1ebf l\u00e0 li\u1ec1n, t\u1ea1o cho chi\u1ebfc gh\u1ebf ch\u1eafc ch\u1eafn. Ki\u1ec1u d\u00e1ng gh\u1ebf h\u1ecdp ch\u00e2n g\u1ed7 \u0111\u01b0\u1ee3c thi\u1ebft k\u1ebf theo tr\u01b0\u1eddng ph\u00e1i truy\u1ec1n th\u1ed1ng l\u00e0 s\u1ef1 k\u1ebft h\u1ee3p gi\u1eefa g\u1ed7 m\u00e0u c\u00e1nh d\u00e1n v\u00e0 da n\u00ean cho kh\u00f4ng gian ph\u00f2ng h\u1ecdp \u1ea5m c\u00fang v\u00e0 trang tr\u1ecdng.<\/p>\n<p><strong>Ki\u1ec3u d\u00e1ng:\u00a0<\/strong>Lo\u1ea1i gh\u1ebf d\u00e0nh cho ph\u00f2ng h\u1ecdp, h\u1ed9i tr\u01b0\u1eddng, h\u1ed9i ngh\u1ecb<\/p>\n<p>*Gh\u1ebf d\u00e0nh cho ph\u00f2ng h\u1ecdp n\u00e0y c\u00f3 ki\u1ec3u d\u00e1ng l\u01b0ng trung, \u0111\u01b0\u1eddng may ph\u1ea7n n\u1ec7m gh\u1ebf s\u1eafc x\u1ea3o tinh t\u1ebf, chia l\u00e0m nhi\u1ec1u m\u00fai, t\u00f4 \u0111i\u1ec3m cho\u00a0 gh\u1ebf n\u00e0y th\u00eam ph\u1ea7n sang tr\u1ecdng.<\/p>\n<p>&nbsp;<\/td>\n<td>Nh\u01b0 H\u00ecnh<\/td>\n<td>Nh\u1eadp Ngo\u1ea1i<\/td>\n<td>. 12 th\u00e1ng k\u1ef9 thu\u1eadt<\/p>\n<p>. Ben h\u01a1i 1 \u0111\u1ed5i 1<\/td>\n<\/tr>\n<\/tbody>\n<\/table>","protected":false},"excerpt":{"rendered":"<p>*Ph\u1ea7n n\u1ec7m v\u00e0 l\u01b0ng gh\u1ebf l\u00e0 li\u1ec1n, t\u1ea1o cho chi\u1ebfc gh\u1ebf ch\u1eafc ch\u1eafn. Ki\u1ec1u d\u00e1ng gh\u1ebf h\u1ecdp ch\u00e2n g\u1ed7 \u0111\u01b0\u1ee3c thi\u1ebft k\u1ebf theo tr\u01b0\u1eddng ph\u00e1i truy\u1ec1n th\u1ed1ng l\u00e0 s\u1ef1 k\u1ebft h\u1ee3p gi\u1eefa g\u1ed7 m\u00e0u c\u00e1nh d\u00e1n v\u00e0 da n\u00ean cho kh\u00f4ng gian ph\u00f2ng h\u1ecdp \u1ea5m c\u00fang v\u00e0 trang tr\u1ecdng.<br \/>\nKi\u1ec3u d\u00e1ng:\u00a0Lo\u1ea1i gh\u1ebf d\u00e0nh cho ph\u00f2ng h\u1ecdp, h\u1ed9i tr\u01b0\u1eddng, h\u1ed9i ngh\u1ecb<br \/>\n*Gh\u1ebf d\u00e0nh cho ph\u00f2ng h\u1ecdp n\u00e0y c\u00f3 ki\u1ec3u d\u00e1ng l\u01b0ng trung, \u0111\u01b0\u1eddng may ph\u1ea7n n\u1ec7m gh\u1ebf s\u1eafc x\u1ea3o tinh t\u1ebf, chia l\u00e0m nhi\u1ec1u m\u00fai, t\u00f4 \u0111i\u1ec3m cho\u00a0 gh\u1ebf n\u00e0y th\u00eam ph\u1ea7n sang tr\u1ecdng.<\/p>","protected":false},"featured_media":23999,"comment_status":"open","ping_status":"closed","template":"","meta":[],"product_cat":[60,80,59,70],"product_tag":[296,124],"yoast_head":"<!-- This site is optimized with the Yoast SEO Premium plugin v21.7 (Yoast SEO v21.7) - https:\/\/yoast.com\/wordpress\/plugins\/seo\/ -->\n<title>Gh\u1ebf l\u00e0m vi\u1ec7c AMA-47951-U1 - AMAFURNI<\/title>\n<meta name=\"robots\" content=\"index, follow, max-snippet:-1, max-image-preview:large, max-video-preview:-1\" \/>\n<link rel=\"canonical\" href=\"https:\/\/amafurni.vn\/en\/product\/ghe-lam-viec-cao-cap-boc-da-hang-xuat-khau-chiu-tai-lon-ama-47951-u1\/\" \/>\n<meta property=\"og:locale\" content=\"en_US\" \/>\n<meta property=\"og:type\" content=\"article\" \/>\n<meta property=\"og:title\" content=\"Gh\u1ebf l\u00e0m vi\u1ec7c AMA-47951-U1\" \/>\n<meta property=\"og:description\" content=\"*Ph\u1ea7n n\u1ec7m v\u00e0 l\u01b0ng gh\u1ebf l\u00e0 li\u1ec1n, t\u1ea1o cho chi\u1ebfc gh\u1ebf ch\u1eafc ch\u1eafn. Ki\u1ec1u d\u00e1ng gh\u1ebf h\u1ecdp ch\u00e2n g\u1ed7 \u0111\u01b0\u1ee3c thi\u1ebft k\u1ebf theo tr\u01b0\u1eddng ph\u00e1i truy\u1ec1n th\u1ed1ng l\u00e0 s\u1ef1 k\u1ebft h\u1ee3p gi\u1eefa g\u1ed7 m\u00e0u c\u00e1nh d\u00e1n v\u00e0 da n\u00ean cho kh\u00f4ng gian ph\u00f2ng h\u1ecdp \u1ea5m c\u00fang v\u00e0 trang tr\u1ecdng. Ki\u1ec3u d\u00e1ng:\u00a0Lo\u1ea1i gh\u1ebf d\u00e0nh cho ph\u00f2ng h\u1ecdp, h\u1ed9i tr\u01b0\u1eddng, h\u1ed9i ngh\u1ecb *Gh\u1ebf d\u00e0nh cho ph\u00f2ng h\u1ecdp n\u00e0y c\u00f3 ki\u1ec3u d\u00e1ng l\u01b0ng trung, \u0111\u01b0\u1eddng may ph\u1ea7n n\u1ec7m gh\u1ebf s\u1eafc x\u1ea3o tinh t\u1ebf, chia l\u00e0m nhi\u1ec1u m\u00fai, t\u00f4 \u0111i\u1ec3m cho\u00a0 gh\u1ebf n\u00e0y th\u00eam ph\u1ea7n sang tr\u1ecdng.\" \/>\n<meta property=\"og:url\" content=\"https:\/\/amafurni.vn\/en\/product\/ghe-lam-viec-cao-cap-boc-da-hang-xuat-khau-chiu-tai-lon-ama-47951-u1\/\" \/>\n<meta property=\"og:site_name\" content=\"AMAFURNI\" \/>\n<meta property=\"article:modified_time\" content=\"2025-12-10T15:24:25+00:00\" \/>\n<meta property=\"og:image\" content=\"https:\/\/amafurni.vn\/wp-content\/uploads\/2023\/12\/Serta-Manager-47951-Office-Chair-Black_32918403-8ac7-4ed9-877c-72eef9e6757d.7a2dd2f040266b736a24a72489435b7d.jpeg\" \/>\n\t<meta property=\"og:image:width\" content=\"717\" \/>\n\t<meta property=\"og:image:height\" content=\"717\" \/>\n\t<meta property=\"og:image:type\" content=\"image\/jpeg\" \/>\n<meta name=\"twitter:card\" content=\"summary_large_image\" \/>\n<meta name=\"twitter:label1\" content=\"Est. reading time\" \/>\n\t<meta name=\"twitter:data1\" content=\"2 minutes\" \/>\n<script type=\"application\/ld+json\" class=\"yoast-schema-graph\">{\"@context\":\"https:\/\/schema.org\",\"@graph\":[{\"@type\":\"WebPage\",\"@id\":\"https:\/\/amafurni.vn\/san-pham\/ghe-lam-viec-cao-cap-boc-da-hang-xuat-khau-chiu-tai-lon-ama-47951-u1\/\",\"url\":\"https:\/\/amafurni.vn\/san-pham\/ghe-lam-viec-cao-cap-boc-da-hang-xuat-khau-chiu-tai-lon-ama-47951-u1\/\",\"name\":\"Gh\u1ebf l\u00e0m vi\u1ec7c AMA-47951-U1 - AMAFURNI\",\"isPartOf\":{\"@id\":\"https:\/\/amafurni.vn\/#website\"},\"datePublished\":\"2023-12-06T03:50:50+00:00\",\"dateModified\":\"2025-12-10T15:24:25+00:00\",\"breadcrumb\":{\"@id\":\"https:\/\/amafurni.vn\/san-pham\/ghe-lam-viec-cao-cap-boc-da-hang-xuat-khau-chiu-tai-lon-ama-47951-u1\/#breadcrumb\"},\"inLanguage\":\"en-US\",\"potentialAction\":[{\"@type\":\"ReadAction\",\"target\":[\"https:\/\/amafurni.vn\/san-pham\/ghe-lam-viec-cao-cap-boc-da-hang-xuat-khau-chiu-tai-lon-ama-47951-u1\/\"]}]},{\"@type\":\"BreadcrumbList\",\"@id\":\"https:\/\/amafurni.vn\/san-pham\/ghe-lam-viec-cao-cap-boc-da-hang-xuat-khau-chiu-tai-lon-ama-47951-u1\/#breadcrumb\",\"itemListElement\":[{\"@type\":\"ListItem\",\"position\":1,\"name\":\"Trang ch\u1ee7\",\"item\":\"https:\/\/amafurni.vn\/\"},{\"@type\":\"ListItem\",\"position\":2,\"name\":\"S\u1ea3n ph\u1ea9m\",\"item\":\"https:\/\/amafurni.vn\/san-pham\/\"},{\"@type\":\"ListItem\",\"position\":3,\"name\":\"Gh\u1ebf l\u00e0m vi\u1ec7c AMA-47951-U1\"}]},{\"@type\":\"WebSite\",\"@id\":\"https:\/\/amafurni.vn\/#website\",\"url\":\"https:\/\/amafurni.vn\/\",\"name\":\"AMAFURNI\",\"description\":\"\",\"potentialAction\":[{\"@type\":\"SearchAction\",\"target\":{\"@type\":\"EntryPoint\",\"urlTemplate\":\"https:\/\/amafurni.vn\/?s={search_term_string}\"},\"query-input\":\"required name=search_term_string\"}],\"inLanguage\":\"en-US\"}]}<\/script>\n<!-- \/ Yoast SEO Premium plugin. -->","yoast_head_json":{"title":"Gh\u1ebf l\u00e0m vi\u1ec7c AMA-47951-U1 - AMAFURNI","robots":{"index":"index","follow":"follow","max-snippet":"max-snippet:-1","max-image-preview":"max-image-preview:large","max-video-preview":"max-video-preview:-1"},"canonical":"https:\/\/amafurni.vn\/en\/product\/ghe-lam-viec-cao-cap-boc-da-hang-xuat-khau-chiu-tai-lon-ama-47951-u1\/","og_locale":"en_US","og_type":"article","og_title":"Gh\u1ebf l\u00e0m vi\u1ec7c AMA-47951-U1","og_description":"*Ph\u1ea7n n\u1ec7m v\u00e0 l\u01b0ng gh\u1ebf l\u00e0 li\u1ec1n, t\u1ea1o cho chi\u1ebfc gh\u1ebf ch\u1eafc ch\u1eafn. Ki\u1ec1u d\u00e1ng gh\u1ebf h\u1ecdp ch\u00e2n g\u1ed7 \u0111\u01b0\u1ee3c thi\u1ebft k\u1ebf theo tr\u01b0\u1eddng ph\u00e1i truy\u1ec1n th\u1ed1ng l\u00e0 s\u1ef1 k\u1ebft h\u1ee3p gi\u1eefa g\u1ed7 m\u00e0u c\u00e1nh d\u00e1n v\u00e0 da n\u00ean cho kh\u00f4ng gian ph\u00f2ng h\u1ecdp \u1ea5m c\u00fang v\u00e0 trang tr\u1ecdng. Ki\u1ec3u d\u00e1ng:\u00a0Lo\u1ea1i gh\u1ebf d\u00e0nh cho ph\u00f2ng h\u1ecdp, h\u1ed9i tr\u01b0\u1eddng, h\u1ed9i ngh\u1ecb *Gh\u1ebf d\u00e0nh cho ph\u00f2ng h\u1ecdp n\u00e0y c\u00f3 ki\u1ec3u d\u00e1ng l\u01b0ng trung, \u0111\u01b0\u1eddng may ph\u1ea7n n\u1ec7m gh\u1ebf s\u1eafc x\u1ea3o tinh t\u1ebf, chia l\u00e0m nhi\u1ec1u m\u00fai, t\u00f4 \u0111i\u1ec3m cho\u00a0 gh\u1ebf n\u00e0y th\u00eam ph\u1ea7n sang tr\u1ecdng.","og_url":"https:\/\/amafurni.vn\/en\/product\/ghe-lam-viec-cao-cap-boc-da-hang-xuat-khau-chiu-tai-lon-ama-47951-u1\/","og_site_name":"AMAFURNI","article_modified_time":"2025-12-10T15:24:25+00:00","og_image":[{"width":717,"height":717,"url":"https:\/\/amafurni.vn\/wp-content\/uploads\/2023\/12\/Serta-Manager-47951-Office-Chair-Black_32918403-8ac7-4ed9-877c-72eef9e6757d.7a2dd2f040266b736a24a72489435b7d.jpeg","type":"image\/jpeg"}],"twitter_card":"summary_large_image","twitter_misc":{"Est. reading time":"2 minutes"},"schema":{"@context":"https:\/\/schema.org","@graph":[{"@type":"WebPage","@id":"https:\/\/amafurni.vn\/san-pham\/ghe-lam-viec-cao-cap-boc-da-hang-xuat-khau-chiu-tai-lon-ama-47951-u1\/","url":"https:\/\/amafurni.vn\/san-pham\/ghe-lam-viec-cao-cap-boc-da-hang-xuat-khau-chiu-tai-lon-ama-47951-u1\/","name":"Gh\u1ebf l\u00e0m vi\u1ec7c AMA-47951-U1 - AMAFURNI","isPartOf":{"@id":"https:\/\/amafurni.vn\/#website"},"datePublished":"2023-12-06T03:50:50+00:00","dateModified":"2025-12-10T15:24:25+00:00","breadcrumb":{"@id":"https:\/\/amafurni.vn\/san-pham\/ghe-lam-viec-cao-cap-boc-da-hang-xuat-khau-chiu-tai-lon-ama-47951-u1\/#breadcrumb"},"inLanguage":"en-US","potentialAction":[{"@type":"ReadAction","target":["https:\/\/amafurni.vn\/san-pham\/ghe-lam-viec-cao-cap-boc-da-hang-xuat-khau-chiu-tai-lon-ama-47951-u1\/"]}]},{"@type":"BreadcrumbList","@id":"https:\/\/amafurni.vn\/san-pham\/ghe-lam-viec-cao-cap-boc-da-hang-xuat-khau-chiu-tai-lon-ama-47951-u1\/#breadcrumb","itemListElement":[{"@type":"ListItem","position":1,"name":"Trang ch\u1ee7","item":"https:\/\/amafurni.vn\/"},{"@type":"ListItem","position":2,"name":"S\u1ea3n ph\u1ea9m","item":"https:\/\/amafurni.vn\/san-pham\/"},{"@type":"ListItem","position":3,"name":"Gh\u1ebf l\u00e0m vi\u1ec7c AMA-47951-U1"}]},{"@type":"WebSite","@id":"https:\/\/amafurni.vn\/#website","url":"https:\/\/amafurni.vn\/","name":"AMAFURNI","description":"","potentialAction":[{"@type":"SearchAction","target":{"@type":"EntryPoint","urlTemplate":"https:\/\/amafurni.vn\/?s={search_term_string}"},"query-input":"required name=search_term_string"}],"inLanguage":"en-US"}]}},"_links":{"self":[{"href":"https:\/\/amafurni.vn\/en\/wp-json\/wp\/v2\/product\/1786"}],"collection":[{"href":"https:\/\/amafurni.vn\/en\/wp-json\/wp\/v2\/product"}],"about":[{"href":"https:\/\/amafurni.vn\/en\/wp-json\/wp\/v2\/types\/product"}],"replies":[{"embeddable":true,"href":"https:\/\/amafurni.vn\/en\/wp-json\/wp\/v2\/comments?post=1786"}],"wp:featuredmedia":[{"embeddable":true,"href":"https:\/\/amafurni.vn\/en\/wp-json\/wp\/v2\/media\/23999"}],"wp:attachment":[{"href":"https:\/\/amafurni.vn\/en\/wp-json\/wp\/v2\/media?parent=1786"}],"wp:term":[{"taxonomy":"product_cat","embeddable":true,"href":"https:\/\/amafurni.vn\/en\/wp-json\/wp\/v2\/product_cat?post=1786"},{"taxonomy":"product_tag","embeddable":true,"href":"https:\/\/amafurni.vn\/en\/wp-json\/wp\/v2\/product_tag?post=1786"}],"curies":[{"name":"wp","href":"https:\/\/api.w.org\/{rel}","templated":true}]}}