{"id":1798,"date":"2023-12-05T16:46:40","date_gmt":"2023-12-05T09:46:40","guid":{"rendered":"https:\/\/amafurni.123websitedev.com\/san-pham\/warrior-gaming-chair-maiden-series-wgc309-real-leather-black\/"},"modified":"2025-11-12T14:10:07","modified_gmt":"2025-11-12T07:10:07","slug":"warrior-gaming-chair-maiden-series-wgc309-real-leather-black","status":"publish","type":"product","link":"https:\/\/amafurni.vn\/en\/product\/warrior-gaming-chair-maiden-series-wgc309-real-leather-black\/","title":{"rendered":"WARRIOR GAMING CHAIR &#8211; Maiden Series &#8211; WGC309 &#8211; Real Leather Black"},"content":{"rendered":"<table border=\"1\" height=\"219\">\n<tbody><\/tbody>\n<tbody>\n<tr>\n<td><span><strong>Material<\/strong><\/span><\/td>\n<td><span><strong>Size<\/strong><\/span><\/td>\n<td><span><strong>T\u00ednh N\u0103ng<\/strong><\/span><\/td>\n<td><span><strong>M\u00e0u S\u1eafc<\/strong><\/span><\/td>\n<td><span><strong>Xu\u1ea5t X\u1ee9<\/strong><\/span><\/td>\n<td><span><strong>B\u1ea3o h\u00e0nh<\/strong><\/span><\/td>\n<\/tr>\n<tr>\n<td>\n<ul>\n<li><span>Gh\u1ebf cao c\u1ea5p d\u00e0nh cho Game<\/span><\/li>\n<li><span>Ch\u1ea5t li\u1ec7u:\u00a0da th\u1eadt, m\u1eb7t sau l\u01b0ng v\u00e2n carbon<\/span><\/li>\n<li><span>Tr\u1ee5c th\u1ee7y l\u1ef1c Class 4 v\u1edbi \u0111\u1ed9 \u1ed5n \u0111\u1ecbnh cao<\/span><\/li>\n<li><span>B\u1ec7 \u0111\u1ee1: Ki\u1ec3u con c\u00f3c<\/span><\/li>\n<li><span>\u0110\u1ec7m m\u00f4ng v\u00e0 \u0111\u1ec7m l\u01b0ng gh\u1ebf \u0111\u01b0\u1ee3c l\u00e0m b\u1eb1ng khu\u00f4n s\u1ed1p l\u1ea1nh (cold molded foam)<\/span><\/li>\n<li><span>Gh\u1ebf c\u00f3 kh\u1ea3 n\u0103ng ng\u1ea3 \u0111\u01b0\u1ee3c 160 \u0111\u1ed9, xoay 180 \u0111\u1ed9<\/span><\/li>\n<li><span>Khung kim lo\u1ea1i t\u1ea1o n\u00ean s\u1ef1 ch\u1eafc ch\u1eafn, \u1ed5n \u0111\u1ecbnh khi s\u1eed d\u1ee5ng<\/span><\/li>\n<li><span>Tay gh\u1ebf 4D<\/span><\/li>\n<li><span>G\u00f3c \u0111\u1ee9ng: 92\u00b0 \u00b1 2\u00b0<\/span><\/li>\n<li><span>\u0110\u1ed9 cao c\u1ee7a \u0111i\u1ec3m t\u1ef1a tay: 70 mm<\/span><\/li>\n<li><span>\u0110\u01b0\u1eddng k\u00ednh ch\u00e2n: 60cm<\/span><\/li>\n<li><span>Tr\u1ecdng t\u1ea3i theo g\u00f3c \u0111\u1ee9ng: 120kg<\/span><\/li>\n<li><span>Khung ch\u00e2n, b\u00e1nh xe \u0111\u01b0\u1ee3c thi\u1ebft k\u1ebf ko g\u00e2y ti\u1ebfng \u1ed3n<\/span><\/li>\n<\/ul>\n<\/td>\n<td>\n<p><span>650*600*(1200-1280)<\/span><\/p>\n<ul>\n<li><span>\u0110\u1ed9 cao c\u1ee7a \u0111i\u1ec3m t\u1ef1a tay: 70 mm<\/span><\/li>\n<\/ul>\n<\/td>\n<td>\n<p><span>.\u00a0*Gh\u1ebf c\u00f3 kh\u1ea3 n\u0103ng ng\u1ea3 \u0111\u01b0\u1ee3c 160 \u0111\u1ed9, xoay 180 \u0111\u1ed9<\/span><\/p>\n<p><span>*Tay gh\u1ebf 3D<\/span><br \/><span>. T\u0103ng gi\u1ea3m chi\u1ec1u cao<\/span><br \/><span>. 02 g\u1ed1i d\u1ef1a : 1 g\u1ed1i \u0111\u1ea7u, 1 g\u1ed1i l\u01b0ng<\/span><\/p>\n<\/p>\n<\/td>\n<td>\n<p>NH\u01af H\u00ccNH<\/p>\n<\/td>\n<td>NH\u1eacP KH\u1ea8U\u00a0<\/td>\n<td>\n<p><span>. 12 th\u00e1ng k\u1ef9 thu\u1eadt<\/span><\/p>\n<\/td>\n<\/tr>\n<\/tbody>\n<\/table>","protected":false},"excerpt":{"rendered":"<p>Gh\u1ebf cao c\u1ea5p d\u00e0nh cho Game<br \/>\nCh\u1ea5t li\u1ec7u: da th\u1eadt, m\u1eb7t sau l\u01b0ng v\u00e2n carbon<br \/>\nTr\u1ee5c th\u1ee7y l\u1ef1c Class 4 v\u1edbi \u0111\u1ed9 \u1ed5n \u0111\u1ecbnh cao<br \/>\nB\u1ec7 \u0111\u1ee1: Ki\u1ec3u con c\u00f3c<br \/>\n\u0110\u1ec7m m\u00f4ng v\u00e0 \u0111\u1ec7m l\u01b0ng gh\u1ebf \u0111\u01b0\u1ee3c l\u00e0m b\u1eb1ng khu\u00f4n s\u1ed1p l\u1ea1nh (cold molded foam)<br \/>\nGh\u1ebf c\u00f3 kh\u1ea3 n\u0103ng ng\u1ea3 \u0111\u01b0\u1ee3c 160 \u0111\u1ed9, xoay 180 \u0111\u1ed9<br \/>\nKhung kim lo\u1ea1i t\u1ea1o n\u00ean s\u1ef1 ch\u1eafc ch\u1eafn, \u1ed5n \u0111\u1ecbnh khi s\u1eed d\u1ee5ng<br \/>\nTay gh\u1ebf 4D<br \/>\nG\u00f3c \u0111\u1ee9ng: 92\u00b0 \u00b1 2\u00b0<br \/>\n\u0110\u1ed9 cao c\u1ee7a \u0111i\u1ec3m t\u1ef1a tay: 70 mm<br \/>\n\u0110\u01b0\u1eddng k\u00ednh ch\u00e2n: 60cm<br \/>\nTr\u1ecdng t\u1ea3i theo g\u00f3c \u0111\u1ee9ng: 120kg<br \/>\nKhung ch\u00e2n, b\u00e1nh xe \u0111\u01b0\u1ee3c thi\u1ebft k\u1ebf ko g\u00e2y ti\u1ebfng \u1ed3n<\/p>","protected":false},"featured_media":1799,"comment_status":"open","ping_status":"closed","template":"","meta":[],"product_cat":[60,80],"product_tag":[],"yoast_head":"<!-- This site is optimized with the Yoast SEO Premium plugin v21.7 (Yoast SEO v21.7) - https:\/\/yoast.com\/wordpress\/plugins\/seo\/ -->\n<title>WARRIOR GAMING CHAIR - Maiden Series - WGC309 - Real Leather Black - AMAFURNI<\/title>\n<meta name=\"robots\" content=\"index, follow, max-snippet:-1, max-image-preview:large, max-video-preview:-1\" \/>\n<link rel=\"canonical\" href=\"https:\/\/amafurni.vn\/en\/product\/warrior-gaming-chair-maiden-series-wgc309-real-leather-black\/\" \/>\n<meta property=\"og:locale\" content=\"en_US\" \/>\n<meta property=\"og:type\" content=\"article\" \/>\n<meta property=\"og:title\" content=\"WARRIOR GAMING CHAIR - Maiden Series - WGC309 - Real Leather Black\" \/>\n<meta property=\"og:description\" content=\"Gh\u1ebf cao c\u1ea5p d\u00e0nh cho Game Ch\u1ea5t li\u1ec7u: da th\u1eadt, m\u1eb7t sau l\u01b0ng v\u00e2n carbon Tr\u1ee5c th\u1ee7y l\u1ef1c Class 4 v\u1edbi \u0111\u1ed9 \u1ed5n \u0111\u1ecbnh cao B\u1ec7 \u0111\u1ee1: Ki\u1ec3u con c\u00f3c \u0110\u1ec7m m\u00f4ng v\u00e0 \u0111\u1ec7m l\u01b0ng gh\u1ebf \u0111\u01b0\u1ee3c l\u00e0m b\u1eb1ng khu\u00f4n s\u1ed1p l\u1ea1nh (cold molded foam) Gh\u1ebf c\u00f3 kh\u1ea3 n\u0103ng ng\u1ea3 \u0111\u01b0\u1ee3c 160 \u0111\u1ed9, xoay 180 \u0111\u1ed9 Khung kim lo\u1ea1i t\u1ea1o n\u00ean s\u1ef1 ch\u1eafc ch\u1eafn, \u1ed5n \u0111\u1ecbnh khi s\u1eed d\u1ee5ng Tay gh\u1ebf 4D G\u00f3c \u0111\u1ee9ng: 92\u00b0 \u00b1 2\u00b0 \u0110\u1ed9 cao c\u1ee7a \u0111i\u1ec3m t\u1ef1a tay: 70 mm \u0110\u01b0\u1eddng k\u00ednh ch\u00e2n: 60cm Tr\u1ecdng t\u1ea3i theo g\u00f3c \u0111\u1ee9ng: 120kg Khung ch\u00e2n, b\u00e1nh xe \u0111\u01b0\u1ee3c thi\u1ebft k\u1ebf ko g\u00e2y ti\u1ebfng \u1ed3n\" \/>\n<meta property=\"og:url\" content=\"https:\/\/amafurni.vn\/en\/product\/warrior-gaming-chair-maiden-series-wgc309-real-leather-black\/\" \/>\n<meta property=\"og:site_name\" content=\"AMAFURNI\" \/>\n<meta property=\"article:modified_time\" content=\"2025-11-12T07:10:07+00:00\" \/>\n<meta property=\"og:image\" content=\"https:\/\/amafurni.vn\/wp-content\/uploads\/2023\/12\/warrior-gaming-chair-maiden-series-wgc309-real-leather-black_656ef17a98eee.jpeg\" \/>\n\t<meta property=\"og:image:width\" content=\"800\" \/>\n\t<meta property=\"og:image:height\" content=\"800\" \/>\n\t<meta property=\"og:image:type\" content=\"image\/jpeg\" \/>\n<meta name=\"twitter:card\" content=\"summary_large_image\" \/>\n<meta name=\"twitter:label1\" content=\"Est. reading time\" \/>\n\t<meta name=\"twitter:data1\" content=\"1 minute\" \/>\n<script type=\"application\/ld+json\" class=\"yoast-schema-graph\">{\"@context\":\"https:\/\/schema.org\",\"@graph\":[{\"@type\":\"WebPage\",\"@id\":\"https:\/\/amafurni.vn\/san-pham\/warrior-gaming-chair-maiden-series-wgc309-real-leather-black\/\",\"url\":\"https:\/\/amafurni.vn\/san-pham\/warrior-gaming-chair-maiden-series-wgc309-real-leather-black\/\",\"name\":\"WARRIOR GAMING CHAIR - Maiden Series - WGC309 - Real Leather Black - AMAFURNI\",\"isPartOf\":{\"@id\":\"https:\/\/amafurni.vn\/#website\"},\"datePublished\":\"2023-12-05T09:46:40+00:00\",\"dateModified\":\"2025-11-12T07:10:07+00:00\",\"breadcrumb\":{\"@id\":\"https:\/\/amafurni.vn\/san-pham\/warrior-gaming-chair-maiden-series-wgc309-real-leather-black\/#breadcrumb\"},\"inLanguage\":\"en-US\",\"potentialAction\":[{\"@type\":\"ReadAction\",\"target\":[\"https:\/\/amafurni.vn\/san-pham\/warrior-gaming-chair-maiden-series-wgc309-real-leather-black\/\"]}]},{\"@type\":\"BreadcrumbList\",\"@id\":\"https:\/\/amafurni.vn\/san-pham\/warrior-gaming-chair-maiden-series-wgc309-real-leather-black\/#breadcrumb\",\"itemListElement\":[{\"@type\":\"ListItem\",\"position\":1,\"name\":\"Trang ch\u1ee7\",\"item\":\"https:\/\/amafurni.vn\/\"},{\"@type\":\"ListItem\",\"position\":2,\"name\":\"S\u1ea3n ph\u1ea9m\",\"item\":\"https:\/\/amafurni.vn\/san-pham\/\"},{\"@type\":\"ListItem\",\"position\":3,\"name\":\"WARRIOR GAMING CHAIR &#8211; Maiden Series &#8211; WGC309 &#8211; Real Leather Black\"}]},{\"@type\":\"WebSite\",\"@id\":\"https:\/\/amafurni.vn\/#website\",\"url\":\"https:\/\/amafurni.vn\/\",\"name\":\"AMAFURNI\",\"description\":\"\",\"potentialAction\":[{\"@type\":\"SearchAction\",\"target\":{\"@type\":\"EntryPoint\",\"urlTemplate\":\"https:\/\/amafurni.vn\/?s={search_term_string}\"},\"query-input\":\"required name=search_term_string\"}],\"inLanguage\":\"en-US\"}]}<\/script>\n<!-- \/ Yoast SEO Premium plugin. -->","yoast_head_json":{"title":"WARRIOR GAMING CHAIR - Maiden Series - WGC309 - Real Leather Black - AMAFURNI","robots":{"index":"index","follow":"follow","max-snippet":"max-snippet:-1","max-image-preview":"max-image-preview:large","max-video-preview":"max-video-preview:-1"},"canonical":"https:\/\/amafurni.vn\/en\/product\/warrior-gaming-chair-maiden-series-wgc309-real-leather-black\/","og_locale":"en_US","og_type":"article","og_title":"WARRIOR GAMING CHAIR - Maiden Series - WGC309 - Real Leather Black","og_description":"Gh\u1ebf cao c\u1ea5p d\u00e0nh cho Game Ch\u1ea5t li\u1ec7u: da th\u1eadt, m\u1eb7t sau l\u01b0ng v\u00e2n carbon Tr\u1ee5c th\u1ee7y l\u1ef1c Class 4 v\u1edbi \u0111\u1ed9 \u1ed5n \u0111\u1ecbnh cao B\u1ec7 \u0111\u1ee1: Ki\u1ec3u con c\u00f3c \u0110\u1ec7m m\u00f4ng v\u00e0 \u0111\u1ec7m l\u01b0ng gh\u1ebf \u0111\u01b0\u1ee3c l\u00e0m b\u1eb1ng khu\u00f4n s\u1ed1p l\u1ea1nh (cold molded foam) Gh\u1ebf c\u00f3 kh\u1ea3 n\u0103ng ng\u1ea3 \u0111\u01b0\u1ee3c 160 \u0111\u1ed9, xoay 180 \u0111\u1ed9 Khung kim lo\u1ea1i t\u1ea1o n\u00ean s\u1ef1 ch\u1eafc ch\u1eafn, \u1ed5n \u0111\u1ecbnh khi s\u1eed d\u1ee5ng Tay gh\u1ebf 4D G\u00f3c \u0111\u1ee9ng: 92\u00b0 \u00b1 2\u00b0 \u0110\u1ed9 cao c\u1ee7a \u0111i\u1ec3m t\u1ef1a tay: 70 mm \u0110\u01b0\u1eddng k\u00ednh ch\u00e2n: 60cm Tr\u1ecdng t\u1ea3i theo g\u00f3c \u0111\u1ee9ng: 120kg Khung ch\u00e2n, b\u00e1nh xe \u0111\u01b0\u1ee3c thi\u1ebft k\u1ebf ko g\u00e2y ti\u1ebfng \u1ed3n","og_url":"https:\/\/amafurni.vn\/en\/product\/warrior-gaming-chair-maiden-series-wgc309-real-leather-black\/","og_site_name":"AMAFURNI","article_modified_time":"2025-11-12T07:10:07+00:00","og_image":[{"width":800,"height":800,"url":"https:\/\/amafurni.vn\/wp-content\/uploads\/2023\/12\/warrior-gaming-chair-maiden-series-wgc309-real-leather-black_656ef17a98eee.jpeg","type":"image\/jpeg"}],"twitter_card":"summary_large_image","twitter_misc":{"Est. reading time":"1 minute"},"schema":{"@context":"https:\/\/schema.org","@graph":[{"@type":"WebPage","@id":"https:\/\/amafurni.vn\/san-pham\/warrior-gaming-chair-maiden-series-wgc309-real-leather-black\/","url":"https:\/\/amafurni.vn\/san-pham\/warrior-gaming-chair-maiden-series-wgc309-real-leather-black\/","name":"WARRIOR GAMING CHAIR - Maiden Series - WGC309 - Real Leather Black - AMAFURNI","isPartOf":{"@id":"https:\/\/amafurni.vn\/#website"},"datePublished":"2023-12-05T09:46:40+00:00","dateModified":"2025-11-12T07:10:07+00:00","breadcrumb":{"@id":"https:\/\/amafurni.vn\/san-pham\/warrior-gaming-chair-maiden-series-wgc309-real-leather-black\/#breadcrumb"},"inLanguage":"en-US","potentialAction":[{"@type":"ReadAction","target":["https:\/\/amafurni.vn\/san-pham\/warrior-gaming-chair-maiden-series-wgc309-real-leather-black\/"]}]},{"@type":"BreadcrumbList","@id":"https:\/\/amafurni.vn\/san-pham\/warrior-gaming-chair-maiden-series-wgc309-real-leather-black\/#breadcrumb","itemListElement":[{"@type":"ListItem","position":1,"name":"Trang ch\u1ee7","item":"https:\/\/amafurni.vn\/"},{"@type":"ListItem","position":2,"name":"S\u1ea3n ph\u1ea9m","item":"https:\/\/amafurni.vn\/san-pham\/"},{"@type":"ListItem","position":3,"name":"WARRIOR GAMING CHAIR &#8211; Maiden Series &#8211; WGC309 &#8211; Real Leather Black"}]},{"@type":"WebSite","@id":"https:\/\/amafurni.vn\/#website","url":"https:\/\/amafurni.vn\/","name":"AMAFURNI","description":"","potentialAction":[{"@type":"SearchAction","target":{"@type":"EntryPoint","urlTemplate":"https:\/\/amafurni.vn\/?s={search_term_string}"},"query-input":"required name=search_term_string"}],"inLanguage":"en-US"}]}},"_links":{"self":[{"href":"https:\/\/amafurni.vn\/en\/wp-json\/wp\/v2\/product\/1798"}],"collection":[{"href":"https:\/\/amafurni.vn\/en\/wp-json\/wp\/v2\/product"}],"about":[{"href":"https:\/\/amafurni.vn\/en\/wp-json\/wp\/v2\/types\/product"}],"replies":[{"embeddable":true,"href":"https:\/\/amafurni.vn\/en\/wp-json\/wp\/v2\/comments?post=1798"}],"wp:featuredmedia":[{"embeddable":true,"href":"https:\/\/amafurni.vn\/en\/wp-json\/wp\/v2\/media\/1799"}],"wp:attachment":[{"href":"https:\/\/amafurni.vn\/en\/wp-json\/wp\/v2\/media?parent=1798"}],"wp:term":[{"taxonomy":"product_cat","embeddable":true,"href":"https:\/\/amafurni.vn\/en\/wp-json\/wp\/v2\/product_cat?post=1798"},{"taxonomy":"product_tag","embeddable":true,"href":"https:\/\/amafurni.vn\/en\/wp-json\/wp\/v2\/product_tag?post=1798"}],"curies":[{"name":"wp","href":"https:\/\/api.w.org\/{rel}","templated":true}]}}