{"id":18118,"date":"2024-09-20T11:01:32","date_gmt":"2024-09-20T04:01:32","guid":{"rendered":"https:\/\/amafurni.vn\/?post_type=product&#038;p=18118"},"modified":"2026-03-27T13:32:30","modified_gmt":"2026-03-27T06:32:30","slug":"ban-ama-36t","status":"publish","type":"product","link":"https:\/\/amafurni.vn\/en\/product\/ban-ama-36t\/","title":{"rendered":"B\u00e0n sofa AMA-36T"},"content":{"rendered":"<table class=\"woocommerce-product-attributes shop_attributes\" style=\"width: 98.8402%; height: 294px;\" width=\"929\">\n<tbody>\n<tr class=\"woocommerce-product-attributes-item woocommerce-product-attributes-item--attribute_season\" style=\"height: 32px;\">\n<th class=\"woocommerce-product-attributes-item__label\" style=\"height: 55px; width: 15.7838%;\">Material<\/th>\n<td class=\"woocommerce-product-attributes-item__value\" style=\"height: 55px; width: 81.5135%;\">M\u1eb7t ki\u1ebfng c\u01b0\u1eddng l\u1ef1c \u0111en +vi\u1ec1n inox v\u00e0ng + \u0111\u1ebf th\u1ee7y tinh<\/td>\n<\/tr>\n<tr class=\"woocommerce-product-attributes-item woocommerce-product-attributes-item--attribute_pa_color\" style=\"height: 34px;\">\n<th class=\"woocommerce-product-attributes-item__label\" style=\"height: 48px; width: 15.7838%;\">M\u00e0u S\u1eafc<\/th>\n<td class=\"woocommerce-product-attributes-item__value\" style=\"height: 48px; width: 81.5135%;\">X\u00e1nh l\u00e1 , X\u00e1m , h\u1ed3ng<\/td>\n<\/tr>\n<tr class=\"woocommerce-product-attributes-item woocommerce-product-attributes-item--attribute_style\" style=\"height: 34px;\">\n<th class=\"woocommerce-product-attributes-item__label\" style=\"height: 68px; width: 15.7838%;\">Size<\/th>\n<td class=\"woocommerce-product-attributes-item__value\" style=\"height: 68px; width: 81.5135%;\">M\u1eb7t ki\u1ebfng 70cm cao 40cm c\u00e2n n\u1eb7ng: 15kg<\/td>\n<\/tr>\n<tr class=\"woocommerce-product-attributes-item woocommerce-product-attributes-item--attribute_pa_material\" style=\"height: 38px;\">\n<th class=\"woocommerce-product-attributes-item__label\" style=\"height: 54px; width: 15.7838%;\">T\u00ednh N\u0103ng<\/th>\n<td class=\"woocommerce-product-attributes-item__value\" style=\"height: 54px; width: 81.5135%;\">\u00a001 Ch\u00e2n \u0111\u1ebf + 01 m\u1eb7t b\u00e0n<\/td>\n<\/tr>\n<tr class=\"woocommerce-product-attributes-item woocommerce-product-attributes-item--attribute_item-code\" style=\"height: 38px;\">\n<th class=\"woocommerce-product-attributes-item__label\" style=\"height: 69px; width: 15.7838%;\">B\u1ea3o H\u00e0nh<\/th>\n<td class=\"woocommerce-product-attributes-item__value\" style=\"height: 69px; width: 81.5135%;\">1 n\u0103m<\/td>\n<\/tr>\n<\/tbody>\n<\/table>","protected":false},"excerpt":{"rendered":"<p><strong>M\u1eabu b\u00e0n nh\u1eadp kh\u1ea9u tr\u1ef1c ti\u1ebfp c\u1ee7a N\u1ed8I TH\u1ea4T AMA FURNITURE , v\u1edbi thi\u1ebft k\u1ebf tinh t\u1ebf , t\u1ed1i gian t\u1ea1o n\u00ean v\u1ebb \u0111\u1eb9p sang tr\u1ecdng cho kh\u00f4ng gian Qu\u00e1n cafe, Nh\u00e0 h\u00e0ng, Kh\u00e1ch s\u1ea1n v.v.<\/strong><\/p>\n<ul>\n<li>T\u00ednh n\u0103ng :\n<ul>\n<li>Ch\u1ea5t l\u01b0\u1ee3ng b\u1ec1n ch\u1eafc, s\u1eed d\u1ee5ng l\u00e2u d\u00e0i<\/li>\n<li>D\u1ec5 d\u00e0ng lau ch\u00f9i, v\u1ec7 sinh<\/li>\n<li>Ch\u1ed1ng va \u0111\u1eadp t\u1ed1t, m\u00e0u s\u1eafc s\u1ed1ng \u0111\u1ed9ng<\/li>\n<\/ul>\n<ul>\n<li>M\u1eb7t b\u00e0n thi\u1ebft k\u1ebf tinh t\u1ebf<\/li>\n<\/ul>\n<\/li>\n<\/ul>","protected":false},"featured_media":18227,"comment_status":"closed","ping_status":"closed","template":"","meta":[],"product_cat":[100,61,87],"product_tag":[547],"yoast_head":"<!-- This site is optimized with the Yoast SEO Premium plugin v21.7 (Yoast SEO v21.7) - https:\/\/yoast.com\/wordpress\/plugins\/seo\/ -->\n<title>B\u00e0n sofa AMA-36T - AMAFURNI<\/title>\n<meta name=\"description\" content=\"Hotline : 0286 2757601 - 0969919449 - 0906963408 . AMA Furniture l\u00e0 Nh\u00e0 Ph\u00e2n Ph\u1ed1i c\u00e1c s\u1ea3n ph\u1ea9m h\u00e0ng \u0111\u1ea7u t\u1ea1i Vi\u1ec7t Nam v\u1ec1 : N\u1ed9i th\u1ea5t b\u00e0n gh\u1ebf v\u0103n ph\u00f2ng, n\u1ed9i th\u1ea5t gia \u0111\u00ecnh, S\u1ea3n xu\u1ea5t thi c\u00f4ng n\u1ed9i th\u1ea5t theo y\u00eau c\u1ea7u , Nh\u00e0 ph\u00e2n ph\u1ed1i M\u00e1y l\u1ecdc n\u01b0\u1edbc Unilever PUREIT, M\u00e1y l\u1ecdc n\u01b0\u1edbc TRULIVA, WELLS, MUTOSI, HO\u00c0 PH\u00c1T, \u0110\u1ed3 \u0111i\u1ec7n gia d\u1ee5ng TEFAL, PHILIPS,\u2026\" \/>\n<meta name=\"robots\" content=\"index, follow, max-snippet:-1, max-image-preview:large, max-video-preview:-1\" \/>\n<link rel=\"canonical\" href=\"https:\/\/amafurni.vn\/en\/product\/ban-ama-36t\/\" \/>\n<meta property=\"og:locale\" content=\"en_US\" \/>\n<meta property=\"og:type\" content=\"article\" \/>\n<meta property=\"og:title\" content=\"B\u00e0n sofa AMA-36T\" \/>\n<meta property=\"og:description\" content=\"Hotline : 0286 2757601 - 0969919449 - 0906963408 . AMA Furniture l\u00e0 Nh\u00e0 Ph\u00e2n Ph\u1ed1i c\u00e1c s\u1ea3n ph\u1ea9m h\u00e0ng \u0111\u1ea7u t\u1ea1i Vi\u1ec7t Nam v\u1ec1 : N\u1ed9i th\u1ea5t b\u00e0n gh\u1ebf v\u0103n ph\u00f2ng, n\u1ed9i th\u1ea5t gia \u0111\u00ecnh, S\u1ea3n xu\u1ea5t thi c\u00f4ng n\u1ed9i th\u1ea5t theo y\u00eau c\u1ea7u , Nh\u00e0 ph\u00e2n ph\u1ed1i M\u00e1y l\u1ecdc n\u01b0\u1edbc Unilever PUREIT, M\u00e1y l\u1ecdc n\u01b0\u1edbc TRULIVA, WELLS, MUTOSI, HO\u00c0 PH\u00c1T, \u0110\u1ed3 \u0111i\u1ec7n gia d\u1ee5ng TEFAL, PHILIPS,\u2026\" \/>\n<meta property=\"og:url\" content=\"https:\/\/amafurni.vn\/en\/product\/ban-ama-36t\/\" \/>\n<meta property=\"og:site_name\" content=\"AMAFURNI\" \/>\n<meta property=\"article:modified_time\" content=\"2026-03-27T06:32:30+00:00\" \/>\n<meta property=\"og:image\" content=\"https:\/\/amafurni.vn\/wp-content\/uploads\/2024\/09\/50a7d6f5-9938-.jpeg\" \/>\n\t<meta property=\"og:image:width\" content=\"800\" \/>\n\t<meta property=\"og:image:height\" content=\"800\" \/>\n\t<meta property=\"og:image:type\" content=\"image\/jpeg\" \/>\n<meta name=\"twitter:card\" content=\"summary_large_image\" \/>\n<meta name=\"twitter:label1\" content=\"Est. reading time\" \/>\n\t<meta name=\"twitter:data1\" content=\"1 minute\" \/>\n<script type=\"application\/ld+json\" class=\"yoast-schema-graph\">{\"@context\":\"https:\/\/schema.org\",\"@graph\":[{\"@type\":\"WebPage\",\"@id\":\"https:\/\/amafurni.vn\/san-pham\/ban-ama-36t\/\",\"url\":\"https:\/\/amafurni.vn\/san-pham\/ban-ama-36t\/\",\"name\":\"B\u00e0n sofa AMA-36T - AMAFURNI\",\"isPartOf\":{\"@id\":\"https:\/\/amafurni.vn\/#website\"},\"datePublished\":\"2024-09-20T04:01:32+00:00\",\"dateModified\":\"2026-03-27T06:32:30+00:00\",\"description\":\"Hotline : 0286 2757601 - 0969919449 - 0906963408 . AMA Furniture l\u00e0 Nh\u00e0 Ph\u00e2n Ph\u1ed1i c\u00e1c s\u1ea3n ph\u1ea9m h\u00e0ng \u0111\u1ea7u t\u1ea1i Vi\u1ec7t Nam v\u1ec1 : N\u1ed9i th\u1ea5t b\u00e0n gh\u1ebf v\u0103n ph\u00f2ng, n\u1ed9i th\u1ea5t gia \u0111\u00ecnh, S\u1ea3n xu\u1ea5t thi c\u00f4ng n\u1ed9i th\u1ea5t theo y\u00eau c\u1ea7u , Nh\u00e0 ph\u00e2n ph\u1ed1i M\u00e1y l\u1ecdc n\u01b0\u1edbc Unilever PUREIT, M\u00e1y l\u1ecdc n\u01b0\u1edbc TRULIVA, WELLS, MUTOSI, HO\u00c0 PH\u00c1T, \u0110\u1ed3 \u0111i\u1ec7n gia d\u1ee5ng TEFAL, PHILIPS,\u2026\",\"breadcrumb\":{\"@id\":\"https:\/\/amafurni.vn\/san-pham\/ban-ama-36t\/#breadcrumb\"},\"inLanguage\":\"en-US\",\"potentialAction\":[{\"@type\":\"ReadAction\",\"target\":[\"https:\/\/amafurni.vn\/san-pham\/ban-ama-36t\/\"]}]},{\"@type\":\"BreadcrumbList\",\"@id\":\"https:\/\/amafurni.vn\/san-pham\/ban-ama-36t\/#breadcrumb\",\"itemListElement\":[{\"@type\":\"ListItem\",\"position\":1,\"name\":\"Trang ch\u1ee7\",\"item\":\"https:\/\/amafurni.vn\/\"},{\"@type\":\"ListItem\",\"position\":2,\"name\":\"S\u1ea3n ph\u1ea9m\",\"item\":\"https:\/\/amafurni.vn\/san-pham\/\"},{\"@type\":\"ListItem\",\"position\":3,\"name\":\"B\u00e0n sofa AMA-36T\"}]},{\"@type\":\"WebSite\",\"@id\":\"https:\/\/amafurni.vn\/#website\",\"url\":\"https:\/\/amafurni.vn\/\",\"name\":\"AMAFURNI\",\"description\":\"\",\"potentialAction\":[{\"@type\":\"SearchAction\",\"target\":{\"@type\":\"EntryPoint\",\"urlTemplate\":\"https:\/\/amafurni.vn\/?s={search_term_string}\"},\"query-input\":\"required name=search_term_string\"}],\"inLanguage\":\"en-US\"}]}<\/script>\n<!-- \/ Yoast SEO Premium plugin. -->","yoast_head_json":{"title":"B\u00e0n sofa AMA-36T - AMAFURNI","description":"Hotline : 0286 2757601 - 0969919449 - 0906963408 . AMA Furniture l\u00e0 Nh\u00e0 Ph\u00e2n Ph\u1ed1i c\u00e1c s\u1ea3n ph\u1ea9m h\u00e0ng \u0111\u1ea7u t\u1ea1i Vi\u1ec7t Nam v\u1ec1 : N\u1ed9i th\u1ea5t b\u00e0n gh\u1ebf v\u0103n ph\u00f2ng, n\u1ed9i th\u1ea5t gia \u0111\u00ecnh, S\u1ea3n xu\u1ea5t thi c\u00f4ng n\u1ed9i th\u1ea5t theo y\u00eau c\u1ea7u , Nh\u00e0 ph\u00e2n ph\u1ed1i M\u00e1y l\u1ecdc n\u01b0\u1edbc Unilever PUREIT, M\u00e1y l\u1ecdc n\u01b0\u1edbc TRULIVA, WELLS, MUTOSI, HO\u00c0 PH\u00c1T, \u0110\u1ed3 \u0111i\u1ec7n gia d\u1ee5ng TEFAL, PHILIPS,\u2026","robots":{"index":"index","follow":"follow","max-snippet":"max-snippet:-1","max-image-preview":"max-image-preview:large","max-video-preview":"max-video-preview:-1"},"canonical":"https:\/\/amafurni.vn\/en\/product\/ban-ama-36t\/","og_locale":"en_US","og_type":"article","og_title":"B\u00e0n sofa AMA-36T","og_description":"Hotline : 0286 2757601 - 0969919449 - 0906963408 . AMA Furniture l\u00e0 Nh\u00e0 Ph\u00e2n Ph\u1ed1i c\u00e1c s\u1ea3n ph\u1ea9m h\u00e0ng \u0111\u1ea7u t\u1ea1i Vi\u1ec7t Nam v\u1ec1 : N\u1ed9i th\u1ea5t b\u00e0n gh\u1ebf v\u0103n ph\u00f2ng, n\u1ed9i th\u1ea5t gia \u0111\u00ecnh, S\u1ea3n xu\u1ea5t thi c\u00f4ng n\u1ed9i th\u1ea5t theo y\u00eau c\u1ea7u , Nh\u00e0 ph\u00e2n ph\u1ed1i M\u00e1y l\u1ecdc n\u01b0\u1edbc Unilever PUREIT, M\u00e1y l\u1ecdc n\u01b0\u1edbc TRULIVA, WELLS, MUTOSI, HO\u00c0 PH\u00c1T, \u0110\u1ed3 \u0111i\u1ec7n gia d\u1ee5ng TEFAL, PHILIPS,\u2026","og_url":"https:\/\/amafurni.vn\/en\/product\/ban-ama-36t\/","og_site_name":"AMAFURNI","article_modified_time":"2026-03-27T06:32:30+00:00","og_image":[{"width":800,"height":800,"url":"https:\/\/amafurni.vn\/wp-content\/uploads\/2024\/09\/50a7d6f5-9938-.jpeg","type":"image\/jpeg"}],"twitter_card":"summary_large_image","twitter_misc":{"Est. reading time":"1 minute"},"schema":{"@context":"https:\/\/schema.org","@graph":[{"@type":"WebPage","@id":"https:\/\/amafurni.vn\/san-pham\/ban-ama-36t\/","url":"https:\/\/amafurni.vn\/san-pham\/ban-ama-36t\/","name":"B\u00e0n sofa AMA-36T - AMAFURNI","isPartOf":{"@id":"https:\/\/amafurni.vn\/#website"},"datePublished":"2024-09-20T04:01:32+00:00","dateModified":"2026-03-27T06:32:30+00:00","description":"Hotline : 0286 2757601 - 0969919449 - 0906963408 . AMA Furniture l\u00e0 Nh\u00e0 Ph\u00e2n Ph\u1ed1i c\u00e1c s\u1ea3n ph\u1ea9m h\u00e0ng \u0111\u1ea7u t\u1ea1i Vi\u1ec7t Nam v\u1ec1 : N\u1ed9i th\u1ea5t b\u00e0n gh\u1ebf v\u0103n ph\u00f2ng, n\u1ed9i th\u1ea5t gia \u0111\u00ecnh, S\u1ea3n xu\u1ea5t thi c\u00f4ng n\u1ed9i th\u1ea5t theo y\u00eau c\u1ea7u , Nh\u00e0 ph\u00e2n ph\u1ed1i M\u00e1y l\u1ecdc n\u01b0\u1edbc Unilever PUREIT, M\u00e1y l\u1ecdc n\u01b0\u1edbc TRULIVA, WELLS, MUTOSI, HO\u00c0 PH\u00c1T, \u0110\u1ed3 \u0111i\u1ec7n gia d\u1ee5ng TEFAL, PHILIPS,\u2026","breadcrumb":{"@id":"https:\/\/amafurni.vn\/san-pham\/ban-ama-36t\/#breadcrumb"},"inLanguage":"en-US","potentialAction":[{"@type":"ReadAction","target":["https:\/\/amafurni.vn\/san-pham\/ban-ama-36t\/"]}]},{"@type":"BreadcrumbList","@id":"https:\/\/amafurni.vn\/san-pham\/ban-ama-36t\/#breadcrumb","itemListElement":[{"@type":"ListItem","position":1,"name":"Trang ch\u1ee7","item":"https:\/\/amafurni.vn\/"},{"@type":"ListItem","position":2,"name":"S\u1ea3n ph\u1ea9m","item":"https:\/\/amafurni.vn\/san-pham\/"},{"@type":"ListItem","position":3,"name":"B\u00e0n sofa AMA-36T"}]},{"@type":"WebSite","@id":"https:\/\/amafurni.vn\/#website","url":"https:\/\/amafurni.vn\/","name":"AMAFURNI","description":"","potentialAction":[{"@type":"SearchAction","target":{"@type":"EntryPoint","urlTemplate":"https:\/\/amafurni.vn\/?s={search_term_string}"},"query-input":"required name=search_term_string"}],"inLanguage":"en-US"}]}},"_links":{"self":[{"href":"https:\/\/amafurni.vn\/en\/wp-json\/wp\/v2\/product\/18118"}],"collection":[{"href":"https:\/\/amafurni.vn\/en\/wp-json\/wp\/v2\/product"}],"about":[{"href":"https:\/\/amafurni.vn\/en\/wp-json\/wp\/v2\/types\/product"}],"replies":[{"embeddable":true,"href":"https:\/\/amafurni.vn\/en\/wp-json\/wp\/v2\/comments?post=18118"}],"wp:featuredmedia":[{"embeddable":true,"href":"https:\/\/amafurni.vn\/en\/wp-json\/wp\/v2\/media\/18227"}],"wp:attachment":[{"href":"https:\/\/amafurni.vn\/en\/wp-json\/wp\/v2\/media?parent=18118"}],"wp:term":[{"taxonomy":"product_cat","embeddable":true,"href":"https:\/\/amafurni.vn\/en\/wp-json\/wp\/v2\/product_cat?post=18118"},{"taxonomy":"product_tag","embeddable":true,"href":"https:\/\/amafurni.vn\/en\/wp-json\/wp\/v2\/product_tag?post=18118"}],"curies":[{"name":"wp","href":"https:\/\/api.w.org\/{rel}","templated":true}]}}