{"id":18132,"date":"2024-09-20T11:34:37","date_gmt":"2024-09-20T04:34:37","guid":{"rendered":"https:\/\/amafurni.vn\/?post_type=product&#038;p=18132"},"modified":"2025-11-12T14:15:21","modified_gmt":"2025-11-12T07:15:21","slug":"tu-thong-minh-ama-ct-20","status":"publish","type":"product","link":"https:\/\/amafurni.vn\/en\/product\/tu-thong-minh-ama-ct-20\/","title":{"rendered":"T\u1ee7 th\u00f4ng minh AMA-CT-20"},"content":{"rendered":"<table class=\"woocommerce-product-attributes shop_attributes\" style=\"width: 98.8402%;height: 294px\" width=\"929\">\n<tbody>\n<tr class=\"woocommerce-product-attributes-item woocommerce-product-attributes-item--attribute_season\" style=\"height: 32px\">\n<th class=\"woocommerce-product-attributes-item__label\" style=\"height: 55px;width: 15.7838%\">Material<\/th>\n<td class=\"woocommerce-product-attributes-item__value\" style=\"height: 55px;width: 81.5135%\">\u0110ang c\u1eadp nh\u1eadt<\/td>\n<\/tr>\n<tr class=\"woocommerce-product-attributes-item woocommerce-product-attributes-item--attribute_pa_color\" style=\"height: 34px\">\n<th class=\"woocommerce-product-attributes-item__label\" style=\"height: 48px;width: 15.7838%\">M\u00e0u S\u1eafc<\/th>\n<td class=\"woocommerce-product-attributes-item__value\" style=\"height: 48px;width: 81.5135%\">Da b\u00f2, x\u00e1m, n\u00e2u<\/td>\n<\/tr>\n<tr class=\"woocommerce-product-attributes-item woocommerce-product-attributes-item--attribute_style\" style=\"height: 34px\">\n<th class=\"woocommerce-product-attributes-item__label\" style=\"height: 68px;width: 15.7838%\">Size<\/th>\n<td class=\"woocommerce-product-attributes-item__value\" style=\"height: 68px;width: 81.5135%\">40*50*50cm<\/td>\n<\/tr>\n<tr class=\"woocommerce-product-attributes-item woocommerce-product-attributes-item--attribute_pa_material\" style=\"height: 38px\">\n<th class=\"woocommerce-product-attributes-item__label\" style=\"height: 54px;width: 15.7838%\">T\u00ednh N\u0103ng<\/th>\n<td class=\"woocommerce-product-attributes-item__value\" style=\"height: 54px;width: 81.5135%\">T\u1ee7 \u0111\u1ea7u gi\u01b0\u1eddng th\u00f4ng minh g\u1ed3m 5 ch\u1ee9c n\u0103ng:<\/p>\n<p>1.\u0110\u00e8n Led<\/p>\n<p>2.S\u1ea1c \u0110T ko d\u00e2y<\/p>\n<p>3.C\u1ed5ng USB<\/p>\n<p>4. Kh\u00f3a v\u00e2n tay<\/p>\n<p>5.Loa Bluetooh<\/td>\n<\/tr>\n<tr class=\"woocommerce-product-attributes-item woocommerce-product-attributes-item--attribute_item-code\" style=\"height: 38px\">\n<th class=\"woocommerce-product-attributes-item__label\" style=\"height: 69px;width: 15.7838%\">B\u1ea3o H\u00e0nh<\/th>\n<td class=\"woocommerce-product-attributes-item__value\" style=\"height: 69px;width: 81.5135%\">1 n\u0103m<\/td>\n<\/tr>\n<\/tbody>\n<\/table>","protected":false},"excerpt":{"rendered":"<p><strong>M\u1eabu t\u1ee7 th\u00f4ng minh nh\u1eadp kh\u1ea9u tr\u1ef1c ti\u1ebfp c\u1ee7a N\u1ed8I TH\u1ea4T AMA FURNITURE , v\u1edbi thi\u1ebft k\u1ebf tinh t\u1ebf , t\u1ed1i gian t\u1ea1o n\u00ean v\u1ebb \u0111\u1eb9p sang tr\u1ecdng cho kh\u00f4ng gian Qu\u00e1n cafe, Nh\u00e0 h\u00e0ng, Kh\u00e1ch s\u1ea1n, Ph\u00f2ng ng\u1ee7 v.v.<\/strong><\/p>\n<ul>\n<li>Ch\u1ea5t l\u01b0\u1ee3ng b\u1ec1n ch\u1eafc, s\u1eed d\u1ee5ng l\u00e2u d\u00e0i<\/li>\n<li>D\u1ec5 d\u00e0ng lau ch\u00f9i, v\u1ec7 sinh<\/li>\n<li>Ch\u1ed1ng va \u0111\u1eadp t\u1ed1t, m\u00e0u s\u1eafc s\u1ed1ng \u0111\u1ed9ng<\/li>\n<li>M\u1eb7t t\u1ee7 thi\u1ebft k\u1ebf tinh t\u1ebf<\/li>\n<\/ul>\n<ul>\n<li style=\"list-style-type: none\"><\/li>\n<\/ul>","protected":false},"featured_media":18146,"comment_status":"closed","ping_status":"closed","template":"","meta":[],"product_cat":[100,634],"product_tag":[635],"yoast_head":"<!-- This site is optimized with the Yoast SEO Premium plugin v21.7 (Yoast SEO v21.7) - https:\/\/yoast.com\/wordpress\/plugins\/seo\/ -->\n<title>T\u1ee7 th\u00f4ng minh AMA-CT-20 - AMAFURNI<\/title>\n<meta name=\"description\" content=\"Hotline : 0969919449 - 0906963408 .AMA Furniture \u0111ang l\u00e0 Nh\u00e0 Ph\u00e2n Ph\u1ed1i c\u00e1c s\u1ea3n ph\u1ea9m : - N\u1ed9i Th\u1ea5t nh\u1eadp kh\u1ea9u : b\u00e0n gh\u1ebf v\u0103n ph\u00f2ng, n\u1ed9i th\u1ea5t gia \u0111\u00ecnh, S\u1ea3n xu\u1ea5t thi c\u00f4ng n\u1ed9i th\u1ea5t theo y\u00eau c\u1ea7u.- M\u00e1y l\u1ecdc n\u01b0\u1edbc Unilever PUREIT- \u0110\u1ed3 \u0111i\u1ec7n gia d\u1ee5ng TEFAL, PHILIPS\" \/>\n<meta name=\"robots\" content=\"index, follow, max-snippet:-1, max-image-preview:large, max-video-preview:-1\" \/>\n<link rel=\"canonical\" href=\"https:\/\/amafurni.vn\/en\/product\/tu-thong-minh-ama-ct-20\/\" \/>\n<meta property=\"og:locale\" content=\"en_US\" \/>\n<meta property=\"og:type\" content=\"article\" \/>\n<meta property=\"og:title\" content=\"T\u1ee7 th\u00f4ng minh AMA-CT-20\" \/>\n<meta property=\"og:description\" content=\"Hotline : 0969919449 - 0906963408 .AMA Furniture \u0111ang l\u00e0 Nh\u00e0 Ph\u00e2n Ph\u1ed1i c\u00e1c s\u1ea3n ph\u1ea9m : - N\u1ed9i Th\u1ea5t nh\u1eadp kh\u1ea9u : b\u00e0n gh\u1ebf v\u0103n ph\u00f2ng, n\u1ed9i th\u1ea5t gia \u0111\u00ecnh, S\u1ea3n xu\u1ea5t thi c\u00f4ng n\u1ed9i th\u1ea5t theo y\u00eau c\u1ea7u.- M\u00e1y l\u1ecdc n\u01b0\u1edbc Unilever PUREIT- \u0110\u1ed3 \u0111i\u1ec7n gia d\u1ee5ng TEFAL, PHILIPS\" \/>\n<meta property=\"og:url\" content=\"https:\/\/amafurni.vn\/en\/product\/tu-thong-minh-ama-ct-20\/\" \/>\n<meta property=\"og:site_name\" content=\"AMAFURNI\" \/>\n<meta property=\"article:modified_time\" content=\"2025-11-12T07:15:21+00:00\" \/>\n<meta property=\"og:image\" content=\"https:\/\/amafurni.vn\/wp-content\/uploads\/2024\/09\/e71b3431-94b5-.jpeg\" \/>\n\t<meta property=\"og:image:width\" content=\"1280\" \/>\n\t<meta property=\"og:image:height\" content=\"1280\" \/>\n\t<meta property=\"og:image:type\" content=\"image\/jpeg\" \/>\n<meta name=\"twitter:card\" content=\"summary_large_image\" \/>\n<meta name=\"twitter:label1\" content=\"Est. reading time\" \/>\n\t<meta name=\"twitter:data1\" content=\"1 minute\" \/>\n<script type=\"application\/ld+json\" class=\"yoast-schema-graph\">{\"@context\":\"https:\/\/schema.org\",\"@graph\":[{\"@type\":\"WebPage\",\"@id\":\"https:\/\/amafurni.vn\/san-pham\/tu-thong-minh-ama-ct-20\/\",\"url\":\"https:\/\/amafurni.vn\/san-pham\/tu-thong-minh-ama-ct-20\/\",\"name\":\"T\u1ee7 th\u00f4ng minh AMA-CT-20 - AMAFURNI\",\"isPartOf\":{\"@id\":\"https:\/\/amafurni.vn\/#website\"},\"datePublished\":\"2024-09-20T04:34:37+00:00\",\"dateModified\":\"2025-11-12T07:15:21+00:00\",\"description\":\"Hotline : 0969919449 - 0906963408 .AMA Furniture \u0111ang l\u00e0 Nh\u00e0 Ph\u00e2n Ph\u1ed1i c\u00e1c s\u1ea3n ph\u1ea9m : - N\u1ed9i Th\u1ea5t nh\u1eadp kh\u1ea9u : b\u00e0n gh\u1ebf v\u0103n ph\u00f2ng, n\u1ed9i th\u1ea5t gia \u0111\u00ecnh, S\u1ea3n xu\u1ea5t thi c\u00f4ng n\u1ed9i th\u1ea5t theo y\u00eau c\u1ea7u.- M\u00e1y l\u1ecdc n\u01b0\u1edbc Unilever PUREIT- \u0110\u1ed3 \u0111i\u1ec7n gia d\u1ee5ng TEFAL, PHILIPS\",\"breadcrumb\":{\"@id\":\"https:\/\/amafurni.vn\/san-pham\/tu-thong-minh-ama-ct-20\/#breadcrumb\"},\"inLanguage\":\"en-US\",\"potentialAction\":[{\"@type\":\"ReadAction\",\"target\":[\"https:\/\/amafurni.vn\/san-pham\/tu-thong-minh-ama-ct-20\/\"]}]},{\"@type\":\"BreadcrumbList\",\"@id\":\"https:\/\/amafurni.vn\/san-pham\/tu-thong-minh-ama-ct-20\/#breadcrumb\",\"itemListElement\":[{\"@type\":\"ListItem\",\"position\":1,\"name\":\"Trang ch\u1ee7\",\"item\":\"https:\/\/amafurni.vn\/\"},{\"@type\":\"ListItem\",\"position\":2,\"name\":\"S\u1ea3n ph\u1ea9m\",\"item\":\"https:\/\/amafurni.vn\/san-pham\/\"},{\"@type\":\"ListItem\",\"position\":3,\"name\":\"T\u1ee7 th\u00f4ng minh AMA-CT-20\"}]},{\"@type\":\"WebSite\",\"@id\":\"https:\/\/amafurni.vn\/#website\",\"url\":\"https:\/\/amafurni.vn\/\",\"name\":\"AMAFURNI\",\"description\":\"\",\"potentialAction\":[{\"@type\":\"SearchAction\",\"target\":{\"@type\":\"EntryPoint\",\"urlTemplate\":\"https:\/\/amafurni.vn\/?s={search_term_string}\"},\"query-input\":\"required name=search_term_string\"}],\"inLanguage\":\"en-US\"}]}<\/script>\n<!-- \/ Yoast SEO Premium plugin. -->","yoast_head_json":{"title":"T\u1ee7 th\u00f4ng minh AMA-CT-20 - AMAFURNI","description":"Hotline : 0969919449 - 0906963408 .AMA Furniture \u0111ang l\u00e0 Nh\u00e0 Ph\u00e2n Ph\u1ed1i c\u00e1c s\u1ea3n ph\u1ea9m : - N\u1ed9i Th\u1ea5t nh\u1eadp kh\u1ea9u : b\u00e0n gh\u1ebf v\u0103n ph\u00f2ng, n\u1ed9i th\u1ea5t gia \u0111\u00ecnh, S\u1ea3n xu\u1ea5t thi c\u00f4ng n\u1ed9i th\u1ea5t theo y\u00eau c\u1ea7u.- M\u00e1y l\u1ecdc n\u01b0\u1edbc Unilever PUREIT- \u0110\u1ed3 \u0111i\u1ec7n gia d\u1ee5ng TEFAL, PHILIPS","robots":{"index":"index","follow":"follow","max-snippet":"max-snippet:-1","max-image-preview":"max-image-preview:large","max-video-preview":"max-video-preview:-1"},"canonical":"https:\/\/amafurni.vn\/en\/product\/tu-thong-minh-ama-ct-20\/","og_locale":"en_US","og_type":"article","og_title":"T\u1ee7 th\u00f4ng minh AMA-CT-20","og_description":"Hotline : 0969919449 - 0906963408 .AMA Furniture \u0111ang l\u00e0 Nh\u00e0 Ph\u00e2n Ph\u1ed1i c\u00e1c s\u1ea3n ph\u1ea9m : - N\u1ed9i Th\u1ea5t nh\u1eadp kh\u1ea9u : b\u00e0n gh\u1ebf v\u0103n ph\u00f2ng, n\u1ed9i th\u1ea5t gia \u0111\u00ecnh, S\u1ea3n xu\u1ea5t thi c\u00f4ng n\u1ed9i th\u1ea5t theo y\u00eau c\u1ea7u.- M\u00e1y l\u1ecdc n\u01b0\u1edbc Unilever PUREIT- \u0110\u1ed3 \u0111i\u1ec7n gia d\u1ee5ng TEFAL, PHILIPS","og_url":"https:\/\/amafurni.vn\/en\/product\/tu-thong-minh-ama-ct-20\/","og_site_name":"AMAFURNI","article_modified_time":"2025-11-12T07:15:21+00:00","og_image":[{"width":1280,"height":1280,"url":"https:\/\/amafurni.vn\/wp-content\/uploads\/2024\/09\/e71b3431-94b5-.jpeg","type":"image\/jpeg"}],"twitter_card":"summary_large_image","twitter_misc":{"Est. reading time":"1 minute"},"schema":{"@context":"https:\/\/schema.org","@graph":[{"@type":"WebPage","@id":"https:\/\/amafurni.vn\/san-pham\/tu-thong-minh-ama-ct-20\/","url":"https:\/\/amafurni.vn\/san-pham\/tu-thong-minh-ama-ct-20\/","name":"T\u1ee7 th\u00f4ng minh AMA-CT-20 - AMAFURNI","isPartOf":{"@id":"https:\/\/amafurni.vn\/#website"},"datePublished":"2024-09-20T04:34:37+00:00","dateModified":"2025-11-12T07:15:21+00:00","description":"Hotline : 0969919449 - 0906963408 .AMA Furniture \u0111ang l\u00e0 Nh\u00e0 Ph\u00e2n Ph\u1ed1i c\u00e1c s\u1ea3n ph\u1ea9m : - N\u1ed9i Th\u1ea5t nh\u1eadp kh\u1ea9u : b\u00e0n gh\u1ebf v\u0103n ph\u00f2ng, n\u1ed9i th\u1ea5t gia \u0111\u00ecnh, S\u1ea3n xu\u1ea5t thi c\u00f4ng n\u1ed9i th\u1ea5t theo y\u00eau c\u1ea7u.- M\u00e1y l\u1ecdc n\u01b0\u1edbc Unilever PUREIT- \u0110\u1ed3 \u0111i\u1ec7n gia d\u1ee5ng TEFAL, PHILIPS","breadcrumb":{"@id":"https:\/\/amafurni.vn\/san-pham\/tu-thong-minh-ama-ct-20\/#breadcrumb"},"inLanguage":"en-US","potentialAction":[{"@type":"ReadAction","target":["https:\/\/amafurni.vn\/san-pham\/tu-thong-minh-ama-ct-20\/"]}]},{"@type":"BreadcrumbList","@id":"https:\/\/amafurni.vn\/san-pham\/tu-thong-minh-ama-ct-20\/#breadcrumb","itemListElement":[{"@type":"ListItem","position":1,"name":"Trang ch\u1ee7","item":"https:\/\/amafurni.vn\/"},{"@type":"ListItem","position":2,"name":"S\u1ea3n ph\u1ea9m","item":"https:\/\/amafurni.vn\/san-pham\/"},{"@type":"ListItem","position":3,"name":"T\u1ee7 th\u00f4ng minh AMA-CT-20"}]},{"@type":"WebSite","@id":"https:\/\/amafurni.vn\/#website","url":"https:\/\/amafurni.vn\/","name":"AMAFURNI","description":"","potentialAction":[{"@type":"SearchAction","target":{"@type":"EntryPoint","urlTemplate":"https:\/\/amafurni.vn\/?s={search_term_string}"},"query-input":"required name=search_term_string"}],"inLanguage":"en-US"}]}},"_links":{"self":[{"href":"https:\/\/amafurni.vn\/en\/wp-json\/wp\/v2\/product\/18132"}],"collection":[{"href":"https:\/\/amafurni.vn\/en\/wp-json\/wp\/v2\/product"}],"about":[{"href":"https:\/\/amafurni.vn\/en\/wp-json\/wp\/v2\/types\/product"}],"replies":[{"embeddable":true,"href":"https:\/\/amafurni.vn\/en\/wp-json\/wp\/v2\/comments?post=18132"}],"wp:featuredmedia":[{"embeddable":true,"href":"https:\/\/amafurni.vn\/en\/wp-json\/wp\/v2\/media\/18146"}],"wp:attachment":[{"href":"https:\/\/amafurni.vn\/en\/wp-json\/wp\/v2\/media?parent=18132"}],"wp:term":[{"taxonomy":"product_cat","embeddable":true,"href":"https:\/\/amafurni.vn\/en\/wp-json\/wp\/v2\/product_cat?post=18132"},{"taxonomy":"product_tag","embeddable":true,"href":"https:\/\/amafurni.vn\/en\/wp-json\/wp\/v2\/product_tag?post=18132"}],"curies":[{"name":"wp","href":"https:\/\/api.w.org\/{rel}","templated":true}]}}