{"id":1862,"date":"2023-12-06T10:46:32","date_gmt":"2023-12-06T03:46:32","guid":{"rendered":"https:\/\/amafurni.123websitedev.com\/san-pham\/ghe-giam-doc-chan-go-tay-cong-dac-biet-ama-st-a02\/"},"modified":"2023-12-06T10:46:32","modified_gmt":"2023-12-06T03:46:32","slug":"ghe-giam-doc-chan-go-tay-cong-dac-biet-ama-st-a02","status":"publish","type":"product","link":"https:\/\/amafurni.vn\/en\/product\/ghe-giam-doc-chan-go-tay-cong-dac-biet-ama-st-a02\/","title":{"rendered":"Gh\u1ebf gi\u00e1m \u0111\u1ed1c ch\u00e2n g\u1ed7 tay cong \u0111\u1eb7c bi\u1ec7t AMA-ST-A02"},"content":{"rendered":"<table border=\"1\" width=\"1056\">\n<tbody><\/tbody>\n<tbody>\n<tr>\n<td><span><strong>Material<\/strong><\/span><\/td>\n<td>\n<p><span><strong><\/strong><\/span><\/p>\n<p><span><strong>Size<\/strong><\/span><\/p>\n<p><span><strong>(D\u00e0i*R\u1ed9ng*cao)<\/strong><\/span><\/p>\n<\/td>\n<td><span><strong>T\u00ednh N\u0103ng<\/strong><\/span><\/td>\n<td><span><strong>M\u00e0u S\u1eafc<\/strong><\/span><\/td>\n<td><span><strong>Xu\u1ea5t X\u1ee9<\/strong><\/span><\/td>\n<td><span><strong>B\u1ea3o h\u00e0nh<\/strong><\/span><\/td>\n<\/tr>\n<tr>\n<td>\n<ul>\n<li>\u0110\u1ec7m v\u00e0 t\u1ef1a gh\u1ebf thi\u1ebft k\u1ebf li\u1ec1n, s\u1eed d\u1ee5ng ch\u1ea5t li\u1ec7u da th\u1eadt b\u1ecdc \u0111\u1ec7m m\u00fat<\/li>\n<li>Ph\u1ea7n l\u01b0ng \u0111\u01b0\u1ee3c trang tr\u00ed b\u1eb1ng c\u00e1c \u0111\u01b0\u1eddng may, gi\u00fap gh\u1ebf tr\u1edf n\u00ean sang tr\u1ecdng h\u01a1n<\/li>\n<li>Tay gh\u1ebf g\u1ed7 , ch\u00e2n xoay \u1ed1p g\u1ed7 c\u00f3 b\u00e1nh xe<\/li>\n<li>Gh\u1ebf s\u1eed d\u1ee5ng c\u1ea7n \u0111i\u1ec1u khi\u1ec3n m\u00e2m gi\u00fap gh\u1ebf c\u00f3 th\u1ec3 thay \u0111\u1ed5i chi\u1ec1u cao, ng\u1ea3 t\u1ef1a l\u01b0ng \u1edf m\u1ecdi g\u00f3c \u0111\u1ed9<\/li>\n<li>Ch\u1ea5t li\u1ec7u : Da th\u1eadt \/ Da c\u00f4ng nghi\u1ec7p<\/li>\n<\/ul>\n<\/td>\n<td>\n<p><strong>700 (Ngang) x 840 ( R\u1ed9ng ) x 1180 ~ 1230 ( Cao)<\/strong><\/p>\n<\/td>\n<td>\n<p><span>. T\u0103ng gi\u1ea3m chi\u1ec1u cao<\/span><\/p>\n<p><span>. G\u1eadt g\u00f9 b\u1eadp b\u00eanh<\/span><\/p>\n<p><span>.Ng\u1ea3 l\u01b0ng th\u01b0 gi\u00e3n .\u00a0<\/span><\/p>\n<p><span>. xoay 360 \u0111\u1ed9<\/span><\/p>\n<\/td>\n<td>\n<p><span>\u0110EN<\/span><\/p>\n<\/p>\n<\/td>\n<td>VI\u1ec6T NAM<\/td>\n<td>\n<p><span>. 12 th\u00e1ng k\u1ef9 thu\u1eadt<\/span><\/p>\n<p><span>. Ben h\u01a1i 1 \u0111\u1ed5i 1<\/span><\/p>\n<\/td>\n<\/tr>\n<\/tbody>\n<\/table>","protected":false},"excerpt":{"rendered":"<p>Ch\u1ea5t Li\u1ec7u K\u00edch Th\u01b0\u1edbc (D\u00e0i*R\u1ed9ng*cao) T\u00ednh N\u0103ng M\u00e0u S\u1eafc Xu\u1ea5t X\u1ee9 B\u1ea3o h\u00e0nh \u0110\u1ec7m v\u00e0 t\u1ef1a gh\u1ebf thi\u1ebft k\u1ebf li\u1ec1n, s\u1eed d\u1ee5ng ch\u1ea5t li\u1ec7u da th\u1eadt b\u1ecdc \u0111\u1ec7m m\u00fat Ph\u1ea7n l\u01b0ng \u0111\u01b0\u1ee3c trang tr\u00ed b\u1eb1ng c\u00e1c \u0111\u01b0\u1eddng may, gi\u00fap gh\u1ebf tr\u1edf n\u00ean sang tr\u1ecdng h\u01a1n Tay gh\u1ebf g\u1ed7 , ch\u00e2n xoay \u1ed1p g\u1ed7 c\u00f3 b\u00e1nh [&hellip;]<\/p>","protected":false},"featured_media":1863,"comment_status":"open","ping_status":"closed","template":"","meta":[],"product_cat":[59,70],"product_tag":[],"yoast_head":"<!-- This site is optimized with the Yoast SEO Premium plugin v21.7 (Yoast SEO v21.7) - https:\/\/yoast.com\/wordpress\/plugins\/seo\/ -->\n<title>Gh\u1ebf gi\u00e1m \u0111\u1ed1c ch\u00e2n g\u1ed7 tay cong \u0111\u1eb7c bi\u1ec7t AMA-ST-A02 - AMAFURNI<\/title>\n<meta name=\"robots\" content=\"index, follow, max-snippet:-1, max-image-preview:large, max-video-preview:-1\" \/>\n<link rel=\"canonical\" href=\"https:\/\/amafurni.vn\/en\/product\/ghe-giam-doc-chan-go-tay-cong-dac-biet-ama-st-a02\/\" \/>\n<meta property=\"og:locale\" content=\"en_US\" \/>\n<meta property=\"og:type\" content=\"article\" \/>\n<meta property=\"og:title\" content=\"Gh\u1ebf gi\u00e1m \u0111\u1ed1c ch\u00e2n g\u1ed7 tay cong \u0111\u1eb7c bi\u1ec7t AMA-ST-A02\" \/>\n<meta property=\"og:description\" content=\"Ch\u1ea5t Li\u1ec7u K\u00edch Th\u01b0\u1edbc (D\u00e0i*R\u1ed9ng*cao) T\u00ednh N\u0103ng M\u00e0u S\u1eafc Xu\u1ea5t X\u1ee9 B\u1ea3o h\u00e0nh \u0110\u1ec7m v\u00e0 t\u1ef1a gh\u1ebf thi\u1ebft k\u1ebf li\u1ec1n, s\u1eed d\u1ee5ng ch\u1ea5t li\u1ec7u da th\u1eadt b\u1ecdc \u0111\u1ec7m m\u00fat Ph\u1ea7n l\u01b0ng \u0111\u01b0\u1ee3c trang tr\u00ed b\u1eb1ng c\u00e1c \u0111\u01b0\u1eddng may, gi\u00fap gh\u1ebf tr\u1edf n\u00ean sang tr\u1ecdng h\u01a1n Tay gh\u1ebf g\u1ed7 , ch\u00e2n xoay \u1ed1p g\u1ed7 c\u00f3 b\u00e1nh [&hellip;]\" \/>\n<meta property=\"og:url\" content=\"https:\/\/amafurni.vn\/en\/product\/ghe-giam-doc-chan-go-tay-cong-dac-biet-ama-st-a02\/\" \/>\n<meta property=\"og:site_name\" content=\"AMAFURNI\" \/>\n<meta property=\"og:image\" content=\"https:\/\/amafurni.vn\/wp-content\/uploads\/2023\/12\/ghe-giam-doc-chan-go-tay-cong-dac-biet-ama-st-a02_656ef9933aa88.jpeg\" \/>\n\t<meta property=\"og:image:width\" content=\"800\" \/>\n\t<meta property=\"og:image:height\" content=\"800\" \/>\n\t<meta property=\"og:image:type\" content=\"image\/jpeg\" \/>\n<meta name=\"twitter:card\" content=\"summary_large_image\" \/>\n<meta name=\"twitter:label1\" content=\"Est. reading time\" \/>\n\t<meta name=\"twitter:data1\" content=\"1 minute\" \/>\n<script type=\"application\/ld+json\" class=\"yoast-schema-graph\">{\"@context\":\"https:\/\/schema.org\",\"@graph\":[{\"@type\":\"WebPage\",\"@id\":\"https:\/\/amafurni.vn\/san-pham\/ghe-giam-doc-chan-go-tay-cong-dac-biet-ama-st-a02\/\",\"url\":\"https:\/\/amafurni.vn\/san-pham\/ghe-giam-doc-chan-go-tay-cong-dac-biet-ama-st-a02\/\",\"name\":\"Gh\u1ebf gi\u00e1m \u0111\u1ed1c ch\u00e2n g\u1ed7 tay cong \u0111\u1eb7c bi\u1ec7t AMA-ST-A02 - AMAFURNI\",\"isPartOf\":{\"@id\":\"https:\/\/amafurni.vn\/#website\"},\"datePublished\":\"2023-12-06T03:46:32+00:00\",\"dateModified\":\"2023-12-06T03:46:32+00:00\",\"breadcrumb\":{\"@id\":\"https:\/\/amafurni.vn\/san-pham\/ghe-giam-doc-chan-go-tay-cong-dac-biet-ama-st-a02\/#breadcrumb\"},\"inLanguage\":\"en-US\",\"potentialAction\":[{\"@type\":\"ReadAction\",\"target\":[\"https:\/\/amafurni.vn\/san-pham\/ghe-giam-doc-chan-go-tay-cong-dac-biet-ama-st-a02\/\"]}]},{\"@type\":\"BreadcrumbList\",\"@id\":\"https:\/\/amafurni.vn\/san-pham\/ghe-giam-doc-chan-go-tay-cong-dac-biet-ama-st-a02\/#breadcrumb\",\"itemListElement\":[{\"@type\":\"ListItem\",\"position\":1,\"name\":\"Trang ch\u1ee7\",\"item\":\"https:\/\/amafurni.vn\/\"},{\"@type\":\"ListItem\",\"position\":2,\"name\":\"S\u1ea3n ph\u1ea9m\",\"item\":\"https:\/\/amafurni.vn\/san-pham\/\"},{\"@type\":\"ListItem\",\"position\":3,\"name\":\"Gh\u1ebf gi\u00e1m \u0111\u1ed1c ch\u00e2n g\u1ed7 tay cong \u0111\u1eb7c bi\u1ec7t AMA-ST-A02\"}]},{\"@type\":\"WebSite\",\"@id\":\"https:\/\/amafurni.vn\/#website\",\"url\":\"https:\/\/amafurni.vn\/\",\"name\":\"AMAFURNI\",\"description\":\"\",\"potentialAction\":[{\"@type\":\"SearchAction\",\"target\":{\"@type\":\"EntryPoint\",\"urlTemplate\":\"https:\/\/amafurni.vn\/?s={search_term_string}\"},\"query-input\":\"required name=search_term_string\"}],\"inLanguage\":\"en-US\"}]}<\/script>\n<!-- \/ Yoast SEO Premium plugin. -->","yoast_head_json":{"title":"Gh\u1ebf gi\u00e1m \u0111\u1ed1c ch\u00e2n g\u1ed7 tay cong \u0111\u1eb7c bi\u1ec7t AMA-ST-A02 - AMAFURNI","robots":{"index":"index","follow":"follow","max-snippet":"max-snippet:-1","max-image-preview":"max-image-preview:large","max-video-preview":"max-video-preview:-1"},"canonical":"https:\/\/amafurni.vn\/en\/product\/ghe-giam-doc-chan-go-tay-cong-dac-biet-ama-st-a02\/","og_locale":"en_US","og_type":"article","og_title":"Gh\u1ebf gi\u00e1m \u0111\u1ed1c ch\u00e2n g\u1ed7 tay cong \u0111\u1eb7c bi\u1ec7t AMA-ST-A02","og_description":"Ch\u1ea5t Li\u1ec7u K\u00edch Th\u01b0\u1edbc (D\u00e0i*R\u1ed9ng*cao) T\u00ednh N\u0103ng M\u00e0u S\u1eafc Xu\u1ea5t X\u1ee9 B\u1ea3o h\u00e0nh \u0110\u1ec7m v\u00e0 t\u1ef1a gh\u1ebf thi\u1ebft k\u1ebf li\u1ec1n, s\u1eed d\u1ee5ng ch\u1ea5t li\u1ec7u da th\u1eadt b\u1ecdc \u0111\u1ec7m m\u00fat Ph\u1ea7n l\u01b0ng \u0111\u01b0\u1ee3c trang tr\u00ed b\u1eb1ng c\u00e1c \u0111\u01b0\u1eddng may, gi\u00fap gh\u1ebf tr\u1edf n\u00ean sang tr\u1ecdng h\u01a1n Tay gh\u1ebf g\u1ed7 , ch\u00e2n xoay \u1ed1p g\u1ed7 c\u00f3 b\u00e1nh [&hellip;]","og_url":"https:\/\/amafurni.vn\/en\/product\/ghe-giam-doc-chan-go-tay-cong-dac-biet-ama-st-a02\/","og_site_name":"AMAFURNI","og_image":[{"width":800,"height":800,"url":"https:\/\/amafurni.vn\/wp-content\/uploads\/2023\/12\/ghe-giam-doc-chan-go-tay-cong-dac-biet-ama-st-a02_656ef9933aa88.jpeg","type":"image\/jpeg"}],"twitter_card":"summary_large_image","twitter_misc":{"Est. reading time":"1 minute"},"schema":{"@context":"https:\/\/schema.org","@graph":[{"@type":"WebPage","@id":"https:\/\/amafurni.vn\/san-pham\/ghe-giam-doc-chan-go-tay-cong-dac-biet-ama-st-a02\/","url":"https:\/\/amafurni.vn\/san-pham\/ghe-giam-doc-chan-go-tay-cong-dac-biet-ama-st-a02\/","name":"Gh\u1ebf gi\u00e1m \u0111\u1ed1c ch\u00e2n g\u1ed7 tay cong \u0111\u1eb7c bi\u1ec7t AMA-ST-A02 - AMAFURNI","isPartOf":{"@id":"https:\/\/amafurni.vn\/#website"},"datePublished":"2023-12-06T03:46:32+00:00","dateModified":"2023-12-06T03:46:32+00:00","breadcrumb":{"@id":"https:\/\/amafurni.vn\/san-pham\/ghe-giam-doc-chan-go-tay-cong-dac-biet-ama-st-a02\/#breadcrumb"},"inLanguage":"en-US","potentialAction":[{"@type":"ReadAction","target":["https:\/\/amafurni.vn\/san-pham\/ghe-giam-doc-chan-go-tay-cong-dac-biet-ama-st-a02\/"]}]},{"@type":"BreadcrumbList","@id":"https:\/\/amafurni.vn\/san-pham\/ghe-giam-doc-chan-go-tay-cong-dac-biet-ama-st-a02\/#breadcrumb","itemListElement":[{"@type":"ListItem","position":1,"name":"Trang ch\u1ee7","item":"https:\/\/amafurni.vn\/"},{"@type":"ListItem","position":2,"name":"S\u1ea3n ph\u1ea9m","item":"https:\/\/amafurni.vn\/san-pham\/"},{"@type":"ListItem","position":3,"name":"Gh\u1ebf gi\u00e1m \u0111\u1ed1c ch\u00e2n g\u1ed7 tay cong \u0111\u1eb7c bi\u1ec7t AMA-ST-A02"}]},{"@type":"WebSite","@id":"https:\/\/amafurni.vn\/#website","url":"https:\/\/amafurni.vn\/","name":"AMAFURNI","description":"","potentialAction":[{"@type":"SearchAction","target":{"@type":"EntryPoint","urlTemplate":"https:\/\/amafurni.vn\/?s={search_term_string}"},"query-input":"required name=search_term_string"}],"inLanguage":"en-US"}]}},"_links":{"self":[{"href":"https:\/\/amafurni.vn\/en\/wp-json\/wp\/v2\/product\/1862"}],"collection":[{"href":"https:\/\/amafurni.vn\/en\/wp-json\/wp\/v2\/product"}],"about":[{"href":"https:\/\/amafurni.vn\/en\/wp-json\/wp\/v2\/types\/product"}],"replies":[{"embeddable":true,"href":"https:\/\/amafurni.vn\/en\/wp-json\/wp\/v2\/comments?post=1862"}],"wp:featuredmedia":[{"embeddable":true,"href":"https:\/\/amafurni.vn\/en\/wp-json\/wp\/v2\/media\/1863"}],"wp:attachment":[{"href":"https:\/\/amafurni.vn\/en\/wp-json\/wp\/v2\/media?parent=1862"}],"wp:term":[{"taxonomy":"product_cat","embeddable":true,"href":"https:\/\/amafurni.vn\/en\/wp-json\/wp\/v2\/product_cat?post=1862"},{"taxonomy":"product_tag","embeddable":true,"href":"https:\/\/amafurni.vn\/en\/wp-json\/wp\/v2\/product_tag?post=1862"}],"curies":[{"name":"wp","href":"https:\/\/api.w.org\/{rel}","templated":true}]}}