{"id":1868,"date":"2023-12-06T10:46:57","date_gmt":"2023-12-06T03:46:57","guid":{"rendered":"https:\/\/amafurni.123websitedev.com\/san-pham\/ghe-giam-doc-chan-xoay-boc-da-cao-cap-hang-nhap-khau-ama-833-u\/"},"modified":"2025-11-12T14:10:08","modified_gmt":"2025-11-12T07:10:08","slug":"ghe-giam-doc-chan-xoay-boc-da-cao-cap-hang-nhap-khau-ama-833-u","status":"publish","type":"product","link":"https:\/\/amafurni.vn\/en\/product\/ghe-giam-doc-chan-xoay-boc-da-cao-cap-hang-nhap-khau-ama-833-u\/","title":{"rendered":"Gh\u1ebf Gi\u00e1m \u0110\u1ed1c Ch\u00e2n Xoay B\u1ecdc Da Cao C\u1ea5p H\u00e0ng Nh\u1eadp Kh\u1ea9u AMA-833-U"},"content":{"rendered":"<table border=\"1\" height=\"206\">\n<tbody><\/tbody>\n<tbody>\n<tr>\n<td><span><strong>Material<\/strong><\/span><\/td>\n<td><span><strong>T\u00ednh N\u0103ng<\/strong><\/span><\/td>\n<td><span><strong>M\u00e0u S\u1eafc<\/strong><\/span><\/td>\n<td><span><strong>Xu\u1ea5t X\u1ee9<\/strong><\/span><\/td>\n<td><span><strong>B\u1ea3o h\u00e0nh<\/strong><\/span><\/td>\n<\/tr>\n<tr>\n<td>\n<p><span>Thi\u1ebft k\u1ebf C\u00f4ng th\u00e1i h\u1ecdc b\u1ea3o v\u1ec7 c\u1ed9t s\u1ed1ng,T\u1ed1t cho s\u1ee9c kho\u1ebb<\/span><\/p>\n<p>Piston \u0111i\u1ec1u ch\u1ec9nh \u0111\u1ed9 cao th\u1ea5p c\u1ee7a gh\u1ebf, \u0111\u1ea1t ti\u00eau chu\u1ea9n BIFMA c\u1ee7a M\u1ef9<br \/>&#8211; Khung l\u01b0ng b\u1eb1ng nh\u1ef1a ABS cao c\u1ea5p, th\u00e2n thi\u1ec7n m\u00f4i tr\u01b0\u1eddng<br \/>&#8211; T\u1ef1a l\u01b0ng+ \u0111\u1ec7m ng\u1ed3i\u00a0<span>Gh\u1ebf xoay, l\u01b0ng da simili cao c\u1ea5p<\/span><\/p>\n<p>&#8211;<span>ch\u1ed3ng \u0111au m\u1ecfi vai g\u00e1y c\u1ed5<\/span><br \/>-L\u01b0ng gh\u1ebf thi\u1ebft k\u1ebf h\u1ee3p kim nh\u00f4m \u0111i\u1ec3m nh\u1ea5n cho s\u1ea3n ph\u1ea9m<br \/>&#8211; Ch\u00e2n gh\u1ebf thi\u1ebft k\u1ebf b\u1edfi h\u1ee3p kim nh\u00f4m.<\/p>\n<p>B\u00e1nh xe b\u1eb1ng nh\u1ef1a PU ch\u1ed1ng s\u1ed1c, ch\u1ecbu \u0111c tr\u1ecdng l\u01b0\u1ee3ng 110KG<br \/>-Tr\u1ecdng l\u01b0\u1ee3ng gh\u1ebf:30KG<\/p>\n<\/td>\n<td>\n<p><strong>Gh\u1ebf Gi\u00e1m \u0110\u1ed1c<span>\u00a0<\/span><\/strong>v\u1edbi thi\u1ebft k\u1ebf hi\u1ec7n \u0111\u1ea1i v\u00e0 l\u00e0 m\u1ed9t s\u1ea3n ph\u1ea9m cao c\u1ea5p \u0111\u01b0\u1ee3c nh\u1eadp kh\u1ea9u tr\u1ef1c ti\u1ebfp t\u1eeb n\u01b0\u1edbc ngo\u00e0i.<\/p>\n<p>K\u1ebft c\u1ea5u ch\u00e2n c\u1ee7a chi\u1ebfc gh\u1ebf n\u00e0y s\u1ebd l\u00e0 gi\u00fap b\u1ea1n y\u00ean t\u00e2m h\u01a1n khi s\u1eed d\u1ee5ng n\u00f3. 5 ch\u00e2n \u0111\u01b0\u1ee3c g\u1eafn th\u00eam 5 b\u00e1nh xe \u0111\u1ec3 thu\u1eadn ti\u1ec7n h\u01a1n trong vi\u1ec7c tr\u01b0\u1ee3t \u0111\u1ebfn b\u1ea5t k\u1ef3 v\u1ecb tr\u00ed n\u00e0o c\u1ee7a v\u0103n ph\u00f2ng.<\/p>\n<p>V\u00e0 ch\u00e2n c\u1ee7a chi\u1ebfc GH\u1ebe \u0111\u01b0\u1ee3c c\u1ea5u t\u1ea1o b\u1eb1ng nh\u00f4m t\u1ea1o n\u00ean phong c\u00e1ch sang tr\u1ecdng , chuy\u00ean nghi\u1ec7p cho ng\u01b0\u1eddi s\u1eed d\u1ee5ng.<\/p>\n<p><span>T\u0103ng gi\u1ea3m chi\u1ec1u cao<\/span><\/p>\n<p><span>Xoay 360 \u0111\u1ed9<\/span><\/p>\n<p><span face=\"verdana, geneva, sans-serif\">G\u1eadt g\u00f9 b\u1eadp b\u00eanh<\/span><\/p>\n<\/p>\n<\/td>\n<td><span>\u00a0N\u00e2u , N\u00e2u Cam<\/span><\/td>\n<td>Nh\u1eadp Ngo\u1ea1i<\/td>\n<td>\n<p>. 12 th\u00e1ng k\u1ef9 thu\u1eadt<\/p>\n<\/td>\n<\/tr>\n<\/tbody>\n<\/table>","protected":false},"excerpt":{"rendered":"<p>Gh\u1ebf Gi\u00e1m \u0110\u1ed1c\u00a0v\u1edbi thi\u1ebft k\u1ebf hi\u1ec7n \u0111\u1ea1i v\u00e0 l\u00e0 m\u1ed9t s\u1ea3n ph\u1ea9m cao c\u1ea5p \u0111\u01b0\u1ee3c nh\u1eadp kh\u1ea9u tr\u1ef1c ti\u1ebfp t\u1eeb n\u01b0\u1edbc ngo\u00e0i.<br \/>\nK\u1ebft c\u1ea5u ch\u00e2n c\u1ee7a chi\u1ebfc gh\u1ebf n\u00e0y s\u1ebd l\u00e0 gi\u00fap b\u1ea1n y\u00ean t\u00e2m h\u01a1n khi s\u1eed d\u1ee5ng n\u00f3. 5 ch\u00e2n \u0111\u01b0\u1ee3c g\u1eafn th\u00eam 5 b\u00e1nh xe \u0111\u1ec3 thu\u1eadn ti\u1ec7n h\u01a1n trong vi\u1ec7c tr\u01b0\u1ee3t \u0111\u1ebfn b\u1ea5t k\u1ef3 v\u1ecb tr\u00ed n\u00e0o c\u1ee7a v\u0103n ph\u00f2ng.<br \/>\nV\u00e0 ch\u00e2n c\u1ee7a chi\u1ebfc GH\u1ebe \u0111\u01b0\u1ee3c c\u1ea5u t\u1ea1o b\u1eb1ng nh\u00f4m t\u1ea1o n\u00ean phong c\u00e1ch sang tr\u1ecdng , chuy\u00ean nghi\u1ec7p cho ng\u01b0\u1eddi s\u1eed d\u1ee5ng.<br \/>\nT\u0103ng gi\u1ea3m chi\u1ec1u cao<br \/>\nXoay 360 \u0111\u1ed9<br \/>\nG\u1eadt g\u00f9 b\u1eadp b\u00eanh<\/p>","protected":false},"featured_media":1869,"comment_status":"open","ping_status":"closed","template":"","meta":[],"product_cat":[59,70,106,108],"product_tag":[],"yoast_head":"<!-- This site is optimized with the Yoast SEO Premium plugin v21.7 (Yoast SEO v21.7) - https:\/\/yoast.com\/wordpress\/plugins\/seo\/ -->\n<title>Gh\u1ebf Gi\u00e1m \u0110\u1ed1c Ch\u00e2n Xoay B\u1ecdc Da Cao C\u1ea5p H\u00e0ng Nh\u1eadp Kh\u1ea9u AMA-833-U - AMAFURNI<\/title>\n<meta name=\"robots\" content=\"index, follow, max-snippet:-1, max-image-preview:large, max-video-preview:-1\" \/>\n<link rel=\"canonical\" href=\"https:\/\/amafurni.vn\/en\/product\/ghe-giam-doc-chan-xoay-boc-da-cao-cap-hang-nhap-khau-ama-833-u\/\" \/>\n<meta property=\"og:locale\" content=\"en_US\" \/>\n<meta property=\"og:type\" content=\"article\" \/>\n<meta property=\"og:title\" content=\"Gh\u1ebf Gi\u00e1m \u0110\u1ed1c Ch\u00e2n Xoay B\u1ecdc Da Cao C\u1ea5p H\u00e0ng Nh\u1eadp Kh\u1ea9u AMA-833-U\" \/>\n<meta property=\"og:description\" content=\"Gh\u1ebf Gi\u00e1m \u0110\u1ed1c\u00a0v\u1edbi thi\u1ebft k\u1ebf hi\u1ec7n \u0111\u1ea1i v\u00e0 l\u00e0 m\u1ed9t s\u1ea3n ph\u1ea9m cao c\u1ea5p \u0111\u01b0\u1ee3c nh\u1eadp kh\u1ea9u tr\u1ef1c ti\u1ebfp t\u1eeb n\u01b0\u1edbc ngo\u00e0i. K\u1ebft c\u1ea5u ch\u00e2n c\u1ee7a chi\u1ebfc gh\u1ebf n\u00e0y s\u1ebd l\u00e0 gi\u00fap b\u1ea1n y\u00ean t\u00e2m h\u01a1n khi s\u1eed d\u1ee5ng n\u00f3. 5 ch\u00e2n \u0111\u01b0\u1ee3c g\u1eafn th\u00eam 5 b\u00e1nh xe \u0111\u1ec3 thu\u1eadn ti\u1ec7n h\u01a1n trong vi\u1ec7c tr\u01b0\u1ee3t \u0111\u1ebfn b\u1ea5t k\u1ef3 v\u1ecb tr\u00ed n\u00e0o c\u1ee7a v\u0103n ph\u00f2ng. V\u00e0 ch\u00e2n c\u1ee7a chi\u1ebfc GH\u1ebe \u0111\u01b0\u1ee3c c\u1ea5u t\u1ea1o b\u1eb1ng nh\u00f4m t\u1ea1o n\u00ean phong c\u00e1ch sang tr\u1ecdng , chuy\u00ean nghi\u1ec7p cho ng\u01b0\u1eddi s\u1eed d\u1ee5ng. T\u0103ng gi\u1ea3m chi\u1ec1u cao Xoay 360 \u0111\u1ed9 G\u1eadt g\u00f9 b\u1eadp b\u00eanh\" \/>\n<meta property=\"og:url\" content=\"https:\/\/amafurni.vn\/en\/product\/ghe-giam-doc-chan-xoay-boc-da-cao-cap-hang-nhap-khau-ama-833-u\/\" \/>\n<meta property=\"og:site_name\" content=\"AMAFURNI\" \/>\n<meta property=\"article:modified_time\" content=\"2025-11-12T07:10:08+00:00\" \/>\n<meta property=\"og:image\" content=\"https:\/\/amafurni.vn\/wp-content\/uploads\/2023\/12\/ghe-giam-doc-chan-xoay-boc-da-cao-cap-hang-nhap-khau-ama-833-u_656ef9c208202.jpeg\" \/>\n\t<meta property=\"og:image:width\" content=\"800\" \/>\n\t<meta property=\"og:image:height\" content=\"800\" \/>\n\t<meta property=\"og:image:type\" content=\"image\/jpeg\" \/>\n<meta name=\"twitter:card\" content=\"summary_large_image\" \/>\n<meta name=\"twitter:label1\" content=\"Est. reading time\" \/>\n\t<meta name=\"twitter:data1\" content=\"2 minutes\" \/>\n<script type=\"application\/ld+json\" class=\"yoast-schema-graph\">{\"@context\":\"https:\/\/schema.org\",\"@graph\":[{\"@type\":\"WebPage\",\"@id\":\"https:\/\/amafurni.vn\/san-pham\/ghe-giam-doc-chan-xoay-boc-da-cao-cap-hang-nhap-khau-ama-833-u\/\",\"url\":\"https:\/\/amafurni.vn\/san-pham\/ghe-giam-doc-chan-xoay-boc-da-cao-cap-hang-nhap-khau-ama-833-u\/\",\"name\":\"Gh\u1ebf Gi\u00e1m \u0110\u1ed1c Ch\u00e2n Xoay B\u1ecdc Da Cao C\u1ea5p H\u00e0ng Nh\u1eadp Kh\u1ea9u AMA-833-U - AMAFURNI\",\"isPartOf\":{\"@id\":\"https:\/\/amafurni.vn\/#website\"},\"datePublished\":\"2023-12-06T03:46:57+00:00\",\"dateModified\":\"2025-11-12T07:10:08+00:00\",\"breadcrumb\":{\"@id\":\"https:\/\/amafurni.vn\/san-pham\/ghe-giam-doc-chan-xoay-boc-da-cao-cap-hang-nhap-khau-ama-833-u\/#breadcrumb\"},\"inLanguage\":\"en-US\",\"potentialAction\":[{\"@type\":\"ReadAction\",\"target\":[\"https:\/\/amafurni.vn\/san-pham\/ghe-giam-doc-chan-xoay-boc-da-cao-cap-hang-nhap-khau-ama-833-u\/\"]}]},{\"@type\":\"BreadcrumbList\",\"@id\":\"https:\/\/amafurni.vn\/san-pham\/ghe-giam-doc-chan-xoay-boc-da-cao-cap-hang-nhap-khau-ama-833-u\/#breadcrumb\",\"itemListElement\":[{\"@type\":\"ListItem\",\"position\":1,\"name\":\"Trang ch\u1ee7\",\"item\":\"https:\/\/amafurni.vn\/\"},{\"@type\":\"ListItem\",\"position\":2,\"name\":\"S\u1ea3n ph\u1ea9m\",\"item\":\"https:\/\/amafurni.vn\/san-pham\/\"},{\"@type\":\"ListItem\",\"position\":3,\"name\":\"Gh\u1ebf Gi\u00e1m \u0110\u1ed1c Ch\u00e2n Xoay B\u1ecdc Da Cao C\u1ea5p H\u00e0ng Nh\u1eadp Kh\u1ea9u AMA-833-U\"}]},{\"@type\":\"WebSite\",\"@id\":\"https:\/\/amafurni.vn\/#website\",\"url\":\"https:\/\/amafurni.vn\/\",\"name\":\"AMAFURNI\",\"description\":\"\",\"potentialAction\":[{\"@type\":\"SearchAction\",\"target\":{\"@type\":\"EntryPoint\",\"urlTemplate\":\"https:\/\/amafurni.vn\/?s={search_term_string}\"},\"query-input\":\"required name=search_term_string\"}],\"inLanguage\":\"en-US\"}]}<\/script>\n<!-- \/ Yoast SEO Premium plugin. -->","yoast_head_json":{"title":"Gh\u1ebf Gi\u00e1m \u0110\u1ed1c Ch\u00e2n Xoay B\u1ecdc Da Cao C\u1ea5p H\u00e0ng Nh\u1eadp Kh\u1ea9u AMA-833-U - AMAFURNI","robots":{"index":"index","follow":"follow","max-snippet":"max-snippet:-1","max-image-preview":"max-image-preview:large","max-video-preview":"max-video-preview:-1"},"canonical":"https:\/\/amafurni.vn\/en\/product\/ghe-giam-doc-chan-xoay-boc-da-cao-cap-hang-nhap-khau-ama-833-u\/","og_locale":"en_US","og_type":"article","og_title":"Gh\u1ebf Gi\u00e1m \u0110\u1ed1c Ch\u00e2n Xoay B\u1ecdc Da Cao C\u1ea5p H\u00e0ng Nh\u1eadp Kh\u1ea9u AMA-833-U","og_description":"Gh\u1ebf Gi\u00e1m \u0110\u1ed1c\u00a0v\u1edbi thi\u1ebft k\u1ebf hi\u1ec7n \u0111\u1ea1i v\u00e0 l\u00e0 m\u1ed9t s\u1ea3n ph\u1ea9m cao c\u1ea5p \u0111\u01b0\u1ee3c nh\u1eadp kh\u1ea9u tr\u1ef1c ti\u1ebfp t\u1eeb n\u01b0\u1edbc ngo\u00e0i. K\u1ebft c\u1ea5u ch\u00e2n c\u1ee7a chi\u1ebfc gh\u1ebf n\u00e0y s\u1ebd l\u00e0 gi\u00fap b\u1ea1n y\u00ean t\u00e2m h\u01a1n khi s\u1eed d\u1ee5ng n\u00f3. 5 ch\u00e2n \u0111\u01b0\u1ee3c g\u1eafn th\u00eam 5 b\u00e1nh xe \u0111\u1ec3 thu\u1eadn ti\u1ec7n h\u01a1n trong vi\u1ec7c tr\u01b0\u1ee3t \u0111\u1ebfn b\u1ea5t k\u1ef3 v\u1ecb tr\u00ed n\u00e0o c\u1ee7a v\u0103n ph\u00f2ng. V\u00e0 ch\u00e2n c\u1ee7a chi\u1ebfc GH\u1ebe \u0111\u01b0\u1ee3c c\u1ea5u t\u1ea1o b\u1eb1ng nh\u00f4m t\u1ea1o n\u00ean phong c\u00e1ch sang tr\u1ecdng , chuy\u00ean nghi\u1ec7p cho ng\u01b0\u1eddi s\u1eed d\u1ee5ng. T\u0103ng gi\u1ea3m chi\u1ec1u cao Xoay 360 \u0111\u1ed9 G\u1eadt g\u00f9 b\u1eadp b\u00eanh","og_url":"https:\/\/amafurni.vn\/en\/product\/ghe-giam-doc-chan-xoay-boc-da-cao-cap-hang-nhap-khau-ama-833-u\/","og_site_name":"AMAFURNI","article_modified_time":"2025-11-12T07:10:08+00:00","og_image":[{"width":800,"height":800,"url":"https:\/\/amafurni.vn\/wp-content\/uploads\/2023\/12\/ghe-giam-doc-chan-xoay-boc-da-cao-cap-hang-nhap-khau-ama-833-u_656ef9c208202.jpeg","type":"image\/jpeg"}],"twitter_card":"summary_large_image","twitter_misc":{"Est. reading time":"2 minutes"},"schema":{"@context":"https:\/\/schema.org","@graph":[{"@type":"WebPage","@id":"https:\/\/amafurni.vn\/san-pham\/ghe-giam-doc-chan-xoay-boc-da-cao-cap-hang-nhap-khau-ama-833-u\/","url":"https:\/\/amafurni.vn\/san-pham\/ghe-giam-doc-chan-xoay-boc-da-cao-cap-hang-nhap-khau-ama-833-u\/","name":"Gh\u1ebf Gi\u00e1m \u0110\u1ed1c Ch\u00e2n Xoay B\u1ecdc Da Cao C\u1ea5p H\u00e0ng Nh\u1eadp Kh\u1ea9u AMA-833-U - AMAFURNI","isPartOf":{"@id":"https:\/\/amafurni.vn\/#website"},"datePublished":"2023-12-06T03:46:57+00:00","dateModified":"2025-11-12T07:10:08+00:00","breadcrumb":{"@id":"https:\/\/amafurni.vn\/san-pham\/ghe-giam-doc-chan-xoay-boc-da-cao-cap-hang-nhap-khau-ama-833-u\/#breadcrumb"},"inLanguage":"en-US","potentialAction":[{"@type":"ReadAction","target":["https:\/\/amafurni.vn\/san-pham\/ghe-giam-doc-chan-xoay-boc-da-cao-cap-hang-nhap-khau-ama-833-u\/"]}]},{"@type":"BreadcrumbList","@id":"https:\/\/amafurni.vn\/san-pham\/ghe-giam-doc-chan-xoay-boc-da-cao-cap-hang-nhap-khau-ama-833-u\/#breadcrumb","itemListElement":[{"@type":"ListItem","position":1,"name":"Trang ch\u1ee7","item":"https:\/\/amafurni.vn\/"},{"@type":"ListItem","position":2,"name":"S\u1ea3n ph\u1ea9m","item":"https:\/\/amafurni.vn\/san-pham\/"},{"@type":"ListItem","position":3,"name":"Gh\u1ebf Gi\u00e1m \u0110\u1ed1c Ch\u00e2n Xoay B\u1ecdc Da Cao C\u1ea5p H\u00e0ng Nh\u1eadp Kh\u1ea9u AMA-833-U"}]},{"@type":"WebSite","@id":"https:\/\/amafurni.vn\/#website","url":"https:\/\/amafurni.vn\/","name":"AMAFURNI","description":"","potentialAction":[{"@type":"SearchAction","target":{"@type":"EntryPoint","urlTemplate":"https:\/\/amafurni.vn\/?s={search_term_string}"},"query-input":"required name=search_term_string"}],"inLanguage":"en-US"}]}},"_links":{"self":[{"href":"https:\/\/amafurni.vn\/en\/wp-json\/wp\/v2\/product\/1868"}],"collection":[{"href":"https:\/\/amafurni.vn\/en\/wp-json\/wp\/v2\/product"}],"about":[{"href":"https:\/\/amafurni.vn\/en\/wp-json\/wp\/v2\/types\/product"}],"replies":[{"embeddable":true,"href":"https:\/\/amafurni.vn\/en\/wp-json\/wp\/v2\/comments?post=1868"}],"wp:featuredmedia":[{"embeddable":true,"href":"https:\/\/amafurni.vn\/en\/wp-json\/wp\/v2\/media\/1869"}],"wp:attachment":[{"href":"https:\/\/amafurni.vn\/en\/wp-json\/wp\/v2\/media?parent=1868"}],"wp:term":[{"taxonomy":"product_cat","embeddable":true,"href":"https:\/\/amafurni.vn\/en\/wp-json\/wp\/v2\/product_cat?post=1868"},{"taxonomy":"product_tag","embeddable":true,"href":"https:\/\/amafurni.vn\/en\/wp-json\/wp\/v2\/product_tag?post=1868"}],"curies":[{"name":"wp","href":"https:\/\/api.w.org\/{rel}","templated":true}]}}