{"id":1892,"date":"2023-12-06T10:47:49","date_gmt":"2023-12-06T03:47:49","guid":{"rendered":"https:\/\/amafurni.123websitedev.com\/san-pham\/ghe-giam-doc-nga-lung-thu-gian-rung-massage-07-diem-ama-mcn003-u5\/"},"modified":"2025-11-22T16:06:54","modified_gmt":"2025-11-22T09:06:54","slug":"ghe-giam-doc-nga-lung-thu-gian-rung-massage-07-diem-ama-mcn003-u5","status":"publish","type":"product","link":"https:\/\/amafurni.vn\/en\/product\/ghe-giam-doc-nga-lung-thu-gian-rung-massage-07-diem-ama-mcn003-u5\/","title":{"rendered":"Gh\u1ebf gi\u00e1m \u0111\u1ed1c c\u00f3 Rung Massage AMA-MCN003-U"},"content":{"rendered":"<div id=\"tab-description\" class=\"tab-pane active bottom20\">\n<div id=\"tab-description\" class=\"tab-pane active bottom20\">\n<div id=\"tab-description\" class=\"tab-pane active bottom20\">\n<table class=\"woocommerce-product-attributes shop_attributes\" style=\"width: 108.538425%; height: 127px;\" width=\"929\">\n<tbody>\n<tr class=\"woocommerce-product-attributes-item woocommerce-product-attributes-item--attribute_season\" style=\"height: 24px;\">\n<th class=\"woocommerce-product-attributes-item__label\" style=\"height: 24px;\"><span style=\"font-family: arial, helvetica, sans-serif;\">Material<\/span><\/th>\n<td class=\"woocommerce-product-attributes-item__value\" style=\"height: 24px;\"><span style=\"font-family: arial, helvetica, sans-serif;\">Da PVC, Tay th\u00e9p m\u1ea1 crome \u1ed1p G\u1ed7 t\u1ef1 nhi\u00ean, Ch\u00e2n th\u00e9p m\u1ea1 crome, N\u1ec7m mousse D40<\/span><\/td>\n<\/tr>\n<tr class=\"woocommerce-product-attributes-item woocommerce-product-attributes-item--attribute_pa_color\" style=\"height: 24px;\">\n<th class=\"woocommerce-product-attributes-item__label\" style=\"height: 24px;\"><span style=\"font-family: arial, helvetica, sans-serif;\">M\u00e0u S\u1eafc<\/span><\/th>\n<td class=\"woocommerce-product-attributes-item__value\" style=\"height: 24px;\"><span style=\"font-family: arial, helvetica, sans-serif;\">\u00a0\u0110en, N\u00e2u, Kem, Cam<\/span><\/td>\n<\/tr>\n<tr class=\"woocommerce-product-attributes-item woocommerce-product-attributes-item--attribute_style\" style=\"height: 24px;\">\n<th class=\"woocommerce-product-attributes-item__label\" style=\"height: 24px;\"><span style=\"font-family: arial, helvetica, sans-serif;\">Size<\/span><\/th>\n<td class=\"woocommerce-product-attributes-item__value\" style=\"height: 24px;\"><span style=\"font-family: arial, helvetica, sans-serif;\">\u00a0600*580*(1250-1350)<\/span><\/td>\n<\/tr>\n<tr class=\"woocommerce-product-attributes-item woocommerce-product-attributes-item--attribute_pa_material\" style=\"height: 31px;\">\n<th class=\"woocommerce-product-attributes-item__label\" style=\"height: 31px;\"><span style=\"font-family: arial, helvetica, sans-serif;\">T\u00ednh N\u0103ng<\/span><\/th>\n<td class=\"woocommerce-product-attributes-item__value\" style=\"height: 31px;\"><span style=\"font-family: arial, helvetica, sans-serif;\">\u00a0Ng\u1ea3 l\u01b0ng th\u01b0 gi\u00e3n 160 \u0111\u1ed9, C\u00f3 ch\u00e2n g\u00e1c n\u1eb1m, Rung massage 07 \u0111i\u1ec3m C\u00f3 Remote \u0111i\u1ec1u khi\u1ec3n, Xoay 360 \u0111\u1ed9, T\u0103ng\/gi\u1ea3m chi\u1ec1u cao<\/span><\/td>\n<\/tr>\n<tr class=\"woocommerce-product-attributes-item woocommerce-product-attributes-item--attribute_item-code\" style=\"height: 24px;\">\n<th class=\"woocommerce-product-attributes-item__label\" style=\"height: 24px;\"><span style=\"font-family: arial, helvetica, sans-serif;\">B\u1ea3o H\u00e0nh<\/span><\/th>\n<td class=\"woocommerce-product-attributes-item__value\" style=\"height: 24px;\"><span style=\"font-family: arial, helvetica, sans-serif;\">\u00a012 th\u00e1ng<\/span><\/td>\n<\/tr>\n<\/tbody>\n<\/table>\n<p>Ngo\u00e0i vi\u1ec7c \u0111\u00e1p \u1ee9ng c\u00e1c t\u00ednh n\u0103ng thi\u1ebft y\u1ebfu cho nhu c\u1ea7u ng\u1ed3i l\u00e0m vi\u1ec7c li\u00ean t\u1ee5c, Gh\u1ebf gi\u00e1m \u0111\u1ed1c Massage th\u01b0 gi\u00e3n 07 \u0111i\u1ec3m AMA-MCN002 c\u00f3 t\u00ednh n\u0103ng c\u1ef1c k\u1ef3 \u0111\u1eb7c bi\u1ec7t : MASSAGE RUNG 07 \u0110I\u1ec2M.<br \/>\n01 v\u1ecb tr\u00ed \u0111\u1ea7u gh\u1ebf<br \/>\n04 v\u1ecb tr\u00ed l\u01b0ng gh\u1ebf<br \/>\n02 v\u1ecb tr\u00ed \u1edf m\u00f4ng gh\u1ebf.<br \/>\nV\u1edbi chi\u1ebfc Remote \u0111i\u1ec1u khi\u1ec3n, ng\u01b0\u1eddi s\u1eed d\u1ee5ng c\u00f3 th\u1ec3 tu\u1ef3 ch\u1ec9nh c\u00e1c ch\u1ee9c n\u0103ng c\u1ef1c k\u1ef3 d\u1ec5 d\u00e0ng :<br \/>\nT\u0103ng gi\u1ea3m c\u01b0\u1eddng \u0111\u1ed9 rung<br \/>\n05 ch\u1ebf \u0111\u1ed9 rung kh\u00e1c nhau<br \/>\ncanh gi\u1edd t\u1ef1 t\u1eaft : 15 ph\u00fat, 30 ph\u00fat, 60 ph\u00fat.<br \/>\nG\u00f3c ng\u1ea3 l\u01b0ng c\u1ef1c l\u1edbn : 160 \u0111\u1ed9 mang l\u1ea1i s\u1ef1 tr\u1ea3i nghi\u1ec7m tuy\u1ec7t v\u1eddi nh\u1eefng l\u00fac c\u1ea7n th\u01b0 gi\u00e3n.<br \/>\nC\u00f2n g\u00ec th\u00fa v\u1ecb h\u01a1n khi chi\u1ebfc gh\u1ebf v\u1eeba sang tr\u1ecdng \u0111\u1eb3ng c\u1ea5p, l\u1ea1i v\u1eeba massage gi\u1ea3i to\u1ea3 c\u00e1c c\u01a1n \u0111au l\u01b0ng sau nh\u1eefng gi\u1edd ng\u1ed3i li\u00ean t\u1ee5c.<\/p>\n<\/div>\n<\/div>\n<\/div>","protected":false},"excerpt":{"rendered":"<p>Ngo\u00e0i vi\u1ec7c \u0111\u00e1p \u1ee9ng c\u00e1c t\u00ednh n\u0103ng thi\u1ebft y\u1ebfu cho nhu c\u1ea7u ng\u1ed3i l\u00e0m vi\u1ec7c li\u00ean t\u1ee5c, Gh\u1ebf gi\u00e1m \u0111\u1ed1c Massage th\u01b0 gi\u00e3n 07 \u0111i\u1ec3m AMA-MCN002 c\u00f3 t\u00ednh n\u0103ng c\u1ef1c k\u1ef3 \u0111\u1eb7c bi\u1ec7t : MASSAGE RUNG 07 \u0110I\u1ec2M.<br \/>\n01 v\u1ecb tr\u00ed \u0111\u1ea7u gh\u1ebf<br \/>\n04 v\u1ecb tr\u00ed l\u01b0ng gh\u1ebf<br \/>\n02 v\u1ecb tr\u00ed \u1edf m\u00f4ng gh\u1ebf.<br \/>\nV\u1edbi chi\u1ebfc Remote \u0111i\u1ec1u khi\u1ec3n, ng\u01b0\u1eddi s\u1eed d\u1ee5ng c\u00f3 th\u1ec3 tu\u1ef3 ch\u1ec9nh c\u00e1c ch\u1ee9c n\u0103ng c\u1ef1c k\u1ef3 d\u1ec5 d\u00e0ng :<br \/>\nT\u0103ng gi\u1ea3m c\u01b0\u1eddng \u0111\u1ed9 rung<br \/>\n05 ch\u1ebf \u0111\u1ed9 rung kh\u00e1c nhau<br \/>\ncanh gi\u1edd t\u1ef1 t\u1eaft : 15 ph\u00fat, 30 ph\u00fat, 60 ph\u00fat.<br \/>\nG\u00f3c ng\u1ea3 l\u01b0ng c\u1ef1c l\u1edbn : 160 \u0111\u1ed9 mang l\u1ea1i s\u1ef1 tr\u1ea3i nghi\u1ec7m tuy\u1ec7t v\u1eddi nh\u1eefng l\u00fac c\u1ea7n th\u01b0 gi\u00e3n.<br \/>\nC\u00f2n g\u00ec th\u00fa v\u1ecb h\u01a1n khi chi\u1ebfc gh\u1ebf v\u1eeba sang tr\u1ecdng \u0111\u1eb3ng c\u1ea5p, l\u1ea1i v\u1eeba massage gi\u1ea3i to\u1ea3 c\u00e1c c\u01a1n \u0111au l\u01b0ng sau nh\u1eefng gi\u1edd ng\u1ed3i li\u00ean t\u1ee5c.<\/p>","protected":false},"featured_media":23894,"comment_status":"open","ping_status":"closed","template":"","meta":[],"product_cat":[59,72,71],"product_tag":[189,742],"yoast_head":"<!-- This site is optimized with the Yoast SEO Premium plugin v21.7 (Yoast SEO v21.7) - https:\/\/yoast.com\/wordpress\/plugins\/seo\/ -->\n<title>Gh\u1ebf gi\u00e1m \u0111\u1ed1c c\u00f3 Rung Massage AMA-MCN003-U - AMAFURNI<\/title>\n<meta name=\"robots\" content=\"index, follow, max-snippet:-1, max-image-preview:large, max-video-preview:-1\" \/>\n<link rel=\"canonical\" href=\"https:\/\/amafurni.vn\/en\/product\/ghe-giam-doc-nga-lung-thu-gian-rung-massage-07-diem-ama-mcn003-u5\/\" \/>\n<meta property=\"og:locale\" content=\"en_US\" \/>\n<meta property=\"og:type\" content=\"article\" \/>\n<meta property=\"og:title\" content=\"Gh\u1ebf gi\u00e1m \u0111\u1ed1c c\u00f3 Rung Massage AMA-MCN003-U\" \/>\n<meta property=\"og:description\" content=\"Ngo\u00e0i vi\u1ec7c \u0111\u00e1p \u1ee9ng c\u00e1c t\u00ednh n\u0103ng thi\u1ebft y\u1ebfu cho nhu c\u1ea7u ng\u1ed3i l\u00e0m vi\u1ec7c li\u00ean t\u1ee5c, Gh\u1ebf gi\u00e1m \u0111\u1ed1c Massage th\u01b0 gi\u00e3n 07 \u0111i\u1ec3m AMA-MCN002 c\u00f3 t\u00ednh n\u0103ng c\u1ef1c k\u1ef3 \u0111\u1eb7c bi\u1ec7t : MASSAGE RUNG 07 \u0110I\u1ec2M. 01 v\u1ecb tr\u00ed \u0111\u1ea7u gh\u1ebf 04 v\u1ecb tr\u00ed l\u01b0ng gh\u1ebf 02 v\u1ecb tr\u00ed \u1edf m\u00f4ng gh\u1ebf. V\u1edbi chi\u1ebfc Remote \u0111i\u1ec1u khi\u1ec3n, ng\u01b0\u1eddi s\u1eed d\u1ee5ng c\u00f3 th\u1ec3 tu\u1ef3 ch\u1ec9nh c\u00e1c ch\u1ee9c n\u0103ng c\u1ef1c k\u1ef3 d\u1ec5 d\u00e0ng : T\u0103ng gi\u1ea3m c\u01b0\u1eddng \u0111\u1ed9 rung 05 ch\u1ebf \u0111\u1ed9 rung kh\u00e1c nhau canh gi\u1edd t\u1ef1 t\u1eaft : 15 ph\u00fat, 30 ph\u00fat, 60 ph\u00fat. G\u00f3c ng\u1ea3 l\u01b0ng c\u1ef1c l\u1edbn : 160 \u0111\u1ed9 mang l\u1ea1i s\u1ef1 tr\u1ea3i nghi\u1ec7m tuy\u1ec7t v\u1eddi nh\u1eefng l\u00fac c\u1ea7n th\u01b0 gi\u00e3n. C\u00f2n g\u00ec th\u00fa v\u1ecb h\u01a1n khi chi\u1ebfc gh\u1ebf v\u1eeba sang tr\u1ecdng \u0111\u1eb3ng c\u1ea5p, l\u1ea1i v\u1eeba massage gi\u1ea3i to\u1ea3 c\u00e1c c\u01a1n \u0111au l\u01b0ng sau nh\u1eefng gi\u1edd ng\u1ed3i li\u00ean t\u1ee5c.\" \/>\n<meta property=\"og:url\" content=\"https:\/\/amafurni.vn\/en\/product\/ghe-giam-doc-nga-lung-thu-gian-rung-massage-07-diem-ama-mcn003-u5\/\" \/>\n<meta property=\"og:site_name\" content=\"AMAFURNI\" \/>\n<meta property=\"article:modified_time\" content=\"2025-11-22T09:06:54+00:00\" \/>\n<meta property=\"og:image\" content=\"https:\/\/amafurni.vn\/wp-content\/uploads\/2023\/12\/AMA-MCN003-U-1024x1024.png\" \/>\n\t<meta property=\"og:image:width\" content=\"1024\" \/>\n\t<meta property=\"og:image:height\" content=\"1024\" \/>\n\t<meta property=\"og:image:type\" content=\"image\/png\" \/>\n<meta name=\"twitter:card\" content=\"summary_large_image\" \/>\n<meta name=\"twitter:label1\" content=\"Est. reading time\" \/>\n\t<meta name=\"twitter:data1\" content=\"2 minutes\" \/>\n<script type=\"application\/ld+json\" class=\"yoast-schema-graph\">{\"@context\":\"https:\/\/schema.org\",\"@graph\":[{\"@type\":\"WebPage\",\"@id\":\"https:\/\/amafurni.vn\/san-pham\/ghe-giam-doc-nga-lung-thu-gian-rung-massage-07-diem-ama-mcn003-u5\/\",\"url\":\"https:\/\/amafurni.vn\/san-pham\/ghe-giam-doc-nga-lung-thu-gian-rung-massage-07-diem-ama-mcn003-u5\/\",\"name\":\"Gh\u1ebf gi\u00e1m \u0111\u1ed1c c\u00f3 Rung Massage AMA-MCN003-U - AMAFURNI\",\"isPartOf\":{\"@id\":\"https:\/\/amafurni.vn\/#website\"},\"datePublished\":\"2023-12-06T03:47:49+00:00\",\"dateModified\":\"2025-11-22T09:06:54+00:00\",\"breadcrumb\":{\"@id\":\"https:\/\/amafurni.vn\/san-pham\/ghe-giam-doc-nga-lung-thu-gian-rung-massage-07-diem-ama-mcn003-u5\/#breadcrumb\"},\"inLanguage\":\"en-US\",\"potentialAction\":[{\"@type\":\"ReadAction\",\"target\":[\"https:\/\/amafurni.vn\/san-pham\/ghe-giam-doc-nga-lung-thu-gian-rung-massage-07-diem-ama-mcn003-u5\/\"]}]},{\"@type\":\"BreadcrumbList\",\"@id\":\"https:\/\/amafurni.vn\/san-pham\/ghe-giam-doc-nga-lung-thu-gian-rung-massage-07-diem-ama-mcn003-u5\/#breadcrumb\",\"itemListElement\":[{\"@type\":\"ListItem\",\"position\":1,\"name\":\"Trang ch\u1ee7\",\"item\":\"https:\/\/amafurni.vn\/\"},{\"@type\":\"ListItem\",\"position\":2,\"name\":\"S\u1ea3n ph\u1ea9m\",\"item\":\"https:\/\/amafurni.vn\/san-pham\/\"},{\"@type\":\"ListItem\",\"position\":3,\"name\":\"Gh\u1ebf gi\u00e1m \u0111\u1ed1c c\u00f3 Rung Massage AMA-MCN003-U\"}]},{\"@type\":\"WebSite\",\"@id\":\"https:\/\/amafurni.vn\/#website\",\"url\":\"https:\/\/amafurni.vn\/\",\"name\":\"AMAFURNI\",\"description\":\"\",\"potentialAction\":[{\"@type\":\"SearchAction\",\"target\":{\"@type\":\"EntryPoint\",\"urlTemplate\":\"https:\/\/amafurni.vn\/?s={search_term_string}\"},\"query-input\":\"required name=search_term_string\"}],\"inLanguage\":\"en-US\"}]}<\/script>\n<!-- \/ Yoast SEO Premium plugin. -->","yoast_head_json":{"title":"Gh\u1ebf gi\u00e1m \u0111\u1ed1c c\u00f3 Rung Massage AMA-MCN003-U - AMAFURNI","robots":{"index":"index","follow":"follow","max-snippet":"max-snippet:-1","max-image-preview":"max-image-preview:large","max-video-preview":"max-video-preview:-1"},"canonical":"https:\/\/amafurni.vn\/en\/product\/ghe-giam-doc-nga-lung-thu-gian-rung-massage-07-diem-ama-mcn003-u5\/","og_locale":"en_US","og_type":"article","og_title":"Gh\u1ebf gi\u00e1m \u0111\u1ed1c c\u00f3 Rung Massage AMA-MCN003-U","og_description":"Ngo\u00e0i vi\u1ec7c \u0111\u00e1p \u1ee9ng c\u00e1c t\u00ednh n\u0103ng thi\u1ebft y\u1ebfu cho nhu c\u1ea7u ng\u1ed3i l\u00e0m vi\u1ec7c li\u00ean t\u1ee5c, Gh\u1ebf gi\u00e1m \u0111\u1ed1c Massage th\u01b0 gi\u00e3n 07 \u0111i\u1ec3m AMA-MCN002 c\u00f3 t\u00ednh n\u0103ng c\u1ef1c k\u1ef3 \u0111\u1eb7c bi\u1ec7t : MASSAGE RUNG 07 \u0110I\u1ec2M. 01 v\u1ecb tr\u00ed \u0111\u1ea7u gh\u1ebf 04 v\u1ecb tr\u00ed l\u01b0ng gh\u1ebf 02 v\u1ecb tr\u00ed \u1edf m\u00f4ng gh\u1ebf. V\u1edbi chi\u1ebfc Remote \u0111i\u1ec1u khi\u1ec3n, ng\u01b0\u1eddi s\u1eed d\u1ee5ng c\u00f3 th\u1ec3 tu\u1ef3 ch\u1ec9nh c\u00e1c ch\u1ee9c n\u0103ng c\u1ef1c k\u1ef3 d\u1ec5 d\u00e0ng : T\u0103ng gi\u1ea3m c\u01b0\u1eddng \u0111\u1ed9 rung 05 ch\u1ebf \u0111\u1ed9 rung kh\u00e1c nhau canh gi\u1edd t\u1ef1 t\u1eaft : 15 ph\u00fat, 30 ph\u00fat, 60 ph\u00fat. G\u00f3c ng\u1ea3 l\u01b0ng c\u1ef1c l\u1edbn : 160 \u0111\u1ed9 mang l\u1ea1i s\u1ef1 tr\u1ea3i nghi\u1ec7m tuy\u1ec7t v\u1eddi nh\u1eefng l\u00fac c\u1ea7n th\u01b0 gi\u00e3n. C\u00f2n g\u00ec th\u00fa v\u1ecb h\u01a1n khi chi\u1ebfc gh\u1ebf v\u1eeba sang tr\u1ecdng \u0111\u1eb3ng c\u1ea5p, l\u1ea1i v\u1eeba massage gi\u1ea3i to\u1ea3 c\u00e1c c\u01a1n \u0111au l\u01b0ng sau nh\u1eefng gi\u1edd ng\u1ed3i li\u00ean t\u1ee5c.","og_url":"https:\/\/amafurni.vn\/en\/product\/ghe-giam-doc-nga-lung-thu-gian-rung-massage-07-diem-ama-mcn003-u5\/","og_site_name":"AMAFURNI","article_modified_time":"2025-11-22T09:06:54+00:00","og_image":[{"width":1024,"height":1024,"url":"https:\/\/amafurni.vn\/wp-content\/uploads\/2023\/12\/AMA-MCN003-U-1024x1024.png","type":"image\/png"}],"twitter_card":"summary_large_image","twitter_misc":{"Est. reading time":"2 minutes"},"schema":{"@context":"https:\/\/schema.org","@graph":[{"@type":"WebPage","@id":"https:\/\/amafurni.vn\/san-pham\/ghe-giam-doc-nga-lung-thu-gian-rung-massage-07-diem-ama-mcn003-u5\/","url":"https:\/\/amafurni.vn\/san-pham\/ghe-giam-doc-nga-lung-thu-gian-rung-massage-07-diem-ama-mcn003-u5\/","name":"Gh\u1ebf gi\u00e1m \u0111\u1ed1c c\u00f3 Rung Massage AMA-MCN003-U - AMAFURNI","isPartOf":{"@id":"https:\/\/amafurni.vn\/#website"},"datePublished":"2023-12-06T03:47:49+00:00","dateModified":"2025-11-22T09:06:54+00:00","breadcrumb":{"@id":"https:\/\/amafurni.vn\/san-pham\/ghe-giam-doc-nga-lung-thu-gian-rung-massage-07-diem-ama-mcn003-u5\/#breadcrumb"},"inLanguage":"en-US","potentialAction":[{"@type":"ReadAction","target":["https:\/\/amafurni.vn\/san-pham\/ghe-giam-doc-nga-lung-thu-gian-rung-massage-07-diem-ama-mcn003-u5\/"]}]},{"@type":"BreadcrumbList","@id":"https:\/\/amafurni.vn\/san-pham\/ghe-giam-doc-nga-lung-thu-gian-rung-massage-07-diem-ama-mcn003-u5\/#breadcrumb","itemListElement":[{"@type":"ListItem","position":1,"name":"Trang ch\u1ee7","item":"https:\/\/amafurni.vn\/"},{"@type":"ListItem","position":2,"name":"S\u1ea3n ph\u1ea9m","item":"https:\/\/amafurni.vn\/san-pham\/"},{"@type":"ListItem","position":3,"name":"Gh\u1ebf gi\u00e1m \u0111\u1ed1c c\u00f3 Rung Massage AMA-MCN003-U"}]},{"@type":"WebSite","@id":"https:\/\/amafurni.vn\/#website","url":"https:\/\/amafurni.vn\/","name":"AMAFURNI","description":"","potentialAction":[{"@type":"SearchAction","target":{"@type":"EntryPoint","urlTemplate":"https:\/\/amafurni.vn\/?s={search_term_string}"},"query-input":"required name=search_term_string"}],"inLanguage":"en-US"}]}},"_links":{"self":[{"href":"https:\/\/amafurni.vn\/en\/wp-json\/wp\/v2\/product\/1892"}],"collection":[{"href":"https:\/\/amafurni.vn\/en\/wp-json\/wp\/v2\/product"}],"about":[{"href":"https:\/\/amafurni.vn\/en\/wp-json\/wp\/v2\/types\/product"}],"replies":[{"embeddable":true,"href":"https:\/\/amafurni.vn\/en\/wp-json\/wp\/v2\/comments?post=1892"}],"wp:featuredmedia":[{"embeddable":true,"href":"https:\/\/amafurni.vn\/en\/wp-json\/wp\/v2\/media\/23894"}],"wp:attachment":[{"href":"https:\/\/amafurni.vn\/en\/wp-json\/wp\/v2\/media?parent=1892"}],"wp:term":[{"taxonomy":"product_cat","embeddable":true,"href":"https:\/\/amafurni.vn\/en\/wp-json\/wp\/v2\/product_cat?post=1892"},{"taxonomy":"product_tag","embeddable":true,"href":"https:\/\/amafurni.vn\/en\/wp-json\/wp\/v2\/product_tag?post=1892"}],"curies":[{"name":"wp","href":"https:\/\/api.w.org\/{rel}","templated":true}]}}