{"id":1940,"date":"2023-12-06T11:24:16","date_gmt":"2023-12-06T04:24:16","guid":{"rendered":"https:\/\/amafurni.123websitedev.com\/san-pham\/ghe-lam-viec-cong-thai-hoc-ergonomics-nga-lung-thu-gian-ama-cm-b187a-3\/"},"modified":"2025-11-12T14:13:02","modified_gmt":"2025-11-12T07:13:02","slug":"ghe-lam-viec-cong-thai-hoc-ergonomics-nga-lung-thu-gian-ama-cm-b187a-3","status":"publish","type":"product","link":"https:\/\/amafurni.vn\/en\/product\/ghe-lam-viec-cong-thai-hoc-ergonomics-nga-lung-thu-gian-ama-cm-b187a-3\/","title":{"rendered":"Gh\u1ebf c\u00f4ng th\u00e1i h\u1ecdc AMA-CM-B187A-1"},"content":{"rendered":"<table class=\"woocommerce-product-attributes shop_attributes\" style=\"width: 100.408%; height: 287px;\" width=\"929\">\n<tbody>\n<tr class=\"woocommerce-product-attributes-item woocommerce-product-attributes-item--attribute_season\">\n<th class=\"woocommerce-product-attributes-item__label\">Material<\/th>\n<td>S\u01b0\u1eddn nh\u1ef1a PP \u0111\u00fac \u0111\u1eb7c, b\u1ecdc l\u01b0\u1edbi, Ch\u00e2n s\u1eaft s\u01a1n t\u0129nh \u0111i\u1ec7n<\/td>\n<\/tr>\n<tr class=\"woocommerce-product-attributes-item woocommerce-product-attributes-item--attribute_pa_color\">\n<th class=\"woocommerce-product-attributes-item__label\">M\u00e0u S\u1eafc<\/th>\n<td class=\"woocommerce-product-attributes-item__value\">S\u01b0\u1eddn \u0111en l\u01b0\u1edbi \u0111en.<\/td>\n<\/tr>\n<tr class=\"woocommerce-product-attributes-item woocommerce-product-attributes-item--attribute_style\">\n<th class=\"woocommerce-product-attributes-item__label\">T\u1ea3i tr\u1ecdng t\u1ed1i \u0111a<\/th>\n<td class=\"woocommerce-product-attributes-item__value\">100kg<\/td>\n<\/tr>\n<tr class=\"woocommerce-product-attributes-item woocommerce-product-attributes-item--attribute_pa_material\">\n<th class=\"woocommerce-product-attributes-item__label\">T\u00ednh N\u0103ng<\/th>\n<td class=\"woocommerce-product-attributes-item__value\">Xoay 360 \u0111\u1ed9, T\u0103ng gi\u1ea3m chi\u1ec1u cao, True Tilt (c\u00f3 ch\u1ee9c n\u0103ng kh\u00f3a \/ m\u1edf ng\u1ea3 l\u01b0ng).<\/td>\n<\/tr>\n<tr class=\"woocommerce-product-attributes-item woocommerce-product-attributes-item--attribute_item-code\">\n<th class=\"woocommerce-product-attributes-item__label\">B\u1ea3o H\u00e0nh<\/th>\n<td class=\"woocommerce-product-attributes-item__value\">12 th\u00e1ng<\/td>\n<\/tr>\n<\/tbody>\n<\/table>","protected":false},"excerpt":{"rendered":"<p>*Ch\u1ea5t li\u1ec7u L\u01b0ng gh\u1ebf, t\u1ef1a \u0111\u1ea7u v\u00e0 m\u1eb7t ng\u1ed3i s\u1ee3i PA + GF (nylon + fiberglass) tho\u00e1ng kh\u00ed<br \/>\n*T\u1ef1a \u0111\u1ea7u ch\u1ec9nh l\u00ean\/xu\u1ed1ng\u00a0\u0111\u1ee1 ch\u00ednh x\u00e1c v\u00f9ng c\u1ed5.<br \/>\n*Chi\u1ec1u cao gh\u1ebf t\u00f9y ch\u1ec9nh\u00a0gi\u00fap tr\u00e1nh b\u1ecb t\u00ea ch\u00e2n.<br \/>\n*B\u1ea3o v\u1ec7 c\u1ed9t s\u1ed1ng:\u00a0Gi\u00fap l\u01b0ng lu\u00f4n th\u1eb3ng<br \/>\n*Ch\u00e2n gh\u1ebf : s\u1eaft s\u01a1n t\u0129nh \u0111i\u1ec7n phun \u0111en nh\u00e1m.<br \/>\n*L\u01b0ng + M\u00f4ng \u0111i\u1ec1u ch\u1ec9nh t\u01b0 th\u1ebf ng\u1ed3i ph\u00f9 h\u1ee3p.<br \/>\n*\u0110\u1ec7m ng\u1ed3i tr\u01b0\u1ee3t ra v\u00e0o\u00a0gi\u00fap c\u1ed9t s\u1ed1ng lu\u00f4n s\u00e1t l\u01b0ng gh\u1ebf.<br \/>\n*\u0110\u1ec7m ng\u1ed3i \u0111i\u1ec1u ch\u1ec9nh:\u00a0Gi\u00fap c\u1ed9t s\u1ed1ng lu\u00f4n s\u00e1t l\u01b0ng gh\u1ebf<br \/>\n*C\u00f3 th\u1ec3 t\u00f9y ch\u1ec9nh:\u00a0Ph\u00f9 h\u1ee3p theo t\u1eebng ng\u01b0\u1eddi, t\u1eebng v\u00f3c d\u00e1ng.<\/p>","protected":false},"featured_media":15306,"comment_status":"open","ping_status":"closed","template":"","meta":[],"product_cat":[59,71,107,109],"product_tag":[176,124],"yoast_head":"<!-- This site is optimized with the Yoast SEO Premium plugin v21.7 (Yoast SEO v21.7) - https:\/\/yoast.com\/wordpress\/plugins\/seo\/ -->\n<title>Gh\u1ebf c\u00f4ng th\u00e1i h\u1ecdc AMA-CM-B187A-1 - AMAFURNI<\/title>\n<meta name=\"robots\" content=\"index, follow, max-snippet:-1, max-image-preview:large, max-video-preview:-1\" \/>\n<link rel=\"canonical\" href=\"https:\/\/amafurni.vn\/en\/product\/ghe-lam-viec-cong-thai-hoc-ergonomics-nga-lung-thu-gian-ama-cm-b187a-3\/\" \/>\n<meta property=\"og:locale\" content=\"en_US\" \/>\n<meta property=\"og:type\" content=\"article\" \/>\n<meta property=\"og:title\" content=\"Gh\u1ebf c\u00f4ng th\u00e1i h\u1ecdc AMA-CM-B187A-1\" \/>\n<meta property=\"og:description\" content=\"*Ch\u1ea5t li\u1ec7u L\u01b0ng gh\u1ebf, t\u1ef1a \u0111\u1ea7u v\u00e0 m\u1eb7t ng\u1ed3i s\u1ee3i PA + GF (nylon + fiberglass) tho\u00e1ng kh\u00ed *T\u1ef1a \u0111\u1ea7u ch\u1ec9nh l\u00ean\/xu\u1ed1ng\u00a0\u0111\u1ee1 ch\u00ednh x\u00e1c v\u00f9ng c\u1ed5. *Chi\u1ec1u cao gh\u1ebf t\u00f9y ch\u1ec9nh\u00a0gi\u00fap tr\u00e1nh b\u1ecb t\u00ea ch\u00e2n. *B\u1ea3o v\u1ec7 c\u1ed9t s\u1ed1ng:\u00a0Gi\u00fap l\u01b0ng lu\u00f4n th\u1eb3ng *Ch\u00e2n gh\u1ebf : s\u1eaft s\u01a1n t\u0129nh \u0111i\u1ec7n phun \u0111en nh\u00e1m. *L\u01b0ng + M\u00f4ng \u0111i\u1ec1u ch\u1ec9nh t\u01b0 th\u1ebf ng\u1ed3i ph\u00f9 h\u1ee3p. *\u0110\u1ec7m ng\u1ed3i tr\u01b0\u1ee3t ra v\u00e0o\u00a0gi\u00fap c\u1ed9t s\u1ed1ng lu\u00f4n s\u00e1t l\u01b0ng gh\u1ebf. *\u0110\u1ec7m ng\u1ed3i \u0111i\u1ec1u ch\u1ec9nh:\u00a0Gi\u00fap c\u1ed9t s\u1ed1ng lu\u00f4n s\u00e1t l\u01b0ng gh\u1ebf *C\u00f3 th\u1ec3 t\u00f9y ch\u1ec9nh:\u00a0Ph\u00f9 h\u1ee3p theo t\u1eebng ng\u01b0\u1eddi, t\u1eebng v\u00f3c d\u00e1ng.\" \/>\n<meta property=\"og:url\" content=\"https:\/\/amafurni.vn\/en\/product\/ghe-lam-viec-cong-thai-hoc-ergonomics-nga-lung-thu-gian-ama-cm-b187a-3\/\" \/>\n<meta property=\"og:site_name\" content=\"AMAFURNI\" \/>\n<meta property=\"article:modified_time\" content=\"2025-11-12T07:13:02+00:00\" \/>\n<meta property=\"og:image\" content=\"https:\/\/amafurni.vn\/wp-content\/uploads\/2023\/12\/z5576334171833_b3afc9bf062fd7cf726abe357b0b93ea.jpg\" \/>\n\t<meta property=\"og:image:width\" content=\"800\" \/>\n\t<meta property=\"og:image:height\" content=\"800\" \/>\n\t<meta property=\"og:image:type\" content=\"image\/jpeg\" \/>\n<meta name=\"twitter:card\" content=\"summary_large_image\" \/>\n<meta name=\"twitter:label1\" content=\"Est. reading time\" \/>\n\t<meta name=\"twitter:data1\" content=\"1 minute\" \/>\n<script type=\"application\/ld+json\" class=\"yoast-schema-graph\">{\"@context\":\"https:\/\/schema.org\",\"@graph\":[{\"@type\":\"WebPage\",\"@id\":\"https:\/\/amafurni.vn\/san-pham\/ghe-lam-viec-cong-thai-hoc-ergonomics-nga-lung-thu-gian-ama-cm-b187a-3\/\",\"url\":\"https:\/\/amafurni.vn\/san-pham\/ghe-lam-viec-cong-thai-hoc-ergonomics-nga-lung-thu-gian-ama-cm-b187a-3\/\",\"name\":\"Gh\u1ebf c\u00f4ng th\u00e1i h\u1ecdc AMA-CM-B187A-1 - AMAFURNI\",\"isPartOf\":{\"@id\":\"https:\/\/amafurni.vn\/#website\"},\"datePublished\":\"2023-12-06T04:24:16+00:00\",\"dateModified\":\"2025-11-12T07:13:02+00:00\",\"breadcrumb\":{\"@id\":\"https:\/\/amafurni.vn\/san-pham\/ghe-lam-viec-cong-thai-hoc-ergonomics-nga-lung-thu-gian-ama-cm-b187a-3\/#breadcrumb\"},\"inLanguage\":\"en-US\",\"potentialAction\":[{\"@type\":\"ReadAction\",\"target\":[\"https:\/\/amafurni.vn\/san-pham\/ghe-lam-viec-cong-thai-hoc-ergonomics-nga-lung-thu-gian-ama-cm-b187a-3\/\"]}]},{\"@type\":\"BreadcrumbList\",\"@id\":\"https:\/\/amafurni.vn\/san-pham\/ghe-lam-viec-cong-thai-hoc-ergonomics-nga-lung-thu-gian-ama-cm-b187a-3\/#breadcrumb\",\"itemListElement\":[{\"@type\":\"ListItem\",\"position\":1,\"name\":\"Trang ch\u1ee7\",\"item\":\"https:\/\/amafurni.vn\/\"},{\"@type\":\"ListItem\",\"position\":2,\"name\":\"S\u1ea3n ph\u1ea9m\",\"item\":\"https:\/\/amafurni.vn\/san-pham\/\"},{\"@type\":\"ListItem\",\"position\":3,\"name\":\"Gh\u1ebf c\u00f4ng th\u00e1i h\u1ecdc AMA-CM-B187A-1\"}]},{\"@type\":\"WebSite\",\"@id\":\"https:\/\/amafurni.vn\/#website\",\"url\":\"https:\/\/amafurni.vn\/\",\"name\":\"AMAFURNI\",\"description\":\"\",\"potentialAction\":[{\"@type\":\"SearchAction\",\"target\":{\"@type\":\"EntryPoint\",\"urlTemplate\":\"https:\/\/amafurni.vn\/?s={search_term_string}\"},\"query-input\":\"required name=search_term_string\"}],\"inLanguage\":\"en-US\"}]}<\/script>\n<!-- \/ Yoast SEO Premium plugin. -->","yoast_head_json":{"title":"Gh\u1ebf c\u00f4ng th\u00e1i h\u1ecdc AMA-CM-B187A-1 - AMAFURNI","robots":{"index":"index","follow":"follow","max-snippet":"max-snippet:-1","max-image-preview":"max-image-preview:large","max-video-preview":"max-video-preview:-1"},"canonical":"https:\/\/amafurni.vn\/en\/product\/ghe-lam-viec-cong-thai-hoc-ergonomics-nga-lung-thu-gian-ama-cm-b187a-3\/","og_locale":"en_US","og_type":"article","og_title":"Gh\u1ebf c\u00f4ng th\u00e1i h\u1ecdc AMA-CM-B187A-1","og_description":"*Ch\u1ea5t li\u1ec7u L\u01b0ng gh\u1ebf, t\u1ef1a \u0111\u1ea7u v\u00e0 m\u1eb7t ng\u1ed3i s\u1ee3i PA + GF (nylon + fiberglass) tho\u00e1ng kh\u00ed *T\u1ef1a \u0111\u1ea7u ch\u1ec9nh l\u00ean\/xu\u1ed1ng\u00a0\u0111\u1ee1 ch\u00ednh x\u00e1c v\u00f9ng c\u1ed5. *Chi\u1ec1u cao gh\u1ebf t\u00f9y ch\u1ec9nh\u00a0gi\u00fap tr\u00e1nh b\u1ecb t\u00ea ch\u00e2n. *B\u1ea3o v\u1ec7 c\u1ed9t s\u1ed1ng:\u00a0Gi\u00fap l\u01b0ng lu\u00f4n th\u1eb3ng *Ch\u00e2n gh\u1ebf : s\u1eaft s\u01a1n t\u0129nh \u0111i\u1ec7n phun \u0111en nh\u00e1m. *L\u01b0ng + M\u00f4ng \u0111i\u1ec1u ch\u1ec9nh t\u01b0 th\u1ebf ng\u1ed3i ph\u00f9 h\u1ee3p. *\u0110\u1ec7m ng\u1ed3i tr\u01b0\u1ee3t ra v\u00e0o\u00a0gi\u00fap c\u1ed9t s\u1ed1ng lu\u00f4n s\u00e1t l\u01b0ng gh\u1ebf. *\u0110\u1ec7m ng\u1ed3i \u0111i\u1ec1u ch\u1ec9nh:\u00a0Gi\u00fap c\u1ed9t s\u1ed1ng lu\u00f4n s\u00e1t l\u01b0ng gh\u1ebf *C\u00f3 th\u1ec3 t\u00f9y ch\u1ec9nh:\u00a0Ph\u00f9 h\u1ee3p theo t\u1eebng ng\u01b0\u1eddi, t\u1eebng v\u00f3c d\u00e1ng.","og_url":"https:\/\/amafurni.vn\/en\/product\/ghe-lam-viec-cong-thai-hoc-ergonomics-nga-lung-thu-gian-ama-cm-b187a-3\/","og_site_name":"AMAFURNI","article_modified_time":"2025-11-12T07:13:02+00:00","og_image":[{"width":800,"height":800,"url":"https:\/\/amafurni.vn\/wp-content\/uploads\/2023\/12\/z5576334171833_b3afc9bf062fd7cf726abe357b0b93ea.jpg","type":"image\/jpeg"}],"twitter_card":"summary_large_image","twitter_misc":{"Est. reading time":"1 minute"},"schema":{"@context":"https:\/\/schema.org","@graph":[{"@type":"WebPage","@id":"https:\/\/amafurni.vn\/san-pham\/ghe-lam-viec-cong-thai-hoc-ergonomics-nga-lung-thu-gian-ama-cm-b187a-3\/","url":"https:\/\/amafurni.vn\/san-pham\/ghe-lam-viec-cong-thai-hoc-ergonomics-nga-lung-thu-gian-ama-cm-b187a-3\/","name":"Gh\u1ebf c\u00f4ng th\u00e1i h\u1ecdc AMA-CM-B187A-1 - AMAFURNI","isPartOf":{"@id":"https:\/\/amafurni.vn\/#website"},"datePublished":"2023-12-06T04:24:16+00:00","dateModified":"2025-11-12T07:13:02+00:00","breadcrumb":{"@id":"https:\/\/amafurni.vn\/san-pham\/ghe-lam-viec-cong-thai-hoc-ergonomics-nga-lung-thu-gian-ama-cm-b187a-3\/#breadcrumb"},"inLanguage":"en-US","potentialAction":[{"@type":"ReadAction","target":["https:\/\/amafurni.vn\/san-pham\/ghe-lam-viec-cong-thai-hoc-ergonomics-nga-lung-thu-gian-ama-cm-b187a-3\/"]}]},{"@type":"BreadcrumbList","@id":"https:\/\/amafurni.vn\/san-pham\/ghe-lam-viec-cong-thai-hoc-ergonomics-nga-lung-thu-gian-ama-cm-b187a-3\/#breadcrumb","itemListElement":[{"@type":"ListItem","position":1,"name":"Trang ch\u1ee7","item":"https:\/\/amafurni.vn\/"},{"@type":"ListItem","position":2,"name":"S\u1ea3n ph\u1ea9m","item":"https:\/\/amafurni.vn\/san-pham\/"},{"@type":"ListItem","position":3,"name":"Gh\u1ebf c\u00f4ng th\u00e1i h\u1ecdc AMA-CM-B187A-1"}]},{"@type":"WebSite","@id":"https:\/\/amafurni.vn\/#website","url":"https:\/\/amafurni.vn\/","name":"AMAFURNI","description":"","potentialAction":[{"@type":"SearchAction","target":{"@type":"EntryPoint","urlTemplate":"https:\/\/amafurni.vn\/?s={search_term_string}"},"query-input":"required name=search_term_string"}],"inLanguage":"en-US"}]}},"_links":{"self":[{"href":"https:\/\/amafurni.vn\/en\/wp-json\/wp\/v2\/product\/1940"}],"collection":[{"href":"https:\/\/amafurni.vn\/en\/wp-json\/wp\/v2\/product"}],"about":[{"href":"https:\/\/amafurni.vn\/en\/wp-json\/wp\/v2\/types\/product"}],"replies":[{"embeddable":true,"href":"https:\/\/amafurni.vn\/en\/wp-json\/wp\/v2\/comments?post=1940"}],"wp:featuredmedia":[{"embeddable":true,"href":"https:\/\/amafurni.vn\/en\/wp-json\/wp\/v2\/media\/15306"}],"wp:attachment":[{"href":"https:\/\/amafurni.vn\/en\/wp-json\/wp\/v2\/media?parent=1940"}],"wp:term":[{"taxonomy":"product_cat","embeddable":true,"href":"https:\/\/amafurni.vn\/en\/wp-json\/wp\/v2\/product_cat?post=1940"},{"taxonomy":"product_tag","embeddable":true,"href":"https:\/\/amafurni.vn\/en\/wp-json\/wp\/v2\/product_tag?post=1940"}],"curies":[{"name":"wp","href":"https:\/\/api.w.org\/{rel}","templated":true}]}}