{"id":19488,"date":"2024-11-21T14:13:47","date_gmt":"2024-11-21T07:13:47","guid":{"rendered":"https:\/\/amafurni.vn\/?post_type=product&#038;p=19488"},"modified":"2025-11-12T14:15:36","modified_gmt":"2025-11-12T07:15:36","slug":"ghe-giam-doc-ama-gd028","status":"publish","type":"product","link":"https:\/\/amafurni.vn\/en\/product\/ghe-giam-doc-ama-gd028\/","title":{"rendered":"Gh\u1ebf gi\u00e1m \u0111\u1ed1c AMA-GD028"},"content":{"rendered":"<p><strong>Gh\u1ebf gi\u00e1m \u0111\u1ed1c AMA-GD028<\/strong><\/p>\n<table class=\"woocommerce-product-attributes shop_attributes\" style=\"width: 100.143%;height: 283px\" width=\"929\">\n<tbody>\n<tr class=\"woocommerce-product-attributes-item woocommerce-product-attributes-item--attribute_season\" style=\"height: 24px\">\n<th class=\"woocommerce-product-attributes-item__label\" style=\"height: 24px;width: 18.3592%\"><span style=\"font-family: arial, helvetica, sans-serif\">Ch\u1ea5t Li\u1ec7u.\u00a0<\/span><\/th>\n<td class=\"woocommerce-product-attributes-item__value\" style=\"height: 24px;width: 81.0883%\"><span style=\"font-family: arial, helvetica, sans-serif\">Da PU, Ch\u00e2n th\u00e9p m\u1ea1 crome, N\u1ec7m mousse D40<\/span><\/td>\n<\/tr>\n<tr class=\"woocommerce-product-attributes-item woocommerce-product-attributes-item--attribute_pa_color\" style=\"height: 24px\">\n<th class=\"woocommerce-product-attributes-item__label\" style=\"height: 24px;width: 18.3592%\"><span style=\"font-family: arial, helvetica, sans-serif\">M\u00e0u S\u1eafc.\u00a0<\/span><\/th>\n<td class=\"woocommerce-product-attributes-item__value\" style=\"height: 24px;width: 81.0883%\">\u0110en,x\u00e1m<\/td>\n<\/tr>\n<tr class=\"woocommerce-product-attributes-item woocommerce-product-attributes-item--attribute_style\" style=\"height: 24px\">\n<th class=\"woocommerce-product-attributes-item__label\" style=\"height: 24px;width: 18.3592%\"><span style=\"font-family: arial, helvetica, sans-serif\">Size<\/span><\/th>\n<td class=\"woocommerce-product-attributes-item__value\" style=\"height: 24px;width: 81.0883%\"><span style=\"font-family: arial, helvetica, sans-serif\">\u0110ang c\u1eadp nh\u1eadt<\/span><\/td>\n<\/tr>\n<tr class=\"woocommerce-product-attributes-item woocommerce-product-attributes-item--attribute_pa_material\" style=\"height: 31px\">\n<th class=\"woocommerce-product-attributes-item__label\" style=\"height: 31px;width: 18.3592%\"><span style=\"font-family: arial, helvetica, sans-serif\">T\u00ednh N\u0103ng<\/span><\/th>\n<td class=\"woocommerce-product-attributes-item__value\" style=\"height: 31px;width: 81.0883%\"><span style=\"font-family: arial, helvetica, sans-serif\">Xoay 360 \u0111\u1ed9, T\u0103ng\/Gi\u1ea3m chi\u1ec1u cao, G\u1eadt g\u00f9 b\u1eadp b\u00eanh<\/span><\/td>\n<\/tr>\n<tr class=\"woocommerce-product-attributes-item woocommerce-product-attributes-item--attribute_item-code\" style=\"height: 24px\">\n<th class=\"woocommerce-product-attributes-item__label\" style=\"height: 22px;width: 18.3592%\"><span style=\"font-family: arial, helvetica, sans-serif\">B\u1ea3o H\u00e0nh<\/span><\/th>\n<td class=\"woocommerce-product-attributes-item__value\" style=\"height: 22px;width: 81.0883%\"><span style=\"font-family: arial, helvetica, sans-serif\">\u00a012 th\u00e1ng<\/span><\/td>\n<\/tr>\n<\/tbody>\n<\/table>","protected":false},"excerpt":{"rendered":"<p><strong>Gh\u1ebf Gi\u00e1m \u0110\u1ed1c l\u00e0 1 m\u1eabu gh\u1ebf nh\u1eadp kh\u1ea9u tr\u1ef1c ti\u1ebfp c\u1ee7a N\u1ed8I TH\u1ea4T AMA FURNITURE , v\u1edbi thi\u1ebft k\u1ebf tinh t\u1ebf , t\u1ed1i gian t\u1ea1o n\u00ean v\u1ebb \u0111\u1eb9p sang tr\u1ecdng cho kh\u00f4ng gian L\u00e0m vi\u1ec7c, V\u0103n ph\u00f2ng, C\u00f4ng ty v.v.<\/strong><\/p>\n<ul>\n<li>M\u00e3 SP :AMA-GD028<\/li>\n<li>Ch\u1ea5t li\u1ec7u : <span style=\"font-family: arial, helvetica, sans-serif\">Da PU, Ch\u00e2n th\u00e9p m\u1ea1 crome, N\u1ec7m mousse D40<\/span><\/li>\n<li>M\u00e0u s\u1eafc : \u0110EN, X\u00c1M<\/li>\n<li>K\u00edch th\u01b0\u1edbc : \u0110ang c\u1eadp nh\u1eadt.<br \/>\nT\u00ednh n\u0103ng :<\/p>\n<ul>\n<li>Ch\u1ea5t l\u01b0\u1ee3ng b\u1ec1n ch\u1eafc, s\u1eed d\u1ee5ng l\u00e2u d\u00e0i<\/li>\n<li>D\u1ec5 d\u00e0ng lau ch\u00f9i, v\u1ec7 sinh<\/li>\n<li>Ch\u1ed1ng va \u0111\u1eadp t\u1ed1t, m\u00e0u s\u1eafc s\u1ed1ng \u0111\u1ed9ng<\/li>\n<\/ul>\n<\/li>\n<\/ul>","protected":false},"featured_media":23451,"comment_status":"closed","ping_status":"closed","template":"","meta":[],"product_cat":[59,69],"product_tag":[189],"yoast_head":"<!-- This site is optimized with the Yoast SEO Premium plugin v21.7 (Yoast SEO v21.7) - https:\/\/yoast.com\/wordpress\/plugins\/seo\/ -->\n<title>Gh\u1ebf gi\u00e1m \u0111\u1ed1c AMA-GD028 - AMAFURNI<\/title>\n<meta name=\"description\" content=\"Gh\u1ebf gi\u00e1m \u0111\u1ed1c hi\u1ec7n \u0111\u1ea1i cho v\u0103n ph\u00f2ng, mang l\u1ea1i c\u1ea3m gi\u00e1c tho\u1ea3i m\u00e1i, t\u1ed1i \u01b0u Hotline AMA Furniture: 0969919449 - 0906963408 AMA Furniture\" \/>\n<meta name=\"robots\" content=\"index, follow, max-snippet:-1, max-image-preview:large, max-video-preview:-1\" \/>\n<link rel=\"canonical\" href=\"https:\/\/amafurni.vn\/en\/product\/ghe-giam-doc-ama-gd028\/\" \/>\n<meta property=\"og:locale\" content=\"en_US\" \/>\n<meta property=\"og:type\" content=\"article\" \/>\n<meta property=\"og:title\" content=\"Gh\u1ebf gi\u00e1m \u0111\u1ed1c AMA-GD028\" \/>\n<meta property=\"og:description\" content=\"Gh\u1ebf gi\u00e1m \u0111\u1ed1c hi\u1ec7n \u0111\u1ea1i cho v\u0103n ph\u00f2ng, mang l\u1ea1i c\u1ea3m gi\u00e1c tho\u1ea3i m\u00e1i, t\u1ed1i \u01b0u Hotline AMA Furniture: 0969919449 - 0906963408 AMA Furniture\" \/>\n<meta property=\"og:url\" content=\"https:\/\/amafurni.vn\/en\/product\/ghe-giam-doc-ama-gd028\/\" \/>\n<meta property=\"og:site_name\" content=\"AMAFURNI\" \/>\n<meta property=\"article:modified_time\" content=\"2025-11-12T07:15:36+00:00\" \/>\n<meta property=\"og:image\" content=\"https:\/\/amafurni.vn\/wp-content\/uploads\/2024\/11\/AMA-GD028.jpg\" \/>\n\t<meta property=\"og:image:width\" content=\"600\" \/>\n\t<meta property=\"og:image:height\" content=\"600\" \/>\n\t<meta property=\"og:image:type\" content=\"image\/jpeg\" \/>\n<meta name=\"twitter:card\" content=\"summary_large_image\" \/>\n<meta name=\"twitter:label1\" content=\"Est. reading time\" \/>\n\t<meta name=\"twitter:data1\" content=\"1 minute\" \/>\n<script type=\"application\/ld+json\" class=\"yoast-schema-graph\">{\"@context\":\"https:\/\/schema.org\",\"@graph\":[{\"@type\":\"WebPage\",\"@id\":\"https:\/\/amafurni.vn\/san-pham\/ghe-giam-doc-ama-gd028\/\",\"url\":\"https:\/\/amafurni.vn\/san-pham\/ghe-giam-doc-ama-gd028\/\",\"name\":\"Gh\u1ebf gi\u00e1m \u0111\u1ed1c AMA-GD028 - AMAFURNI\",\"isPartOf\":{\"@id\":\"https:\/\/amafurni.vn\/#website\"},\"datePublished\":\"2024-11-21T07:13:47+00:00\",\"dateModified\":\"2025-11-12T07:15:36+00:00\",\"description\":\"Gh\u1ebf gi\u00e1m \u0111\u1ed1c hi\u1ec7n \u0111\u1ea1i cho v\u0103n ph\u00f2ng, mang l\u1ea1i c\u1ea3m gi\u00e1c tho\u1ea3i m\u00e1i, t\u1ed1i \u01b0u Hotline AMA Furniture: 0969919449 - 0906963408 AMA Furniture\",\"breadcrumb\":{\"@id\":\"https:\/\/amafurni.vn\/san-pham\/ghe-giam-doc-ama-gd028\/#breadcrumb\"},\"inLanguage\":\"en-US\",\"potentialAction\":[{\"@type\":\"ReadAction\",\"target\":[\"https:\/\/amafurni.vn\/san-pham\/ghe-giam-doc-ama-gd028\/\"]}]},{\"@type\":\"BreadcrumbList\",\"@id\":\"https:\/\/amafurni.vn\/san-pham\/ghe-giam-doc-ama-gd028\/#breadcrumb\",\"itemListElement\":[{\"@type\":\"ListItem\",\"position\":1,\"name\":\"Trang ch\u1ee7\",\"item\":\"https:\/\/amafurni.vn\/\"},{\"@type\":\"ListItem\",\"position\":2,\"name\":\"S\u1ea3n ph\u1ea9m\",\"item\":\"https:\/\/amafurni.vn\/san-pham\/\"},{\"@type\":\"ListItem\",\"position\":3,\"name\":\"Gh\u1ebf gi\u00e1m \u0111\u1ed1c AMA-GD028\"}]},{\"@type\":\"WebSite\",\"@id\":\"https:\/\/amafurni.vn\/#website\",\"url\":\"https:\/\/amafurni.vn\/\",\"name\":\"AMAFURNI\",\"description\":\"\",\"potentialAction\":[{\"@type\":\"SearchAction\",\"target\":{\"@type\":\"EntryPoint\",\"urlTemplate\":\"https:\/\/amafurni.vn\/?s={search_term_string}\"},\"query-input\":\"required name=search_term_string\"}],\"inLanguage\":\"en-US\"}]}<\/script>\n<!-- \/ Yoast SEO Premium plugin. -->","yoast_head_json":{"title":"Gh\u1ebf gi\u00e1m \u0111\u1ed1c AMA-GD028 - AMAFURNI","description":"Gh\u1ebf gi\u00e1m \u0111\u1ed1c hi\u1ec7n \u0111\u1ea1i cho v\u0103n ph\u00f2ng, mang l\u1ea1i c\u1ea3m gi\u00e1c tho\u1ea3i m\u00e1i, t\u1ed1i \u01b0u Hotline AMA Furniture: 0969919449 - 0906963408 AMA Furniture","robots":{"index":"index","follow":"follow","max-snippet":"max-snippet:-1","max-image-preview":"max-image-preview:large","max-video-preview":"max-video-preview:-1"},"canonical":"https:\/\/amafurni.vn\/en\/product\/ghe-giam-doc-ama-gd028\/","og_locale":"en_US","og_type":"article","og_title":"Gh\u1ebf gi\u00e1m \u0111\u1ed1c AMA-GD028","og_description":"Gh\u1ebf gi\u00e1m \u0111\u1ed1c hi\u1ec7n \u0111\u1ea1i cho v\u0103n ph\u00f2ng, mang l\u1ea1i c\u1ea3m gi\u00e1c tho\u1ea3i m\u00e1i, t\u1ed1i \u01b0u Hotline AMA Furniture: 0969919449 - 0906963408 AMA Furniture","og_url":"https:\/\/amafurni.vn\/en\/product\/ghe-giam-doc-ama-gd028\/","og_site_name":"AMAFURNI","article_modified_time":"2025-11-12T07:15:36+00:00","og_image":[{"width":600,"height":600,"url":"https:\/\/amafurni.vn\/wp-content\/uploads\/2024\/11\/AMA-GD028.jpg","type":"image\/jpeg"}],"twitter_card":"summary_large_image","twitter_misc":{"Est. reading time":"1 minute"},"schema":{"@context":"https:\/\/schema.org","@graph":[{"@type":"WebPage","@id":"https:\/\/amafurni.vn\/san-pham\/ghe-giam-doc-ama-gd028\/","url":"https:\/\/amafurni.vn\/san-pham\/ghe-giam-doc-ama-gd028\/","name":"Gh\u1ebf gi\u00e1m \u0111\u1ed1c AMA-GD028 - AMAFURNI","isPartOf":{"@id":"https:\/\/amafurni.vn\/#website"},"datePublished":"2024-11-21T07:13:47+00:00","dateModified":"2025-11-12T07:15:36+00:00","description":"Gh\u1ebf gi\u00e1m \u0111\u1ed1c hi\u1ec7n \u0111\u1ea1i cho v\u0103n ph\u00f2ng, mang l\u1ea1i c\u1ea3m gi\u00e1c tho\u1ea3i m\u00e1i, t\u1ed1i \u01b0u Hotline AMA Furniture: 0969919449 - 0906963408 AMA Furniture","breadcrumb":{"@id":"https:\/\/amafurni.vn\/san-pham\/ghe-giam-doc-ama-gd028\/#breadcrumb"},"inLanguage":"en-US","potentialAction":[{"@type":"ReadAction","target":["https:\/\/amafurni.vn\/san-pham\/ghe-giam-doc-ama-gd028\/"]}]},{"@type":"BreadcrumbList","@id":"https:\/\/amafurni.vn\/san-pham\/ghe-giam-doc-ama-gd028\/#breadcrumb","itemListElement":[{"@type":"ListItem","position":1,"name":"Trang ch\u1ee7","item":"https:\/\/amafurni.vn\/"},{"@type":"ListItem","position":2,"name":"S\u1ea3n ph\u1ea9m","item":"https:\/\/amafurni.vn\/san-pham\/"},{"@type":"ListItem","position":3,"name":"Gh\u1ebf gi\u00e1m \u0111\u1ed1c AMA-GD028"}]},{"@type":"WebSite","@id":"https:\/\/amafurni.vn\/#website","url":"https:\/\/amafurni.vn\/","name":"AMAFURNI","description":"","potentialAction":[{"@type":"SearchAction","target":{"@type":"EntryPoint","urlTemplate":"https:\/\/amafurni.vn\/?s={search_term_string}"},"query-input":"required name=search_term_string"}],"inLanguage":"en-US"}]}},"_links":{"self":[{"href":"https:\/\/amafurni.vn\/en\/wp-json\/wp\/v2\/product\/19488"}],"collection":[{"href":"https:\/\/amafurni.vn\/en\/wp-json\/wp\/v2\/product"}],"about":[{"href":"https:\/\/amafurni.vn\/en\/wp-json\/wp\/v2\/types\/product"}],"replies":[{"embeddable":true,"href":"https:\/\/amafurni.vn\/en\/wp-json\/wp\/v2\/comments?post=19488"}],"wp:featuredmedia":[{"embeddable":true,"href":"https:\/\/amafurni.vn\/en\/wp-json\/wp\/v2\/media\/23451"}],"wp:attachment":[{"href":"https:\/\/amafurni.vn\/en\/wp-json\/wp\/v2\/media?parent=19488"}],"wp:term":[{"taxonomy":"product_cat","embeddable":true,"href":"https:\/\/amafurni.vn\/en\/wp-json\/wp\/v2\/product_cat?post=19488"},{"taxonomy":"product_tag","embeddable":true,"href":"https:\/\/amafurni.vn\/en\/wp-json\/wp\/v2\/product_tag?post=19488"}],"curies":[{"name":"wp","href":"https:\/\/api.w.org\/{rel}","templated":true}]}}